{"id":13138,"date":"2024-08-27T12:10:17","date_gmt":"2024-08-27T12:10:17","guid":{"rendered":"https:\/\/barrsell.com\/?post_type=product&#038;p=13138"},"modified":"2024-12-24T04:50:37","modified_gmt":"2024-12-24T04:50:37","slug":"harvia-top-steel-isitici","status":"publish","type":"product","link":"https:\/\/barrsell.com\/en\/product\/harvia-top-steel-heater\/","title":{"rendered":"Harvia Top Steel Heater"},"content":{"rendered":"<div class=\"flex max-w-full flex-col flex-grow\">\n<div class=\"min-h-8 text-message flex w-full flex-col items-end gap-2 whitespace-normal break-words [.text-message+&amp;]:mt-5\" dir=\"auto\" data-message-author-role=\"assistant\" data-message-id=\"6db2bc3f-7608-447b-8712-031509f4fabc\">\n<div class=\"flex w-full flex-col gap-1 empty:hidden first:pt-[3px]\">\n<div class=\"markdown prose w-full break-words dark:prose-invert light\">\n<h2><strong>Harvia Top Steel: Sauna Heater Where High Performance and Stylish Design Meet<\/strong><\/h2>\n<p>Harvia Top Steel is a sauna heater model that combines superior performance, durability and modern design, taking sauna pleasure to the highest level. In addition, it is an excellent choice for both home and commercial use with its aesthetic design and strong heating capacity.<\/p>\n<h4>Technical Specifications:<\/h4>\n<ol>\n<li><strong>Versatile Power Options:<\/strong>\n<ul>\n<li>Harvia Top Steel offers a variety of power options to suit different sauna sizes. The 6 kW, 8 kW and 9 kW models provide sufficient heating power for both small and medium-sized saunas. Thanks to the powerful heating elements, the sauna room quickly reaches ideal temperatures.<\/li>\n<\/ul>\n<\/li>\n<li><strong>Stainless Steel External Coating:<\/strong>\n<ul>\n<li>As its name suggests, Harvia Top Steel has a durable outer casing made of stainless steel. This steel structure therefore ensures long life. It also offers a modern and stylish look. Thus, its elegant design adapts to sauna decoration and is ideal for users looking for aesthetics.<\/li>\n<\/ul>\n<\/li>\n<li><strong>Optimum Stone Capacity:<\/strong>\n<ul>\n<li>Harvia Top Steel's stone hopper offers a large heating surface with a stone capacity of 25-30 kg. This increases heat distribution in the sauna, providing a homogeneous temperature in all areas and enabling users to enjoy an uninterrupted sauna experience. It is also ideal for increased stone capacity, long-term heat retention and steam production.<\/li>\n<\/ul>\n<\/li>\n<li><strong>Advanced Heating Technology:<\/strong>\n<ul>\n<li>Harvia Top Steel is equipped with advanced heating technology. Thanks to this technology, a balanced and continuous temperature is provided in the sauna room. Ideal sauna temperatures are between 60\u00b0C and 100\u00b0C. And in addition Top Steel delivers this range quickly.<\/li>\n<\/ul>\n<\/li>\n<li><strong>Compact and Easy Assembly:<\/strong>\n<ul>\n<li>Harvia Top Steel Heater's compact dimensions offer easy installation even in narrow spaces. It has dimensions of 410 mm in width, 295 mm in depth and 600 mm in height. Thus, it allows you to use your sauna space efficiently. You can mount it on the wall and at the same time, you save on floor space due to its structure.<\/li>\n<\/ul>\n<\/li>\n<\/ol>\n<\/div>\n<\/div>\n<\/div>\n<\/div>","protected":false},"excerpt":{"rendered":"<p>Modern and Aesthetic Design<br \/>\nUser Friendly and Safe<br \/>\nSuitable for Commercial and Intensive Use<\/p>","protected":false},"featured_media":13139,"template":"","meta":[],"product_cat":[53,166],"product_tag":[],"class_list":{"0":"post-13138","1":"product","2":"type-product","3":"status-publish","4":"has-post-thumbnail","6":"product_cat-sauna-isiticilari","7":"product_cat-harvia-sauna-isiticilar","9":"first","10":"instock","11":"shipping-taxable","12":"purchasable","13":"product-type-variable"},"yoast_head":"<!-- This site is optimized with the Yoast SEO Premium plugin v23.2 (Yoast SEO v23.2) - https:\/\/yoast.com\/wordpress\/plugins\/seo\/ -->\n<title>Harvia Top Steel Is\u0131t\u0131c\u0131 | Barrsell End\u00fcstri<\/title>\n<meta name=\"description\" content=\"Harvia Top Steel, \u00fcst\u00fcn performans, dayan\u0131kl\u0131l\u0131k ve modern tasar\u0131m\u0131n bir araya geldi\u011fi, sauna keyfini en \u00fcst seviyeye ta\u015f\u0131yan bir sauna \u0131s\u0131t\u0131c\u0131 modelidir.\" \/>\n<meta name=\"robots\" content=\"index, follow, max-snippet:-1, max-image-preview:large, max-video-preview:-1\" \/>\n<link rel=\"canonical\" href=\"https:\/\/barrsell.com\/en\/product\/harvia-top-steel-heater\/\" \/>\n<meta property=\"og:locale\" content=\"en_US\" \/>\n<meta property=\"og:type\" content=\"article\" \/>\n<meta property=\"og:title\" content=\"Harvia Top Steel Is\u0131t\u0131c\u0131\" \/>\n<meta property=\"og:description\" content=\"Harvia Top Steel, \u00fcst\u00fcn performans, dayan\u0131kl\u0131l\u0131k ve modern tasar\u0131m\u0131n bir araya geldi\u011fi, sauna keyfini en \u00fcst seviyeye ta\u015f\u0131yan bir sauna \u0131s\u0131t\u0131c\u0131 modelidir.\" \/>\n<meta property=\"og:url\" content=\"https:\/\/barrsell.com\/en\/product\/harvia-top-steel-heater\/\" \/>\n<meta property=\"og:site_name\" content=\"Barrsell\" \/>\n<meta property=\"article:modified_time\" content=\"2024-12-24T04:50:37+00:00\" \/>\n<meta property=\"og:image\" content=\"https:\/\/barrsell.com\/wp-content\/uploads\/2024\/08\/HARVIA-TOP-STEEL-M60.png\" \/>\n\t<meta property=\"og:image:width\" content=\"1200\" \/>\n\t<meta property=\"og:image:height\" content=\"1200\" \/>\n\t<meta property=\"og:image:type\" content=\"image\/png\" \/>\n<meta name=\"twitter:card\" content=\"summary_large_image\" \/>\n<meta name=\"twitter:label1\" content=\"Est. reading time\" \/>\n\t<meta name=\"twitter:data1\" content=\"2 minutes\" \/>\n<script type=\"application\/ld+json\" class=\"yoast-schema-graph\">{\"@context\":\"https:\/\/schema.org\",\"@graph\":[{\"@type\":\"WebPage\",\"@id\":\"https:\/\/barrsell.com\/urun\/harvia-top-steel-isitici\/\",\"url\":\"https:\/\/barrsell.com\/urun\/harvia-top-steel-isitici\/\",\"name\":\"Harvia Top Steel Is\u0131t\u0131c\u0131 | Barrsell End\u00fcstri\",\"isPartOf\":{\"@id\":\"https:\/\/barrsell.com\/#website\"},\"primaryImageOfPage\":{\"@id\":\"https:\/\/barrsell.com\/urun\/harvia-top-steel-isitici\/#primaryimage\"},\"image\":{\"@id\":\"https:\/\/barrsell.com\/urun\/harvia-top-steel-isitici\/#primaryimage\"},\"thumbnailUrl\":\"https:\/\/barrsell.com\/wp-content\/uploads\/2024\/08\/HARVIA-TOP-STEEL-M60.png\",\"datePublished\":\"2024-08-27T12:10:17+00:00\",\"dateModified\":\"2024-12-24T04:50:37+00:00\",\"description\":\"Harvia Top Steel, \u00fcst\u00fcn performans, dayan\u0131kl\u0131l\u0131k ve modern tasar\u0131m\u0131n bir araya geldi\u011fi, sauna keyfini en \u00fcst seviyeye ta\u015f\u0131yan bir sauna \u0131s\u0131t\u0131c\u0131 modelidir.\",\"breadcrumb\":{\"@id\":\"https:\/\/barrsell.com\/urun\/harvia-top-steel-isitici\/#breadcrumb\"},\"inLanguage\":\"en-US\",\"potentialAction\":[{\"@type\":\"ReadAction\",\"target\":[\"https:\/\/barrsell.com\/urun\/harvia-top-steel-isitici\/\"]}]},{\"@type\":\"ImageObject\",\"inLanguage\":\"en-US\",\"@id\":\"https:\/\/barrsell.com\/urun\/harvia-top-steel-isitici\/#primaryimage\",\"url\":\"https:\/\/barrsell.com\/wp-content\/uploads\/2024\/08\/HARVIA-TOP-STEEL-M60.png\",\"contentUrl\":\"https:\/\/barrsell.com\/wp-content\/uploads\/2024\/08\/HARVIA-TOP-STEEL-M60.png\",\"width\":1200,\"height\":1200,\"caption\":\"HARVIA TOP STEEL M60\"},{\"@type\":\"BreadcrumbList\",\"@id\":\"https:\/\/barrsell.com\/urun\/harvia-top-steel-isitici\/#breadcrumb\",\"itemListElement\":[{\"@type\":\"ListItem\",\"position\":1,\"name\":\"Home\",\"item\":\"https:\/\/barrsell.com\/\"},{\"@type\":\"ListItem\",\"position\":2,\"name\":\"\u00dcr\u00fcnler\",\"item\":\"https:\/\/barrsell.com\/en\/products\/\"},{\"@type\":\"ListItem\",\"position\":3,\"name\":\"Harvia Top Steel Is\u0131t\u0131c\u0131\"}]},{\"@type\":\"WebSite\",\"@id\":\"https:\/\/barrsell.com\/#website\",\"url\":\"https:\/\/barrsell.com\/\",\"name\":\"Barrsell End\u00fcstri Makine\",\"description\":\"Teknolojiyle G\u00fc\u00e7lenen End\u00fcstriyel \u00c7\u00f6z\u00fcmler!\",\"potentialAction\":[{\"@type\":\"SearchAction\",\"target\":{\"@type\":\"EntryPoint\",\"urlTemplate\":\"https:\/\/barrsell.com\/?s={search_term_string}\"},\"query-input\":\"required name=search_term_string\"}],\"inLanguage\":\"en-US\"}]}<\/script>\n<!-- \/ Yoast SEO Premium plugin. -->","yoast_head_json":{"title":"Harvia Top Steel Is\u0131t\u0131c\u0131 | Barrsell End\u00fcstri","description":"Harvia Top Steel, \u00fcst\u00fcn performans, dayan\u0131kl\u0131l\u0131k ve modern tasar\u0131m\u0131n bir araya geldi\u011fi, sauna keyfini en \u00fcst seviyeye ta\u015f\u0131yan bir sauna \u0131s\u0131t\u0131c\u0131 modelidir.","robots":{"index":"index","follow":"follow","max-snippet":"max-snippet:-1","max-image-preview":"max-image-preview:large","max-video-preview":"max-video-preview:-1"},"canonical":"https:\/\/barrsell.com\/en\/product\/harvia-top-steel-heater\/","og_locale":"en_US","og_type":"article","og_title":"Harvia Top Steel Is\u0131t\u0131c\u0131","og_description":"Harvia Top Steel, \u00fcst\u00fcn performans, dayan\u0131kl\u0131l\u0131k ve modern tasar\u0131m\u0131n bir araya geldi\u011fi, sauna keyfini en \u00fcst seviyeye ta\u015f\u0131yan bir sauna \u0131s\u0131t\u0131c\u0131 modelidir.","og_url":"https:\/\/barrsell.com\/en\/product\/harvia-top-steel-heater\/","og_site_name":"Barrsell","article_modified_time":"2024-12-24T04:50:37+00:00","og_image":[{"width":1200,"height":1200,"url":"https:\/\/barrsell.com\/wp-content\/uploads\/2024\/08\/HARVIA-TOP-STEEL-M60.png","type":"image\/png"}],"twitter_card":"summary_large_image","twitter_misc":{"Est. reading time":"2 minutes"},"schema":{"@context":"https:\/\/schema.org","@graph":[{"@type":"WebPage","@id":"https:\/\/barrsell.com\/urun\/harvia-top-steel-isitici\/","url":"https:\/\/barrsell.com\/urun\/harvia-top-steel-isitici\/","name":"Harvia Top Steel Is\u0131t\u0131c\u0131 | Barrsell End\u00fcstri","isPartOf":{"@id":"https:\/\/barrsell.com\/#website"},"primaryImageOfPage":{"@id":"https:\/\/barrsell.com\/urun\/harvia-top-steel-isitici\/#primaryimage"},"image":{"@id":"https:\/\/barrsell.com\/urun\/harvia-top-steel-isitici\/#primaryimage"},"thumbnailUrl":"https:\/\/barrsell.com\/wp-content\/uploads\/2024\/08\/HARVIA-TOP-STEEL-M60.png","datePublished":"2024-08-27T12:10:17+00:00","dateModified":"2024-12-24T04:50:37+00:00","description":"Harvia Top Steel, \u00fcst\u00fcn performans, dayan\u0131kl\u0131l\u0131k ve modern tasar\u0131m\u0131n bir araya geldi\u011fi, sauna keyfini en \u00fcst seviyeye ta\u015f\u0131yan bir sauna \u0131s\u0131t\u0131c\u0131 modelidir.","breadcrumb":{"@id":"https:\/\/barrsell.com\/urun\/harvia-top-steel-isitici\/#breadcrumb"},"inLanguage":"en-US","potentialAction":[{"@type":"ReadAction","target":["https:\/\/barrsell.com\/urun\/harvia-top-steel-isitici\/"]}]},{"@type":"ImageObject","inLanguage":"en-US","@id":"https:\/\/barrsell.com\/urun\/harvia-top-steel-isitici\/#primaryimage","url":"https:\/\/barrsell.com\/wp-content\/uploads\/2024\/08\/HARVIA-TOP-STEEL-M60.png","contentUrl":"https:\/\/barrsell.com\/wp-content\/uploads\/2024\/08\/HARVIA-TOP-STEEL-M60.png","width":1200,"height":1200,"caption":"HARVIA TOP STEEL M60"},{"@type":"BreadcrumbList","@id":"https:\/\/barrsell.com\/urun\/harvia-top-steel-isitici\/#breadcrumb","itemListElement":[{"@type":"ListItem","position":1,"name":"Home","item":"https:\/\/barrsell.com\/"},{"@type":"ListItem","position":2,"name":"\u00dcr\u00fcnler","item":"https:\/\/barrsell.com\/en\/products\/"},{"@type":"ListItem","position":3,"name":"Harvia Top Steel Is\u0131t\u0131c\u0131"}]},{"@type":"WebSite","@id":"https:\/\/barrsell.com\/#website","url":"https:\/\/barrsell.com\/","name":"Barrsell End\u00fcstri Makine","description":"Teknolojiyle G\u00fc\u00e7lenen End\u00fcstriyel \u00c7\u00f6z\u00fcmler!","potentialAction":[{"@type":"SearchAction","target":{"@type":"EntryPoint","urlTemplate":"https:\/\/barrsell.com\/?s={search_term_string}"},"query-input":"required name=search_term_string"}],"inLanguage":"en-US"}]}},"_links":{"self":[{"href":"https:\/\/barrsell.com\/en\/wp-json\/wp\/v2\/product\/13138","targetHints":{"allow":["GET"]}}],"collection":[{"href":"https:\/\/barrsell.com\/en\/wp-json\/wp\/v2\/product"}],"about":[{"href":"https:\/\/barrsell.com\/en\/wp-json\/wp\/v2\/types\/product"}],"version-history":[{"count":8,"href":"https:\/\/barrsell.com\/en\/wp-json\/wp\/v2\/product\/13138\/revisions"}],"predecessor-version":[{"id":19555,"href":"https:\/\/barrsell.com\/en\/wp-json\/wp\/v2\/product\/13138\/revisions\/19555"}],"wp:featuredmedia":[{"embeddable":true,"href":"https:\/\/barrsell.com\/en\/wp-json\/wp\/v2\/media\/13139"}],"wp:attachment":[{"href":"https:\/\/barrsell.com\/en\/wp-json\/wp\/v2\/media?parent=13138"}],"wp:term":[{"taxonomy":"product_cat","embeddable":true,"href":"https:\/\/barrsell.com\/en\/wp-json\/wp\/v2\/product_cat?post=13138"},{"taxonomy":"product_tag","embeddable":true,"href":"https:\/\/barrsell.com\/en\/wp-json\/wp\/v2\/product_tag?post=13138"}],"curies":[{"name":"wp","href":"https:\/\/api.w.org\/{rel}","templated":true}]}}