{"id":13129,"date":"2024-08-27T11:04:48","date_gmt":"2024-08-27T11:04:48","guid":{"rendered":"https:\/\/barrsell.com\/?post_type=product&#038;p=13129"},"modified":"2024-12-24T05:01:44","modified_gmt":"2024-12-24T05:01:44","slug":"harvia-spirit-sp60xw-isitici","status":"publish","type":"product","link":"https:\/\/barrsell.com\/en\/product\/harvia-spirit-sp60xw-heater\/","title":{"rendered":"Harvia Spirit Heater"},"content":{"rendered":"<h2><strong>Harvia Spirit Heater: Sauna Heater Where Innovative Design and Superior Performance Meet<\/strong><\/h2>\n<p>Harvia Spirit Heater is a product that takes the sauna experience to the next level with its user-friendly features, stylish design and impressive performance. Harvia Spirit, which is preferred in commercial saunas as well as in domestic saunas, offers aesthetically modern lines and at the same time draws attention in terms of energy efficiency and durability. In this article, you will find comprehensive information about the technical characteristics of the Harvia Spirit Heater, the advantages it offers and the details that make it stand out.<\/p>\n<div id=\"attachment_19568\" style=\"width: 1034px\" class=\"wp-caption aligncenter\"><a href=\"https:\/\/barrsell.com\/wp-content\/uploads\/2024\/08\/Harvia-Spirit-Isitici-2.webp\"><img fetchpriority=\"high\" decoding=\"async\" aria-describedby=\"caption-attachment-19568\" class=\"wp-image-19568 size-large\" src=\"https:\/\/barrsell.com\/wp-content\/uploads\/2024\/08\/Harvia-Spirit-Isitici-2-1024x768.webp\" alt=\"\" width=\"1024\" height=\"768\" srcset=\"https:\/\/barrsell.com\/wp-content\/uploads\/2024\/08\/Harvia-Spirit-Isitici-2-1024x768.webp 1024w, https:\/\/barrsell.com\/wp-content\/uploads\/2024\/08\/Harvia-Spirit-Isitici-2-300x225.webp 300w, https:\/\/barrsell.com\/wp-content\/uploads\/2024\/08\/Harvia-Spirit-Isitici-2-768x576.webp 768w, https:\/\/barrsell.com\/wp-content\/uploads\/2024\/08\/Harvia-Spirit-Isitici-2-16x12.webp 16w, https:\/\/barrsell.com\/wp-content\/uploads\/2024\/08\/Harvia-Spirit-Isitici-2-150x113.webp 150w, https:\/\/barrsell.com\/wp-content\/uploads\/2024\/08\/Harvia-Spirit-Isitici-2.webp 1200w\" sizes=\"(max-width: 1024px) 100vw, 1024px\" \/><\/a><p id=\"caption-attachment-19568\" class=\"wp-caption-text\">Harvia Spirit Heater-2<\/p><\/div>\n<h4>Harvia Spirit Heater Technical Specifications:<\/h4>\n<ol>\n<li><strong>Stylish and Compact Design:<\/strong>\n<ul>\n<li>Harvia Spirit adapts to all kinds of sauna decoration with its modern and minimal design. Thanks to its compact structure, it can easily save space even in small areas. Its vertical structure and smooth lines in particular offer an elegant look without disturbing the aesthetic integrity of your sauna.<\/li>\n<\/ul>\n<\/li>\n<li><strong>Power Options:<\/strong>\n<ul>\n<li>Harvia Spirit offers different power options to suit a variety of sauna sizes.By options such as 6 kW, 9 kW and 10.5 kW, it provides effective heating in sauna rooms with a volume of 5 to 15 cubic meters. In addition, these power options make it possible to quickly reach the ideal temperature according to the size of the sauna.<\/li>\n<\/ul>\n<\/li>\n<li><strong>Advanced Heating Technology:<\/strong>\n<ul>\n<li>Harvia Spirit warms the sauna room evenly and homogeneously thanks to its innovative heating elements. At the same time, advanced heat dissipation ensures a consistent temperature throughout the sauna, which helps users to experience a comfortable and balanced sauna. This feature also minimizes heat losses by using energy efficiently.<\/li>\n<\/ul>\n<\/li>\n<li><strong>Remote Control Digital Control Panel:<\/strong>\n<ul>\n<li>Harvia Spirit comes with a digital control unit that can be controlled remotely. Thanks to this unit, users can easily adjust the sauna temperature, humidity level and working time remotely.\u00a0 With the programmable timer feature, you can set your sauna sessions in advance and put them into operation at any time.<\/li>\n<\/ul>\n<\/li>\n<li><strong>Fast Heating Performance:<\/strong>\n<ul>\n<li>Harvia Spirit has a strong resistance structure that brings the sauna room to optimum temperature in a short time. The fast heating capacity is ideal for users who want to save time. It is very advantageous in terms of energy efficiency for both home users and commercial enterprises.<\/li>\n<\/ul>\n<\/li>\n<li><strong>Stainless Steel Body:<\/strong>\n<ul>\n<li>Spirit Heater provides a durable and long lasting use. . At the same time, the steel structure resists rust in the humid environment of the sauna and prolongs the life of the device. In addition, this material makes a stylish addition to the interior design of the sauna.<\/li>\n<\/ul>\n<\/li>\n<\/ol>\n<p><a href=\"https:\/\/barrsell.com\/wp-content\/uploads\/2024\/08\/Harvia-Spirit-Isitici-3.png\"><img decoding=\"async\" class=\"wp-image-19570 size-large\" src=\"https:\/\/barrsell.com\/wp-content\/uploads\/2024\/08\/Harvia-Spirit-Isitici-3-1024x682.png\" alt=\"\" width=\"1024\" height=\"682\" srcset=\"https:\/\/barrsell.com\/wp-content\/uploads\/2024\/08\/Harvia-Spirit-Isitici-3-1024x682.png 1024w, https:\/\/barrsell.com\/wp-content\/uploads\/2024\/08\/Harvia-Spirit-Isitici-3-300x200.png 300w, https:\/\/barrsell.com\/wp-content\/uploads\/2024\/08\/Harvia-Spirit-Isitici-3-768x512.png 768w, https:\/\/barrsell.com\/wp-content\/uploads\/2024\/08\/Harvia-Spirit-Isitici-3-1536x1024.png 1536w, https:\/\/barrsell.com\/wp-content\/uploads\/2024\/08\/Harvia-Spirit-Isitici-3-18x12.png 18w, https:\/\/barrsell.com\/wp-content\/uploads\/2024\/08\/Harvia-Spirit-Isitici-3-1200x800.png 1200w, https:\/\/barrsell.com\/wp-content\/uploads\/2024\/08\/Harvia-Spirit-Isitici-3-150x100.png 150w, https:\/\/barrsell.com\/wp-content\/uploads\/2024\/08\/Harvia-Spirit-Isitici-3.png 1970w\" sizes=\"(max-width: 1024px) 100vw, 1024px\" \/><\/a><\/p>","protected":false},"excerpt":{"rendered":"<p>High performance<br \/>\nModern and Aesthetic Design<br \/>\nLarge Stone Capacity<\/p>","protected":false},"featured_media":13130,"template":"","meta":[],"product_cat":[53,166],"product_tag":[],"class_list":{"0":"post-13129","1":"product","2":"type-product","3":"status-publish","4":"has-post-thumbnail","6":"product_cat-sauna-isiticilari","7":"product_cat-harvia-sauna-isiticilar","9":"first","10":"instock","11":"shipping-taxable","12":"purchasable","13":"product-type-variable"},"yoast_head":"<!-- This site is optimized with the Yoast SEO Premium plugin v23.2 (Yoast SEO v23.2) - https:\/\/yoast.com\/wordpress\/plugins\/seo\/ -->\n<title>Harvia Spirit Is\u0131t\u0131c\u0131 | Barrsell End\u00fcstri<\/title>\n<meta name=\"description\" content=\"Harvia Spirit Is\u0131t\u0131c\u0131, kullan\u0131c\u0131 dostu \u00f6zellikleri, \u015f\u0131k tasar\u0131m\u0131 ve etkileyici performans\u0131yla sauna deneyimini bir \u00fcst seviyeye ta\u015f\u0131yan bir \u00fcr\u00fcnd\u00fcr.\" \/>\n<meta name=\"robots\" content=\"index, follow, max-snippet:-1, max-image-preview:large, max-video-preview:-1\" \/>\n<link rel=\"canonical\" href=\"https:\/\/barrsell.com\/en\/product\/harvia-spirit-sp60xw-heater\/\" \/>\n<meta property=\"og:locale\" content=\"en_US\" \/>\n<meta property=\"og:type\" content=\"article\" \/>\n<meta property=\"og:title\" content=\"Harvia Spirit Is\u0131t\u0131c\u0131\" \/>\n<meta property=\"og:description\" content=\"Harvia Spirit Is\u0131t\u0131c\u0131, kullan\u0131c\u0131 dostu \u00f6zellikleri, \u015f\u0131k tasar\u0131m\u0131 ve etkileyici performans\u0131yla sauna deneyimini bir \u00fcst seviyeye ta\u015f\u0131yan bir \u00fcr\u00fcnd\u00fcr.\" \/>\n<meta property=\"og:url\" content=\"https:\/\/barrsell.com\/en\/product\/harvia-spirit-sp60xw-heater\/\" \/>\n<meta property=\"og:site_name\" content=\"Barrsell\" \/>\n<meta property=\"article:modified_time\" content=\"2024-12-24T05:01:44+00:00\" \/>\n<meta property=\"og:image\" content=\"https:\/\/barrsell.com\/wp-content\/uploads\/2024\/08\/Harvia-Spirit-SP60XW.png\" \/>\n\t<meta property=\"og:image:width\" content=\"1200\" \/>\n\t<meta property=\"og:image:height\" content=\"1200\" \/>\n\t<meta property=\"og:image:type\" content=\"image\/png\" \/>\n<meta name=\"twitter:card\" content=\"summary_large_image\" \/>\n<meta name=\"twitter:label1\" content=\"Est. reading time\" \/>\n\t<meta name=\"twitter:data1\" content=\"3 minutes\" \/>\n<script type=\"application\/ld+json\" class=\"yoast-schema-graph\">{\"@context\":\"https:\/\/schema.org\",\"@graph\":[{\"@type\":\"WebPage\",\"@id\":\"https:\/\/barrsell.com\/urun\/harvia-spirit-sp60xw-isitici\/\",\"url\":\"https:\/\/barrsell.com\/urun\/harvia-spirit-sp60xw-isitici\/\",\"name\":\"Harvia Spirit Is\u0131t\u0131c\u0131 | Barrsell End\u00fcstri\",\"isPartOf\":{\"@id\":\"https:\/\/barrsell.com\/#website\"},\"primaryImageOfPage\":{\"@id\":\"https:\/\/barrsell.com\/urun\/harvia-spirit-sp60xw-isitici\/#primaryimage\"},\"image\":{\"@id\":\"https:\/\/barrsell.com\/urun\/harvia-spirit-sp60xw-isitici\/#primaryimage\"},\"thumbnailUrl\":\"https:\/\/barrsell.com\/wp-content\/uploads\/2024\/08\/Harvia-Spirit-SP60XW.png\",\"datePublished\":\"2024-08-27T11:04:48+00:00\",\"dateModified\":\"2024-12-24T05:01:44+00:00\",\"description\":\"Harvia Spirit Is\u0131t\u0131c\u0131, kullan\u0131c\u0131 dostu \u00f6zellikleri, \u015f\u0131k tasar\u0131m\u0131 ve etkileyici performans\u0131yla sauna deneyimini bir \u00fcst seviyeye ta\u015f\u0131yan bir \u00fcr\u00fcnd\u00fcr.\",\"breadcrumb\":{\"@id\":\"https:\/\/barrsell.com\/urun\/harvia-spirit-sp60xw-isitici\/#breadcrumb\"},\"inLanguage\":\"en-US\",\"potentialAction\":[{\"@type\":\"ReadAction\",\"target\":[\"https:\/\/barrsell.com\/urun\/harvia-spirit-sp60xw-isitici\/\"]}]},{\"@type\":\"ImageObject\",\"inLanguage\":\"en-US\",\"@id\":\"https:\/\/barrsell.com\/urun\/harvia-spirit-sp60xw-isitici\/#primaryimage\",\"url\":\"https:\/\/barrsell.com\/wp-content\/uploads\/2024\/08\/Harvia-Spirit-SP60XW.png\",\"contentUrl\":\"https:\/\/barrsell.com\/wp-content\/uploads\/2024\/08\/Harvia-Spirit-SP60XW.png\",\"width\":1200,\"height\":1200,\"caption\":\"Harvia-Spirit-SP60XW\"},{\"@type\":\"BreadcrumbList\",\"@id\":\"https:\/\/barrsell.com\/urun\/harvia-spirit-sp60xw-isitici\/#breadcrumb\",\"itemListElement\":[{\"@type\":\"ListItem\",\"position\":1,\"name\":\"Home\",\"item\":\"https:\/\/barrsell.com\/\"},{\"@type\":\"ListItem\",\"position\":2,\"name\":\"\u00dcr\u00fcnler\",\"item\":\"https:\/\/barrsell.com\/en\/products\/\"},{\"@type\":\"ListItem\",\"position\":3,\"name\":\"Harvia Spirit Is\u0131t\u0131c\u0131\"}]},{\"@type\":\"WebSite\",\"@id\":\"https:\/\/barrsell.com\/#website\",\"url\":\"https:\/\/barrsell.com\/\",\"name\":\"Barrsell End\u00fcstri Makine\",\"description\":\"Teknolojiyle G\u00fc\u00e7lenen End\u00fcstriyel \u00c7\u00f6z\u00fcmler!\",\"potentialAction\":[{\"@type\":\"SearchAction\",\"target\":{\"@type\":\"EntryPoint\",\"urlTemplate\":\"https:\/\/barrsell.com\/?s={search_term_string}\"},\"query-input\":\"required name=search_term_string\"}],\"inLanguage\":\"en-US\"}]}<\/script>\n<!-- \/ Yoast SEO Premium plugin. -->","yoast_head_json":{"title":"Harvia Spirit Is\u0131t\u0131c\u0131 | Barrsell End\u00fcstri","description":"Harvia Spirit Is\u0131t\u0131c\u0131, kullan\u0131c\u0131 dostu \u00f6zellikleri, \u015f\u0131k tasar\u0131m\u0131 ve etkileyici performans\u0131yla sauna deneyimini bir \u00fcst seviyeye ta\u015f\u0131yan bir \u00fcr\u00fcnd\u00fcr.","robots":{"index":"index","follow":"follow","max-snippet":"max-snippet:-1","max-image-preview":"max-image-preview:large","max-video-preview":"max-video-preview:-1"},"canonical":"https:\/\/barrsell.com\/en\/product\/harvia-spirit-sp60xw-heater\/","og_locale":"en_US","og_type":"article","og_title":"Harvia Spirit Is\u0131t\u0131c\u0131","og_description":"Harvia Spirit Is\u0131t\u0131c\u0131, kullan\u0131c\u0131 dostu \u00f6zellikleri, \u015f\u0131k tasar\u0131m\u0131 ve etkileyici performans\u0131yla sauna deneyimini bir \u00fcst seviyeye ta\u015f\u0131yan bir \u00fcr\u00fcnd\u00fcr.","og_url":"https:\/\/barrsell.com\/en\/product\/harvia-spirit-sp60xw-heater\/","og_site_name":"Barrsell","article_modified_time":"2024-12-24T05:01:44+00:00","og_image":[{"width":1200,"height":1200,"url":"https:\/\/barrsell.com\/wp-content\/uploads\/2024\/08\/Harvia-Spirit-SP60XW.png","type":"image\/png"}],"twitter_card":"summary_large_image","twitter_misc":{"Est. reading time":"3 minutes"},"schema":{"@context":"https:\/\/schema.org","@graph":[{"@type":"WebPage","@id":"https:\/\/barrsell.com\/urun\/harvia-spirit-sp60xw-isitici\/","url":"https:\/\/barrsell.com\/urun\/harvia-spirit-sp60xw-isitici\/","name":"Harvia Spirit Is\u0131t\u0131c\u0131 | Barrsell End\u00fcstri","isPartOf":{"@id":"https:\/\/barrsell.com\/#website"},"primaryImageOfPage":{"@id":"https:\/\/barrsell.com\/urun\/harvia-spirit-sp60xw-isitici\/#primaryimage"},"image":{"@id":"https:\/\/barrsell.com\/urun\/harvia-spirit-sp60xw-isitici\/#primaryimage"},"thumbnailUrl":"https:\/\/barrsell.com\/wp-content\/uploads\/2024\/08\/Harvia-Spirit-SP60XW.png","datePublished":"2024-08-27T11:04:48+00:00","dateModified":"2024-12-24T05:01:44+00:00","description":"Harvia Spirit Is\u0131t\u0131c\u0131, kullan\u0131c\u0131 dostu \u00f6zellikleri, \u015f\u0131k tasar\u0131m\u0131 ve etkileyici performans\u0131yla sauna deneyimini bir \u00fcst seviyeye ta\u015f\u0131yan bir \u00fcr\u00fcnd\u00fcr.","breadcrumb":{"@id":"https:\/\/barrsell.com\/urun\/harvia-spirit-sp60xw-isitici\/#breadcrumb"},"inLanguage":"en-US","potentialAction":[{"@type":"ReadAction","target":["https:\/\/barrsell.com\/urun\/harvia-spirit-sp60xw-isitici\/"]}]},{"@type":"ImageObject","inLanguage":"en-US","@id":"https:\/\/barrsell.com\/urun\/harvia-spirit-sp60xw-isitici\/#primaryimage","url":"https:\/\/barrsell.com\/wp-content\/uploads\/2024\/08\/Harvia-Spirit-SP60XW.png","contentUrl":"https:\/\/barrsell.com\/wp-content\/uploads\/2024\/08\/Harvia-Spirit-SP60XW.png","width":1200,"height":1200,"caption":"Harvia-Spirit-SP60XW"},{"@type":"BreadcrumbList","@id":"https:\/\/barrsell.com\/urun\/harvia-spirit-sp60xw-isitici\/#breadcrumb","itemListElement":[{"@type":"ListItem","position":1,"name":"Home","item":"https:\/\/barrsell.com\/"},{"@type":"ListItem","position":2,"name":"\u00dcr\u00fcnler","item":"https:\/\/barrsell.com\/en\/products\/"},{"@type":"ListItem","position":3,"name":"Harvia Spirit Is\u0131t\u0131c\u0131"}]},{"@type":"WebSite","@id":"https:\/\/barrsell.com\/#website","url":"https:\/\/barrsell.com\/","name":"Barrsell End\u00fcstri Makine","description":"Teknolojiyle G\u00fc\u00e7lenen End\u00fcstriyel \u00c7\u00f6z\u00fcmler!","potentialAction":[{"@type":"SearchAction","target":{"@type":"EntryPoint","urlTemplate":"https:\/\/barrsell.com\/?s={search_term_string}"},"query-input":"required name=search_term_string"}],"inLanguage":"en-US"}]}},"_links":{"self":[{"href":"https:\/\/barrsell.com\/en\/wp-json\/wp\/v2\/product\/13129","targetHints":{"allow":["GET"]}}],"collection":[{"href":"https:\/\/barrsell.com\/en\/wp-json\/wp\/v2\/product"}],"about":[{"href":"https:\/\/barrsell.com\/en\/wp-json\/wp\/v2\/types\/product"}],"version-history":[{"count":7,"href":"https:\/\/barrsell.com\/en\/wp-json\/wp\/v2\/product\/13129\/revisions"}],"predecessor-version":[{"id":19571,"href":"https:\/\/barrsell.com\/en\/wp-json\/wp\/v2\/product\/13129\/revisions\/19571"}],"wp:featuredmedia":[{"embeddable":true,"href":"https:\/\/barrsell.com\/en\/wp-json\/wp\/v2\/media\/13130"}],"wp:attachment":[{"href":"https:\/\/barrsell.com\/en\/wp-json\/wp\/v2\/media?parent=13129"}],"wp:term":[{"taxonomy":"product_cat","embeddable":true,"href":"https:\/\/barrsell.com\/en\/wp-json\/wp\/v2\/product_cat?post=13129"},{"taxonomy":"product_tag","embeddable":true,"href":"https:\/\/barrsell.com\/en\/wp-json\/wp\/v2\/product_tag?post=13129"}],"curies":[{"name":"wp","href":"https:\/\/api.w.org\/{rel}","templated":true}]}}