{"id":13126,"date":"2024-08-27T11:01:11","date_gmt":"2024-08-27T11:01:11","guid":{"rendered":"https:\/\/barrsell.com\/?post_type=product&#038;p=13126"},"modified":"2024-12-24T08:17:56","modified_gmt":"2024-12-24T08:17:56","slug":"harvia-vega-bc-isitici","status":"publish","type":"product","link":"https:\/\/barrsell.com\/en\/product\/harvia-vega-bc-heater\/","title":{"rendered":"Harvia Vega BC Heater"},"content":{"rendered":"<h2><strong>Harvia Vega BC Heater: The Perfect Balance of Aesthetics and Performance<\/strong><\/h2>\n<p>Harvia Vega BC Heater is an ideal solution for both home and commercial saunas with its stylish design, high performance and ease of use. Thanks to its robust structure, compact design and energy efficiency, it offers its users an effective sauna experience. Harvia Vega BC stands out as a modern interpretation of classic sauna heaters. Thus, it is an excellent choice for sauna lovers with both its technical features and aesthetic appearance.<\/p>\n<p><a href=\"https:\/\/barrsell.com\/wp-content\/uploads\/2024\/08\/Harvia-Vega-BC-Isitici-3.webp\"><img fetchpriority=\"high\" decoding=\"async\" class=\"wp-image-19577 size-full\" src=\"https:\/\/barrsell.com\/wp-content\/uploads\/2024\/08\/Harvia-Vega-BC-Isitici-3.webp\" alt=\"\" width=\"554\" height=\"554\" srcset=\"https:\/\/barrsell.com\/wp-content\/uploads\/2024\/08\/Harvia-Vega-BC-Isitici-3.webp 554w, https:\/\/barrsell.com\/wp-content\/uploads\/2024\/08\/Harvia-Vega-BC-Isitici-3-300x300.webp 300w, https:\/\/barrsell.com\/wp-content\/uploads\/2024\/08\/Harvia-Vega-BC-Isitici-3-150x150.webp 150w, https:\/\/barrsell.com\/wp-content\/uploads\/2024\/08\/Harvia-Vega-BC-Isitici-3-12x12.webp 12w, https:\/\/barrsell.com\/wp-content\/uploads\/2024\/08\/Harvia-Vega-BC-Isitici-3-50x50.webp 50w, https:\/\/barrsell.com\/wp-content\/uploads\/2024\/08\/Harvia-Vega-BC-Isitici-3-100x100.webp 100w\" sizes=\"(max-width: 554px) 100vw, 554px\" \/><\/a><\/p>\n<h4>Harvia Vega BC Heater Specifications:<\/h4>\n<ol>\n<li><strong>Modern and Stylish Design:<\/strong>\n<ul>\n<li>Harvia Vega BC is a remarkable heater model with its modern lines and ergonomic design. Thanks to its stainless steel exterior body, it offers both a durable and aesthetic appearance. Vega BC, which is an excellent option for users who prioritize both functionality and visualization in the sauna room, adapts to all types of sauna decor.<\/li>\n<\/ul>\n<\/li>\n<li><strong>Different Power Options:<\/strong>\n<ul>\n<li>Harvia Vega BC Heater offers different power options to suit various sauna sizes. For example, Vega BC, which has models with power of 4.5 kW, 6 kW and 8 kW, sauna rooms with a volume of 3 to 12 cubic meters.\u00a0 This variety allows users to choose the most suitable model based on the size of the sauna rooms.<\/li>\n<\/ul>\n<\/li>\n<li><strong>Wall Installation and Ease of Use:<\/strong>\n<ul>\n<li>The design of Harvia Vega BC  \u2047  allows it to be easily mounted on the wall. The upper control panel allows the user to easily manage the device, while the device is quite simple to use. This mounting type, which saves space in the sauna room, is ideal for small spaces. Thanks to the asymmetrical design of the heater, you can install it on both the left and right sides. This gives the user the flexibility of assembly.<\/li>\n<\/ul>\n<\/li>\n<li><strong>Superior Heating Performance:<\/strong>\n<ul>\n<li>Harvia Vega BC warms the sauna room quickly and efficiently thanks to its high-performance heating elements. In addition, the stones placed in the stone chamber of the device provide a homogeneous heat dissipation. In this way, users can experience the same temperature and steam quality in every corner of the sauna.<\/li>\n<\/ul>\n<\/li>\n<li><strong>Wide Stone Capacity:<\/strong>\n<ul>\n<li>The 20 kg stone capacity of Harvia Vega BC  \u2047  is an ideal solution for lovers of dense steam. These stones in particular keep the sauna warm for a long time and offer the user the flexibility to adjust the level of steam. More stones provide a more dense and continuous steam bath.<\/li>\n<\/ul>\n<\/li>\n<li><strong>Easy Control Mechanism:<\/strong>\n<ul>\n<li>The Vega BC Heater allows you to quickly adjust the temperature and time settings with the simple and user-friendly control panel on it. You can also measure the temperature of the sauna according to preference with this mechanism used manually.<\/li>\n<\/ul>\n<\/li>\n<\/ol>","protected":false},"excerpt":{"rendered":"<p>Modern and Aesthetic Design<br \/>\nUser Friendly and Safe<br \/>\nSuitable for Commercial and Intensive Use<\/p>","protected":false},"featured_media":13127,"template":"","meta":[],"product_cat":[53,166],"product_tag":[],"class_list":{"0":"post-13126","1":"product","2":"type-product","3":"status-publish","4":"has-post-thumbnail","6":"product_cat-sauna-isiticilari","7":"product_cat-harvia-sauna-isiticilar","9":"first","10":"instock","11":"shipping-taxable","12":"purchasable","13":"product-type-variable"},"yoast_head":"<!-- This site is optimized with the Yoast SEO Premium plugin v23.2 (Yoast SEO v23.2) - https:\/\/yoast.com\/wordpress\/plugins\/seo\/ -->\n<title>Harvia Vega BC Is\u0131t\u0131c\u0131 | Barrsell End\u00fcstri<\/title>\n<meta name=\"description\" content=\"Harvia Vega Is\u0131t\u0131c\u0131, saunan\u0131zda y\u00fcksek performans ve modern esteti\u011fi bir arada sunar. 4.5 kW g\u00fcc\u00fc ile kompakt ve orta b\u00fcy\u00fckl\u00fckteki saunalarda\" \/>\n<meta name=\"robots\" content=\"index, follow, max-snippet:-1, max-image-preview:large, max-video-preview:-1\" \/>\n<link rel=\"canonical\" href=\"https:\/\/barrsell.com\/en\/product\/harvia-vega-bc-heater\/\" \/>\n<meta property=\"og:locale\" content=\"en_US\" \/>\n<meta property=\"og:type\" content=\"article\" \/>\n<meta property=\"og:title\" content=\"Harvia Vega BC Is\u0131t\u0131c\u0131\" \/>\n<meta property=\"og:description\" content=\"Harvia Vega Is\u0131t\u0131c\u0131, saunan\u0131zda y\u00fcksek performans ve modern esteti\u011fi bir arada sunar. 4.5 kW g\u00fcc\u00fc ile kompakt ve orta b\u00fcy\u00fckl\u00fckteki saunalarda\" \/>\n<meta property=\"og:url\" content=\"https:\/\/barrsell.com\/en\/product\/harvia-vega-bc-heater\/\" \/>\n<meta property=\"og:site_name\" content=\"Barrsell\" \/>\n<meta property=\"article:modified_time\" content=\"2024-12-24T08:17:56+00:00\" \/>\n<meta property=\"og:image\" content=\"https:\/\/barrsell.com\/wp-content\/uploads\/2024\/08\/Harvia-Vega-BC45.png\" \/>\n\t<meta property=\"og:image:width\" content=\"1200\" \/>\n\t<meta property=\"og:image:height\" content=\"1200\" \/>\n\t<meta property=\"og:image:type\" content=\"image\/png\" \/>\n<meta name=\"twitter:card\" content=\"summary_large_image\" \/>\n<meta name=\"twitter:label1\" content=\"Est. reading time\" \/>\n\t<meta name=\"twitter:data1\" content=\"3 minutes\" \/>\n<script type=\"application\/ld+json\" class=\"yoast-schema-graph\">{\"@context\":\"https:\/\/schema.org\",\"@graph\":[{\"@type\":\"WebPage\",\"@id\":\"https:\/\/barrsell.com\/urun\/harvia-vega-bc-isitici\/\",\"url\":\"https:\/\/barrsell.com\/urun\/harvia-vega-bc-isitici\/\",\"name\":\"Harvia Vega BC Is\u0131t\u0131c\u0131 | Barrsell End\u00fcstri\",\"isPartOf\":{\"@id\":\"https:\/\/barrsell.com\/#website\"},\"primaryImageOfPage\":{\"@id\":\"https:\/\/barrsell.com\/urun\/harvia-vega-bc-isitici\/#primaryimage\"},\"image\":{\"@id\":\"https:\/\/barrsell.com\/urun\/harvia-vega-bc-isitici\/#primaryimage\"},\"thumbnailUrl\":\"https:\/\/barrsell.com\/wp-content\/uploads\/2024\/08\/Harvia-Vega-BC45.png\",\"datePublished\":\"2024-08-27T11:01:11+00:00\",\"dateModified\":\"2024-12-24T08:17:56+00:00\",\"description\":\"Harvia Vega Is\u0131t\u0131c\u0131, saunan\u0131zda y\u00fcksek performans ve modern esteti\u011fi bir arada sunar. 4.5 kW g\u00fcc\u00fc ile kompakt ve orta b\u00fcy\u00fckl\u00fckteki saunalarda\",\"breadcrumb\":{\"@id\":\"https:\/\/barrsell.com\/urun\/harvia-vega-bc-isitici\/#breadcrumb\"},\"inLanguage\":\"en-US\",\"potentialAction\":[{\"@type\":\"ReadAction\",\"target\":[\"https:\/\/barrsell.com\/urun\/harvia-vega-bc-isitici\/\"]}]},{\"@type\":\"ImageObject\",\"inLanguage\":\"en-US\",\"@id\":\"https:\/\/barrsell.com\/urun\/harvia-vega-bc-isitici\/#primaryimage\",\"url\":\"https:\/\/barrsell.com\/wp-content\/uploads\/2024\/08\/Harvia-Vega-BC45.png\",\"contentUrl\":\"https:\/\/barrsell.com\/wp-content\/uploads\/2024\/08\/Harvia-Vega-BC45.png\",\"width\":1200,\"height\":1200,\"caption\":\"Harvia- Vega- BC45\"},{\"@type\":\"BreadcrumbList\",\"@id\":\"https:\/\/barrsell.com\/urun\/harvia-vega-bc-isitici\/#breadcrumb\",\"itemListElement\":[{\"@type\":\"ListItem\",\"position\":1,\"name\":\"Home\",\"item\":\"https:\/\/barrsell.com\/\"},{\"@type\":\"ListItem\",\"position\":2,\"name\":\"\u00dcr\u00fcnler\",\"item\":\"https:\/\/barrsell.com\/en\/products\/\"},{\"@type\":\"ListItem\",\"position\":3,\"name\":\"Harvia Vega BC Is\u0131t\u0131c\u0131\"}]},{\"@type\":\"WebSite\",\"@id\":\"https:\/\/barrsell.com\/#website\",\"url\":\"https:\/\/barrsell.com\/\",\"name\":\"Barrsell End\u00fcstri Makine\",\"description\":\"Teknolojiyle G\u00fc\u00e7lenen End\u00fcstriyel \u00c7\u00f6z\u00fcmler!\",\"potentialAction\":[{\"@type\":\"SearchAction\",\"target\":{\"@type\":\"EntryPoint\",\"urlTemplate\":\"https:\/\/barrsell.com\/?s={search_term_string}\"},\"query-input\":\"required name=search_term_string\"}],\"inLanguage\":\"en-US\"}]}<\/script>\n<!-- \/ Yoast SEO Premium plugin. -->","yoast_head_json":{"title":"Harvia Vega BC Is\u0131t\u0131c\u0131 | Barrsell End\u00fcstri","description":"Harvia Vega Is\u0131t\u0131c\u0131, saunan\u0131zda y\u00fcksek performans ve modern esteti\u011fi bir arada sunar. 4.5 kW g\u00fcc\u00fc ile kompakt ve orta b\u00fcy\u00fckl\u00fckteki saunalarda","robots":{"index":"index","follow":"follow","max-snippet":"max-snippet:-1","max-image-preview":"max-image-preview:large","max-video-preview":"max-video-preview:-1"},"canonical":"https:\/\/barrsell.com\/en\/product\/harvia-vega-bc-heater\/","og_locale":"en_US","og_type":"article","og_title":"Harvia Vega BC Is\u0131t\u0131c\u0131","og_description":"Harvia Vega Is\u0131t\u0131c\u0131, saunan\u0131zda y\u00fcksek performans ve modern esteti\u011fi bir arada sunar. 4.5 kW g\u00fcc\u00fc ile kompakt ve orta b\u00fcy\u00fckl\u00fckteki saunalarda","og_url":"https:\/\/barrsell.com\/en\/product\/harvia-vega-bc-heater\/","og_site_name":"Barrsell","article_modified_time":"2024-12-24T08:17:56+00:00","og_image":[{"width":1200,"height":1200,"url":"https:\/\/barrsell.com\/wp-content\/uploads\/2024\/08\/Harvia-Vega-BC45.png","type":"image\/png"}],"twitter_card":"summary_large_image","twitter_misc":{"Est. reading time":"3 minutes"},"schema":{"@context":"https:\/\/schema.org","@graph":[{"@type":"WebPage","@id":"https:\/\/barrsell.com\/urun\/harvia-vega-bc-isitici\/","url":"https:\/\/barrsell.com\/urun\/harvia-vega-bc-isitici\/","name":"Harvia Vega BC Is\u0131t\u0131c\u0131 | Barrsell End\u00fcstri","isPartOf":{"@id":"https:\/\/barrsell.com\/#website"},"primaryImageOfPage":{"@id":"https:\/\/barrsell.com\/urun\/harvia-vega-bc-isitici\/#primaryimage"},"image":{"@id":"https:\/\/barrsell.com\/urun\/harvia-vega-bc-isitici\/#primaryimage"},"thumbnailUrl":"https:\/\/barrsell.com\/wp-content\/uploads\/2024\/08\/Harvia-Vega-BC45.png","datePublished":"2024-08-27T11:01:11+00:00","dateModified":"2024-12-24T08:17:56+00:00","description":"Harvia Vega Is\u0131t\u0131c\u0131, saunan\u0131zda y\u00fcksek performans ve modern esteti\u011fi bir arada sunar. 4.5 kW g\u00fcc\u00fc ile kompakt ve orta b\u00fcy\u00fckl\u00fckteki saunalarda","breadcrumb":{"@id":"https:\/\/barrsell.com\/urun\/harvia-vega-bc-isitici\/#breadcrumb"},"inLanguage":"en-US","potentialAction":[{"@type":"ReadAction","target":["https:\/\/barrsell.com\/urun\/harvia-vega-bc-isitici\/"]}]},{"@type":"ImageObject","inLanguage":"en-US","@id":"https:\/\/barrsell.com\/urun\/harvia-vega-bc-isitici\/#primaryimage","url":"https:\/\/barrsell.com\/wp-content\/uploads\/2024\/08\/Harvia-Vega-BC45.png","contentUrl":"https:\/\/barrsell.com\/wp-content\/uploads\/2024\/08\/Harvia-Vega-BC45.png","width":1200,"height":1200,"caption":"Harvia- Vega- BC45"},{"@type":"BreadcrumbList","@id":"https:\/\/barrsell.com\/urun\/harvia-vega-bc-isitici\/#breadcrumb","itemListElement":[{"@type":"ListItem","position":1,"name":"Home","item":"https:\/\/barrsell.com\/"},{"@type":"ListItem","position":2,"name":"\u00dcr\u00fcnler","item":"https:\/\/barrsell.com\/en\/products\/"},{"@type":"ListItem","position":3,"name":"Harvia Vega BC Is\u0131t\u0131c\u0131"}]},{"@type":"WebSite","@id":"https:\/\/barrsell.com\/#website","url":"https:\/\/barrsell.com\/","name":"Barrsell End\u00fcstri Makine","description":"Teknolojiyle G\u00fc\u00e7lenen End\u00fcstriyel \u00c7\u00f6z\u00fcmler!","potentialAction":[{"@type":"SearchAction","target":{"@type":"EntryPoint","urlTemplate":"https:\/\/barrsell.com\/?s={search_term_string}"},"query-input":"required name=search_term_string"}],"inLanguage":"en-US"}]}},"_links":{"self":[{"href":"https:\/\/barrsell.com\/en\/wp-json\/wp\/v2\/product\/13126","targetHints":{"allow":["GET"]}}],"collection":[{"href":"https:\/\/barrsell.com\/en\/wp-json\/wp\/v2\/product"}],"about":[{"href":"https:\/\/barrsell.com\/en\/wp-json\/wp\/v2\/types\/product"}],"version-history":[{"count":7,"href":"https:\/\/barrsell.com\/en\/wp-json\/wp\/v2\/product\/13126\/revisions"}],"predecessor-version":[{"id":19578,"href":"https:\/\/barrsell.com\/en\/wp-json\/wp\/v2\/product\/13126\/revisions\/19578"}],"wp:featuredmedia":[{"embeddable":true,"href":"https:\/\/barrsell.com\/en\/wp-json\/wp\/v2\/media\/13127"}],"wp:attachment":[{"href":"https:\/\/barrsell.com\/en\/wp-json\/wp\/v2\/media?parent=13126"}],"wp:term":[{"taxonomy":"product_cat","embeddable":true,"href":"https:\/\/barrsell.com\/en\/wp-json\/wp\/v2\/product_cat?post=13126"},{"taxonomy":"product_tag","embeddable":true,"href":"https:\/\/barrsell.com\/en\/wp-json\/wp\/v2\/product_tag?post=13126"}],"curies":[{"name":"wp","href":"https:\/\/api.w.org\/{rel}","templated":true}]}}