{"id":13123,"date":"2024-08-27T10:54:16","date_gmt":"2024-08-27T10:54:16","guid":{"rendered":"https:\/\/barrsell.com\/?post_type=product&#038;p=13123"},"modified":"2024-12-24T09:38:09","modified_gmt":"2024-12-24T09:38:09","slug":"harvia-legend-pro-isitici","status":"publish","type":"product","link":"https:\/\/barrsell.com\/en\/product\/harvia-legend-pro-heater\/","title":{"rendered":"Harvia Legend Pro Heater"},"content":{"rendered":"<div class=\"flex max-w-full flex-col flex-grow\">\n<div class=\"min-h-[20px] text-message flex w-full flex-col items-end gap-2 break-words [.text-message+&amp;]:mt-5 overflow-x-auto whitespace-normal\" dir=\"auto\" data-message-author-role=\"assistant\" data-message-id=\"1b4e9575-a83c-41e9-be32-8ad5b317b919\">\n<div class=\"flex w-full flex-col gap-1 empty:hidden first:pt-[3px]\">\n<div class=\"markdown prose w-full break-words dark:prose-invert light\">\n<h2>Harvia Legend Pro Heater High Performance and High Level Meeting of Aesthetics<\/h2>\n<p>The Harvia Legend Pro PO11E Heater is the ideal solution for those looking for superior heating performance and a stylish look in your sauna. This model, which provides effective and fast heating especially in large saunas with 11 kW power, draws attention with its functionality and modern design. Here are the technical specifications and advantages of Harvia Legend Pro PO11E Heater:<\/p>\n<div id=\"attachment_19580\" style=\"width: 728px\" class=\"wp-caption aligncenter\"><a href=\"https:\/\/barrsell.com\/wp-content\/uploads\/2024\/08\/Harvia-Legend-Pro-Isitici-2.jpg\"><img fetchpriority=\"high\" decoding=\"async\" aria-describedby=\"caption-attachment-19580\" class=\"wp-image-19580 size-full\" src=\"https:\/\/barrsell.com\/wp-content\/uploads\/2024\/08\/Harvia-Legend-Pro-Isitici-2.jpg\" alt=\"\" width=\"718\" height=\"477\" srcset=\"https:\/\/barrsell.com\/wp-content\/uploads\/2024\/08\/Harvia-Legend-Pro-Isitici-2.jpg 718w, https:\/\/barrsell.com\/wp-content\/uploads\/2024\/08\/Harvia-Legend-Pro-Isitici-2-300x199.jpg 300w, https:\/\/barrsell.com\/wp-content\/uploads\/2024\/08\/Harvia-Legend-Pro-Isitici-2-18x12.jpg 18w, https:\/\/barrsell.com\/wp-content\/uploads\/2024\/08\/Harvia-Legend-Pro-Isitici-2-150x100.jpg 150w\" sizes=\"(max-width: 718px) 100vw, 718px\" \/><\/a><p id=\"caption-attachment-19580\" class=\"wp-caption-text\">Harvia Legend Pro heater-2<\/p><\/div>\n<h4><strong>Strong Heating Capacity:<\/strong><\/h4>\n<p>The Harvia Legend Pro PO11E delivers effective heating in large and medium-sized saunas with a power of 11 kW. At the same time, thanks to its high performance, it provides an even temperature distribution to every corner of your sauna. Therefore, it offers a comfortable sauna experience with an in-depth relaxation and effective steam production.<\/p>\n<h4><strong>Modern and Stylish Design:<\/strong><\/h4>\n<p>This model offers an aesthetically elegant design. Stainless steel adds elegance to your sauna with its outer surface and also modern lines. At the same time, its compact and minimalist design improves the overall look of your sauna while additionally saving space.<\/p>\n<h4><strong>User Friendly Control Panel:<\/strong><\/h4>\n<p>The Harvia Legend Pro PO11E is equipped with a user-friendly control panel. This panel allows you to precisely adjust the temperature or operating times. The easy-to-access control panel allows you to customize your sauna experience to suit your personal preferences.<\/p>\n<h4><strong>Energy Efficiency and Economic Use:<\/strong><\/h4>\n<p>The Harvia Legend Pro PO11E is energy efficient, optimising energy consumption and thus reducing costs. Its eco-friendly design saves energy in the long run and offers an economical use. This reduces your energy costs in your sauna while increasing efficiency.<\/p>\n<p><a href=\"https:\/\/barrsell.com\/wp-content\/uploads\/2024\/08\/Harvia-Legend-Pro-Isitici-3.jpg\"><img decoding=\"async\" class=\"wp-image-19581 size-full\" src=\"https:\/\/barrsell.com\/wp-content\/uploads\/2024\/08\/Harvia-Legend-Pro-Isitici-3.jpg\" alt=\"\" width=\"901\" height=\"606\" srcset=\"https:\/\/barrsell.com\/wp-content\/uploads\/2024\/08\/Harvia-Legend-Pro-Isitici-3.jpg 901w, https:\/\/barrsell.com\/wp-content\/uploads\/2024\/08\/Harvia-Legend-Pro-Isitici-3-300x202.jpg 300w, https:\/\/barrsell.com\/wp-content\/uploads\/2024\/08\/Harvia-Legend-Pro-Isitici-3-768x517.jpg 768w, https:\/\/barrsell.com\/wp-content\/uploads\/2024\/08\/Harvia-Legend-Pro-Isitici-3-18x12.jpg 18w, https:\/\/barrsell.com\/wp-content\/uploads\/2024\/08\/Harvia-Legend-Pro-Isitici-3-150x101.jpg 150w\" sizes=\"(max-width: 901px) 100vw, 901px\" \/><\/a><\/p>\n<\/div>\n<\/div>\n<\/div>\n<\/div>","protected":false},"excerpt":{"rendered":"<p>High performance<br \/>\nModern and Aesthetic Design<br \/>\nLarge Stone Capacity<\/p>","protected":false},"featured_media":13124,"template":"","meta":[],"product_cat":[53,166],"product_tag":[],"class_list":{"0":"post-13123","1":"product","2":"type-product","3":"status-publish","4":"has-post-thumbnail","6":"product_cat-sauna-isiticilari","7":"product_cat-harvia-sauna-isiticilar","9":"first","10":"instock","11":"shipping-taxable","12":"purchasable","13":"product-type-variable"},"yoast_head":"<!-- This site is optimized with the Yoast SEO Premium plugin v23.2 (Yoast SEO v23.2) - https:\/\/yoast.com\/wordpress\/plugins\/seo\/ -->\n<title>Harvia Legend Pro Is\u0131t\u0131c\u0131 | Barrsell End\u00fcstri<\/title>\n<meta name=\"description\" content=\"Harvia Legend Pro Is\u0131t\u0131c\u0131 saunan\u0131zda \u00fcst\u00fcn \u0131s\u0131tma performans\u0131 ve \u015f\u0131k bir g\u00f6r\u00fcn\u00fcm arayanlar i\u00e7in ideal bir \u00e7\u00f6z\u00fcmd\u00fcr. 11 kW g\u00fcc\u00fc ile geni\u015f\" \/>\n<meta name=\"robots\" content=\"index, follow, max-snippet:-1, max-image-preview:large, max-video-preview:-1\" \/>\n<link rel=\"canonical\" href=\"https:\/\/barrsell.com\/en\/product\/harvia-legend-pro-heater\/\" \/>\n<meta property=\"og:locale\" content=\"en_US\" \/>\n<meta property=\"og:type\" content=\"article\" \/>\n<meta property=\"og:title\" content=\"Harvia Legend Pro Is\u0131t\u0131c\u0131\" \/>\n<meta property=\"og:description\" content=\"Harvia Legend Pro Is\u0131t\u0131c\u0131 saunan\u0131zda \u00fcst\u00fcn \u0131s\u0131tma performans\u0131 ve \u015f\u0131k bir g\u00f6r\u00fcn\u00fcm arayanlar i\u00e7in ideal bir \u00e7\u00f6z\u00fcmd\u00fcr. 11 kW g\u00fcc\u00fc ile geni\u015f\" \/>\n<meta property=\"og:url\" content=\"https:\/\/barrsell.com\/en\/product\/harvia-legend-pro-heater\/\" \/>\n<meta property=\"og:site_name\" content=\"Barrsell\" \/>\n<meta property=\"article:modified_time\" content=\"2024-12-24T09:38:09+00:00\" \/>\n<meta property=\"og:image\" content=\"https:\/\/barrsell.com\/wp-content\/uploads\/2024\/08\/Harvia-Legend-Pro-PO11E-Isitici.png\" \/>\n\t<meta property=\"og:image:width\" content=\"1200\" \/>\n\t<meta property=\"og:image:height\" content=\"1200\" \/>\n\t<meta property=\"og:image:type\" content=\"image\/png\" \/>\n<meta name=\"twitter:card\" content=\"summary_large_image\" \/>\n<meta name=\"twitter:label1\" content=\"Est. reading time\" \/>\n\t<meta name=\"twitter:data1\" content=\"3 minutes\" \/>\n<script type=\"application\/ld+json\" class=\"yoast-schema-graph\">{\"@context\":\"https:\/\/schema.org\",\"@graph\":[{\"@type\":\"WebPage\",\"@id\":\"https:\/\/barrsell.com\/urun\/harvia-legend-pro-isitici\/\",\"url\":\"https:\/\/barrsell.com\/urun\/harvia-legend-pro-isitici\/\",\"name\":\"Harvia Legend Pro Is\u0131t\u0131c\u0131 | Barrsell End\u00fcstri\",\"isPartOf\":{\"@id\":\"https:\/\/barrsell.com\/#website\"},\"primaryImageOfPage\":{\"@id\":\"https:\/\/barrsell.com\/urun\/harvia-legend-pro-isitici\/#primaryimage\"},\"image\":{\"@id\":\"https:\/\/barrsell.com\/urun\/harvia-legend-pro-isitici\/#primaryimage\"},\"thumbnailUrl\":\"https:\/\/barrsell.com\/wp-content\/uploads\/2024\/08\/Harvia-Legend-Pro-PO11E-Isitici.png\",\"datePublished\":\"2024-08-27T10:54:16+00:00\",\"dateModified\":\"2024-12-24T09:38:09+00:00\",\"description\":\"Harvia Legend Pro Is\u0131t\u0131c\u0131 saunan\u0131zda \u00fcst\u00fcn \u0131s\u0131tma performans\u0131 ve \u015f\u0131k bir g\u00f6r\u00fcn\u00fcm arayanlar i\u00e7in ideal bir \u00e7\u00f6z\u00fcmd\u00fcr. 11 kW g\u00fcc\u00fc ile geni\u015f\",\"breadcrumb\":{\"@id\":\"https:\/\/barrsell.com\/urun\/harvia-legend-pro-isitici\/#breadcrumb\"},\"inLanguage\":\"en-US\",\"potentialAction\":[{\"@type\":\"ReadAction\",\"target\":[\"https:\/\/barrsell.com\/urun\/harvia-legend-pro-isitici\/\"]}]},{\"@type\":\"ImageObject\",\"inLanguage\":\"en-US\",\"@id\":\"https:\/\/barrsell.com\/urun\/harvia-legend-pro-isitici\/#primaryimage\",\"url\":\"https:\/\/barrsell.com\/wp-content\/uploads\/2024\/08\/Harvia-Legend-Pro-PO11E-Isitici.png\",\"contentUrl\":\"https:\/\/barrsell.com\/wp-content\/uploads\/2024\/08\/Harvia-Legend-Pro-PO11E-Isitici.png\",\"width\":1200,\"height\":1200,\"caption\":\"Harvia-Legend-Pro-PO11E- Is\u0131t\u0131c\u0131\"},{\"@type\":\"BreadcrumbList\",\"@id\":\"https:\/\/barrsell.com\/urun\/harvia-legend-pro-isitici\/#breadcrumb\",\"itemListElement\":[{\"@type\":\"ListItem\",\"position\":1,\"name\":\"Home\",\"item\":\"https:\/\/barrsell.com\/\"},{\"@type\":\"ListItem\",\"position\":2,\"name\":\"\u00dcr\u00fcnler\",\"item\":\"https:\/\/barrsell.com\/en\/products\/\"},{\"@type\":\"ListItem\",\"position\":3,\"name\":\"Harvia Legend Pro Is\u0131t\u0131c\u0131\"}]},{\"@type\":\"WebSite\",\"@id\":\"https:\/\/barrsell.com\/#website\",\"url\":\"https:\/\/barrsell.com\/\",\"name\":\"Barrsell End\u00fcstri Makine\",\"description\":\"Teknolojiyle G\u00fc\u00e7lenen End\u00fcstriyel \u00c7\u00f6z\u00fcmler!\",\"potentialAction\":[{\"@type\":\"SearchAction\",\"target\":{\"@type\":\"EntryPoint\",\"urlTemplate\":\"https:\/\/barrsell.com\/?s={search_term_string}\"},\"query-input\":\"required name=search_term_string\"}],\"inLanguage\":\"en-US\"}]}<\/script>\n<!-- \/ Yoast SEO Premium plugin. -->","yoast_head_json":{"title":"Harvia Legend Pro Is\u0131t\u0131c\u0131 | Barrsell End\u00fcstri","description":"Harvia Legend Pro Is\u0131t\u0131c\u0131 saunan\u0131zda \u00fcst\u00fcn \u0131s\u0131tma performans\u0131 ve \u015f\u0131k bir g\u00f6r\u00fcn\u00fcm arayanlar i\u00e7in ideal bir \u00e7\u00f6z\u00fcmd\u00fcr. 11 kW g\u00fcc\u00fc ile geni\u015f","robots":{"index":"index","follow":"follow","max-snippet":"max-snippet:-1","max-image-preview":"max-image-preview:large","max-video-preview":"max-video-preview:-1"},"canonical":"https:\/\/barrsell.com\/en\/product\/harvia-legend-pro-heater\/","og_locale":"en_US","og_type":"article","og_title":"Harvia Legend Pro Is\u0131t\u0131c\u0131","og_description":"Harvia Legend Pro Is\u0131t\u0131c\u0131 saunan\u0131zda \u00fcst\u00fcn \u0131s\u0131tma performans\u0131 ve \u015f\u0131k bir g\u00f6r\u00fcn\u00fcm arayanlar i\u00e7in ideal bir \u00e7\u00f6z\u00fcmd\u00fcr. 11 kW g\u00fcc\u00fc ile geni\u015f","og_url":"https:\/\/barrsell.com\/en\/product\/harvia-legend-pro-heater\/","og_site_name":"Barrsell","article_modified_time":"2024-12-24T09:38:09+00:00","og_image":[{"width":1200,"height":1200,"url":"https:\/\/barrsell.com\/wp-content\/uploads\/2024\/08\/Harvia-Legend-Pro-PO11E-Isitici.png","type":"image\/png"}],"twitter_card":"summary_large_image","twitter_misc":{"Est. reading time":"3 minutes"},"schema":{"@context":"https:\/\/schema.org","@graph":[{"@type":"WebPage","@id":"https:\/\/barrsell.com\/urun\/harvia-legend-pro-isitici\/","url":"https:\/\/barrsell.com\/urun\/harvia-legend-pro-isitici\/","name":"Harvia Legend Pro Is\u0131t\u0131c\u0131 | Barrsell End\u00fcstri","isPartOf":{"@id":"https:\/\/barrsell.com\/#website"},"primaryImageOfPage":{"@id":"https:\/\/barrsell.com\/urun\/harvia-legend-pro-isitici\/#primaryimage"},"image":{"@id":"https:\/\/barrsell.com\/urun\/harvia-legend-pro-isitici\/#primaryimage"},"thumbnailUrl":"https:\/\/barrsell.com\/wp-content\/uploads\/2024\/08\/Harvia-Legend-Pro-PO11E-Isitici.png","datePublished":"2024-08-27T10:54:16+00:00","dateModified":"2024-12-24T09:38:09+00:00","description":"Harvia Legend Pro Is\u0131t\u0131c\u0131 saunan\u0131zda \u00fcst\u00fcn \u0131s\u0131tma performans\u0131 ve \u015f\u0131k bir g\u00f6r\u00fcn\u00fcm arayanlar i\u00e7in ideal bir \u00e7\u00f6z\u00fcmd\u00fcr. 11 kW g\u00fcc\u00fc ile geni\u015f","breadcrumb":{"@id":"https:\/\/barrsell.com\/urun\/harvia-legend-pro-isitici\/#breadcrumb"},"inLanguage":"en-US","potentialAction":[{"@type":"ReadAction","target":["https:\/\/barrsell.com\/urun\/harvia-legend-pro-isitici\/"]}]},{"@type":"ImageObject","inLanguage":"en-US","@id":"https:\/\/barrsell.com\/urun\/harvia-legend-pro-isitici\/#primaryimage","url":"https:\/\/barrsell.com\/wp-content\/uploads\/2024\/08\/Harvia-Legend-Pro-PO11E-Isitici.png","contentUrl":"https:\/\/barrsell.com\/wp-content\/uploads\/2024\/08\/Harvia-Legend-Pro-PO11E-Isitici.png","width":1200,"height":1200,"caption":"Harvia-Legend-Pro-PO11E- Is\u0131t\u0131c\u0131"},{"@type":"BreadcrumbList","@id":"https:\/\/barrsell.com\/urun\/harvia-legend-pro-isitici\/#breadcrumb","itemListElement":[{"@type":"ListItem","position":1,"name":"Home","item":"https:\/\/barrsell.com\/"},{"@type":"ListItem","position":2,"name":"\u00dcr\u00fcnler","item":"https:\/\/barrsell.com\/en\/products\/"},{"@type":"ListItem","position":3,"name":"Harvia Legend Pro Is\u0131t\u0131c\u0131"}]},{"@type":"WebSite","@id":"https:\/\/barrsell.com\/#website","url":"https:\/\/barrsell.com\/","name":"Barrsell End\u00fcstri Makine","description":"Teknolojiyle G\u00fc\u00e7lenen End\u00fcstriyel \u00c7\u00f6z\u00fcmler!","potentialAction":[{"@type":"SearchAction","target":{"@type":"EntryPoint","urlTemplate":"https:\/\/barrsell.com\/?s={search_term_string}"},"query-input":"required name=search_term_string"}],"inLanguage":"en-US"}]}},"_links":{"self":[{"href":"https:\/\/barrsell.com\/en\/wp-json\/wp\/v2\/product\/13123","targetHints":{"allow":["GET"]}}],"collection":[{"href":"https:\/\/barrsell.com\/en\/wp-json\/wp\/v2\/product"}],"about":[{"href":"https:\/\/barrsell.com\/en\/wp-json\/wp\/v2\/types\/product"}],"version-history":[{"count":6,"href":"https:\/\/barrsell.com\/en\/wp-json\/wp\/v2\/product\/13123\/revisions"}],"predecessor-version":[{"id":19583,"href":"https:\/\/barrsell.com\/en\/wp-json\/wp\/v2\/product\/13123\/revisions\/19583"}],"wp:featuredmedia":[{"embeddable":true,"href":"https:\/\/barrsell.com\/en\/wp-json\/wp\/v2\/media\/13124"}],"wp:attachment":[{"href":"https:\/\/barrsell.com\/en\/wp-json\/wp\/v2\/media?parent=13123"}],"wp:term":[{"taxonomy":"product_cat","embeddable":true,"href":"https:\/\/barrsell.com\/en\/wp-json\/wp\/v2\/product_cat?post=13123"},{"taxonomy":"product_tag","embeddable":true,"href":"https:\/\/barrsell.com\/en\/wp-json\/wp\/v2\/product_tag?post=13123"}],"curies":[{"name":"wp","href":"https:\/\/api.w.org\/{rel}","templated":true}]}}