{"id":1312,"date":"2022-12-09T13:23:19","date_gmt":"2022-12-09T13:23:19","guid":{"rendered":"http:\/\/dummy.xtemos.com\/woodmart2\/mega-electronics-elementor\/?post_type=product&#038;p=1312"},"modified":"2025-01-09T10:35:58","modified_gmt":"2025-01-09T10:35:58","slug":"hygromatik-flexline-fle-nemlendirici","status":"publish","type":"product","link":"https:\/\/barrsell.com\/en\/product\/hygromatik-flexline-fle-humidifier\/","title":{"rendered":"HygroMatik FlexLine FLE Humidifier"},"content":{"rendered":"<h2>HygroMatik FlexLine FLE Humidifier<\/h2>\n<p>The mechanical operation of the HygroMatik FlexLine FLE Humidifier 03-100 series is specifically designed to provide the following features.<\/p>\n<p>- Steam generation using tap water<\/p>\n<p>- Direct conversion of electrical power into heat<\/p>\n<p>- The steam produced is 100\u00b0C (212\u00b0F) with a minimum pressure<\/p>\n<p>- Mineral and germ-free<\/p>\n<p>- Mineral deposits often remain behind the cylinder<\/p>\n<div class=\"mceTemp\"><\/div>\n<table style=\"height: 680px;\" width=\"841\">\n<tbody>\n<tr>\n<td rowspan=\"2\" width=\"94\">Model<\/td>\n<td rowspan=\"2\" width=\"127\">Maximum steam output<\/td>\n<td rowspan=\"2\" width=\"171\">El. connection<\/td>\n<td width=\"157\">Dimensions<\/td>\n<\/tr>\n<tr>\n<td width=\"157\">y\/g\/d [mm]<\/td>\n<\/tr>\n<tr>\n<td width=\"94\" data-title=\"Model\">FLE 05 TSPA<\/td>\n<td width=\"127\" data-title=\"Parn\u00ed v\u00fdkon max\">4,8 \u2013 5,2 kg\/h<\/td>\n<td width=\"171\" data-title=\"El. p\u0159ipojen\u00ed\">3,9 kW \/ 5,4 A<\/td>\n<td width=\"157\" data-title=\"Rozm\u011bry v\/\u0161\/h [mm]\">535\/540\/320<\/td>\n<\/tr>\n<tr>\n<td width=\"94\" data-title=\"Model\">FLE 10 TSPA<\/td>\n<td width=\"127\" data-title=\"Parn\u00ed v\u00fdkon max\">9,5 \u2013 10,4 kg\/h<\/td>\n<td width=\"171\" data-title=\"El. p\u0159ipojen\u00ed\">7,8 kW\/ 10,8 A<\/td>\n<td width=\"157\" data-title=\"Rozm\u011bry v\/\u0161\/h [mm]\">535\/540\/320<\/td>\n<\/tr>\n<tr>\n<td width=\"94\" data-title=\"Model\">FLE 15 TSPA<\/td>\n<td width=\"127\" data-title=\"Parn\u00ed v\u00fdkon max\">14,3 \u2013 15,6 kg\/h<\/td>\n<td width=\"171\" data-title=\"El. p\u0159ipojen\u00ed\">11,7 kW \/ 16,3 A<\/td>\n<td width=\"157\" data-title=\"Rozm\u011bry v\/\u0161\/h [mm]\">695\/540\/320<\/td>\n<\/tr>\n<tr>\n<td width=\"94\" data-title=\"Model\">FLE 20 TSPA<\/td>\n<td width=\"127\" data-title=\"Parn\u00ed v\u00fdkon max\">19 \u2013 20,8 kg\/h<\/td>\n<td width=\"171\" data-title=\"El. p\u0159ipojen\u00ed\">15,6 kW \/ 21,7 A<\/td>\n<td width=\"157\" data-title=\"Rozm\u011bry v\/\u0161\/h [mm]\">695\/540\/320<\/td>\n<\/tr>\n<tr>\n<td width=\"94\" data-title=\"Model\">FLE 25 TSPA<\/td>\n<td width=\"127\" data-title=\"Parn\u00ed v\u00fdkon max\">23,9 \u2013 26,1 kg\/h<\/td>\n<td width=\"171\" data-title=\"El. p\u0159ipojen\u00ed\">19,5 kW \/ 27,2 A<\/td>\n<td width=\"157\" data-title=\"Rozm\u011bry v\/\u0161\/h [mm]\">695\/540\/320<\/td>\n<\/tr>\n<tr>\n<td width=\"94\" data-title=\"Model\">FLE 30 TSPA<\/td>\n<td width=\"127\" data-title=\"Parn\u00ed v\u00fdkon max\">28,5 \u2013 31,2 kg\/h<\/td>\n<td width=\"171\" data-title=\"El. p\u0159ipojen\u00ed\">23,4 kW \/ 32,5 A<\/td>\n<td width=\"157\" data-title=\"Rozm\u011bry v\/\u0161\/h [mm]\">750\/580\/355<\/td>\n<\/tr>\n<tr>\n<td width=\"94\" data-title=\"Model\">FLE 40 TSPA<\/td>\n<td width=\"127\" data-title=\"Parn\u00ed v\u00fdkon max\">38,2 \u2013 41,7 kg\/h<\/td>\n<td width=\"171\" data-title=\"El. p\u0159ipojen\u00ed\">31,3 kW \/ 43,5 A<\/td>\n<td width=\"157\" data-title=\"Rozm\u011bry v\/\u0161\/h [mm]\">750\/580\/355<\/td>\n<\/tr>\n<tr>\n<td width=\"94\" data-title=\"Model\">FLE 50 TSPA<\/td>\n<td width=\"127\" data-title=\"Parn\u00ed v\u00fdkon max\">47,8 \u2013 52,2 kg\/h<\/td>\n<td width=\"171\" data-title=\"El. p\u0159ipojen\u00ed\">39,2 kW \/ 54,5 A<\/td>\n<td width=\"157\" data-title=\"Rozm\u011bry v\/\u0161\/h [mm]\">785\/640\/420<\/td>\n<\/tr>\n<tr>\n<td width=\"94\" data-title=\"Model\">FLE 65 TSPA<\/td>\n<td width=\"127\" data-title=\"Parn\u00ed v\u00fdkon max\">62,0 \u2013 67,5 kg\/h<\/td>\n<td width=\"171\" data-title=\"El. p\u0159ipojen\u00ed\">50,8 kW \/ 70,4 A<\/td>\n<td width=\"157\" data-title=\"Rozm\u011bry v\/\u0161\/h [mm]\">785\/640\/420<\/td>\n<\/tr>\n<tr>\n<td width=\"94\" data-title=\"Model\">FLE 80 TSPA<\/td>\n<td width=\"127\" data-title=\"Parn\u00ed v\u00fdkon max\">76,4 \u2013 83,4 kg\/h<\/td>\n<td width=\"171\" data-title=\"El. p\u0159ipojen\u00ed\">2x (31,3 kW \/ 43,5 A)<\/td>\n<td width=\"157\" data-title=\"Rozm\u011bry v\/\u0161\/h [mm]\">750\/1090\/355<\/td>\n<\/tr>\n<tr>\n<td width=\"94\" data-title=\"Model\">FLE 100 TSPA<\/td>\n<td width=\"127\" data-title=\"Parn\u00ed v\u00fdkon max\">95,4 \u2013 104,2 kg\/h<\/td>\n<td width=\"171\" data-title=\"El. p\u0159ipojen\u00ed\">2x (39,2 kW \/ 54,5 A)<\/td>\n<td width=\"157\" data-title=\"Rozm\u011bry v\/\u0161\/h [mm]\">785\/1170\/420<\/td>\n<\/tr>\n<tr>\n<td width=\"94\" data-title=\"Model\">FLE 130 TSPA<\/td>\n<td width=\"127\" data-title=\"Parn\u00ed v\u00fdkon max\">124 \u2013 135,4 kg\/h<\/td>\n<td width=\"171\" data-title=\"El. p\u0159ipojen\u00ed\">2x (50,6 kW \/ 70,4 A)<\/td>\n<td width=\"157\" data-title=\"Rozm\u011bry v\/\u0161\/h [mm]\">785\/1170\/420<\/td>\n<\/tr>\n<\/tbody>\n<\/table>\n<p><img fetchpriority=\"high\" decoding=\"async\" class=\"size-medium wp-image-11146 alignleft\" src=\"https:\/\/barrsell.com\/wp-content\/uploads\/2022\/12\/hygromatik-flexline-fle-png-300x300.jpg\" alt=\"\" width=\"300\" height=\"300\" srcset=\"https:\/\/barrsell.com\/wp-content\/uploads\/2022\/12\/hygromatik-flexline-fle-png-300x300.jpg 300w, https:\/\/barrsell.com\/wp-content\/uploads\/2022\/12\/hygromatik-flexline-fle-png-150x150.jpg 150w, https:\/\/barrsell.com\/wp-content\/uploads\/2022\/12\/hygromatik-flexline-fle-png-768x768.jpg 768w, https:\/\/barrsell.com\/wp-content\/uploads\/2022\/12\/hygromatik-flexline-fle-png-12x12.jpg 12w, https:\/\/barrsell.com\/wp-content\/uploads\/2022\/12\/hygromatik-flexline-fle-png-600x600.jpg 600w, https:\/\/barrsell.com\/wp-content\/uploads\/2022\/12\/hygromatik-flexline-fle-png-50x50.jpg 50w, https:\/\/barrsell.com\/wp-content\/uploads\/2022\/12\/hygromatik-flexline-fle-png-100x100.jpg 100w, https:\/\/barrsell.com\/wp-content\/uploads\/2022\/12\/hygromatik-flexline-fle-png.jpg 1000w\" sizes=\"(max-width: 300px) 100vw, 300px\" \/><\/p>\n<p><img decoding=\"async\" class=\"size-medium wp-image-11147 alignnone\" src=\"https:\/\/barrsell.com\/wp-content\/uploads\/2022\/12\/hygromatik-flexline-fle-05-300x300.jpg\" alt=\"\" width=\"300\" height=\"300\" srcset=\"https:\/\/barrsell.com\/wp-content\/uploads\/2022\/12\/hygromatik-flexline-fle-05-300x300.jpg 300w, https:\/\/barrsell.com\/wp-content\/uploads\/2022\/12\/hygromatik-flexline-fle-05-150x150.jpg 150w, https:\/\/barrsell.com\/wp-content\/uploads\/2022\/12\/hygromatik-flexline-fle-05-768x768.jpg 768w, https:\/\/barrsell.com\/wp-content\/uploads\/2022\/12\/hygromatik-flexline-fle-05-12x12.jpg 12w, https:\/\/barrsell.com\/wp-content\/uploads\/2022\/12\/hygromatik-flexline-fle-05-600x600.jpg 600w, https:\/\/barrsell.com\/wp-content\/uploads\/2022\/12\/hygromatik-flexline-fle-05-50x50.jpg 50w, https:\/\/barrsell.com\/wp-content\/uploads\/2022\/12\/hygromatik-flexline-fle-05-100x100.jpg 100w, https:\/\/barrsell.com\/wp-content\/uploads\/2022\/12\/hygromatik-flexline-fle-05.jpg 1000w\" sizes=\"(max-width: 300px) 100vw, 300px\" \/><\/p>\n<p>&nbsp;<\/p>\n<h4><strong>FLE Specifications<\/strong><\/h4>\n<ul>\n<li>FlexLine heaters self-adjust the device parameters to the quality of the water used.<\/li>\n<li>There is a system for washing the boiling cylinder.<\/li>\n<li>Easy menu option<\/li>\n<li>Easy to control and program<\/li>\n<li>Long life<\/li>\n<li>Stainless steel.<\/li>\n<\/ul>\n<h4>FlexLine FLE Installation and Application<\/h4>\n<p>The steam humidifier has the steam manifold installed as close as possible. So for optimum performance, the condensation hoses should be kept short. And you can also bolt them tightly to the floor. It also requires the installation of a closed room. In particular<\/p>\n<p>Not suitable for outdoor installation. This is because electronic components and water-bearing parts may be damaged. The suitable ambient temperature should be +5 to +40 \u00b0C (+41 to +104 \u00b0F). Otherwise the unit will freeze to protect its electronics and this will cause damage.<\/p>\n<p><strong>Preferably, you should mount the HygroMatik FlexLine FLE Humidifier in a stable location and a solid wall must be capable of supporting it. If you do not have such a wall, you can attach the unit to a stand bracket<\/strong><\/p>\n<h4><strong>Electrode Cylinder and sensor<\/strong><\/h4>\n<p class=\" translation-block\">When replacing the steam cylinder, new cylinders called CY45\/2 can be included in the old units. You can also replace the electrodes with a modification of the steam cylinder. However, the new electrodes only fit new steam cylinders. The <a href=\"\/\/barrsell.com\/kategoriler\/buhar-jeneratorleri-nemlendiriciler\/hygromatik-buharli-nemlendirici\/\u201d\" target=\"\u201c_self\u201d\">Hygromatic<\/a> sensor electrode monitors the maximum water capacity of the cylinder. For example, when the water level reaches the sensor electrode, the water supply is cut off.<\/p>\n<p>&nbsp;<\/p>\n<div id=\"attachment_11149\" style=\"width: 567px\" class=\"wp-caption aligncenter\"><a href=\"https:\/\/barrsell.com\/wp-content\/uploads\/2022\/12\/Hygromatik-FlexLine-Elektroden-barrsell-Systemtec.jpg\"><img decoding=\"async\" aria-describedby=\"caption-attachment-11149\" class=\"wp-image-11149\" src=\"https:\/\/barrsell.com\/wp-content\/uploads\/2022\/12\/Hygromatik-FlexLine-Elektroden-barrsell-Systemtec.jpg\" alt=\"Hygromatik-FlexLine FLE -Elektrotlar-barrsell-Systemtec\" width=\"557\" height=\"500\" srcset=\"https:\/\/barrsell.com\/wp-content\/uploads\/2022\/12\/Hygromatik-FlexLine-Elektroden-barrsell-Systemtec.jpg 952w, https:\/\/barrsell.com\/wp-content\/uploads\/2022\/12\/Hygromatik-FlexLine-Elektroden-barrsell-Systemtec-300x269.jpg 300w, https:\/\/barrsell.com\/wp-content\/uploads\/2022\/12\/Hygromatik-FlexLine-Elektroden-barrsell-Systemtec-768x690.jpg 768w, https:\/\/barrsell.com\/wp-content\/uploads\/2022\/12\/Hygromatik-FlexLine-Elektroden-barrsell-Systemtec-13x12.jpg 13w, https:\/\/barrsell.com\/wp-content\/uploads\/2022\/12\/Hygromatik-FlexLine-Elektroden-barrsell-Systemtec-150x135.jpg 150w\" sizes=\"(max-width: 557px) 100vw, 557px\" \/><\/a><p id=\"caption-attachment-11149\" class=\"wp-caption-text\"><span style=\"vertical-align: inherit;\"><span style=\"vertical-align: inherit;\">Higromatik-FlexLine FLE<\/span><\/span><\/p><\/div>","protected":false},"excerpt":{"rendered":"<ul>\n<li><strong><span style=\"vertical-align: inherit;\"><span style=\"vertical-align: inherit;\">Model:<\/span><\/span><\/strong><span style=\"vertical-align: inherit;\"><span style=\"vertical-align: inherit;\"> HygroMatik FlexLine FLE<br \/>\n<\/span><\/span><\/li>\n<li class=\" translation-block\"><strong>Humidity Measurement Range:<\/strong> 0 - 0% Relative Humidity (RH)<\/li>\n<\/ul>","protected":false},"featured_media":11141,"template":"","meta":[],"product_cat":[113,125,126],"product_tag":[],"class_list":{"0":"post-1312","1":"product","2":"type-product","3":"status-publish","4":"has-post-thumbnail","6":"product_cat-buhar-jeneratorleri-nemlendiriciler","7":"product_cat-hygromatik-buharli-nemlendirici","8":"product_cat-hygromatik-elektrotlu-nemlendiriciler","10":"first","11":"instock","12":"shipping-taxable","13":"purchasable","14":"product-type-variable"},"yoast_head":"<!-- This site is optimized with the Yoast SEO Premium plugin v23.2 (Yoast SEO v23.2) - https:\/\/yoast.com\/wordpress\/plugins\/seo\/ -->\n<title>HygroMatik FlexLine FLE Nemlendirici | Barrsell End\u00fcstri<\/title>\n<meta name=\"description\" content=\"HygroMatik FlexLine FLE Nemlendirici 03-100 serisi mekanik i\u015fleyi\u015fi, Musluk suyu kullanarak buhar \u00fcretimi Elektrik g\u00fcc\u00fcn\u00fcn do\u011frudan \u0131s\u0131ya d\u00f6n\u00fc\u015ft\u00fcr\u00fclmesi\" \/>\n<meta name=\"robots\" content=\"index, follow, max-snippet:-1, max-image-preview:large, max-video-preview:-1\" \/>\n<link rel=\"canonical\" href=\"https:\/\/barrsell.com\/en\/product\/hygromatik-flexline-fle-humidifier\/\" \/>\n<meta property=\"og:locale\" content=\"en_US\" \/>\n<meta property=\"og:type\" content=\"article\" \/>\n<meta property=\"og:title\" content=\"HygroMatik FlexLine FLE Nemlendirici\" \/>\n<meta property=\"og:description\" content=\"HygroMatik FlexLine FLE Nemlendirici 03-100 serisi mekanik i\u015fleyi\u015fi, Musluk suyu kullanarak buhar \u00fcretimi Elektrik g\u00fcc\u00fcn\u00fcn do\u011frudan \u0131s\u0131ya d\u00f6n\u00fc\u015ft\u00fcr\u00fclmesi\" \/>\n<meta property=\"og:url\" content=\"https:\/\/barrsell.com\/en\/product\/hygromatik-flexline-fle-humidifier\/\" \/>\n<meta property=\"og:site_name\" content=\"Barrsell\" \/>\n<meta property=\"article:modified_time\" content=\"2025-01-09T10:35:58+00:00\" \/>\n<meta property=\"og:image\" content=\"https:\/\/barrsell.com\/wp-content\/uploads\/2022\/12\/hygromatik-flexline-fle.png\" \/>\n\t<meta property=\"og:image:width\" content=\"1200\" \/>\n\t<meta property=\"og:image:height\" content=\"1200\" \/>\n\t<meta property=\"og:image:type\" content=\"image\/png\" \/>\n<meta name=\"twitter:card\" content=\"summary_large_image\" \/>\n<meta name=\"twitter:label1\" content=\"Est. reading time\" \/>\n\t<meta name=\"twitter:data1\" content=\"4 minutes\" \/>\n<script type=\"application\/ld+json\" class=\"yoast-schema-graph\">{\"@context\":\"https:\/\/schema.org\",\"@graph\":[{\"@type\":\"WebPage\",\"@id\":\"https:\/\/barrsell.com\/urun\/hygromatik-flexline-fle-nemlendirici\/\",\"url\":\"https:\/\/barrsell.com\/urun\/hygromatik-flexline-fle-nemlendirici\/\",\"name\":\"HygroMatik FlexLine FLE Nemlendirici | Barrsell End\u00fcstri\",\"isPartOf\":{\"@id\":\"https:\/\/barrsell.com\/#website\"},\"primaryImageOfPage\":{\"@id\":\"https:\/\/barrsell.com\/urun\/hygromatik-flexline-fle-nemlendirici\/#primaryimage\"},\"image\":{\"@id\":\"https:\/\/barrsell.com\/urun\/hygromatik-flexline-fle-nemlendirici\/#primaryimage\"},\"thumbnailUrl\":\"https:\/\/barrsell.com\/wp-content\/uploads\/2022\/12\/hygromatik-flexline-fle.png\",\"datePublished\":\"2022-12-09T13:23:19+00:00\",\"dateModified\":\"2025-01-09T10:35:58+00:00\",\"description\":\"HygroMatik FlexLine FLE Nemlendirici 03-100 serisi mekanik i\u015fleyi\u015fi, Musluk suyu kullanarak buhar \u00fcretimi Elektrik g\u00fcc\u00fcn\u00fcn do\u011frudan \u0131s\u0131ya d\u00f6n\u00fc\u015ft\u00fcr\u00fclmesi\",\"breadcrumb\":{\"@id\":\"https:\/\/barrsell.com\/urun\/hygromatik-flexline-fle-nemlendirici\/#breadcrumb\"},\"inLanguage\":\"en-US\",\"potentialAction\":[{\"@type\":\"ReadAction\",\"target\":[\"https:\/\/barrsell.com\/urun\/hygromatik-flexline-fle-nemlendirici\/\"]}]},{\"@type\":\"ImageObject\",\"inLanguage\":\"en-US\",\"@id\":\"https:\/\/barrsell.com\/urun\/hygromatik-flexline-fle-nemlendirici\/#primaryimage\",\"url\":\"https:\/\/barrsell.com\/wp-content\/uploads\/2022\/12\/hygromatik-flexline-fle.png\",\"contentUrl\":\"https:\/\/barrsell.com\/wp-content\/uploads\/2022\/12\/hygromatik-flexline-fle.png\",\"width\":1200,\"height\":1200,\"caption\":\"hygromatik-flexline-fle\"},{\"@type\":\"BreadcrumbList\",\"@id\":\"https:\/\/barrsell.com\/urun\/hygromatik-flexline-fle-nemlendirici\/#breadcrumb\",\"itemListElement\":[{\"@type\":\"ListItem\",\"position\":1,\"name\":\"Home\",\"item\":\"https:\/\/barrsell.com\/\"},{\"@type\":\"ListItem\",\"position\":2,\"name\":\"\u00dcr\u00fcnler\",\"item\":\"https:\/\/barrsell.com\/en\/products\/\"},{\"@type\":\"ListItem\",\"position\":3,\"name\":\"HygroMatik FlexLine FLE Nemlendirici\"}]},{\"@type\":\"WebSite\",\"@id\":\"https:\/\/barrsell.com\/#website\",\"url\":\"https:\/\/barrsell.com\/\",\"name\":\"Barrsell End\u00fcstri Makine\",\"description\":\"Teknolojiyle G\u00fc\u00e7lenen End\u00fcstriyel \u00c7\u00f6z\u00fcmler!\",\"potentialAction\":[{\"@type\":\"SearchAction\",\"target\":{\"@type\":\"EntryPoint\",\"urlTemplate\":\"https:\/\/barrsell.com\/?s={search_term_string}\"},\"query-input\":\"required name=search_term_string\"}],\"inLanguage\":\"en-US\"}]}<\/script>\n<!-- \/ Yoast SEO Premium plugin. -->","yoast_head_json":{"title":"HygroMatik FlexLine FLE Nemlendirici | Barrsell End\u00fcstri","description":"HygroMatik FlexLine FLE Nemlendirici 03-100 serisi mekanik i\u015fleyi\u015fi, Musluk suyu kullanarak buhar \u00fcretimi Elektrik g\u00fcc\u00fcn\u00fcn do\u011frudan \u0131s\u0131ya d\u00f6n\u00fc\u015ft\u00fcr\u00fclmesi","robots":{"index":"index","follow":"follow","max-snippet":"max-snippet:-1","max-image-preview":"max-image-preview:large","max-video-preview":"max-video-preview:-1"},"canonical":"https:\/\/barrsell.com\/en\/product\/hygromatik-flexline-fle-humidifier\/","og_locale":"en_US","og_type":"article","og_title":"HygroMatik FlexLine FLE Nemlendirici","og_description":"HygroMatik FlexLine FLE Nemlendirici 03-100 serisi mekanik i\u015fleyi\u015fi, Musluk suyu kullanarak buhar \u00fcretimi Elektrik g\u00fcc\u00fcn\u00fcn do\u011frudan \u0131s\u0131ya d\u00f6n\u00fc\u015ft\u00fcr\u00fclmesi","og_url":"https:\/\/barrsell.com\/en\/product\/hygromatik-flexline-fle-humidifier\/","og_site_name":"Barrsell","article_modified_time":"2025-01-09T10:35:58+00:00","og_image":[{"width":1200,"height":1200,"url":"https:\/\/barrsell.com\/wp-content\/uploads\/2022\/12\/hygromatik-flexline-fle.png","type":"image\/png"}],"twitter_card":"summary_large_image","twitter_misc":{"Est. reading time":"4 minutes"},"schema":{"@context":"https:\/\/schema.org","@graph":[{"@type":"WebPage","@id":"https:\/\/barrsell.com\/urun\/hygromatik-flexline-fle-nemlendirici\/","url":"https:\/\/barrsell.com\/urun\/hygromatik-flexline-fle-nemlendirici\/","name":"HygroMatik FlexLine FLE Nemlendirici | Barrsell End\u00fcstri","isPartOf":{"@id":"https:\/\/barrsell.com\/#website"},"primaryImageOfPage":{"@id":"https:\/\/barrsell.com\/urun\/hygromatik-flexline-fle-nemlendirici\/#primaryimage"},"image":{"@id":"https:\/\/barrsell.com\/urun\/hygromatik-flexline-fle-nemlendirici\/#primaryimage"},"thumbnailUrl":"https:\/\/barrsell.com\/wp-content\/uploads\/2022\/12\/hygromatik-flexline-fle.png","datePublished":"2022-12-09T13:23:19+00:00","dateModified":"2025-01-09T10:35:58+00:00","description":"HygroMatik FlexLine FLE Nemlendirici 03-100 serisi mekanik i\u015fleyi\u015fi, Musluk suyu kullanarak buhar \u00fcretimi Elektrik g\u00fcc\u00fcn\u00fcn do\u011frudan \u0131s\u0131ya d\u00f6n\u00fc\u015ft\u00fcr\u00fclmesi","breadcrumb":{"@id":"https:\/\/barrsell.com\/urun\/hygromatik-flexline-fle-nemlendirici\/#breadcrumb"},"inLanguage":"en-US","potentialAction":[{"@type":"ReadAction","target":["https:\/\/barrsell.com\/urun\/hygromatik-flexline-fle-nemlendirici\/"]}]},{"@type":"ImageObject","inLanguage":"en-US","@id":"https:\/\/barrsell.com\/urun\/hygromatik-flexline-fle-nemlendirici\/#primaryimage","url":"https:\/\/barrsell.com\/wp-content\/uploads\/2022\/12\/hygromatik-flexline-fle.png","contentUrl":"https:\/\/barrsell.com\/wp-content\/uploads\/2022\/12\/hygromatik-flexline-fle.png","width":1200,"height":1200,"caption":"hygromatik-flexline-fle"},{"@type":"BreadcrumbList","@id":"https:\/\/barrsell.com\/urun\/hygromatik-flexline-fle-nemlendirici\/#breadcrumb","itemListElement":[{"@type":"ListItem","position":1,"name":"Home","item":"https:\/\/barrsell.com\/"},{"@type":"ListItem","position":2,"name":"\u00dcr\u00fcnler","item":"https:\/\/barrsell.com\/en\/products\/"},{"@type":"ListItem","position":3,"name":"HygroMatik FlexLine FLE Nemlendirici"}]},{"@type":"WebSite","@id":"https:\/\/barrsell.com\/#website","url":"https:\/\/barrsell.com\/","name":"Barrsell End\u00fcstri Makine","description":"Teknolojiyle G\u00fc\u00e7lenen End\u00fcstriyel \u00c7\u00f6z\u00fcmler!","potentialAction":[{"@type":"SearchAction","target":{"@type":"EntryPoint","urlTemplate":"https:\/\/barrsell.com\/?s={search_term_string}"},"query-input":"required name=search_term_string"}],"inLanguage":"en-US"}]}},"_links":{"self":[{"href":"https:\/\/barrsell.com\/en\/wp-json\/wp\/v2\/product\/1312","targetHints":{"allow":["GET"]}}],"collection":[{"href":"https:\/\/barrsell.com\/en\/wp-json\/wp\/v2\/product"}],"about":[{"href":"https:\/\/barrsell.com\/en\/wp-json\/wp\/v2\/types\/product"}],"version-history":[{"count":19,"href":"https:\/\/barrsell.com\/en\/wp-json\/wp\/v2\/product\/1312\/revisions"}],"predecessor-version":[{"id":20107,"href":"https:\/\/barrsell.com\/en\/wp-json\/wp\/v2\/product\/1312\/revisions\/20107"}],"wp:featuredmedia":[{"embeddable":true,"href":"https:\/\/barrsell.com\/en\/wp-json\/wp\/v2\/media\/11141"}],"wp:attachment":[{"href":"https:\/\/barrsell.com\/en\/wp-json\/wp\/v2\/media?parent=1312"}],"wp:term":[{"taxonomy":"product_cat","embeddable":true,"href":"https:\/\/barrsell.com\/en\/wp-json\/wp\/v2\/product_cat?post=1312"},{"taxonomy":"product_tag","embeddable":true,"href":"https:\/\/barrsell.com\/en\/wp-json\/wp\/v2\/product_tag?post=1312"}],"curies":[{"name":"wp","href":"https:\/\/api.w.org\/{rel}","templated":true}]}}