{"id":13117,"date":"2024-08-27T10:50:13","date_gmt":"2024-08-27T10:50:13","guid":{"rendered":"https:\/\/barrsell.com\/?post_type=product&#038;p=13117"},"modified":"2024-12-24T09:56:31","modified_gmt":"2024-12-24T09:56:31","slug":"harvia-moderna-isitici","status":"publish","type":"product","link":"https:\/\/barrsell.com\/en\/product\/harvia-modern-heater\/","title":{"rendered":"Harvia Moderna Heater"},"content":{"rendered":"<div class=\"flex max-w-full flex-col flex-grow\">\n<div class=\"min-h-[20px] text-message flex w-full flex-col items-end gap-2 break-words [.text-message+&amp;]:mt-5 overflow-x-auto whitespace-normal\" dir=\"auto\" data-message-author-role=\"assistant\" data-message-id=\"04369e0e-5990-4804-812a-bb9b816e7c67\">\n<div class=\"flex w-full flex-col gap-1 empty:hidden first:pt-[3px]\">\n<div class=\"markdown prose w-full break-words dark:prose-invert light\">\n<h2>Harvia Moderna Heater: A High Level Gathering of Stylishness and Performance<\/h2>\n<p>The Harvia Moderna V45XE Heater is a high-performance heater designed for modern saunas.\u00a0 This model, which provides compact and effective heating with a power of 4.5 kW, is an excellent option in terms of both aesthetics and functionality.<\/p>\n<div id=\"attachment_19585\" style=\"width: 810px\" class=\"wp-caption alignnone\"><a href=\"https:\/\/barrsell.com\/wp-content\/uploads\/2024\/08\/Harvia-Moderna-Isitici-2.jpg\"><img fetchpriority=\"high\" decoding=\"async\" aria-describedby=\"caption-attachment-19585\" class=\"wp-image-19585 size-full\" src=\"https:\/\/barrsell.com\/wp-content\/uploads\/2024\/08\/Harvia-Moderna-Isitici-2.jpg\" alt=\"\" width=\"800\" height=\"960\" srcset=\"https:\/\/barrsell.com\/wp-content\/uploads\/2024\/08\/Harvia-Moderna-Isitici-2.jpg 800w, https:\/\/barrsell.com\/wp-content\/uploads\/2024\/08\/Harvia-Moderna-Isitici-2-250x300.jpg 250w, https:\/\/barrsell.com\/wp-content\/uploads\/2024\/08\/Harvia-Moderna-Isitici-2-768x922.jpg 768w, https:\/\/barrsell.com\/wp-content\/uploads\/2024\/08\/Harvia-Moderna-Isitici-2-10x12.jpg 10w, https:\/\/barrsell.com\/wp-content\/uploads\/2024\/08\/Harvia-Moderna-Isitici-2-150x180.jpg 150w\" sizes=\"(max-width: 800px) 100vw, 800px\" \/><\/a><p id=\"caption-attachment-19585\" class=\"wp-caption-text\">Harvia Moderna Heater-2<\/p><\/div>\n<p><strong>Compact &amp; Strong Heating Performance:<\/strong><\/p>\n<p>The Harvia Moderna V45XE delivers effective heating in compact saunas with a power of 4.5 kW. Its primarily high performance ensures a fast and even temperature distribution to every corner of your sauna. Due to this powerful performance, it offers a relaxing sauna experience and effective steam production.<\/p>\n<p><strong>Modern and Stylish Design:<\/strong><\/p>\n<p>This model offers a stylish design and aesthetic appearance. At the same time, it adds a sophisticated air to your sauna with its modern lines and elegant steel surface. Its particularly compact structure saves space, while its minimalist design also improves the overall look of your sauna.<\/p>\n<p><strong>User Friendly Control Panel:<\/strong><\/p>\n<p>The Harvia Moderna V45XE is equipped with a user-friendly control panel. This panel also allows you to precisely adjust the temperature and operating times. Thanks to its easily accessible control panel, it allows you to customize your sauna experience to your personal preferences.<\/p>\n<p><strong>Energy Efficiency and Economic Use:<\/strong><\/p>\n<p>The energy-efficient Harvia Moderna V45XE optimizes energy consumption and reduces costs. Thanks to its eco-friendly design, it saves energy in the long run and offers an economical use. As a result, this also reduces your costs in your sauna.<\/p>\n<div id=\"attachment_19586\" style=\"width: 610px\" class=\"wp-caption alignnone\"><a href=\"https:\/\/barrsell.com\/wp-content\/uploads\/2024\/08\/Harvia-Moderna-Isitici-3.jpg\"><img decoding=\"async\" aria-describedby=\"caption-attachment-19586\" class=\"wp-image-19586 size-full\" src=\"https:\/\/barrsell.com\/wp-content\/uploads\/2024\/08\/Harvia-Moderna-Isitici-3.jpg\" alt=\"\" width=\"600\" height=\"600\" srcset=\"https:\/\/barrsell.com\/wp-content\/uploads\/2024\/08\/Harvia-Moderna-Isitici-3.jpg 600w, https:\/\/barrsell.com\/wp-content\/uploads\/2024\/08\/Harvia-Moderna-Isitici-3-300x300.jpg 300w, https:\/\/barrsell.com\/wp-content\/uploads\/2024\/08\/Harvia-Moderna-Isitici-3-150x150.jpg 150w, https:\/\/barrsell.com\/wp-content\/uploads\/2024\/08\/Harvia-Moderna-Isitici-3-12x12.jpg 12w, https:\/\/barrsell.com\/wp-content\/uploads\/2024\/08\/Harvia-Moderna-Isitici-3-50x50.jpg 50w, https:\/\/barrsell.com\/wp-content\/uploads\/2024\/08\/Harvia-Moderna-Isitici-3-100x100.jpg 100w\" sizes=\"(max-width: 600px) 100vw, 600px\" \/><\/a><p id=\"caption-attachment-19586\" class=\"wp-caption-text\">Harvia Moderna Heater-3<\/p><\/div>\n<\/div>\n<\/div>\n<\/div>\n<\/div>\n<div class=\"mt-1 flex gap-3 empty:hidden -ml-2\">\n<div class=\"items-center justify-start rounded-xl p-1 flex\">\n<div class=\"flex items-center\"><\/div>\n<\/div>\n<\/div>","protected":false},"excerpt":{"rendered":"<p>Modern and Aesthetic Design<br \/>\nUser Friendly and Safe<br \/>\nSuitable for Commercial and Intensive Use<\/p>","protected":false},"featured_media":13120,"template":"","meta":[],"product_cat":[53,166],"product_tag":[],"class_list":{"0":"post-13117","1":"product","2":"type-product","3":"status-publish","4":"has-post-thumbnail","6":"product_cat-sauna-isiticilari","7":"product_cat-harvia-sauna-isiticilar","9":"first","10":"instock","11":"shipping-taxable","12":"purchasable","13":"product-type-variable"},"yoast_head":"<!-- This site is optimized with the Yoast SEO Premium plugin v23.2 (Yoast SEO v23.2) - https:\/\/yoast.com\/wordpress\/plugins\/seo\/ -->\n<title>Harvia Moderna Is\u0131t\u0131c\u0131 | Barrsell End\u00fcstri<\/title>\n<meta name=\"description\" content=\"Harvia Moderna Is\u0131t\u0131c\u0131, modern saunalar i\u00e7in tasarlanm\u0131\u015f y\u00fcksek performansl\u0131 bir \u0131s\u0131t\u0131c\u0131d\u0131r. 4.5 kW g\u00fcc\u00fcyle kompakt ve etkili \u0131s\u0131tma sa\u011flayan\" \/>\n<meta name=\"robots\" content=\"index, follow, max-snippet:-1, max-image-preview:large, max-video-preview:-1\" \/>\n<link rel=\"canonical\" href=\"https:\/\/barrsell.com\/en\/product\/harvia-modern-heater\/\" \/>\n<meta property=\"og:locale\" content=\"en_US\" \/>\n<meta property=\"og:type\" content=\"article\" \/>\n<meta property=\"og:title\" content=\"Harvia Moderna Is\u0131t\u0131c\u0131\" \/>\n<meta property=\"og:description\" content=\"Harvia Moderna Is\u0131t\u0131c\u0131, modern saunalar i\u00e7in tasarlanm\u0131\u015f y\u00fcksek performansl\u0131 bir \u0131s\u0131t\u0131c\u0131d\u0131r. 4.5 kW g\u00fcc\u00fcyle kompakt ve etkili \u0131s\u0131tma sa\u011flayan\" \/>\n<meta property=\"og:url\" content=\"https:\/\/barrsell.com\/en\/product\/harvia-modern-heater\/\" \/>\n<meta property=\"og:site_name\" content=\"Barrsell\" \/>\n<meta property=\"article:modified_time\" content=\"2024-12-24T09:56:31+00:00\" \/>\n<meta property=\"og:image\" content=\"https:\/\/barrsell.com\/wp-content\/uploads\/2024\/08\/Harvia-Moderna-V45XE-Isitici.png\" \/>\n\t<meta property=\"og:image:width\" content=\"1200\" \/>\n\t<meta property=\"og:image:height\" content=\"1200\" \/>\n\t<meta property=\"og:image:type\" content=\"image\/png\" \/>\n<meta name=\"twitter:card\" content=\"summary_large_image\" \/>\n<meta name=\"twitter:label1\" content=\"Est. reading time\" \/>\n\t<meta name=\"twitter:data1\" content=\"2 minutes\" \/>\n<script type=\"application\/ld+json\" class=\"yoast-schema-graph\">{\"@context\":\"https:\/\/schema.org\",\"@graph\":[{\"@type\":\"WebPage\",\"@id\":\"https:\/\/barrsell.com\/urun\/harvia-moderna-isitici\/\",\"url\":\"https:\/\/barrsell.com\/urun\/harvia-moderna-isitici\/\",\"name\":\"Harvia Moderna Is\u0131t\u0131c\u0131 | Barrsell End\u00fcstri\",\"isPartOf\":{\"@id\":\"https:\/\/barrsell.com\/#website\"},\"primaryImageOfPage\":{\"@id\":\"https:\/\/barrsell.com\/urun\/harvia-moderna-isitici\/#primaryimage\"},\"image\":{\"@id\":\"https:\/\/barrsell.com\/urun\/harvia-moderna-isitici\/#primaryimage\"},\"thumbnailUrl\":\"https:\/\/barrsell.com\/wp-content\/uploads\/2024\/08\/Harvia-Moderna-V45XE-Isitici.png\",\"datePublished\":\"2024-08-27T10:50:13+00:00\",\"dateModified\":\"2024-12-24T09:56:31+00:00\",\"description\":\"Harvia Moderna Is\u0131t\u0131c\u0131, modern saunalar i\u00e7in tasarlanm\u0131\u015f y\u00fcksek performansl\u0131 bir \u0131s\u0131t\u0131c\u0131d\u0131r. 4.5 kW g\u00fcc\u00fcyle kompakt ve etkili \u0131s\u0131tma sa\u011flayan\",\"breadcrumb\":{\"@id\":\"https:\/\/barrsell.com\/urun\/harvia-moderna-isitici\/#breadcrumb\"},\"inLanguage\":\"en-US\",\"potentialAction\":[{\"@type\":\"ReadAction\",\"target\":[\"https:\/\/barrsell.com\/urun\/harvia-moderna-isitici\/\"]}]},{\"@type\":\"ImageObject\",\"inLanguage\":\"en-US\",\"@id\":\"https:\/\/barrsell.com\/urun\/harvia-moderna-isitici\/#primaryimage\",\"url\":\"https:\/\/barrsell.com\/wp-content\/uploads\/2024\/08\/Harvia-Moderna-V45XE-Isitici.png\",\"contentUrl\":\"https:\/\/barrsell.com\/wp-content\/uploads\/2024\/08\/Harvia-Moderna-V45XE-Isitici.png\",\"width\":1200,\"height\":1200,\"caption\":\"Harvia Moderna V45XE Is\u0131t\u0131c\u0131\"},{\"@type\":\"BreadcrumbList\",\"@id\":\"https:\/\/barrsell.com\/urun\/harvia-moderna-isitici\/#breadcrumb\",\"itemListElement\":[{\"@type\":\"ListItem\",\"position\":1,\"name\":\"Home\",\"item\":\"https:\/\/barrsell.com\/\"},{\"@type\":\"ListItem\",\"position\":2,\"name\":\"\u00dcr\u00fcnler\",\"item\":\"https:\/\/barrsell.com\/en\/products\/\"},{\"@type\":\"ListItem\",\"position\":3,\"name\":\"Harvia Moderna Is\u0131t\u0131c\u0131\"}]},{\"@type\":\"WebSite\",\"@id\":\"https:\/\/barrsell.com\/#website\",\"url\":\"https:\/\/barrsell.com\/\",\"name\":\"Barrsell End\u00fcstri Makine\",\"description\":\"Teknolojiyle G\u00fc\u00e7lenen End\u00fcstriyel \u00c7\u00f6z\u00fcmler!\",\"potentialAction\":[{\"@type\":\"SearchAction\",\"target\":{\"@type\":\"EntryPoint\",\"urlTemplate\":\"https:\/\/barrsell.com\/?s={search_term_string}\"},\"query-input\":\"required name=search_term_string\"}],\"inLanguage\":\"en-US\"}]}<\/script>\n<!-- \/ Yoast SEO Premium plugin. -->","yoast_head_json":{"title":"Harvia Moderna Is\u0131t\u0131c\u0131 | Barrsell End\u00fcstri","description":"Harvia Moderna Is\u0131t\u0131c\u0131, modern saunalar i\u00e7in tasarlanm\u0131\u015f y\u00fcksek performansl\u0131 bir \u0131s\u0131t\u0131c\u0131d\u0131r. 4.5 kW g\u00fcc\u00fcyle kompakt ve etkili \u0131s\u0131tma sa\u011flayan","robots":{"index":"index","follow":"follow","max-snippet":"max-snippet:-1","max-image-preview":"max-image-preview:large","max-video-preview":"max-video-preview:-1"},"canonical":"https:\/\/barrsell.com\/en\/product\/harvia-modern-heater\/","og_locale":"en_US","og_type":"article","og_title":"Harvia Moderna Is\u0131t\u0131c\u0131","og_description":"Harvia Moderna Is\u0131t\u0131c\u0131, modern saunalar i\u00e7in tasarlanm\u0131\u015f y\u00fcksek performansl\u0131 bir \u0131s\u0131t\u0131c\u0131d\u0131r. 4.5 kW g\u00fcc\u00fcyle kompakt ve etkili \u0131s\u0131tma sa\u011flayan","og_url":"https:\/\/barrsell.com\/en\/product\/harvia-modern-heater\/","og_site_name":"Barrsell","article_modified_time":"2024-12-24T09:56:31+00:00","og_image":[{"width":1200,"height":1200,"url":"https:\/\/barrsell.com\/wp-content\/uploads\/2024\/08\/Harvia-Moderna-V45XE-Isitici.png","type":"image\/png"}],"twitter_card":"summary_large_image","twitter_misc":{"Est. reading time":"2 minutes"},"schema":{"@context":"https:\/\/schema.org","@graph":[{"@type":"WebPage","@id":"https:\/\/barrsell.com\/urun\/harvia-moderna-isitici\/","url":"https:\/\/barrsell.com\/urun\/harvia-moderna-isitici\/","name":"Harvia Moderna Is\u0131t\u0131c\u0131 | Barrsell End\u00fcstri","isPartOf":{"@id":"https:\/\/barrsell.com\/#website"},"primaryImageOfPage":{"@id":"https:\/\/barrsell.com\/urun\/harvia-moderna-isitici\/#primaryimage"},"image":{"@id":"https:\/\/barrsell.com\/urun\/harvia-moderna-isitici\/#primaryimage"},"thumbnailUrl":"https:\/\/barrsell.com\/wp-content\/uploads\/2024\/08\/Harvia-Moderna-V45XE-Isitici.png","datePublished":"2024-08-27T10:50:13+00:00","dateModified":"2024-12-24T09:56:31+00:00","description":"Harvia Moderna Is\u0131t\u0131c\u0131, modern saunalar i\u00e7in tasarlanm\u0131\u015f y\u00fcksek performansl\u0131 bir \u0131s\u0131t\u0131c\u0131d\u0131r. 4.5 kW g\u00fcc\u00fcyle kompakt ve etkili \u0131s\u0131tma sa\u011flayan","breadcrumb":{"@id":"https:\/\/barrsell.com\/urun\/harvia-moderna-isitici\/#breadcrumb"},"inLanguage":"en-US","potentialAction":[{"@type":"ReadAction","target":["https:\/\/barrsell.com\/urun\/harvia-moderna-isitici\/"]}]},{"@type":"ImageObject","inLanguage":"en-US","@id":"https:\/\/barrsell.com\/urun\/harvia-moderna-isitici\/#primaryimage","url":"https:\/\/barrsell.com\/wp-content\/uploads\/2024\/08\/Harvia-Moderna-V45XE-Isitici.png","contentUrl":"https:\/\/barrsell.com\/wp-content\/uploads\/2024\/08\/Harvia-Moderna-V45XE-Isitici.png","width":1200,"height":1200,"caption":"Harvia Moderna V45XE Is\u0131t\u0131c\u0131"},{"@type":"BreadcrumbList","@id":"https:\/\/barrsell.com\/urun\/harvia-moderna-isitici\/#breadcrumb","itemListElement":[{"@type":"ListItem","position":1,"name":"Home","item":"https:\/\/barrsell.com\/"},{"@type":"ListItem","position":2,"name":"\u00dcr\u00fcnler","item":"https:\/\/barrsell.com\/en\/products\/"},{"@type":"ListItem","position":3,"name":"Harvia Moderna Is\u0131t\u0131c\u0131"}]},{"@type":"WebSite","@id":"https:\/\/barrsell.com\/#website","url":"https:\/\/barrsell.com\/","name":"Barrsell End\u00fcstri Makine","description":"Teknolojiyle G\u00fc\u00e7lenen End\u00fcstriyel \u00c7\u00f6z\u00fcmler!","potentialAction":[{"@type":"SearchAction","target":{"@type":"EntryPoint","urlTemplate":"https:\/\/barrsell.com\/?s={search_term_string}"},"query-input":"required name=search_term_string"}],"inLanguage":"en-US"}]}},"_links":{"self":[{"href":"https:\/\/barrsell.com\/en\/wp-json\/wp\/v2\/product\/13117","targetHints":{"allow":["GET"]}}],"collection":[{"href":"https:\/\/barrsell.com\/en\/wp-json\/wp\/v2\/product"}],"about":[{"href":"https:\/\/barrsell.com\/en\/wp-json\/wp\/v2\/types\/product"}],"version-history":[{"count":6,"href":"https:\/\/barrsell.com\/en\/wp-json\/wp\/v2\/product\/13117\/revisions"}],"predecessor-version":[{"id":19587,"href":"https:\/\/barrsell.com\/en\/wp-json\/wp\/v2\/product\/13117\/revisions\/19587"}],"wp:featuredmedia":[{"embeddable":true,"href":"https:\/\/barrsell.com\/en\/wp-json\/wp\/v2\/media\/13120"}],"wp:attachment":[{"href":"https:\/\/barrsell.com\/en\/wp-json\/wp\/v2\/media?parent=13117"}],"wp:term":[{"taxonomy":"product_cat","embeddable":true,"href":"https:\/\/barrsell.com\/en\/wp-json\/wp\/v2\/product_cat?post=13117"},{"taxonomy":"product_tag","embeddable":true,"href":"https:\/\/barrsell.com\/en\/wp-json\/wp\/v2\/product_tag?post=13117"}],"curies":[{"name":"wp","href":"https:\/\/api.w.org\/{rel}","templated":true}]}}