{"id":13114,"date":"2024-08-27T10:44:17","date_gmt":"2024-08-27T10:44:17","guid":{"rendered":"https:\/\/barrsell.com\/?post_type=product&#038;p=13114"},"modified":"2024-12-24T10:06:41","modified_gmt":"2024-12-24T10:06:41","slug":"harvia-cilindro-isitici","status":"publish","type":"product","link":"https:\/\/barrsell.com\/en\/product\/harvia-cilindro-heater\/","title":{"rendered":"Harvia Cilindro Heater"},"content":{"rendered":"<div class=\"flex max-w-full flex-col flex-grow\">\n<div class=\"min-h-[20px] text-message flex w-full flex-col items-end gap-2 break-words [.text-message+&amp;]:mt-5 overflow-x-auto whitespace-normal\" dir=\"auto\" data-message-author-role=\"assistant\" data-message-id=\"810ffcc1-0e1e-4ca5-b0fd-0caca0b9d959\">\n<div class=\"flex w-full flex-col gap-1 empty:hidden first:pt-[3px]\">\n<div class=\"markdown prose w-full break-words dark:prose-invert light\">\n<h2>Harvia Cilindro Heater: 6 m\u00b3-10 m\u00b3<\/h2>\n<p>The Harvia Cilindro PC70XE Heater offers superior performance and aesthetic appearance in wide and medium-sized saunas. This model, which provides effective heating with a power of 7 kW in particular, stands out with both its functionality and modern design.<\/p>\n<div id=\"attachment_19588\" style=\"width: 710px\" class=\"wp-caption aligncenter\"><a href=\"https:\/\/barrsell.com\/wp-content\/uploads\/2024\/08\/Harvia-Cilindro-Isitici-2.webp\"><img fetchpriority=\"high\" decoding=\"async\" aria-describedby=\"caption-attachment-19588\" class=\"wp-image-19588 size-full\" src=\"https:\/\/barrsell.com\/wp-content\/uploads\/2024\/08\/Harvia-Cilindro-Isitici-2.webp\" alt=\"\" width=\"700\" height=\"700\" srcset=\"https:\/\/barrsell.com\/wp-content\/uploads\/2024\/08\/Harvia-Cilindro-Isitici-2.webp 700w, https:\/\/barrsell.com\/wp-content\/uploads\/2024\/08\/Harvia-Cilindro-Isitici-2-300x300.webp 300w, https:\/\/barrsell.com\/wp-content\/uploads\/2024\/08\/Harvia-Cilindro-Isitici-2-150x150.webp 150w, https:\/\/barrsell.com\/wp-content\/uploads\/2024\/08\/Harvia-Cilindro-Isitici-2-12x12.webp 12w, https:\/\/barrsell.com\/wp-content\/uploads\/2024\/08\/Harvia-Cilindro-Isitici-2-600x600.webp 600w, https:\/\/barrsell.com\/wp-content\/uploads\/2024\/08\/Harvia-Cilindro-Isitici-2-50x50.webp 50w, https:\/\/barrsell.com\/wp-content\/uploads\/2024\/08\/Harvia-Cilindro-Isitici-2-100x100.webp 100w\" sizes=\"(max-width: 700px) 100vw, 700px\" \/><\/a><p id=\"caption-attachment-19588\" class=\"wp-caption-text\">Harvia Cilindro Heater-2<\/p><\/div>\n<h4><strong>Effective Heating Capacity:<\/strong><\/h4>\n<p>The Harvia Cilindro PC70XE provides effective and fast heating in large saunas thanks to its 7 kW power. At the same time, the large stone reservoir guarantees a uniform temperature distribution to every corner of your sauna. This high performance offers a comfortable sauna experience, especially with an in-depth relaxation and intensive steam production.<\/p>\n<h4><strong>Fashionable and Modern Design:<\/strong><\/h4>\n<p>This model offers a modern aesthetic with its cylindrical form and stainless steel exterior. Its elegant design improves the look of your sauna while at the same time saving space with its compact structure. In addition, its modern and minimalist design adds elegance to the interior of your sauna.<\/p>\n<h4><strong>User Friendly Control Panel:<\/strong><\/h4>\n<p>The Harvia Cilindro PC70XE is equipped with a user-friendly control panel. This panel allows you to precisely adjust both temperature and operating times. This easy-to-access control panel allows you to customize your sauna experience to suit your personal preferences.<\/p>\n<h4><strong>Energy Efficiency and Economic Use:<\/strong><\/h4>\n<p>The energy-efficient Harvia Cilindro PC70XE optimizes energy consumption and reduces costs. Its eco-friendly design saves energy in the long run and offers an economical use. This reduces your costs and increases energy efficiency in your sauna.<\/p>\n<\/div>\n<\/div>\n<\/div>\n<\/div>","protected":false},"excerpt":{"rendered":"<p>High performance<br \/>\nModern and Aesthetic Design<br \/>\nLarge Stone Capacity<\/p>","protected":false},"featured_media":13115,"template":"","meta":[],"product_cat":[53,166],"product_tag":[],"class_list":{"0":"post-13114","1":"product","2":"type-product","3":"status-publish","4":"has-post-thumbnail","6":"product_cat-sauna-isiticilari","7":"product_cat-harvia-sauna-isiticilar","9":"first","10":"instock","11":"shipping-taxable","12":"purchasable","13":"product-type-variable"},"yoast_head":"<!-- This site is optimized with the Yoast SEO Premium plugin v23.2 (Yoast SEO v23.2) - https:\/\/yoast.com\/wordpress\/plugins\/seo\/ -->\n<title>Harvia Cilindro Is\u0131t\u0131c\u0131 | Barrsell End\u00fcstri<\/title>\n<meta name=\"description\" content=\"Harvia Cilindro Is\u0131t\u0131c\u0131, geni\u015f ve orta b\u00fcy\u00fckl\u00fckteki saunalarda \u00fcst\u00fcn performans ve estetik bir g\u00f6r\u00fcn\u00fcm sunar. 7 kW g\u00fcc\u00fcyle etkili \u0131s\u0131tma sa\u011flayan\" \/>\n<meta name=\"robots\" content=\"index, follow, max-snippet:-1, max-image-preview:large, max-video-preview:-1\" \/>\n<link rel=\"canonical\" href=\"https:\/\/barrsell.com\/en\/product\/harvia-cilindro-heater\/\" \/>\n<meta property=\"og:locale\" content=\"en_US\" \/>\n<meta property=\"og:type\" content=\"article\" \/>\n<meta property=\"og:title\" content=\"Harvia Cilindro Is\u0131t\u0131c\u0131\" \/>\n<meta property=\"og:description\" content=\"Harvia Cilindro Is\u0131t\u0131c\u0131, geni\u015f ve orta b\u00fcy\u00fckl\u00fckteki saunalarda \u00fcst\u00fcn performans ve estetik bir g\u00f6r\u00fcn\u00fcm sunar. 7 kW g\u00fcc\u00fcyle etkili \u0131s\u0131tma sa\u011flayan\" \/>\n<meta property=\"og:url\" content=\"https:\/\/barrsell.com\/en\/product\/harvia-cilindro-heater\/\" \/>\n<meta property=\"og:site_name\" content=\"Barrsell\" \/>\n<meta property=\"article:modified_time\" content=\"2024-12-24T10:06:41+00:00\" \/>\n<meta property=\"og:image\" content=\"https:\/\/barrsell.com\/wp-content\/uploads\/2024\/08\/HARVIA-CILINDRO-PC70XE.png\" \/>\n\t<meta property=\"og:image:width\" content=\"1200\" \/>\n\t<meta property=\"og:image:height\" content=\"1200\" \/>\n\t<meta property=\"og:image:type\" content=\"image\/png\" \/>\n<meta name=\"twitter:card\" content=\"summary_large_image\" \/>\n<meta name=\"twitter:label1\" content=\"Est. reading time\" \/>\n\t<meta name=\"twitter:data1\" content=\"2 minutes\" \/>\n<script type=\"application\/ld+json\" class=\"yoast-schema-graph\">{\"@context\":\"https:\/\/schema.org\",\"@graph\":[{\"@type\":\"WebPage\",\"@id\":\"https:\/\/barrsell.com\/urun\/harvia-cilindro-isitici\/\",\"url\":\"https:\/\/barrsell.com\/urun\/harvia-cilindro-isitici\/\",\"name\":\"Harvia Cilindro Is\u0131t\u0131c\u0131 | Barrsell End\u00fcstri\",\"isPartOf\":{\"@id\":\"https:\/\/barrsell.com\/#website\"},\"primaryImageOfPage\":{\"@id\":\"https:\/\/barrsell.com\/urun\/harvia-cilindro-isitici\/#primaryimage\"},\"image\":{\"@id\":\"https:\/\/barrsell.com\/urun\/harvia-cilindro-isitici\/#primaryimage\"},\"thumbnailUrl\":\"https:\/\/barrsell.com\/wp-content\/uploads\/2024\/08\/HARVIA-CILINDRO-PC70XE.png\",\"datePublished\":\"2024-08-27T10:44:17+00:00\",\"dateModified\":\"2024-12-24T10:06:41+00:00\",\"description\":\"Harvia Cilindro Is\u0131t\u0131c\u0131, geni\u015f ve orta b\u00fcy\u00fckl\u00fckteki saunalarda \u00fcst\u00fcn performans ve estetik bir g\u00f6r\u00fcn\u00fcm sunar. 7 kW g\u00fcc\u00fcyle etkili \u0131s\u0131tma sa\u011flayan\",\"breadcrumb\":{\"@id\":\"https:\/\/barrsell.com\/urun\/harvia-cilindro-isitici\/#breadcrumb\"},\"inLanguage\":\"en-US\",\"potentialAction\":[{\"@type\":\"ReadAction\",\"target\":[\"https:\/\/barrsell.com\/urun\/harvia-cilindro-isitici\/\"]}]},{\"@type\":\"ImageObject\",\"inLanguage\":\"en-US\",\"@id\":\"https:\/\/barrsell.com\/urun\/harvia-cilindro-isitici\/#primaryimage\",\"url\":\"https:\/\/barrsell.com\/wp-content\/uploads\/2024\/08\/HARVIA-CILINDRO-PC70XE.png\",\"contentUrl\":\"https:\/\/barrsell.com\/wp-content\/uploads\/2024\/08\/HARVIA-CILINDRO-PC70XE.png\",\"width\":1200,\"height\":1200,\"caption\":\"HARVIA CILINDRO PC70XE\"},{\"@type\":\"BreadcrumbList\",\"@id\":\"https:\/\/barrsell.com\/urun\/harvia-cilindro-isitici\/#breadcrumb\",\"itemListElement\":[{\"@type\":\"ListItem\",\"position\":1,\"name\":\"Home\",\"item\":\"https:\/\/barrsell.com\/\"},{\"@type\":\"ListItem\",\"position\":2,\"name\":\"\u00dcr\u00fcnler\",\"item\":\"https:\/\/barrsell.com\/en\/products\/\"},{\"@type\":\"ListItem\",\"position\":3,\"name\":\"Harvia Cilindro Is\u0131t\u0131c\u0131\"}]},{\"@type\":\"WebSite\",\"@id\":\"https:\/\/barrsell.com\/#website\",\"url\":\"https:\/\/barrsell.com\/\",\"name\":\"Barrsell End\u00fcstri Makine\",\"description\":\"Teknolojiyle G\u00fc\u00e7lenen End\u00fcstriyel \u00c7\u00f6z\u00fcmler!\",\"potentialAction\":[{\"@type\":\"SearchAction\",\"target\":{\"@type\":\"EntryPoint\",\"urlTemplate\":\"https:\/\/barrsell.com\/?s={search_term_string}\"},\"query-input\":\"required name=search_term_string\"}],\"inLanguage\":\"en-US\"}]}<\/script>\n<!-- \/ Yoast SEO Premium plugin. -->","yoast_head_json":{"title":"Harvia Cilindro Is\u0131t\u0131c\u0131 | Barrsell End\u00fcstri","description":"Harvia Cilindro Is\u0131t\u0131c\u0131, geni\u015f ve orta b\u00fcy\u00fckl\u00fckteki saunalarda \u00fcst\u00fcn performans ve estetik bir g\u00f6r\u00fcn\u00fcm sunar. 7 kW g\u00fcc\u00fcyle etkili \u0131s\u0131tma sa\u011flayan","robots":{"index":"index","follow":"follow","max-snippet":"max-snippet:-1","max-image-preview":"max-image-preview:large","max-video-preview":"max-video-preview:-1"},"canonical":"https:\/\/barrsell.com\/en\/product\/harvia-cilindro-heater\/","og_locale":"en_US","og_type":"article","og_title":"Harvia Cilindro Is\u0131t\u0131c\u0131","og_description":"Harvia Cilindro Is\u0131t\u0131c\u0131, geni\u015f ve orta b\u00fcy\u00fckl\u00fckteki saunalarda \u00fcst\u00fcn performans ve estetik bir g\u00f6r\u00fcn\u00fcm sunar. 7 kW g\u00fcc\u00fcyle etkili \u0131s\u0131tma sa\u011flayan","og_url":"https:\/\/barrsell.com\/en\/product\/harvia-cilindro-heater\/","og_site_name":"Barrsell","article_modified_time":"2024-12-24T10:06:41+00:00","og_image":[{"width":1200,"height":1200,"url":"https:\/\/barrsell.com\/wp-content\/uploads\/2024\/08\/HARVIA-CILINDRO-PC70XE.png","type":"image\/png"}],"twitter_card":"summary_large_image","twitter_misc":{"Est. reading time":"2 minutes"},"schema":{"@context":"https:\/\/schema.org","@graph":[{"@type":"WebPage","@id":"https:\/\/barrsell.com\/urun\/harvia-cilindro-isitici\/","url":"https:\/\/barrsell.com\/urun\/harvia-cilindro-isitici\/","name":"Harvia Cilindro Is\u0131t\u0131c\u0131 | Barrsell End\u00fcstri","isPartOf":{"@id":"https:\/\/barrsell.com\/#website"},"primaryImageOfPage":{"@id":"https:\/\/barrsell.com\/urun\/harvia-cilindro-isitici\/#primaryimage"},"image":{"@id":"https:\/\/barrsell.com\/urun\/harvia-cilindro-isitici\/#primaryimage"},"thumbnailUrl":"https:\/\/barrsell.com\/wp-content\/uploads\/2024\/08\/HARVIA-CILINDRO-PC70XE.png","datePublished":"2024-08-27T10:44:17+00:00","dateModified":"2024-12-24T10:06:41+00:00","description":"Harvia Cilindro Is\u0131t\u0131c\u0131, geni\u015f ve orta b\u00fcy\u00fckl\u00fckteki saunalarda \u00fcst\u00fcn performans ve estetik bir g\u00f6r\u00fcn\u00fcm sunar. 7 kW g\u00fcc\u00fcyle etkili \u0131s\u0131tma sa\u011flayan","breadcrumb":{"@id":"https:\/\/barrsell.com\/urun\/harvia-cilindro-isitici\/#breadcrumb"},"inLanguage":"en-US","potentialAction":[{"@type":"ReadAction","target":["https:\/\/barrsell.com\/urun\/harvia-cilindro-isitici\/"]}]},{"@type":"ImageObject","inLanguage":"en-US","@id":"https:\/\/barrsell.com\/urun\/harvia-cilindro-isitici\/#primaryimage","url":"https:\/\/barrsell.com\/wp-content\/uploads\/2024\/08\/HARVIA-CILINDRO-PC70XE.png","contentUrl":"https:\/\/barrsell.com\/wp-content\/uploads\/2024\/08\/HARVIA-CILINDRO-PC70XE.png","width":1200,"height":1200,"caption":"HARVIA CILINDRO PC70XE"},{"@type":"BreadcrumbList","@id":"https:\/\/barrsell.com\/urun\/harvia-cilindro-isitici\/#breadcrumb","itemListElement":[{"@type":"ListItem","position":1,"name":"Home","item":"https:\/\/barrsell.com\/"},{"@type":"ListItem","position":2,"name":"\u00dcr\u00fcnler","item":"https:\/\/barrsell.com\/en\/products\/"},{"@type":"ListItem","position":3,"name":"Harvia Cilindro Is\u0131t\u0131c\u0131"}]},{"@type":"WebSite","@id":"https:\/\/barrsell.com\/#website","url":"https:\/\/barrsell.com\/","name":"Barrsell End\u00fcstri Makine","description":"Teknolojiyle G\u00fc\u00e7lenen End\u00fcstriyel \u00c7\u00f6z\u00fcmler!","potentialAction":[{"@type":"SearchAction","target":{"@type":"EntryPoint","urlTemplate":"https:\/\/barrsell.com\/?s={search_term_string}"},"query-input":"required name=search_term_string"}],"inLanguage":"en-US"}]}},"_links":{"self":[{"href":"https:\/\/barrsell.com\/en\/wp-json\/wp\/v2\/product\/13114","targetHints":{"allow":["GET"]}}],"collection":[{"href":"https:\/\/barrsell.com\/en\/wp-json\/wp\/v2\/product"}],"about":[{"href":"https:\/\/barrsell.com\/en\/wp-json\/wp\/v2\/types\/product"}],"version-history":[{"count":6,"href":"https:\/\/barrsell.com\/en\/wp-json\/wp\/v2\/product\/13114\/revisions"}],"predecessor-version":[{"id":19592,"href":"https:\/\/barrsell.com\/en\/wp-json\/wp\/v2\/product\/13114\/revisions\/19592"}],"wp:featuredmedia":[{"embeddable":true,"href":"https:\/\/barrsell.com\/en\/wp-json\/wp\/v2\/media\/13115"}],"wp:attachment":[{"href":"https:\/\/barrsell.com\/en\/wp-json\/wp\/v2\/media?parent=13114"}],"wp:term":[{"taxonomy":"product_cat","embeddable":true,"href":"https:\/\/barrsell.com\/en\/wp-json\/wp\/v2\/product_cat?post=13114"},{"taxonomy":"product_tag","embeddable":true,"href":"https:\/\/barrsell.com\/en\/wp-json\/wp\/v2\/product_tag?post=13114"}],"curies":[{"name":"wp","href":"https:\/\/api.w.org\/{rel}","templated":true}]}}