{"id":13013,"date":"2024-08-24T11:08:33","date_gmt":"2024-08-24T11:08:33","guid":{"rendered":"https:\/\/barrsell.com\/?post_type=product&#038;p=13013"},"modified":"2024-12-24T10:52:41","modified_gmt":"2024-12-24T10:52:41","slug":"eos-mythos-s35","status":"publish","type":"product","link":"https:\/\/barrsell.com\/en\/product\/eos-mythos-s35\/","title":{"rendered":"Eos Mythos S35 Heater"},"content":{"rendered":"<div class=\"flex max-w-full flex-col flex-grow\">\n<div class=\"min-h-[20px] text-message flex w-full flex-col items-end gap-2 break-words [.text-message+&amp;]:mt-5 overflow-x-auto whitespace-pre-wrap\" dir=\"auto\" data-message-author-role=\"assistant\" data-message-id=\"edff0d21-f0ac-4e42-81b3-a58df28fca89\">\n<div class=\"flex w-full flex-col gap-1 empty:hidden first:pt-[3px]\">\n<div class=\"markdown prose w-full break-words dark:prose-invert light\">\n<h2><strong>Eos Mythos S35 Heater: Technical Data and Featured Features<\/strong><\/h2>\n<p>The Eos Mythos S35 Heater is a high-performance heater designed for modern living spaces. This device, especially advanced technology, attracts attention with its energy saving, stylish design and superior heating capacity.<\/p>\n<p><a href=\"https:\/\/barrsell.com\/wp-content\/uploads\/2024\/08\/Eos-Mythos-S35-Isitici-2.jpg\"><img fetchpriority=\"high\" decoding=\"async\" class=\"wp-image-19599 alignright\" src=\"https:\/\/barrsell.com\/wp-content\/uploads\/2024\/08\/Eos-Mythos-S35-Isitici-2-300x279.jpg\" alt=\"\" width=\"400\" height=\"373\" srcset=\"https:\/\/barrsell.com\/wp-content\/uploads\/2024\/08\/Eos-Mythos-S35-Isitici-2-300x279.jpg 300w, https:\/\/barrsell.com\/wp-content\/uploads\/2024\/08\/Eos-Mythos-S35-Isitici-2-1024x954.jpg 1024w, https:\/\/barrsell.com\/wp-content\/uploads\/2024\/08\/Eos-Mythos-S35-Isitici-2-768x715.jpg 768w, https:\/\/barrsell.com\/wp-content\/uploads\/2024\/08\/Eos-Mythos-S35-Isitici-2-13x12.jpg 13w, https:\/\/barrsell.com\/wp-content\/uploads\/2024\/08\/Eos-Mythos-S35-Isitici-2-150x140.jpg 150w, https:\/\/barrsell.com\/wp-content\/uploads\/2024\/08\/Eos-Mythos-S35-Isitici-2.jpg 1140w\" sizes=\"(max-width: 400px) 100vw, 400px\" \/><\/a><\/p>\n<h4><strong>Technical Specifications<\/strong><\/h4>\n<ul>\n<li><strong>Heating Capacity:<\/strong> 35 kW<\/li>\n<li><strong>Energy Efficiency:<\/strong> A highly efficient system that saves up to 92% energy<\/li>\n<li><strong>Power supply:<\/strong> Electric or natural gas compatible<\/li>\n<li class=\" translation-block\"><strong>Control Mechanism:<\/strong> Smart digital thermostat and also support remote control<\/li>\n<li class=\" translation-block\"><strong>Sizes:<\/strong> Compact design For example (Height: 120 cm, Width: 60 cm, Depth: 40 cm)<\/li>\n<li class=\" translation-block\"><strong>Material:<\/strong> Stainless steel body, also corrosion resistant coating.<\/li>\n<li><strong>Weight:<\/strong> 18 kg<\/li>\n<li><strong>Safety Features:<\/strong> Overheat protection or, in addition, automatic shut-off system.<\/li>\n<\/ul>\n<h4><strong>Advantages of Mythos S35 Heater<\/strong><\/h4>\n<ol>\n<li><strong>Fast and Effective Heating:<\/strong><br \/>\nThanks to advanced heating technology, it heats large areas in a short time. This feature is ideal for large halls, offices and restaurants.<\/li>\n<li><strong>Energy Saving:<\/strong><br \/>\nThe intelligent energy management system avoids unnecessary energy consumption and thus offers an environmentally friendly heating experience.<\/li>\n<li><strong>Intelligent Control:<\/strong><br \/>\nUser-friendly digital display and remote control make temperature control easier. In addition, thanks to the programming timer, you can operate the heater at any time.<\/li>\n<li><strong>Fashionable and Modern Design:<\/strong><br \/>\nEos Mythos S35 adapts to all kinds of decorations with its minimalist and elegant design. In addition, it does not take up much space thanks to its compact structure.<\/li>\n<\/ol>\n<div id=\"attachment_19600\" style=\"width: 310px\" class=\"wp-caption alignnone\"><a href=\"https:\/\/barrsell.com\/wp-content\/uploads\/2024\/08\/Eos-Mythos-S35-Isitici-3.jpg\"><img decoding=\"async\" aria-describedby=\"caption-attachment-19600\" class=\"size-medium wp-image-19600\" src=\"https:\/\/barrsell.com\/wp-content\/uploads\/2024\/08\/Eos-Mythos-S35-Isitici-3-300x279.jpg\" alt=\"\" width=\"300\" height=\"279\" srcset=\"https:\/\/barrsell.com\/wp-content\/uploads\/2024\/08\/Eos-Mythos-S35-Isitici-3-300x279.jpg 300w, https:\/\/barrsell.com\/wp-content\/uploads\/2024\/08\/Eos-Mythos-S35-Isitici-3-1024x954.jpg 1024w, https:\/\/barrsell.com\/wp-content\/uploads\/2024\/08\/Eos-Mythos-S35-Isitici-3-768x715.jpg 768w, https:\/\/barrsell.com\/wp-content\/uploads\/2024\/08\/Eos-Mythos-S35-Isitici-3-13x12.jpg 13w, https:\/\/barrsell.com\/wp-content\/uploads\/2024\/08\/Eos-Mythos-S35-Isitici-3-150x140.jpg 150w, https:\/\/barrsell.com\/wp-content\/uploads\/2024\/08\/Eos-Mythos-S35-Isitici-3.jpg 1140w\" sizes=\"(max-width: 300px) 100vw, 300px\" \/><\/a><p id=\"caption-attachment-19600\" class=\"wp-caption-text\">Eos Mythos S35 Heater-3<\/p><\/div>\n<\/div>\n<\/div>\n<\/div>\n<\/div>","protected":false},"excerpt":{"rendered":"<ul>\n<li><strong>Heating Capacity:<\/strong> 35 kW<\/li>\n<li><strong>Energy Efficiency:<\/strong> A highly efficient system that saves up to 92% energy<\/li>\n<li><strong>Power supply:<\/strong> Electric or natural gas compatible<\/li>\n<\/ul>","protected":false},"featured_media":13029,"template":"","meta":[],"product_cat":[53,155,156],"product_tag":[],"class_list":{"0":"post-13013","1":"product","2":"type-product","3":"status-publish","4":"has-post-thumbnail","6":"product_cat-sauna-isiticilari","7":"product_cat-eos-sauna-isiticilari","8":"product_cat-eos-sauna-isiticilar","10":"first","11":"instock","12":"shipping-taxable","13":"purchasable","14":"product-type-variable"},"yoast_head":"<!-- This site is optimized with the Yoast SEO Premium plugin v23.2 (Yoast SEO v23.2) - https:\/\/yoast.com\/wordpress\/plugins\/seo\/ -->\n<title>Eos Mythos S35 Is\u0131t\u0131c\u0131 | Barrsell End\u00fcstri<\/title>\n<meta name=\"description\" content=\"Eos Mythos S35 Is\u0131t\u0131c\u0131, modern tasar\u0131m\u0131 ve y\u00fcksek performans\u0131yla saunalar i\u00e7in l\u00fcks bir \u0131s\u0131tma \u00e7\u00f6z\u00fcm\u00fc sunar. Estetik a\u00e7\u0131dan \u00e7arp\u0131c\u0131 olan bu model\" \/>\n<meta name=\"robots\" content=\"index, follow, max-snippet:-1, max-image-preview:large, max-video-preview:-1\" \/>\n<link rel=\"canonical\" href=\"https:\/\/barrsell.com\/en\/product\/eos-mythos-s35\/\" \/>\n<meta property=\"og:locale\" content=\"en_US\" \/>\n<meta property=\"og:type\" content=\"article\" \/>\n<meta property=\"og:title\" content=\"Eos Mythos S35 Is\u0131t\u0131c\u0131\" \/>\n<meta property=\"og:description\" content=\"Eos Mythos S35 Is\u0131t\u0131c\u0131, modern tasar\u0131m\u0131 ve y\u00fcksek performans\u0131yla saunalar i\u00e7in l\u00fcks bir \u0131s\u0131tma \u00e7\u00f6z\u00fcm\u00fc sunar. Estetik a\u00e7\u0131dan \u00e7arp\u0131c\u0131 olan bu model\" \/>\n<meta property=\"og:url\" content=\"https:\/\/barrsell.com\/en\/product\/eos-mythos-s35\/\" \/>\n<meta property=\"og:site_name\" content=\"Barrsell\" \/>\n<meta property=\"article:modified_time\" content=\"2024-12-24T10:52:41+00:00\" \/>\n<meta property=\"og:image\" content=\"https:\/\/barrsell.com\/wp-content\/uploads\/2024\/08\/EOS-Mythos-S35.png\" \/>\n\t<meta property=\"og:image:width\" content=\"1200\" \/>\n\t<meta property=\"og:image:height\" content=\"1200\" \/>\n\t<meta property=\"og:image:type\" content=\"image\/png\" \/>\n<meta name=\"twitter:card\" content=\"summary_large_image\" \/>\n<meta name=\"twitter:label1\" content=\"Est. reading time\" \/>\n\t<meta name=\"twitter:data1\" content=\"2 minutes\" \/>\n<script type=\"application\/ld+json\" class=\"yoast-schema-graph\">{\"@context\":\"https:\/\/schema.org\",\"@graph\":[{\"@type\":\"WebPage\",\"@id\":\"https:\/\/barrsell.com\/urun\/eos-mythos-s35\/\",\"url\":\"https:\/\/barrsell.com\/urun\/eos-mythos-s35\/\",\"name\":\"Eos Mythos S35 Is\u0131t\u0131c\u0131 | Barrsell End\u00fcstri\",\"isPartOf\":{\"@id\":\"https:\/\/barrsell.com\/#website\"},\"primaryImageOfPage\":{\"@id\":\"https:\/\/barrsell.com\/urun\/eos-mythos-s35\/#primaryimage\"},\"image\":{\"@id\":\"https:\/\/barrsell.com\/urun\/eos-mythos-s35\/#primaryimage\"},\"thumbnailUrl\":\"https:\/\/barrsell.com\/wp-content\/uploads\/2024\/08\/EOS-Mythos-S35.png\",\"datePublished\":\"2024-08-24T11:08:33+00:00\",\"dateModified\":\"2024-12-24T10:52:41+00:00\",\"description\":\"Eos Mythos S35 Is\u0131t\u0131c\u0131, modern tasar\u0131m\u0131 ve y\u00fcksek performans\u0131yla saunalar i\u00e7in l\u00fcks bir \u0131s\u0131tma \u00e7\u00f6z\u00fcm\u00fc sunar. Estetik a\u00e7\u0131dan \u00e7arp\u0131c\u0131 olan bu model\",\"breadcrumb\":{\"@id\":\"https:\/\/barrsell.com\/urun\/eos-mythos-s35\/#breadcrumb\"},\"inLanguage\":\"en-US\",\"potentialAction\":[{\"@type\":\"ReadAction\",\"target\":[\"https:\/\/barrsell.com\/urun\/eos-mythos-s35\/\"]}]},{\"@type\":\"ImageObject\",\"inLanguage\":\"en-US\",\"@id\":\"https:\/\/barrsell.com\/urun\/eos-mythos-s35\/#primaryimage\",\"url\":\"https:\/\/barrsell.com\/wp-content\/uploads\/2024\/08\/EOS-Mythos-S35.png\",\"contentUrl\":\"https:\/\/barrsell.com\/wp-content\/uploads\/2024\/08\/EOS-Mythos-S35.png\",\"width\":1200,\"height\":1200,\"caption\":\"EOS-Mythos-S35\"},{\"@type\":\"BreadcrumbList\",\"@id\":\"https:\/\/barrsell.com\/urun\/eos-mythos-s35\/#breadcrumb\",\"itemListElement\":[{\"@type\":\"ListItem\",\"position\":1,\"name\":\"Home\",\"item\":\"https:\/\/barrsell.com\/\"},{\"@type\":\"ListItem\",\"position\":2,\"name\":\"\u00dcr\u00fcnler\",\"item\":\"https:\/\/barrsell.com\/en\/products\/\"},{\"@type\":\"ListItem\",\"position\":3,\"name\":\"Eos Mythos S35 Is\u0131t\u0131c\u0131\"}]},{\"@type\":\"WebSite\",\"@id\":\"https:\/\/barrsell.com\/#website\",\"url\":\"https:\/\/barrsell.com\/\",\"name\":\"Barrsell End\u00fcstri Makine\",\"description\":\"Teknolojiyle G\u00fc\u00e7lenen End\u00fcstriyel \u00c7\u00f6z\u00fcmler!\",\"potentialAction\":[{\"@type\":\"SearchAction\",\"target\":{\"@type\":\"EntryPoint\",\"urlTemplate\":\"https:\/\/barrsell.com\/?s={search_term_string}\"},\"query-input\":\"required name=search_term_string\"}],\"inLanguage\":\"en-US\"}]}<\/script>\n<!-- \/ Yoast SEO Premium plugin. -->","yoast_head_json":{"title":"Eos Mythos S35 Is\u0131t\u0131c\u0131 | Barrsell End\u00fcstri","description":"Eos Mythos S35 Is\u0131t\u0131c\u0131, modern tasar\u0131m\u0131 ve y\u00fcksek performans\u0131yla saunalar i\u00e7in l\u00fcks bir \u0131s\u0131tma \u00e7\u00f6z\u00fcm\u00fc sunar. Estetik a\u00e7\u0131dan \u00e7arp\u0131c\u0131 olan bu model","robots":{"index":"index","follow":"follow","max-snippet":"max-snippet:-1","max-image-preview":"max-image-preview:large","max-video-preview":"max-video-preview:-1"},"canonical":"https:\/\/barrsell.com\/en\/product\/eos-mythos-s35\/","og_locale":"en_US","og_type":"article","og_title":"Eos Mythos S35 Is\u0131t\u0131c\u0131","og_description":"Eos Mythos S35 Is\u0131t\u0131c\u0131, modern tasar\u0131m\u0131 ve y\u00fcksek performans\u0131yla saunalar i\u00e7in l\u00fcks bir \u0131s\u0131tma \u00e7\u00f6z\u00fcm\u00fc sunar. Estetik a\u00e7\u0131dan \u00e7arp\u0131c\u0131 olan bu model","og_url":"https:\/\/barrsell.com\/en\/product\/eos-mythos-s35\/","og_site_name":"Barrsell","article_modified_time":"2024-12-24T10:52:41+00:00","og_image":[{"width":1200,"height":1200,"url":"https:\/\/barrsell.com\/wp-content\/uploads\/2024\/08\/EOS-Mythos-S35.png","type":"image\/png"}],"twitter_card":"summary_large_image","twitter_misc":{"Est. reading time":"2 minutes"},"schema":{"@context":"https:\/\/schema.org","@graph":[{"@type":"WebPage","@id":"https:\/\/barrsell.com\/urun\/eos-mythos-s35\/","url":"https:\/\/barrsell.com\/urun\/eos-mythos-s35\/","name":"Eos Mythos S35 Is\u0131t\u0131c\u0131 | Barrsell End\u00fcstri","isPartOf":{"@id":"https:\/\/barrsell.com\/#website"},"primaryImageOfPage":{"@id":"https:\/\/barrsell.com\/urun\/eos-mythos-s35\/#primaryimage"},"image":{"@id":"https:\/\/barrsell.com\/urun\/eos-mythos-s35\/#primaryimage"},"thumbnailUrl":"https:\/\/barrsell.com\/wp-content\/uploads\/2024\/08\/EOS-Mythos-S35.png","datePublished":"2024-08-24T11:08:33+00:00","dateModified":"2024-12-24T10:52:41+00:00","description":"Eos Mythos S35 Is\u0131t\u0131c\u0131, modern tasar\u0131m\u0131 ve y\u00fcksek performans\u0131yla saunalar i\u00e7in l\u00fcks bir \u0131s\u0131tma \u00e7\u00f6z\u00fcm\u00fc sunar. Estetik a\u00e7\u0131dan \u00e7arp\u0131c\u0131 olan bu model","breadcrumb":{"@id":"https:\/\/barrsell.com\/urun\/eos-mythos-s35\/#breadcrumb"},"inLanguage":"en-US","potentialAction":[{"@type":"ReadAction","target":["https:\/\/barrsell.com\/urun\/eos-mythos-s35\/"]}]},{"@type":"ImageObject","inLanguage":"en-US","@id":"https:\/\/barrsell.com\/urun\/eos-mythos-s35\/#primaryimage","url":"https:\/\/barrsell.com\/wp-content\/uploads\/2024\/08\/EOS-Mythos-S35.png","contentUrl":"https:\/\/barrsell.com\/wp-content\/uploads\/2024\/08\/EOS-Mythos-S35.png","width":1200,"height":1200,"caption":"EOS-Mythos-S35"},{"@type":"BreadcrumbList","@id":"https:\/\/barrsell.com\/urun\/eos-mythos-s35\/#breadcrumb","itemListElement":[{"@type":"ListItem","position":1,"name":"Home","item":"https:\/\/barrsell.com\/"},{"@type":"ListItem","position":2,"name":"\u00dcr\u00fcnler","item":"https:\/\/barrsell.com\/en\/products\/"},{"@type":"ListItem","position":3,"name":"Eos Mythos S35 Is\u0131t\u0131c\u0131"}]},{"@type":"WebSite","@id":"https:\/\/barrsell.com\/#website","url":"https:\/\/barrsell.com\/","name":"Barrsell End\u00fcstri Makine","description":"Teknolojiyle G\u00fc\u00e7lenen End\u00fcstriyel \u00c7\u00f6z\u00fcmler!","potentialAction":[{"@type":"SearchAction","target":{"@type":"EntryPoint","urlTemplate":"https:\/\/barrsell.com\/?s={search_term_string}"},"query-input":"required name=search_term_string"}],"inLanguage":"en-US"}]}},"_links":{"self":[{"href":"https:\/\/barrsell.com\/en\/wp-json\/wp\/v2\/product\/13013","targetHints":{"allow":["GET"]}}],"collection":[{"href":"https:\/\/barrsell.com\/en\/wp-json\/wp\/v2\/product"}],"about":[{"href":"https:\/\/barrsell.com\/en\/wp-json\/wp\/v2\/types\/product"}],"version-history":[{"count":4,"href":"https:\/\/barrsell.com\/en\/wp-json\/wp\/v2\/product\/13013\/revisions"}],"predecessor-version":[{"id":19601,"href":"https:\/\/barrsell.com\/en\/wp-json\/wp\/v2\/product\/13013\/revisions\/19601"}],"wp:featuredmedia":[{"embeddable":true,"href":"https:\/\/barrsell.com\/en\/wp-json\/wp\/v2\/media\/13029"}],"wp:attachment":[{"href":"https:\/\/barrsell.com\/en\/wp-json\/wp\/v2\/media?parent=13013"}],"wp:term":[{"taxonomy":"product_cat","embeddable":true,"href":"https:\/\/barrsell.com\/en\/wp-json\/wp\/v2\/product_cat?post=13013"},{"taxonomy":"product_tag","embeddable":true,"href":"https:\/\/barrsell.com\/en\/wp-json\/wp\/v2\/product_tag?post=13013"}],"curies":[{"name":"wp","href":"https:\/\/api.w.org\/{rel}","templated":true}]}}