{"id":13004,"date":"2024-08-24T10:56:10","date_gmt":"2024-08-24T10:56:10","guid":{"rendered":"https:\/\/barrsell.com\/?post_type=product&#038;p=13004"},"modified":"2024-12-24T16:40:22","modified_gmt":"2024-12-24T16:40:22","slug":"eos-invisio-mini","status":"publish","type":"product","link":"https:\/\/barrsell.com\/en\/product\/eos-invisio-mini\/","title":{"rendered":"The Eos Invisio Mini"},"content":{"rendered":"<h3>EOS Invisio Mini Sauna Heater: Technical Specifications and Advantages<\/h3>\n<p>The EOS Invisio Mini is a sauna heater developed for the modern sauna experience with its compact design and high performance. At the same time, thanks to its minimalist structure, it provides effective heating even in small areas. Also ideal for use in both domestic and commercial saunas, this device is noted for its energy efficiency and durability.<\/p>\n<div id=\"attachment_19614\" style=\"width: 786px\" class=\"wp-caption aligncenter\"><a href=\"https:\/\/barrsell.com\/wp-content\/uploads\/2024\/08\/Eos-Invisio-Mini-6.png\"><img fetchpriority=\"high\" decoding=\"async\" aria-describedby=\"caption-attachment-19614\" class=\"wp-image-19614 size-full\" src=\"https:\/\/barrsell.com\/wp-content\/uploads\/2024\/08\/Eos-Invisio-Mini-6.png\" alt=\"\" width=\"776\" height=\"666\" srcset=\"https:\/\/barrsell.com\/wp-content\/uploads\/2024\/08\/Eos-Invisio-Mini-6.png 776w, https:\/\/barrsell.com\/wp-content\/uploads\/2024\/08\/Eos-Invisio-Mini-6-300x257.png 300w, https:\/\/barrsell.com\/wp-content\/uploads\/2024\/08\/Eos-Invisio-Mini-6-768x659.png 768w, https:\/\/barrsell.com\/wp-content\/uploads\/2024\/08\/Eos-Invisio-Mini-6-14x12.png 14w, https:\/\/barrsell.com\/wp-content\/uploads\/2024\/08\/Eos-Invisio-Mini-6-150x129.png 150w\" sizes=\"(max-width: 776px) 100vw, 776px\" \/><\/a><p id=\"caption-attachment-19614\" class=\"wp-caption-text\">Eos Invisio Mini-6<\/p><\/div>\n<table>\n<thead>\n<tr>\n<th><strong>Feature<\/strong><\/th>\n<th><strong>De\u011fer<\/strong><\/th>\n<\/tr>\n<\/thead>\n<tbody>\n<tr>\n<td><strong>Electrical connection<\/strong><\/td>\n<td>400 V 3N ~ 50\/60 Hz<br \/>\n230 V 1N ~ 50\/60 Hz (3.0 kW only)<\/td>\n<\/tr>\n<tr>\n<td><strong>Fuse Protection (Control Unit)<\/strong><\/td>\n<td>3 x 16 A\/1 x 16 A (3.0 kW only)<\/td>\n<\/tr>\n<tr>\n<td><strong>Dimensions (Height\/Width\/Depth)<\/strong><\/td>\n<td>65 cm \/ 71 cm \/ 77 cm<\/td>\n<\/tr>\n<tr>\n<td><strong>Width<\/strong><\/td>\n<td>66 cm<\/td>\n<\/tr>\n<tr>\n<td><strong>Depth<\/strong><\/td>\n<td>38 cm<\/td>\n<\/tr>\n<tr>\n<td><strong>Sauna Cabinet Size (3.0\/4.5\/6.0 kW)<\/strong><\/td>\n<td>3 &#8211; 4 m\u00b3 \/ 4 &#8211; 6 m\u00b3 \/ 6 &#8211; 8 m\u00b3<\/td>\n<\/tr>\n<tr>\n<td><strong>Minimum Size of Air Inlet or Outlet<\/strong><\/td>\n<td>35 x 4 cm<\/td>\n<\/tr>\n<tr>\n<td><strong>Weight Without Stone or Packaging (3.0\/4.5\/6.0 kW)<\/strong><\/td>\n<td>19,5 kg \/ 20 kg \/ 20 kg<\/td>\n<\/tr>\n<tr>\n<td><strong>Stone fill<\/strong><\/td>\n<td>15 kg<\/td>\n<\/tr>\n<\/tbody>\n<\/table>\n<h4><strong>Technical Specifications<\/strong><\/h4>\n<ol>\n<li><strong>Power Capacity<\/strong>\n<ul>\n<li><strong>Heating Power<\/strong>: 3.5 kW \u20139 kW models.<\/li>\n<li><strong>Field Capacity<\/strong>: Especially suitable for sauna rooms from 3 m\u00b3 to 14 m\u00b3.<\/li>\n<li><strong>Energy Efficiency<\/strong>: High energy-saving and also special resistance system.<\/li>\n<\/ul>\n<\/li>\n<li><strong>Material and Design<\/strong>\n<ul>\n<li><strong>External Material<\/strong>: Steel body and also high temperature resistant coating.<\/li>\n<li><strong>Dimensions<\/strong>: 290 x 420 x 150 mm (may vary by model).<\/li>\n<li><strong>Stone Capacity<\/strong>: 10-15 kg sauna Ta Work capacity.<\/li>\n<\/ul>\n<\/li>\n<li><strong>Mounting &amp; Layout<\/strong>\n<ul>\n<li><strong>Mounting Type<\/strong>: Thanks to the design, you can install it on the wall.<\/li>\n<li class=\" translation-block\"><strong>Aviation System<\/strong>: Special design<\/li>\n<\/ul>\n<\/li>\n<li><strong>Control Mechanism<\/strong>\n<ul>\n<li><strong>Control Panel<\/strong>: External or integrated digital control panel options.<\/li>\n<li><strong>Temperature Setting<\/strong>: Precise temperature control between 40\u00b0C \u2013 110\u00b0C.<\/li>\n<li><strong>Timer<\/strong>: Adjusting the working time between 1-8 hours.<\/li>\n<\/ul>\n<\/li>\n<\/ol>","protected":false},"excerpt":{"rendered":"<ul>\n<li><strong>Standard Model:<\/strong> 3,0 kW , 4,5 kW, 6,0 kW<\/li>\n<li><strong>Anthracite Model:\u00a0 <\/strong>3,0 kW, 4,5 kW, 6,0 kW<\/li>\n<\/ul>","protected":false},"featured_media":13006,"template":"","meta":[],"product_cat":[53,155,156],"product_tag":[],"class_list":{"0":"post-13004","1":"product","2":"type-product","3":"status-publish","4":"has-post-thumbnail","6":"product_cat-sauna-isiticilari","7":"product_cat-eos-sauna-isiticilari","8":"product_cat-eos-sauna-isiticilar","10":"first","11":"instock","12":"shipping-taxable","13":"purchasable","14":"product-type-variable"},"yoast_head":"<!-- This site is optimized with the Yoast SEO Premium plugin v23.2 (Yoast SEO v23.2) - https:\/\/yoast.com\/wordpress\/plugins\/seo\/ -->\n<title>Eos \u0130nvisio Mini | Barrsell End\u00fcstri<\/title>\n<meta name=\"description\" content=\"Eos Invisio Mini Is\u0131t\u0131c\u0131, k\u00fc\u00e7\u00fck ve orta \u00f6l\u00e7ekli saunalar i\u00e7in tasarlanm\u0131\u015f, kompakt ama g\u00fc\u00e7l\u00fc bir \u0131s\u0131tma \u00e7\u00f6z\u00fcm\u00fcd\u00fcr. G\u00f6zden uzak bir kurulum imkan\u0131 sunan\" \/>\n<meta name=\"robots\" content=\"index, follow, max-snippet:-1, max-image-preview:large, max-video-preview:-1\" \/>\n<link rel=\"canonical\" href=\"https:\/\/barrsell.com\/en\/product\/eos-invisio-mini\/\" \/>\n<meta property=\"og:locale\" content=\"en_US\" \/>\n<meta property=\"og:type\" content=\"article\" \/>\n<meta property=\"og:title\" content=\"Eos \u0130nvisio Mini\" \/>\n<meta property=\"og:description\" content=\"Eos Invisio Mini Is\u0131t\u0131c\u0131, k\u00fc\u00e7\u00fck ve orta \u00f6l\u00e7ekli saunalar i\u00e7in tasarlanm\u0131\u015f, kompakt ama g\u00fc\u00e7l\u00fc bir \u0131s\u0131tma \u00e7\u00f6z\u00fcm\u00fcd\u00fcr. G\u00f6zden uzak bir kurulum imkan\u0131 sunan\" \/>\n<meta property=\"og:url\" content=\"https:\/\/barrsell.com\/en\/product\/eos-invisio-mini\/\" \/>\n<meta property=\"og:site_name\" content=\"Barrsell\" \/>\n<meta property=\"article:modified_time\" content=\"2024-12-24T16:40:22+00:00\" \/>\n<meta property=\"og:image\" content=\"https:\/\/barrsell.com\/wp-content\/uploads\/2024\/08\/Eos-Invisio-Mini.png\" \/>\n\t<meta property=\"og:image:width\" content=\"1200\" \/>\n\t<meta property=\"og:image:height\" content=\"1200\" \/>\n\t<meta property=\"og:image:type\" content=\"image\/png\" \/>\n<meta name=\"twitter:card\" content=\"summary_large_image\" \/>\n<meta name=\"twitter:label1\" content=\"Est. reading time\" \/>\n\t<meta name=\"twitter:data1\" content=\"3 minutes\" \/>\n<script type=\"application\/ld+json\" class=\"yoast-schema-graph\">{\"@context\":\"https:\/\/schema.org\",\"@graph\":[{\"@type\":\"WebPage\",\"@id\":\"https:\/\/barrsell.com\/urun\/eos-invisio-mini\/\",\"url\":\"https:\/\/barrsell.com\/urun\/eos-invisio-mini\/\",\"name\":\"Eos \u0130nvisio Mini | Barrsell End\u00fcstri\",\"isPartOf\":{\"@id\":\"https:\/\/barrsell.com\/#website\"},\"primaryImageOfPage\":{\"@id\":\"https:\/\/barrsell.com\/urun\/eos-invisio-mini\/#primaryimage\"},\"image\":{\"@id\":\"https:\/\/barrsell.com\/urun\/eos-invisio-mini\/#primaryimage\"},\"thumbnailUrl\":\"https:\/\/barrsell.com\/wp-content\/uploads\/2024\/08\/Eos-Invisio-Mini.png\",\"datePublished\":\"2024-08-24T10:56:10+00:00\",\"dateModified\":\"2024-12-24T16:40:22+00:00\",\"description\":\"Eos Invisio Mini Is\u0131t\u0131c\u0131, k\u00fc\u00e7\u00fck ve orta \u00f6l\u00e7ekli saunalar i\u00e7in tasarlanm\u0131\u015f, kompakt ama g\u00fc\u00e7l\u00fc bir \u0131s\u0131tma \u00e7\u00f6z\u00fcm\u00fcd\u00fcr. G\u00f6zden uzak bir kurulum imkan\u0131 sunan\",\"breadcrumb\":{\"@id\":\"https:\/\/barrsell.com\/urun\/eos-invisio-mini\/#breadcrumb\"},\"inLanguage\":\"en-US\",\"potentialAction\":[{\"@type\":\"ReadAction\",\"target\":[\"https:\/\/barrsell.com\/urun\/eos-invisio-mini\/\"]}]},{\"@type\":\"ImageObject\",\"inLanguage\":\"en-US\",\"@id\":\"https:\/\/barrsell.com\/urun\/eos-invisio-mini\/#primaryimage\",\"url\":\"https:\/\/barrsell.com\/wp-content\/uploads\/2024\/08\/Eos-Invisio-Mini.png\",\"contentUrl\":\"https:\/\/barrsell.com\/wp-content\/uploads\/2024\/08\/Eos-Invisio-Mini.png\",\"width\":1200,\"height\":1200,\"caption\":\"Eos \u0130nvisio Mini\"},{\"@type\":\"BreadcrumbList\",\"@id\":\"https:\/\/barrsell.com\/urun\/eos-invisio-mini\/#breadcrumb\",\"itemListElement\":[{\"@type\":\"ListItem\",\"position\":1,\"name\":\"Home\",\"item\":\"https:\/\/barrsell.com\/\"},{\"@type\":\"ListItem\",\"position\":2,\"name\":\"\u00dcr\u00fcnler\",\"item\":\"https:\/\/barrsell.com\/en\/products\/\"},{\"@type\":\"ListItem\",\"position\":3,\"name\":\"Eos \u0130nvisio Mini\"}]},{\"@type\":\"WebSite\",\"@id\":\"https:\/\/barrsell.com\/#website\",\"url\":\"https:\/\/barrsell.com\/\",\"name\":\"Barrsell End\u00fcstri Makine\",\"description\":\"Teknolojiyle G\u00fc\u00e7lenen End\u00fcstriyel \u00c7\u00f6z\u00fcmler!\",\"potentialAction\":[{\"@type\":\"SearchAction\",\"target\":{\"@type\":\"EntryPoint\",\"urlTemplate\":\"https:\/\/barrsell.com\/?s={search_term_string}\"},\"query-input\":\"required name=search_term_string\"}],\"inLanguage\":\"en-US\"}]}<\/script>\n<!-- \/ Yoast SEO Premium plugin. -->","yoast_head_json":{"title":"Eos \u0130nvisio Mini | Barrsell End\u00fcstri","description":"Eos Invisio Mini Is\u0131t\u0131c\u0131, k\u00fc\u00e7\u00fck ve orta \u00f6l\u00e7ekli saunalar i\u00e7in tasarlanm\u0131\u015f, kompakt ama g\u00fc\u00e7l\u00fc bir \u0131s\u0131tma \u00e7\u00f6z\u00fcm\u00fcd\u00fcr. G\u00f6zden uzak bir kurulum imkan\u0131 sunan","robots":{"index":"index","follow":"follow","max-snippet":"max-snippet:-1","max-image-preview":"max-image-preview:large","max-video-preview":"max-video-preview:-1"},"canonical":"https:\/\/barrsell.com\/en\/product\/eos-invisio-mini\/","og_locale":"en_US","og_type":"article","og_title":"Eos \u0130nvisio Mini","og_description":"Eos Invisio Mini Is\u0131t\u0131c\u0131, k\u00fc\u00e7\u00fck ve orta \u00f6l\u00e7ekli saunalar i\u00e7in tasarlanm\u0131\u015f, kompakt ama g\u00fc\u00e7l\u00fc bir \u0131s\u0131tma \u00e7\u00f6z\u00fcm\u00fcd\u00fcr. G\u00f6zden uzak bir kurulum imkan\u0131 sunan","og_url":"https:\/\/barrsell.com\/en\/product\/eos-invisio-mini\/","og_site_name":"Barrsell","article_modified_time":"2024-12-24T16:40:22+00:00","og_image":[{"width":1200,"height":1200,"url":"https:\/\/barrsell.com\/wp-content\/uploads\/2024\/08\/Eos-Invisio-Mini.png","type":"image\/png"}],"twitter_card":"summary_large_image","twitter_misc":{"Est. reading time":"3 minutes"},"schema":{"@context":"https:\/\/schema.org","@graph":[{"@type":"WebPage","@id":"https:\/\/barrsell.com\/urun\/eos-invisio-mini\/","url":"https:\/\/barrsell.com\/urun\/eos-invisio-mini\/","name":"Eos \u0130nvisio Mini | Barrsell End\u00fcstri","isPartOf":{"@id":"https:\/\/barrsell.com\/#website"},"primaryImageOfPage":{"@id":"https:\/\/barrsell.com\/urun\/eos-invisio-mini\/#primaryimage"},"image":{"@id":"https:\/\/barrsell.com\/urun\/eos-invisio-mini\/#primaryimage"},"thumbnailUrl":"https:\/\/barrsell.com\/wp-content\/uploads\/2024\/08\/Eos-Invisio-Mini.png","datePublished":"2024-08-24T10:56:10+00:00","dateModified":"2024-12-24T16:40:22+00:00","description":"Eos Invisio Mini Is\u0131t\u0131c\u0131, k\u00fc\u00e7\u00fck ve orta \u00f6l\u00e7ekli saunalar i\u00e7in tasarlanm\u0131\u015f, kompakt ama g\u00fc\u00e7l\u00fc bir \u0131s\u0131tma \u00e7\u00f6z\u00fcm\u00fcd\u00fcr. G\u00f6zden uzak bir kurulum imkan\u0131 sunan","breadcrumb":{"@id":"https:\/\/barrsell.com\/urun\/eos-invisio-mini\/#breadcrumb"},"inLanguage":"en-US","potentialAction":[{"@type":"ReadAction","target":["https:\/\/barrsell.com\/urun\/eos-invisio-mini\/"]}]},{"@type":"ImageObject","inLanguage":"en-US","@id":"https:\/\/barrsell.com\/urun\/eos-invisio-mini\/#primaryimage","url":"https:\/\/barrsell.com\/wp-content\/uploads\/2024\/08\/Eos-Invisio-Mini.png","contentUrl":"https:\/\/barrsell.com\/wp-content\/uploads\/2024\/08\/Eos-Invisio-Mini.png","width":1200,"height":1200,"caption":"Eos \u0130nvisio Mini"},{"@type":"BreadcrumbList","@id":"https:\/\/barrsell.com\/urun\/eos-invisio-mini\/#breadcrumb","itemListElement":[{"@type":"ListItem","position":1,"name":"Home","item":"https:\/\/barrsell.com\/"},{"@type":"ListItem","position":2,"name":"\u00dcr\u00fcnler","item":"https:\/\/barrsell.com\/en\/products\/"},{"@type":"ListItem","position":3,"name":"Eos \u0130nvisio Mini"}]},{"@type":"WebSite","@id":"https:\/\/barrsell.com\/#website","url":"https:\/\/barrsell.com\/","name":"Barrsell End\u00fcstri Makine","description":"Teknolojiyle G\u00fc\u00e7lenen End\u00fcstriyel \u00c7\u00f6z\u00fcmler!","potentialAction":[{"@type":"SearchAction","target":{"@type":"EntryPoint","urlTemplate":"https:\/\/barrsell.com\/?s={search_term_string}"},"query-input":"required name=search_term_string"}],"inLanguage":"en-US"}]}},"_links":{"self":[{"href":"https:\/\/barrsell.com\/en\/wp-json\/wp\/v2\/product\/13004","targetHints":{"allow":["GET"]}}],"collection":[{"href":"https:\/\/barrsell.com\/en\/wp-json\/wp\/v2\/product"}],"about":[{"href":"https:\/\/barrsell.com\/en\/wp-json\/wp\/v2\/types\/product"}],"version-history":[{"count":7,"href":"https:\/\/barrsell.com\/en\/wp-json\/wp\/v2\/product\/13004\/revisions"}],"predecessor-version":[{"id":19615,"href":"https:\/\/barrsell.com\/en\/wp-json\/wp\/v2\/product\/13004\/revisions\/19615"}],"wp:featuredmedia":[{"embeddable":true,"href":"https:\/\/barrsell.com\/en\/wp-json\/wp\/v2\/media\/13006"}],"wp:attachment":[{"href":"https:\/\/barrsell.com\/en\/wp-json\/wp\/v2\/media?parent=13004"}],"wp:term":[{"taxonomy":"product_cat","embeddable":true,"href":"https:\/\/barrsell.com\/en\/wp-json\/wp\/v2\/product_cat?post=13004"},{"taxonomy":"product_tag","embeddable":true,"href":"https:\/\/barrsell.com\/en\/wp-json\/wp\/v2\/product_tag?post=13004"}],"curies":[{"name":"wp","href":"https:\/\/api.w.org\/{rel}","templated":true}]}}