{"id":12998,"date":"2024-08-24T10:44:07","date_gmt":"2024-08-24T10:44:07","guid":{"rendered":"https:\/\/barrsell.com\/?post_type=product&#038;p=12998"},"modified":"2024-12-24T17:56:39","modified_gmt":"2024-12-24T17:56:39","slug":"eos-invisio-midi","status":"publish","type":"product","link":"https:\/\/barrsell.com\/en\/product\/eos-invisio-midi\/","title":{"rendered":"Eos Invisio Midi"},"content":{"rendered":"<h2>EOS Invisio Midi Sauna Heater: Technical Features and Advantages<\/h2>\n<p>EOS Invisio Midi is a high-performance and energy-efficient sauna heater specially designed for medium-sized sauna cabins. With its stylish design, durable structure and superior technical features, it is an ideal solution for both home and commercial use.<\/p>\n<div id=\"attachment_19625\" style=\"width: 675px\" class=\"wp-caption aligncenter\"><a href=\"https:\/\/barrsell.com\/wp-content\/uploads\/2024\/08\/Eos-Invisio-Midi-2.jpg\"><img fetchpriority=\"high\" decoding=\"async\" aria-describedby=\"caption-attachment-19625\" class=\"wp-image-19625 size-full\" src=\"https:\/\/barrsell.com\/wp-content\/uploads\/2024\/08\/Eos-Invisio-Midi-2.jpg\" alt=\"\" width=\"665\" height=\"600\" srcset=\"https:\/\/barrsell.com\/wp-content\/uploads\/2024\/08\/Eos-Invisio-Midi-2.jpg 665w, https:\/\/barrsell.com\/wp-content\/uploads\/2024\/08\/Eos-Invisio-Midi-2-300x271.jpg 300w, https:\/\/barrsell.com\/wp-content\/uploads\/2024\/08\/Eos-Invisio-Midi-2-13x12.jpg 13w, https:\/\/barrsell.com\/wp-content\/uploads\/2024\/08\/Eos-Invisio-Midi-2-150x135.jpg 150w\" sizes=\"(max-width: 665px) 100vw, 665px\" \/><\/a><p id=\"caption-attachment-19625\" class=\"wp-caption-text\">Eos Invisio Midi-2<\/p><\/div>\n<h4><strong>Technical Specifications<\/strong><\/h4>\n<ol>\n<li><strong>Power Capacity<\/strong>\n<ul>\n<li><strong>Models<\/strong>: 6,0 kW \/ 7,5 kW \/ 9,0 kW<\/li>\n<li><strong>Cabin Capacity<\/strong>: 6-8 m\u00b3 \/ 8-10 m\u00b3 \/ 10-14 m\u00b3<\/li>\n<li><strong>Energy Efficiency<\/strong>: Minimum energy consumption with maximum heating performance.<\/li>\n<\/ul>\n<\/li>\n<li><strong>Electrical connection<\/strong>\n<ul>\n<li><strong>Connection<\/strong>: 400 V 3N ~ 50\/60 Hz<\/li>\n<li><strong>Insurance Protection<\/strong>: 3 x 16 A<\/li>\n<\/ul>\n<\/li>\n<li><strong>Dimensions and Weight<\/strong>\n<ul>\n<li><strong>Dimensions (H\/W\/D)<\/strong>: 77 cm \/ 50 cm \/ 40 cm<\/li>\n<li><strong>Weight (Without Stones and Packaging)<\/strong>: 22 kg<\/li>\n<\/ul>\n<\/li>\n<li><strong>Stone Capacity<\/strong>\n<ul>\n<li><strong>Stone fill<\/strong>: 20-25 kg<br \/>\nIt provides effective heat distribution thanks to sauna stones.<\/li>\n<\/ul>\n<\/li>\n<li><strong>Material and Design<\/strong>\n<ul>\n<li><strong>External Material<\/strong>: Stainless steel body, high temperature resistant coating.<\/li>\n<li><strong>Assembly<\/strong>: You can mount it on the wall or use it independently.<\/li>\n<\/ul>\n<\/li>\n<li><strong>Control Mechanism<\/strong>\n<ul>\n<li><strong>Control Panel<\/strong>: Precise temperature and time setting with external digital control panel.<\/li>\n<li><strong>Temperature range<\/strong>: 40\u00b0C &#8211; 110\u00b0C<\/li>\n<li><strong>Timer<\/strong>: Programming between 1-8 hours.<\/li>\n<\/ul>\n<\/li>\n<\/ol>","protected":false},"excerpt":{"rendered":"<p><strong>Models<\/strong>: 6,0 kW \/ 7,5 kW \/ 9,0 kW<\/p>","protected":false},"featured_media":13001,"template":"","meta":[],"product_cat":[53,155,156],"product_tag":[],"class_list":{"0":"post-12998","1":"product","2":"type-product","3":"status-publish","4":"has-post-thumbnail","6":"product_cat-sauna-isiticilari","7":"product_cat-eos-sauna-isiticilari","8":"product_cat-eos-sauna-isiticilar","10":"first","11":"instock","12":"shipping-taxable","13":"purchasable","14":"product-type-variable"},"yoast_head":"<!-- This site is optimized with the Yoast SEO Premium plugin v23.2 (Yoast SEO v23.2) - https:\/\/yoast.com\/wordpress\/plugins\/seo\/ -->\n<title>Eos \u0130nvisio Midi | Barrsell End\u00fcstri<\/title>\n<meta name=\"description\" content=\"Eos Invisio Midi Is\u0131t\u0131c\u0131, sauna \u0131s\u0131tma sistemlerinde devrim yaratan yenilik\u00e7i bir tasar\u0131ma sahiptir. G\u00f6r\u00fcnmez kurulum imkan\u0131 sunan bu model, saunan\u0131z\u0131n\" \/>\n<meta name=\"robots\" content=\"index, follow, max-snippet:-1, max-image-preview:large, max-video-preview:-1\" \/>\n<link rel=\"canonical\" href=\"https:\/\/barrsell.com\/en\/product\/eos-invisio-midi\/\" \/>\n<meta property=\"og:locale\" content=\"en_US\" \/>\n<meta property=\"og:type\" content=\"article\" \/>\n<meta property=\"og:title\" content=\"Eos \u0130nvisio Midi\" \/>\n<meta property=\"og:description\" content=\"Eos Invisio Midi Is\u0131t\u0131c\u0131, sauna \u0131s\u0131tma sistemlerinde devrim yaratan yenilik\u00e7i bir tasar\u0131ma sahiptir. G\u00f6r\u00fcnmez kurulum imkan\u0131 sunan bu model, saunan\u0131z\u0131n\" \/>\n<meta property=\"og:url\" content=\"https:\/\/barrsell.com\/en\/product\/eos-invisio-midi\/\" \/>\n<meta property=\"og:site_name\" content=\"Barrsell\" \/>\n<meta property=\"article:modified_time\" content=\"2024-12-24T17:56:39+00:00\" \/>\n<meta property=\"og:image\" content=\"https:\/\/barrsell.com\/wp-content\/uploads\/2024\/08\/Eos-Invisio-Midi-Isitici-barrsell.png\" \/>\n\t<meta property=\"og:image:width\" content=\"1200\" \/>\n\t<meta property=\"og:image:height\" content=\"1200\" \/>\n\t<meta property=\"og:image:type\" content=\"image\/png\" \/>\n<meta name=\"twitter:card\" content=\"summary_large_image\" \/>\n<meta name=\"twitter:label1\" content=\"Est. reading time\" \/>\n\t<meta name=\"twitter:data1\" content=\"2 minutes\" \/>\n<script type=\"application\/ld+json\" class=\"yoast-schema-graph\">{\"@context\":\"https:\/\/schema.org\",\"@graph\":[{\"@type\":\"WebPage\",\"@id\":\"https:\/\/barrsell.com\/urun\/eos-invisio-midi\/\",\"url\":\"https:\/\/barrsell.com\/urun\/eos-invisio-midi\/\",\"name\":\"Eos \u0130nvisio Midi | Barrsell End\u00fcstri\",\"isPartOf\":{\"@id\":\"https:\/\/barrsell.com\/#website\"},\"primaryImageOfPage\":{\"@id\":\"https:\/\/barrsell.com\/urun\/eos-invisio-midi\/#primaryimage\"},\"image\":{\"@id\":\"https:\/\/barrsell.com\/urun\/eos-invisio-midi\/#primaryimage\"},\"thumbnailUrl\":\"https:\/\/barrsell.com\/wp-content\/uploads\/2024\/08\/Eos-Invisio-Midi-Isitici-barrsell.png\",\"datePublished\":\"2024-08-24T10:44:07+00:00\",\"dateModified\":\"2024-12-24T17:56:39+00:00\",\"description\":\"Eos Invisio Midi Is\u0131t\u0131c\u0131, sauna \u0131s\u0131tma sistemlerinde devrim yaratan yenilik\u00e7i bir tasar\u0131ma sahiptir. G\u00f6r\u00fcnmez kurulum imkan\u0131 sunan bu model, saunan\u0131z\u0131n\",\"breadcrumb\":{\"@id\":\"https:\/\/barrsell.com\/urun\/eos-invisio-midi\/#breadcrumb\"},\"inLanguage\":\"en-US\",\"potentialAction\":[{\"@type\":\"ReadAction\",\"target\":[\"https:\/\/barrsell.com\/urun\/eos-invisio-midi\/\"]}]},{\"@type\":\"ImageObject\",\"inLanguage\":\"en-US\",\"@id\":\"https:\/\/barrsell.com\/urun\/eos-invisio-midi\/#primaryimage\",\"url\":\"https:\/\/barrsell.com\/wp-content\/uploads\/2024\/08\/Eos-Invisio-Midi-Isitici-barrsell.png\",\"contentUrl\":\"https:\/\/barrsell.com\/wp-content\/uploads\/2024\/08\/Eos-Invisio-Midi-Isitici-barrsell.png\",\"width\":1200,\"height\":1200,\"caption\":\"Eos \u0130nvisio Midi Is\u0131t\u0131c\u0131-barrsell\"},{\"@type\":\"BreadcrumbList\",\"@id\":\"https:\/\/barrsell.com\/urun\/eos-invisio-midi\/#breadcrumb\",\"itemListElement\":[{\"@type\":\"ListItem\",\"position\":1,\"name\":\"Home\",\"item\":\"https:\/\/barrsell.com\/\"},{\"@type\":\"ListItem\",\"position\":2,\"name\":\"\u00dcr\u00fcnler\",\"item\":\"https:\/\/barrsell.com\/en\/products\/\"},{\"@type\":\"ListItem\",\"position\":3,\"name\":\"Eos \u0130nvisio Midi\"}]},{\"@type\":\"WebSite\",\"@id\":\"https:\/\/barrsell.com\/#website\",\"url\":\"https:\/\/barrsell.com\/\",\"name\":\"Barrsell End\u00fcstri Makine\",\"description\":\"Teknolojiyle G\u00fc\u00e7lenen End\u00fcstriyel \u00c7\u00f6z\u00fcmler!\",\"potentialAction\":[{\"@type\":\"SearchAction\",\"target\":{\"@type\":\"EntryPoint\",\"urlTemplate\":\"https:\/\/barrsell.com\/?s={search_term_string}\"},\"query-input\":\"required name=search_term_string\"}],\"inLanguage\":\"en-US\"}]}<\/script>\n<!-- \/ Yoast SEO Premium plugin. -->","yoast_head_json":{"title":"Eos \u0130nvisio Midi | Barrsell End\u00fcstri","description":"Eos Invisio Midi Is\u0131t\u0131c\u0131, sauna \u0131s\u0131tma sistemlerinde devrim yaratan yenilik\u00e7i bir tasar\u0131ma sahiptir. G\u00f6r\u00fcnmez kurulum imkan\u0131 sunan bu model, saunan\u0131z\u0131n","robots":{"index":"index","follow":"follow","max-snippet":"max-snippet:-1","max-image-preview":"max-image-preview:large","max-video-preview":"max-video-preview:-1"},"canonical":"https:\/\/barrsell.com\/en\/product\/eos-invisio-midi\/","og_locale":"en_US","og_type":"article","og_title":"Eos \u0130nvisio Midi","og_description":"Eos Invisio Midi Is\u0131t\u0131c\u0131, sauna \u0131s\u0131tma sistemlerinde devrim yaratan yenilik\u00e7i bir tasar\u0131ma sahiptir. G\u00f6r\u00fcnmez kurulum imkan\u0131 sunan bu model, saunan\u0131z\u0131n","og_url":"https:\/\/barrsell.com\/en\/product\/eos-invisio-midi\/","og_site_name":"Barrsell","article_modified_time":"2024-12-24T17:56:39+00:00","og_image":[{"width":1200,"height":1200,"url":"https:\/\/barrsell.com\/wp-content\/uploads\/2024\/08\/Eos-Invisio-Midi-Isitici-barrsell.png","type":"image\/png"}],"twitter_card":"summary_large_image","twitter_misc":{"Est. reading time":"2 minutes"},"schema":{"@context":"https:\/\/schema.org","@graph":[{"@type":"WebPage","@id":"https:\/\/barrsell.com\/urun\/eos-invisio-midi\/","url":"https:\/\/barrsell.com\/urun\/eos-invisio-midi\/","name":"Eos \u0130nvisio Midi | Barrsell End\u00fcstri","isPartOf":{"@id":"https:\/\/barrsell.com\/#website"},"primaryImageOfPage":{"@id":"https:\/\/barrsell.com\/urun\/eos-invisio-midi\/#primaryimage"},"image":{"@id":"https:\/\/barrsell.com\/urun\/eos-invisio-midi\/#primaryimage"},"thumbnailUrl":"https:\/\/barrsell.com\/wp-content\/uploads\/2024\/08\/Eos-Invisio-Midi-Isitici-barrsell.png","datePublished":"2024-08-24T10:44:07+00:00","dateModified":"2024-12-24T17:56:39+00:00","description":"Eos Invisio Midi Is\u0131t\u0131c\u0131, sauna \u0131s\u0131tma sistemlerinde devrim yaratan yenilik\u00e7i bir tasar\u0131ma sahiptir. G\u00f6r\u00fcnmez kurulum imkan\u0131 sunan bu model, saunan\u0131z\u0131n","breadcrumb":{"@id":"https:\/\/barrsell.com\/urun\/eos-invisio-midi\/#breadcrumb"},"inLanguage":"en-US","potentialAction":[{"@type":"ReadAction","target":["https:\/\/barrsell.com\/urun\/eos-invisio-midi\/"]}]},{"@type":"ImageObject","inLanguage":"en-US","@id":"https:\/\/barrsell.com\/urun\/eos-invisio-midi\/#primaryimage","url":"https:\/\/barrsell.com\/wp-content\/uploads\/2024\/08\/Eos-Invisio-Midi-Isitici-barrsell.png","contentUrl":"https:\/\/barrsell.com\/wp-content\/uploads\/2024\/08\/Eos-Invisio-Midi-Isitici-barrsell.png","width":1200,"height":1200,"caption":"Eos \u0130nvisio Midi Is\u0131t\u0131c\u0131-barrsell"},{"@type":"BreadcrumbList","@id":"https:\/\/barrsell.com\/urun\/eos-invisio-midi\/#breadcrumb","itemListElement":[{"@type":"ListItem","position":1,"name":"Home","item":"https:\/\/barrsell.com\/"},{"@type":"ListItem","position":2,"name":"\u00dcr\u00fcnler","item":"https:\/\/barrsell.com\/en\/products\/"},{"@type":"ListItem","position":3,"name":"Eos \u0130nvisio Midi"}]},{"@type":"WebSite","@id":"https:\/\/barrsell.com\/#website","url":"https:\/\/barrsell.com\/","name":"Barrsell End\u00fcstri Makine","description":"Teknolojiyle G\u00fc\u00e7lenen End\u00fcstriyel \u00c7\u00f6z\u00fcmler!","potentialAction":[{"@type":"SearchAction","target":{"@type":"EntryPoint","urlTemplate":"https:\/\/barrsell.com\/?s={search_term_string}"},"query-input":"required name=search_term_string"}],"inLanguage":"en-US"}]}},"_links":{"self":[{"href":"https:\/\/barrsell.com\/en\/wp-json\/wp\/v2\/product\/12998","targetHints":{"allow":["GET"]}}],"collection":[{"href":"https:\/\/barrsell.com\/en\/wp-json\/wp\/v2\/product"}],"about":[{"href":"https:\/\/barrsell.com\/en\/wp-json\/wp\/v2\/types\/product"}],"version-history":[{"count":7,"href":"https:\/\/barrsell.com\/en\/wp-json\/wp\/v2\/product\/12998\/revisions"}],"predecessor-version":[{"id":19627,"href":"https:\/\/barrsell.com\/en\/wp-json\/wp\/v2\/product\/12998\/revisions\/19627"}],"wp:featuredmedia":[{"embeddable":true,"href":"https:\/\/barrsell.com\/en\/wp-json\/wp\/v2\/media\/13001"}],"wp:attachment":[{"href":"https:\/\/barrsell.com\/en\/wp-json\/wp\/v2\/media?parent=12998"}],"wp:term":[{"taxonomy":"product_cat","embeddable":true,"href":"https:\/\/barrsell.com\/en\/wp-json\/wp\/v2\/product_cat?post=12998"},{"taxonomy":"product_tag","embeddable":true,"href":"https:\/\/barrsell.com\/en\/wp-json\/wp\/v2\/product_tag?post=12998"}],"curies":[{"name":"wp","href":"https:\/\/api.w.org\/{rel}","templated":true}]}}