{"id":12973,"date":"2024-08-23T16:06:48","date_gmt":"2024-08-23T16:06:48","guid":{"rendered":"https:\/\/barrsell.com\/?post_type=product&#038;p=12973"},"modified":"2024-12-25T07:59:45","modified_gmt":"2024-12-25T07:59:45","slug":"eos-cubo-isitici","status":"publish","type":"product","link":"https:\/\/barrsell.com\/en\/product\/eos-cubo-heater\/","title":{"rendered":"Eos Cubo Heater"},"content":{"rendered":"<h2><strong>Eos Cubo Heater: Technical Specifications and Advantages<\/strong><\/h2>\n<p>Eos Cubo Heater is a product that combines innovation and elegance in modern heating solutions. Also used in sauna and wellness areas, this heater stands out with its high performance, energy efficiency and user-friendly design.<\/p>\n<div id=\"attachment_19637\" style=\"width: 1010px\" class=\"wp-caption alignnone\"><a href=\"https:\/\/barrsell.com\/wp-content\/uploads\/2024\/08\/Eos-Cubo-Isitici-3.jpg\"><img fetchpriority=\"high\" decoding=\"async\" aria-describedby=\"caption-attachment-19637\" class=\"wp-image-19637 size-full\" src=\"https:\/\/barrsell.com\/wp-content\/uploads\/2024\/08\/Eos-Cubo-Isitici-3.jpg\" alt=\"\" width=\"1000\" height=\"664\" srcset=\"https:\/\/barrsell.com\/wp-content\/uploads\/2024\/08\/Eos-Cubo-Isitici-3.jpg 1000w, https:\/\/barrsell.com\/wp-content\/uploads\/2024\/08\/Eos-Cubo-Isitici-3-300x199.jpg 300w, https:\/\/barrsell.com\/wp-content\/uploads\/2024\/08\/Eos-Cubo-Isitici-3-768x510.jpg 768w, https:\/\/barrsell.com\/wp-content\/uploads\/2024\/08\/Eos-Cubo-Isitici-3-18x12.jpg 18w, https:\/\/barrsell.com\/wp-content\/uploads\/2024\/08\/Eos-Cubo-Isitici-3-150x100.jpg 150w\" sizes=\"(max-width: 1000px) 100vw, 1000px\" \/><\/a><p id=\"caption-attachment-19637\" class=\"wp-caption-text\">Eos Cubo Heater-3<\/p><\/div>\n<h4><strong>Technical Specifications<\/strong><\/h4>\n<p><strong>Power Options: <\/strong>The Eos Cubo offers power options ranging from 7.5 kW to 10 kW. This diversity also provides a flexible solution for different sauna sizes and usage needs.<\/p>\n<p><strong>Outer Body<\/strong> Long life with stainless steel coating.<\/p>\n<p><strong>Inner Section:<\/strong> The combination of high temperature resistant aluminum and steel ensures maximum durability.<\/p>\n<p class=\" translation-block\"><strong>Heat Distribution: <\/strong>Thanks to its innovative design that provides optimal air circulation, it offers an even and effective heat distribution in the sauna room.<\/p>\n<p class=\" translation-block\"><strong>Stone Capacity:<\/strong> It has a stone capacity between 20-25 kg. This provides the advantage of high steam generation and long term heat preservation.<\/p>\n<p><strong>Energy Efficiency: <\/strong>Thanks to its advanced energy management system, it provides high performance with low energy consumption.<\/p>\n<p><strong>Compact Design: <\/strong>It has a compact structure with dimensions of 500 mm x 300 mm x 700 mm. You can easily use it even in small spaces.<\/p>\n<p><strong>Control Options: <\/strong>Easy operation with digital control panel.<\/p>\n<h4><strong>Areas of Use<\/strong><\/h4>\n<p>The Eos Cubo Heater is ideal for both commercial and individual use. You can also use it in spa centers, hotels, gyms and private home saunas. In addition, thanks to its advanced technology, it continues to show high performance even under intensive use.<\/p>","protected":false},"excerpt":{"rendered":"<p>Eos Cubo offers power options ranging from 6 kW to 10 kW.<\/p>","protected":false},"featured_media":12995,"template":"","meta":[],"product_cat":[53,155,156],"product_tag":[],"class_list":{"0":"post-12973","1":"product","2":"type-product","3":"status-publish","4":"has-post-thumbnail","6":"product_cat-sauna-isiticilari","7":"product_cat-eos-sauna-isiticilari","8":"product_cat-eos-sauna-isiticilar","10":"first","11":"instock","12":"shipping-taxable","13":"purchasable","14":"product-type-variable"},"yoast_head":"<!-- This site is optimized with the Yoast SEO Premium plugin v23.2 (Yoast SEO v23.2) - https:\/\/yoast.com\/wordpress\/plugins\/seo\/ -->\n<title>Eos Cubo Is\u0131t\u0131c\u0131 | Barrsell End\u00fcstri<\/title>\n<meta name=\"description\" content=\"Eos Cubo \u0131s\u0131t\u0131c\u0131, modern ve kompakt tasar\u0131m\u0131yla dikkat \u00e7ekerken, y\u00fcksek performans\u0131 ve kullan\u0131m kolayl\u0131\u011f\u0131yla da \u00f6ne \u00e7\u0131kan bir \u00fcr\u00fcnd\u00fcr.\" \/>\n<meta name=\"robots\" content=\"index, follow, max-snippet:-1, max-image-preview:large, max-video-preview:-1\" \/>\n<link rel=\"canonical\" href=\"https:\/\/barrsell.com\/en\/product\/eos-cubo-heater\/\" \/>\n<meta property=\"og:locale\" content=\"en_US\" \/>\n<meta property=\"og:type\" content=\"article\" \/>\n<meta property=\"og:title\" content=\"Eos Cubo Is\u0131t\u0131c\u0131\" \/>\n<meta property=\"og:description\" content=\"Eos Cubo \u0131s\u0131t\u0131c\u0131, modern ve kompakt tasar\u0131m\u0131yla dikkat \u00e7ekerken, y\u00fcksek performans\u0131 ve kullan\u0131m kolayl\u0131\u011f\u0131yla da \u00f6ne \u00e7\u0131kan bir \u00fcr\u00fcnd\u00fcr.\" \/>\n<meta property=\"og:url\" content=\"https:\/\/barrsell.com\/en\/product\/eos-cubo-heater\/\" \/>\n<meta property=\"og:site_name\" content=\"Barrsell\" \/>\n<meta property=\"article:modified_time\" content=\"2024-12-25T07:59:45+00:00\" \/>\n<meta property=\"og:image\" content=\"https:\/\/barrsell.com\/wp-content\/uploads\/2024\/08\/Eos-Cubo-Isitici.png\" \/>\n\t<meta property=\"og:image:width\" content=\"1200\" \/>\n\t<meta property=\"og:image:height\" content=\"1200\" \/>\n\t<meta property=\"og:image:type\" content=\"image\/png\" \/>\n<meta name=\"twitter:card\" content=\"summary_large_image\" \/>\n<meta name=\"twitter:label1\" content=\"Est. reading time\" \/>\n\t<meta name=\"twitter:data1\" content=\"2 minutes\" \/>\n<script type=\"application\/ld+json\" class=\"yoast-schema-graph\">{\"@context\":\"https:\/\/schema.org\",\"@graph\":[{\"@type\":\"WebPage\",\"@id\":\"https:\/\/barrsell.com\/urun\/eos-cubo-isitici\/\",\"url\":\"https:\/\/barrsell.com\/urun\/eos-cubo-isitici\/\",\"name\":\"Eos Cubo Is\u0131t\u0131c\u0131 | Barrsell End\u00fcstri\",\"isPartOf\":{\"@id\":\"https:\/\/barrsell.com\/#website\"},\"primaryImageOfPage\":{\"@id\":\"https:\/\/barrsell.com\/urun\/eos-cubo-isitici\/#primaryimage\"},\"image\":{\"@id\":\"https:\/\/barrsell.com\/urun\/eos-cubo-isitici\/#primaryimage\"},\"thumbnailUrl\":\"https:\/\/barrsell.com\/wp-content\/uploads\/2024\/08\/Eos-Cubo-Isitici.png\",\"datePublished\":\"2024-08-23T16:06:48+00:00\",\"dateModified\":\"2024-12-25T07:59:45+00:00\",\"description\":\"Eos Cubo \u0131s\u0131t\u0131c\u0131, modern ve kompakt tasar\u0131m\u0131yla dikkat \u00e7ekerken, y\u00fcksek performans\u0131 ve kullan\u0131m kolayl\u0131\u011f\u0131yla da \u00f6ne \u00e7\u0131kan bir \u00fcr\u00fcnd\u00fcr.\",\"breadcrumb\":{\"@id\":\"https:\/\/barrsell.com\/urun\/eos-cubo-isitici\/#breadcrumb\"},\"inLanguage\":\"en-US\",\"potentialAction\":[{\"@type\":\"ReadAction\",\"target\":[\"https:\/\/barrsell.com\/urun\/eos-cubo-isitici\/\"]}]},{\"@type\":\"ImageObject\",\"inLanguage\":\"en-US\",\"@id\":\"https:\/\/barrsell.com\/urun\/eos-cubo-isitici\/#primaryimage\",\"url\":\"https:\/\/barrsell.com\/wp-content\/uploads\/2024\/08\/Eos-Cubo-Isitici.png\",\"contentUrl\":\"https:\/\/barrsell.com\/wp-content\/uploads\/2024\/08\/Eos-Cubo-Isitici.png\",\"width\":1200,\"height\":1200,\"caption\":\"Eos Cubo Is\u0131t\u0131c\u0131\"},{\"@type\":\"BreadcrumbList\",\"@id\":\"https:\/\/barrsell.com\/urun\/eos-cubo-isitici\/#breadcrumb\",\"itemListElement\":[{\"@type\":\"ListItem\",\"position\":1,\"name\":\"Home\",\"item\":\"https:\/\/barrsell.com\/\"},{\"@type\":\"ListItem\",\"position\":2,\"name\":\"\u00dcr\u00fcnler\",\"item\":\"https:\/\/barrsell.com\/en\/products\/\"},{\"@type\":\"ListItem\",\"position\":3,\"name\":\"Eos Cubo Is\u0131t\u0131c\u0131\"}]},{\"@type\":\"WebSite\",\"@id\":\"https:\/\/barrsell.com\/#website\",\"url\":\"https:\/\/barrsell.com\/\",\"name\":\"Barrsell End\u00fcstri Makine\",\"description\":\"Teknolojiyle G\u00fc\u00e7lenen End\u00fcstriyel \u00c7\u00f6z\u00fcmler!\",\"potentialAction\":[{\"@type\":\"SearchAction\",\"target\":{\"@type\":\"EntryPoint\",\"urlTemplate\":\"https:\/\/barrsell.com\/?s={search_term_string}\"},\"query-input\":\"required name=search_term_string\"}],\"inLanguage\":\"en-US\"}]}<\/script>\n<!-- \/ Yoast SEO Premium plugin. -->","yoast_head_json":{"title":"Eos Cubo Is\u0131t\u0131c\u0131 | Barrsell End\u00fcstri","description":"Eos Cubo \u0131s\u0131t\u0131c\u0131, modern ve kompakt tasar\u0131m\u0131yla dikkat \u00e7ekerken, y\u00fcksek performans\u0131 ve kullan\u0131m kolayl\u0131\u011f\u0131yla da \u00f6ne \u00e7\u0131kan bir \u00fcr\u00fcnd\u00fcr.","robots":{"index":"index","follow":"follow","max-snippet":"max-snippet:-1","max-image-preview":"max-image-preview:large","max-video-preview":"max-video-preview:-1"},"canonical":"https:\/\/barrsell.com\/en\/product\/eos-cubo-heater\/","og_locale":"en_US","og_type":"article","og_title":"Eos Cubo Is\u0131t\u0131c\u0131","og_description":"Eos Cubo \u0131s\u0131t\u0131c\u0131, modern ve kompakt tasar\u0131m\u0131yla dikkat \u00e7ekerken, y\u00fcksek performans\u0131 ve kullan\u0131m kolayl\u0131\u011f\u0131yla da \u00f6ne \u00e7\u0131kan bir \u00fcr\u00fcnd\u00fcr.","og_url":"https:\/\/barrsell.com\/en\/product\/eos-cubo-heater\/","og_site_name":"Barrsell","article_modified_time":"2024-12-25T07:59:45+00:00","og_image":[{"width":1200,"height":1200,"url":"https:\/\/barrsell.com\/wp-content\/uploads\/2024\/08\/Eos-Cubo-Isitici.png","type":"image\/png"}],"twitter_card":"summary_large_image","twitter_misc":{"Est. reading time":"2 minutes"},"schema":{"@context":"https:\/\/schema.org","@graph":[{"@type":"WebPage","@id":"https:\/\/barrsell.com\/urun\/eos-cubo-isitici\/","url":"https:\/\/barrsell.com\/urun\/eos-cubo-isitici\/","name":"Eos Cubo Is\u0131t\u0131c\u0131 | Barrsell End\u00fcstri","isPartOf":{"@id":"https:\/\/barrsell.com\/#website"},"primaryImageOfPage":{"@id":"https:\/\/barrsell.com\/urun\/eos-cubo-isitici\/#primaryimage"},"image":{"@id":"https:\/\/barrsell.com\/urun\/eos-cubo-isitici\/#primaryimage"},"thumbnailUrl":"https:\/\/barrsell.com\/wp-content\/uploads\/2024\/08\/Eos-Cubo-Isitici.png","datePublished":"2024-08-23T16:06:48+00:00","dateModified":"2024-12-25T07:59:45+00:00","description":"Eos Cubo \u0131s\u0131t\u0131c\u0131, modern ve kompakt tasar\u0131m\u0131yla dikkat \u00e7ekerken, y\u00fcksek performans\u0131 ve kullan\u0131m kolayl\u0131\u011f\u0131yla da \u00f6ne \u00e7\u0131kan bir \u00fcr\u00fcnd\u00fcr.","breadcrumb":{"@id":"https:\/\/barrsell.com\/urun\/eos-cubo-isitici\/#breadcrumb"},"inLanguage":"en-US","potentialAction":[{"@type":"ReadAction","target":["https:\/\/barrsell.com\/urun\/eos-cubo-isitici\/"]}]},{"@type":"ImageObject","inLanguage":"en-US","@id":"https:\/\/barrsell.com\/urun\/eos-cubo-isitici\/#primaryimage","url":"https:\/\/barrsell.com\/wp-content\/uploads\/2024\/08\/Eos-Cubo-Isitici.png","contentUrl":"https:\/\/barrsell.com\/wp-content\/uploads\/2024\/08\/Eos-Cubo-Isitici.png","width":1200,"height":1200,"caption":"Eos Cubo Is\u0131t\u0131c\u0131"},{"@type":"BreadcrumbList","@id":"https:\/\/barrsell.com\/urun\/eos-cubo-isitici\/#breadcrumb","itemListElement":[{"@type":"ListItem","position":1,"name":"Home","item":"https:\/\/barrsell.com\/"},{"@type":"ListItem","position":2,"name":"\u00dcr\u00fcnler","item":"https:\/\/barrsell.com\/en\/products\/"},{"@type":"ListItem","position":3,"name":"Eos Cubo Is\u0131t\u0131c\u0131"}]},{"@type":"WebSite","@id":"https:\/\/barrsell.com\/#website","url":"https:\/\/barrsell.com\/","name":"Barrsell End\u00fcstri Makine","description":"Teknolojiyle G\u00fc\u00e7lenen End\u00fcstriyel \u00c7\u00f6z\u00fcmler!","potentialAction":[{"@type":"SearchAction","target":{"@type":"EntryPoint","urlTemplate":"https:\/\/barrsell.com\/?s={search_term_string}"},"query-input":"required name=search_term_string"}],"inLanguage":"en-US"}]}},"_links":{"self":[{"href":"https:\/\/barrsell.com\/en\/wp-json\/wp\/v2\/product\/12973","targetHints":{"allow":["GET"]}}],"collection":[{"href":"https:\/\/barrsell.com\/en\/wp-json\/wp\/v2\/product"}],"about":[{"href":"https:\/\/barrsell.com\/en\/wp-json\/wp\/v2\/types\/product"}],"version-history":[{"count":5,"href":"https:\/\/barrsell.com\/en\/wp-json\/wp\/v2\/product\/12973\/revisions"}],"predecessor-version":[{"id":19639,"href":"https:\/\/barrsell.com\/en\/wp-json\/wp\/v2\/product\/12973\/revisions\/19639"}],"wp:featuredmedia":[{"embeddable":true,"href":"https:\/\/barrsell.com\/en\/wp-json\/wp\/v2\/media\/12995"}],"wp:attachment":[{"href":"https:\/\/barrsell.com\/en\/wp-json\/wp\/v2\/media?parent=12973"}],"wp:term":[{"taxonomy":"product_cat","embeddable":true,"href":"https:\/\/barrsell.com\/en\/wp-json\/wp\/v2\/product_cat?post=12973"},{"taxonomy":"product_tag","embeddable":true,"href":"https:\/\/barrsell.com\/en\/wp-json\/wp\/v2\/product_tag?post=12973"}],"curies":[{"name":"wp","href":"https:\/\/api.w.org\/{rel}","templated":true}]}}