{"id":12956,"date":"2024-08-23T15:37:54","date_gmt":"2024-08-23T15:37:54","guid":{"rendered":"https:\/\/barrsell.com\/?post_type=product&#038;p=12956"},"modified":"2024-12-25T12:19:23","modified_gmt":"2024-12-25T12:19:23","slug":"eos-blackrock-isitici","status":"publish","type":"product","link":"https:\/\/barrsell.com\/en\/product\/eos-blackrock-heater\/","title":{"rendered":"Eos BlackRock Heater"},"content":{"rendered":"<div class=\"flex max-w-full flex-col flex-grow\">\n<div class=\"min-h-[20px] text-message flex w-full flex-col items-end gap-2 break-words [.text-message+&amp;]:mt-5 overflow-x-auto whitespace-pre-wrap\" dir=\"auto\" data-message-author-role=\"assistant\" data-message-id=\"ead95248-795f-4508-8ba8-1f77a22d5c17\">\n<div class=\"flex w-full flex-col gap-1 empty:hidden first:pt-[3px]\">\n<div class=\"markdown prose w-full break-words dark:prose-invert light\">\n<h2><strong>Eos BlackRock Heater<\/strong><\/h2>\n<p class=\" translation-block\">The <strong>Eos BlackRock<\/strong> heater is a sauna heating solution that stands out with its modern design and powerful performance. Built with high quality and aesthetics in mind, it offers a unique experience for sauna users. With its wide temperature range, durability and energy efficiency, Eos BlackRock is destined to become the best part of your sauna.<\/p>\n<div id=\"attachment_19673\" style=\"width: 1010px\" class=\"wp-caption alignnone\"><a href=\"https:\/\/barrsell.com\/wp-content\/uploads\/2024\/08\/Eos-BlackRock-Isitici-3.jpg\"><img fetchpriority=\"high\" decoding=\"async\" aria-describedby=\"caption-attachment-19673\" class=\"wp-image-19673 size-full\" src=\"https:\/\/barrsell.com\/wp-content\/uploads\/2024\/08\/Eos-BlackRock-Isitici-3.jpg\" alt=\"\" width=\"1000\" height=\"664\" srcset=\"https:\/\/barrsell.com\/wp-content\/uploads\/2024\/08\/Eos-BlackRock-Isitici-3.jpg 1000w, https:\/\/barrsell.com\/wp-content\/uploads\/2024\/08\/Eos-BlackRock-Isitici-3-300x199.jpg 300w, https:\/\/barrsell.com\/wp-content\/uploads\/2024\/08\/Eos-BlackRock-Isitici-3-768x510.jpg 768w, https:\/\/barrsell.com\/wp-content\/uploads\/2024\/08\/Eos-BlackRock-Isitici-3-18x12.jpg 18w, https:\/\/barrsell.com\/wp-content\/uploads\/2024\/08\/Eos-BlackRock-Isitici-3-150x100.jpg 150w\" sizes=\"(max-width: 1000px) 100vw, 1000px\" \/><\/a><p id=\"caption-attachment-19673\" class=\"wp-caption-text\">Eos BlackRock Heater-3<\/p><\/div>\n<h4>Main Features and Technical Information:<\/h4>\n<ul>\n<li class=\" translation-block\"><strong>Power Capacity:<\/strong> Eos BlackRock has power options ranging from 9.0 kW to 12.0 kW. This wide power range offers an excellent heating performance for saunas from 9 to 18 cubic meters. It provides fast and efficient heat distribution even in large saunas. So you can reach the ideal temperature in a short time.<\/li>\n<li class=\" translation-block\"><strong>Minimalist and Stylish Design:<\/strong> Eos BlackRock features a modern design with minimalist lines. Its matte black exterior complements the aesthetics of your sauna and gives it an elegant look. Made of stainless steel and high-quality materials, this heater is both durable and long-lasting.<\/li>\n<li class=\" translation-block\"><strong>High Stone Capacity: <\/strong> The Eos BlackRock has a stone capacity of up to 60 kg. It also excels at generating steam and retaining heat for long periods of time. The large surface area of the stones allows water to be poured over the stones to instantly generate intense steam, resulting in a more humid and relaxing sauna experience.<\/li>\n<li class=\" translation-block\"><strong>User Friendly Control Systems:<\/strong> Eos BlackRock is compatible with a variety of digital controllers. These units allow users to easily adjust temperature and time settings. Smart control options allow you to manage your sauna remotely and make adjustments in advance.<\/li>\n<li class=\" translation-block\"><strong>Energy Efficiency:<\/strong> Eos BlackRock is equipped with energy efficient technologies. This heater offers high performance with low energy consumption. It provides both an environmentally friendly use and cost savings. And thanks to intelligent energy management, you can optimize the energy consumption of your sauna.<\/li>\n<li class=\" translation-block\"><strong>Safety and Durability:<\/strong> Eos BlackRock is equipped with overheat protection and safe operating mechanisms. Its durable construction ensures long-term resistance to high temperatures.  Furthermore, all the necessary fasteners and instructions for safe and secure assembly of the device are included.<\/li>\n<li class=\" translation-block\"><strong>Easy Installation:<\/strong> Eos BlackRock is designed with user-friendly mounting features. Optimized to take up minimal space in your sauna, this heater is easy to install. The simplicity of the assembly process makes it ideal for home users and professionals alike.<\/li>\n<\/ul>\n<div id=\"attachment_19675\" style=\"width: 1010px\" class=\"wp-caption alignnone\"><a href=\"https:\/\/barrsell.com\/wp-content\/uploads\/2024\/08\/Eos-BlackRock-Isitici-6.jpg\"><img decoding=\"async\" aria-describedby=\"caption-attachment-19675\" class=\"wp-image-19675 size-full\" src=\"https:\/\/barrsell.com\/wp-content\/uploads\/2024\/08\/Eos-BlackRock-Isitici-6.jpg\" alt=\"\" width=\"1000\" height=\"664\" srcset=\"https:\/\/barrsell.com\/wp-content\/uploads\/2024\/08\/Eos-BlackRock-Isitici-6.jpg 1000w, https:\/\/barrsell.com\/wp-content\/uploads\/2024\/08\/Eos-BlackRock-Isitici-6-300x199.jpg 300w, https:\/\/barrsell.com\/wp-content\/uploads\/2024\/08\/Eos-BlackRock-Isitici-6-768x510.jpg 768w, https:\/\/barrsell.com\/wp-content\/uploads\/2024\/08\/Eos-BlackRock-Isitici-6-18x12.jpg 18w, https:\/\/barrsell.com\/wp-content\/uploads\/2024\/08\/Eos-BlackRock-Isitici-6-150x100.jpg 150w\" sizes=\"(max-width: 1000px) 100vw, 1000px\" \/><\/a><p id=\"caption-attachment-19675\" class=\"wp-caption-text\">Eos BlackRock Heater-6<\/p><\/div>\n<\/div>\n<\/div>\n<\/div>\n<\/div>","protected":false},"excerpt":{"rendered":"<p>Eos BlackRock Is\u0131t\u0131c\u0131 Eos BlackRock \u0131s\u0131t\u0131c\u0131, hem modern tasar\u0131m\u0131 hem de g\u00fc\u00e7l\u00fc performans\u0131yla \u00f6ne \u00e7\u0131kan bir sauna \u0131s\u0131tma \u00e7\u00f6z\u00fcm\u00fcd\u00fcr. Y\u00fcksek<\/p>","protected":false},"featured_media":12957,"template":"","meta":[],"product_cat":[53,155,156],"product_tag":[],"class_list":{"0":"post-12956","1":"product","2":"type-product","3":"status-publish","4":"has-post-thumbnail","6":"product_cat-sauna-isiticilari","7":"product_cat-eos-sauna-isiticilari","8":"product_cat-eos-sauna-isiticilar","10":"first","11":"instock","12":"shipping-taxable","13":"purchasable","14":"product-type-variable"},"yoast_head":"<!-- This site is optimized with the Yoast SEO Premium plugin v23.2 (Yoast SEO v23.2) - https:\/\/yoast.com\/wordpress\/plugins\/seo\/ -->\n<title>Eos BlackRock Is\u0131t\u0131c\u0131 | Barrsell End\u00fcstri<\/title>\n<meta name=\"description\" content=\"Eos BlackRock \u0131s\u0131t\u0131c\u0131, hem modern tasar\u0131m\u0131 hem de g\u00fc\u00e7l\u00fc performans\u0131yla \u00f6ne \u00e7\u0131kan bir sauna \u0131s\u0131tma \u00e7\u00f6z\u00fcm\u00fcd\u00fcr. Y\u00fcksek kalite ve estetik anlay\u0131\u015f\u0131yla\" \/>\n<meta name=\"robots\" content=\"index, follow, max-snippet:-1, max-image-preview:large, max-video-preview:-1\" \/>\n<link rel=\"canonical\" href=\"https:\/\/barrsell.com\/en\/product\/eos-blackrock-heater\/\" \/>\n<meta property=\"og:locale\" content=\"en_US\" \/>\n<meta property=\"og:type\" content=\"article\" \/>\n<meta property=\"og:title\" content=\"Eos BlackRock Is\u0131t\u0131c\u0131\" \/>\n<meta property=\"og:description\" content=\"Eos BlackRock \u0131s\u0131t\u0131c\u0131, hem modern tasar\u0131m\u0131 hem de g\u00fc\u00e7l\u00fc performans\u0131yla \u00f6ne \u00e7\u0131kan bir sauna \u0131s\u0131tma \u00e7\u00f6z\u00fcm\u00fcd\u00fcr. Y\u00fcksek kalite ve estetik anlay\u0131\u015f\u0131yla\" \/>\n<meta property=\"og:url\" content=\"https:\/\/barrsell.com\/en\/product\/eos-blackrock-heater\/\" \/>\n<meta property=\"og:site_name\" content=\"Barrsell\" \/>\n<meta property=\"article:modified_time\" content=\"2024-12-25T12:19:23+00:00\" \/>\n<meta property=\"og:image\" content=\"https:\/\/barrsell.com\/wp-content\/uploads\/2024\/08\/EOS-BlackRock-1.png\" \/>\n\t<meta property=\"og:image:width\" content=\"1200\" \/>\n\t<meta property=\"og:image:height\" content=\"1200\" \/>\n\t<meta property=\"og:image:type\" content=\"image\/png\" \/>\n<meta name=\"twitter:card\" content=\"summary_large_image\" \/>\n<meta name=\"twitter:label1\" content=\"Est. reading time\" \/>\n\t<meta name=\"twitter:data1\" content=\"3 minutes\" \/>\n<script type=\"application\/ld+json\" class=\"yoast-schema-graph\">{\"@context\":\"https:\/\/schema.org\",\"@graph\":[{\"@type\":\"WebPage\",\"@id\":\"https:\/\/barrsell.com\/urun\/eos-blackrock-isitici\/\",\"url\":\"https:\/\/barrsell.com\/urun\/eos-blackrock-isitici\/\",\"name\":\"Eos BlackRock Is\u0131t\u0131c\u0131 | Barrsell End\u00fcstri\",\"isPartOf\":{\"@id\":\"https:\/\/barrsell.com\/#website\"},\"primaryImageOfPage\":{\"@id\":\"https:\/\/barrsell.com\/urun\/eos-blackrock-isitici\/#primaryimage\"},\"image\":{\"@id\":\"https:\/\/barrsell.com\/urun\/eos-blackrock-isitici\/#primaryimage\"},\"thumbnailUrl\":\"https:\/\/barrsell.com\/wp-content\/uploads\/2024\/08\/EOS-BlackRock-1.png\",\"datePublished\":\"2024-08-23T15:37:54+00:00\",\"dateModified\":\"2024-12-25T12:19:23+00:00\",\"description\":\"Eos BlackRock \u0131s\u0131t\u0131c\u0131, hem modern tasar\u0131m\u0131 hem de g\u00fc\u00e7l\u00fc performans\u0131yla \u00f6ne \u00e7\u0131kan bir sauna \u0131s\u0131tma \u00e7\u00f6z\u00fcm\u00fcd\u00fcr. Y\u00fcksek kalite ve estetik anlay\u0131\u015f\u0131yla\",\"breadcrumb\":{\"@id\":\"https:\/\/barrsell.com\/urun\/eos-blackrock-isitici\/#breadcrumb\"},\"inLanguage\":\"en-US\",\"potentialAction\":[{\"@type\":\"ReadAction\",\"target\":[\"https:\/\/barrsell.com\/urun\/eos-blackrock-isitici\/\"]}]},{\"@type\":\"ImageObject\",\"inLanguage\":\"en-US\",\"@id\":\"https:\/\/barrsell.com\/urun\/eos-blackrock-isitici\/#primaryimage\",\"url\":\"https:\/\/barrsell.com\/wp-content\/uploads\/2024\/08\/EOS-BlackRock-1.png\",\"contentUrl\":\"https:\/\/barrsell.com\/wp-content\/uploads\/2024\/08\/EOS-BlackRock-1.png\",\"width\":1200,\"height\":1200,\"caption\":\"EOS-BlackRock\"},{\"@type\":\"BreadcrumbList\",\"@id\":\"https:\/\/barrsell.com\/urun\/eos-blackrock-isitici\/#breadcrumb\",\"itemListElement\":[{\"@type\":\"ListItem\",\"position\":1,\"name\":\"Home\",\"item\":\"https:\/\/barrsell.com\/\"},{\"@type\":\"ListItem\",\"position\":2,\"name\":\"\u00dcr\u00fcnler\",\"item\":\"https:\/\/barrsell.com\/en\/products\/\"},{\"@type\":\"ListItem\",\"position\":3,\"name\":\"Eos BlackRock Is\u0131t\u0131c\u0131\"}]},{\"@type\":\"WebSite\",\"@id\":\"https:\/\/barrsell.com\/#website\",\"url\":\"https:\/\/barrsell.com\/\",\"name\":\"Barrsell End\u00fcstri Makine\",\"description\":\"Teknolojiyle G\u00fc\u00e7lenen End\u00fcstriyel \u00c7\u00f6z\u00fcmler!\",\"potentialAction\":[{\"@type\":\"SearchAction\",\"target\":{\"@type\":\"EntryPoint\",\"urlTemplate\":\"https:\/\/barrsell.com\/?s={search_term_string}\"},\"query-input\":\"required name=search_term_string\"}],\"inLanguage\":\"en-US\"}]}<\/script>\n<!-- \/ Yoast SEO Premium plugin. -->","yoast_head_json":{"title":"Eos BlackRock Is\u0131t\u0131c\u0131 | Barrsell End\u00fcstri","description":"Eos BlackRock \u0131s\u0131t\u0131c\u0131, hem modern tasar\u0131m\u0131 hem de g\u00fc\u00e7l\u00fc performans\u0131yla \u00f6ne \u00e7\u0131kan bir sauna \u0131s\u0131tma \u00e7\u00f6z\u00fcm\u00fcd\u00fcr. Y\u00fcksek kalite ve estetik anlay\u0131\u015f\u0131yla","robots":{"index":"index","follow":"follow","max-snippet":"max-snippet:-1","max-image-preview":"max-image-preview:large","max-video-preview":"max-video-preview:-1"},"canonical":"https:\/\/barrsell.com\/en\/product\/eos-blackrock-heater\/","og_locale":"en_US","og_type":"article","og_title":"Eos BlackRock Is\u0131t\u0131c\u0131","og_description":"Eos BlackRock \u0131s\u0131t\u0131c\u0131, hem modern tasar\u0131m\u0131 hem de g\u00fc\u00e7l\u00fc performans\u0131yla \u00f6ne \u00e7\u0131kan bir sauna \u0131s\u0131tma \u00e7\u00f6z\u00fcm\u00fcd\u00fcr. Y\u00fcksek kalite ve estetik anlay\u0131\u015f\u0131yla","og_url":"https:\/\/barrsell.com\/en\/product\/eos-blackrock-heater\/","og_site_name":"Barrsell","article_modified_time":"2024-12-25T12:19:23+00:00","og_image":[{"width":1200,"height":1200,"url":"https:\/\/barrsell.com\/wp-content\/uploads\/2024\/08\/EOS-BlackRock-1.png","type":"image\/png"}],"twitter_card":"summary_large_image","twitter_misc":{"Est. reading time":"3 minutes"},"schema":{"@context":"https:\/\/schema.org","@graph":[{"@type":"WebPage","@id":"https:\/\/barrsell.com\/urun\/eos-blackrock-isitici\/","url":"https:\/\/barrsell.com\/urun\/eos-blackrock-isitici\/","name":"Eos BlackRock Is\u0131t\u0131c\u0131 | Barrsell End\u00fcstri","isPartOf":{"@id":"https:\/\/barrsell.com\/#website"},"primaryImageOfPage":{"@id":"https:\/\/barrsell.com\/urun\/eos-blackrock-isitici\/#primaryimage"},"image":{"@id":"https:\/\/barrsell.com\/urun\/eos-blackrock-isitici\/#primaryimage"},"thumbnailUrl":"https:\/\/barrsell.com\/wp-content\/uploads\/2024\/08\/EOS-BlackRock-1.png","datePublished":"2024-08-23T15:37:54+00:00","dateModified":"2024-12-25T12:19:23+00:00","description":"Eos BlackRock \u0131s\u0131t\u0131c\u0131, hem modern tasar\u0131m\u0131 hem de g\u00fc\u00e7l\u00fc performans\u0131yla \u00f6ne \u00e7\u0131kan bir sauna \u0131s\u0131tma \u00e7\u00f6z\u00fcm\u00fcd\u00fcr. Y\u00fcksek kalite ve estetik anlay\u0131\u015f\u0131yla","breadcrumb":{"@id":"https:\/\/barrsell.com\/urun\/eos-blackrock-isitici\/#breadcrumb"},"inLanguage":"en-US","potentialAction":[{"@type":"ReadAction","target":["https:\/\/barrsell.com\/urun\/eos-blackrock-isitici\/"]}]},{"@type":"ImageObject","inLanguage":"en-US","@id":"https:\/\/barrsell.com\/urun\/eos-blackrock-isitici\/#primaryimage","url":"https:\/\/barrsell.com\/wp-content\/uploads\/2024\/08\/EOS-BlackRock-1.png","contentUrl":"https:\/\/barrsell.com\/wp-content\/uploads\/2024\/08\/EOS-BlackRock-1.png","width":1200,"height":1200,"caption":"EOS-BlackRock"},{"@type":"BreadcrumbList","@id":"https:\/\/barrsell.com\/urun\/eos-blackrock-isitici\/#breadcrumb","itemListElement":[{"@type":"ListItem","position":1,"name":"Home","item":"https:\/\/barrsell.com\/"},{"@type":"ListItem","position":2,"name":"\u00dcr\u00fcnler","item":"https:\/\/barrsell.com\/en\/products\/"},{"@type":"ListItem","position":3,"name":"Eos BlackRock Is\u0131t\u0131c\u0131"}]},{"@type":"WebSite","@id":"https:\/\/barrsell.com\/#website","url":"https:\/\/barrsell.com\/","name":"Barrsell End\u00fcstri Makine","description":"Teknolojiyle G\u00fc\u00e7lenen End\u00fcstriyel \u00c7\u00f6z\u00fcmler!","potentialAction":[{"@type":"SearchAction","target":{"@type":"EntryPoint","urlTemplate":"https:\/\/barrsell.com\/?s={search_term_string}"},"query-input":"required name=search_term_string"}],"inLanguage":"en-US"}]}},"_links":{"self":[{"href":"https:\/\/barrsell.com\/en\/wp-json\/wp\/v2\/product\/12956","targetHints":{"allow":["GET"]}}],"collection":[{"href":"https:\/\/barrsell.com\/en\/wp-json\/wp\/v2\/product"}],"about":[{"href":"https:\/\/barrsell.com\/en\/wp-json\/wp\/v2\/types\/product"}],"version-history":[{"count":6,"href":"https:\/\/barrsell.com\/en\/wp-json\/wp\/v2\/product\/12956\/revisions"}],"predecessor-version":[{"id":19676,"href":"https:\/\/barrsell.com\/en\/wp-json\/wp\/v2\/product\/12956\/revisions\/19676"}],"wp:featuredmedia":[{"embeddable":true,"href":"https:\/\/barrsell.com\/en\/wp-json\/wp\/v2\/media\/12957"}],"wp:attachment":[{"href":"https:\/\/barrsell.com\/en\/wp-json\/wp\/v2\/media?parent=12956"}],"wp:term":[{"taxonomy":"product_cat","embeddable":true,"href":"https:\/\/barrsell.com\/en\/wp-json\/wp\/v2\/product_cat?post=12956"},{"taxonomy":"product_tag","embeddable":true,"href":"https:\/\/barrsell.com\/en\/wp-json\/wp\/v2\/product_tag?post=12956"}],"curies":[{"name":"wp","href":"https:\/\/api.w.org\/{rel}","templated":true}]}}