{"id":12948,"date":"2024-08-23T14:16:55","date_gmt":"2024-08-23T14:16:55","guid":{"rendered":"https:\/\/barrsell.com\/?post_type=product&#038;p=12948"},"modified":"2024-12-25T12:35:17","modified_gmt":"2024-12-25T12:35:17","slug":"eos-46-u-xl-isitici","status":"publish","type":"product","link":"https:\/\/barrsell.com\/en\/product\/eos-46-u-xl-heater\/","title":{"rendered":"Eos 46.U XL Heater"},"content":{"rendered":"<h2><strong>Eos 46.U XL Heater: Powerful Performance and Cutting-Edge Technology<\/strong><\/h2>\n<p>The Eos 46.U XL Heater offers a highly efficient heating solution for large areas. It stands out with its modern design, durable construction and energy-efficient technology, providing excellent results in industrial and commercial applications. Here is a comprehensive review of the technical details, advantages and uses of this product:<\/p>\n<h4><strong>Technical Specifications<\/strong><\/h4>\n<ul>\n<li><strong>Model Name:<\/strong> Eos 46.U XL<\/li>\n<li><strong>Heating Capacity:<\/strong> With models ranging from 9 kW to 18 kW, power options suitable for different needs.<\/li>\n<li class=\" translation-block\"><strong>Body Material:<\/strong> Long-lasting and durable outer structure made of stainless steel.<\/li>\n<li><strong>Dimensions:<\/strong> The compact design (450 mm x 600 mm x 300 mm) allows easy installation in any space.<\/li>\n<li class=\" translation-block\"><strong>Operating Voltage:<\/strong> 400V three-phase electrical connection.<\/li>\n<li class=\" translation-block\"><strong>Control Panel:<\/strong> Precise temperature control with digital thermostat and timer feature.<\/li>\n<li class=\" translation-block\"><strong>Protection Class:<\/strong> IPX4 water and dust resistance certification.<\/li>\n<li><strong>Energy Efficiency:<\/strong> High energy-saving ECO mode.<\/li>\n<\/ul>\n<h4><strong>Product Advantages<\/strong><\/h4>\n<ul>\n<li class=\" translation-block\"><strong>High Performance:<\/strong> Advanced heating elements provide fast and even heat distribution.<\/li>\n<li class=\" translation-block\"><strong>Long Life:<\/strong> Years of trouble-free use with its steel structure and robust design.<\/li>\n<li class=\" translation-block\"><strong>Easy to Use:<\/strong> The intelligent control panel provides a user-friendly experience.<\/li>\n<li><strong>Environmentally Friendly:<\/strong> Low energy consumption and carbon footprint.<\/li>\n<li><strong>Silent Operation:<\/strong> Noiseless heating technology creates a comfortable environment.<\/li>\n<\/ul>","protected":false},"excerpt":{"rendered":"<ul>\n<li>Splash funnel with 1 m hose<\/li>\n<li>Cover protection safety grating 1600 mm<\/li>\n<\/ul>","protected":false},"featured_media":12955,"template":"","meta":[],"product_cat":[53,155,156],"product_tag":[],"class_list":{"0":"post-12948","1":"product","2":"type-product","3":"status-publish","4":"has-post-thumbnail","6":"product_cat-sauna-isiticilari","7":"product_cat-eos-sauna-isiticilari","8":"product_cat-eos-sauna-isiticilar","10":"first","11":"instock","12":"shipping-taxable","13":"purchasable","14":"product-type-variable"},"yoast_head":"<!-- This site is optimized with the Yoast SEO Premium plugin v23.2 (Yoast SEO v23.2) - https:\/\/yoast.com\/wordpress\/plugins\/seo\/ -->\n<title>Eos 46.U XL Is\u0131t\u0131c\u0131 | Barrsell End\u00fcstri<\/title>\n<meta name=\"description\" content=\"Eos 46.U XL \u0131s\u0131t\u0131c\u0131, y\u00fcksek performans\u0131 ve zarif tasar\u0131m\u0131 ile dikkat \u00e7eken bir sauna \u0131s\u0131tma \u00e7\u00f6z\u00fcm\u00fcd\u00fcr. B\u00fcy\u00fck saunalarda \u00fcst\u00fcn \u0131s\u0131tma kapasitesi sunarak\" \/>\n<meta name=\"robots\" content=\"index, follow, max-snippet:-1, max-image-preview:large, max-video-preview:-1\" \/>\n<link rel=\"canonical\" href=\"https:\/\/barrsell.com\/en\/product\/eos-46-u-xl-heater\/\" \/>\n<meta property=\"og:locale\" content=\"en_US\" \/>\n<meta property=\"og:type\" content=\"article\" \/>\n<meta property=\"og:title\" content=\"Eos 46.U XL Is\u0131t\u0131c\u0131\" \/>\n<meta property=\"og:description\" content=\"Eos 46.U XL \u0131s\u0131t\u0131c\u0131, y\u00fcksek performans\u0131 ve zarif tasar\u0131m\u0131 ile dikkat \u00e7eken bir sauna \u0131s\u0131tma \u00e7\u00f6z\u00fcm\u00fcd\u00fcr. B\u00fcy\u00fck saunalarda \u00fcst\u00fcn \u0131s\u0131tma kapasitesi sunarak\" \/>\n<meta property=\"og:url\" content=\"https:\/\/barrsell.com\/en\/product\/eos-46-u-xl-heater\/\" \/>\n<meta property=\"og:site_name\" content=\"Barrsell\" \/>\n<meta property=\"article:modified_time\" content=\"2024-12-25T12:35:17+00:00\" \/>\n<meta property=\"og:image\" content=\"https:\/\/barrsell.com\/wp-content\/uploads\/2024\/08\/Eos-46.U-XL-Isitici-.png\" \/>\n\t<meta property=\"og:image:width\" content=\"1200\" \/>\n\t<meta property=\"og:image:height\" content=\"1200\" \/>\n\t<meta property=\"og:image:type\" content=\"image\/png\" \/>\n<meta name=\"twitter:card\" content=\"summary_large_image\" \/>\n<meta name=\"twitter:label1\" content=\"Est. reading time\" \/>\n\t<meta name=\"twitter:data1\" content=\"2 minutes\" \/>\n<script type=\"application\/ld+json\" class=\"yoast-schema-graph\">{\"@context\":\"https:\/\/schema.org\",\"@graph\":[{\"@type\":\"WebPage\",\"@id\":\"https:\/\/barrsell.com\/urun\/eos-46-u-xl-isitici\/\",\"url\":\"https:\/\/barrsell.com\/urun\/eos-46-u-xl-isitici\/\",\"name\":\"Eos 46.U XL Is\u0131t\u0131c\u0131 | Barrsell End\u00fcstri\",\"isPartOf\":{\"@id\":\"https:\/\/barrsell.com\/#website\"},\"primaryImageOfPage\":{\"@id\":\"https:\/\/barrsell.com\/urun\/eos-46-u-xl-isitici\/#primaryimage\"},\"image\":{\"@id\":\"https:\/\/barrsell.com\/urun\/eos-46-u-xl-isitici\/#primaryimage\"},\"thumbnailUrl\":\"https:\/\/barrsell.com\/wp-content\/uploads\/2024\/08\/Eos-46.U-XL-Isitici-.png\",\"datePublished\":\"2024-08-23T14:16:55+00:00\",\"dateModified\":\"2024-12-25T12:35:17+00:00\",\"description\":\"Eos 46.U XL \u0131s\u0131t\u0131c\u0131, y\u00fcksek performans\u0131 ve zarif tasar\u0131m\u0131 ile dikkat \u00e7eken bir sauna \u0131s\u0131tma \u00e7\u00f6z\u00fcm\u00fcd\u00fcr. B\u00fcy\u00fck saunalarda \u00fcst\u00fcn \u0131s\u0131tma kapasitesi sunarak\",\"breadcrumb\":{\"@id\":\"https:\/\/barrsell.com\/urun\/eos-46-u-xl-isitici\/#breadcrumb\"},\"inLanguage\":\"en-US\",\"potentialAction\":[{\"@type\":\"ReadAction\",\"target\":[\"https:\/\/barrsell.com\/urun\/eos-46-u-xl-isitici\/\"]}]},{\"@type\":\"ImageObject\",\"inLanguage\":\"en-US\",\"@id\":\"https:\/\/barrsell.com\/urun\/eos-46-u-xl-isitici\/#primaryimage\",\"url\":\"https:\/\/barrsell.com\/wp-content\/uploads\/2024\/08\/Eos-46.U-XL-Isitici-.png\",\"contentUrl\":\"https:\/\/barrsell.com\/wp-content\/uploads\/2024\/08\/Eos-46.U-XL-Isitici-.png\",\"width\":1200,\"height\":1200,\"caption\":\"Eos 46.U XL Is\u0131t\u0131c\u0131-\"},{\"@type\":\"BreadcrumbList\",\"@id\":\"https:\/\/barrsell.com\/urun\/eos-46-u-xl-isitici\/#breadcrumb\",\"itemListElement\":[{\"@type\":\"ListItem\",\"position\":1,\"name\":\"Home\",\"item\":\"https:\/\/barrsell.com\/\"},{\"@type\":\"ListItem\",\"position\":2,\"name\":\"\u00dcr\u00fcnler\",\"item\":\"https:\/\/barrsell.com\/en\/products\/\"},{\"@type\":\"ListItem\",\"position\":3,\"name\":\"Eos 46.U XL Is\u0131t\u0131c\u0131\"}]},{\"@type\":\"WebSite\",\"@id\":\"https:\/\/barrsell.com\/#website\",\"url\":\"https:\/\/barrsell.com\/\",\"name\":\"Barrsell End\u00fcstri Makine\",\"description\":\"Teknolojiyle G\u00fc\u00e7lenen End\u00fcstriyel \u00c7\u00f6z\u00fcmler!\",\"potentialAction\":[{\"@type\":\"SearchAction\",\"target\":{\"@type\":\"EntryPoint\",\"urlTemplate\":\"https:\/\/barrsell.com\/?s={search_term_string}\"},\"query-input\":\"required name=search_term_string\"}],\"inLanguage\":\"en-US\"}]}<\/script>\n<!-- \/ Yoast SEO Premium plugin. -->","yoast_head_json":{"title":"Eos 46.U XL Is\u0131t\u0131c\u0131 | Barrsell End\u00fcstri","description":"Eos 46.U XL \u0131s\u0131t\u0131c\u0131, y\u00fcksek performans\u0131 ve zarif tasar\u0131m\u0131 ile dikkat \u00e7eken bir sauna \u0131s\u0131tma \u00e7\u00f6z\u00fcm\u00fcd\u00fcr. B\u00fcy\u00fck saunalarda \u00fcst\u00fcn \u0131s\u0131tma kapasitesi sunarak","robots":{"index":"index","follow":"follow","max-snippet":"max-snippet:-1","max-image-preview":"max-image-preview:large","max-video-preview":"max-video-preview:-1"},"canonical":"https:\/\/barrsell.com\/en\/product\/eos-46-u-xl-heater\/","og_locale":"en_US","og_type":"article","og_title":"Eos 46.U XL Is\u0131t\u0131c\u0131","og_description":"Eos 46.U XL \u0131s\u0131t\u0131c\u0131, y\u00fcksek performans\u0131 ve zarif tasar\u0131m\u0131 ile dikkat \u00e7eken bir sauna \u0131s\u0131tma \u00e7\u00f6z\u00fcm\u00fcd\u00fcr. B\u00fcy\u00fck saunalarda \u00fcst\u00fcn \u0131s\u0131tma kapasitesi sunarak","og_url":"https:\/\/barrsell.com\/en\/product\/eos-46-u-xl-heater\/","og_site_name":"Barrsell","article_modified_time":"2024-12-25T12:35:17+00:00","og_image":[{"width":1200,"height":1200,"url":"https:\/\/barrsell.com\/wp-content\/uploads\/2024\/08\/Eos-46.U-XL-Isitici-.png","type":"image\/png"}],"twitter_card":"summary_large_image","twitter_misc":{"Est. reading time":"2 minutes"},"schema":{"@context":"https:\/\/schema.org","@graph":[{"@type":"WebPage","@id":"https:\/\/barrsell.com\/urun\/eos-46-u-xl-isitici\/","url":"https:\/\/barrsell.com\/urun\/eos-46-u-xl-isitici\/","name":"Eos 46.U XL Is\u0131t\u0131c\u0131 | Barrsell End\u00fcstri","isPartOf":{"@id":"https:\/\/barrsell.com\/#website"},"primaryImageOfPage":{"@id":"https:\/\/barrsell.com\/urun\/eos-46-u-xl-isitici\/#primaryimage"},"image":{"@id":"https:\/\/barrsell.com\/urun\/eos-46-u-xl-isitici\/#primaryimage"},"thumbnailUrl":"https:\/\/barrsell.com\/wp-content\/uploads\/2024\/08\/Eos-46.U-XL-Isitici-.png","datePublished":"2024-08-23T14:16:55+00:00","dateModified":"2024-12-25T12:35:17+00:00","description":"Eos 46.U XL \u0131s\u0131t\u0131c\u0131, y\u00fcksek performans\u0131 ve zarif tasar\u0131m\u0131 ile dikkat \u00e7eken bir sauna \u0131s\u0131tma \u00e7\u00f6z\u00fcm\u00fcd\u00fcr. B\u00fcy\u00fck saunalarda \u00fcst\u00fcn \u0131s\u0131tma kapasitesi sunarak","breadcrumb":{"@id":"https:\/\/barrsell.com\/urun\/eos-46-u-xl-isitici\/#breadcrumb"},"inLanguage":"en-US","potentialAction":[{"@type":"ReadAction","target":["https:\/\/barrsell.com\/urun\/eos-46-u-xl-isitici\/"]}]},{"@type":"ImageObject","inLanguage":"en-US","@id":"https:\/\/barrsell.com\/urun\/eos-46-u-xl-isitici\/#primaryimage","url":"https:\/\/barrsell.com\/wp-content\/uploads\/2024\/08\/Eos-46.U-XL-Isitici-.png","contentUrl":"https:\/\/barrsell.com\/wp-content\/uploads\/2024\/08\/Eos-46.U-XL-Isitici-.png","width":1200,"height":1200,"caption":"Eos 46.U XL Is\u0131t\u0131c\u0131-"},{"@type":"BreadcrumbList","@id":"https:\/\/barrsell.com\/urun\/eos-46-u-xl-isitici\/#breadcrumb","itemListElement":[{"@type":"ListItem","position":1,"name":"Home","item":"https:\/\/barrsell.com\/"},{"@type":"ListItem","position":2,"name":"\u00dcr\u00fcnler","item":"https:\/\/barrsell.com\/en\/products\/"},{"@type":"ListItem","position":3,"name":"Eos 46.U XL Is\u0131t\u0131c\u0131"}]},{"@type":"WebSite","@id":"https:\/\/barrsell.com\/#website","url":"https:\/\/barrsell.com\/","name":"Barrsell End\u00fcstri Makine","description":"Teknolojiyle G\u00fc\u00e7lenen End\u00fcstriyel \u00c7\u00f6z\u00fcmler!","potentialAction":[{"@type":"SearchAction","target":{"@type":"EntryPoint","urlTemplate":"https:\/\/barrsell.com\/?s={search_term_string}"},"query-input":"required name=search_term_string"}],"inLanguage":"en-US"}]}},"_links":{"self":[{"href":"https:\/\/barrsell.com\/en\/wp-json\/wp\/v2\/product\/12948","targetHints":{"allow":["GET"]}}],"collection":[{"href":"https:\/\/barrsell.com\/en\/wp-json\/wp\/v2\/product"}],"about":[{"href":"https:\/\/barrsell.com\/en\/wp-json\/wp\/v2\/types\/product"}],"version-history":[{"count":5,"href":"https:\/\/barrsell.com\/en\/wp-json\/wp\/v2\/product\/12948\/revisions"}],"predecessor-version":[{"id":19681,"href":"https:\/\/barrsell.com\/en\/wp-json\/wp\/v2\/product\/12948\/revisions\/19681"}],"wp:featuredmedia":[{"embeddable":true,"href":"https:\/\/barrsell.com\/en\/wp-json\/wp\/v2\/media\/12955"}],"wp:attachment":[{"href":"https:\/\/barrsell.com\/en\/wp-json\/wp\/v2\/media?parent=12948"}],"wp:term":[{"taxonomy":"product_cat","embeddable":true,"href":"https:\/\/barrsell.com\/en\/wp-json\/wp\/v2\/product_cat?post=12948"},{"taxonomy":"product_tag","embeddable":true,"href":"https:\/\/barrsell.com\/en\/wp-json\/wp\/v2\/product_tag?post=12948"}],"curies":[{"name":"wp","href":"https:\/\/api.w.org\/{rel}","templated":true}]}}