{"id":12943,"date":"2024-08-23T14:00:01","date_gmt":"2024-08-23T14:00:01","guid":{"rendered":"https:\/\/barrsell.com\/?post_type=product&#038;p=12943"},"modified":"2024-12-26T07:54:15","modified_gmt":"2024-12-26T07:54:15","slug":"tulikivi-kontrol-paneli-wifi","status":"publish","type":"product","link":"https:\/\/barrsell.com\/en\/product\/tulikivi-control-panel-wifi\/","title":{"rendered":"Tulikivi Control Panel Wifi"},"content":{"rendered":"<div class=\"flex max-w-full flex-col flex-grow\">\n<div class=\"min-h-[20px] text-message flex w-full flex-col items-end gap-2 break-words [.text-message+&amp;]:mt-5 overflow-x-auto whitespace-normal\" dir=\"auto\" data-message-author-role=\"assistant\" data-message-id=\"b58edc15-3975-4d34-93c3-d64518eabf44\">\n<div class=\"flex w-full flex-col gap-1 empty:hidden first:pt-[3px]\">\n<div class=\"markdown prose w-full break-words dark:prose-invert light\">\n<h2>Tulikivi Kontrol Paneli WiFi<\/h2>\n<p>Tulikivi Control Panel WiFi SS1607 is a modern solution for controlling your sauna system with the most advanced technology. Equipped with WiFi connectivity and smart technology, this control panel makes it easy to personalize and manage your sauna experience. An ideal option for both home and commercial use, the SS1607 is designed to improve the performance and efficiency of your sauna.<\/p>\n<p><a href=\"https:\/\/barrsell.com\/wp-content\/uploads\/2024\/08\/Tulikivi-Kontrol-Paneli-Wifi-2.webp\"><img fetchpriority=\"high\" decoding=\"async\" class=\"wp-image-19683 size-large\" src=\"https:\/\/barrsell.com\/wp-content\/uploads\/2024\/08\/Tulikivi-Kontrol-Paneli-Wifi-2-1024x1024.webp\" alt=\"\" width=\"1024\" height=\"1024\" srcset=\"https:\/\/barrsell.com\/wp-content\/uploads\/2024\/08\/Tulikivi-Kontrol-Paneli-Wifi-2-1024x1024.webp 1024w, https:\/\/barrsell.com\/wp-content\/uploads\/2024\/08\/Tulikivi-Kontrol-Paneli-Wifi-2-300x300.webp 300w, https:\/\/barrsell.com\/wp-content\/uploads\/2024\/08\/Tulikivi-Kontrol-Paneli-Wifi-2-150x150.webp 150w, https:\/\/barrsell.com\/wp-content\/uploads\/2024\/08\/Tulikivi-Kontrol-Paneli-Wifi-2-768x768.webp 768w, https:\/\/barrsell.com\/wp-content\/uploads\/2024\/08\/Tulikivi-Kontrol-Paneli-Wifi-2-12x12.webp 12w, https:\/\/barrsell.com\/wp-content\/uploads\/2024\/08\/Tulikivi-Kontrol-Paneli-Wifi-2-600x600.webp 600w, https:\/\/barrsell.com\/wp-content\/uploads\/2024\/08\/Tulikivi-Kontrol-Paneli-Wifi-2-50x50.webp 50w, https:\/\/barrsell.com\/wp-content\/uploads\/2024\/08\/Tulikivi-Kontrol-Paneli-Wifi-2-100x100.webp 100w, https:\/\/barrsell.com\/wp-content\/uploads\/2024\/08\/Tulikivi-Kontrol-Paneli-Wifi-2.webp 1080w\" sizes=\"(max-width: 1024px) 100vw, 1024px\" \/><\/a><\/p>\n<h4><strong>Smart and Remote Control via WiFi Connection<\/strong><\/h4>\n<p>Tulikivi SS1607 Control Panel allows you to manage your sauna via smartphone or tablet thanks to its integrated WiFi feature. Through Tulikivi's user-friendly mobile app, you can adjust your sauna's temperature, timer and other settings remotely. This smart connectivity allows flexible use to ensure your sauna is always accessible and provides the comfort you want.<\/p>\n<h4><strong>Advanced Control Features<\/strong><\/h4>\n<p>The SS1607 Control Panel offers a wide range of temperature or timer options. Thanks to its user-friendly interface, you can precisely adjust the temperature and operating times of your sauna. These advanced control functions maximize the performance of your sauna and increase your personal comfort, so you get excellent results with every use.<\/p>\n<h4><strong>Energy Efficiency and Safety Standards<\/strong><\/h4>\n<p>Tulikivi SS1607 is designed to increase energy efficiency. Smart technology optimizes energy consumption and prevents unnecessary energy waste. Furthermore, integrated safety features ensure the safe operation of your sauna. This guarantees user safety and system longevity. These features meet high standards in terms of both energy efficiency and safety.<\/p>\n<div id=\"attachment_19684\" style=\"width: 235px\" class=\"wp-caption alignright\"><a href=\"https:\/\/barrsell.com\/wp-content\/uploads\/2024\/08\/Tulikivi-Kontrol-Paneli-Wifi-3.jpg\"><img decoding=\"async\" aria-describedby=\"caption-attachment-19684\" class=\"wp-image-19684 size-full\" src=\"https:\/\/barrsell.com\/wp-content\/uploads\/2024\/08\/Tulikivi-Kontrol-Paneli-Wifi-3.jpg\" alt=\"\" width=\"225\" height=\"225\" srcset=\"https:\/\/barrsell.com\/wp-content\/uploads\/2024\/08\/Tulikivi-Kontrol-Paneli-Wifi-3.jpg 225w, https:\/\/barrsell.com\/wp-content\/uploads\/2024\/08\/Tulikivi-Kontrol-Paneli-Wifi-3-150x150.jpg 150w, https:\/\/barrsell.com\/wp-content\/uploads\/2024\/08\/Tulikivi-Kontrol-Paneli-Wifi-3-12x12.jpg 12w, https:\/\/barrsell.com\/wp-content\/uploads\/2024\/08\/Tulikivi-Kontrol-Paneli-Wifi-3-50x50.jpg 50w, https:\/\/barrsell.com\/wp-content\/uploads\/2024\/08\/Tulikivi-Kontrol-Paneli-Wifi-3-100x100.jpg 100w\" sizes=\"(max-width: 225px) 100vw, 225px\" \/><\/a><p id=\"caption-attachment-19684\" class=\"wp-caption-text\">Tulikivi Kontrol Paneli Wifi-3<\/p><\/div>\n<h4><strong>Easy Installation and Integration<\/strong><\/h4>\n<p>The Control Panel can be quickly and easily integrated into your existing sauna systems. It works in perfect harmony with Tulikivi's other products, improving the overall performance of your sauna system. And provides a seamless user experience. User-friendly mounting and adjustment options ensure a smooth installation process.<\/p>\n<h4><strong>Durability and Long-Term Performance<\/strong><\/h4>\n<p>Tulikivi SS1607 is made of high quality materials to withstand harsh sauna conditions. Its long-lasting performance and reliability ensures that your sauna will run smoothly for a long time. This durability increases the safety and efficiency of your sauna, ensuring long-term use.<\/p>\n<\/div>\n<\/div>\n<\/div>\n<\/div>\n<div class=\"mt-1 flex gap-3 empty:hidden -ml-2\">\n<div class=\"items-center justify-start rounded-xl p-1 flex\">\n<div class=\"flex items-center\">\n<div class=\"flex items-center pb-0\"><\/div>\n<\/div>\n<\/div>\n<\/div>","protected":false},"excerpt":{"rendered":"<p>Smart and Remote Control via WiFi Connection<br \/>\nEnergy Efficiency and Safety Standards<br \/>\nEasy Installation and Integration<\/p>","protected":false},"featured_media":13356,"template":"","meta":[],"product_cat":[160,163],"product_tag":[],"class_list":{"0":"post-12943","1":"product","2":"type-product","3":"status-publish","4":"has-post-thumbnail","6":"product_cat-tulikivi-sauna-isiticilari","7":"product_cat-tulikivi-kontrol-uniteleri","9":"first","10":"instock","11":"shipping-taxable","12":"product-type-simple"},"yoast_head":"<!-- This site is optimized with the Yoast SEO Premium plugin v23.2 (Yoast SEO v23.2) - https:\/\/yoast.com\/wordpress\/plugins\/seo\/ -->\n<title>Tulikivi Kontrol Paneli Wifi | Barrsell End\u00fcstri<\/title>\n<meta name=\"description\" content=\"Tulikivi Kontrol Paneli WiFi SS1607, sauna sisteminizin kontrol\u00fcn\u00fc en ileri teknolojiyle sa\u011flayan modern bir \u00e7\u00f6z\u00fcmd\u00fcr. Sauna kontrol \u00fcnitesi\" \/>\n<meta name=\"robots\" content=\"index, follow, max-snippet:-1, max-image-preview:large, max-video-preview:-1\" \/>\n<link rel=\"canonical\" href=\"https:\/\/barrsell.com\/en\/product\/tulikivi-control-panel-wifi\/\" \/>\n<meta property=\"og:locale\" content=\"en_US\" \/>\n<meta property=\"og:type\" content=\"article\" \/>\n<meta property=\"og:title\" content=\"Tulikivi Kontrol Paneli Wifi\" \/>\n<meta property=\"og:description\" content=\"Tulikivi Kontrol Paneli WiFi SS1607, sauna sisteminizin kontrol\u00fcn\u00fc en ileri teknolojiyle sa\u011flayan modern bir \u00e7\u00f6z\u00fcmd\u00fcr. Sauna kontrol \u00fcnitesi\" \/>\n<meta property=\"og:url\" content=\"https:\/\/barrsell.com\/en\/product\/tulikivi-control-panel-wifi\/\" \/>\n<meta property=\"og:site_name\" content=\"Barrsell\" \/>\n<meta property=\"article:modified_time\" content=\"2024-12-26T07:54:15+00:00\" \/>\n<meta property=\"og:image\" content=\"https:\/\/barrsell.com\/wp-content\/uploads\/2024\/08\/Tulikivi-Kontrol-Paneli-Wifi.png\" \/>\n\t<meta property=\"og:image:width\" content=\"1200\" \/>\n\t<meta property=\"og:image:height\" content=\"1200\" \/>\n\t<meta property=\"og:image:type\" content=\"image\/png\" \/>\n<meta name=\"twitter:card\" content=\"summary_large_image\" \/>\n<meta name=\"twitter:label1\" content=\"Est. reading time\" \/>\n\t<meta name=\"twitter:data1\" content=\"3 minutes\" \/>\n<script type=\"application\/ld+json\" class=\"yoast-schema-graph\">{\"@context\":\"https:\/\/schema.org\",\"@graph\":[{\"@type\":\"WebPage\",\"@id\":\"https:\/\/barrsell.com\/urun\/tulikivi-kontrol-paneli-wifi\/\",\"url\":\"https:\/\/barrsell.com\/urun\/tulikivi-kontrol-paneli-wifi\/\",\"name\":\"Tulikivi Kontrol Paneli Wifi | Barrsell End\u00fcstri\",\"isPartOf\":{\"@id\":\"https:\/\/barrsell.com\/#website\"},\"primaryImageOfPage\":{\"@id\":\"https:\/\/barrsell.com\/urun\/tulikivi-kontrol-paneli-wifi\/#primaryimage\"},\"image\":{\"@id\":\"https:\/\/barrsell.com\/urun\/tulikivi-kontrol-paneli-wifi\/#primaryimage\"},\"thumbnailUrl\":\"https:\/\/barrsell.com\/wp-content\/uploads\/2024\/08\/Tulikivi-Kontrol-Paneli-Wifi.png\",\"datePublished\":\"2024-08-23T14:00:01+00:00\",\"dateModified\":\"2024-12-26T07:54:15+00:00\",\"description\":\"Tulikivi Kontrol Paneli WiFi SS1607, sauna sisteminizin kontrol\u00fcn\u00fc en ileri teknolojiyle sa\u011flayan modern bir \u00e7\u00f6z\u00fcmd\u00fcr. Sauna kontrol \u00fcnitesi\",\"breadcrumb\":{\"@id\":\"https:\/\/barrsell.com\/urun\/tulikivi-kontrol-paneli-wifi\/#breadcrumb\"},\"inLanguage\":\"en-US\",\"potentialAction\":[{\"@type\":\"ReadAction\",\"target\":[\"https:\/\/barrsell.com\/urun\/tulikivi-kontrol-paneli-wifi\/\"]}]},{\"@type\":\"ImageObject\",\"inLanguage\":\"en-US\",\"@id\":\"https:\/\/barrsell.com\/urun\/tulikivi-kontrol-paneli-wifi\/#primaryimage\",\"url\":\"https:\/\/barrsell.com\/wp-content\/uploads\/2024\/08\/Tulikivi-Kontrol-Paneli-Wifi.png\",\"contentUrl\":\"https:\/\/barrsell.com\/wp-content\/uploads\/2024\/08\/Tulikivi-Kontrol-Paneli-Wifi.png\",\"width\":1200,\"height\":1200,\"caption\":\"Tulikivi Kontrol Paneli Wifi\"},{\"@type\":\"BreadcrumbList\",\"@id\":\"https:\/\/barrsell.com\/urun\/tulikivi-kontrol-paneli-wifi\/#breadcrumb\",\"itemListElement\":[{\"@type\":\"ListItem\",\"position\":1,\"name\":\"Home\",\"item\":\"https:\/\/barrsell.com\/\"},{\"@type\":\"ListItem\",\"position\":2,\"name\":\"\u00dcr\u00fcnler\",\"item\":\"https:\/\/barrsell.com\/en\/products\/\"},{\"@type\":\"ListItem\",\"position\":3,\"name\":\"Tulikivi Kontrol Paneli Wifi\"}]},{\"@type\":\"WebSite\",\"@id\":\"https:\/\/barrsell.com\/#website\",\"url\":\"https:\/\/barrsell.com\/\",\"name\":\"Barrsell End\u00fcstri Makine\",\"description\":\"Teknolojiyle G\u00fc\u00e7lenen End\u00fcstriyel \u00c7\u00f6z\u00fcmler!\",\"potentialAction\":[{\"@type\":\"SearchAction\",\"target\":{\"@type\":\"EntryPoint\",\"urlTemplate\":\"https:\/\/barrsell.com\/?s={search_term_string}\"},\"query-input\":\"required name=search_term_string\"}],\"inLanguage\":\"en-US\"}]}<\/script>\n<!-- \/ Yoast SEO Premium plugin. -->","yoast_head_json":{"title":"Tulikivi Kontrol Paneli Wifi | Barrsell End\u00fcstri","description":"Tulikivi Kontrol Paneli WiFi SS1607, sauna sisteminizin kontrol\u00fcn\u00fc en ileri teknolojiyle sa\u011flayan modern bir \u00e7\u00f6z\u00fcmd\u00fcr. Sauna kontrol \u00fcnitesi","robots":{"index":"index","follow":"follow","max-snippet":"max-snippet:-1","max-image-preview":"max-image-preview:large","max-video-preview":"max-video-preview:-1"},"canonical":"https:\/\/barrsell.com\/en\/product\/tulikivi-control-panel-wifi\/","og_locale":"en_US","og_type":"article","og_title":"Tulikivi Kontrol Paneli Wifi","og_description":"Tulikivi Kontrol Paneli WiFi SS1607, sauna sisteminizin kontrol\u00fcn\u00fc en ileri teknolojiyle sa\u011flayan modern bir \u00e7\u00f6z\u00fcmd\u00fcr. Sauna kontrol \u00fcnitesi","og_url":"https:\/\/barrsell.com\/en\/product\/tulikivi-control-panel-wifi\/","og_site_name":"Barrsell","article_modified_time":"2024-12-26T07:54:15+00:00","og_image":[{"width":1200,"height":1200,"url":"https:\/\/barrsell.com\/wp-content\/uploads\/2024\/08\/Tulikivi-Kontrol-Paneli-Wifi.png","type":"image\/png"}],"twitter_card":"summary_large_image","twitter_misc":{"Est. reading time":"3 minutes"},"schema":{"@context":"https:\/\/schema.org","@graph":[{"@type":"WebPage","@id":"https:\/\/barrsell.com\/urun\/tulikivi-kontrol-paneli-wifi\/","url":"https:\/\/barrsell.com\/urun\/tulikivi-kontrol-paneli-wifi\/","name":"Tulikivi Kontrol Paneli Wifi | Barrsell End\u00fcstri","isPartOf":{"@id":"https:\/\/barrsell.com\/#website"},"primaryImageOfPage":{"@id":"https:\/\/barrsell.com\/urun\/tulikivi-kontrol-paneli-wifi\/#primaryimage"},"image":{"@id":"https:\/\/barrsell.com\/urun\/tulikivi-kontrol-paneli-wifi\/#primaryimage"},"thumbnailUrl":"https:\/\/barrsell.com\/wp-content\/uploads\/2024\/08\/Tulikivi-Kontrol-Paneli-Wifi.png","datePublished":"2024-08-23T14:00:01+00:00","dateModified":"2024-12-26T07:54:15+00:00","description":"Tulikivi Kontrol Paneli WiFi SS1607, sauna sisteminizin kontrol\u00fcn\u00fc en ileri teknolojiyle sa\u011flayan modern bir \u00e7\u00f6z\u00fcmd\u00fcr. Sauna kontrol \u00fcnitesi","breadcrumb":{"@id":"https:\/\/barrsell.com\/urun\/tulikivi-kontrol-paneli-wifi\/#breadcrumb"},"inLanguage":"en-US","potentialAction":[{"@type":"ReadAction","target":["https:\/\/barrsell.com\/urun\/tulikivi-kontrol-paneli-wifi\/"]}]},{"@type":"ImageObject","inLanguage":"en-US","@id":"https:\/\/barrsell.com\/urun\/tulikivi-kontrol-paneli-wifi\/#primaryimage","url":"https:\/\/barrsell.com\/wp-content\/uploads\/2024\/08\/Tulikivi-Kontrol-Paneli-Wifi.png","contentUrl":"https:\/\/barrsell.com\/wp-content\/uploads\/2024\/08\/Tulikivi-Kontrol-Paneli-Wifi.png","width":1200,"height":1200,"caption":"Tulikivi Kontrol Paneli Wifi"},{"@type":"BreadcrumbList","@id":"https:\/\/barrsell.com\/urun\/tulikivi-kontrol-paneli-wifi\/#breadcrumb","itemListElement":[{"@type":"ListItem","position":1,"name":"Home","item":"https:\/\/barrsell.com\/"},{"@type":"ListItem","position":2,"name":"\u00dcr\u00fcnler","item":"https:\/\/barrsell.com\/en\/products\/"},{"@type":"ListItem","position":3,"name":"Tulikivi Kontrol Paneli Wifi"}]},{"@type":"WebSite","@id":"https:\/\/barrsell.com\/#website","url":"https:\/\/barrsell.com\/","name":"Barrsell End\u00fcstri Makine","description":"Teknolojiyle G\u00fc\u00e7lenen End\u00fcstriyel \u00c7\u00f6z\u00fcmler!","potentialAction":[{"@type":"SearchAction","target":{"@type":"EntryPoint","urlTemplate":"https:\/\/barrsell.com\/?s={search_term_string}"},"query-input":"required name=search_term_string"}],"inLanguage":"en-US"}]}},"_links":{"self":[{"href":"https:\/\/barrsell.com\/en\/wp-json\/wp\/v2\/product\/12943","targetHints":{"allow":["GET"]}}],"collection":[{"href":"https:\/\/barrsell.com\/en\/wp-json\/wp\/v2\/product"}],"about":[{"href":"https:\/\/barrsell.com\/en\/wp-json\/wp\/v2\/types\/product"}],"version-history":[{"count":9,"href":"https:\/\/barrsell.com\/en\/wp-json\/wp\/v2\/product\/12943\/revisions"}],"predecessor-version":[{"id":19687,"href":"https:\/\/barrsell.com\/en\/wp-json\/wp\/v2\/product\/12943\/revisions\/19687"}],"wp:featuredmedia":[{"embeddable":true,"href":"https:\/\/barrsell.com\/en\/wp-json\/wp\/v2\/media\/13356"}],"wp:attachment":[{"href":"https:\/\/barrsell.com\/en\/wp-json\/wp\/v2\/media?parent=12943"}],"wp:term":[{"taxonomy":"product_cat","embeddable":true,"href":"https:\/\/barrsell.com\/en\/wp-json\/wp\/v2\/product_cat?post=12943"},{"taxonomy":"product_tag","embeddable":true,"href":"https:\/\/barrsell.com\/en\/wp-json\/wp\/v2\/product_tag?post=12943"}],"curies":[{"name":"wp","href":"https:\/\/api.w.org\/{rel}","templated":true}]}}