{"id":12938,"date":"2024-08-23T12:06:49","date_gmt":"2024-08-23T12:06:49","guid":{"rendered":"https:\/\/barrsell.com\/?post_type=product&#038;p=12938"},"modified":"2024-12-26T07:59:27","modified_gmt":"2024-12-26T07:59:27","slug":"tulikivi-kontrol-sabitleme-paneli","status":"publish","type":"product","link":"https:\/\/barrsell.com\/en\/product\/tulikivi-control-fixing-panel\/","title":{"rendered":"Tulikivi Control Fixing Panel"},"content":{"rendered":"<h2>Mounting Safety for Tulikivi Control Fixing Panel<\/h2>\n<p>Tulikivi Control Fixing Panel is made of natural asp material and can be colored, varnished or painted according to your needs. There is a hole for the connection cable at the bottom. If necessary, you can drill a new hole with an 8 mm diameter drill bit.<\/p>\n<h4>1. Panel Assembly<\/h4>\n<p>Fix the panel to a suitable surface with two screws.<\/p>\n<h4>2. Remove the Mounting Kragen<\/h4>\n<p>Important: Inf\u00e4llningskragen must not be used on surface-mounted panels. You must therefore remove it.<\/p>\n<h4>3. Apply the Adhesive<\/h4>\n<p>Carefully apply the adhesive on the outermost groove in the adhesive area of the panel. This will ensure that the control unit is held firmly in place.<\/p>\n<h4>4. Pull the Connection Cables and Place Your Unit<\/h4>\n<p>Pull the connection cable from the bottom of the panel and replace the control unit on the panel.<\/p>","protected":false},"excerpt":{"rendered":"<p>Surface fixing frame for Tulikivi Touch Screen sauna heater control unit.<\/p>","protected":false},"featured_media":12939,"template":"","meta":[],"product_cat":[160,163],"product_tag":[],"class_list":{"0":"post-12938","1":"product","2":"type-product","3":"status-publish","4":"has-post-thumbnail","6":"product_cat-tulikivi-sauna-isiticilari","7":"product_cat-tulikivi-kontrol-uniteleri","9":"first","10":"instock","11":"shipping-taxable","12":"product-type-simple"},"yoast_head":"<!-- This site is optimized with the Yoast SEO Premium plugin v23.2 (Yoast SEO v23.2) - https:\/\/yoast.com\/wordpress\/plugins\/seo\/ -->\n<title>Tulikivi Kontrol Sabitleme Paneli | Barrsell End\u00fcstri<\/title>\n<meta name=\"description\" content=\"Tulikivi Kontrol Sabitleme Paneli do\u011fal asp malzemesi ile \u00fcretilmi\u015f olup, ihtiya\u00e7lar\u0131n\u0131za g\u00f6re renklendirilebilir, verniklenebilir veya boyanabilir.\" \/>\n<meta name=\"robots\" content=\"index, follow, max-snippet:-1, max-image-preview:large, max-video-preview:-1\" \/>\n<link rel=\"canonical\" href=\"https:\/\/barrsell.com\/en\/product\/tulikivi-control-fixing-panel\/\" \/>\n<meta property=\"og:locale\" content=\"en_US\" \/>\n<meta property=\"og:type\" content=\"article\" \/>\n<meta property=\"og:title\" content=\"Tulikivi Kontrol Sabitleme Paneli\" \/>\n<meta property=\"og:description\" content=\"Tulikivi Kontrol Sabitleme Paneli do\u011fal asp malzemesi ile \u00fcretilmi\u015f olup, ihtiya\u00e7lar\u0131n\u0131za g\u00f6re renklendirilebilir, verniklenebilir veya boyanabilir.\" \/>\n<meta property=\"og:url\" content=\"https:\/\/barrsell.com\/en\/product\/tulikivi-control-fixing-panel\/\" \/>\n<meta property=\"og:site_name\" content=\"Barrsell\" \/>\n<meta property=\"article:modified_time\" content=\"2024-12-26T07:59:27+00:00\" \/>\n<meta property=\"og:image\" content=\"https:\/\/barrsell.com\/wp-content\/uploads\/2024\/08\/Tulikivi-Kontrol-Paneli-Sabitleme.png\" \/>\n\t<meta property=\"og:image:width\" content=\"1200\" \/>\n\t<meta property=\"og:image:height\" content=\"1200\" \/>\n\t<meta property=\"og:image:type\" content=\"image\/png\" \/>\n<meta name=\"twitter:card\" content=\"summary_large_image\" \/>\n<meta name=\"twitter:label1\" content=\"Est. reading time\" \/>\n\t<meta name=\"twitter:data1\" content=\"1 minute\" \/>\n<script type=\"application\/ld+json\" class=\"yoast-schema-graph\">{\"@context\":\"https:\/\/schema.org\",\"@graph\":[{\"@type\":\"WebPage\",\"@id\":\"https:\/\/barrsell.com\/urun\/tulikivi-kontrol-sabitleme-paneli\/\",\"url\":\"https:\/\/barrsell.com\/urun\/tulikivi-kontrol-sabitleme-paneli\/\",\"name\":\"Tulikivi Kontrol Sabitleme Paneli | Barrsell End\u00fcstri\",\"isPartOf\":{\"@id\":\"https:\/\/barrsell.com\/#website\"},\"primaryImageOfPage\":{\"@id\":\"https:\/\/barrsell.com\/urun\/tulikivi-kontrol-sabitleme-paneli\/#primaryimage\"},\"image\":{\"@id\":\"https:\/\/barrsell.com\/urun\/tulikivi-kontrol-sabitleme-paneli\/#primaryimage\"},\"thumbnailUrl\":\"https:\/\/barrsell.com\/wp-content\/uploads\/2024\/08\/Tulikivi-Kontrol-Paneli-Sabitleme.png\",\"datePublished\":\"2024-08-23T12:06:49+00:00\",\"dateModified\":\"2024-12-26T07:59:27+00:00\",\"description\":\"Tulikivi Kontrol Sabitleme Paneli do\u011fal asp malzemesi ile \u00fcretilmi\u015f olup, ihtiya\u00e7lar\u0131n\u0131za g\u00f6re renklendirilebilir, verniklenebilir veya boyanabilir.\",\"breadcrumb\":{\"@id\":\"https:\/\/barrsell.com\/urun\/tulikivi-kontrol-sabitleme-paneli\/#breadcrumb\"},\"inLanguage\":\"en-US\",\"potentialAction\":[{\"@type\":\"ReadAction\",\"target\":[\"https:\/\/barrsell.com\/urun\/tulikivi-kontrol-sabitleme-paneli\/\"]}]},{\"@type\":\"ImageObject\",\"inLanguage\":\"en-US\",\"@id\":\"https:\/\/barrsell.com\/urun\/tulikivi-kontrol-sabitleme-paneli\/#primaryimage\",\"url\":\"https:\/\/barrsell.com\/wp-content\/uploads\/2024\/08\/Tulikivi-Kontrol-Paneli-Sabitleme.png\",\"contentUrl\":\"https:\/\/barrsell.com\/wp-content\/uploads\/2024\/08\/Tulikivi-Kontrol-Paneli-Sabitleme.png\",\"width\":1200,\"height\":1200,\"caption\":\"Tulikivi Kontrol Paneli Sabitleme\"},{\"@type\":\"BreadcrumbList\",\"@id\":\"https:\/\/barrsell.com\/urun\/tulikivi-kontrol-sabitleme-paneli\/#breadcrumb\",\"itemListElement\":[{\"@type\":\"ListItem\",\"position\":1,\"name\":\"Home\",\"item\":\"https:\/\/barrsell.com\/\"},{\"@type\":\"ListItem\",\"position\":2,\"name\":\"\u00dcr\u00fcnler\",\"item\":\"https:\/\/barrsell.com\/en\/products\/\"},{\"@type\":\"ListItem\",\"position\":3,\"name\":\"Tulikivi Kontrol Sabitleme Paneli\"}]},{\"@type\":\"WebSite\",\"@id\":\"https:\/\/barrsell.com\/#website\",\"url\":\"https:\/\/barrsell.com\/\",\"name\":\"Barrsell End\u00fcstri Makine\",\"description\":\"Teknolojiyle G\u00fc\u00e7lenen End\u00fcstriyel \u00c7\u00f6z\u00fcmler!\",\"potentialAction\":[{\"@type\":\"SearchAction\",\"target\":{\"@type\":\"EntryPoint\",\"urlTemplate\":\"https:\/\/barrsell.com\/?s={search_term_string}\"},\"query-input\":\"required name=search_term_string\"}],\"inLanguage\":\"en-US\"}]}<\/script>\n<!-- \/ Yoast SEO Premium plugin. -->","yoast_head_json":{"title":"Tulikivi Kontrol Sabitleme Paneli | Barrsell End\u00fcstri","description":"Tulikivi Kontrol Sabitleme Paneli do\u011fal asp malzemesi ile \u00fcretilmi\u015f olup, ihtiya\u00e7lar\u0131n\u0131za g\u00f6re renklendirilebilir, verniklenebilir veya boyanabilir.","robots":{"index":"index","follow":"follow","max-snippet":"max-snippet:-1","max-image-preview":"max-image-preview:large","max-video-preview":"max-video-preview:-1"},"canonical":"https:\/\/barrsell.com\/en\/product\/tulikivi-control-fixing-panel\/","og_locale":"en_US","og_type":"article","og_title":"Tulikivi Kontrol Sabitleme Paneli","og_description":"Tulikivi Kontrol Sabitleme Paneli do\u011fal asp malzemesi ile \u00fcretilmi\u015f olup, ihtiya\u00e7lar\u0131n\u0131za g\u00f6re renklendirilebilir, verniklenebilir veya boyanabilir.","og_url":"https:\/\/barrsell.com\/en\/product\/tulikivi-control-fixing-panel\/","og_site_name":"Barrsell","article_modified_time":"2024-12-26T07:59:27+00:00","og_image":[{"width":1200,"height":1200,"url":"https:\/\/barrsell.com\/wp-content\/uploads\/2024\/08\/Tulikivi-Kontrol-Paneli-Sabitleme.png","type":"image\/png"}],"twitter_card":"summary_large_image","twitter_misc":{"Est. reading time":"1 minute"},"schema":{"@context":"https:\/\/schema.org","@graph":[{"@type":"WebPage","@id":"https:\/\/barrsell.com\/urun\/tulikivi-kontrol-sabitleme-paneli\/","url":"https:\/\/barrsell.com\/urun\/tulikivi-kontrol-sabitleme-paneli\/","name":"Tulikivi Kontrol Sabitleme Paneli | Barrsell End\u00fcstri","isPartOf":{"@id":"https:\/\/barrsell.com\/#website"},"primaryImageOfPage":{"@id":"https:\/\/barrsell.com\/urun\/tulikivi-kontrol-sabitleme-paneli\/#primaryimage"},"image":{"@id":"https:\/\/barrsell.com\/urun\/tulikivi-kontrol-sabitleme-paneli\/#primaryimage"},"thumbnailUrl":"https:\/\/barrsell.com\/wp-content\/uploads\/2024\/08\/Tulikivi-Kontrol-Paneli-Sabitleme.png","datePublished":"2024-08-23T12:06:49+00:00","dateModified":"2024-12-26T07:59:27+00:00","description":"Tulikivi Kontrol Sabitleme Paneli do\u011fal asp malzemesi ile \u00fcretilmi\u015f olup, ihtiya\u00e7lar\u0131n\u0131za g\u00f6re renklendirilebilir, verniklenebilir veya boyanabilir.","breadcrumb":{"@id":"https:\/\/barrsell.com\/urun\/tulikivi-kontrol-sabitleme-paneli\/#breadcrumb"},"inLanguage":"en-US","potentialAction":[{"@type":"ReadAction","target":["https:\/\/barrsell.com\/urun\/tulikivi-kontrol-sabitleme-paneli\/"]}]},{"@type":"ImageObject","inLanguage":"en-US","@id":"https:\/\/barrsell.com\/urun\/tulikivi-kontrol-sabitleme-paneli\/#primaryimage","url":"https:\/\/barrsell.com\/wp-content\/uploads\/2024\/08\/Tulikivi-Kontrol-Paneli-Sabitleme.png","contentUrl":"https:\/\/barrsell.com\/wp-content\/uploads\/2024\/08\/Tulikivi-Kontrol-Paneli-Sabitleme.png","width":1200,"height":1200,"caption":"Tulikivi Kontrol Paneli Sabitleme"},{"@type":"BreadcrumbList","@id":"https:\/\/barrsell.com\/urun\/tulikivi-kontrol-sabitleme-paneli\/#breadcrumb","itemListElement":[{"@type":"ListItem","position":1,"name":"Home","item":"https:\/\/barrsell.com\/"},{"@type":"ListItem","position":2,"name":"\u00dcr\u00fcnler","item":"https:\/\/barrsell.com\/en\/products\/"},{"@type":"ListItem","position":3,"name":"Tulikivi Kontrol Sabitleme Paneli"}]},{"@type":"WebSite","@id":"https:\/\/barrsell.com\/#website","url":"https:\/\/barrsell.com\/","name":"Barrsell End\u00fcstri Makine","description":"Teknolojiyle G\u00fc\u00e7lenen End\u00fcstriyel \u00c7\u00f6z\u00fcmler!","potentialAction":[{"@type":"SearchAction","target":{"@type":"EntryPoint","urlTemplate":"https:\/\/barrsell.com\/?s={search_term_string}"},"query-input":"required name=search_term_string"}],"inLanguage":"en-US"}]}},"_links":{"self":[{"href":"https:\/\/barrsell.com\/en\/wp-json\/wp\/v2\/product\/12938","targetHints":{"allow":["GET"]}}],"collection":[{"href":"https:\/\/barrsell.com\/en\/wp-json\/wp\/v2\/product"}],"about":[{"href":"https:\/\/barrsell.com\/en\/wp-json\/wp\/v2\/types\/product"}],"version-history":[{"count":4,"href":"https:\/\/barrsell.com\/en\/wp-json\/wp\/v2\/product\/12938\/revisions"}],"predecessor-version":[{"id":19688,"href":"https:\/\/barrsell.com\/en\/wp-json\/wp\/v2\/product\/12938\/revisions\/19688"}],"wp:featuredmedia":[{"embeddable":true,"href":"https:\/\/barrsell.com\/en\/wp-json\/wp\/v2\/media\/12939"}],"wp:attachment":[{"href":"https:\/\/barrsell.com\/en\/wp-json\/wp\/v2\/media?parent=12938"}],"wp:term":[{"taxonomy":"product_cat","embeddable":true,"href":"https:\/\/barrsell.com\/en\/wp-json\/wp\/v2\/product_cat?post=12938"},{"taxonomy":"product_tag","embeddable":true,"href":"https:\/\/barrsell.com\/en\/wp-json\/wp\/v2\/product_tag?post=12938"}],"curies":[{"name":"wp","href":"https:\/\/api.w.org\/{rel}","templated":true}]}}