{"id":12925,"date":"2024-08-23T11:46:26","date_gmt":"2024-08-23T11:46:26","guid":{"rendered":"https:\/\/barrsell.com\/?post_type=product&#038;p=12925"},"modified":"2024-12-26T09:36:14","modified_gmt":"2024-12-26T09:36:14","slug":"tulikivi-naava-sauna-isiticisi","status":"publish","type":"product","link":"https:\/\/barrsell.com\/en\/product\/tulikivi-naava-sauna-heater\/","title":{"rendered":"Tulikivi Naava Sauna Heater"},"content":{"rendered":"<h2><strong>Tulikivi Naava Sauna Heater: Modern and Efficient Sauna Experience with Soapstone<\/strong><\/h2>\n<p>Tulikivi Naava Sauna Heater offers a unique atmosphere in your sauna by combining the superior heat retention properties of natural soapstone with modern design. In addition, with its environmentally friendly structure and energy efficiency, it both protects nature and provides a pleasant sauna experience.<\/p>\n<div id=\"attachment_19700\" style=\"width: 1010px\" class=\"wp-caption alignnone\"><a href=\"https:\/\/barrsell.com\/wp-content\/uploads\/2024\/08\/Tulikivi-Naava-4.png\"><img fetchpriority=\"high\" decoding=\"async\" aria-describedby=\"caption-attachment-19700\" class=\"wp-image-19700\" src=\"https:\/\/barrsell.com\/wp-content\/uploads\/2024\/08\/Tulikivi-Naava-4.png\" alt=\"\" width=\"1000\" height=\"750\" srcset=\"https:\/\/barrsell.com\/wp-content\/uploads\/2024\/08\/Tulikivi-Naava-4.png 600w, https:\/\/barrsell.com\/wp-content\/uploads\/2024\/08\/Tulikivi-Naava-4-300x225.png 300w, https:\/\/barrsell.com\/wp-content\/uploads\/2024\/08\/Tulikivi-Naava-4-16x12.png 16w, https:\/\/barrsell.com\/wp-content\/uploads\/2024\/08\/Tulikivi-Naava-4-150x113.png 150w\" sizes=\"(max-width: 1000px) 100vw, 1000px\" \/><\/a><p id=\"caption-attachment-19700\" class=\"wp-caption-text\">Tulikivi Naava-4<\/p><\/div>\n<h4><strong>Technical Specifications and KW Options<\/strong><\/h4>\n<p>Sauna Heater offers power options especially suitable for different sauna sizes:<\/p>\n<ul>\n<li><strong>6.8 kW<\/strong>: Ideal for small or medium-sized saunas (5-9 m\u00b3).<\/li>\n<li><strong>9.0 kW<\/strong>: An excellent choice for medium-sized saunas (8-13 m\u00b3).<\/li>\n<li><strong>10.5 kW<\/strong>: Provides powerful heating for larger saunas (9-15 m\u00b3).<\/li>\n<\/ul>\n<h4><strong>Tulikivi Naava Sauna Is\u0131t\u0131c\u0131s\u0131 Malzeme ve Tasar\u0131m<\/strong><\/h4>\n<ol>\n<li><strong>Natural Soapstone<\/strong>: Soapstone provides long-lasting warmth in your sauna by spreading the heat evenly. Thus, it offers a natural look.<\/li>\n<li><strong>Sleek and Compact Design<\/strong>: With its modern and minimal design, it adapts to any sauna decor.<\/li>\n<\/ol>\n<h4><strong>Featured Features<\/strong><\/h4>\n<ul>\n<li><strong>Fast Warming Up<\/strong>: Thanks to its high performance resistances, your sauna reaches the ideal temperature in a short time.<\/li>\n<li><strong>Uniform Temperature Distribution<\/strong>: Thanks to soapstone, a homogeneous temperature is achieved in your sauna.<\/li>\n<li><strong>Energy Efficiency<\/strong>: Soapstone retains heat for a long time, especially minimizing energy consumption.<\/li>\n<li><strong>Environmentally Friendly<\/strong>: Environmentally friendly with low energy consumption and emission values.<\/li>\n<\/ul>\n<h4><strong>Health and Comfort<\/strong><\/h4>\n<ul>\n<li><strong>Natural Steam Experience<\/strong>: Soapstone softens the steam, offering a sauna experience beneficial for the skin and also for the respiratory tract.<\/li>\n<li><strong>Low Electromagnetic Propagation<\/strong>: Prioritizes the health of users.<\/li>\n<\/ul>\n<div id=\"attachment_19698\" style=\"width: 1034px\" class=\"wp-caption alignnone\"><a href=\"https:\/\/barrsell.com\/wp-content\/uploads\/2024\/08\/Tulikivi-Naava-3.webp\"><img decoding=\"async\" aria-describedby=\"caption-attachment-19698\" class=\"wp-image-19698 size-large\" src=\"https:\/\/barrsell.com\/wp-content\/uploads\/2024\/08\/Tulikivi-Naava-3-1024x1024.webp\" alt=\"\" width=\"1024\" height=\"1024\" srcset=\"https:\/\/barrsell.com\/wp-content\/uploads\/2024\/08\/Tulikivi-Naava-3-1024x1024.webp 1024w, https:\/\/barrsell.com\/wp-content\/uploads\/2024\/08\/Tulikivi-Naava-3-300x300.webp 300w, https:\/\/barrsell.com\/wp-content\/uploads\/2024\/08\/Tulikivi-Naava-3-150x150.webp 150w, https:\/\/barrsell.com\/wp-content\/uploads\/2024\/08\/Tulikivi-Naava-3-768x768.webp 768w, https:\/\/barrsell.com\/wp-content\/uploads\/2024\/08\/Tulikivi-Naava-3-1536x1536.webp 1536w, https:\/\/barrsell.com\/wp-content\/uploads\/2024\/08\/Tulikivi-Naava-3-12x12.webp 12w, https:\/\/barrsell.com\/wp-content\/uploads\/2024\/08\/Tulikivi-Naava-3-600x600.webp 600w, https:\/\/barrsell.com\/wp-content\/uploads\/2024\/08\/Tulikivi-Naava-3-1200x1200.webp 1200w, https:\/\/barrsell.com\/wp-content\/uploads\/2024\/08\/Tulikivi-Naava-3-50x50.webp 50w, https:\/\/barrsell.com\/wp-content\/uploads\/2024\/08\/Tulikivi-Naava-3-100x100.webp 100w, https:\/\/barrsell.com\/wp-content\/uploads\/2024\/08\/Tulikivi-Naava-3.webp 1946w\" sizes=\"(max-width: 1024px) 100vw, 1024px\" \/><\/a><p id=\"caption-attachment-19698\" class=\"wp-caption-text\">Tulikivi Naava-3<\/p><\/div>","protected":false},"excerpt":{"rendered":"<p><strong>Sauna Room Dimensions :<\/strong>\u00a05-9 m3\/8-13 m3\/9-15 m3<\/p>","protected":false},"featured_media":12926,"template":"","meta":[],"product_cat":[161],"product_tag":[],"class_list":{"0":"post-12925","1":"product","2":"type-product","3":"status-publish","4":"has-post-thumbnail","6":"product_cat-tulikivi-sauna-isiticilar","8":"first","9":"instock","10":"shipping-taxable","11":"purchasable","12":"product-type-variable"},"yoast_head":"<!-- This site is optimized with the Yoast SEO Premium plugin v23.2 (Yoast SEO v23.2) - https:\/\/yoast.com\/wordpress\/plugins\/seo\/ -->\n<title>Tulikivi Naava Sauna Is\u0131t\u0131c\u0131s\u0131 | Barrsell End\u00fcstri<\/title>\n<meta name=\"description\" content=\"Tulikivi Naava Sauna Is\u0131t\u0131c\u0131s\u0131 geni\u015f saunalar i\u00e7in m\u00fckemmel bir \u0131s\u0131tma \u00e7\u00f6z\u00fcm\u00fc sunan, etkileyici performans\u0131 ve estetik tasar\u0131m\u0131yla dikkat \u00e7eker.\" \/>\n<meta name=\"robots\" content=\"index, follow, max-snippet:-1, max-image-preview:large, max-video-preview:-1\" \/>\n<link rel=\"canonical\" href=\"https:\/\/barrsell.com\/en\/product\/tulikivi-naava-sauna-heater\/\" \/>\n<meta property=\"og:locale\" content=\"en_US\" \/>\n<meta property=\"og:type\" content=\"article\" \/>\n<meta property=\"og:title\" content=\"Tulikivi Naava Sauna Is\u0131t\u0131c\u0131s\u0131\" \/>\n<meta property=\"og:description\" content=\"Tulikivi Naava Sauna Is\u0131t\u0131c\u0131s\u0131 geni\u015f saunalar i\u00e7in m\u00fckemmel bir \u0131s\u0131tma \u00e7\u00f6z\u00fcm\u00fc sunan, etkileyici performans\u0131 ve estetik tasar\u0131m\u0131yla dikkat \u00e7eker.\" \/>\n<meta property=\"og:url\" content=\"https:\/\/barrsell.com\/en\/product\/tulikivi-naava-sauna-heater\/\" \/>\n<meta property=\"og:site_name\" content=\"Barrsell\" \/>\n<meta property=\"article:modified_time\" content=\"2024-12-26T09:36:14+00:00\" \/>\n<meta property=\"og:image\" content=\"https:\/\/barrsell.com\/wp-content\/uploads\/2024\/08\/Tulikivi-Naava-68-Isitici.png\" \/>\n\t<meta property=\"og:image:width\" content=\"1200\" \/>\n\t<meta property=\"og:image:height\" content=\"1200\" \/>\n\t<meta property=\"og:image:type\" content=\"image\/png\" \/>\n<meta name=\"twitter:card\" content=\"summary_large_image\" \/>\n<meta name=\"twitter:label1\" content=\"Est. reading time\" \/>\n\t<meta name=\"twitter:data1\" content=\"2 minutes\" \/>\n<script type=\"application\/ld+json\" class=\"yoast-schema-graph\">{\"@context\":\"https:\/\/schema.org\",\"@graph\":[{\"@type\":\"WebPage\",\"@id\":\"https:\/\/barrsell.com\/urun\/tulikivi-naava-sauna-isiticisi\/\",\"url\":\"https:\/\/barrsell.com\/urun\/tulikivi-naava-sauna-isiticisi\/\",\"name\":\"Tulikivi Naava Sauna Is\u0131t\u0131c\u0131s\u0131 | Barrsell End\u00fcstri\",\"isPartOf\":{\"@id\":\"https:\/\/barrsell.com\/#website\"},\"primaryImageOfPage\":{\"@id\":\"https:\/\/barrsell.com\/urun\/tulikivi-naava-sauna-isiticisi\/#primaryimage\"},\"image\":{\"@id\":\"https:\/\/barrsell.com\/urun\/tulikivi-naava-sauna-isiticisi\/#primaryimage\"},\"thumbnailUrl\":\"https:\/\/barrsell.com\/wp-content\/uploads\/2024\/08\/Tulikivi-Naava-68-Isitici.png\",\"datePublished\":\"2024-08-23T11:46:26+00:00\",\"dateModified\":\"2024-12-26T09:36:14+00:00\",\"description\":\"Tulikivi Naava Sauna Is\u0131t\u0131c\u0131s\u0131 geni\u015f saunalar i\u00e7in m\u00fckemmel bir \u0131s\u0131tma \u00e7\u00f6z\u00fcm\u00fc sunan, etkileyici performans\u0131 ve estetik tasar\u0131m\u0131yla dikkat \u00e7eker.\",\"breadcrumb\":{\"@id\":\"https:\/\/barrsell.com\/urun\/tulikivi-naava-sauna-isiticisi\/#breadcrumb\"},\"inLanguage\":\"en-US\",\"potentialAction\":[{\"@type\":\"ReadAction\",\"target\":[\"https:\/\/barrsell.com\/urun\/tulikivi-naava-sauna-isiticisi\/\"]}]},{\"@type\":\"ImageObject\",\"inLanguage\":\"en-US\",\"@id\":\"https:\/\/barrsell.com\/urun\/tulikivi-naava-sauna-isiticisi\/#primaryimage\",\"url\":\"https:\/\/barrsell.com\/wp-content\/uploads\/2024\/08\/Tulikivi-Naava-68-Isitici.png\",\"contentUrl\":\"https:\/\/barrsell.com\/wp-content\/uploads\/2024\/08\/Tulikivi-Naava-68-Isitici.png\",\"width\":1200,\"height\":1200,\"caption\":\"Tulikivi Naava 68 Is\u0131t\u0131c\u0131\"},{\"@type\":\"BreadcrumbList\",\"@id\":\"https:\/\/barrsell.com\/urun\/tulikivi-naava-sauna-isiticisi\/#breadcrumb\",\"itemListElement\":[{\"@type\":\"ListItem\",\"position\":1,\"name\":\"Home\",\"item\":\"https:\/\/barrsell.com\/\"},{\"@type\":\"ListItem\",\"position\":2,\"name\":\"\u00dcr\u00fcnler\",\"item\":\"https:\/\/barrsell.com\/en\/products\/\"},{\"@type\":\"ListItem\",\"position\":3,\"name\":\"Tulikivi Naava Sauna Is\u0131t\u0131c\u0131s\u0131\"}]},{\"@type\":\"WebSite\",\"@id\":\"https:\/\/barrsell.com\/#website\",\"url\":\"https:\/\/barrsell.com\/\",\"name\":\"Barrsell End\u00fcstri Makine\",\"description\":\"Teknolojiyle G\u00fc\u00e7lenen End\u00fcstriyel \u00c7\u00f6z\u00fcmler!\",\"potentialAction\":[{\"@type\":\"SearchAction\",\"target\":{\"@type\":\"EntryPoint\",\"urlTemplate\":\"https:\/\/barrsell.com\/?s={search_term_string}\"},\"query-input\":\"required name=search_term_string\"}],\"inLanguage\":\"en-US\"}]}<\/script>\n<!-- \/ Yoast SEO Premium plugin. -->","yoast_head_json":{"title":"Tulikivi Naava Sauna Is\u0131t\u0131c\u0131s\u0131 | Barrsell End\u00fcstri","description":"Tulikivi Naava Sauna Is\u0131t\u0131c\u0131s\u0131 geni\u015f saunalar i\u00e7in m\u00fckemmel bir \u0131s\u0131tma \u00e7\u00f6z\u00fcm\u00fc sunan, etkileyici performans\u0131 ve estetik tasar\u0131m\u0131yla dikkat \u00e7eker.","robots":{"index":"index","follow":"follow","max-snippet":"max-snippet:-1","max-image-preview":"max-image-preview:large","max-video-preview":"max-video-preview:-1"},"canonical":"https:\/\/barrsell.com\/en\/product\/tulikivi-naava-sauna-heater\/","og_locale":"en_US","og_type":"article","og_title":"Tulikivi Naava Sauna Is\u0131t\u0131c\u0131s\u0131","og_description":"Tulikivi Naava Sauna Is\u0131t\u0131c\u0131s\u0131 geni\u015f saunalar i\u00e7in m\u00fckemmel bir \u0131s\u0131tma \u00e7\u00f6z\u00fcm\u00fc sunan, etkileyici performans\u0131 ve estetik tasar\u0131m\u0131yla dikkat \u00e7eker.","og_url":"https:\/\/barrsell.com\/en\/product\/tulikivi-naava-sauna-heater\/","og_site_name":"Barrsell","article_modified_time":"2024-12-26T09:36:14+00:00","og_image":[{"width":1200,"height":1200,"url":"https:\/\/barrsell.com\/wp-content\/uploads\/2024\/08\/Tulikivi-Naava-68-Isitici.png","type":"image\/png"}],"twitter_card":"summary_large_image","twitter_misc":{"Est. reading time":"2 minutes"},"schema":{"@context":"https:\/\/schema.org","@graph":[{"@type":"WebPage","@id":"https:\/\/barrsell.com\/urun\/tulikivi-naava-sauna-isiticisi\/","url":"https:\/\/barrsell.com\/urun\/tulikivi-naava-sauna-isiticisi\/","name":"Tulikivi Naava Sauna Is\u0131t\u0131c\u0131s\u0131 | Barrsell End\u00fcstri","isPartOf":{"@id":"https:\/\/barrsell.com\/#website"},"primaryImageOfPage":{"@id":"https:\/\/barrsell.com\/urun\/tulikivi-naava-sauna-isiticisi\/#primaryimage"},"image":{"@id":"https:\/\/barrsell.com\/urun\/tulikivi-naava-sauna-isiticisi\/#primaryimage"},"thumbnailUrl":"https:\/\/barrsell.com\/wp-content\/uploads\/2024\/08\/Tulikivi-Naava-68-Isitici.png","datePublished":"2024-08-23T11:46:26+00:00","dateModified":"2024-12-26T09:36:14+00:00","description":"Tulikivi Naava Sauna Is\u0131t\u0131c\u0131s\u0131 geni\u015f saunalar i\u00e7in m\u00fckemmel bir \u0131s\u0131tma \u00e7\u00f6z\u00fcm\u00fc sunan, etkileyici performans\u0131 ve estetik tasar\u0131m\u0131yla dikkat \u00e7eker.","breadcrumb":{"@id":"https:\/\/barrsell.com\/urun\/tulikivi-naava-sauna-isiticisi\/#breadcrumb"},"inLanguage":"en-US","potentialAction":[{"@type":"ReadAction","target":["https:\/\/barrsell.com\/urun\/tulikivi-naava-sauna-isiticisi\/"]}]},{"@type":"ImageObject","inLanguage":"en-US","@id":"https:\/\/barrsell.com\/urun\/tulikivi-naava-sauna-isiticisi\/#primaryimage","url":"https:\/\/barrsell.com\/wp-content\/uploads\/2024\/08\/Tulikivi-Naava-68-Isitici.png","contentUrl":"https:\/\/barrsell.com\/wp-content\/uploads\/2024\/08\/Tulikivi-Naava-68-Isitici.png","width":1200,"height":1200,"caption":"Tulikivi Naava 68 Is\u0131t\u0131c\u0131"},{"@type":"BreadcrumbList","@id":"https:\/\/barrsell.com\/urun\/tulikivi-naava-sauna-isiticisi\/#breadcrumb","itemListElement":[{"@type":"ListItem","position":1,"name":"Home","item":"https:\/\/barrsell.com\/"},{"@type":"ListItem","position":2,"name":"\u00dcr\u00fcnler","item":"https:\/\/barrsell.com\/en\/products\/"},{"@type":"ListItem","position":3,"name":"Tulikivi Naava Sauna Is\u0131t\u0131c\u0131s\u0131"}]},{"@type":"WebSite","@id":"https:\/\/barrsell.com\/#website","url":"https:\/\/barrsell.com\/","name":"Barrsell End\u00fcstri Makine","description":"Teknolojiyle G\u00fc\u00e7lenen End\u00fcstriyel \u00c7\u00f6z\u00fcmler!","potentialAction":[{"@type":"SearchAction","target":{"@type":"EntryPoint","urlTemplate":"https:\/\/barrsell.com\/?s={search_term_string}"},"query-input":"required name=search_term_string"}],"inLanguage":"en-US"}]}},"_links":{"self":[{"href":"https:\/\/barrsell.com\/en\/wp-json\/wp\/v2\/product\/12925","targetHints":{"allow":["GET"]}}],"collection":[{"href":"https:\/\/barrsell.com\/en\/wp-json\/wp\/v2\/product"}],"about":[{"href":"https:\/\/barrsell.com\/en\/wp-json\/wp\/v2\/types\/product"}],"version-history":[{"count":10,"href":"https:\/\/barrsell.com\/en\/wp-json\/wp\/v2\/product\/12925\/revisions"}],"predecessor-version":[{"id":19707,"href":"https:\/\/barrsell.com\/en\/wp-json\/wp\/v2\/product\/12925\/revisions\/19707"}],"wp:featuredmedia":[{"embeddable":true,"href":"https:\/\/barrsell.com\/en\/wp-json\/wp\/v2\/media\/12926"}],"wp:attachment":[{"href":"https:\/\/barrsell.com\/en\/wp-json\/wp\/v2\/media?parent=12925"}],"wp:term":[{"taxonomy":"product_cat","embeddable":true,"href":"https:\/\/barrsell.com\/en\/wp-json\/wp\/v2\/product_cat?post=12925"},{"taxonomy":"product_tag","embeddable":true,"href":"https:\/\/barrsell.com\/en\/wp-json\/wp\/v2\/product_tag?post=12925"}],"curies":[{"name":"wp","href":"https:\/\/api.w.org\/{rel}","templated":true}]}}