{"id":12922,"date":"2024-08-23T11:41:34","date_gmt":"2024-08-23T11:41:34","guid":{"rendered":"https:\/\/barrsell.com\/?post_type=product&#038;p=12922"},"modified":"2024-12-26T09:31:14","modified_gmt":"2024-12-26T09:31:14","slug":"tulikivi-huurre-sauna-isiticisi","status":"publish","type":"product","link":"https:\/\/barrsell.com\/en\/product\/tulikivi-huurre-sauna-heater\/","title":{"rendered":"Tulikivi Huurre Sauna Heater"},"content":{"rendered":"<h2><strong>Tulikivi Huurre Sauna Heater: Modern Design and High Performance<\/strong><\/h2>\n<p>Tulikivi Huurre Sauna Heater is the perfect choice for users looking for a modern sauna experience. It stands out with its aesthetic design, high quality materials and energy efficiency. It also spreads the heat evenly thanks to its cast stone technology. Thus, it provides long-lasting warmth. Suitable for both home saunas and commercial use, this heater creates a comfortable and relaxing atmosphere in your sauna.<\/p>\n<h4><strong>Technical Specifications and KW Options<\/strong><\/h4>\n<p>The Tulikivi Huurre Sauna Heater offers three different power options to suit different sauna sizes and needs:<\/p>\n<ul>\n<li><strong>6,8 kW<\/strong>: Ideal for small and medium-sized saunas (5-9 m\u00b3).<\/li>\n<li><strong>9,0 kW<\/strong>: An excellent choice for medium-sized saunas (8-13 m\u00b3).<\/li>\n<li><strong>10,5 kW<\/strong>: Provides powerful heating for larger saunas (9-15 m\u00b3).<\/li>\n<\/ul>\n<h4><strong>Material and Design<\/strong><\/h4>\n<ol>\n<li class=\" translation-block\"><strong>Cast Stone Surface<\/strong>: The Huurre Sauna Heater is made with high quality cast stone. At the same time, this material spreads the heat evenly, providing long-lasting warmth and helping the sauna to work more efficiently.<\/li>\n<li class=\" translation-block\"><strong>Aesthetic and Compact Design<\/strong>: With its modern and elegant design, it fits in with any sauna decor. It also creates more space in your sauna thanks to its compact dimensions.<\/li>\n<\/ol>\n<h4><strong>Featured Features<\/strong><\/h4>\n<ul>\n<li><strong>Uniform Temperature Distribution<\/strong>: The ability of cast stone to distribute heat evenly ensures a homogeneous temperature in your sauna. Thus, every corner will be at the same temperature.<\/li>\n<li><strong>Energy Efficiency<\/strong>: Energy consumption is kept to a minimum thanks to high quality materials and smart heating technology. In this way, it saves money in long-term use.<\/li>\n<li><strong>Compact and Space-Saving Design<\/strong>: The Huurre Sauna Heater can be easily positioned with small safety distances and offers more room for movement in your sauna.<\/li>\n<li><strong>User friendly<\/strong>: The low surface temperature allows users to safely use the sauna heater.<\/li>\n<\/ul>","protected":false},"excerpt":{"rendered":"<ul>\n<li>Control Options<\/li>\n<li>Safety Features<\/li>\n<li>Energy Efficiency<\/li>\n<\/ul>","protected":false},"featured_media":12923,"template":"","meta":[],"product_cat":[161],"product_tag":[],"class_list":{"0":"post-12922","1":"product","2":"type-product","3":"status-publish","4":"has-post-thumbnail","6":"product_cat-tulikivi-sauna-isiticilar","8":"first","9":"instock","10":"shipping-taxable","11":"purchasable","12":"product-type-variable"},"yoast_head":"<!-- This site is optimized with the Yoast SEO Premium plugin v23.2 (Yoast SEO v23.2) - https:\/\/yoast.com\/wordpress\/plugins\/seo\/ -->\n<title>Tulikivi Huurre Sauna Is\u0131t\u0131c\u0131s\u0131 | Barrsell End\u00fcstri<\/title>\n<meta name=\"description\" content=\"Tulikivi Huurre Sauna Is\u0131t\u0131c\u0131s\u0131 b\u00fcy\u00fck ve orta boyutlu saunalar i\u00e7in m\u00fckemmel bir \u0131s\u0131tma \u00e7\u00f6z\u00fcm\u00fc sunan, g\u00fc\u00e7l\u00fc performans\u0131 ve zarif tasar\u0131m\u0131yla \u00f6ne \u00e7\u0131kan\" \/>\n<meta name=\"robots\" content=\"index, follow, max-snippet:-1, max-image-preview:large, max-video-preview:-1\" \/>\n<link rel=\"canonical\" href=\"https:\/\/barrsell.com\/en\/product\/tulikivi-huurre-sauna-heater\/\" \/>\n<meta property=\"og:locale\" content=\"en_US\" \/>\n<meta property=\"og:type\" content=\"article\" \/>\n<meta property=\"og:title\" content=\"Tulikivi Huurre Sauna Is\u0131t\u0131c\u0131s\u0131\" \/>\n<meta property=\"og:description\" content=\"Tulikivi Huurre Sauna Is\u0131t\u0131c\u0131s\u0131 b\u00fcy\u00fck ve orta boyutlu saunalar i\u00e7in m\u00fckemmel bir \u0131s\u0131tma \u00e7\u00f6z\u00fcm\u00fc sunan, g\u00fc\u00e7l\u00fc performans\u0131 ve zarif tasar\u0131m\u0131yla \u00f6ne \u00e7\u0131kan\" \/>\n<meta property=\"og:url\" content=\"https:\/\/barrsell.com\/en\/product\/tulikivi-huurre-sauna-heater\/\" \/>\n<meta property=\"og:site_name\" content=\"Barrsell\" \/>\n<meta property=\"article:modified_time\" content=\"2024-12-26T09:31:14+00:00\" \/>\n<meta property=\"og:image\" content=\"https:\/\/barrsell.com\/wp-content\/uploads\/2024\/08\/Tulikivi-Huurre-68-Isitici.png\" \/>\n\t<meta property=\"og:image:width\" content=\"1200\" \/>\n\t<meta property=\"og:image:height\" content=\"1200\" \/>\n\t<meta property=\"og:image:type\" content=\"image\/png\" \/>\n<meta name=\"twitter:card\" content=\"summary_large_image\" \/>\n<meta name=\"twitter:label1\" content=\"Est. reading time\" \/>\n\t<meta name=\"twitter:data1\" content=\"2 minutes\" \/>\n<script type=\"application\/ld+json\" class=\"yoast-schema-graph\">{\"@context\":\"https:\/\/schema.org\",\"@graph\":[{\"@type\":\"WebPage\",\"@id\":\"https:\/\/barrsell.com\/urun\/tulikivi-huurre-sauna-isiticisi\/\",\"url\":\"https:\/\/barrsell.com\/urun\/tulikivi-huurre-sauna-isiticisi\/\",\"name\":\"Tulikivi Huurre Sauna Is\u0131t\u0131c\u0131s\u0131 | Barrsell End\u00fcstri\",\"isPartOf\":{\"@id\":\"https:\/\/barrsell.com\/#website\"},\"primaryImageOfPage\":{\"@id\":\"https:\/\/barrsell.com\/urun\/tulikivi-huurre-sauna-isiticisi\/#primaryimage\"},\"image\":{\"@id\":\"https:\/\/barrsell.com\/urun\/tulikivi-huurre-sauna-isiticisi\/#primaryimage\"},\"thumbnailUrl\":\"https:\/\/barrsell.com\/wp-content\/uploads\/2024\/08\/Tulikivi-Huurre-68-Isitici.png\",\"datePublished\":\"2024-08-23T11:41:34+00:00\",\"dateModified\":\"2024-12-26T09:31:14+00:00\",\"description\":\"Tulikivi Huurre Sauna Is\u0131t\u0131c\u0131s\u0131 b\u00fcy\u00fck ve orta boyutlu saunalar i\u00e7in m\u00fckemmel bir \u0131s\u0131tma \u00e7\u00f6z\u00fcm\u00fc sunan, g\u00fc\u00e7l\u00fc performans\u0131 ve zarif tasar\u0131m\u0131yla \u00f6ne \u00e7\u0131kan\",\"breadcrumb\":{\"@id\":\"https:\/\/barrsell.com\/urun\/tulikivi-huurre-sauna-isiticisi\/#breadcrumb\"},\"inLanguage\":\"en-US\",\"potentialAction\":[{\"@type\":\"ReadAction\",\"target\":[\"https:\/\/barrsell.com\/urun\/tulikivi-huurre-sauna-isiticisi\/\"]}]},{\"@type\":\"ImageObject\",\"inLanguage\":\"en-US\",\"@id\":\"https:\/\/barrsell.com\/urun\/tulikivi-huurre-sauna-isiticisi\/#primaryimage\",\"url\":\"https:\/\/barrsell.com\/wp-content\/uploads\/2024\/08\/Tulikivi-Huurre-68-Isitici.png\",\"contentUrl\":\"https:\/\/barrsell.com\/wp-content\/uploads\/2024\/08\/Tulikivi-Huurre-68-Isitici.png\",\"width\":1200,\"height\":1200,\"caption\":\"Tulikivi Huurre 68 Is\u0131t\u0131c\u0131\"},{\"@type\":\"BreadcrumbList\",\"@id\":\"https:\/\/barrsell.com\/urun\/tulikivi-huurre-sauna-isiticisi\/#breadcrumb\",\"itemListElement\":[{\"@type\":\"ListItem\",\"position\":1,\"name\":\"Home\",\"item\":\"https:\/\/barrsell.com\/\"},{\"@type\":\"ListItem\",\"position\":2,\"name\":\"\u00dcr\u00fcnler\",\"item\":\"https:\/\/barrsell.com\/en\/products\/\"},{\"@type\":\"ListItem\",\"position\":3,\"name\":\"Tulikivi Huurre Sauna Is\u0131t\u0131c\u0131s\u0131\"}]},{\"@type\":\"WebSite\",\"@id\":\"https:\/\/barrsell.com\/#website\",\"url\":\"https:\/\/barrsell.com\/\",\"name\":\"Barrsell End\u00fcstri Makine\",\"description\":\"Teknolojiyle G\u00fc\u00e7lenen End\u00fcstriyel \u00c7\u00f6z\u00fcmler!\",\"potentialAction\":[{\"@type\":\"SearchAction\",\"target\":{\"@type\":\"EntryPoint\",\"urlTemplate\":\"https:\/\/barrsell.com\/?s={search_term_string}\"},\"query-input\":\"required name=search_term_string\"}],\"inLanguage\":\"en-US\"}]}<\/script>\n<!-- \/ Yoast SEO Premium plugin. -->","yoast_head_json":{"title":"Tulikivi Huurre Sauna Is\u0131t\u0131c\u0131s\u0131 | Barrsell End\u00fcstri","description":"Tulikivi Huurre Sauna Is\u0131t\u0131c\u0131s\u0131 b\u00fcy\u00fck ve orta boyutlu saunalar i\u00e7in m\u00fckemmel bir \u0131s\u0131tma \u00e7\u00f6z\u00fcm\u00fc sunan, g\u00fc\u00e7l\u00fc performans\u0131 ve zarif tasar\u0131m\u0131yla \u00f6ne \u00e7\u0131kan","robots":{"index":"index","follow":"follow","max-snippet":"max-snippet:-1","max-image-preview":"max-image-preview:large","max-video-preview":"max-video-preview:-1"},"canonical":"https:\/\/barrsell.com\/en\/product\/tulikivi-huurre-sauna-heater\/","og_locale":"en_US","og_type":"article","og_title":"Tulikivi Huurre Sauna Is\u0131t\u0131c\u0131s\u0131","og_description":"Tulikivi Huurre Sauna Is\u0131t\u0131c\u0131s\u0131 b\u00fcy\u00fck ve orta boyutlu saunalar i\u00e7in m\u00fckemmel bir \u0131s\u0131tma \u00e7\u00f6z\u00fcm\u00fc sunan, g\u00fc\u00e7l\u00fc performans\u0131 ve zarif tasar\u0131m\u0131yla \u00f6ne \u00e7\u0131kan","og_url":"https:\/\/barrsell.com\/en\/product\/tulikivi-huurre-sauna-heater\/","og_site_name":"Barrsell","article_modified_time":"2024-12-26T09:31:14+00:00","og_image":[{"width":1200,"height":1200,"url":"https:\/\/barrsell.com\/wp-content\/uploads\/2024\/08\/Tulikivi-Huurre-68-Isitici.png","type":"image\/png"}],"twitter_card":"summary_large_image","twitter_misc":{"Est. reading time":"2 minutes"},"schema":{"@context":"https:\/\/schema.org","@graph":[{"@type":"WebPage","@id":"https:\/\/barrsell.com\/urun\/tulikivi-huurre-sauna-isiticisi\/","url":"https:\/\/barrsell.com\/urun\/tulikivi-huurre-sauna-isiticisi\/","name":"Tulikivi Huurre Sauna Is\u0131t\u0131c\u0131s\u0131 | Barrsell End\u00fcstri","isPartOf":{"@id":"https:\/\/barrsell.com\/#website"},"primaryImageOfPage":{"@id":"https:\/\/barrsell.com\/urun\/tulikivi-huurre-sauna-isiticisi\/#primaryimage"},"image":{"@id":"https:\/\/barrsell.com\/urun\/tulikivi-huurre-sauna-isiticisi\/#primaryimage"},"thumbnailUrl":"https:\/\/barrsell.com\/wp-content\/uploads\/2024\/08\/Tulikivi-Huurre-68-Isitici.png","datePublished":"2024-08-23T11:41:34+00:00","dateModified":"2024-12-26T09:31:14+00:00","description":"Tulikivi Huurre Sauna Is\u0131t\u0131c\u0131s\u0131 b\u00fcy\u00fck ve orta boyutlu saunalar i\u00e7in m\u00fckemmel bir \u0131s\u0131tma \u00e7\u00f6z\u00fcm\u00fc sunan, g\u00fc\u00e7l\u00fc performans\u0131 ve zarif tasar\u0131m\u0131yla \u00f6ne \u00e7\u0131kan","breadcrumb":{"@id":"https:\/\/barrsell.com\/urun\/tulikivi-huurre-sauna-isiticisi\/#breadcrumb"},"inLanguage":"en-US","potentialAction":[{"@type":"ReadAction","target":["https:\/\/barrsell.com\/urun\/tulikivi-huurre-sauna-isiticisi\/"]}]},{"@type":"ImageObject","inLanguage":"en-US","@id":"https:\/\/barrsell.com\/urun\/tulikivi-huurre-sauna-isiticisi\/#primaryimage","url":"https:\/\/barrsell.com\/wp-content\/uploads\/2024\/08\/Tulikivi-Huurre-68-Isitici.png","contentUrl":"https:\/\/barrsell.com\/wp-content\/uploads\/2024\/08\/Tulikivi-Huurre-68-Isitici.png","width":1200,"height":1200,"caption":"Tulikivi Huurre 68 Is\u0131t\u0131c\u0131"},{"@type":"BreadcrumbList","@id":"https:\/\/barrsell.com\/urun\/tulikivi-huurre-sauna-isiticisi\/#breadcrumb","itemListElement":[{"@type":"ListItem","position":1,"name":"Home","item":"https:\/\/barrsell.com\/"},{"@type":"ListItem","position":2,"name":"\u00dcr\u00fcnler","item":"https:\/\/barrsell.com\/en\/products\/"},{"@type":"ListItem","position":3,"name":"Tulikivi Huurre Sauna Is\u0131t\u0131c\u0131s\u0131"}]},{"@type":"WebSite","@id":"https:\/\/barrsell.com\/#website","url":"https:\/\/barrsell.com\/","name":"Barrsell End\u00fcstri Makine","description":"Teknolojiyle G\u00fc\u00e7lenen End\u00fcstriyel \u00c7\u00f6z\u00fcmler!","potentialAction":[{"@type":"SearchAction","target":{"@type":"EntryPoint","urlTemplate":"https:\/\/barrsell.com\/?s={search_term_string}"},"query-input":"required name=search_term_string"}],"inLanguage":"en-US"}]}},"_links":{"self":[{"href":"https:\/\/barrsell.com\/en\/wp-json\/wp\/v2\/product\/12922","targetHints":{"allow":["GET"]}}],"collection":[{"href":"https:\/\/barrsell.com\/en\/wp-json\/wp\/v2\/product"}],"about":[{"href":"https:\/\/barrsell.com\/en\/wp-json\/wp\/v2\/types\/product"}],"version-history":[{"count":4,"href":"https:\/\/barrsell.com\/en\/wp-json\/wp\/v2\/product\/12922\/revisions"}],"predecessor-version":[{"id":19704,"href":"https:\/\/barrsell.com\/en\/wp-json\/wp\/v2\/product\/12922\/revisions\/19704"}],"wp:featuredmedia":[{"embeddable":true,"href":"https:\/\/barrsell.com\/en\/wp-json\/wp\/v2\/media\/12923"}],"wp:attachment":[{"href":"https:\/\/barrsell.com\/en\/wp-json\/wp\/v2\/media?parent=12922"}],"wp:term":[{"taxonomy":"product_cat","embeddable":true,"href":"https:\/\/barrsell.com\/en\/wp-json\/wp\/v2\/product_cat?post=12922"},{"taxonomy":"product_tag","embeddable":true,"href":"https:\/\/barrsell.com\/en\/wp-json\/wp\/v2\/product_tag?post=12922"}],"curies":[{"name":"wp","href":"https:\/\/api.w.org\/{rel}","templated":true}]}}