{"id":12913,"date":"2024-08-23T11:28:40","date_gmt":"2024-08-23T11:28:40","guid":{"rendered":"https:\/\/barrsell.com\/?post_type=product&#038;p=12913"},"modified":"2024-12-26T09:51:01","modified_gmt":"2024-12-26T09:51:01","slug":"tulikivi-kuura-sauna-isiticisi","status":"publish","type":"product","link":"https:\/\/barrsell.com\/en\/product\/tulikivi-kuura-sauna-heater\/","title":{"rendered":"Tulikivi Kuura Sauna Heater"},"content":{"rendered":"<h2><strong>Tulikivi Kuura Sauna Heater: High Performance and Aesthetic Design<\/strong><\/h2>\n<p>Tulikivi Kuura Sauna Heater is a product that combines the traditional sauna experience with modern technology. Especially the use of soapstone makes this heater unique both aesthetically and functionally. At the same time, the Kuura series creates a relaxing atmosphere by providing long-lasting warmth in your sauna. Both environmentally friendly and energy efficient, this sauna heater offers an ideal solution for saunas of all sizes with different power options.<\/p>\n<div id=\"attachment_19711\" style=\"width: 393px\" class=\"wp-caption alignright\"><a href=\"https:\/\/barrsell.com\/wp-content\/uploads\/2024\/08\/Tulikivi-Kuura-Sauna-Isiticisi-3.webp\"><img fetchpriority=\"high\" decoding=\"async\" aria-describedby=\"caption-attachment-19711\" class=\"wp-image-19711 size-full\" src=\"https:\/\/barrsell.com\/wp-content\/uploads\/2024\/08\/Tulikivi-Kuura-Sauna-Isiticisi-3.webp\" alt=\"\" width=\"383\" height=\"615\" srcset=\"https:\/\/barrsell.com\/wp-content\/uploads\/2024\/08\/Tulikivi-Kuura-Sauna-Isiticisi-3.webp 383w, https:\/\/barrsell.com\/wp-content\/uploads\/2024\/08\/Tulikivi-Kuura-Sauna-Isiticisi-3-187x300.webp 187w, https:\/\/barrsell.com\/wp-content\/uploads\/2024\/08\/Tulikivi-Kuura-Sauna-Isiticisi-3-7x12.webp 7w, https:\/\/barrsell.com\/wp-content\/uploads\/2024\/08\/Tulikivi-Kuura-Sauna-Isiticisi-3-150x241.webp 150w\" sizes=\"(max-width: 383px) 100vw, 383px\" \/><\/a><p id=\"caption-attachment-19711\" class=\"wp-caption-text\">Tulikivi Kuura Sauna Heater-3<\/p><\/div>\n<h4><strong>Technical Specifications and KW Options<\/strong><\/h4>\n<p>Available in three different power options to suit different sauna sizes and heating needs:<\/p>\n<ul>\n<li><strong>6,8 kW<\/strong>: Perfect for small and medium-sized saunas (5-9 m\u00b3).<\/li>\n<li><strong>9,0 kW<\/strong>: Ideal for medium-sized saunas (8-13 m\u00b3).<\/li>\n<li><strong>10,5 kW<\/strong>: Provides powerful and efficient heating for larger saunas (9-15 m\u00b3).<\/li>\n<\/ul>\n<h4><strong>Material and Design<\/strong><\/h4>\n<ol>\n<li><strong>Soapstone<\/strong>: Tulikivi Kuura is manufactured using soapstone. This natural stone also provides long-lasting warmth by spreading the heat evenly, thus creating a comfortable environment in your sauna. The soapstone also has an aesthetic appearance and blends well with any sauna decor.<\/li>\n<li><strong>Modern and Stylish Design<\/strong>: The Kuura sauna heater stands out with its simple and modern design. Sleek and minimal, it blends elegantly into the decor of your sauna.<\/li>\n<\/ol>\n<h4><strong>Featured Features<\/strong><\/h4>\n<ul>\n<li><strong>Uniform Temperature Distribution<\/strong>: Soapstone distributes the heat evenly, allowing you to get the same temperature in every corner. This creates a homogeneous temperature in your sauna.<\/li>\n<li><strong>Energy Efficiency<\/strong>: Soapstone saves energy by retaining heat for a long time. In this way, it provides efficient heating with low energy consumption in long-term use in your sauna.<\/li>\n<li><strong>Low Electromagnetic Propagation<\/strong>: Tulikivi Kuura protects your health by emitting a low electromagnetic field (EMF).<\/li>\n<li><strong>Compact and Aesthetic<\/strong>: Thanks to its modern design and compact dimensions, it fits into any sauna room. In addition, it can be used comfortably even in small saunas with its minimal footprint.<\/li>\n<\/ul>\n<div id=\"attachment_19710\" style=\"width: 610px\" class=\"wp-caption alignnone\"><a href=\"https:\/\/barrsell.com\/wp-content\/uploads\/2024\/08\/Tulikivi-Kuura-Sauna-Isiticisi-2.png\"><img decoding=\"async\" aria-describedby=\"caption-attachment-19710\" class=\"wp-image-19710 size-full\" src=\"https:\/\/barrsell.com\/wp-content\/uploads\/2024\/08\/Tulikivi-Kuura-Sauna-Isiticisi-2.png\" alt=\"\" width=\"600\" height=\"450\" srcset=\"https:\/\/barrsell.com\/wp-content\/uploads\/2024\/08\/Tulikivi-Kuura-Sauna-Isiticisi-2.png 600w, https:\/\/barrsell.com\/wp-content\/uploads\/2024\/08\/Tulikivi-Kuura-Sauna-Isiticisi-2-300x225.png 300w, https:\/\/barrsell.com\/wp-content\/uploads\/2024\/08\/Tulikivi-Kuura-Sauna-Isiticisi-2-16x12.png 16w, https:\/\/barrsell.com\/wp-content\/uploads\/2024\/08\/Tulikivi-Kuura-Sauna-Isiticisi-2-150x113.png 150w\" sizes=\"(max-width: 600px) 100vw, 600px\" \/><\/a><p id=\"caption-attachment-19710\" class=\"wp-caption-text\">Tulikivi Kuura Sauna Heater-2<\/p><\/div>","protected":false},"excerpt":{"rendered":"<ul>\n<li>Control Options<\/li>\n<li>Safety Features<\/li>\n<li>Energy Efficiency<\/li>\n<\/ul>","protected":false},"featured_media":12914,"template":"","meta":[],"product_cat":[161],"product_tag":[],"class_list":{"0":"post-12913","1":"product","2":"type-product","3":"status-publish","4":"has-post-thumbnail","6":"product_cat-tulikivi-sauna-isiticilar","8":"first","9":"instock","10":"shipping-taxable","11":"purchasable","12":"product-type-variable"},"yoast_head":"<!-- This site is optimized with the Yoast SEO Premium plugin v23.2 (Yoast SEO v23.2) - https:\/\/yoast.com\/wordpress\/plugins\/seo\/ -->\n<title>Tulikivi Kuura Sauna Is\u0131t\u0131c\u0131s\u0131 | Barrsell End\u00fcstri<\/title>\n<meta name=\"description\" content=\"Tulikivi Kuura Sauna Is\u0131t\u0131c\u0131s\u0131 kompakt ve y\u00fcksek performansl\u0131 tasar\u0131m\u0131yla k\u00fc\u00e7\u00fck ve orta boyutlu saunalar i\u00e7in ideal bir \u0131s\u0131tma \u00e7\u00f6z\u00fcm\u00fcd\u00fcr.\" \/>\n<meta name=\"robots\" content=\"index, follow, max-snippet:-1, max-image-preview:large, max-video-preview:-1\" \/>\n<link rel=\"canonical\" href=\"https:\/\/barrsell.com\/en\/product\/tulikivi-kuura-sauna-heater\/\" \/>\n<meta property=\"og:locale\" content=\"en_US\" \/>\n<meta property=\"og:type\" content=\"article\" \/>\n<meta property=\"og:title\" content=\"Tulikivi Kuura Sauna Is\u0131t\u0131c\u0131s\u0131\" \/>\n<meta property=\"og:description\" content=\"Tulikivi Kuura Sauna Is\u0131t\u0131c\u0131s\u0131 kompakt ve y\u00fcksek performansl\u0131 tasar\u0131m\u0131yla k\u00fc\u00e7\u00fck ve orta boyutlu saunalar i\u00e7in ideal bir \u0131s\u0131tma \u00e7\u00f6z\u00fcm\u00fcd\u00fcr.\" \/>\n<meta property=\"og:url\" content=\"https:\/\/barrsell.com\/en\/product\/tulikivi-kuura-sauna-heater\/\" \/>\n<meta property=\"og:site_name\" content=\"Barrsell\" \/>\n<meta property=\"article:modified_time\" content=\"2024-12-26T09:51:01+00:00\" \/>\n<meta property=\"og:image\" content=\"https:\/\/barrsell.com\/wp-content\/uploads\/2024\/08\/Tulikivi-Kuura-1-Isitici.png\" \/>\n\t<meta property=\"og:image:width\" content=\"1200\" \/>\n\t<meta property=\"og:image:height\" content=\"1200\" \/>\n\t<meta property=\"og:image:type\" content=\"image\/png\" \/>\n<meta name=\"twitter:card\" content=\"summary_large_image\" \/>\n<meta name=\"twitter:label1\" content=\"Est. reading time\" \/>\n\t<meta name=\"twitter:data1\" content=\"3 minutes\" \/>\n<script type=\"application\/ld+json\" class=\"yoast-schema-graph\">{\"@context\":\"https:\/\/schema.org\",\"@graph\":[{\"@type\":\"WebPage\",\"@id\":\"https:\/\/barrsell.com\/urun\/tulikivi-kuura-sauna-isiticisi\/\",\"url\":\"https:\/\/barrsell.com\/urun\/tulikivi-kuura-sauna-isiticisi\/\",\"name\":\"Tulikivi Kuura Sauna Is\u0131t\u0131c\u0131s\u0131 | Barrsell End\u00fcstri\",\"isPartOf\":{\"@id\":\"https:\/\/barrsell.com\/#website\"},\"primaryImageOfPage\":{\"@id\":\"https:\/\/barrsell.com\/urun\/tulikivi-kuura-sauna-isiticisi\/#primaryimage\"},\"image\":{\"@id\":\"https:\/\/barrsell.com\/urun\/tulikivi-kuura-sauna-isiticisi\/#primaryimage\"},\"thumbnailUrl\":\"https:\/\/barrsell.com\/wp-content\/uploads\/2024\/08\/Tulikivi-Kuura-1-Isitici.png\",\"datePublished\":\"2024-08-23T11:28:40+00:00\",\"dateModified\":\"2024-12-26T09:51:01+00:00\",\"description\":\"Tulikivi Kuura Sauna Is\u0131t\u0131c\u0131s\u0131 kompakt ve y\u00fcksek performansl\u0131 tasar\u0131m\u0131yla k\u00fc\u00e7\u00fck ve orta boyutlu saunalar i\u00e7in ideal bir \u0131s\u0131tma \u00e7\u00f6z\u00fcm\u00fcd\u00fcr.\",\"breadcrumb\":{\"@id\":\"https:\/\/barrsell.com\/urun\/tulikivi-kuura-sauna-isiticisi\/#breadcrumb\"},\"inLanguage\":\"en-US\",\"potentialAction\":[{\"@type\":\"ReadAction\",\"target\":[\"https:\/\/barrsell.com\/urun\/tulikivi-kuura-sauna-isiticisi\/\"]}]},{\"@type\":\"ImageObject\",\"inLanguage\":\"en-US\",\"@id\":\"https:\/\/barrsell.com\/urun\/tulikivi-kuura-sauna-isiticisi\/#primaryimage\",\"url\":\"https:\/\/barrsell.com\/wp-content\/uploads\/2024\/08\/Tulikivi-Kuura-1-Isitici.png\",\"contentUrl\":\"https:\/\/barrsell.com\/wp-content\/uploads\/2024\/08\/Tulikivi-Kuura-1-Isitici.png\",\"width\":1200,\"height\":1200,\"caption\":\"Tulikivi Kuura 1 Is\u0131t\u0131c\u0131\"},{\"@type\":\"BreadcrumbList\",\"@id\":\"https:\/\/barrsell.com\/urun\/tulikivi-kuura-sauna-isiticisi\/#breadcrumb\",\"itemListElement\":[{\"@type\":\"ListItem\",\"position\":1,\"name\":\"Home\",\"item\":\"https:\/\/barrsell.com\/\"},{\"@type\":\"ListItem\",\"position\":2,\"name\":\"\u00dcr\u00fcnler\",\"item\":\"https:\/\/barrsell.com\/en\/products\/\"},{\"@type\":\"ListItem\",\"position\":3,\"name\":\"Tulikivi Kuura Sauna Is\u0131t\u0131c\u0131s\u0131\"}]},{\"@type\":\"WebSite\",\"@id\":\"https:\/\/barrsell.com\/#website\",\"url\":\"https:\/\/barrsell.com\/\",\"name\":\"Barrsell End\u00fcstri Makine\",\"description\":\"Teknolojiyle G\u00fc\u00e7lenen End\u00fcstriyel \u00c7\u00f6z\u00fcmler!\",\"potentialAction\":[{\"@type\":\"SearchAction\",\"target\":{\"@type\":\"EntryPoint\",\"urlTemplate\":\"https:\/\/barrsell.com\/?s={search_term_string}\"},\"query-input\":\"required name=search_term_string\"}],\"inLanguage\":\"en-US\"}]}<\/script>\n<!-- \/ Yoast SEO Premium plugin. -->","yoast_head_json":{"title":"Tulikivi Kuura Sauna Is\u0131t\u0131c\u0131s\u0131 | Barrsell End\u00fcstri","description":"Tulikivi Kuura Sauna Is\u0131t\u0131c\u0131s\u0131 kompakt ve y\u00fcksek performansl\u0131 tasar\u0131m\u0131yla k\u00fc\u00e7\u00fck ve orta boyutlu saunalar i\u00e7in ideal bir \u0131s\u0131tma \u00e7\u00f6z\u00fcm\u00fcd\u00fcr.","robots":{"index":"index","follow":"follow","max-snippet":"max-snippet:-1","max-image-preview":"max-image-preview:large","max-video-preview":"max-video-preview:-1"},"canonical":"https:\/\/barrsell.com\/en\/product\/tulikivi-kuura-sauna-heater\/","og_locale":"en_US","og_type":"article","og_title":"Tulikivi Kuura Sauna Is\u0131t\u0131c\u0131s\u0131","og_description":"Tulikivi Kuura Sauna Is\u0131t\u0131c\u0131s\u0131 kompakt ve y\u00fcksek performansl\u0131 tasar\u0131m\u0131yla k\u00fc\u00e7\u00fck ve orta boyutlu saunalar i\u00e7in ideal bir \u0131s\u0131tma \u00e7\u00f6z\u00fcm\u00fcd\u00fcr.","og_url":"https:\/\/barrsell.com\/en\/product\/tulikivi-kuura-sauna-heater\/","og_site_name":"Barrsell","article_modified_time":"2024-12-26T09:51:01+00:00","og_image":[{"width":1200,"height":1200,"url":"https:\/\/barrsell.com\/wp-content\/uploads\/2024\/08\/Tulikivi-Kuura-1-Isitici.png","type":"image\/png"}],"twitter_card":"summary_large_image","twitter_misc":{"Est. reading time":"3 minutes"},"schema":{"@context":"https:\/\/schema.org","@graph":[{"@type":"WebPage","@id":"https:\/\/barrsell.com\/urun\/tulikivi-kuura-sauna-isiticisi\/","url":"https:\/\/barrsell.com\/urun\/tulikivi-kuura-sauna-isiticisi\/","name":"Tulikivi Kuura Sauna Is\u0131t\u0131c\u0131s\u0131 | Barrsell End\u00fcstri","isPartOf":{"@id":"https:\/\/barrsell.com\/#website"},"primaryImageOfPage":{"@id":"https:\/\/barrsell.com\/urun\/tulikivi-kuura-sauna-isiticisi\/#primaryimage"},"image":{"@id":"https:\/\/barrsell.com\/urun\/tulikivi-kuura-sauna-isiticisi\/#primaryimage"},"thumbnailUrl":"https:\/\/barrsell.com\/wp-content\/uploads\/2024\/08\/Tulikivi-Kuura-1-Isitici.png","datePublished":"2024-08-23T11:28:40+00:00","dateModified":"2024-12-26T09:51:01+00:00","description":"Tulikivi Kuura Sauna Is\u0131t\u0131c\u0131s\u0131 kompakt ve y\u00fcksek performansl\u0131 tasar\u0131m\u0131yla k\u00fc\u00e7\u00fck ve orta boyutlu saunalar i\u00e7in ideal bir \u0131s\u0131tma \u00e7\u00f6z\u00fcm\u00fcd\u00fcr.","breadcrumb":{"@id":"https:\/\/barrsell.com\/urun\/tulikivi-kuura-sauna-isiticisi\/#breadcrumb"},"inLanguage":"en-US","potentialAction":[{"@type":"ReadAction","target":["https:\/\/barrsell.com\/urun\/tulikivi-kuura-sauna-isiticisi\/"]}]},{"@type":"ImageObject","inLanguage":"en-US","@id":"https:\/\/barrsell.com\/urun\/tulikivi-kuura-sauna-isiticisi\/#primaryimage","url":"https:\/\/barrsell.com\/wp-content\/uploads\/2024\/08\/Tulikivi-Kuura-1-Isitici.png","contentUrl":"https:\/\/barrsell.com\/wp-content\/uploads\/2024\/08\/Tulikivi-Kuura-1-Isitici.png","width":1200,"height":1200,"caption":"Tulikivi Kuura 1 Is\u0131t\u0131c\u0131"},{"@type":"BreadcrumbList","@id":"https:\/\/barrsell.com\/urun\/tulikivi-kuura-sauna-isiticisi\/#breadcrumb","itemListElement":[{"@type":"ListItem","position":1,"name":"Home","item":"https:\/\/barrsell.com\/"},{"@type":"ListItem","position":2,"name":"\u00dcr\u00fcnler","item":"https:\/\/barrsell.com\/en\/products\/"},{"@type":"ListItem","position":3,"name":"Tulikivi Kuura Sauna Is\u0131t\u0131c\u0131s\u0131"}]},{"@type":"WebSite","@id":"https:\/\/barrsell.com\/#website","url":"https:\/\/barrsell.com\/","name":"Barrsell End\u00fcstri Makine","description":"Teknolojiyle G\u00fc\u00e7lenen End\u00fcstriyel \u00c7\u00f6z\u00fcmler!","potentialAction":[{"@type":"SearchAction","target":{"@type":"EntryPoint","urlTemplate":"https:\/\/barrsell.com\/?s={search_term_string}"},"query-input":"required name=search_term_string"}],"inLanguage":"en-US"}]}},"_links":{"self":[{"href":"https:\/\/barrsell.com\/en\/wp-json\/wp\/v2\/product\/12913","targetHints":{"allow":["GET"]}}],"collection":[{"href":"https:\/\/barrsell.com\/en\/wp-json\/wp\/v2\/product"}],"about":[{"href":"https:\/\/barrsell.com\/en\/wp-json\/wp\/v2\/types\/product"}],"version-history":[{"count":5,"href":"https:\/\/barrsell.com\/en\/wp-json\/wp\/v2\/product\/12913\/revisions"}],"predecessor-version":[{"id":19712,"href":"https:\/\/barrsell.com\/en\/wp-json\/wp\/v2\/product\/12913\/revisions\/19712"}],"wp:featuredmedia":[{"embeddable":true,"href":"https:\/\/barrsell.com\/en\/wp-json\/wp\/v2\/media\/12914"}],"wp:attachment":[{"href":"https:\/\/barrsell.com\/en\/wp-json\/wp\/v2\/media?parent=12913"}],"wp:term":[{"taxonomy":"product_cat","embeddable":true,"href":"https:\/\/barrsell.com\/en\/wp-json\/wp\/v2\/product_cat?post=12913"},{"taxonomy":"product_tag","embeddable":true,"href":"https:\/\/barrsell.com\/en\/wp-json\/wp\/v2\/product_tag?post=12913"}],"curies":[{"name":"wp","href":"https:\/\/api.w.org\/{rel}","templated":true}]}}