{"id":12898,"date":"2024-08-23T11:07:36","date_gmt":"2024-08-23T11:07:36","guid":{"rendered":"https:\/\/barrsell.com\/?post_type=product&#038;p=12898"},"modified":"2024-12-26T10:22:09","modified_gmt":"2024-12-26T10:22:09","slug":"tulikivi-sumu-e-sauna-isiticisi","status":"publish","type":"product","link":"https:\/\/barrsell.com\/en\/product\/tulikivi-sumu-e-sauna-heater\/","title":{"rendered":"Tulikivi Sumu E Sauna Heater"},"content":{"rendered":"<h2><strong>Tulikivi Sumu E Sauna Heater: High Performance and Aesthetic Design<\/strong><\/h2>\n<p>The Tulikivi Sumu E Sauna Heater is a heater that takes the modern sauna experience to the next level. Utilizing the unique heat retention properties of soapstone material, this model provides long-lasting warmth in your sauna and offers energy efficiency. With its aesthetic design and powerful performance, the Sumu E series is the perfect solution for any sauna. It is ideal for both home saunas and commercial use. It also creates a relaxing atmosphere in your sauna.<\/p>\n<div id=\"attachment_19715\" style=\"width: 410px\" class=\"wp-caption alignright\"><a href=\"https:\/\/barrsell.com\/wp-content\/uploads\/2024\/08\/Tulikivi-Sumu-E-Sauna-Isiticisi-2.jpg\"><img fetchpriority=\"high\" decoding=\"async\" aria-describedby=\"caption-attachment-19715\" class=\"wp-image-19715\" src=\"https:\/\/barrsell.com\/wp-content\/uploads\/2024\/08\/Tulikivi-Sumu-E-Sauna-Isiticisi-2.jpg\" alt=\"\" width=\"400\" height=\"534\" srcset=\"https:\/\/barrsell.com\/wp-content\/uploads\/2024\/08\/Tulikivi-Sumu-E-Sauna-Isiticisi-2.jpg 194w, https:\/\/barrsell.com\/wp-content\/uploads\/2024\/08\/Tulikivi-Sumu-E-Sauna-Isiticisi-2-9x12.jpg 9w, https:\/\/barrsell.com\/wp-content\/uploads\/2024\/08\/Tulikivi-Sumu-E-Sauna-Isiticisi-2-150x200.jpg 150w\" sizes=\"(max-width: 400px) 100vw, 400px\" \/><\/a><p id=\"caption-attachment-19715\" class=\"wp-caption-text\">Tulikivi Sumu E Sauna Is\u0131t\u0131c\u0131s\u0131-2<\/p><\/div>\n<h4><strong>Technical Specifications and KW Options<\/strong><\/h4>\n<p>Available in three different power options to suit different sauna sizes:<\/p>\n<ul>\n<li><strong>6,8 kW<\/strong>: Ideal for small or medium-sized saunas (5-9 m\u00b3).<\/li>\n<li><strong>9,0 kW<\/strong>: An excellent choice for medium-sized saunas (8-13 m\u00b3).<\/li>\n<li><strong>10,5 kW<\/strong>: Provides powerful heating for larger saunas (9-15 m\u00b3).<\/li>\n<\/ul>\n<h4><strong>Material and Design<\/strong><\/h4>\n<ol>\n<li><strong>Soapstone<\/strong>: Tulikivi Sumu E is manufactured using soapstone. In addition, soapstone spreads the heat evenly, providing long-lasting warmth and creating a comfortable environment in your sauna. Furthermore, soapstone has a natural and aesthetic appearance, which blends perfectly with the decor of your sauna.<\/li>\n<li class=\" translation-block\"><strong>Modern and Stylish Design<\/strong>: The Sumu E Sauna Heater stands out with its simple and elegant design. It has an aesthetic appearance that adapts to both traditional and modern sauna decorations.<\/li>\n<\/ol>\n<h4><strong>Featured Features<\/strong><\/h4>\n<ul>\n<li class=\" translation-block\"><strong>Equal Temperature Distribution<\/strong>: Soapstone distributes the heat evenly, ensuring the same temperature level in every corner. This also creates a homogeneous temperature in your sauna and offers a more comfortable experience.<\/li>\n<li><strong>Energy Efficiency<\/strong>: Soapstone saves energy by retaining heat for a long time. In this way, you will get an efficient heating with low energy consumption in long-term use in your sauna.<\/li>\n<li class=\" translation-block\"><strong>Low Electromagnetic Emission<\/strong>: Tulikivi Sumu E protects user health by emitting low electromagnetic fields (EMF).<\/li>\n<\/ul>","protected":false},"excerpt":{"rendered":"<ul>\n<li>Control Options<\/li>\n<li>Safety Features<\/li>\n<li>Energy Efficiency<\/li>\n<\/ul>","protected":false},"featured_media":12899,"template":"","meta":[],"product_cat":[161],"product_tag":[],"class_list":{"0":"post-12898","1":"product","2":"type-product","3":"status-publish","4":"has-post-thumbnail","6":"product_cat-tulikivi-sauna-isiticilar","8":"first","9":"instock","10":"shipping-taxable","11":"purchasable","12":"product-type-variable"},"yoast_head":"<!-- This site is optimized with the Yoast SEO Premium plugin v23.2 (Yoast SEO v23.2) - https:\/\/yoast.com\/wordpress\/plugins\/seo\/ -->\n<title>Tulikivi Sumu E Sauna Is\u0131t\u0131c\u0131s\u0131 | Barrsell End\u00fcstri<\/title>\n<meta name=\"description\" content=\"Tulikivi Sumu E Sauna Is\u0131t\u0131c\u0131s\u0131 orta ve b\u00fcy\u00fck boyutlu saunalar i\u00e7in tasarlanm\u0131\u015f, g\u00fc\u00e7l\u00fc performans ve \u015f\u0131k tasar\u0131m\u0131 bir araya getiren premium bir sauna\" \/>\n<meta name=\"robots\" content=\"index, follow, max-snippet:-1, max-image-preview:large, max-video-preview:-1\" \/>\n<link rel=\"canonical\" href=\"https:\/\/barrsell.com\/en\/product\/tulikivi-sumu-e-sauna-heater\/\" \/>\n<meta property=\"og:locale\" content=\"en_US\" \/>\n<meta property=\"og:type\" content=\"article\" \/>\n<meta property=\"og:title\" content=\"Tulikivi Sumu E Sauna Is\u0131t\u0131c\u0131s\u0131\" \/>\n<meta property=\"og:description\" content=\"Tulikivi Sumu E Sauna Is\u0131t\u0131c\u0131s\u0131 orta ve b\u00fcy\u00fck boyutlu saunalar i\u00e7in tasarlanm\u0131\u015f, g\u00fc\u00e7l\u00fc performans ve \u015f\u0131k tasar\u0131m\u0131 bir araya getiren premium bir sauna\" \/>\n<meta property=\"og:url\" content=\"https:\/\/barrsell.com\/en\/product\/tulikivi-sumu-e-sauna-heater\/\" \/>\n<meta property=\"og:site_name\" content=\"Barrsell\" \/>\n<meta property=\"article:modified_time\" content=\"2024-12-26T10:22:09+00:00\" \/>\n<meta property=\"og:image\" content=\"https:\/\/barrsell.com\/wp-content\/uploads\/2024\/08\/Tulikivi-Sumu-ST-68-Isitici.png\" \/>\n\t<meta property=\"og:image:width\" content=\"1200\" \/>\n\t<meta property=\"og:image:height\" content=\"1200\" \/>\n\t<meta property=\"og:image:type\" content=\"image\/png\" \/>\n<meta name=\"twitter:card\" content=\"summary_large_image\" \/>\n<meta name=\"twitter:label1\" content=\"Est. reading time\" \/>\n\t<meta name=\"twitter:data1\" content=\"3 minutes\" \/>\n<script type=\"application\/ld+json\" class=\"yoast-schema-graph\">{\"@context\":\"https:\/\/schema.org\",\"@graph\":[{\"@type\":\"WebPage\",\"@id\":\"https:\/\/barrsell.com\/urun\/tulikivi-sumu-e-sauna-isiticisi\/\",\"url\":\"https:\/\/barrsell.com\/urun\/tulikivi-sumu-e-sauna-isiticisi\/\",\"name\":\"Tulikivi Sumu E Sauna Is\u0131t\u0131c\u0131s\u0131 | Barrsell End\u00fcstri\",\"isPartOf\":{\"@id\":\"https:\/\/barrsell.com\/#website\"},\"primaryImageOfPage\":{\"@id\":\"https:\/\/barrsell.com\/urun\/tulikivi-sumu-e-sauna-isiticisi\/#primaryimage\"},\"image\":{\"@id\":\"https:\/\/barrsell.com\/urun\/tulikivi-sumu-e-sauna-isiticisi\/#primaryimage\"},\"thumbnailUrl\":\"https:\/\/barrsell.com\/wp-content\/uploads\/2024\/08\/Tulikivi-Sumu-ST-68-Isitici.png\",\"datePublished\":\"2024-08-23T11:07:36+00:00\",\"dateModified\":\"2024-12-26T10:22:09+00:00\",\"description\":\"Tulikivi Sumu E Sauna Is\u0131t\u0131c\u0131s\u0131 orta ve b\u00fcy\u00fck boyutlu saunalar i\u00e7in tasarlanm\u0131\u015f, g\u00fc\u00e7l\u00fc performans ve \u015f\u0131k tasar\u0131m\u0131 bir araya getiren premium bir sauna\",\"breadcrumb\":{\"@id\":\"https:\/\/barrsell.com\/urun\/tulikivi-sumu-e-sauna-isiticisi\/#breadcrumb\"},\"inLanguage\":\"en-US\",\"potentialAction\":[{\"@type\":\"ReadAction\",\"target\":[\"https:\/\/barrsell.com\/urun\/tulikivi-sumu-e-sauna-isiticisi\/\"]}]},{\"@type\":\"ImageObject\",\"inLanguage\":\"en-US\",\"@id\":\"https:\/\/barrsell.com\/urun\/tulikivi-sumu-e-sauna-isiticisi\/#primaryimage\",\"url\":\"https:\/\/barrsell.com\/wp-content\/uploads\/2024\/08\/Tulikivi-Sumu-ST-68-Isitici.png\",\"contentUrl\":\"https:\/\/barrsell.com\/wp-content\/uploads\/2024\/08\/Tulikivi-Sumu-ST-68-Isitici.png\",\"width\":1200,\"height\":1200,\"caption\":\"Tulikivi Sumu ST 68 Is\u0131t\u0131c\u0131\"},{\"@type\":\"BreadcrumbList\",\"@id\":\"https:\/\/barrsell.com\/urun\/tulikivi-sumu-e-sauna-isiticisi\/#breadcrumb\",\"itemListElement\":[{\"@type\":\"ListItem\",\"position\":1,\"name\":\"Home\",\"item\":\"https:\/\/barrsell.com\/\"},{\"@type\":\"ListItem\",\"position\":2,\"name\":\"\u00dcr\u00fcnler\",\"item\":\"https:\/\/barrsell.com\/en\/products\/\"},{\"@type\":\"ListItem\",\"position\":3,\"name\":\"Tulikivi Sumu E Sauna Is\u0131t\u0131c\u0131s\u0131\"}]},{\"@type\":\"WebSite\",\"@id\":\"https:\/\/barrsell.com\/#website\",\"url\":\"https:\/\/barrsell.com\/\",\"name\":\"Barrsell End\u00fcstri Makine\",\"description\":\"Teknolojiyle G\u00fc\u00e7lenen End\u00fcstriyel \u00c7\u00f6z\u00fcmler!\",\"potentialAction\":[{\"@type\":\"SearchAction\",\"target\":{\"@type\":\"EntryPoint\",\"urlTemplate\":\"https:\/\/barrsell.com\/?s={search_term_string}\"},\"query-input\":\"required name=search_term_string\"}],\"inLanguage\":\"en-US\"}]}<\/script>\n<!-- \/ Yoast SEO Premium plugin. -->","yoast_head_json":{"title":"Tulikivi Sumu E Sauna Is\u0131t\u0131c\u0131s\u0131 | Barrsell End\u00fcstri","description":"Tulikivi Sumu E Sauna Is\u0131t\u0131c\u0131s\u0131 orta ve b\u00fcy\u00fck boyutlu saunalar i\u00e7in tasarlanm\u0131\u015f, g\u00fc\u00e7l\u00fc performans ve \u015f\u0131k tasar\u0131m\u0131 bir araya getiren premium bir sauna","robots":{"index":"index","follow":"follow","max-snippet":"max-snippet:-1","max-image-preview":"max-image-preview:large","max-video-preview":"max-video-preview:-1"},"canonical":"https:\/\/barrsell.com\/en\/product\/tulikivi-sumu-e-sauna-heater\/","og_locale":"en_US","og_type":"article","og_title":"Tulikivi Sumu E Sauna Is\u0131t\u0131c\u0131s\u0131","og_description":"Tulikivi Sumu E Sauna Is\u0131t\u0131c\u0131s\u0131 orta ve b\u00fcy\u00fck boyutlu saunalar i\u00e7in tasarlanm\u0131\u015f, g\u00fc\u00e7l\u00fc performans ve \u015f\u0131k tasar\u0131m\u0131 bir araya getiren premium bir sauna","og_url":"https:\/\/barrsell.com\/en\/product\/tulikivi-sumu-e-sauna-heater\/","og_site_name":"Barrsell","article_modified_time":"2024-12-26T10:22:09+00:00","og_image":[{"width":1200,"height":1200,"url":"https:\/\/barrsell.com\/wp-content\/uploads\/2024\/08\/Tulikivi-Sumu-ST-68-Isitici.png","type":"image\/png"}],"twitter_card":"summary_large_image","twitter_misc":{"Est. reading time":"3 minutes"},"schema":{"@context":"https:\/\/schema.org","@graph":[{"@type":"WebPage","@id":"https:\/\/barrsell.com\/urun\/tulikivi-sumu-e-sauna-isiticisi\/","url":"https:\/\/barrsell.com\/urun\/tulikivi-sumu-e-sauna-isiticisi\/","name":"Tulikivi Sumu E Sauna Is\u0131t\u0131c\u0131s\u0131 | Barrsell End\u00fcstri","isPartOf":{"@id":"https:\/\/barrsell.com\/#website"},"primaryImageOfPage":{"@id":"https:\/\/barrsell.com\/urun\/tulikivi-sumu-e-sauna-isiticisi\/#primaryimage"},"image":{"@id":"https:\/\/barrsell.com\/urun\/tulikivi-sumu-e-sauna-isiticisi\/#primaryimage"},"thumbnailUrl":"https:\/\/barrsell.com\/wp-content\/uploads\/2024\/08\/Tulikivi-Sumu-ST-68-Isitici.png","datePublished":"2024-08-23T11:07:36+00:00","dateModified":"2024-12-26T10:22:09+00:00","description":"Tulikivi Sumu E Sauna Is\u0131t\u0131c\u0131s\u0131 orta ve b\u00fcy\u00fck boyutlu saunalar i\u00e7in tasarlanm\u0131\u015f, g\u00fc\u00e7l\u00fc performans ve \u015f\u0131k tasar\u0131m\u0131 bir araya getiren premium bir sauna","breadcrumb":{"@id":"https:\/\/barrsell.com\/urun\/tulikivi-sumu-e-sauna-isiticisi\/#breadcrumb"},"inLanguage":"en-US","potentialAction":[{"@type":"ReadAction","target":["https:\/\/barrsell.com\/urun\/tulikivi-sumu-e-sauna-isiticisi\/"]}]},{"@type":"ImageObject","inLanguage":"en-US","@id":"https:\/\/barrsell.com\/urun\/tulikivi-sumu-e-sauna-isiticisi\/#primaryimage","url":"https:\/\/barrsell.com\/wp-content\/uploads\/2024\/08\/Tulikivi-Sumu-ST-68-Isitici.png","contentUrl":"https:\/\/barrsell.com\/wp-content\/uploads\/2024\/08\/Tulikivi-Sumu-ST-68-Isitici.png","width":1200,"height":1200,"caption":"Tulikivi Sumu ST 68 Is\u0131t\u0131c\u0131"},{"@type":"BreadcrumbList","@id":"https:\/\/barrsell.com\/urun\/tulikivi-sumu-e-sauna-isiticisi\/#breadcrumb","itemListElement":[{"@type":"ListItem","position":1,"name":"Home","item":"https:\/\/barrsell.com\/"},{"@type":"ListItem","position":2,"name":"\u00dcr\u00fcnler","item":"https:\/\/barrsell.com\/en\/products\/"},{"@type":"ListItem","position":3,"name":"Tulikivi Sumu E Sauna Is\u0131t\u0131c\u0131s\u0131"}]},{"@type":"WebSite","@id":"https:\/\/barrsell.com\/#website","url":"https:\/\/barrsell.com\/","name":"Barrsell End\u00fcstri Makine","description":"Teknolojiyle G\u00fc\u00e7lenen End\u00fcstriyel \u00c7\u00f6z\u00fcmler!","potentialAction":[{"@type":"SearchAction","target":{"@type":"EntryPoint","urlTemplate":"https:\/\/barrsell.com\/?s={search_term_string}"},"query-input":"required name=search_term_string"}],"inLanguage":"en-US"}]}},"_links":{"self":[{"href":"https:\/\/barrsell.com\/en\/wp-json\/wp\/v2\/product\/12898","targetHints":{"allow":["GET"]}}],"collection":[{"href":"https:\/\/barrsell.com\/en\/wp-json\/wp\/v2\/product"}],"about":[{"href":"https:\/\/barrsell.com\/en\/wp-json\/wp\/v2\/types\/product"}],"version-history":[{"count":6,"href":"https:\/\/barrsell.com\/en\/wp-json\/wp\/v2\/product\/12898\/revisions"}],"predecessor-version":[{"id":19716,"href":"https:\/\/barrsell.com\/en\/wp-json\/wp\/v2\/product\/12898\/revisions\/19716"}],"wp:featuredmedia":[{"embeddable":true,"href":"https:\/\/barrsell.com\/en\/wp-json\/wp\/v2\/media\/12899"}],"wp:attachment":[{"href":"https:\/\/barrsell.com\/en\/wp-json\/wp\/v2\/media?parent=12898"}],"wp:term":[{"taxonomy":"product_cat","embeddable":true,"href":"https:\/\/barrsell.com\/en\/wp-json\/wp\/v2\/product_cat?post=12898"},{"taxonomy":"product_tag","embeddable":true,"href":"https:\/\/barrsell.com\/en\/wp-json\/wp\/v2\/product_tag?post=12898"}],"curies":[{"name":"wp","href":"https:\/\/api.w.org\/{rel}","templated":true}]}}