{"id":12865,"date":"2024-08-23T10:10:56","date_gmt":"2024-08-23T10:10:56","guid":{"rendered":"https:\/\/barrsell.com\/?post_type=product&#038;p=12865"},"modified":"2025-01-02T10:55:48","modified_gmt":"2025-01-02T10:55:48","slug":"tulikivi-routa-st-isitici","status":"publish","type":"product","link":"https:\/\/barrsell.com\/en\/product\/tulikivi-routa-st-heater\/","title":{"rendered":"Tulikivi Routa ST Heater"},"content":{"rendered":"<h2>Tulikivi Routa ST Heater Specifications and Benefits<\/h2>\n<p>Tulikivi Routa ST Heater is a sauna heater that takes the sauna experience to the next level, as well as modern design and superior technology. It also offers an ideal solution for both domestic and commercial uses. And so this model delivers a superior performance in terms of energy efficiency, durability and aesthetics. Here are the highlights and technical details of the Tulikivi Routa ST:<\/p>\n<div id=\"attachment_19734\" style=\"width: 610px\" class=\"wp-caption aligncenter\"><a href=\"https:\/\/barrsell.com\/wp-content\/uploads\/2024\/08\/Tulikivi-Routa-ST-Isitici-2.jpg\"><img fetchpriority=\"high\" decoding=\"async\" aria-describedby=\"caption-attachment-19734\" class=\"wp-image-19734 size-full\" src=\"https:\/\/barrsell.com\/wp-content\/uploads\/2024\/08\/Tulikivi-Routa-ST-Isitici-2.jpg\" alt=\"\" width=\"600\" height=\"450\" srcset=\"https:\/\/barrsell.com\/wp-content\/uploads\/2024\/08\/Tulikivi-Routa-ST-Isitici-2.jpg 600w, https:\/\/barrsell.com\/wp-content\/uploads\/2024\/08\/Tulikivi-Routa-ST-Isitici-2-300x225.jpg 300w, https:\/\/barrsell.com\/wp-content\/uploads\/2024\/08\/Tulikivi-Routa-ST-Isitici-2-16x12.jpg 16w, https:\/\/barrsell.com\/wp-content\/uploads\/2024\/08\/Tulikivi-Routa-ST-Isitici-2-150x113.jpg 150w\" sizes=\"(max-width: 600px) 100vw, 600px\" \/><\/a><p id=\"caption-attachment-19734\" class=\"wp-caption-text\">Tulikivi Routa ST Heater-2<\/p><\/div>\n<h4><strong>Technical Specifications<\/strong><\/h4>\n<ul>\n<li><strong>Power Options<\/strong>: 4.5 kW, 6.0 kW and 9.0 kW power options are available for different sauna sizes.<\/li>\n<li><strong>Capacity<\/strong>: Ideal for sauna volumes ranging from 8 to 20 cubic meters.<\/li>\n<li><strong>Stone Capacity<\/strong>: With its 80 kg natural sauna stone capacity, it also provides long-term heat retention and homogeneous steam.<\/li>\n<li><strong>Material Quality<\/strong>: Durability and aesthetics with the use of high quality stainless steel and natural stone.<\/li>\n<li><strong>Control System<\/strong>: Thanks to the user-friendly digital control panel, you can easily adjust the temperature and time settings.<\/li>\n<li><strong>Installation Type<\/strong>: Offers flexible use with both wall-mounted and freestanding installation options.<\/li>\n<\/ul>\n<h4><strong>Advantages<\/strong><\/h4>\n<ol>\n<li><strong>Energy Efficiency<\/strong>: It offers an environmentally friendly heating solution with low energy consumption.<\/li>\n<li><strong>Homogeneous Heat Dissipation<\/strong>: Thanks to its high stone capacity, it provides even temperature distribution in the sauna.<\/li>\n<li><strong>Long Lasting Use<\/strong>: You can use it safely for many years with its robust material structure and also quality workmanship.<\/li>\n<li><strong>Modern Design<\/strong>: With its minimalist and stylish design, it adapts to any type of sauna decoration.<\/li>\n<li><strong>Safety Features<\/strong>: With its minimalist and stylish design, it adapts to any type of sauna decoration.<\/li>\n<\/ol>","protected":false},"excerpt":{"rendered":"<ul>\n<li>For 4.5 kW model: 3-6 m\u00b3<\/li>\n<li>For 6.0 kW model: 5-9 m\u00b3<\/li>\n<li>For the 9.0 kW model: 8-13 m\u00b3<\/li>\n<\/ul>","protected":false},"featured_media":12894,"template":"","meta":[],"product_cat":[53,161],"product_tag":[],"class_list":{"0":"post-12865","1":"product","2":"type-product","3":"status-publish","4":"has-post-thumbnail","6":"product_cat-sauna-isiticilari","7":"product_cat-tulikivi-sauna-isiticilar","9":"first","10":"instock","11":"shipping-taxable","12":"purchasable","13":"product-type-variable"},"yoast_head":"<!-- This site is optimized with the Yoast SEO Premium plugin v23.2 (Yoast SEO v23.2) - https:\/\/yoast.com\/wordpress\/plugins\/seo\/ -->\n<title>Tulikivi Routa ST Is\u0131t\u0131c\u0131 | Barrsell End\u00fcstri<\/title>\n<meta name=\"description\" content=\"Tulikivi Routa ST Is\u0131t\u0131c\u0131 kompakt tasar\u0131m\u0131 ve y\u00fcksek performans\u0131 ile \u00f6ne \u00e7\u0131kan bir modeldir. K\u00fc\u00e7\u00fck ve orta b\u00fcy\u00fckl\u00fckteki saunalar i\u00e7in ideal olan\" \/>\n<meta name=\"robots\" content=\"index, follow, max-snippet:-1, max-image-preview:large, max-video-preview:-1\" \/>\n<link rel=\"canonical\" href=\"https:\/\/barrsell.com\/en\/product\/tulikivi-routa-st-heater\/\" \/>\n<meta property=\"og:locale\" content=\"en_US\" \/>\n<meta property=\"og:type\" content=\"article\" \/>\n<meta property=\"og:title\" content=\"Tulikivi Routa ST Is\u0131t\u0131c\u0131\" \/>\n<meta property=\"og:description\" content=\"Tulikivi Routa ST Is\u0131t\u0131c\u0131 kompakt tasar\u0131m\u0131 ve y\u00fcksek performans\u0131 ile \u00f6ne \u00e7\u0131kan bir modeldir. K\u00fc\u00e7\u00fck ve orta b\u00fcy\u00fckl\u00fckteki saunalar i\u00e7in ideal olan\" \/>\n<meta property=\"og:url\" content=\"https:\/\/barrsell.com\/en\/product\/tulikivi-routa-st-heater\/\" \/>\n<meta property=\"og:site_name\" content=\"Barrsell\" \/>\n<meta property=\"article:modified_time\" content=\"2025-01-02T10:55:48+00:00\" \/>\n<meta property=\"og:image\" content=\"https:\/\/barrsell.com\/wp-content\/uploads\/2024\/08\/Tulikivi-Halla-ST-45-Isitici.png\" \/>\n\t<meta property=\"og:image:width\" content=\"1200\" \/>\n\t<meta property=\"og:image:height\" content=\"1200\" \/>\n\t<meta property=\"og:image:type\" content=\"image\/png\" \/>\n<meta name=\"twitter:card\" content=\"summary_large_image\" \/>\n<meta name=\"twitter:label1\" content=\"Est. reading time\" \/>\n\t<meta name=\"twitter:data1\" content=\"2 minutes\" \/>\n<script type=\"application\/ld+json\" class=\"yoast-schema-graph\">{\"@context\":\"https:\/\/schema.org\",\"@graph\":[{\"@type\":\"WebPage\",\"@id\":\"https:\/\/barrsell.com\/urun\/tulikivi-routa-st-isitici\/\",\"url\":\"https:\/\/barrsell.com\/urun\/tulikivi-routa-st-isitici\/\",\"name\":\"Tulikivi Routa ST Is\u0131t\u0131c\u0131 | Barrsell End\u00fcstri\",\"isPartOf\":{\"@id\":\"https:\/\/barrsell.com\/#website\"},\"primaryImageOfPage\":{\"@id\":\"https:\/\/barrsell.com\/urun\/tulikivi-routa-st-isitici\/#primaryimage\"},\"image\":{\"@id\":\"https:\/\/barrsell.com\/urun\/tulikivi-routa-st-isitici\/#primaryimage\"},\"thumbnailUrl\":\"https:\/\/barrsell.com\/wp-content\/uploads\/2024\/08\/Tulikivi-Halla-ST-45-Isitici.png\",\"datePublished\":\"2024-08-23T10:10:56+00:00\",\"dateModified\":\"2025-01-02T10:55:48+00:00\",\"description\":\"Tulikivi Routa ST Is\u0131t\u0131c\u0131 kompakt tasar\u0131m\u0131 ve y\u00fcksek performans\u0131 ile \u00f6ne \u00e7\u0131kan bir modeldir. K\u00fc\u00e7\u00fck ve orta b\u00fcy\u00fckl\u00fckteki saunalar i\u00e7in ideal olan\",\"breadcrumb\":{\"@id\":\"https:\/\/barrsell.com\/urun\/tulikivi-routa-st-isitici\/#breadcrumb\"},\"inLanguage\":\"en-US\",\"potentialAction\":[{\"@type\":\"ReadAction\",\"target\":[\"https:\/\/barrsell.com\/urun\/tulikivi-routa-st-isitici\/\"]}]},{\"@type\":\"ImageObject\",\"inLanguage\":\"en-US\",\"@id\":\"https:\/\/barrsell.com\/urun\/tulikivi-routa-st-isitici\/#primaryimage\",\"url\":\"https:\/\/barrsell.com\/wp-content\/uploads\/2024\/08\/Tulikivi-Halla-ST-45-Isitici.png\",\"contentUrl\":\"https:\/\/barrsell.com\/wp-content\/uploads\/2024\/08\/Tulikivi-Halla-ST-45-Isitici.png\",\"width\":1200,\"height\":1200,\"caption\":\"Tulikivi Halla ST 45 Is\u0131t\u0131c\u0131\"},{\"@type\":\"BreadcrumbList\",\"@id\":\"https:\/\/barrsell.com\/urun\/tulikivi-routa-st-isitici\/#breadcrumb\",\"itemListElement\":[{\"@type\":\"ListItem\",\"position\":1,\"name\":\"Home\",\"item\":\"https:\/\/barrsell.com\/\"},{\"@type\":\"ListItem\",\"position\":2,\"name\":\"\u00dcr\u00fcnler\",\"item\":\"https:\/\/barrsell.com\/en\/products\/\"},{\"@type\":\"ListItem\",\"position\":3,\"name\":\"Tulikivi Routa ST Is\u0131t\u0131c\u0131\"}]},{\"@type\":\"WebSite\",\"@id\":\"https:\/\/barrsell.com\/#website\",\"url\":\"https:\/\/barrsell.com\/\",\"name\":\"Barrsell End\u00fcstri Makine\",\"description\":\"Teknolojiyle G\u00fc\u00e7lenen End\u00fcstriyel \u00c7\u00f6z\u00fcmler!\",\"potentialAction\":[{\"@type\":\"SearchAction\",\"target\":{\"@type\":\"EntryPoint\",\"urlTemplate\":\"https:\/\/barrsell.com\/?s={search_term_string}\"},\"query-input\":\"required name=search_term_string\"}],\"inLanguage\":\"en-US\"}]}<\/script>\n<!-- \/ Yoast SEO Premium plugin. -->","yoast_head_json":{"title":"Tulikivi Routa ST Is\u0131t\u0131c\u0131 | Barrsell End\u00fcstri","description":"Tulikivi Routa ST Is\u0131t\u0131c\u0131 kompakt tasar\u0131m\u0131 ve y\u00fcksek performans\u0131 ile \u00f6ne \u00e7\u0131kan bir modeldir. K\u00fc\u00e7\u00fck ve orta b\u00fcy\u00fckl\u00fckteki saunalar i\u00e7in ideal olan","robots":{"index":"index","follow":"follow","max-snippet":"max-snippet:-1","max-image-preview":"max-image-preview:large","max-video-preview":"max-video-preview:-1"},"canonical":"https:\/\/barrsell.com\/en\/product\/tulikivi-routa-st-heater\/","og_locale":"en_US","og_type":"article","og_title":"Tulikivi Routa ST Is\u0131t\u0131c\u0131","og_description":"Tulikivi Routa ST Is\u0131t\u0131c\u0131 kompakt tasar\u0131m\u0131 ve y\u00fcksek performans\u0131 ile \u00f6ne \u00e7\u0131kan bir modeldir. K\u00fc\u00e7\u00fck ve orta b\u00fcy\u00fckl\u00fckteki saunalar i\u00e7in ideal olan","og_url":"https:\/\/barrsell.com\/en\/product\/tulikivi-routa-st-heater\/","og_site_name":"Barrsell","article_modified_time":"2025-01-02T10:55:48+00:00","og_image":[{"width":1200,"height":1200,"url":"https:\/\/barrsell.com\/wp-content\/uploads\/2024\/08\/Tulikivi-Halla-ST-45-Isitici.png","type":"image\/png"}],"twitter_card":"summary_large_image","twitter_misc":{"Est. reading time":"2 minutes"},"schema":{"@context":"https:\/\/schema.org","@graph":[{"@type":"WebPage","@id":"https:\/\/barrsell.com\/urun\/tulikivi-routa-st-isitici\/","url":"https:\/\/barrsell.com\/urun\/tulikivi-routa-st-isitici\/","name":"Tulikivi Routa ST Is\u0131t\u0131c\u0131 | Barrsell End\u00fcstri","isPartOf":{"@id":"https:\/\/barrsell.com\/#website"},"primaryImageOfPage":{"@id":"https:\/\/barrsell.com\/urun\/tulikivi-routa-st-isitici\/#primaryimage"},"image":{"@id":"https:\/\/barrsell.com\/urun\/tulikivi-routa-st-isitici\/#primaryimage"},"thumbnailUrl":"https:\/\/barrsell.com\/wp-content\/uploads\/2024\/08\/Tulikivi-Halla-ST-45-Isitici.png","datePublished":"2024-08-23T10:10:56+00:00","dateModified":"2025-01-02T10:55:48+00:00","description":"Tulikivi Routa ST Is\u0131t\u0131c\u0131 kompakt tasar\u0131m\u0131 ve y\u00fcksek performans\u0131 ile \u00f6ne \u00e7\u0131kan bir modeldir. K\u00fc\u00e7\u00fck ve orta b\u00fcy\u00fckl\u00fckteki saunalar i\u00e7in ideal olan","breadcrumb":{"@id":"https:\/\/barrsell.com\/urun\/tulikivi-routa-st-isitici\/#breadcrumb"},"inLanguage":"en-US","potentialAction":[{"@type":"ReadAction","target":["https:\/\/barrsell.com\/urun\/tulikivi-routa-st-isitici\/"]}]},{"@type":"ImageObject","inLanguage":"en-US","@id":"https:\/\/barrsell.com\/urun\/tulikivi-routa-st-isitici\/#primaryimage","url":"https:\/\/barrsell.com\/wp-content\/uploads\/2024\/08\/Tulikivi-Halla-ST-45-Isitici.png","contentUrl":"https:\/\/barrsell.com\/wp-content\/uploads\/2024\/08\/Tulikivi-Halla-ST-45-Isitici.png","width":1200,"height":1200,"caption":"Tulikivi Halla ST 45 Is\u0131t\u0131c\u0131"},{"@type":"BreadcrumbList","@id":"https:\/\/barrsell.com\/urun\/tulikivi-routa-st-isitici\/#breadcrumb","itemListElement":[{"@type":"ListItem","position":1,"name":"Home","item":"https:\/\/barrsell.com\/"},{"@type":"ListItem","position":2,"name":"\u00dcr\u00fcnler","item":"https:\/\/barrsell.com\/en\/products\/"},{"@type":"ListItem","position":3,"name":"Tulikivi Routa ST Is\u0131t\u0131c\u0131"}]},{"@type":"WebSite","@id":"https:\/\/barrsell.com\/#website","url":"https:\/\/barrsell.com\/","name":"Barrsell End\u00fcstri Makine","description":"Teknolojiyle G\u00fc\u00e7lenen End\u00fcstriyel \u00c7\u00f6z\u00fcmler!","potentialAction":[{"@type":"SearchAction","target":{"@type":"EntryPoint","urlTemplate":"https:\/\/barrsell.com\/?s={search_term_string}"},"query-input":"required name=search_term_string"}],"inLanguage":"en-US"}]}},"_links":{"self":[{"href":"https:\/\/barrsell.com\/en\/wp-json\/wp\/v2\/product\/12865","targetHints":{"allow":["GET"]}}],"collection":[{"href":"https:\/\/barrsell.com\/en\/wp-json\/wp\/v2\/product"}],"about":[{"href":"https:\/\/barrsell.com\/en\/wp-json\/wp\/v2\/types\/product"}],"version-history":[{"count":9,"href":"https:\/\/barrsell.com\/en\/wp-json\/wp\/v2\/product\/12865\/revisions"}],"predecessor-version":[{"id":19736,"href":"https:\/\/barrsell.com\/en\/wp-json\/wp\/v2\/product\/12865\/revisions\/19736"}],"wp:featuredmedia":[{"embeddable":true,"href":"https:\/\/barrsell.com\/en\/wp-json\/wp\/v2\/media\/12894"}],"wp:attachment":[{"href":"https:\/\/barrsell.com\/en\/wp-json\/wp\/v2\/media?parent=12865"}],"wp:term":[{"taxonomy":"product_cat","embeddable":true,"href":"https:\/\/barrsell.com\/en\/wp-json\/wp\/v2\/product_cat?post=12865"},{"taxonomy":"product_tag","embeddable":true,"href":"https:\/\/barrsell.com\/en\/wp-json\/wp\/v2\/product_tag?post=12865"}],"curies":[{"name":"wp","href":"https:\/\/api.w.org\/{rel}","templated":true}]}}