{"id":12818,"date":"2024-08-22T13:03:37","date_gmt":"2024-08-22T13:03:37","guid":{"rendered":"https:\/\/barrsell.com\/?post_type=product&#038;p=12818"},"modified":"2025-01-03T09:53:58","modified_gmt":"2025-01-03T09:53:58","slug":"eos-econ-h1-kontrol","status":"publish","type":"product","link":"https:\/\/barrsell.com\/en\/product\/eos-econ-h1-control\/","title":{"rendered":"Eos Econ H1 Control"},"content":{"rendered":"<p><span style=\"color: #1b1919; font-size: 24px;\">Eos Econ H1 Control<\/span><\/p>\n<p>The EOS Econ H1 is an easy-to-use electronic control unit designed for both dry and humid sauna applications. This unit is particularly ideal for use in domestic saunas. With its compact design and reliable performance, the EOS Econ H1 is the perfect solution for home saunas. It adapts to different sauna needs thanks to its advanced temperature and humidity control, safety measures and user-friendly interface.<\/p>\n<div id=\"attachment_19788\" style=\"width: 460px\" class=\"wp-caption alignright\"><a href=\"https:\/\/barrsell.com\/wp-content\/uploads\/2024\/08\/Eos-Econ-H1-Kontrol-2.jpg\"><img fetchpriority=\"high\" decoding=\"async\" aria-describedby=\"caption-attachment-19788\" class=\"wp-image-19788 size-full\" src=\"https:\/\/barrsell.com\/wp-content\/uploads\/2024\/08\/Eos-Econ-H1-Kontrol-2.jpg\" alt=\"\" width=\"450\" height=\"273\" srcset=\"https:\/\/barrsell.com\/wp-content\/uploads\/2024\/08\/Eos-Econ-H1-Kontrol-2.jpg 450w, https:\/\/barrsell.com\/wp-content\/uploads\/2024\/08\/Eos-Econ-H1-Kontrol-2-300x182.jpg 300w, https:\/\/barrsell.com\/wp-content\/uploads\/2024\/08\/Eos-Econ-H1-Kontrol-2-18x12.jpg 18w, https:\/\/barrsell.com\/wp-content\/uploads\/2024\/08\/Eos-Econ-H1-Kontrol-2-150x91.jpg 150w\" sizes=\"(max-width: 450px) 100vw, 450px\" \/><\/a><p id=\"caption-attachment-19788\" class=\"wp-caption-text\">Eos Econ H1 Control-2<\/p><\/div>\n<h4>Key Features:<\/h4>\n<ul>\n<li><strong>Temperature Control:<\/strong> 30\u00b0C ile 115\u00b0C<\/li>\n<li><strong>Humidity Control:<\/strong> With the 10-step time-proportional humidity control you can make precise adjustments.<\/li>\n<li><strong>Heating Time:<\/strong> Provides a maximum heating time of 6 hours.<\/li>\n<li><strong>Safety Features:<\/strong> Increases safety with features such as safety temperature limitation at 142\u00b0C and child lock (key lock).<\/li>\n<li><strong>User Friendly Interface:<\/strong> It offers easy operation with its backlit LCD display and 12 language options.<\/li>\n<\/ul>\n<h4>Technical Specifications:<\/h4>\n<ul>\n<li><strong>Electrical Connection:<\/strong> 400 V 3N AC 50 Hz.<\/li>\n<li><strong>Switching Capacity:<\/strong> Maximum resistive load of 9 kW; higher capacities can be supported with additional equipment.<\/li>\n<li><strong>Cabin Lighting and Fan Outlets:<\/strong> It has a maximum capacity of 100 W.<\/li>\n<li><strong>Dimensions:<\/strong> 22 cm x 25 cm x 6 cm.<\/li>\n<li><strong>Weight:<\/strong> Lightweight and compact design allows easy installation.<\/li>\n<\/ul>","protected":false},"excerpt":{"rendered":"<p><b>Temperature control range:\u00a0<\/b><\/p>\n<ul>\n<li>30 - 115 \u00b0C Finnish<\/li>\n<li>30 &#8211; 70 \u00b0C Bi-O<\/li>\n<\/ul>","protected":false},"featured_media":12819,"template":"","meta":[],"product_cat":[234,158],"product_tag":[],"class_list":{"0":"post-12818","1":"product","2":"type-product","3":"status-publish","4":"has-post-thumbnail","6":"product_cat-sauna-kontrol-uniteleri","7":"product_cat-eos-kontrol-uniteleri","9":"first","10":"instock","11":"shipping-taxable","12":"product-type-simple"},"yoast_head":"<!-- This site is optimized with the Yoast SEO Premium plugin v23.2 (Yoast SEO v23.2) - https:\/\/yoast.com\/wordpress\/plugins\/seo\/ -->\n<title>Eos Econ H1 Kontrol | Barrsell End\u00fcstri<\/title>\n<meta name=\"description\" content=\"EOS Econ H1 Kontrol, modern sauna kabinleri i\u00e7in tasarlanm\u0131\u015f, y\u00fcksek hassasiyet ve g\u00fcvenilirlik sunan bir kontrol \u00fcnitesidir.\" \/>\n<meta name=\"robots\" content=\"index, follow, max-snippet:-1, max-image-preview:large, max-video-preview:-1\" \/>\n<link rel=\"canonical\" href=\"https:\/\/barrsell.com\/en\/product\/eos-econ-h1-control\/\" \/>\n<meta property=\"og:locale\" content=\"en_US\" \/>\n<meta property=\"og:type\" content=\"article\" \/>\n<meta property=\"og:title\" content=\"Eos Econ H1 Kontrol\" \/>\n<meta property=\"og:description\" content=\"EOS Econ H1 Kontrol, modern sauna kabinleri i\u00e7in tasarlanm\u0131\u015f, y\u00fcksek hassasiyet ve g\u00fcvenilirlik sunan bir kontrol \u00fcnitesidir.\" \/>\n<meta property=\"og:url\" content=\"https:\/\/barrsell.com\/en\/product\/eos-econ-h1-control\/\" \/>\n<meta property=\"og:site_name\" content=\"Barrsell\" \/>\n<meta property=\"article:modified_time\" content=\"2025-01-03T09:53:58+00:00\" \/>\n<meta property=\"og:image\" content=\"https:\/\/barrsell.com\/wp-content\/uploads\/2024\/08\/Eos-Econ-H1-Kontrol.png\" \/>\n\t<meta property=\"og:image:width\" content=\"1200\" \/>\n\t<meta property=\"og:image:height\" content=\"1200\" \/>\n\t<meta property=\"og:image:type\" content=\"image\/png\" \/>\n<meta name=\"twitter:card\" content=\"summary_large_image\" \/>\n<meta name=\"twitter:label1\" content=\"Est. reading time\" \/>\n\t<meta name=\"twitter:data1\" content=\"2 minutes\" \/>\n<script type=\"application\/ld+json\" class=\"yoast-schema-graph\">{\"@context\":\"https:\/\/schema.org\",\"@graph\":[{\"@type\":\"WebPage\",\"@id\":\"https:\/\/barrsell.com\/urun\/eos-econ-h1-kontrol\/\",\"url\":\"https:\/\/barrsell.com\/urun\/eos-econ-h1-kontrol\/\",\"name\":\"Eos Econ H1 Kontrol | Barrsell End\u00fcstri\",\"isPartOf\":{\"@id\":\"https:\/\/barrsell.com\/#website\"},\"primaryImageOfPage\":{\"@id\":\"https:\/\/barrsell.com\/urun\/eos-econ-h1-kontrol\/#primaryimage\"},\"image\":{\"@id\":\"https:\/\/barrsell.com\/urun\/eos-econ-h1-kontrol\/#primaryimage\"},\"thumbnailUrl\":\"https:\/\/barrsell.com\/wp-content\/uploads\/2024\/08\/Eos-Econ-H1-Kontrol.png\",\"datePublished\":\"2024-08-22T13:03:37+00:00\",\"dateModified\":\"2025-01-03T09:53:58+00:00\",\"description\":\"EOS Econ H1 Kontrol, modern sauna kabinleri i\u00e7in tasarlanm\u0131\u015f, y\u00fcksek hassasiyet ve g\u00fcvenilirlik sunan bir kontrol \u00fcnitesidir.\",\"breadcrumb\":{\"@id\":\"https:\/\/barrsell.com\/urun\/eos-econ-h1-kontrol\/#breadcrumb\"},\"inLanguage\":\"en-US\",\"potentialAction\":[{\"@type\":\"ReadAction\",\"target\":[\"https:\/\/barrsell.com\/urun\/eos-econ-h1-kontrol\/\"]}]},{\"@type\":\"ImageObject\",\"inLanguage\":\"en-US\",\"@id\":\"https:\/\/barrsell.com\/urun\/eos-econ-h1-kontrol\/#primaryimage\",\"url\":\"https:\/\/barrsell.com\/wp-content\/uploads\/2024\/08\/Eos-Econ-H1-Kontrol.png\",\"contentUrl\":\"https:\/\/barrsell.com\/wp-content\/uploads\/2024\/08\/Eos-Econ-H1-Kontrol.png\",\"width\":1200,\"height\":1200,\"caption\":\"Eos-Econ-H1-Kontrol\"},{\"@type\":\"BreadcrumbList\",\"@id\":\"https:\/\/barrsell.com\/urun\/eos-econ-h1-kontrol\/#breadcrumb\",\"itemListElement\":[{\"@type\":\"ListItem\",\"position\":1,\"name\":\"Home\",\"item\":\"https:\/\/barrsell.com\/\"},{\"@type\":\"ListItem\",\"position\":2,\"name\":\"\u00dcr\u00fcnler\",\"item\":\"https:\/\/barrsell.com\/en\/products\/\"},{\"@type\":\"ListItem\",\"position\":3,\"name\":\"Eos Econ H1 Kontrol\"}]},{\"@type\":\"WebSite\",\"@id\":\"https:\/\/barrsell.com\/#website\",\"url\":\"https:\/\/barrsell.com\/\",\"name\":\"Barrsell End\u00fcstri Makine\",\"description\":\"Teknolojiyle G\u00fc\u00e7lenen End\u00fcstriyel \u00c7\u00f6z\u00fcmler!\",\"potentialAction\":[{\"@type\":\"SearchAction\",\"target\":{\"@type\":\"EntryPoint\",\"urlTemplate\":\"https:\/\/barrsell.com\/?s={search_term_string}\"},\"query-input\":\"required name=search_term_string\"}],\"inLanguage\":\"en-US\"}]}<\/script>\n<!-- \/ Yoast SEO Premium plugin. -->","yoast_head_json":{"title":"Eos Econ H1 Kontrol | Barrsell End\u00fcstri","description":"EOS Econ H1 Kontrol, modern sauna kabinleri i\u00e7in tasarlanm\u0131\u015f, y\u00fcksek hassasiyet ve g\u00fcvenilirlik sunan bir kontrol \u00fcnitesidir.","robots":{"index":"index","follow":"follow","max-snippet":"max-snippet:-1","max-image-preview":"max-image-preview:large","max-video-preview":"max-video-preview:-1"},"canonical":"https:\/\/barrsell.com\/en\/product\/eos-econ-h1-control\/","og_locale":"en_US","og_type":"article","og_title":"Eos Econ H1 Kontrol","og_description":"EOS Econ H1 Kontrol, modern sauna kabinleri i\u00e7in tasarlanm\u0131\u015f, y\u00fcksek hassasiyet ve g\u00fcvenilirlik sunan bir kontrol \u00fcnitesidir.","og_url":"https:\/\/barrsell.com\/en\/product\/eos-econ-h1-control\/","og_site_name":"Barrsell","article_modified_time":"2025-01-03T09:53:58+00:00","og_image":[{"width":1200,"height":1200,"url":"https:\/\/barrsell.com\/wp-content\/uploads\/2024\/08\/Eos-Econ-H1-Kontrol.png","type":"image\/png"}],"twitter_card":"summary_large_image","twitter_misc":{"Est. reading time":"2 minutes"},"schema":{"@context":"https:\/\/schema.org","@graph":[{"@type":"WebPage","@id":"https:\/\/barrsell.com\/urun\/eos-econ-h1-kontrol\/","url":"https:\/\/barrsell.com\/urun\/eos-econ-h1-kontrol\/","name":"Eos Econ H1 Kontrol | Barrsell End\u00fcstri","isPartOf":{"@id":"https:\/\/barrsell.com\/#website"},"primaryImageOfPage":{"@id":"https:\/\/barrsell.com\/urun\/eos-econ-h1-kontrol\/#primaryimage"},"image":{"@id":"https:\/\/barrsell.com\/urun\/eos-econ-h1-kontrol\/#primaryimage"},"thumbnailUrl":"https:\/\/barrsell.com\/wp-content\/uploads\/2024\/08\/Eos-Econ-H1-Kontrol.png","datePublished":"2024-08-22T13:03:37+00:00","dateModified":"2025-01-03T09:53:58+00:00","description":"EOS Econ H1 Kontrol, modern sauna kabinleri i\u00e7in tasarlanm\u0131\u015f, y\u00fcksek hassasiyet ve g\u00fcvenilirlik sunan bir kontrol \u00fcnitesidir.","breadcrumb":{"@id":"https:\/\/barrsell.com\/urun\/eos-econ-h1-kontrol\/#breadcrumb"},"inLanguage":"en-US","potentialAction":[{"@type":"ReadAction","target":["https:\/\/barrsell.com\/urun\/eos-econ-h1-kontrol\/"]}]},{"@type":"ImageObject","inLanguage":"en-US","@id":"https:\/\/barrsell.com\/urun\/eos-econ-h1-kontrol\/#primaryimage","url":"https:\/\/barrsell.com\/wp-content\/uploads\/2024\/08\/Eos-Econ-H1-Kontrol.png","contentUrl":"https:\/\/barrsell.com\/wp-content\/uploads\/2024\/08\/Eos-Econ-H1-Kontrol.png","width":1200,"height":1200,"caption":"Eos-Econ-H1-Kontrol"},{"@type":"BreadcrumbList","@id":"https:\/\/barrsell.com\/urun\/eos-econ-h1-kontrol\/#breadcrumb","itemListElement":[{"@type":"ListItem","position":1,"name":"Home","item":"https:\/\/barrsell.com\/"},{"@type":"ListItem","position":2,"name":"\u00dcr\u00fcnler","item":"https:\/\/barrsell.com\/en\/products\/"},{"@type":"ListItem","position":3,"name":"Eos Econ H1 Kontrol"}]},{"@type":"WebSite","@id":"https:\/\/barrsell.com\/#website","url":"https:\/\/barrsell.com\/","name":"Barrsell End\u00fcstri Makine","description":"Teknolojiyle G\u00fc\u00e7lenen End\u00fcstriyel \u00c7\u00f6z\u00fcmler!","potentialAction":[{"@type":"SearchAction","target":{"@type":"EntryPoint","urlTemplate":"https:\/\/barrsell.com\/?s={search_term_string}"},"query-input":"required name=search_term_string"}],"inLanguage":"en-US"}]}},"_links":{"self":[{"href":"https:\/\/barrsell.com\/en\/wp-json\/wp\/v2\/product\/12818","targetHints":{"allow":["GET"]}}],"collection":[{"href":"https:\/\/barrsell.com\/en\/wp-json\/wp\/v2\/product"}],"about":[{"href":"https:\/\/barrsell.com\/en\/wp-json\/wp\/v2\/types\/product"}],"version-history":[{"count":6,"href":"https:\/\/barrsell.com\/en\/wp-json\/wp\/v2\/product\/12818\/revisions"}],"predecessor-version":[{"id":19792,"href":"https:\/\/barrsell.com\/en\/wp-json\/wp\/v2\/product\/12818\/revisions\/19792"}],"wp:featuredmedia":[{"embeddable":true,"href":"https:\/\/barrsell.com\/en\/wp-json\/wp\/v2\/media\/12819"}],"wp:attachment":[{"href":"https:\/\/barrsell.com\/en\/wp-json\/wp\/v2\/media?parent=12818"}],"wp:term":[{"taxonomy":"product_cat","embeddable":true,"href":"https:\/\/barrsell.com\/en\/wp-json\/wp\/v2\/product_cat?post=12818"},{"taxonomy":"product_tag","embeddable":true,"href":"https:\/\/barrsell.com\/en\/wp-json\/wp\/v2\/product_tag?post=12818"}],"curies":[{"name":"wp","href":"https:\/\/api.w.org\/{rel}","templated":true}]}}