{"id":12805,"date":"2024-08-22T12:47:37","date_gmt":"2024-08-22T12:47:37","guid":{"rendered":"https:\/\/barrsell.com\/?post_type=product&#038;p=12805"},"modified":"2025-01-03T10:28:20","modified_gmt":"2025-01-03T10:28:20","slug":"eos-econ-d2-kontrol","status":"publish","type":"product","link":"https:\/\/barrsell.com\/en\/product\/eos-econ-d2-control\/","title":{"rendered":"Eos Econ D2 Control"},"content":{"rendered":"<div class=\"flex max-w-full flex-col flex-grow\">\n<div class=\"min-h-[20px] text-message flex w-full flex-col items-end gap-2 break-words [.text-message+&amp;]:mt-5 overflow-x-auto whitespace-pre-wrap\" dir=\"auto\" data-message-author-role=\"assistant\" data-message-id=\"40c4dd20-a953-419b-a37a-b1dc978bd9bc\">\n<div class=\"flex w-full flex-col gap-1 empty:hidden first:pt-[3px]\">\n<div class=\"markdown prose w-full break-words dark:prose-invert light\">\n<h2><strong>EOS Econ D2: Advanced Sauna Control Unit<\/strong><\/h2>\n<p>The EOS Econ D2 is an electronic control unit specially designed for dry (Finnish) saunas. Ideal for home sauna cabins, this device stands out with its user-friendly features. Its modern design and advanced features make it the perfect choice for home saunas. Its compact structure and high performance make your sauna experience more comfortable.<\/p>\n<h4><strong>Key Features:<\/strong><\/h4>\n<ul>\n<li><strong>Temperature Control:<\/strong> 30\u00b0C ile 115\u00b0C<\/li>\n<li><strong>Heating Time Settings:<\/strong> You can choose 6-hour or 12-hour heating times.<\/li>\n<li><strong>Timer<\/strong> 24-hour real-time presetting.<\/li>\n<li><strong>Safety Features:<\/strong> Automatic shut-off at 142\u00b0C increases safety.<\/li>\n<li><strong>User Friendly Interface:<\/strong> The large illuminated LCD display and multilingual menu navigation ensure easy operation.<\/li>\n<\/ul>\n<h4><strong>Technical Specifications:<\/strong><\/h4>\n<ul>\n<li><strong>Electrical Connection:<\/strong> 400 V 3N ~ 50 Hz.<\/li>\n<li><strong>Switching Capacity:<\/strong> 9 kW; higher capacities are possible with additional power switching equipment.<\/li>\n<li><strong>Cabin Lighting Outlet:<\/strong> Maximum 100 W.<\/li>\n<li><strong>Dimensions:<\/strong> 22 cm x 25 cm x 6,7 cm.<\/li>\n<li><strong>Weight:<\/strong> 1 kg.<\/li>\n<\/ul>\n<\/div>\n<\/div>\n<\/div>\n<\/div>","protected":false},"excerpt":{"rendered":"<p><strong>Control range:<\/strong> 30 \u00b0C ile 115 \u00b0C<\/p>","protected":false},"featured_media":12806,"template":"","meta":[],"product_cat":[234,158],"product_tag":[],"class_list":{"0":"post-12805","1":"product","2":"type-product","3":"status-publish","4":"has-post-thumbnail","6":"product_cat-sauna-kontrol-uniteleri","7":"product_cat-eos-kontrol-uniteleri","9":"first","10":"instock","11":"shipping-taxable","12":"purchasable","13":"product-type-simple"},"yoast_head":"<!-- This site is optimized with the Yoast SEO Premium plugin v23.2 (Yoast SEO v23.2) - https:\/\/yoast.com\/wordpress\/plugins\/seo\/ -->\n<title>Eos Econ D2 Kontrol | Barrsell End\u00fcstri<\/title>\n<meta name=\"description\" content=\"EOS Econ D2, modern sauna sistemlerinde \u00fcst\u00fcn performans ve esneklik sunan geli\u015fmi\u015f bir kontrol \u00fcnitesidir. Hem \u00f6zel hem de ticari kullan\u0131m\" \/>\n<meta name=\"robots\" content=\"index, follow, max-snippet:-1, max-image-preview:large, max-video-preview:-1\" \/>\n<link rel=\"canonical\" href=\"https:\/\/barrsell.com\/en\/product\/eos-econ-d2-control\/\" \/>\n<meta property=\"og:locale\" content=\"en_US\" \/>\n<meta property=\"og:type\" content=\"article\" \/>\n<meta property=\"og:title\" content=\"Eos Econ D2 Kontrol\" \/>\n<meta property=\"og:description\" content=\"EOS Econ D2, modern sauna sistemlerinde \u00fcst\u00fcn performans ve esneklik sunan geli\u015fmi\u015f bir kontrol \u00fcnitesidir. Hem \u00f6zel hem de ticari kullan\u0131m\" \/>\n<meta property=\"og:url\" content=\"https:\/\/barrsell.com\/en\/product\/eos-econ-d2-control\/\" \/>\n<meta property=\"og:site_name\" content=\"Barrsell\" \/>\n<meta property=\"article:modified_time\" content=\"2025-01-03T10:28:20+00:00\" \/>\n<meta property=\"og:image\" content=\"https:\/\/barrsell.com\/wp-content\/uploads\/2024\/08\/Eos-Econ-D2-Kontrol.png\" \/>\n\t<meta property=\"og:image:width\" content=\"1200\" \/>\n\t<meta property=\"og:image:height\" content=\"1200\" \/>\n\t<meta property=\"og:image:type\" content=\"image\/png\" \/>\n<meta name=\"twitter:card\" content=\"summary_large_image\" \/>\n<meta name=\"twitter:label1\" content=\"Est. reading time\" \/>\n\t<meta name=\"twitter:data1\" content=\"2 minutes\" \/>\n<script type=\"application\/ld+json\" class=\"yoast-schema-graph\">{\"@context\":\"https:\/\/schema.org\",\"@graph\":[{\"@type\":\"WebPage\",\"@id\":\"https:\/\/barrsell.com\/urun\/eos-econ-d2-kontrol\/\",\"url\":\"https:\/\/barrsell.com\/urun\/eos-econ-d2-kontrol\/\",\"name\":\"Eos Econ D2 Kontrol | Barrsell End\u00fcstri\",\"isPartOf\":{\"@id\":\"https:\/\/barrsell.com\/#website\"},\"primaryImageOfPage\":{\"@id\":\"https:\/\/barrsell.com\/urun\/eos-econ-d2-kontrol\/#primaryimage\"},\"image\":{\"@id\":\"https:\/\/barrsell.com\/urun\/eos-econ-d2-kontrol\/#primaryimage\"},\"thumbnailUrl\":\"https:\/\/barrsell.com\/wp-content\/uploads\/2024\/08\/Eos-Econ-D2-Kontrol.png\",\"datePublished\":\"2024-08-22T12:47:37+00:00\",\"dateModified\":\"2025-01-03T10:28:20+00:00\",\"description\":\"EOS Econ D2, modern sauna sistemlerinde \u00fcst\u00fcn performans ve esneklik sunan geli\u015fmi\u015f bir kontrol \u00fcnitesidir. Hem \u00f6zel hem de ticari kullan\u0131m\",\"breadcrumb\":{\"@id\":\"https:\/\/barrsell.com\/urun\/eos-econ-d2-kontrol\/#breadcrumb\"},\"inLanguage\":\"en-US\",\"potentialAction\":[{\"@type\":\"ReadAction\",\"target\":[\"https:\/\/barrsell.com\/urun\/eos-econ-d2-kontrol\/\"]}]},{\"@type\":\"ImageObject\",\"inLanguage\":\"en-US\",\"@id\":\"https:\/\/barrsell.com\/urun\/eos-econ-d2-kontrol\/#primaryimage\",\"url\":\"https:\/\/barrsell.com\/wp-content\/uploads\/2024\/08\/Eos-Econ-D2-Kontrol.png\",\"contentUrl\":\"https:\/\/barrsell.com\/wp-content\/uploads\/2024\/08\/Eos-Econ-D2-Kontrol.png\",\"width\":1200,\"height\":1200,\"caption\":\"Eos-Econ-D2-Kontrol\"},{\"@type\":\"BreadcrumbList\",\"@id\":\"https:\/\/barrsell.com\/urun\/eos-econ-d2-kontrol\/#breadcrumb\",\"itemListElement\":[{\"@type\":\"ListItem\",\"position\":1,\"name\":\"Home\",\"item\":\"https:\/\/barrsell.com\/\"},{\"@type\":\"ListItem\",\"position\":2,\"name\":\"\u00dcr\u00fcnler\",\"item\":\"https:\/\/barrsell.com\/en\/products\/\"},{\"@type\":\"ListItem\",\"position\":3,\"name\":\"Eos Econ D2 Kontrol\"}]},{\"@type\":\"WebSite\",\"@id\":\"https:\/\/barrsell.com\/#website\",\"url\":\"https:\/\/barrsell.com\/\",\"name\":\"Barrsell End\u00fcstri Makine\",\"description\":\"Teknolojiyle G\u00fc\u00e7lenen End\u00fcstriyel \u00c7\u00f6z\u00fcmler!\",\"potentialAction\":[{\"@type\":\"SearchAction\",\"target\":{\"@type\":\"EntryPoint\",\"urlTemplate\":\"https:\/\/barrsell.com\/?s={search_term_string}\"},\"query-input\":\"required name=search_term_string\"}],\"inLanguage\":\"en-US\"}]}<\/script>\n<!-- \/ Yoast SEO Premium plugin. -->","yoast_head_json":{"title":"Eos Econ D2 Kontrol | Barrsell End\u00fcstri","description":"EOS Econ D2, modern sauna sistemlerinde \u00fcst\u00fcn performans ve esneklik sunan geli\u015fmi\u015f bir kontrol \u00fcnitesidir. Hem \u00f6zel hem de ticari kullan\u0131m","robots":{"index":"index","follow":"follow","max-snippet":"max-snippet:-1","max-image-preview":"max-image-preview:large","max-video-preview":"max-video-preview:-1"},"canonical":"https:\/\/barrsell.com\/en\/product\/eos-econ-d2-control\/","og_locale":"en_US","og_type":"article","og_title":"Eos Econ D2 Kontrol","og_description":"EOS Econ D2, modern sauna sistemlerinde \u00fcst\u00fcn performans ve esneklik sunan geli\u015fmi\u015f bir kontrol \u00fcnitesidir. Hem \u00f6zel hem de ticari kullan\u0131m","og_url":"https:\/\/barrsell.com\/en\/product\/eos-econ-d2-control\/","og_site_name":"Barrsell","article_modified_time":"2025-01-03T10:28:20+00:00","og_image":[{"width":1200,"height":1200,"url":"https:\/\/barrsell.com\/wp-content\/uploads\/2024\/08\/Eos-Econ-D2-Kontrol.png","type":"image\/png"}],"twitter_card":"summary_large_image","twitter_misc":{"Est. reading time":"2 minutes"},"schema":{"@context":"https:\/\/schema.org","@graph":[{"@type":"WebPage","@id":"https:\/\/barrsell.com\/urun\/eos-econ-d2-kontrol\/","url":"https:\/\/barrsell.com\/urun\/eos-econ-d2-kontrol\/","name":"Eos Econ D2 Kontrol | Barrsell End\u00fcstri","isPartOf":{"@id":"https:\/\/barrsell.com\/#website"},"primaryImageOfPage":{"@id":"https:\/\/barrsell.com\/urun\/eos-econ-d2-kontrol\/#primaryimage"},"image":{"@id":"https:\/\/barrsell.com\/urun\/eos-econ-d2-kontrol\/#primaryimage"},"thumbnailUrl":"https:\/\/barrsell.com\/wp-content\/uploads\/2024\/08\/Eos-Econ-D2-Kontrol.png","datePublished":"2024-08-22T12:47:37+00:00","dateModified":"2025-01-03T10:28:20+00:00","description":"EOS Econ D2, modern sauna sistemlerinde \u00fcst\u00fcn performans ve esneklik sunan geli\u015fmi\u015f bir kontrol \u00fcnitesidir. Hem \u00f6zel hem de ticari kullan\u0131m","breadcrumb":{"@id":"https:\/\/barrsell.com\/urun\/eos-econ-d2-kontrol\/#breadcrumb"},"inLanguage":"en-US","potentialAction":[{"@type":"ReadAction","target":["https:\/\/barrsell.com\/urun\/eos-econ-d2-kontrol\/"]}]},{"@type":"ImageObject","inLanguage":"en-US","@id":"https:\/\/barrsell.com\/urun\/eos-econ-d2-kontrol\/#primaryimage","url":"https:\/\/barrsell.com\/wp-content\/uploads\/2024\/08\/Eos-Econ-D2-Kontrol.png","contentUrl":"https:\/\/barrsell.com\/wp-content\/uploads\/2024\/08\/Eos-Econ-D2-Kontrol.png","width":1200,"height":1200,"caption":"Eos-Econ-D2-Kontrol"},{"@type":"BreadcrumbList","@id":"https:\/\/barrsell.com\/urun\/eos-econ-d2-kontrol\/#breadcrumb","itemListElement":[{"@type":"ListItem","position":1,"name":"Home","item":"https:\/\/barrsell.com\/"},{"@type":"ListItem","position":2,"name":"\u00dcr\u00fcnler","item":"https:\/\/barrsell.com\/en\/products\/"},{"@type":"ListItem","position":3,"name":"Eos Econ D2 Kontrol"}]},{"@type":"WebSite","@id":"https:\/\/barrsell.com\/#website","url":"https:\/\/barrsell.com\/","name":"Barrsell End\u00fcstri Makine","description":"Teknolojiyle G\u00fc\u00e7lenen End\u00fcstriyel \u00c7\u00f6z\u00fcmler!","potentialAction":[{"@type":"SearchAction","target":{"@type":"EntryPoint","urlTemplate":"https:\/\/barrsell.com\/?s={search_term_string}"},"query-input":"required name=search_term_string"}],"inLanguage":"en-US"}]}},"_links":{"self":[{"href":"https:\/\/barrsell.com\/en\/wp-json\/wp\/v2\/product\/12805","targetHints":{"allow":["GET"]}}],"collection":[{"href":"https:\/\/barrsell.com\/en\/wp-json\/wp\/v2\/product"}],"about":[{"href":"https:\/\/barrsell.com\/en\/wp-json\/wp\/v2\/types\/product"}],"version-history":[{"count":5,"href":"https:\/\/barrsell.com\/en\/wp-json\/wp\/v2\/product\/12805\/revisions"}],"predecessor-version":[{"id":19797,"href":"https:\/\/barrsell.com\/en\/wp-json\/wp\/v2\/product\/12805\/revisions\/19797"}],"wp:featuredmedia":[{"embeddable":true,"href":"https:\/\/barrsell.com\/en\/wp-json\/wp\/v2\/media\/12806"}],"wp:attachment":[{"href":"https:\/\/barrsell.com\/en\/wp-json\/wp\/v2\/media?parent=12805"}],"wp:term":[{"taxonomy":"product_cat","embeddable":true,"href":"https:\/\/barrsell.com\/en\/wp-json\/wp\/v2\/product_cat?post=12805"},{"taxonomy":"product_tag","embeddable":true,"href":"https:\/\/barrsell.com\/en\/wp-json\/wp\/v2\/product_tag?post=12805"}],"curies":[{"name":"wp","href":"https:\/\/api.w.org\/{rel}","templated":true}]}}