{"id":12798,"date":"2024-08-22T12:34:07","date_gmt":"2024-08-22T12:34:07","guid":{"rendered":"https:\/\/barrsell.com\/?post_type=product&#038;p=12798"},"modified":"2025-01-04T10:49:32","modified_gmt":"2025-01-04T10:49:32","slug":"eos-econ-d1-kontrol","status":"publish","type":"product","link":"https:\/\/barrsell.com\/en\/product\/eos-econ-d1-control\/","title":{"rendered":"Eos Econ D1 Control"},"content":{"rendered":"<h2><strong>EOS Econ D1: Advanced Sauna Control Unit<\/strong><\/h2>\n<p>The EOS Econ D1 is a user-friendly and high-performance electronic control unit developed for modern sauna systems. Ideal for both private and commercial use, it offers flexible adjustment options and reliable performance.<\/p>\n<div id=\"attachment_19819\" style=\"width: 460px\" class=\"wp-caption alignright\"><a href=\"https:\/\/barrsell.com\/wp-content\/uploads\/2024\/08\/Eos-Econ-D1-Kontrol-2.jpg\"><img fetchpriority=\"high\" decoding=\"async\" aria-describedby=\"caption-attachment-19819\" class=\"wp-image-19819 size-full\" src=\"https:\/\/barrsell.com\/wp-content\/uploads\/2024\/08\/Eos-Econ-D1-Kontrol-2.jpg\" alt=\"\" width=\"450\" height=\"273\" srcset=\"https:\/\/barrsell.com\/wp-content\/uploads\/2024\/08\/Eos-Econ-D1-Kontrol-2.jpg 450w, https:\/\/barrsell.com\/wp-content\/uploads\/2024\/08\/Eos-Econ-D1-Kontrol-2-300x182.jpg 300w, https:\/\/barrsell.com\/wp-content\/uploads\/2024\/08\/Eos-Econ-D1-Kontrol-2-18x12.jpg 18w, https:\/\/barrsell.com\/wp-content\/uploads\/2024\/08\/Eos-Econ-D1-Kontrol-2-150x91.jpg 150w\" sizes=\"(max-width: 450px) 100vw, 450px\" \/><\/a><p id=\"caption-attachment-19819\" class=\"wp-caption-text\">Eos Econ D1 Control-2<\/p><\/div>\n<h4>Technical Specifications and Advantages:<\/h4>\n<ol>\n<li><strong>Comprehensive LCD Display:<\/strong> The EOS Econ D1 features an illuminated alphanumeric LCD display. The display clearly shows information such as time, temperature, functions and error messages. This allows users to easily manage their sauna.<\/li>\n<li><strong>Flexible Temperature Control:<\/strong> It offers a wide temperature control range from 30 \u00b0C to 115 \u00b0C. Users can customize their sauna experience according to their personal preferences. This makes the device suitable for different sauna types and user needs.<\/li>\n<li><strong>Heating Time:<\/strong> It has a heating time from 1 minute to 6 hours. It also allows users to plan their sauna sessions as they wish. This flexibility especially increases the energy efficiency of the device and ensures safe use.<\/li>\n<li><strong>Strong Switching Capacity:<\/strong> The EOS Econ D1 offers a switching capacity of up to 9 kW. This high capacity provides an ideal performance for large sauna cabins and more powerful heaters.<\/li>\n<li><strong>User Friendly Interface:<\/strong> The controller's simple and intuitive menu navigation allows users to easily set up and use the device. This feature is ideal for both experienced users and beginners.<\/li>\n<\/ol>","protected":false},"excerpt":{"rendered":"<p>Modern, slim body for surface or semi-recessed installation. Body depth of only 67 mm. Cable connections at the rear.<\/p>","protected":false},"featured_media":12799,"template":"","meta":[],"product_cat":[234,158],"product_tag":[],"class_list":{"0":"post-12798","1":"product","2":"type-product","3":"status-publish","4":"has-post-thumbnail","6":"product_cat-sauna-kontrol-uniteleri","7":"product_cat-eos-kontrol-uniteleri","9":"first","10":"instock","11":"shipping-taxable","12":"product-type-simple"},"yoast_head":"<!-- This site is optimized with the Yoast SEO Premium plugin v23.2 (Yoast SEO v23.2) - https:\/\/yoast.com\/wordpress\/plugins\/seo\/ -->\n<title>Eos Econ D1 Kontrol | Barrsell End\u00fcstri<\/title>\n<meta name=\"description\" content=\"EOS Econ D1, modern sauna sistemleri i\u00e7in geli\u015ftirilmi\u015f, kullan\u0131c\u0131 dostu ve y\u00fcksek performansl\u0131 bir elektronik kontrol \u00fcnitesidir. Hem \u00f6zel hem de ticari\" \/>\n<meta name=\"robots\" content=\"index, follow, max-snippet:-1, max-image-preview:large, max-video-preview:-1\" \/>\n<link rel=\"canonical\" href=\"https:\/\/barrsell.com\/en\/product\/eos-econ-d1-control\/\" \/>\n<meta property=\"og:locale\" content=\"en_US\" \/>\n<meta property=\"og:type\" content=\"article\" \/>\n<meta property=\"og:title\" content=\"Eos Econ D1 Kontrol\" \/>\n<meta property=\"og:description\" content=\"EOS Econ D1, modern sauna sistemleri i\u00e7in geli\u015ftirilmi\u015f, kullan\u0131c\u0131 dostu ve y\u00fcksek performansl\u0131 bir elektronik kontrol \u00fcnitesidir. Hem \u00f6zel hem de ticari\" \/>\n<meta property=\"og:url\" content=\"https:\/\/barrsell.com\/en\/product\/eos-econ-d1-control\/\" \/>\n<meta property=\"og:site_name\" content=\"Barrsell\" \/>\n<meta property=\"article:modified_time\" content=\"2025-01-04T10:49:32+00:00\" \/>\n<meta property=\"og:image\" content=\"https:\/\/barrsell.com\/wp-content\/uploads\/2024\/08\/Eos-Econ-D1-Kontrol.png\" \/>\n\t<meta property=\"og:image:width\" content=\"1200\" \/>\n\t<meta property=\"og:image:height\" content=\"1200\" \/>\n\t<meta property=\"og:image:type\" content=\"image\/png\" \/>\n<meta name=\"twitter:card\" content=\"summary_large_image\" \/>\n<meta name=\"twitter:label1\" content=\"Est. reading time\" \/>\n\t<meta name=\"twitter:data1\" content=\"2 minutes\" \/>\n<script type=\"application\/ld+json\" class=\"yoast-schema-graph\">{\"@context\":\"https:\/\/schema.org\",\"@graph\":[{\"@type\":\"WebPage\",\"@id\":\"https:\/\/barrsell.com\/urun\/eos-econ-d1-kontrol\/\",\"url\":\"https:\/\/barrsell.com\/urun\/eos-econ-d1-kontrol\/\",\"name\":\"Eos Econ D1 Kontrol | Barrsell End\u00fcstri\",\"isPartOf\":{\"@id\":\"https:\/\/barrsell.com\/#website\"},\"primaryImageOfPage\":{\"@id\":\"https:\/\/barrsell.com\/urun\/eos-econ-d1-kontrol\/#primaryimage\"},\"image\":{\"@id\":\"https:\/\/barrsell.com\/urun\/eos-econ-d1-kontrol\/#primaryimage\"},\"thumbnailUrl\":\"https:\/\/barrsell.com\/wp-content\/uploads\/2024\/08\/Eos-Econ-D1-Kontrol.png\",\"datePublished\":\"2024-08-22T12:34:07+00:00\",\"dateModified\":\"2025-01-04T10:49:32+00:00\",\"description\":\"EOS Econ D1, modern sauna sistemleri i\u00e7in geli\u015ftirilmi\u015f, kullan\u0131c\u0131 dostu ve y\u00fcksek performansl\u0131 bir elektronik kontrol \u00fcnitesidir. Hem \u00f6zel hem de ticari\",\"breadcrumb\":{\"@id\":\"https:\/\/barrsell.com\/urun\/eos-econ-d1-kontrol\/#breadcrumb\"},\"inLanguage\":\"en-US\",\"potentialAction\":[{\"@type\":\"ReadAction\",\"target\":[\"https:\/\/barrsell.com\/urun\/eos-econ-d1-kontrol\/\"]}]},{\"@type\":\"ImageObject\",\"inLanguage\":\"en-US\",\"@id\":\"https:\/\/barrsell.com\/urun\/eos-econ-d1-kontrol\/#primaryimage\",\"url\":\"https:\/\/barrsell.com\/wp-content\/uploads\/2024\/08\/Eos-Econ-D1-Kontrol.png\",\"contentUrl\":\"https:\/\/barrsell.com\/wp-content\/uploads\/2024\/08\/Eos-Econ-D1-Kontrol.png\",\"width\":1200,\"height\":1200,\"caption\":\"Eos-Econ-D1-Kontrol\"},{\"@type\":\"BreadcrumbList\",\"@id\":\"https:\/\/barrsell.com\/urun\/eos-econ-d1-kontrol\/#breadcrumb\",\"itemListElement\":[{\"@type\":\"ListItem\",\"position\":1,\"name\":\"Home\",\"item\":\"https:\/\/barrsell.com\/\"},{\"@type\":\"ListItem\",\"position\":2,\"name\":\"\u00dcr\u00fcnler\",\"item\":\"https:\/\/barrsell.com\/en\/products\/\"},{\"@type\":\"ListItem\",\"position\":3,\"name\":\"Eos Econ D1 Kontrol\"}]},{\"@type\":\"WebSite\",\"@id\":\"https:\/\/barrsell.com\/#website\",\"url\":\"https:\/\/barrsell.com\/\",\"name\":\"Barrsell End\u00fcstri Makine\",\"description\":\"Teknolojiyle G\u00fc\u00e7lenen End\u00fcstriyel \u00c7\u00f6z\u00fcmler!\",\"potentialAction\":[{\"@type\":\"SearchAction\",\"target\":{\"@type\":\"EntryPoint\",\"urlTemplate\":\"https:\/\/barrsell.com\/?s={search_term_string}\"},\"query-input\":\"required name=search_term_string\"}],\"inLanguage\":\"en-US\"}]}<\/script>\n<!-- \/ Yoast SEO Premium plugin. -->","yoast_head_json":{"title":"Eos Econ D1 Kontrol | Barrsell End\u00fcstri","description":"EOS Econ D1, modern sauna sistemleri i\u00e7in geli\u015ftirilmi\u015f, kullan\u0131c\u0131 dostu ve y\u00fcksek performansl\u0131 bir elektronik kontrol \u00fcnitesidir. Hem \u00f6zel hem de ticari","robots":{"index":"index","follow":"follow","max-snippet":"max-snippet:-1","max-image-preview":"max-image-preview:large","max-video-preview":"max-video-preview:-1"},"canonical":"https:\/\/barrsell.com\/en\/product\/eos-econ-d1-control\/","og_locale":"en_US","og_type":"article","og_title":"Eos Econ D1 Kontrol","og_description":"EOS Econ D1, modern sauna sistemleri i\u00e7in geli\u015ftirilmi\u015f, kullan\u0131c\u0131 dostu ve y\u00fcksek performansl\u0131 bir elektronik kontrol \u00fcnitesidir. Hem \u00f6zel hem de ticari","og_url":"https:\/\/barrsell.com\/en\/product\/eos-econ-d1-control\/","og_site_name":"Barrsell","article_modified_time":"2025-01-04T10:49:32+00:00","og_image":[{"width":1200,"height":1200,"url":"https:\/\/barrsell.com\/wp-content\/uploads\/2024\/08\/Eos-Econ-D1-Kontrol.png","type":"image\/png"}],"twitter_card":"summary_large_image","twitter_misc":{"Est. reading time":"2 minutes"},"schema":{"@context":"https:\/\/schema.org","@graph":[{"@type":"WebPage","@id":"https:\/\/barrsell.com\/urun\/eos-econ-d1-kontrol\/","url":"https:\/\/barrsell.com\/urun\/eos-econ-d1-kontrol\/","name":"Eos Econ D1 Kontrol | Barrsell End\u00fcstri","isPartOf":{"@id":"https:\/\/barrsell.com\/#website"},"primaryImageOfPage":{"@id":"https:\/\/barrsell.com\/urun\/eos-econ-d1-kontrol\/#primaryimage"},"image":{"@id":"https:\/\/barrsell.com\/urun\/eos-econ-d1-kontrol\/#primaryimage"},"thumbnailUrl":"https:\/\/barrsell.com\/wp-content\/uploads\/2024\/08\/Eos-Econ-D1-Kontrol.png","datePublished":"2024-08-22T12:34:07+00:00","dateModified":"2025-01-04T10:49:32+00:00","description":"EOS Econ D1, modern sauna sistemleri i\u00e7in geli\u015ftirilmi\u015f, kullan\u0131c\u0131 dostu ve y\u00fcksek performansl\u0131 bir elektronik kontrol \u00fcnitesidir. Hem \u00f6zel hem de ticari","breadcrumb":{"@id":"https:\/\/barrsell.com\/urun\/eos-econ-d1-kontrol\/#breadcrumb"},"inLanguage":"en-US","potentialAction":[{"@type":"ReadAction","target":["https:\/\/barrsell.com\/urun\/eos-econ-d1-kontrol\/"]}]},{"@type":"ImageObject","inLanguage":"en-US","@id":"https:\/\/barrsell.com\/urun\/eos-econ-d1-kontrol\/#primaryimage","url":"https:\/\/barrsell.com\/wp-content\/uploads\/2024\/08\/Eos-Econ-D1-Kontrol.png","contentUrl":"https:\/\/barrsell.com\/wp-content\/uploads\/2024\/08\/Eos-Econ-D1-Kontrol.png","width":1200,"height":1200,"caption":"Eos-Econ-D1-Kontrol"},{"@type":"BreadcrumbList","@id":"https:\/\/barrsell.com\/urun\/eos-econ-d1-kontrol\/#breadcrumb","itemListElement":[{"@type":"ListItem","position":1,"name":"Home","item":"https:\/\/barrsell.com\/"},{"@type":"ListItem","position":2,"name":"\u00dcr\u00fcnler","item":"https:\/\/barrsell.com\/en\/products\/"},{"@type":"ListItem","position":3,"name":"Eos Econ D1 Kontrol"}]},{"@type":"WebSite","@id":"https:\/\/barrsell.com\/#website","url":"https:\/\/barrsell.com\/","name":"Barrsell End\u00fcstri Makine","description":"Teknolojiyle G\u00fc\u00e7lenen End\u00fcstriyel \u00c7\u00f6z\u00fcmler!","potentialAction":[{"@type":"SearchAction","target":{"@type":"EntryPoint","urlTemplate":"https:\/\/barrsell.com\/?s={search_term_string}"},"query-input":"required name=search_term_string"}],"inLanguage":"en-US"}]}},"_links":{"self":[{"href":"https:\/\/barrsell.com\/en\/wp-json\/wp\/v2\/product\/12798","targetHints":{"allow":["GET"]}}],"collection":[{"href":"https:\/\/barrsell.com\/en\/wp-json\/wp\/v2\/product"}],"about":[{"href":"https:\/\/barrsell.com\/en\/wp-json\/wp\/v2\/types\/product"}],"version-history":[{"count":7,"href":"https:\/\/barrsell.com\/en\/wp-json\/wp\/v2\/product\/12798\/revisions"}],"predecessor-version":[{"id":19821,"href":"https:\/\/barrsell.com\/en\/wp-json\/wp\/v2\/product\/12798\/revisions\/19821"}],"wp:featuredmedia":[{"embeddable":true,"href":"https:\/\/barrsell.com\/en\/wp-json\/wp\/v2\/media\/12799"}],"wp:attachment":[{"href":"https:\/\/barrsell.com\/en\/wp-json\/wp\/v2\/media?parent=12798"}],"wp:term":[{"taxonomy":"product_cat","embeddable":true,"href":"https:\/\/barrsell.com\/en\/wp-json\/wp\/v2\/product_cat?post=12798"},{"taxonomy":"product_tag","embeddable":true,"href":"https:\/\/barrsell.com\/en\/wp-json\/wp\/v2\/product_tag?post=12798"}],"curies":[{"name":"wp","href":"https:\/\/api.w.org\/{rel}","templated":true}]}}