{"id":12795,"date":"2024-08-22T09:46:34","date_gmt":"2024-08-22T09:46:34","guid":{"rendered":"https:\/\/barrsell.com\/?post_type=product&#038;p=12795"},"modified":"2025-01-04T10:33:11","modified_gmt":"2025-01-04T10:33:11","slug":"eos-infratec-premium-kontrol","status":"publish","type":"product","link":"https:\/\/barrsell.com\/en\/product\/eos-infratec-premium-control\/","title":{"rendered":"EOS InfraTec Premium Control"},"content":{"rendered":"<h2><strong>EOS InfraTec Premium Infrared Control Unit: Ultimate Comfort and Performance<\/strong><\/h2>\n<p>EOS InfraTec Premium is a luxury control unit designed for high-end infrared heating cabinets. At the same time, its stylish design and advanced functions ensure superior performance and comfort in both private and commercial applications.<\/p>\n<div id=\"attachment_19810\" style=\"width: 660px\" class=\"wp-caption alignnone\"><a href=\"https:\/\/barrsell.com\/wp-content\/uploads\/2024\/08\/EOS-InfraTec-Premium-Kontrol-3.jpg\"><img fetchpriority=\"high\" decoding=\"async\" aria-describedby=\"caption-attachment-19810\" class=\"wp-image-19810 size-full\" src=\"https:\/\/barrsell.com\/wp-content\/uploads\/2024\/08\/EOS-InfraTec-Premium-Kontrol-3.jpg\" alt=\"\" width=\"650\" height=\"325\" srcset=\"https:\/\/barrsell.com\/wp-content\/uploads\/2024\/08\/EOS-InfraTec-Premium-Kontrol-3.jpg 650w, https:\/\/barrsell.com\/wp-content\/uploads\/2024\/08\/EOS-InfraTec-Premium-Kontrol-3-300x150.jpg 300w, https:\/\/barrsell.com\/wp-content\/uploads\/2024\/08\/EOS-InfraTec-Premium-Kontrol-3-18x9.jpg 18w, https:\/\/barrsell.com\/wp-content\/uploads\/2024\/08\/EOS-InfraTec-Premium-Kontrol-3-150x75.jpg 150w\" sizes=\"(max-width: 650px) 100vw, 650px\" \/><\/a><p id=\"caption-attachment-19810\" class=\"wp-caption-text\">EOS InfraTec Premium Control-3<\/p><\/div>\n<h4>Technical Specifications and Advantages:<\/h4>\n<ol>\n<li><strong>Advanced Display Technology:<\/strong> The EOS InfraTec Premium is equipped with a high-resolution color TFT display. This display also allows users to clearly display time, temperature, functions and error messages. In particular, the TFT display offers intuitive menu navigation and a wide color palette, providing a visually rich user experience.<\/li>\n<li><strong>Temperature Range and Setting Options:<\/strong>\u00a0 Temperature control range from 30 \u00b0C to 70 \u00b0C. At the same time, you can precisely adjust the temperature according to your needs and easily create the desired ambient conditions.<\/li>\n<li><strong>Flexible Heating Time:<\/strong> The EOS InfraTec Premium can be set from 1 minute to 99 minutes. These time settings particularly adapt to different usage scenarios and increase energy efficiency.<\/li>\n<li><strong>Comprehensive Control Features:<\/strong> The device is equipped with an integrated switch and main on\/off button to control the cabin light. These features allow users to easily manage the in-cab lighting and the device.<\/li>\n<li><strong>Stylish and Functional Design:<\/strong> EOS InfraTec Premium offers a luxurious look with a glass front surface and various color options. You can install the panel with the flush mounting option. So it fits perfectly into modern interior designs.<\/li>\n<li><strong>Comprehensive Package Contents:<\/strong> The product comes with a temperature sensor with a 3 meter long cable. It also offers the option of a pre-assembled cable set. This set includes power supply cable, 3-wire cable for the cabinet light. This makes the installation process quick and hassle-free.<\/li>\n<li><strong>Power Capacity:<\/strong> The maximum switching capacity is 3.5 kW. However, you can increase the capacity with optional power modules (e.g. LSG 10). This feature provides flexibility for larger and more powerful heating systems.<\/li>\n<\/ol>","protected":false},"excerpt":{"rendered":"<p>Flush-mounted display panel, wall-mounted relay box.<\/p>","protected":false},"featured_media":12796,"template":"","meta":[],"product_cat":[182,234,158],"product_tag":[],"class_list":{"0":"post-12795","1":"product","2":"type-product","3":"status-publish","4":"has-post-thumbnail","6":"product_cat-dijital-kontrol-uniteleri","7":"product_cat-sauna-kontrol-uniteleri","8":"product_cat-eos-kontrol-uniteleri","10":"first","11":"instock","12":"shipping-taxable","13":"product-type-simple"},"yoast_head":"<!-- This site is optimized with the Yoast SEO Premium plugin v23.2 (Yoast SEO v23.2) - https:\/\/yoast.com\/wordpress\/plugins\/seo\/ -->\n<title>EOS InfraTec Premium Kontrol | Barrsell End\u00fcstri<\/title>\n<meta name=\"description\" content=\"EOS InfraTec Premium, y\u00fcksek kaliteli k\u0131z\u0131l\u00f6tesi \u0131s\u0131tma kabinleri i\u00e7in tasarlanm\u0131\u015f l\u00fcks bir kontrol \u00fcnitesidir. \u015e\u0131k tasar\u0131m\u0131 ve geli\u015fmi\u015f fonksiyonlar\u0131yla,\" \/>\n<meta name=\"robots\" content=\"index, follow, max-snippet:-1, max-image-preview:large, max-video-preview:-1\" \/>\n<link rel=\"canonical\" href=\"https:\/\/barrsell.com\/en\/product\/eos-infratec-premium-control\/\" \/>\n<meta property=\"og:locale\" content=\"en_US\" \/>\n<meta property=\"og:type\" content=\"article\" \/>\n<meta property=\"og:title\" content=\"EOS InfraTec Premium Kontrol\" \/>\n<meta property=\"og:description\" content=\"EOS InfraTec Premium, y\u00fcksek kaliteli k\u0131z\u0131l\u00f6tesi \u0131s\u0131tma kabinleri i\u00e7in tasarlanm\u0131\u015f l\u00fcks bir kontrol \u00fcnitesidir. \u015e\u0131k tasar\u0131m\u0131 ve geli\u015fmi\u015f fonksiyonlar\u0131yla,\" \/>\n<meta property=\"og:url\" content=\"https:\/\/barrsell.com\/en\/product\/eos-infratec-premium-control\/\" \/>\n<meta property=\"og:site_name\" content=\"Barrsell\" \/>\n<meta property=\"article:modified_time\" content=\"2025-01-04T10:33:11+00:00\" \/>\n<meta property=\"og:image\" content=\"https:\/\/barrsell.com\/wp-content\/uploads\/2024\/08\/EOS-InfraTec-Premium-Kontrol.png\" \/>\n\t<meta property=\"og:image:width\" content=\"1200\" \/>\n\t<meta property=\"og:image:height\" content=\"1200\" \/>\n\t<meta property=\"og:image:type\" content=\"image\/png\" \/>\n<meta name=\"twitter:card\" content=\"summary_large_image\" \/>\n<meta name=\"twitter:label1\" content=\"Est. reading time\" \/>\n\t<meta name=\"twitter:data1\" content=\"3 minutes\" \/>\n<script type=\"application\/ld+json\" class=\"yoast-schema-graph\">{\"@context\":\"https:\/\/schema.org\",\"@graph\":[{\"@type\":\"WebPage\",\"@id\":\"https:\/\/barrsell.com\/urun\/eos-infratec-premium-kontrol\/\",\"url\":\"https:\/\/barrsell.com\/urun\/eos-infratec-premium-kontrol\/\",\"name\":\"EOS InfraTec Premium Kontrol | Barrsell End\u00fcstri\",\"isPartOf\":{\"@id\":\"https:\/\/barrsell.com\/#website\"},\"primaryImageOfPage\":{\"@id\":\"https:\/\/barrsell.com\/urun\/eos-infratec-premium-kontrol\/#primaryimage\"},\"image\":{\"@id\":\"https:\/\/barrsell.com\/urun\/eos-infratec-premium-kontrol\/#primaryimage\"},\"thumbnailUrl\":\"https:\/\/barrsell.com\/wp-content\/uploads\/2024\/08\/EOS-InfraTec-Premium-Kontrol.png\",\"datePublished\":\"2024-08-22T09:46:34+00:00\",\"dateModified\":\"2025-01-04T10:33:11+00:00\",\"description\":\"EOS InfraTec Premium, y\u00fcksek kaliteli k\u0131z\u0131l\u00f6tesi \u0131s\u0131tma kabinleri i\u00e7in tasarlanm\u0131\u015f l\u00fcks bir kontrol \u00fcnitesidir. \u015e\u0131k tasar\u0131m\u0131 ve geli\u015fmi\u015f fonksiyonlar\u0131yla,\",\"breadcrumb\":{\"@id\":\"https:\/\/barrsell.com\/urun\/eos-infratec-premium-kontrol\/#breadcrumb\"},\"inLanguage\":\"en-US\",\"potentialAction\":[{\"@type\":\"ReadAction\",\"target\":[\"https:\/\/barrsell.com\/urun\/eos-infratec-premium-kontrol\/\"]}]},{\"@type\":\"ImageObject\",\"inLanguage\":\"en-US\",\"@id\":\"https:\/\/barrsell.com\/urun\/eos-infratec-premium-kontrol\/#primaryimage\",\"url\":\"https:\/\/barrsell.com\/wp-content\/uploads\/2024\/08\/EOS-InfraTec-Premium-Kontrol.png\",\"contentUrl\":\"https:\/\/barrsell.com\/wp-content\/uploads\/2024\/08\/EOS-InfraTec-Premium-Kontrol.png\",\"width\":1200,\"height\":1200,\"caption\":\"EOS InfraTec Premium Kontrol\"},{\"@type\":\"BreadcrumbList\",\"@id\":\"https:\/\/barrsell.com\/urun\/eos-infratec-premium-kontrol\/#breadcrumb\",\"itemListElement\":[{\"@type\":\"ListItem\",\"position\":1,\"name\":\"Home\",\"item\":\"https:\/\/barrsell.com\/\"},{\"@type\":\"ListItem\",\"position\":2,\"name\":\"\u00dcr\u00fcnler\",\"item\":\"https:\/\/barrsell.com\/en\/products\/\"},{\"@type\":\"ListItem\",\"position\":3,\"name\":\"EOS InfraTec Premium Kontrol\"}]},{\"@type\":\"WebSite\",\"@id\":\"https:\/\/barrsell.com\/#website\",\"url\":\"https:\/\/barrsell.com\/\",\"name\":\"Barrsell End\u00fcstri Makine\",\"description\":\"Teknolojiyle G\u00fc\u00e7lenen End\u00fcstriyel \u00c7\u00f6z\u00fcmler!\",\"potentialAction\":[{\"@type\":\"SearchAction\",\"target\":{\"@type\":\"EntryPoint\",\"urlTemplate\":\"https:\/\/barrsell.com\/?s={search_term_string}\"},\"query-input\":\"required name=search_term_string\"}],\"inLanguage\":\"en-US\"}]}<\/script>\n<!-- \/ Yoast SEO Premium plugin. -->","yoast_head_json":{"title":"EOS InfraTec Premium Kontrol | Barrsell End\u00fcstri","description":"EOS InfraTec Premium, y\u00fcksek kaliteli k\u0131z\u0131l\u00f6tesi \u0131s\u0131tma kabinleri i\u00e7in tasarlanm\u0131\u015f l\u00fcks bir kontrol \u00fcnitesidir. \u015e\u0131k tasar\u0131m\u0131 ve geli\u015fmi\u015f fonksiyonlar\u0131yla,","robots":{"index":"index","follow":"follow","max-snippet":"max-snippet:-1","max-image-preview":"max-image-preview:large","max-video-preview":"max-video-preview:-1"},"canonical":"https:\/\/barrsell.com\/en\/product\/eos-infratec-premium-control\/","og_locale":"en_US","og_type":"article","og_title":"EOS InfraTec Premium Kontrol","og_description":"EOS InfraTec Premium, y\u00fcksek kaliteli k\u0131z\u0131l\u00f6tesi \u0131s\u0131tma kabinleri i\u00e7in tasarlanm\u0131\u015f l\u00fcks bir kontrol \u00fcnitesidir. \u015e\u0131k tasar\u0131m\u0131 ve geli\u015fmi\u015f fonksiyonlar\u0131yla,","og_url":"https:\/\/barrsell.com\/en\/product\/eos-infratec-premium-control\/","og_site_name":"Barrsell","article_modified_time":"2025-01-04T10:33:11+00:00","og_image":[{"width":1200,"height":1200,"url":"https:\/\/barrsell.com\/wp-content\/uploads\/2024\/08\/EOS-InfraTec-Premium-Kontrol.png","type":"image\/png"}],"twitter_card":"summary_large_image","twitter_misc":{"Est. reading time":"3 minutes"},"schema":{"@context":"https:\/\/schema.org","@graph":[{"@type":"WebPage","@id":"https:\/\/barrsell.com\/urun\/eos-infratec-premium-kontrol\/","url":"https:\/\/barrsell.com\/urun\/eos-infratec-premium-kontrol\/","name":"EOS InfraTec Premium Kontrol | Barrsell End\u00fcstri","isPartOf":{"@id":"https:\/\/barrsell.com\/#website"},"primaryImageOfPage":{"@id":"https:\/\/barrsell.com\/urun\/eos-infratec-premium-kontrol\/#primaryimage"},"image":{"@id":"https:\/\/barrsell.com\/urun\/eos-infratec-premium-kontrol\/#primaryimage"},"thumbnailUrl":"https:\/\/barrsell.com\/wp-content\/uploads\/2024\/08\/EOS-InfraTec-Premium-Kontrol.png","datePublished":"2024-08-22T09:46:34+00:00","dateModified":"2025-01-04T10:33:11+00:00","description":"EOS InfraTec Premium, y\u00fcksek kaliteli k\u0131z\u0131l\u00f6tesi \u0131s\u0131tma kabinleri i\u00e7in tasarlanm\u0131\u015f l\u00fcks bir kontrol \u00fcnitesidir. \u015e\u0131k tasar\u0131m\u0131 ve geli\u015fmi\u015f fonksiyonlar\u0131yla,","breadcrumb":{"@id":"https:\/\/barrsell.com\/urun\/eos-infratec-premium-kontrol\/#breadcrumb"},"inLanguage":"en-US","potentialAction":[{"@type":"ReadAction","target":["https:\/\/barrsell.com\/urun\/eos-infratec-premium-kontrol\/"]}]},{"@type":"ImageObject","inLanguage":"en-US","@id":"https:\/\/barrsell.com\/urun\/eos-infratec-premium-kontrol\/#primaryimage","url":"https:\/\/barrsell.com\/wp-content\/uploads\/2024\/08\/EOS-InfraTec-Premium-Kontrol.png","contentUrl":"https:\/\/barrsell.com\/wp-content\/uploads\/2024\/08\/EOS-InfraTec-Premium-Kontrol.png","width":1200,"height":1200,"caption":"EOS InfraTec Premium Kontrol"},{"@type":"BreadcrumbList","@id":"https:\/\/barrsell.com\/urun\/eos-infratec-premium-kontrol\/#breadcrumb","itemListElement":[{"@type":"ListItem","position":1,"name":"Home","item":"https:\/\/barrsell.com\/"},{"@type":"ListItem","position":2,"name":"\u00dcr\u00fcnler","item":"https:\/\/barrsell.com\/en\/products\/"},{"@type":"ListItem","position":3,"name":"EOS InfraTec Premium Kontrol"}]},{"@type":"WebSite","@id":"https:\/\/barrsell.com\/#website","url":"https:\/\/barrsell.com\/","name":"Barrsell End\u00fcstri Makine","description":"Teknolojiyle G\u00fc\u00e7lenen End\u00fcstriyel \u00c7\u00f6z\u00fcmler!","potentialAction":[{"@type":"SearchAction","target":{"@type":"EntryPoint","urlTemplate":"https:\/\/barrsell.com\/?s={search_term_string}"},"query-input":"required name=search_term_string"}],"inLanguage":"en-US"}]}},"_links":{"self":[{"href":"https:\/\/barrsell.com\/en\/wp-json\/wp\/v2\/product\/12795","targetHints":{"allow":["GET"]}}],"collection":[{"href":"https:\/\/barrsell.com\/en\/wp-json\/wp\/v2\/product"}],"about":[{"href":"https:\/\/barrsell.com\/en\/wp-json\/wp\/v2\/types\/product"}],"version-history":[{"count":6,"href":"https:\/\/barrsell.com\/en\/wp-json\/wp\/v2\/product\/12795\/revisions"}],"predecessor-version":[{"id":19816,"href":"https:\/\/barrsell.com\/en\/wp-json\/wp\/v2\/product\/12795\/revisions\/19816"}],"wp:featuredmedia":[{"embeddable":true,"href":"https:\/\/barrsell.com\/en\/wp-json\/wp\/v2\/media\/12796"}],"wp:attachment":[{"href":"https:\/\/barrsell.com\/en\/wp-json\/wp\/v2\/media?parent=12795"}],"wp:term":[{"taxonomy":"product_cat","embeddable":true,"href":"https:\/\/barrsell.com\/en\/wp-json\/wp\/v2\/product_cat?post=12795"},{"taxonomy":"product_tag","embeddable":true,"href":"https:\/\/barrsell.com\/en\/wp-json\/wp\/v2\/product_tag?post=12795"}],"curies":[{"name":"wp","href":"https:\/\/api.w.org\/{rel}","templated":true}]}}