{"id":12792,"date":"2024-08-22T09:33:53","date_gmt":"2024-08-22T09:33:53","guid":{"rendered":"https:\/\/barrsell.com\/?post_type=product&#038;p=12792"},"modified":"2025-01-04T10:25:27","modified_gmt":"2025-01-04T10:25:27","slug":"eos-infratec-klasik","status":"publish","type":"product","link":"https:\/\/barrsell.com\/en\/product\/eos-infratec-classic\/","title":{"rendered":"Eos InfraTec Classic"},"content":{"rendered":"<h2><strong>Eos InfraTec Classic Infrared Control Unit: Simple and Efficient Heating Management<\/strong><\/h2>\n<p>EOS InfraTec Classic is a high-performance electronic control unit designed for infrared heating cabinets. This model offers efficient heating management with user-friendly features and a wide control range.<\/p>\n<h4>Technical Specifications and Advantages:<\/h4>\n<ol>\n<li><strong>User Friendly LCD Display:<\/strong> The EOS InfraTec Classic is equipped with an illuminated alphanumeric LCD display. At the same time, the screen clearly displays information such as time, functions and error messages, allowing users to easily check settings.<\/li>\n<li><strong>Wide Temperature Control Range:<\/strong> The device offers the possibility to adjust the temperature control range from 30 \u00b0C to 70 \u00b0C. This wide range enables temperature settings particularly suited to different heating requirements.<\/li>\n<li><strong>Flexible Heating Time:<\/strong> You can change the heating time from 1 minute to 99 minutes. This flexibility also ensures optimum performance in various usage scenarios.<\/li>\n<li><strong>Cabinet Light Switch:<\/strong> The device includes a switch to control the cabin light. This feature allows users to easily manage the lighting inside the cabin.<\/li>\n<li><strong>Integrated Main On\/Off Switch:<\/strong> The EOS InfraTec Classic is equipped with a main on\/off switch. This is because it allows the device to be switched off safely and easily.<\/li>\n<li><strong>Flush Mounting:<\/strong> You can install the control unit with the flush mounting option. This type of mounting provides a stylish and compact installation and adapts to the layout of the space.<\/li>\n<li><strong>Comprehensive Package Contents:<\/strong> You can get the device as an extra with a temperature sensor with a 3 meter long cable. This set includes the main power supply cable, the 3-wire cable for the cabinet light and the connection cable for IR heaters. Alternatively, you can also order it with just the control unit and sensor.<\/li>\n<li><strong>\u00a0Power Capacity:<\/strong> The maximum switching capacity is 3.5 kW. And we can increase this capacity with optional power modules (e.g. LSG 10).  This provides flexibility for extended heating solutions.<\/li>\n<\/ol>","protected":false},"excerpt":{"rendered":"<p>The scope of delivery includes the temperature sensor with 3 m cable.<\/p>","protected":false},"featured_media":12793,"template":"","meta":[],"product_cat":[182,234,158],"product_tag":[],"class_list":{"0":"post-12792","1":"product","2":"type-product","3":"status-publish","4":"has-post-thumbnail","6":"product_cat-dijital-kontrol-uniteleri","7":"product_cat-sauna-kontrol-uniteleri","8":"product_cat-eos-kontrol-uniteleri","10":"first","11":"outofstock","12":"shipping-taxable","13":"product-type-variable"},"yoast_head":"<!-- This site is optimized with the Yoast SEO Premium plugin v23.2 (Yoast SEO v23.2) - https:\/\/yoast.com\/wordpress\/plugins\/seo\/ -->\n<title>Eos InfraTec Klasik | Barrsell End\u00fcstri<\/title>\n<meta name=\"description\" content=\"EOS InfraTec Klasik, k\u0131z\u0131l\u00f6tesi \u0131s\u0131tma kabinleri i\u00e7in tasarlanm\u0131\u015f, y\u00fcksek performansl\u0131 bir elektronik kontrol \u00fcnitesidir. Bu model, kullan\u0131c\u0131 dostu\" \/>\n<meta name=\"robots\" content=\"index, follow, max-snippet:-1, max-image-preview:large, max-video-preview:-1\" \/>\n<link rel=\"canonical\" href=\"https:\/\/barrsell.com\/en\/product\/eos-infratec-classic\/\" \/>\n<meta property=\"og:locale\" content=\"en_US\" \/>\n<meta property=\"og:type\" content=\"article\" \/>\n<meta property=\"og:title\" content=\"Eos InfraTec Klasik\" \/>\n<meta property=\"og:description\" content=\"EOS InfraTec Klasik, k\u0131z\u0131l\u00f6tesi \u0131s\u0131tma kabinleri i\u00e7in tasarlanm\u0131\u015f, y\u00fcksek performansl\u0131 bir elektronik kontrol \u00fcnitesidir. Bu model, kullan\u0131c\u0131 dostu\" \/>\n<meta property=\"og:url\" content=\"https:\/\/barrsell.com\/en\/product\/eos-infratec-classic\/\" \/>\n<meta property=\"og:site_name\" content=\"Barrsell\" \/>\n<meta property=\"article:modified_time\" content=\"2025-01-04T10:25:27+00:00\" \/>\n<meta property=\"og:image\" content=\"https:\/\/barrsell.com\/wp-content\/uploads\/2024\/08\/Eos-InfraTec-Klasik.png\" \/>\n\t<meta property=\"og:image:width\" content=\"1200\" \/>\n\t<meta property=\"og:image:height\" content=\"1200\" \/>\n\t<meta property=\"og:image:type\" content=\"image\/png\" \/>\n<meta name=\"twitter:card\" content=\"summary_large_image\" \/>\n<meta name=\"twitter:label1\" content=\"Est. reading time\" \/>\n\t<meta name=\"twitter:data1\" content=\"2 minutes\" \/>\n<script type=\"application\/ld+json\" class=\"yoast-schema-graph\">{\"@context\":\"https:\/\/schema.org\",\"@graph\":[{\"@type\":\"WebPage\",\"@id\":\"https:\/\/barrsell.com\/urun\/eos-infratec-klasik\/\",\"url\":\"https:\/\/barrsell.com\/urun\/eos-infratec-klasik\/\",\"name\":\"Eos InfraTec Klasik | Barrsell End\u00fcstri\",\"isPartOf\":{\"@id\":\"https:\/\/barrsell.com\/#website\"},\"primaryImageOfPage\":{\"@id\":\"https:\/\/barrsell.com\/urun\/eos-infratec-klasik\/#primaryimage\"},\"image\":{\"@id\":\"https:\/\/barrsell.com\/urun\/eos-infratec-klasik\/#primaryimage\"},\"thumbnailUrl\":\"https:\/\/barrsell.com\/wp-content\/uploads\/2024\/08\/Eos-InfraTec-Klasik.png\",\"datePublished\":\"2024-08-22T09:33:53+00:00\",\"dateModified\":\"2025-01-04T10:25:27+00:00\",\"description\":\"EOS InfraTec Klasik, k\u0131z\u0131l\u00f6tesi \u0131s\u0131tma kabinleri i\u00e7in tasarlanm\u0131\u015f, y\u00fcksek performansl\u0131 bir elektronik kontrol \u00fcnitesidir. Bu model, kullan\u0131c\u0131 dostu\",\"breadcrumb\":{\"@id\":\"https:\/\/barrsell.com\/urun\/eos-infratec-klasik\/#breadcrumb\"},\"inLanguage\":\"en-US\",\"potentialAction\":[{\"@type\":\"ReadAction\",\"target\":[\"https:\/\/barrsell.com\/urun\/eos-infratec-klasik\/\"]}]},{\"@type\":\"ImageObject\",\"inLanguage\":\"en-US\",\"@id\":\"https:\/\/barrsell.com\/urun\/eos-infratec-klasik\/#primaryimage\",\"url\":\"https:\/\/barrsell.com\/wp-content\/uploads\/2024\/08\/Eos-InfraTec-Klasik.png\",\"contentUrl\":\"https:\/\/barrsell.com\/wp-content\/uploads\/2024\/08\/Eos-InfraTec-Klasik.png\",\"width\":1200,\"height\":1200,\"caption\":\"Eos InfraTec Klasik\"},{\"@type\":\"BreadcrumbList\",\"@id\":\"https:\/\/barrsell.com\/urun\/eos-infratec-klasik\/#breadcrumb\",\"itemListElement\":[{\"@type\":\"ListItem\",\"position\":1,\"name\":\"Home\",\"item\":\"https:\/\/barrsell.com\/\"},{\"@type\":\"ListItem\",\"position\":2,\"name\":\"\u00dcr\u00fcnler\",\"item\":\"https:\/\/barrsell.com\/en\/products\/\"},{\"@type\":\"ListItem\",\"position\":3,\"name\":\"Eos InfraTec Klasik\"}]},{\"@type\":\"WebSite\",\"@id\":\"https:\/\/barrsell.com\/#website\",\"url\":\"https:\/\/barrsell.com\/\",\"name\":\"Barrsell End\u00fcstri Makine\",\"description\":\"Teknolojiyle G\u00fc\u00e7lenen End\u00fcstriyel \u00c7\u00f6z\u00fcmler!\",\"potentialAction\":[{\"@type\":\"SearchAction\",\"target\":{\"@type\":\"EntryPoint\",\"urlTemplate\":\"https:\/\/barrsell.com\/?s={search_term_string}\"},\"query-input\":\"required name=search_term_string\"}],\"inLanguage\":\"en-US\"}]}<\/script>\n<!-- \/ Yoast SEO Premium plugin. -->","yoast_head_json":{"title":"Eos InfraTec Klasik | Barrsell End\u00fcstri","description":"EOS InfraTec Klasik, k\u0131z\u0131l\u00f6tesi \u0131s\u0131tma kabinleri i\u00e7in tasarlanm\u0131\u015f, y\u00fcksek performansl\u0131 bir elektronik kontrol \u00fcnitesidir. Bu model, kullan\u0131c\u0131 dostu","robots":{"index":"index","follow":"follow","max-snippet":"max-snippet:-1","max-image-preview":"max-image-preview:large","max-video-preview":"max-video-preview:-1"},"canonical":"https:\/\/barrsell.com\/en\/product\/eos-infratec-classic\/","og_locale":"en_US","og_type":"article","og_title":"Eos InfraTec Klasik","og_description":"EOS InfraTec Klasik, k\u0131z\u0131l\u00f6tesi \u0131s\u0131tma kabinleri i\u00e7in tasarlanm\u0131\u015f, y\u00fcksek performansl\u0131 bir elektronik kontrol \u00fcnitesidir. Bu model, kullan\u0131c\u0131 dostu","og_url":"https:\/\/barrsell.com\/en\/product\/eos-infratec-classic\/","og_site_name":"Barrsell","article_modified_time":"2025-01-04T10:25:27+00:00","og_image":[{"width":1200,"height":1200,"url":"https:\/\/barrsell.com\/wp-content\/uploads\/2024\/08\/Eos-InfraTec-Klasik.png","type":"image\/png"}],"twitter_card":"summary_large_image","twitter_misc":{"Est. reading time":"2 minutes"},"schema":{"@context":"https:\/\/schema.org","@graph":[{"@type":"WebPage","@id":"https:\/\/barrsell.com\/urun\/eos-infratec-klasik\/","url":"https:\/\/barrsell.com\/urun\/eos-infratec-klasik\/","name":"Eos InfraTec Klasik | Barrsell End\u00fcstri","isPartOf":{"@id":"https:\/\/barrsell.com\/#website"},"primaryImageOfPage":{"@id":"https:\/\/barrsell.com\/urun\/eos-infratec-klasik\/#primaryimage"},"image":{"@id":"https:\/\/barrsell.com\/urun\/eos-infratec-klasik\/#primaryimage"},"thumbnailUrl":"https:\/\/barrsell.com\/wp-content\/uploads\/2024\/08\/Eos-InfraTec-Klasik.png","datePublished":"2024-08-22T09:33:53+00:00","dateModified":"2025-01-04T10:25:27+00:00","description":"EOS InfraTec Klasik, k\u0131z\u0131l\u00f6tesi \u0131s\u0131tma kabinleri i\u00e7in tasarlanm\u0131\u015f, y\u00fcksek performansl\u0131 bir elektronik kontrol \u00fcnitesidir. Bu model, kullan\u0131c\u0131 dostu","breadcrumb":{"@id":"https:\/\/barrsell.com\/urun\/eos-infratec-klasik\/#breadcrumb"},"inLanguage":"en-US","potentialAction":[{"@type":"ReadAction","target":["https:\/\/barrsell.com\/urun\/eos-infratec-klasik\/"]}]},{"@type":"ImageObject","inLanguage":"en-US","@id":"https:\/\/barrsell.com\/urun\/eos-infratec-klasik\/#primaryimage","url":"https:\/\/barrsell.com\/wp-content\/uploads\/2024\/08\/Eos-InfraTec-Klasik.png","contentUrl":"https:\/\/barrsell.com\/wp-content\/uploads\/2024\/08\/Eos-InfraTec-Klasik.png","width":1200,"height":1200,"caption":"Eos InfraTec Klasik"},{"@type":"BreadcrumbList","@id":"https:\/\/barrsell.com\/urun\/eos-infratec-klasik\/#breadcrumb","itemListElement":[{"@type":"ListItem","position":1,"name":"Home","item":"https:\/\/barrsell.com\/"},{"@type":"ListItem","position":2,"name":"\u00dcr\u00fcnler","item":"https:\/\/barrsell.com\/en\/products\/"},{"@type":"ListItem","position":3,"name":"Eos InfraTec Klasik"}]},{"@type":"WebSite","@id":"https:\/\/barrsell.com\/#website","url":"https:\/\/barrsell.com\/","name":"Barrsell End\u00fcstri Makine","description":"Teknolojiyle G\u00fc\u00e7lenen End\u00fcstriyel \u00c7\u00f6z\u00fcmler!","potentialAction":[{"@type":"SearchAction","target":{"@type":"EntryPoint","urlTemplate":"https:\/\/barrsell.com\/?s={search_term_string}"},"query-input":"required name=search_term_string"}],"inLanguage":"en-US"}]}},"_links":{"self":[{"href":"https:\/\/barrsell.com\/en\/wp-json\/wp\/v2\/product\/12792","targetHints":{"allow":["GET"]}}],"collection":[{"href":"https:\/\/barrsell.com\/en\/wp-json\/wp\/v2\/product"}],"about":[{"href":"https:\/\/barrsell.com\/en\/wp-json\/wp\/v2\/types\/product"}],"version-history":[{"count":5,"href":"https:\/\/barrsell.com\/en\/wp-json\/wp\/v2\/product\/12792\/revisions"}],"predecessor-version":[{"id":19815,"href":"https:\/\/barrsell.com\/en\/wp-json\/wp\/v2\/product\/12792\/revisions\/19815"}],"wp:featuredmedia":[{"embeddable":true,"href":"https:\/\/barrsell.com\/en\/wp-json\/wp\/v2\/media\/12793"}],"wp:attachment":[{"href":"https:\/\/barrsell.com\/en\/wp-json\/wp\/v2\/media?parent=12792"}],"wp:term":[{"taxonomy":"product_cat","embeddable":true,"href":"https:\/\/barrsell.com\/en\/wp-json\/wp\/v2\/product_cat?post=12792"},{"taxonomy":"product_tag","embeddable":true,"href":"https:\/\/barrsell.com\/en\/wp-json\/wp\/v2\/product_tag?post=12792"}],"curies":[{"name":"wp","href":"https:\/\/api.w.org\/{rel}","templated":true}]}}