{"id":12785,"date":"2024-08-22T09:19:48","date_gmt":"2024-08-22T09:19:48","guid":{"rendered":"https:\/\/barrsell.com\/?post_type=product&#038;p=12785"},"modified":"2025-01-04T11:07:05","modified_gmt":"2025-01-04T11:07:05","slug":"eos-infrastyle-kontrol-unitesi","status":"publish","type":"product","link":"https:\/\/barrsell.com\/en\/product\/eos-infrastyle-control-unit\/","title":{"rendered":"Eos InfraStyle control unit"},"content":{"rendered":"<h2>Eos InfraStyle control unit<\/h2>\n<p>The EOS InfraStyle control unit is a modern and user-friendly control panel specially designed for infrared cabinets. With its sleek design and high quality materials, InfraStyle allows you to easily manage your infrared cabinets. Thanks to its user-friendly interface, the InfraStyle control unit allows you to easily adjust temperature and time settings. It also offers safe operation thanks to its integrated safety features. Its sleek and modern design adds an aesthetic touch to your infrared cabinets.<\/p>\n<h4><strong>Technical Specifications:<\/strong><\/h4>\n<ul>\n<li><strong>Area of Use:<\/strong> Special design for infrared cabinets<\/li>\n<li><strong>Control Capacity:<\/strong> Maximum heater power of 3 kW<\/li>\n<li><strong>Temperature Adjustment:<\/strong> You can set it between 30\u00b0C and 70\u00b0C.<\/li>\n<li><strong>Timer<\/strong> You can set from 1 to 99 minutes<\/li>\n<li><strong>Screen:<\/strong> Large and clear LCD screen<\/li>\n<li><strong>Safety Features:<\/strong> Overheat protection and child lock<\/li>\n<li><strong>Assembly:<\/strong> Easy wall mounting<\/li>\n<\/ul>","protected":false},"excerpt":{"rendered":"<p>Luxury display panel with glass front and capacitive buttons.<br \/>\nAvailable in black or white design.<\/p>","protected":false},"featured_media":19825,"template":"","meta":[],"product_cat":[182,234,158],"product_tag":[],"class_list":{"0":"post-12785","1":"product","2":"type-product","3":"status-publish","4":"has-post-thumbnail","6":"product_cat-dijital-kontrol-uniteleri","7":"product_cat-sauna-kontrol-uniteleri","8":"product_cat-eos-kontrol-uniteleri","10":"first","11":"instock","12":"shipping-taxable","13":"purchasable","14":"product-type-variable"},"yoast_head":"<!-- This site is optimized with the Yoast SEO Premium plugin v23.2 (Yoast SEO v23.2) - https:\/\/yoast.com\/wordpress\/plugins\/seo\/ -->\n<title>Eos InfraStyle kontrol \u00fcnitesi | Barrsell End\u00fcstri<\/title>\n<meta name=\"description\" content=\"EOS InfraStyle kontrol \u00fcnitesi, k\u0131z\u0131l\u00f6tesi kabinler i\u00e7in \u00f6zel olarak tasarlanm\u0131\u015f, modern ve kullan\u0131c\u0131 dostu bir kontrol panelidir\" \/>\n<meta name=\"robots\" content=\"index, follow, max-snippet:-1, max-image-preview:large, max-video-preview:-1\" \/>\n<link rel=\"canonical\" href=\"https:\/\/barrsell.com\/en\/product\/eos-infrastyle-control-unit\/\" \/>\n<meta property=\"og:locale\" content=\"en_US\" \/>\n<meta property=\"og:type\" content=\"article\" \/>\n<meta property=\"og:title\" content=\"Eos InfraStyle kontrol \u00fcnitesi\" \/>\n<meta property=\"og:description\" content=\"EOS InfraStyle kontrol \u00fcnitesi, k\u0131z\u0131l\u00f6tesi kabinler i\u00e7in \u00f6zel olarak tasarlanm\u0131\u015f, modern ve kullan\u0131c\u0131 dostu bir kontrol panelidir\" \/>\n<meta property=\"og:url\" content=\"https:\/\/barrsell.com\/en\/product\/eos-infrastyle-control-unit\/\" \/>\n<meta property=\"og:site_name\" content=\"Barrsell\" \/>\n<meta property=\"article:modified_time\" content=\"2025-01-04T11:07:05+00:00\" \/>\n<meta property=\"og:image\" content=\"https:\/\/barrsell.com\/wp-content\/uploads\/2024\/08\/Eos-InfraStyle-kontrol-unitesi-2.png\" \/>\n\t<meta property=\"og:image:width\" content=\"1200\" \/>\n\t<meta property=\"og:image:height\" content=\"1200\" \/>\n\t<meta property=\"og:image:type\" content=\"image\/png\" \/>\n<meta name=\"twitter:card\" content=\"summary_large_image\" \/>\n<meta name=\"twitter:label1\" content=\"Est. reading time\" \/>\n\t<meta name=\"twitter:data1\" content=\"1 minute\" \/>\n<script type=\"application\/ld+json\" class=\"yoast-schema-graph\">{\"@context\":\"https:\/\/schema.org\",\"@graph\":[{\"@type\":\"WebPage\",\"@id\":\"https:\/\/barrsell.com\/urun\/eos-infrastyle-kontrol-unitesi\/\",\"url\":\"https:\/\/barrsell.com\/urun\/eos-infrastyle-kontrol-unitesi\/\",\"name\":\"Eos InfraStyle kontrol \u00fcnitesi | Barrsell End\u00fcstri\",\"isPartOf\":{\"@id\":\"https:\/\/barrsell.com\/#website\"},\"primaryImageOfPage\":{\"@id\":\"https:\/\/barrsell.com\/urun\/eos-infrastyle-kontrol-unitesi\/#primaryimage\"},\"image\":{\"@id\":\"https:\/\/barrsell.com\/urun\/eos-infrastyle-kontrol-unitesi\/#primaryimage\"},\"thumbnailUrl\":\"https:\/\/barrsell.com\/wp-content\/uploads\/2024\/08\/Eos-InfraStyle-kontrol-unitesi-2.png\",\"datePublished\":\"2024-08-22T09:19:48+00:00\",\"dateModified\":\"2025-01-04T11:07:05+00:00\",\"description\":\"EOS InfraStyle kontrol \u00fcnitesi, k\u0131z\u0131l\u00f6tesi kabinler i\u00e7in \u00f6zel olarak tasarlanm\u0131\u015f, modern ve kullan\u0131c\u0131 dostu bir kontrol panelidir\",\"breadcrumb\":{\"@id\":\"https:\/\/barrsell.com\/urun\/eos-infrastyle-kontrol-unitesi\/#breadcrumb\"},\"inLanguage\":\"en-US\",\"potentialAction\":[{\"@type\":\"ReadAction\",\"target\":[\"https:\/\/barrsell.com\/urun\/eos-infrastyle-kontrol-unitesi\/\"]}]},{\"@type\":\"ImageObject\",\"inLanguage\":\"en-US\",\"@id\":\"https:\/\/barrsell.com\/urun\/eos-infrastyle-kontrol-unitesi\/#primaryimage\",\"url\":\"https:\/\/barrsell.com\/wp-content\/uploads\/2024\/08\/Eos-InfraStyle-kontrol-unitesi-2.png\",\"contentUrl\":\"https:\/\/barrsell.com\/wp-content\/uploads\/2024\/08\/Eos-InfraStyle-kontrol-unitesi-2.png\",\"width\":1200,\"height\":1200,\"caption\":\"Eos InfraStyle kontrol \u00fcnitesi-2\"},{\"@type\":\"BreadcrumbList\",\"@id\":\"https:\/\/barrsell.com\/urun\/eos-infrastyle-kontrol-unitesi\/#breadcrumb\",\"itemListElement\":[{\"@type\":\"ListItem\",\"position\":1,\"name\":\"Home\",\"item\":\"https:\/\/barrsell.com\/\"},{\"@type\":\"ListItem\",\"position\":2,\"name\":\"\u00dcr\u00fcnler\",\"item\":\"https:\/\/barrsell.com\/en\/products\/\"},{\"@type\":\"ListItem\",\"position\":3,\"name\":\"Eos InfraStyle kontrol \u00fcnitesi\"}]},{\"@type\":\"WebSite\",\"@id\":\"https:\/\/barrsell.com\/#website\",\"url\":\"https:\/\/barrsell.com\/\",\"name\":\"Barrsell End\u00fcstri Makine\",\"description\":\"Teknolojiyle G\u00fc\u00e7lenen End\u00fcstriyel \u00c7\u00f6z\u00fcmler!\",\"potentialAction\":[{\"@type\":\"SearchAction\",\"target\":{\"@type\":\"EntryPoint\",\"urlTemplate\":\"https:\/\/barrsell.com\/?s={search_term_string}\"},\"query-input\":\"required name=search_term_string\"}],\"inLanguage\":\"en-US\"}]}<\/script>\n<!-- \/ Yoast SEO Premium plugin. -->","yoast_head_json":{"title":"Eos InfraStyle kontrol \u00fcnitesi | Barrsell End\u00fcstri","description":"EOS InfraStyle kontrol \u00fcnitesi, k\u0131z\u0131l\u00f6tesi kabinler i\u00e7in \u00f6zel olarak tasarlanm\u0131\u015f, modern ve kullan\u0131c\u0131 dostu bir kontrol panelidir","robots":{"index":"index","follow":"follow","max-snippet":"max-snippet:-1","max-image-preview":"max-image-preview:large","max-video-preview":"max-video-preview:-1"},"canonical":"https:\/\/barrsell.com\/en\/product\/eos-infrastyle-control-unit\/","og_locale":"en_US","og_type":"article","og_title":"Eos InfraStyle kontrol \u00fcnitesi","og_description":"EOS InfraStyle kontrol \u00fcnitesi, k\u0131z\u0131l\u00f6tesi kabinler i\u00e7in \u00f6zel olarak tasarlanm\u0131\u015f, modern ve kullan\u0131c\u0131 dostu bir kontrol panelidir","og_url":"https:\/\/barrsell.com\/en\/product\/eos-infrastyle-control-unit\/","og_site_name":"Barrsell","article_modified_time":"2025-01-04T11:07:05+00:00","og_image":[{"width":1200,"height":1200,"url":"https:\/\/barrsell.com\/wp-content\/uploads\/2024\/08\/Eos-InfraStyle-kontrol-unitesi-2.png","type":"image\/png"}],"twitter_card":"summary_large_image","twitter_misc":{"Est. reading time":"1 minute"},"schema":{"@context":"https:\/\/schema.org","@graph":[{"@type":"WebPage","@id":"https:\/\/barrsell.com\/urun\/eos-infrastyle-kontrol-unitesi\/","url":"https:\/\/barrsell.com\/urun\/eos-infrastyle-kontrol-unitesi\/","name":"Eos InfraStyle kontrol \u00fcnitesi | Barrsell End\u00fcstri","isPartOf":{"@id":"https:\/\/barrsell.com\/#website"},"primaryImageOfPage":{"@id":"https:\/\/barrsell.com\/urun\/eos-infrastyle-kontrol-unitesi\/#primaryimage"},"image":{"@id":"https:\/\/barrsell.com\/urun\/eos-infrastyle-kontrol-unitesi\/#primaryimage"},"thumbnailUrl":"https:\/\/barrsell.com\/wp-content\/uploads\/2024\/08\/Eos-InfraStyle-kontrol-unitesi-2.png","datePublished":"2024-08-22T09:19:48+00:00","dateModified":"2025-01-04T11:07:05+00:00","description":"EOS InfraStyle kontrol \u00fcnitesi, k\u0131z\u0131l\u00f6tesi kabinler i\u00e7in \u00f6zel olarak tasarlanm\u0131\u015f, modern ve kullan\u0131c\u0131 dostu bir kontrol panelidir","breadcrumb":{"@id":"https:\/\/barrsell.com\/urun\/eos-infrastyle-kontrol-unitesi\/#breadcrumb"},"inLanguage":"en-US","potentialAction":[{"@type":"ReadAction","target":["https:\/\/barrsell.com\/urun\/eos-infrastyle-kontrol-unitesi\/"]}]},{"@type":"ImageObject","inLanguage":"en-US","@id":"https:\/\/barrsell.com\/urun\/eos-infrastyle-kontrol-unitesi\/#primaryimage","url":"https:\/\/barrsell.com\/wp-content\/uploads\/2024\/08\/Eos-InfraStyle-kontrol-unitesi-2.png","contentUrl":"https:\/\/barrsell.com\/wp-content\/uploads\/2024\/08\/Eos-InfraStyle-kontrol-unitesi-2.png","width":1200,"height":1200,"caption":"Eos InfraStyle kontrol \u00fcnitesi-2"},{"@type":"BreadcrumbList","@id":"https:\/\/barrsell.com\/urun\/eos-infrastyle-kontrol-unitesi\/#breadcrumb","itemListElement":[{"@type":"ListItem","position":1,"name":"Home","item":"https:\/\/barrsell.com\/"},{"@type":"ListItem","position":2,"name":"\u00dcr\u00fcnler","item":"https:\/\/barrsell.com\/en\/products\/"},{"@type":"ListItem","position":3,"name":"Eos InfraStyle kontrol \u00fcnitesi"}]},{"@type":"WebSite","@id":"https:\/\/barrsell.com\/#website","url":"https:\/\/barrsell.com\/","name":"Barrsell End\u00fcstri Makine","description":"Teknolojiyle G\u00fc\u00e7lenen End\u00fcstriyel \u00c7\u00f6z\u00fcmler!","potentialAction":[{"@type":"SearchAction","target":{"@type":"EntryPoint","urlTemplate":"https:\/\/barrsell.com\/?s={search_term_string}"},"query-input":"required name=search_term_string"}],"inLanguage":"en-US"}]}},"_links":{"self":[{"href":"https:\/\/barrsell.com\/en\/wp-json\/wp\/v2\/product\/12785","targetHints":{"allow":["GET"]}}],"collection":[{"href":"https:\/\/barrsell.com\/en\/wp-json\/wp\/v2\/product"}],"about":[{"href":"https:\/\/barrsell.com\/en\/wp-json\/wp\/v2\/types\/product"}],"version-history":[{"count":8,"href":"https:\/\/barrsell.com\/en\/wp-json\/wp\/v2\/product\/12785\/revisions"}],"predecessor-version":[{"id":19829,"href":"https:\/\/barrsell.com\/en\/wp-json\/wp\/v2\/product\/12785\/revisions\/19829"}],"wp:featuredmedia":[{"embeddable":true,"href":"https:\/\/barrsell.com\/en\/wp-json\/wp\/v2\/media\/19825"}],"wp:attachment":[{"href":"https:\/\/barrsell.com\/en\/wp-json\/wp\/v2\/media?parent=12785"}],"wp:term":[{"taxonomy":"product_cat","embeddable":true,"href":"https:\/\/barrsell.com\/en\/wp-json\/wp\/v2\/product_cat?post=12785"},{"taxonomy":"product_tag","embeddable":true,"href":"https:\/\/barrsell.com\/en\/wp-json\/wp\/v2\/product_tag?post=12785"}],"curies":[{"name":"wp","href":"https:\/\/api.w.org\/{rel}","templated":true}]}}