{"id":12775,"date":"2024-08-22T08:37:08","date_gmt":"2024-08-22T08:37:08","guid":{"rendered":"https:\/\/barrsell.com\/?post_type=product&#038;p=12775"},"modified":"2025-01-06T06:18:51","modified_gmt":"2025-01-06T06:18:51","slug":"eos-emotec-kizilotesi","status":"publish","type":"product","link":"https:\/\/barrsell.com\/en\/product\/eos-emotec-infrared\/","title":{"rendered":"EOS EmoTec Infrared"},"content":{"rendered":"<div class=\"flex max-w-full flex-col flex-grow\">\n<div class=\"min-h-[20px] text-message flex w-full flex-col items-end gap-2 break-words [.text-message+&amp;]:mt-5 overflow-x-auto whitespace-pre-wrap\" dir=\"auto\" data-message-author-role=\"assistant\" data-message-id=\"5087db62-d91a-4925-b386-0f7f45cdb254\">\n<div class=\"flex w-full flex-col gap-1 empty:hidden first:pt-[3px]\">\n<div class=\"markdown prose w-full break-words dark:prose-invert light\">\n<h2><strong>EOS EmoTec Infrared Control Unit: Smart and Efficient Heating Solutions<\/strong><\/h2>\n<p>The EOS EmoTec Infrared Controller is a high-tech controller designed to make the management of infrared heating systems smarter and more efficient. Optimized for both commercial and private use, this model stands out with its modern design and advanced functions.<\/p>\n<h4>Technical Specifications and Advantages:<\/h4>\n<ol>\n<li><strong>Advanced Control Functions:<\/strong> EOS EmoTec allows comprehensive management of infrared heating systems. You can also precisely control temperature, heating times and other important parameters. This feature thus increases the comfort level of the sauna and customizes the user experience.<\/li>\n<li><strong>High Performance Heating Management:<\/strong> Designed using modern electronic relays, EmoTec ensures a low noise level and also high performance. This guarantees even heat distribution in every corner of the sauna and allows users to have a pleasant experience.<\/li>\n<li><strong>Comprehensive Display and Interface:<\/strong> EmoTec is equipped with an easy-to-use display. The LCD display, for example, clearly shows temperature, time settings and system status. Menu navigation is presented in several languages, ensuring accessibility for international users.<\/li>\n<li><strong>Flexible Timer Functions:<\/strong> Heating times can be set in precise 1-minute steps. You can easily program the timer to reach the desired temperature levels. This ensures efficient use of energy.<\/li>\n<li><strong>High Safety Standards:<\/strong> The EOS EmoTec is manufactured in accordance with the latest European safety norms. The device has various protection systems against overheating and other potential hazards.  This ensures a reliable user experience.<\/li>\n<li><strong>Stylish and Functional Design:<\/strong> \u0130nce ve modern tasar\u0131m\u0131, hem estetik hem de fonksiyonel avantajlar sunar. Duvara montaj ve g\u00f6mme kurulum se\u00e7enekleri, cihaz\u0131n \u00e7e\u015fitli sauna i\u00e7 mekanlar\u0131na uyum sa\u011flamas\u0131na olanak tan\u0131r.<\/li>\n<li><strong>Wide Compatibility:<\/strong> EOS EmoTec is compatible with many different infrared heater models. This wide compatibility allows users a seamless integration with their existing systems.<\/li>\n<\/ol>\n<p>&nbsp;<\/p>\n<\/div>\n<\/div>\n<\/div>\n<\/div>","protected":false},"excerpt":{"rendered":"<p>Infrared cabinet control unit with 3 outputs and dimming function.<\/p>","protected":false},"featured_media":12782,"template":"","meta":[],"product_cat":[182,234,158],"product_tag":[],"class_list":{"0":"post-12775","1":"product","2":"type-product","3":"status-publish","4":"has-post-thumbnail","6":"product_cat-dijital-kontrol-uniteleri","7":"product_cat-sauna-kontrol-uniteleri","8":"product_cat-eos-kontrol-uniteleri","10":"first","11":"instock","12":"shipping-taxable","13":"purchasable","14":"product-type-variable"},"yoast_head":"<!-- This site is optimized with the Yoast SEO Premium plugin v23.2 (Yoast SEO v23.2) - https:\/\/yoast.com\/wordpress\/plugins\/seo\/ -->\n<title>EOS EmoTec K\u0131z\u0131l\u00f6tesi | Barrsell End\u00fcstri<\/title>\n<meta name=\"description\" content=\"EOS EmoTec K\u0131z\u0131l\u00f6tesi Kontrol \u00dcnitesi, k\u0131z\u0131l\u00f6tesi \u0131s\u0131tma sistemlerinin y\u00f6netimini daha ak\u0131ll\u0131 ve verimli hale getirmek i\u00e7in tasarlanm\u0131\u015f ileri teknolojiye\" \/>\n<meta name=\"robots\" content=\"index, follow, max-snippet:-1, max-image-preview:large, max-video-preview:-1\" \/>\n<link rel=\"canonical\" href=\"https:\/\/barrsell.com\/en\/product\/eos-emotec-infrared\/\" \/>\n<meta property=\"og:locale\" content=\"en_US\" \/>\n<meta property=\"og:type\" content=\"article\" \/>\n<meta property=\"og:title\" content=\"EOS EmoTec K\u0131z\u0131l\u00f6tesi\" \/>\n<meta property=\"og:description\" content=\"EOS EmoTec K\u0131z\u0131l\u00f6tesi Kontrol \u00dcnitesi, k\u0131z\u0131l\u00f6tesi \u0131s\u0131tma sistemlerinin y\u00f6netimini daha ak\u0131ll\u0131 ve verimli hale getirmek i\u00e7in tasarlanm\u0131\u015f ileri teknolojiye\" \/>\n<meta property=\"og:url\" content=\"https:\/\/barrsell.com\/en\/product\/eos-emotec-infrared\/\" \/>\n<meta property=\"og:site_name\" content=\"Barrsell\" \/>\n<meta property=\"article:modified_time\" content=\"2025-01-06T06:18:51+00:00\" \/>\n<meta property=\"og:image\" content=\"https:\/\/barrsell.com\/wp-content\/uploads\/2024\/08\/Eos-EmoTec-Kizilotesi-barr.png\" \/>\n\t<meta property=\"og:image:width\" content=\"1200\" \/>\n\t<meta property=\"og:image:height\" content=\"1200\" \/>\n\t<meta property=\"og:image:type\" content=\"image\/png\" \/>\n<meta name=\"twitter:card\" content=\"summary_large_image\" \/>\n<meta name=\"twitter:label1\" content=\"Est. reading time\" \/>\n\t<meta name=\"twitter:data1\" content=\"2 minutes\" \/>\n<script type=\"application\/ld+json\" class=\"yoast-schema-graph\">{\"@context\":\"https:\/\/schema.org\",\"@graph\":[{\"@type\":\"WebPage\",\"@id\":\"https:\/\/barrsell.com\/urun\/eos-emotec-kizilotesi\/\",\"url\":\"https:\/\/barrsell.com\/urun\/eos-emotec-kizilotesi\/\",\"name\":\"EOS EmoTec K\u0131z\u0131l\u00f6tesi | Barrsell End\u00fcstri\",\"isPartOf\":{\"@id\":\"https:\/\/barrsell.com\/#website\"},\"primaryImageOfPage\":{\"@id\":\"https:\/\/barrsell.com\/urun\/eos-emotec-kizilotesi\/#primaryimage\"},\"image\":{\"@id\":\"https:\/\/barrsell.com\/urun\/eos-emotec-kizilotesi\/#primaryimage\"},\"thumbnailUrl\":\"https:\/\/barrsell.com\/wp-content\/uploads\/2024\/08\/Eos-EmoTec-Kizilotesi-barr.png\",\"datePublished\":\"2024-08-22T08:37:08+00:00\",\"dateModified\":\"2025-01-06T06:18:51+00:00\",\"description\":\"EOS EmoTec K\u0131z\u0131l\u00f6tesi Kontrol \u00dcnitesi, k\u0131z\u0131l\u00f6tesi \u0131s\u0131tma sistemlerinin y\u00f6netimini daha ak\u0131ll\u0131 ve verimli hale getirmek i\u00e7in tasarlanm\u0131\u015f ileri teknolojiye\",\"breadcrumb\":{\"@id\":\"https:\/\/barrsell.com\/urun\/eos-emotec-kizilotesi\/#breadcrumb\"},\"inLanguage\":\"en-US\",\"potentialAction\":[{\"@type\":\"ReadAction\",\"target\":[\"https:\/\/barrsell.com\/urun\/eos-emotec-kizilotesi\/\"]}]},{\"@type\":\"ImageObject\",\"inLanguage\":\"en-US\",\"@id\":\"https:\/\/barrsell.com\/urun\/eos-emotec-kizilotesi\/#primaryimage\",\"url\":\"https:\/\/barrsell.com\/wp-content\/uploads\/2024\/08\/Eos-EmoTec-Kizilotesi-barr.png\",\"contentUrl\":\"https:\/\/barrsell.com\/wp-content\/uploads\/2024\/08\/Eos-EmoTec-Kizilotesi-barr.png\",\"width\":1200,\"height\":1200,\"caption\":\"Eos EmoTec K\u0131z\u0131l\u00f6tesi-barr\"},{\"@type\":\"BreadcrumbList\",\"@id\":\"https:\/\/barrsell.com\/urun\/eos-emotec-kizilotesi\/#breadcrumb\",\"itemListElement\":[{\"@type\":\"ListItem\",\"position\":1,\"name\":\"Home\",\"item\":\"https:\/\/barrsell.com\/\"},{\"@type\":\"ListItem\",\"position\":2,\"name\":\"\u00dcr\u00fcnler\",\"item\":\"https:\/\/barrsell.com\/en\/products\/\"},{\"@type\":\"ListItem\",\"position\":3,\"name\":\"EOS EmoTec K\u0131z\u0131l\u00f6tesi\"}]},{\"@type\":\"WebSite\",\"@id\":\"https:\/\/barrsell.com\/#website\",\"url\":\"https:\/\/barrsell.com\/\",\"name\":\"Barrsell End\u00fcstri Makine\",\"description\":\"Teknolojiyle G\u00fc\u00e7lenen End\u00fcstriyel \u00c7\u00f6z\u00fcmler!\",\"potentialAction\":[{\"@type\":\"SearchAction\",\"target\":{\"@type\":\"EntryPoint\",\"urlTemplate\":\"https:\/\/barrsell.com\/?s={search_term_string}\"},\"query-input\":\"required name=search_term_string\"}],\"inLanguage\":\"en-US\"}]}<\/script>\n<!-- \/ Yoast SEO Premium plugin. -->","yoast_head_json":{"title":"EOS EmoTec K\u0131z\u0131l\u00f6tesi | Barrsell End\u00fcstri","description":"EOS EmoTec K\u0131z\u0131l\u00f6tesi Kontrol \u00dcnitesi, k\u0131z\u0131l\u00f6tesi \u0131s\u0131tma sistemlerinin y\u00f6netimini daha ak\u0131ll\u0131 ve verimli hale getirmek i\u00e7in tasarlanm\u0131\u015f ileri teknolojiye","robots":{"index":"index","follow":"follow","max-snippet":"max-snippet:-1","max-image-preview":"max-image-preview:large","max-video-preview":"max-video-preview:-1"},"canonical":"https:\/\/barrsell.com\/en\/product\/eos-emotec-infrared\/","og_locale":"en_US","og_type":"article","og_title":"EOS EmoTec K\u0131z\u0131l\u00f6tesi","og_description":"EOS EmoTec K\u0131z\u0131l\u00f6tesi Kontrol \u00dcnitesi, k\u0131z\u0131l\u00f6tesi \u0131s\u0131tma sistemlerinin y\u00f6netimini daha ak\u0131ll\u0131 ve verimli hale getirmek i\u00e7in tasarlanm\u0131\u015f ileri teknolojiye","og_url":"https:\/\/barrsell.com\/en\/product\/eos-emotec-infrared\/","og_site_name":"Barrsell","article_modified_time":"2025-01-06T06:18:51+00:00","og_image":[{"width":1200,"height":1200,"url":"https:\/\/barrsell.com\/wp-content\/uploads\/2024\/08\/Eos-EmoTec-Kizilotesi-barr.png","type":"image\/png"}],"twitter_card":"summary_large_image","twitter_misc":{"Est. reading time":"2 minutes"},"schema":{"@context":"https:\/\/schema.org","@graph":[{"@type":"WebPage","@id":"https:\/\/barrsell.com\/urun\/eos-emotec-kizilotesi\/","url":"https:\/\/barrsell.com\/urun\/eos-emotec-kizilotesi\/","name":"EOS EmoTec K\u0131z\u0131l\u00f6tesi | Barrsell End\u00fcstri","isPartOf":{"@id":"https:\/\/barrsell.com\/#website"},"primaryImageOfPage":{"@id":"https:\/\/barrsell.com\/urun\/eos-emotec-kizilotesi\/#primaryimage"},"image":{"@id":"https:\/\/barrsell.com\/urun\/eos-emotec-kizilotesi\/#primaryimage"},"thumbnailUrl":"https:\/\/barrsell.com\/wp-content\/uploads\/2024\/08\/Eos-EmoTec-Kizilotesi-barr.png","datePublished":"2024-08-22T08:37:08+00:00","dateModified":"2025-01-06T06:18:51+00:00","description":"EOS EmoTec K\u0131z\u0131l\u00f6tesi Kontrol \u00dcnitesi, k\u0131z\u0131l\u00f6tesi \u0131s\u0131tma sistemlerinin y\u00f6netimini daha ak\u0131ll\u0131 ve verimli hale getirmek i\u00e7in tasarlanm\u0131\u015f ileri teknolojiye","breadcrumb":{"@id":"https:\/\/barrsell.com\/urun\/eos-emotec-kizilotesi\/#breadcrumb"},"inLanguage":"en-US","potentialAction":[{"@type":"ReadAction","target":["https:\/\/barrsell.com\/urun\/eos-emotec-kizilotesi\/"]}]},{"@type":"ImageObject","inLanguage":"en-US","@id":"https:\/\/barrsell.com\/urun\/eos-emotec-kizilotesi\/#primaryimage","url":"https:\/\/barrsell.com\/wp-content\/uploads\/2024\/08\/Eos-EmoTec-Kizilotesi-barr.png","contentUrl":"https:\/\/barrsell.com\/wp-content\/uploads\/2024\/08\/Eos-EmoTec-Kizilotesi-barr.png","width":1200,"height":1200,"caption":"Eos EmoTec K\u0131z\u0131l\u00f6tesi-barr"},{"@type":"BreadcrumbList","@id":"https:\/\/barrsell.com\/urun\/eos-emotec-kizilotesi\/#breadcrumb","itemListElement":[{"@type":"ListItem","position":1,"name":"Home","item":"https:\/\/barrsell.com\/"},{"@type":"ListItem","position":2,"name":"\u00dcr\u00fcnler","item":"https:\/\/barrsell.com\/en\/products\/"},{"@type":"ListItem","position":3,"name":"EOS EmoTec K\u0131z\u0131l\u00f6tesi"}]},{"@type":"WebSite","@id":"https:\/\/barrsell.com\/#website","url":"https:\/\/barrsell.com\/","name":"Barrsell End\u00fcstri Makine","description":"Teknolojiyle G\u00fc\u00e7lenen End\u00fcstriyel \u00c7\u00f6z\u00fcmler!","potentialAction":[{"@type":"SearchAction","target":{"@type":"EntryPoint","urlTemplate":"https:\/\/barrsell.com\/?s={search_term_string}"},"query-input":"required name=search_term_string"}],"inLanguage":"en-US"}]}},"_links":{"self":[{"href":"https:\/\/barrsell.com\/en\/wp-json\/wp\/v2\/product\/12775","targetHints":{"allow":["GET"]}}],"collection":[{"href":"https:\/\/barrsell.com\/en\/wp-json\/wp\/v2\/product"}],"about":[{"href":"https:\/\/barrsell.com\/en\/wp-json\/wp\/v2\/types\/product"}],"version-history":[{"count":5,"href":"https:\/\/barrsell.com\/en\/wp-json\/wp\/v2\/product\/12775\/revisions"}],"predecessor-version":[{"id":19834,"href":"https:\/\/barrsell.com\/en\/wp-json\/wp\/v2\/product\/12775\/revisions\/19834"}],"wp:featuredmedia":[{"embeddable":true,"href":"https:\/\/barrsell.com\/en\/wp-json\/wp\/v2\/media\/12782"}],"wp:attachment":[{"href":"https:\/\/barrsell.com\/en\/wp-json\/wp\/v2\/media?parent=12775"}],"wp:term":[{"taxonomy":"product_cat","embeddable":true,"href":"https:\/\/barrsell.com\/en\/wp-json\/wp\/v2\/product_cat?post=12775"},{"taxonomy":"product_tag","embeddable":true,"href":"https:\/\/barrsell.com\/en\/wp-json\/wp\/v2\/product_tag?post=12775"}],"curies":[{"name":"wp","href":"https:\/\/api.w.org\/{rel}","templated":true}]}}