{"id":12772,"date":"2024-08-22T08:35:31","date_gmt":"2024-08-22T08:35:31","guid":{"rendered":"https:\/\/barrsell.com\/?post_type=product&#038;p=12772"},"modified":"2025-01-06T06:35:25","modified_gmt":"2025-01-06T06:35:25","slug":"eos-kizilotesi-i1-kontrol-unitesi","status":"publish","type":"product","link":"https:\/\/barrsell.com\/en\/product\/eos-infrared-i1-control-unit\/","title":{"rendered":"Eos Infrared I1 Control Unit"},"content":{"rendered":"<div class=\"flex max-w-full flex-col flex-grow\">\n<div class=\"min-h-[20px] text-message flex w-full flex-col items-end gap-2 break-words [.text-message+&amp;]:mt-5 overflow-x-auto whitespace-pre-wrap\" dir=\"auto\" data-message-author-role=\"assistant\" data-message-id=\"9f3cd9bf-5d8a-4a2a-b58b-3dfe882496d2\">\n<div class=\"flex w-full flex-col gap-1 empty:hidden first:pt-[3px]\">\n<div class=\"markdown prose w-full break-words dark:prose-invert light\">\n<h2><strong>EOS Economy I1 Infrared Control Unit: High Performance and Modern Design<\/strong><\/h2>\n<p>The Eos Infrared I1 Control Unit is a high performance infrared heating cabinet control unit designed for both private and commercial use. This model is equipped with modern technologies to increase user comfort and ensure system efficiency.<\/p>\n<h4>Technical Specifications and Advantages:<\/h4>\n<ol>\n<li><strong>Control Technology:<\/strong> The EOS Economy I1 is a modern electronic relay control unit that offers a wide range of functions. These technologies ensure low noise levels and high performance. It is designed in accordance with the latest European safety standards and has been independently tested and certified.<\/li>\n<li><strong>User Friendly Display:<\/strong> The backlit alphanumeric LCD display clearly shows time, functions and error messages. You can also set the temperature control range from 30 \u00b0C to 70 \u00b0C. And you can use the display to navigate the menu in 12 languages.<\/li>\n<li><strong>Advanced Timer and Security Features:<\/strong> Heating time limitation, you can set up to 12 hours in 1 minute steps. There are also additional features such as keypad lock and cabin lamp switch. It also provides ease of use and safety.<\/li>\n<li><strong>Compatibility and Capacity:<\/strong> The EOS Economy I1 is compatible with almost all infrared heater and foil models. Its 9 kW switching capacity provides enough power for large infrared cabinets. And it therefore performs excellently in large-scale applications.<\/li>\n<li><strong>Aesthetics and Design:<\/strong> It has a slim body structure. Thus, it offers both wall mounting and semi-recessed installation options. This design fits stylishly into modern interiors and provides ease of installation.<\/li>\n<li><strong>Comprehensive Hardware:<\/strong> The 2-meter long wired temperature sensor provides accurate and reliable temperature measurements. This sensor improves the performance of the controller and helps users easily achieve desired temperature levels.<\/li>\n<\/ol>\n<p>&nbsp;<\/p>\n<\/div>\n<\/div>\n<\/div>\n<\/div>","protected":false},"excerpt":{"rendered":"<div id=\"c3835\" class=\"textmedia\">\n<div class=\"ce-textpic ce-right ce-intext\">\n<div class=\"ce-bodytext\">\n<p>Switching capacity up to 9 kW.<\/p>\n<\/div>\n<\/div>\n<\/div>\n<div id=\"c3837\" class=\"nowrap hr\"><\/div>","protected":false},"featured_media":12773,"template":"","meta":[],"product_cat":[182,234,158],"product_tag":[],"class_list":{"0":"post-12772","1":"product","2":"type-product","3":"status-publish","4":"has-post-thumbnail","6":"product_cat-dijital-kontrol-uniteleri","7":"product_cat-sauna-kontrol-uniteleri","8":"product_cat-eos-kontrol-uniteleri","10":"first","11":"instock","12":"shipping-taxable","13":"product-type-simple"},"yoast_head":"<!-- This site is optimized with the Yoast SEO Premium plugin v23.2 (Yoast SEO v23.2) - https:\/\/yoast.com\/wordpress\/plugins\/seo\/ -->\n<title>Eos K\u0131z\u0131l\u00f6tesi I1 Kontrol \u00dcnitesi | Barrsell End\u00fcstri<\/title>\n<meta name=\"description\" content=\"Eos K\u0131z\u0131l\u00f6tesi I1 Kontrol \u00dcnitesi, hem \u00f6zel hem de ticari kullan\u0131m i\u00e7in tasarlanm\u0131\u015f, y\u00fcksek performansl\u0131 bir k\u0131z\u0131l\u00f6tesi \u0131s\u0131tma kabini kontrol \u00fcnitesidir.\" \/>\n<meta name=\"robots\" content=\"index, follow, max-snippet:-1, max-image-preview:large, max-video-preview:-1\" \/>\n<link rel=\"canonical\" href=\"https:\/\/barrsell.com\/en\/product\/eos-infrared-i1-control-unit\/\" \/>\n<meta property=\"og:locale\" content=\"en_US\" \/>\n<meta property=\"og:type\" content=\"article\" \/>\n<meta property=\"og:title\" content=\"Eos K\u0131z\u0131l\u00f6tesi I1 Kontrol \u00dcnitesi\" \/>\n<meta property=\"og:description\" content=\"Eos K\u0131z\u0131l\u00f6tesi I1 Kontrol \u00dcnitesi, hem \u00f6zel hem de ticari kullan\u0131m i\u00e7in tasarlanm\u0131\u015f, y\u00fcksek performansl\u0131 bir k\u0131z\u0131l\u00f6tesi \u0131s\u0131tma kabini kontrol \u00fcnitesidir.\" \/>\n<meta property=\"og:url\" content=\"https:\/\/barrsell.com\/en\/product\/eos-infrared-i1-control-unit\/\" \/>\n<meta property=\"og:site_name\" content=\"Barrsell\" \/>\n<meta property=\"article:modified_time\" content=\"2025-01-06T06:35:25+00:00\" \/>\n<meta property=\"og:image\" content=\"https:\/\/barrsell.com\/wp-content\/uploads\/2024\/08\/Eos-Kizilotesi-I1-Kontrol-Unitesi.png\" \/>\n\t<meta property=\"og:image:width\" content=\"1200\" \/>\n\t<meta property=\"og:image:height\" content=\"1200\" \/>\n\t<meta property=\"og:image:type\" content=\"image\/png\" \/>\n<meta name=\"twitter:card\" content=\"summary_large_image\" \/>\n<meta name=\"twitter:label1\" content=\"Est. reading time\" \/>\n\t<meta name=\"twitter:data1\" content=\"2 minutes\" \/>\n<script type=\"application\/ld+json\" class=\"yoast-schema-graph\">{\"@context\":\"https:\/\/schema.org\",\"@graph\":[{\"@type\":\"WebPage\",\"@id\":\"https:\/\/barrsell.com\/urun\/eos-kizilotesi-i1-kontrol-unitesi\/\",\"url\":\"https:\/\/barrsell.com\/urun\/eos-kizilotesi-i1-kontrol-unitesi\/\",\"name\":\"Eos K\u0131z\u0131l\u00f6tesi I1 Kontrol \u00dcnitesi | Barrsell End\u00fcstri\",\"isPartOf\":{\"@id\":\"https:\/\/barrsell.com\/#website\"},\"primaryImageOfPage\":{\"@id\":\"https:\/\/barrsell.com\/urun\/eos-kizilotesi-i1-kontrol-unitesi\/#primaryimage\"},\"image\":{\"@id\":\"https:\/\/barrsell.com\/urun\/eos-kizilotesi-i1-kontrol-unitesi\/#primaryimage\"},\"thumbnailUrl\":\"https:\/\/barrsell.com\/wp-content\/uploads\/2024\/08\/Eos-Kizilotesi-I1-Kontrol-Unitesi.png\",\"datePublished\":\"2024-08-22T08:35:31+00:00\",\"dateModified\":\"2025-01-06T06:35:25+00:00\",\"description\":\"Eos K\u0131z\u0131l\u00f6tesi I1 Kontrol \u00dcnitesi, hem \u00f6zel hem de ticari kullan\u0131m i\u00e7in tasarlanm\u0131\u015f, y\u00fcksek performansl\u0131 bir k\u0131z\u0131l\u00f6tesi \u0131s\u0131tma kabini kontrol \u00fcnitesidir.\",\"breadcrumb\":{\"@id\":\"https:\/\/barrsell.com\/urun\/eos-kizilotesi-i1-kontrol-unitesi\/#breadcrumb\"},\"inLanguage\":\"en-US\",\"potentialAction\":[{\"@type\":\"ReadAction\",\"target\":[\"https:\/\/barrsell.com\/urun\/eos-kizilotesi-i1-kontrol-unitesi\/\"]}]},{\"@type\":\"ImageObject\",\"inLanguage\":\"en-US\",\"@id\":\"https:\/\/barrsell.com\/urun\/eos-kizilotesi-i1-kontrol-unitesi\/#primaryimage\",\"url\":\"https:\/\/barrsell.com\/wp-content\/uploads\/2024\/08\/Eos-Kizilotesi-I1-Kontrol-Unitesi.png\",\"contentUrl\":\"https:\/\/barrsell.com\/wp-content\/uploads\/2024\/08\/Eos-Kizilotesi-I1-Kontrol-Unitesi.png\",\"width\":1200,\"height\":1200,\"caption\":\"Eos K\u0131z\u0131l\u00f6tesi I1 Kontrol \u00dcnitesi\"},{\"@type\":\"BreadcrumbList\",\"@id\":\"https:\/\/barrsell.com\/urun\/eos-kizilotesi-i1-kontrol-unitesi\/#breadcrumb\",\"itemListElement\":[{\"@type\":\"ListItem\",\"position\":1,\"name\":\"Home\",\"item\":\"https:\/\/barrsell.com\/\"},{\"@type\":\"ListItem\",\"position\":2,\"name\":\"\u00dcr\u00fcnler\",\"item\":\"https:\/\/barrsell.com\/en\/products\/\"},{\"@type\":\"ListItem\",\"position\":3,\"name\":\"Eos K\u0131z\u0131l\u00f6tesi I1 Kontrol \u00dcnitesi\"}]},{\"@type\":\"WebSite\",\"@id\":\"https:\/\/barrsell.com\/#website\",\"url\":\"https:\/\/barrsell.com\/\",\"name\":\"Barrsell End\u00fcstri Makine\",\"description\":\"Teknolojiyle G\u00fc\u00e7lenen End\u00fcstriyel \u00c7\u00f6z\u00fcmler!\",\"potentialAction\":[{\"@type\":\"SearchAction\",\"target\":{\"@type\":\"EntryPoint\",\"urlTemplate\":\"https:\/\/barrsell.com\/?s={search_term_string}\"},\"query-input\":\"required name=search_term_string\"}],\"inLanguage\":\"en-US\"}]}<\/script>\n<!-- \/ Yoast SEO Premium plugin. -->","yoast_head_json":{"title":"Eos K\u0131z\u0131l\u00f6tesi I1 Kontrol \u00dcnitesi | Barrsell End\u00fcstri","description":"Eos K\u0131z\u0131l\u00f6tesi I1 Kontrol \u00dcnitesi, hem \u00f6zel hem de ticari kullan\u0131m i\u00e7in tasarlanm\u0131\u015f, y\u00fcksek performansl\u0131 bir k\u0131z\u0131l\u00f6tesi \u0131s\u0131tma kabini kontrol \u00fcnitesidir.","robots":{"index":"index","follow":"follow","max-snippet":"max-snippet:-1","max-image-preview":"max-image-preview:large","max-video-preview":"max-video-preview:-1"},"canonical":"https:\/\/barrsell.com\/en\/product\/eos-infrared-i1-control-unit\/","og_locale":"en_US","og_type":"article","og_title":"Eos K\u0131z\u0131l\u00f6tesi I1 Kontrol \u00dcnitesi","og_description":"Eos K\u0131z\u0131l\u00f6tesi I1 Kontrol \u00dcnitesi, hem \u00f6zel hem de ticari kullan\u0131m i\u00e7in tasarlanm\u0131\u015f, y\u00fcksek performansl\u0131 bir k\u0131z\u0131l\u00f6tesi \u0131s\u0131tma kabini kontrol \u00fcnitesidir.","og_url":"https:\/\/barrsell.com\/en\/product\/eos-infrared-i1-control-unit\/","og_site_name":"Barrsell","article_modified_time":"2025-01-06T06:35:25+00:00","og_image":[{"width":1200,"height":1200,"url":"https:\/\/barrsell.com\/wp-content\/uploads\/2024\/08\/Eos-Kizilotesi-I1-Kontrol-Unitesi.png","type":"image\/png"}],"twitter_card":"summary_large_image","twitter_misc":{"Est. reading time":"2 minutes"},"schema":{"@context":"https:\/\/schema.org","@graph":[{"@type":"WebPage","@id":"https:\/\/barrsell.com\/urun\/eos-kizilotesi-i1-kontrol-unitesi\/","url":"https:\/\/barrsell.com\/urun\/eos-kizilotesi-i1-kontrol-unitesi\/","name":"Eos K\u0131z\u0131l\u00f6tesi I1 Kontrol \u00dcnitesi | Barrsell End\u00fcstri","isPartOf":{"@id":"https:\/\/barrsell.com\/#website"},"primaryImageOfPage":{"@id":"https:\/\/barrsell.com\/urun\/eos-kizilotesi-i1-kontrol-unitesi\/#primaryimage"},"image":{"@id":"https:\/\/barrsell.com\/urun\/eos-kizilotesi-i1-kontrol-unitesi\/#primaryimage"},"thumbnailUrl":"https:\/\/barrsell.com\/wp-content\/uploads\/2024\/08\/Eos-Kizilotesi-I1-Kontrol-Unitesi.png","datePublished":"2024-08-22T08:35:31+00:00","dateModified":"2025-01-06T06:35:25+00:00","description":"Eos K\u0131z\u0131l\u00f6tesi I1 Kontrol \u00dcnitesi, hem \u00f6zel hem de ticari kullan\u0131m i\u00e7in tasarlanm\u0131\u015f, y\u00fcksek performansl\u0131 bir k\u0131z\u0131l\u00f6tesi \u0131s\u0131tma kabini kontrol \u00fcnitesidir.","breadcrumb":{"@id":"https:\/\/barrsell.com\/urun\/eos-kizilotesi-i1-kontrol-unitesi\/#breadcrumb"},"inLanguage":"en-US","potentialAction":[{"@type":"ReadAction","target":["https:\/\/barrsell.com\/urun\/eos-kizilotesi-i1-kontrol-unitesi\/"]}]},{"@type":"ImageObject","inLanguage":"en-US","@id":"https:\/\/barrsell.com\/urun\/eos-kizilotesi-i1-kontrol-unitesi\/#primaryimage","url":"https:\/\/barrsell.com\/wp-content\/uploads\/2024\/08\/Eos-Kizilotesi-I1-Kontrol-Unitesi.png","contentUrl":"https:\/\/barrsell.com\/wp-content\/uploads\/2024\/08\/Eos-Kizilotesi-I1-Kontrol-Unitesi.png","width":1200,"height":1200,"caption":"Eos K\u0131z\u0131l\u00f6tesi I1 Kontrol \u00dcnitesi"},{"@type":"BreadcrumbList","@id":"https:\/\/barrsell.com\/urun\/eos-kizilotesi-i1-kontrol-unitesi\/#breadcrumb","itemListElement":[{"@type":"ListItem","position":1,"name":"Home","item":"https:\/\/barrsell.com\/"},{"@type":"ListItem","position":2,"name":"\u00dcr\u00fcnler","item":"https:\/\/barrsell.com\/en\/products\/"},{"@type":"ListItem","position":3,"name":"Eos K\u0131z\u0131l\u00f6tesi I1 Kontrol \u00dcnitesi"}]},{"@type":"WebSite","@id":"https:\/\/barrsell.com\/#website","url":"https:\/\/barrsell.com\/","name":"Barrsell End\u00fcstri Makine","description":"Teknolojiyle G\u00fc\u00e7lenen End\u00fcstriyel \u00c7\u00f6z\u00fcmler!","potentialAction":[{"@type":"SearchAction","target":{"@type":"EntryPoint","urlTemplate":"https:\/\/barrsell.com\/?s={search_term_string}"},"query-input":"required name=search_term_string"}],"inLanguage":"en-US"}]}},"_links":{"self":[{"href":"https:\/\/barrsell.com\/en\/wp-json\/wp\/v2\/product\/12772","targetHints":{"allow":["GET"]}}],"collection":[{"href":"https:\/\/barrsell.com\/en\/wp-json\/wp\/v2\/product"}],"about":[{"href":"https:\/\/barrsell.com\/en\/wp-json\/wp\/v2\/types\/product"}],"version-history":[{"count":4,"href":"https:\/\/barrsell.com\/en\/wp-json\/wp\/v2\/product\/12772\/revisions"}],"predecessor-version":[{"id":19837,"href":"https:\/\/barrsell.com\/en\/wp-json\/wp\/v2\/product\/12772\/revisions\/19837"}],"wp:featuredmedia":[{"embeddable":true,"href":"https:\/\/barrsell.com\/en\/wp-json\/wp\/v2\/media\/12773"}],"wp:attachment":[{"href":"https:\/\/barrsell.com\/en\/wp-json\/wp\/v2\/media?parent=12772"}],"wp:term":[{"taxonomy":"product_cat","embeddable":true,"href":"https:\/\/barrsell.com\/en\/wp-json\/wp\/v2\/product_cat?post=12772"},{"taxonomy":"product_tag","embeddable":true,"href":"https:\/\/barrsell.com\/en\/wp-json\/wp\/v2\/product_tag?post=12772"}],"curies":[{"name":"wp","href":"https:\/\/api.w.org\/{rel}","templated":true}]}}