{"id":12757,"date":"2024-08-22T08:05:14","date_gmt":"2024-08-22T08:05:14","guid":{"rendered":"https:\/\/barrsell.com\/?post_type=product&#038;p=12757"},"modified":"2025-01-06T07:36:15","modified_gmt":"2025-01-06T07:36:15","slug":"eos-lsg10-ca-cw-role-kutusu","status":"publish","type":"product","link":"https:\/\/barrsell.com\/en\/product\/eos-lsg10-ca-cw-role-box\/","title":{"rendered":"Eos LSG10 CA\/CW Relay Box"},"content":{"rendered":"<h2>Eos LSG10 CA\/CW Relay Box<\/h2>\n<p>The Eos LSG 10 CA\/CW Relay Box is a high-performance sauna heater designed to provide reliable and efficient heating in modern saunas. This model has been developed with particular emphasis on user comfort and energy efficiency.<\/p>\n<h4>Technical Specifications and Advantages:<\/h4>\n<ol>\n<li><strong>Power Capacity:<\/strong> The Eos LSG 10 CA\/CW has a power capacity of 10 kW. It is an ideal choice for medium-sized sauna areas. This power ensures that the sauna heats up quickly and effectively. Thus, users have a pleasant experience.<\/li>\n<li><strong>Advanced Heating Technology:<\/strong> The model ensures even heat distribution using high-quality heating elements. This is important to ensure a homogeneous temperature in every corner of the sauna, thus increasing user comfort.<\/li>\n<li><strong>Durable and Aesthetic Design:<\/strong> The Eos LSG 10 CA\/CW has an outer body made of durable stainless steel. This structure provides both aesthetics and long-lasting use. This steel structure resists the hot and humid environment of the sauna.<\/li>\n<li><strong>Compact and Stylish:<\/strong> Thanks to its compact design, it saves space in the sauna and also looks aesthetically pleasing. This model fits perfectly into modern sauna interiors.<\/li>\n<li><strong>Easy Control and Operation:<\/strong> The Eos LSG 10 CA\/CW is a user-friendly control panel. This panel allows you to easily adjust the temperature and operating times. So you can have a sauna experience according to personal preferences.<\/li>\n<li><strong>High Safety Standards:<\/strong> The model is equipped with overheat protection systems and safety sensors. These features ensure safe operation of the device and prioritize the safety of users.<\/li>\n<\/ol>","protected":false},"excerpt":{"rendered":"<p>Provides an additional 10 kW switching capacity.<\/p>","protected":false},"featured_media":12758,"template":"","meta":[],"product_cat":[157],"product_tag":[],"class_list":{"0":"post-12757","1":"product","2":"type-product","3":"status-publish","4":"has-post-thumbnail","6":"product_cat-eos-guc-uniteleri","8":"first","9":"instock","10":"shipping-taxable","11":"product-type-simple"},"yoast_head":"<!-- This site is optimized with the Yoast SEO Premium plugin v23.2 (Yoast SEO v23.2) - https:\/\/yoast.com\/wordpress\/plugins\/seo\/ -->\n<title>Eos LSG10 CA\/CW R\u00f6le Kutusu | Barrsell End\u00fcstri<\/title>\n<meta name=\"description\" content=\"Eos LSG 10 CA \/ CW R\u00f6le Kutusu modern saunalarda g\u00fcvenilir ve etkili \u0131s\u0131tma sa\u011flamak \u00fczere tasarlanm\u0131\u015f y\u00fcksek performansl\u0131 bir sauna \u0131s\u0131t\u0131c\u0131s\u0131d\u0131r. Bu model,\" \/>\n<meta name=\"robots\" content=\"index, follow, max-snippet:-1, max-image-preview:large, max-video-preview:-1\" \/>\n<link rel=\"canonical\" href=\"https:\/\/barrsell.com\/en\/product\/eos-lsg10-ca-cw-role-box\/\" \/>\n<meta property=\"og:locale\" content=\"en_US\" \/>\n<meta property=\"og:type\" content=\"article\" \/>\n<meta property=\"og:title\" content=\"Eos LSG10 CA\/CW R\u00f6le Kutusu\" \/>\n<meta property=\"og:description\" content=\"Eos LSG 10 CA \/ CW R\u00f6le Kutusu modern saunalarda g\u00fcvenilir ve etkili \u0131s\u0131tma sa\u011flamak \u00fczere tasarlanm\u0131\u015f y\u00fcksek performansl\u0131 bir sauna \u0131s\u0131t\u0131c\u0131s\u0131d\u0131r. Bu model,\" \/>\n<meta property=\"og:url\" content=\"https:\/\/barrsell.com\/en\/product\/eos-lsg10-ca-cw-role-box\/\" \/>\n<meta property=\"og:site_name\" content=\"Barrsell\" \/>\n<meta property=\"article:modified_time\" content=\"2025-01-06T07:36:15+00:00\" \/>\n<meta property=\"og:image\" content=\"https:\/\/barrsell.com\/wp-content\/uploads\/2024\/08\/Eos-LSG10-CA-CW-Role-Kutusu.png\" \/>\n\t<meta property=\"og:image:width\" content=\"1200\" \/>\n\t<meta property=\"og:image:height\" content=\"1200\" \/>\n\t<meta property=\"og:image:type\" content=\"image\/png\" \/>\n<meta name=\"twitter:card\" content=\"summary_large_image\" \/>\n<meta name=\"twitter:label1\" content=\"Est. reading time\" \/>\n\t<meta name=\"twitter:data1\" content=\"2 minutes\" \/>\n<script type=\"application\/ld+json\" class=\"yoast-schema-graph\">{\"@context\":\"https:\/\/schema.org\",\"@graph\":[{\"@type\":\"WebPage\",\"@id\":\"https:\/\/barrsell.com\/urun\/eos-lsg10-ca-cw-role-kutusu\/\",\"url\":\"https:\/\/barrsell.com\/urun\/eos-lsg10-ca-cw-role-kutusu\/\",\"name\":\"Eos LSG10 CA\/CW R\u00f6le Kutusu | Barrsell End\u00fcstri\",\"isPartOf\":{\"@id\":\"https:\/\/barrsell.com\/#website\"},\"primaryImageOfPage\":{\"@id\":\"https:\/\/barrsell.com\/urun\/eos-lsg10-ca-cw-role-kutusu\/#primaryimage\"},\"image\":{\"@id\":\"https:\/\/barrsell.com\/urun\/eos-lsg10-ca-cw-role-kutusu\/#primaryimage\"},\"thumbnailUrl\":\"https:\/\/barrsell.com\/wp-content\/uploads\/2024\/08\/Eos-LSG10-CA-CW-Role-Kutusu.png\",\"datePublished\":\"2024-08-22T08:05:14+00:00\",\"dateModified\":\"2025-01-06T07:36:15+00:00\",\"description\":\"Eos LSG 10 CA \/ CW R\u00f6le Kutusu modern saunalarda g\u00fcvenilir ve etkili \u0131s\u0131tma sa\u011flamak \u00fczere tasarlanm\u0131\u015f y\u00fcksek performansl\u0131 bir sauna \u0131s\u0131t\u0131c\u0131s\u0131d\u0131r. Bu model,\",\"breadcrumb\":{\"@id\":\"https:\/\/barrsell.com\/urun\/eos-lsg10-ca-cw-role-kutusu\/#breadcrumb\"},\"inLanguage\":\"en-US\",\"potentialAction\":[{\"@type\":\"ReadAction\",\"target\":[\"https:\/\/barrsell.com\/urun\/eos-lsg10-ca-cw-role-kutusu\/\"]}]},{\"@type\":\"ImageObject\",\"inLanguage\":\"en-US\",\"@id\":\"https:\/\/barrsell.com\/urun\/eos-lsg10-ca-cw-role-kutusu\/#primaryimage\",\"url\":\"https:\/\/barrsell.com\/wp-content\/uploads\/2024\/08\/Eos-LSG10-CA-CW-Role-Kutusu.png\",\"contentUrl\":\"https:\/\/barrsell.com\/wp-content\/uploads\/2024\/08\/Eos-LSG10-CA-CW-Role-Kutusu.png\",\"width\":1200,\"height\":1200,\"caption\":\"Eos LSG10 CA-CW R\u00f6le Kutusu\"},{\"@type\":\"BreadcrumbList\",\"@id\":\"https:\/\/barrsell.com\/urun\/eos-lsg10-ca-cw-role-kutusu\/#breadcrumb\",\"itemListElement\":[{\"@type\":\"ListItem\",\"position\":1,\"name\":\"Home\",\"item\":\"https:\/\/barrsell.com\/\"},{\"@type\":\"ListItem\",\"position\":2,\"name\":\"\u00dcr\u00fcnler\",\"item\":\"https:\/\/barrsell.com\/en\/products\/\"},{\"@type\":\"ListItem\",\"position\":3,\"name\":\"Eos LSG10 CA\/CW R\u00f6le Kutusu\"}]},{\"@type\":\"WebSite\",\"@id\":\"https:\/\/barrsell.com\/#website\",\"url\":\"https:\/\/barrsell.com\/\",\"name\":\"Barrsell End\u00fcstri Makine\",\"description\":\"Teknolojiyle G\u00fc\u00e7lenen End\u00fcstriyel \u00c7\u00f6z\u00fcmler!\",\"potentialAction\":[{\"@type\":\"SearchAction\",\"target\":{\"@type\":\"EntryPoint\",\"urlTemplate\":\"https:\/\/barrsell.com\/?s={search_term_string}\"},\"query-input\":\"required name=search_term_string\"}],\"inLanguage\":\"en-US\"}]}<\/script>\n<!-- \/ Yoast SEO Premium plugin. -->","yoast_head_json":{"title":"Eos LSG10 CA\/CW R\u00f6le Kutusu | Barrsell End\u00fcstri","description":"Eos LSG 10 CA \/ CW R\u00f6le Kutusu modern saunalarda g\u00fcvenilir ve etkili \u0131s\u0131tma sa\u011flamak \u00fczere tasarlanm\u0131\u015f y\u00fcksek performansl\u0131 bir sauna \u0131s\u0131t\u0131c\u0131s\u0131d\u0131r. Bu model,","robots":{"index":"index","follow":"follow","max-snippet":"max-snippet:-1","max-image-preview":"max-image-preview:large","max-video-preview":"max-video-preview:-1"},"canonical":"https:\/\/barrsell.com\/en\/product\/eos-lsg10-ca-cw-role-box\/","og_locale":"en_US","og_type":"article","og_title":"Eos LSG10 CA\/CW R\u00f6le Kutusu","og_description":"Eos LSG 10 CA \/ CW R\u00f6le Kutusu modern saunalarda g\u00fcvenilir ve etkili \u0131s\u0131tma sa\u011flamak \u00fczere tasarlanm\u0131\u015f y\u00fcksek performansl\u0131 bir sauna \u0131s\u0131t\u0131c\u0131s\u0131d\u0131r. Bu model,","og_url":"https:\/\/barrsell.com\/en\/product\/eos-lsg10-ca-cw-role-box\/","og_site_name":"Barrsell","article_modified_time":"2025-01-06T07:36:15+00:00","og_image":[{"width":1200,"height":1200,"url":"https:\/\/barrsell.com\/wp-content\/uploads\/2024\/08\/Eos-LSG10-CA-CW-Role-Kutusu.png","type":"image\/png"}],"twitter_card":"summary_large_image","twitter_misc":{"Est. reading time":"2 minutes"},"schema":{"@context":"https:\/\/schema.org","@graph":[{"@type":"WebPage","@id":"https:\/\/barrsell.com\/urun\/eos-lsg10-ca-cw-role-kutusu\/","url":"https:\/\/barrsell.com\/urun\/eos-lsg10-ca-cw-role-kutusu\/","name":"Eos LSG10 CA\/CW R\u00f6le Kutusu | Barrsell End\u00fcstri","isPartOf":{"@id":"https:\/\/barrsell.com\/#website"},"primaryImageOfPage":{"@id":"https:\/\/barrsell.com\/urun\/eos-lsg10-ca-cw-role-kutusu\/#primaryimage"},"image":{"@id":"https:\/\/barrsell.com\/urun\/eos-lsg10-ca-cw-role-kutusu\/#primaryimage"},"thumbnailUrl":"https:\/\/barrsell.com\/wp-content\/uploads\/2024\/08\/Eos-LSG10-CA-CW-Role-Kutusu.png","datePublished":"2024-08-22T08:05:14+00:00","dateModified":"2025-01-06T07:36:15+00:00","description":"Eos LSG 10 CA \/ CW R\u00f6le Kutusu modern saunalarda g\u00fcvenilir ve etkili \u0131s\u0131tma sa\u011flamak \u00fczere tasarlanm\u0131\u015f y\u00fcksek performansl\u0131 bir sauna \u0131s\u0131t\u0131c\u0131s\u0131d\u0131r. Bu model,","breadcrumb":{"@id":"https:\/\/barrsell.com\/urun\/eos-lsg10-ca-cw-role-kutusu\/#breadcrumb"},"inLanguage":"en-US","potentialAction":[{"@type":"ReadAction","target":["https:\/\/barrsell.com\/urun\/eos-lsg10-ca-cw-role-kutusu\/"]}]},{"@type":"ImageObject","inLanguage":"en-US","@id":"https:\/\/barrsell.com\/urun\/eos-lsg10-ca-cw-role-kutusu\/#primaryimage","url":"https:\/\/barrsell.com\/wp-content\/uploads\/2024\/08\/Eos-LSG10-CA-CW-Role-Kutusu.png","contentUrl":"https:\/\/barrsell.com\/wp-content\/uploads\/2024\/08\/Eos-LSG10-CA-CW-Role-Kutusu.png","width":1200,"height":1200,"caption":"Eos LSG10 CA-CW R\u00f6le Kutusu"},{"@type":"BreadcrumbList","@id":"https:\/\/barrsell.com\/urun\/eos-lsg10-ca-cw-role-kutusu\/#breadcrumb","itemListElement":[{"@type":"ListItem","position":1,"name":"Home","item":"https:\/\/barrsell.com\/"},{"@type":"ListItem","position":2,"name":"\u00dcr\u00fcnler","item":"https:\/\/barrsell.com\/en\/products\/"},{"@type":"ListItem","position":3,"name":"Eos LSG10 CA\/CW R\u00f6le Kutusu"}]},{"@type":"WebSite","@id":"https:\/\/barrsell.com\/#website","url":"https:\/\/barrsell.com\/","name":"Barrsell End\u00fcstri Makine","description":"Teknolojiyle G\u00fc\u00e7lenen End\u00fcstriyel \u00c7\u00f6z\u00fcmler!","potentialAction":[{"@type":"SearchAction","target":{"@type":"EntryPoint","urlTemplate":"https:\/\/barrsell.com\/?s={search_term_string}"},"query-input":"required name=search_term_string"}],"inLanguage":"en-US"}]}},"_links":{"self":[{"href":"https:\/\/barrsell.com\/en\/wp-json\/wp\/v2\/product\/12757","targetHints":{"allow":["GET"]}}],"collection":[{"href":"https:\/\/barrsell.com\/en\/wp-json\/wp\/v2\/product"}],"about":[{"href":"https:\/\/barrsell.com\/en\/wp-json\/wp\/v2\/types\/product"}],"version-history":[{"count":5,"href":"https:\/\/barrsell.com\/en\/wp-json\/wp\/v2\/product\/12757\/revisions"}],"predecessor-version":[{"id":19842,"href":"https:\/\/barrsell.com\/en\/wp-json\/wp\/v2\/product\/12757\/revisions\/19842"}],"wp:featuredmedia":[{"embeddable":true,"href":"https:\/\/barrsell.com\/en\/wp-json\/wp\/v2\/media\/12758"}],"wp:attachment":[{"href":"https:\/\/barrsell.com\/en\/wp-json\/wp\/v2\/media?parent=12757"}],"wp:term":[{"taxonomy":"product_cat","embeddable":true,"href":"https:\/\/barrsell.com\/en\/wp-json\/wp\/v2\/product_cat?post=12757"},{"taxonomy":"product_tag","embeddable":true,"href":"https:\/\/barrsell.com\/en\/wp-json\/wp\/v2\/product_tag?post=12757"}],"curies":[{"name":"wp","href":"https:\/\/api.w.org\/{rel}","templated":true}]}}