{"id":12748,"date":"2024-08-22T07:00:13","date_gmt":"2024-08-22T07:00:13","guid":{"rendered":"https:\/\/barrsell.com\/?post_type=product&#038;p=12748"},"modified":"2025-01-06T08:20:59","modified_gmt":"2025-01-06T08:20:59","slug":"eos-lsg-36-36-h","status":"publish","type":"product","link":"https:\/\/barrsell.com\/en\/product\/eos-lsg-36-36-h\/","title":{"rendered":"Eos LSG 36 \/ 36 H"},"content":{"rendered":"<div class=\"flex-1 overflow-hidden\">\n<div class=\"h-full\">\n<div class=\"react-scroll-to-bottom--css-jkftv-79elbk h-full\">\n<div class=\"react-scroll-to-bottom--css-jkftv-1n7m0yu\">\n<div class=\"flex flex-col text-sm md:pb-9\">\n<article class=\"w-full text-token-text-primary focus-visible:outline-2 focus-visible:outline-offset-[-4px]\" dir=\"auto\" tabindex=\"0\" data-testid=\"conversation-turn-7\" data-scroll-anchor=\"true\">\n<div class=\"text-base py-[18px] px-3 md:px-4 m-auto md:px-5\">\n<div class=\"mx-auto flex flex-1 gap-4 text-base md:gap-5 lg:gap-6 md:max-w-3xl lg:max-w-[40rem] xl:max-w-[48rem]\">\n<div class=\"group\/conversation-turn relative flex w-full min-w-0 flex-col agent-turn\">\n<div class=\"flex-col gap-1 md:gap-3\">\n<div class=\"flex max-w-full flex-col flex-grow\">\n<div class=\"min-h-[20px] text-message flex w-full flex-col items-end gap-2 break-words [.text-message+&amp;]:mt-5 overflow-x-auto whitespace-pre-wrap\" dir=\"auto\" data-message-author-role=\"assistant\" data-message-id=\"8cdefc78-d56b-4441-8cb1-8e8f03006774\">\n<div class=\"flex w-full flex-col gap-1 empty:hidden first:pt-[3px]\">\n<div class=\"markdown prose w-full break-words dark:prose-invert light\">\n<h2>Eos LSG 36 \/ 36 H<\/h2>\n<p>Power extension cable used as a professional grade contactor box for the Eos LSG 36 \/ 36 H model. It offers the perfect solution for sauna control units. This system also provides an additional 36 kW switching capacity. Thus increasing reliability in large-scale sauna projects.<\/p>\n<h4><strong>Featured Features:<\/strong><\/h4>\n<ul>\n<li><strong>Durable and Safe Design:<\/strong> The professional wall-mounted enclosure comes with a built-in fuse box. And thus offers connectivity from all sides. At the same time, the glass window on the front facilitates inspection and maintenance. The integrated fuse box is compatible with Neozed D02 fuses, ensuring high safety.<\/li>\n<li><strong>Wide Power Capacity:<\/strong> This model is suitable for dual circuit sauna heaters up to 45 kW (46 kW). When used in combination with 9 kW (10 kW) sauna control units such as the EOS Compact D18\/H18, it can increase the capacity up to 54 kW. This feature provides flexibility for large and professional sauna installations.<\/li>\n<li><strong>LSG 36 and LSG 36 H Differences:<\/strong> LSG 36 offers 2 x 18 kW output. The LSG 36 H offers 2 x 18 kW output for heaters plus an additional 4 kW output for vaporizers. This feature is particularly ideal for Bi-O type sauna heaters. And thus offers users a versatile heating solution.<\/li>\n<\/ul>\n<p>These features make the Eos LSG 36 \/ 36 H the reliable solution for extensive sauna projects. It has a robust construction, high power capacity and integrated safety measures. It is an excellent choice for commercial use.<\/p>\n<\/div>\n<\/div>\n<\/div>\n<\/div>\n<div class=\"mt-1 flex gap-3 empty:hidden -ml-2\">\n<div class=\"items-center justify-start rounded-xl p-1 flex\">\n<div class=\"flex items-center\"><\/div>\n<\/div>\n<\/div>\n<div class=\"mt-3 w-full empty:hidden\">\n<div class=\"text-center\"><\/div>\n<\/div>\n<\/div>\n<div class=\"absolute\">\n<div class=\"flex items-center justify-center\"><\/div>\n<\/div>\n<\/div>\n<\/div>\n<\/div>\n<\/article>\n<\/div>\n<\/div>\n<\/div>\n<\/div>\n<\/div>\n<div class=\"md:pt-0 dark:border-white\/20 md:border-transparent md:dark:border-transparent w-full\">\n<div class=\"text-base px-3 md:px-4 m-auto md:px-5\">\n<div class=\"mx-auto flex flex-1 gap-4 text-base md:gap-5 lg:gap-6 md:max-w-3xl lg:max-w-[40rem] xl:max-w-[48rem]\">\n<form class=\"w-full\" aria-haspopup=\"dialog\" aria-expanded=\"false\" aria-controls=\"radix-:r2:\" data-state=\"closed\" action=\"\">\n<div class=\"relative flex h-full max-w-full flex-1 flex-col\">\n<div class=\"absolute bottom-full left-0 right-0 z-20\"><\/div>\n<div class=\"group relative flex w-full items-center\">\n<div class=\"flex w-full flex-col gap-1.5 rounded-[26px] p-1.5 transition-colors bg-[#f4f4f4] dark:bg-token-main-surface-secondary\">\n<div class=\"flex items-end gap-1.5 md:gap-2\">\n<div class=\"relative\">\n<div class=\"flex flex-col\">\n<div aria-haspopup=\"dialog\" aria-expanded=\"false\" aria-controls=\"radix-:rf:\" data-state=\"closed\"><\/div>\n<\/div>\n<\/div>\n<div class=\"flex min-w-0 flex-1 flex-col\"><\/div>\n<\/div>\n<\/div>\n<\/div>\n<\/div>\n<input type=\"hidden\" name=\"trp-form-language\" value=\"en\"\/><\/form>\n<\/div>\n<\/div>\n<\/div>","protected":false},"excerpt":{"rendered":"<ul>\n<li><b>LSG 36:<\/b>\u00a02 x 18 kW output.<\/li>\n<\/ul>","protected":false},"featured_media":12749,"template":"","meta":[],"product_cat":[157],"product_tag":[],"class_list":{"0":"post-12748","1":"product","2":"type-product","3":"status-publish","4":"has-post-thumbnail","6":"product_cat-eos-guc-uniteleri","8":"first","9":"instock","10":"shipping-taxable","11":"purchasable","12":"product-type-simple"},"yoast_head":"<!-- This site is optimized with the Yoast SEO Premium plugin v23.2 (Yoast SEO v23.2) - https:\/\/yoast.com\/wordpress\/plugins\/seo\/ -->\n<title>Eos LSG 36 \/ 36 H | Barrsell End\u00fcstri<\/title>\n<meta name=\"description\" content=\"Eos LSG 36 \/ 36 H modeli i\u00e7in profesyonel s\u0131n\u0131f bir kontakt\u00f6r kutusu olarak kullan\u0131lan g\u00fc\u00e7 uzatma kablosu, sauna kontrol \u00fcniteleri i\u00e7in m\u00fckemmel\" \/>\n<meta name=\"robots\" content=\"index, follow, max-snippet:-1, max-image-preview:large, max-video-preview:-1\" \/>\n<link rel=\"canonical\" href=\"https:\/\/barrsell.com\/en\/product\/eos-lsg-36-36-h\/\" \/>\n<meta property=\"og:locale\" content=\"en_US\" \/>\n<meta property=\"og:type\" content=\"article\" \/>\n<meta property=\"og:title\" content=\"Eos LSG 36 \/ 36 H\" \/>\n<meta property=\"og:description\" content=\"Eos LSG 36 \/ 36 H modeli i\u00e7in profesyonel s\u0131n\u0131f bir kontakt\u00f6r kutusu olarak kullan\u0131lan g\u00fc\u00e7 uzatma kablosu, sauna kontrol \u00fcniteleri i\u00e7in m\u00fckemmel\" \/>\n<meta property=\"og:url\" content=\"https:\/\/barrsell.com\/en\/product\/eos-lsg-36-36-h\/\" \/>\n<meta property=\"og:site_name\" content=\"Barrsell\" \/>\n<meta property=\"article:modified_time\" content=\"2025-01-06T08:20:59+00:00\" \/>\n<meta property=\"og:image\" content=\"https:\/\/barrsell.com\/wp-content\/uploads\/2024\/08\/Eos-LSG-36-36-H.png\" \/>\n\t<meta property=\"og:image:width\" content=\"1200\" \/>\n\t<meta property=\"og:image:height\" content=\"1200\" \/>\n\t<meta property=\"og:image:type\" content=\"image\/png\" \/>\n<meta name=\"twitter:card\" content=\"summary_large_image\" \/>\n<meta name=\"twitter:label1\" content=\"Est. reading time\" \/>\n\t<meta name=\"twitter:data1\" content=\"2 minutes\" \/>\n<script type=\"application\/ld+json\" class=\"yoast-schema-graph\">{\"@context\":\"https:\/\/schema.org\",\"@graph\":[{\"@type\":\"WebPage\",\"@id\":\"https:\/\/barrsell.com\/urun\/eos-lsg-36-36-h\/\",\"url\":\"https:\/\/barrsell.com\/urun\/eos-lsg-36-36-h\/\",\"name\":\"Eos LSG 36 \/ 36 H | Barrsell End\u00fcstri\",\"isPartOf\":{\"@id\":\"https:\/\/barrsell.com\/#website\"},\"primaryImageOfPage\":{\"@id\":\"https:\/\/barrsell.com\/urun\/eos-lsg-36-36-h\/#primaryimage\"},\"image\":{\"@id\":\"https:\/\/barrsell.com\/urun\/eos-lsg-36-36-h\/#primaryimage\"},\"thumbnailUrl\":\"https:\/\/barrsell.com\/wp-content\/uploads\/2024\/08\/Eos-LSG-36-36-H.png\",\"datePublished\":\"2024-08-22T07:00:13+00:00\",\"dateModified\":\"2025-01-06T08:20:59+00:00\",\"description\":\"Eos LSG 36 \/ 36 H modeli i\u00e7in profesyonel s\u0131n\u0131f bir kontakt\u00f6r kutusu olarak kullan\u0131lan g\u00fc\u00e7 uzatma kablosu, sauna kontrol \u00fcniteleri i\u00e7in m\u00fckemmel\",\"breadcrumb\":{\"@id\":\"https:\/\/barrsell.com\/urun\/eos-lsg-36-36-h\/#breadcrumb\"},\"inLanguage\":\"en-US\",\"potentialAction\":[{\"@type\":\"ReadAction\",\"target\":[\"https:\/\/barrsell.com\/urun\/eos-lsg-36-36-h\/\"]}]},{\"@type\":\"ImageObject\",\"inLanguage\":\"en-US\",\"@id\":\"https:\/\/barrsell.com\/urun\/eos-lsg-36-36-h\/#primaryimage\",\"url\":\"https:\/\/barrsell.com\/wp-content\/uploads\/2024\/08\/Eos-LSG-36-36-H.png\",\"contentUrl\":\"https:\/\/barrsell.com\/wp-content\/uploads\/2024\/08\/Eos-LSG-36-36-H.png\",\"width\":1200,\"height\":1200,\"caption\":\"Eos-LSG-36-36-H\"},{\"@type\":\"BreadcrumbList\",\"@id\":\"https:\/\/barrsell.com\/urun\/eos-lsg-36-36-h\/#breadcrumb\",\"itemListElement\":[{\"@type\":\"ListItem\",\"position\":1,\"name\":\"Home\",\"item\":\"https:\/\/barrsell.com\/\"},{\"@type\":\"ListItem\",\"position\":2,\"name\":\"\u00dcr\u00fcnler\",\"item\":\"https:\/\/barrsell.com\/en\/products\/\"},{\"@type\":\"ListItem\",\"position\":3,\"name\":\"Eos LSG 36 \/ 36 H\"}]},{\"@type\":\"WebSite\",\"@id\":\"https:\/\/barrsell.com\/#website\",\"url\":\"https:\/\/barrsell.com\/\",\"name\":\"Barrsell End\u00fcstri Makine\",\"description\":\"Teknolojiyle G\u00fc\u00e7lenen End\u00fcstriyel \u00c7\u00f6z\u00fcmler!\",\"potentialAction\":[{\"@type\":\"SearchAction\",\"target\":{\"@type\":\"EntryPoint\",\"urlTemplate\":\"https:\/\/barrsell.com\/?s={search_term_string}\"},\"query-input\":\"required name=search_term_string\"}],\"inLanguage\":\"en-US\"}]}<\/script>\n<!-- \/ Yoast SEO Premium plugin. -->","yoast_head_json":{"title":"Eos LSG 36 \/ 36 H | Barrsell End\u00fcstri","description":"Eos LSG 36 \/ 36 H modeli i\u00e7in profesyonel s\u0131n\u0131f bir kontakt\u00f6r kutusu olarak kullan\u0131lan g\u00fc\u00e7 uzatma kablosu, sauna kontrol \u00fcniteleri i\u00e7in m\u00fckemmel","robots":{"index":"index","follow":"follow","max-snippet":"max-snippet:-1","max-image-preview":"max-image-preview:large","max-video-preview":"max-video-preview:-1"},"canonical":"https:\/\/barrsell.com\/en\/product\/eos-lsg-36-36-h\/","og_locale":"en_US","og_type":"article","og_title":"Eos LSG 36 \/ 36 H","og_description":"Eos LSG 36 \/ 36 H modeli i\u00e7in profesyonel s\u0131n\u0131f bir kontakt\u00f6r kutusu olarak kullan\u0131lan g\u00fc\u00e7 uzatma kablosu, sauna kontrol \u00fcniteleri i\u00e7in m\u00fckemmel","og_url":"https:\/\/barrsell.com\/en\/product\/eos-lsg-36-36-h\/","og_site_name":"Barrsell","article_modified_time":"2025-01-06T08:20:59+00:00","og_image":[{"width":1200,"height":1200,"url":"https:\/\/barrsell.com\/wp-content\/uploads\/2024\/08\/Eos-LSG-36-36-H.png","type":"image\/png"}],"twitter_card":"summary_large_image","twitter_misc":{"Est. reading time":"2 minutes"},"schema":{"@context":"https:\/\/schema.org","@graph":[{"@type":"WebPage","@id":"https:\/\/barrsell.com\/urun\/eos-lsg-36-36-h\/","url":"https:\/\/barrsell.com\/urun\/eos-lsg-36-36-h\/","name":"Eos LSG 36 \/ 36 H | Barrsell End\u00fcstri","isPartOf":{"@id":"https:\/\/barrsell.com\/#website"},"primaryImageOfPage":{"@id":"https:\/\/barrsell.com\/urun\/eos-lsg-36-36-h\/#primaryimage"},"image":{"@id":"https:\/\/barrsell.com\/urun\/eos-lsg-36-36-h\/#primaryimage"},"thumbnailUrl":"https:\/\/barrsell.com\/wp-content\/uploads\/2024\/08\/Eos-LSG-36-36-H.png","datePublished":"2024-08-22T07:00:13+00:00","dateModified":"2025-01-06T08:20:59+00:00","description":"Eos LSG 36 \/ 36 H modeli i\u00e7in profesyonel s\u0131n\u0131f bir kontakt\u00f6r kutusu olarak kullan\u0131lan g\u00fc\u00e7 uzatma kablosu, sauna kontrol \u00fcniteleri i\u00e7in m\u00fckemmel","breadcrumb":{"@id":"https:\/\/barrsell.com\/urun\/eos-lsg-36-36-h\/#breadcrumb"},"inLanguage":"en-US","potentialAction":[{"@type":"ReadAction","target":["https:\/\/barrsell.com\/urun\/eos-lsg-36-36-h\/"]}]},{"@type":"ImageObject","inLanguage":"en-US","@id":"https:\/\/barrsell.com\/urun\/eos-lsg-36-36-h\/#primaryimage","url":"https:\/\/barrsell.com\/wp-content\/uploads\/2024\/08\/Eos-LSG-36-36-H.png","contentUrl":"https:\/\/barrsell.com\/wp-content\/uploads\/2024\/08\/Eos-LSG-36-36-H.png","width":1200,"height":1200,"caption":"Eos-LSG-36-36-H"},{"@type":"BreadcrumbList","@id":"https:\/\/barrsell.com\/urun\/eos-lsg-36-36-h\/#breadcrumb","itemListElement":[{"@type":"ListItem","position":1,"name":"Home","item":"https:\/\/barrsell.com\/"},{"@type":"ListItem","position":2,"name":"\u00dcr\u00fcnler","item":"https:\/\/barrsell.com\/en\/products\/"},{"@type":"ListItem","position":3,"name":"Eos LSG 36 \/ 36 H"}]},{"@type":"WebSite","@id":"https:\/\/barrsell.com\/#website","url":"https:\/\/barrsell.com\/","name":"Barrsell End\u00fcstri Makine","description":"Teknolojiyle G\u00fc\u00e7lenen End\u00fcstriyel \u00c7\u00f6z\u00fcmler!","potentialAction":[{"@type":"SearchAction","target":{"@type":"EntryPoint","urlTemplate":"https:\/\/barrsell.com\/?s={search_term_string}"},"query-input":"required name=search_term_string"}],"inLanguage":"en-US"}]}},"_links":{"self":[{"href":"https:\/\/barrsell.com\/en\/wp-json\/wp\/v2\/product\/12748","targetHints":{"allow":["GET"]}}],"collection":[{"href":"https:\/\/barrsell.com\/en\/wp-json\/wp\/v2\/product"}],"about":[{"href":"https:\/\/barrsell.com\/en\/wp-json\/wp\/v2\/types\/product"}],"version-history":[{"count":4,"href":"https:\/\/barrsell.com\/en\/wp-json\/wp\/v2\/product\/12748\/revisions"}],"predecessor-version":[{"id":19852,"href":"https:\/\/barrsell.com\/en\/wp-json\/wp\/v2\/product\/12748\/revisions\/19852"}],"wp:featuredmedia":[{"embeddable":true,"href":"https:\/\/barrsell.com\/en\/wp-json\/wp\/v2\/media\/12749"}],"wp:attachment":[{"href":"https:\/\/barrsell.com\/en\/wp-json\/wp\/v2\/media?parent=12748"}],"wp:term":[{"taxonomy":"product_cat","embeddable":true,"href":"https:\/\/barrsell.com\/en\/wp-json\/wp\/v2\/product_cat?post=12748"},{"taxonomy":"product_tag","embeddable":true,"href":"https:\/\/barrsell.com\/en\/wp-json\/wp\/v2\/product_tag?post=12748"}],"curies":[{"name":"wp","href":"https:\/\/api.w.org\/{rel}","templated":true}]}}