{"id":12744,"date":"2024-08-22T06:53:04","date_gmt":"2024-08-22T06:53:04","guid":{"rendered":"https:\/\/barrsell.com\/?post_type=product&#038;p=12744"},"modified":"2025-01-06T08:42:48","modified_gmt":"2025-01-06T08:42:48","slug":"eos-lsg-18-18-saat","status":"publish","type":"product","link":"https:\/\/barrsell.com\/en\/product\/eos-lsg-18-18-hour\/","title":{"rendered":"Eos LSG 18 -18 Hours"},"content":{"rendered":"<h2>Eos LSG 18 - 18 Hour Power Extension Contactor Box<\/h2>\n<p>Eos LSG 18-18 is a high capacity power extension contactor box specially designed for sauna control units. This module is designed to meet the energy needs of sauna systems. It is suitable for use in large-scale and commercial saunas. It offers a robust power management solution to support long-term and intensive use of sauna heaters.<\/p>\n<h4><strong>High Power Capacity and Long-Term Performance:<\/strong><\/h4>\n<p>It provides a powerful flow of electricity for sauna heaters. This ensures a stable performance even under prolonged and intensive use. With an 18-hour runtime, it is ideal for large-scale sauna businesses. This provides a reliable solution for commercial saunas that require continuous operations.<\/p>\n<table class=\"contenttable\" border=\"0\" cellspacing=\"0\" cellpadding=\"0\">\n<tbody>\n<tr>\n<td valign=\"top\" width=\"302\"><b>Electricity connection<\/b><\/td>\n<td valign=\"top\" width=\"302\">400V 3N ~ 50 Hz<\/td>\n<\/tr>\n<tr>\n<td valign=\"top\" width=\"302\"><b>Switching capacity - heater<\/b><\/td>\n<td valign=\"top\" width=\"302\">18.0 kW resistive load<\/td>\n<\/tr>\n<tr>\n<td valign=\"top\" width=\"302\"><b>Switching capacity - vaporizer (LSG 18 H only)<\/b><\/td>\n<td valign=\"top\" width=\"302\">4.0 kW resistive load<\/td>\n<\/tr>\n<tr>\n<td valign=\"top\" width=\"302\"><b>Color<\/b><\/td>\n<td valign=\"top\" width=\"302\">anthracite \/ gray<\/td>\n<\/tr>\n<tr>\n<td valign=\"top\" width=\"302\"><b>Dimensions W\/H\/D<\/b><\/td>\n<td valign=\"top\" width=\"302\">27 \/ 30 \/ 10 centimeters<\/td>\n<\/tr>\n<tr>\n<td valign=\"top\" width=\"302\"><b>Ambient temperature during operation<\/b><\/td>\n<td valign=\"top\" width=\"302\">-10 ila +40 \u00b0C<\/td>\n<\/tr>\n<tr>\n<td valign=\"top\" width=\"302\"><b>Unpacked weight<\/b><\/p>\n<p>&nbsp;<\/td>\n<td valign=\"top\" width=\"302\">2.8 kilos<\/td>\n<\/tr>\n<\/tbody>\n<\/table>","protected":false},"excerpt":{"rendered":"<p>Eos LSG 18 &#8211; 18 Saat G\u00fc\u00e7 Uzatma Kontakt\u00f6r Kutusu Eos LSG 18-18, sauna kontrol \u00fcniteleri i\u00e7in \u00f6zel olarak tasarlanm\u0131\u015f<\/p>","protected":false},"featured_media":12745,"template":"","meta":[],"product_cat":[157],"product_tag":[],"class_list":{"0":"post-12744","1":"product","2":"type-product","3":"status-publish","4":"has-post-thumbnail","6":"product_cat-eos-guc-uniteleri","8":"first","9":"instock","10":"shipping-taxable","11":"purchasable","12":"product-type-simple"},"yoast_head":"<!-- This site is optimized with the Yoast SEO Premium plugin v23.2 (Yoast SEO v23.2) - https:\/\/yoast.com\/wordpress\/plugins\/seo\/ -->\n<title>Eos LSG 18 -18 Saat | Barrsell End\u00fcstri<\/title>\n<meta name=\"description\" content=\"Eos LSG 18 -18 Saat sauna kontrol \u00fcniteleri i\u00e7in \u00f6zel olarak tasarlanm\u0131\u015f y\u00fcksek kapasiteli bir g\u00fc\u00e7 uzatma kontakt\u00f6r kutusudur. Bu mod\u00fcl, sauna sistemlerinin\" \/>\n<meta name=\"robots\" content=\"index, follow, max-snippet:-1, max-image-preview:large, max-video-preview:-1\" \/>\n<link rel=\"canonical\" href=\"https:\/\/barrsell.com\/en\/product\/eos-lsg-18-18-hour\/\" \/>\n<meta property=\"og:locale\" content=\"en_US\" \/>\n<meta property=\"og:type\" content=\"article\" \/>\n<meta property=\"og:title\" content=\"Eos LSG 18 -18 Saat\" \/>\n<meta property=\"og:description\" content=\"Eos LSG 18 -18 Saat sauna kontrol \u00fcniteleri i\u00e7in \u00f6zel olarak tasarlanm\u0131\u015f y\u00fcksek kapasiteli bir g\u00fc\u00e7 uzatma kontakt\u00f6r kutusudur. Bu mod\u00fcl, sauna sistemlerinin\" \/>\n<meta property=\"og:url\" content=\"https:\/\/barrsell.com\/en\/product\/eos-lsg-18-18-hour\/\" \/>\n<meta property=\"og:site_name\" content=\"Barrsell\" \/>\n<meta property=\"article:modified_time\" content=\"2025-01-06T08:42:48+00:00\" \/>\n<meta property=\"og:image\" content=\"https:\/\/barrsell.com\/wp-content\/uploads\/2024\/08\/Eos-LSG-18-18-Saat.png\" \/>\n\t<meta property=\"og:image:width\" content=\"1200\" \/>\n\t<meta property=\"og:image:height\" content=\"1200\" \/>\n\t<meta property=\"og:image:type\" content=\"image\/png\" \/>\n<meta name=\"twitter:card\" content=\"summary_large_image\" \/>\n<meta name=\"twitter:label1\" content=\"Est. reading time\" \/>\n\t<meta name=\"twitter:data1\" content=\"2 minutes\" \/>\n<script type=\"application\/ld+json\" class=\"yoast-schema-graph\">{\"@context\":\"https:\/\/schema.org\",\"@graph\":[{\"@type\":\"WebPage\",\"@id\":\"https:\/\/barrsell.com\/urun\/eos-lsg-18-18-saat\/\",\"url\":\"https:\/\/barrsell.com\/urun\/eos-lsg-18-18-saat\/\",\"name\":\"Eos LSG 18 -18 Saat | Barrsell End\u00fcstri\",\"isPartOf\":{\"@id\":\"https:\/\/barrsell.com\/#website\"},\"primaryImageOfPage\":{\"@id\":\"https:\/\/barrsell.com\/urun\/eos-lsg-18-18-saat\/#primaryimage\"},\"image\":{\"@id\":\"https:\/\/barrsell.com\/urun\/eos-lsg-18-18-saat\/#primaryimage\"},\"thumbnailUrl\":\"https:\/\/barrsell.com\/wp-content\/uploads\/2024\/08\/Eos-LSG-18-18-Saat.png\",\"datePublished\":\"2024-08-22T06:53:04+00:00\",\"dateModified\":\"2025-01-06T08:42:48+00:00\",\"description\":\"Eos LSG 18 -18 Saat sauna kontrol \u00fcniteleri i\u00e7in \u00f6zel olarak tasarlanm\u0131\u015f y\u00fcksek kapasiteli bir g\u00fc\u00e7 uzatma kontakt\u00f6r kutusudur. Bu mod\u00fcl, sauna sistemlerinin\",\"breadcrumb\":{\"@id\":\"https:\/\/barrsell.com\/urun\/eos-lsg-18-18-saat\/#breadcrumb\"},\"inLanguage\":\"en-US\",\"potentialAction\":[{\"@type\":\"ReadAction\",\"target\":[\"https:\/\/barrsell.com\/urun\/eos-lsg-18-18-saat\/\"]}]},{\"@type\":\"ImageObject\",\"inLanguage\":\"en-US\",\"@id\":\"https:\/\/barrsell.com\/urun\/eos-lsg-18-18-saat\/#primaryimage\",\"url\":\"https:\/\/barrsell.com\/wp-content\/uploads\/2024\/08\/Eos-LSG-18-18-Saat.png\",\"contentUrl\":\"https:\/\/barrsell.com\/wp-content\/uploads\/2024\/08\/Eos-LSG-18-18-Saat.png\",\"width\":1200,\"height\":1200,\"caption\":\"Eos LSG 18 -18 Saat\"},{\"@type\":\"BreadcrumbList\",\"@id\":\"https:\/\/barrsell.com\/urun\/eos-lsg-18-18-saat\/#breadcrumb\",\"itemListElement\":[{\"@type\":\"ListItem\",\"position\":1,\"name\":\"Home\",\"item\":\"https:\/\/barrsell.com\/\"},{\"@type\":\"ListItem\",\"position\":2,\"name\":\"\u00dcr\u00fcnler\",\"item\":\"https:\/\/barrsell.com\/en\/products\/\"},{\"@type\":\"ListItem\",\"position\":3,\"name\":\"Eos LSG 18 -18 Saat\"}]},{\"@type\":\"WebSite\",\"@id\":\"https:\/\/barrsell.com\/#website\",\"url\":\"https:\/\/barrsell.com\/\",\"name\":\"Barrsell End\u00fcstri Makine\",\"description\":\"Teknolojiyle G\u00fc\u00e7lenen End\u00fcstriyel \u00c7\u00f6z\u00fcmler!\",\"potentialAction\":[{\"@type\":\"SearchAction\",\"target\":{\"@type\":\"EntryPoint\",\"urlTemplate\":\"https:\/\/barrsell.com\/?s={search_term_string}\"},\"query-input\":\"required name=search_term_string\"}],\"inLanguage\":\"en-US\"}]}<\/script>\n<!-- \/ Yoast SEO Premium plugin. -->","yoast_head_json":{"title":"Eos LSG 18 -18 Saat | Barrsell End\u00fcstri","description":"Eos LSG 18 -18 Saat sauna kontrol \u00fcniteleri i\u00e7in \u00f6zel olarak tasarlanm\u0131\u015f y\u00fcksek kapasiteli bir g\u00fc\u00e7 uzatma kontakt\u00f6r kutusudur. Bu mod\u00fcl, sauna sistemlerinin","robots":{"index":"index","follow":"follow","max-snippet":"max-snippet:-1","max-image-preview":"max-image-preview:large","max-video-preview":"max-video-preview:-1"},"canonical":"https:\/\/barrsell.com\/en\/product\/eos-lsg-18-18-hour\/","og_locale":"en_US","og_type":"article","og_title":"Eos LSG 18 -18 Saat","og_description":"Eos LSG 18 -18 Saat sauna kontrol \u00fcniteleri i\u00e7in \u00f6zel olarak tasarlanm\u0131\u015f y\u00fcksek kapasiteli bir g\u00fc\u00e7 uzatma kontakt\u00f6r kutusudur. Bu mod\u00fcl, sauna sistemlerinin","og_url":"https:\/\/barrsell.com\/en\/product\/eos-lsg-18-18-hour\/","og_site_name":"Barrsell","article_modified_time":"2025-01-06T08:42:48+00:00","og_image":[{"width":1200,"height":1200,"url":"https:\/\/barrsell.com\/wp-content\/uploads\/2024\/08\/Eos-LSG-18-18-Saat.png","type":"image\/png"}],"twitter_card":"summary_large_image","twitter_misc":{"Est. reading time":"2 minutes"},"schema":{"@context":"https:\/\/schema.org","@graph":[{"@type":"WebPage","@id":"https:\/\/barrsell.com\/urun\/eos-lsg-18-18-saat\/","url":"https:\/\/barrsell.com\/urun\/eos-lsg-18-18-saat\/","name":"Eos LSG 18 -18 Saat | Barrsell End\u00fcstri","isPartOf":{"@id":"https:\/\/barrsell.com\/#website"},"primaryImageOfPage":{"@id":"https:\/\/barrsell.com\/urun\/eos-lsg-18-18-saat\/#primaryimage"},"image":{"@id":"https:\/\/barrsell.com\/urun\/eos-lsg-18-18-saat\/#primaryimage"},"thumbnailUrl":"https:\/\/barrsell.com\/wp-content\/uploads\/2024\/08\/Eos-LSG-18-18-Saat.png","datePublished":"2024-08-22T06:53:04+00:00","dateModified":"2025-01-06T08:42:48+00:00","description":"Eos LSG 18 -18 Saat sauna kontrol \u00fcniteleri i\u00e7in \u00f6zel olarak tasarlanm\u0131\u015f y\u00fcksek kapasiteli bir g\u00fc\u00e7 uzatma kontakt\u00f6r kutusudur. Bu mod\u00fcl, sauna sistemlerinin","breadcrumb":{"@id":"https:\/\/barrsell.com\/urun\/eos-lsg-18-18-saat\/#breadcrumb"},"inLanguage":"en-US","potentialAction":[{"@type":"ReadAction","target":["https:\/\/barrsell.com\/urun\/eos-lsg-18-18-saat\/"]}]},{"@type":"ImageObject","inLanguage":"en-US","@id":"https:\/\/barrsell.com\/urun\/eos-lsg-18-18-saat\/#primaryimage","url":"https:\/\/barrsell.com\/wp-content\/uploads\/2024\/08\/Eos-LSG-18-18-Saat.png","contentUrl":"https:\/\/barrsell.com\/wp-content\/uploads\/2024\/08\/Eos-LSG-18-18-Saat.png","width":1200,"height":1200,"caption":"Eos LSG 18 -18 Saat"},{"@type":"BreadcrumbList","@id":"https:\/\/barrsell.com\/urun\/eos-lsg-18-18-saat\/#breadcrumb","itemListElement":[{"@type":"ListItem","position":1,"name":"Home","item":"https:\/\/barrsell.com\/"},{"@type":"ListItem","position":2,"name":"\u00dcr\u00fcnler","item":"https:\/\/barrsell.com\/en\/products\/"},{"@type":"ListItem","position":3,"name":"Eos LSG 18 -18 Saat"}]},{"@type":"WebSite","@id":"https:\/\/barrsell.com\/#website","url":"https:\/\/barrsell.com\/","name":"Barrsell End\u00fcstri Makine","description":"Teknolojiyle G\u00fc\u00e7lenen End\u00fcstriyel \u00c7\u00f6z\u00fcmler!","potentialAction":[{"@type":"SearchAction","target":{"@type":"EntryPoint","urlTemplate":"https:\/\/barrsell.com\/?s={search_term_string}"},"query-input":"required name=search_term_string"}],"inLanguage":"en-US"}]}},"_links":{"self":[{"href":"https:\/\/barrsell.com\/en\/wp-json\/wp\/v2\/product\/12744","targetHints":{"allow":["GET"]}}],"collection":[{"href":"https:\/\/barrsell.com\/en\/wp-json\/wp\/v2\/product"}],"about":[{"href":"https:\/\/barrsell.com\/en\/wp-json\/wp\/v2\/types\/product"}],"version-history":[{"count":5,"href":"https:\/\/barrsell.com\/en\/wp-json\/wp\/v2\/product\/12744\/revisions"}],"predecessor-version":[{"id":19853,"href":"https:\/\/barrsell.com\/en\/wp-json\/wp\/v2\/product\/12744\/revisions\/19853"}],"wp:featuredmedia":[{"embeddable":true,"href":"https:\/\/barrsell.com\/en\/wp-json\/wp\/v2\/media\/12745"}],"wp:attachment":[{"href":"https:\/\/barrsell.com\/en\/wp-json\/wp\/v2\/media?parent=12744"}],"wp:term":[{"taxonomy":"product_cat","embeddable":true,"href":"https:\/\/barrsell.com\/en\/wp-json\/wp\/v2\/product_cat?post=12744"},{"taxonomy":"product_tag","embeddable":true,"href":"https:\/\/barrsell.com\/en\/wp-json\/wp\/v2\/product_tag?post=12744"}],"curies":[{"name":"wp","href":"https:\/\/api.w.org\/{rel}","templated":true}]}}