{"id":12739,"date":"2024-08-22T06:44:34","date_gmt":"2024-08-22T06:44:34","guid":{"rendered":"https:\/\/barrsell.com\/?post_type=product&#038;p=12739"},"modified":"2025-01-06T08:54:47","modified_gmt":"2025-01-06T08:54:47","slug":"eos-guc-uzatma-role-kutusu","status":"publish","type":"product","link":"https:\/\/barrsell.com\/en\/product\/eos-power-extension-role-box\/","title":{"rendered":"Eos Power extension Relay Box"},"content":{"rendered":"<h2>Eos Power Extension Relay Box 947805<\/h2>\n<p>Eos Power Extension Relay Box is an advanced power management solution designed for sauna control units. This module provides additional power capacity to meet the energy demands of sauna systems, improving system performance and reliability. An ideal component for large sauna rooms or installations with high power requirements, this relay box optimizes your sauna experience.<\/p>\n<h4><strong>High Power Capacity:<\/strong><\/h4>\n<p>The Power Extension Relay Box 947805 is designed to meet the increasing power demands of sauna systems. It provides additional relays and power outputs to support high power sauna heaters. This ensures a smooth and stable heating experience even in large or commercial saunas.<\/p>\n<h4><strong>Security and Protection Features:<\/strong><\/h4>\n<p>The module provides comprehensive protection against overcurrent, overheating and short circuit. Integrated safety measures guarantee safe operation of the sauna system.  And minimizes possible electrical problems. These safety features contribute to the long life and reliability of the system.<\/p>","protected":false},"excerpt":{"rendered":"<p class=\" translation-block\">With 9 kW (10 kW) sauna control unit suitable for double-circuit sauna heaters up to <strong>19 kW (20 kW) power<\/strong><\/p>","protected":false},"featured_media":12740,"template":"","meta":[],"product_cat":[157],"product_tag":[],"class_list":{"0":"post-12739","1":"product","2":"type-product","3":"status-publish","4":"has-post-thumbnail","6":"product_cat-eos-guc-uniteleri","8":"first","9":"instock","10":"shipping-taxable","11":"product-type-simple"},"yoast_head":"<!-- This site is optimized with the Yoast SEO Premium plugin v23.2 (Yoast SEO v23.2) - https:\/\/yoast.com\/wordpress\/plugins\/seo\/ -->\n<title>Eos G\u00fc\u00e7 uzatma R\u00f6le Kutusu | Barrsell End\u00fcstri<\/title>\n<meta name=\"description\" content=\"Eos G\u00fc\u00e7 Uzatma R\u00f6le Kutusu sauna kontrol \u00fcniteleri i\u00e7in tasarlanm\u0131\u015f, geli\u015fmi\u015f bir g\u00fc\u00e7 y\u00f6netim \u00e7\u00f6z\u00fcm\u00fcd\u00fcr. Bu mod\u00fcl, sauna sistemlerinin enerji\" \/>\n<meta name=\"robots\" content=\"index, follow, max-snippet:-1, max-image-preview:large, max-video-preview:-1\" \/>\n<link rel=\"canonical\" href=\"https:\/\/barrsell.com\/en\/product\/eos-power-extension-role-box\/\" \/>\n<meta property=\"og:locale\" content=\"en_US\" \/>\n<meta property=\"og:type\" content=\"article\" \/>\n<meta property=\"og:title\" content=\"Eos G\u00fc\u00e7 uzatma R\u00f6le Kutusu\" \/>\n<meta property=\"og:description\" content=\"Eos G\u00fc\u00e7 Uzatma R\u00f6le Kutusu sauna kontrol \u00fcniteleri i\u00e7in tasarlanm\u0131\u015f, geli\u015fmi\u015f bir g\u00fc\u00e7 y\u00f6netim \u00e7\u00f6z\u00fcm\u00fcd\u00fcr. Bu mod\u00fcl, sauna sistemlerinin enerji\" \/>\n<meta property=\"og:url\" content=\"https:\/\/barrsell.com\/en\/product\/eos-power-extension-role-box\/\" \/>\n<meta property=\"og:site_name\" content=\"Barrsell\" \/>\n<meta property=\"article:modified_time\" content=\"2025-01-06T08:54:47+00:00\" \/>\n<meta property=\"og:image\" content=\"https:\/\/barrsell.com\/wp-content\/uploads\/2024\/08\/Eos-Guc-uzatma-Role-Kutusu.png\" \/>\n\t<meta property=\"og:image:width\" content=\"1200\" \/>\n\t<meta property=\"og:image:height\" content=\"1200\" \/>\n\t<meta property=\"og:image:type\" content=\"image\/png\" \/>\n<meta name=\"twitter:card\" content=\"summary_large_image\" \/>\n<meta name=\"twitter:label1\" content=\"Est. reading time\" \/>\n\t<meta name=\"twitter:data1\" content=\"2 minutes\" \/>\n<script type=\"application\/ld+json\" class=\"yoast-schema-graph\">{\"@context\":\"https:\/\/schema.org\",\"@graph\":[{\"@type\":\"WebPage\",\"@id\":\"https:\/\/barrsell.com\/urun\/eos-guc-uzatma-role-kutusu\/\",\"url\":\"https:\/\/barrsell.com\/urun\/eos-guc-uzatma-role-kutusu\/\",\"name\":\"Eos G\u00fc\u00e7 uzatma R\u00f6le Kutusu | Barrsell End\u00fcstri\",\"isPartOf\":{\"@id\":\"https:\/\/barrsell.com\/#website\"},\"primaryImageOfPage\":{\"@id\":\"https:\/\/barrsell.com\/urun\/eos-guc-uzatma-role-kutusu\/#primaryimage\"},\"image\":{\"@id\":\"https:\/\/barrsell.com\/urun\/eos-guc-uzatma-role-kutusu\/#primaryimage\"},\"thumbnailUrl\":\"https:\/\/barrsell.com\/wp-content\/uploads\/2024\/08\/Eos-Guc-uzatma-Role-Kutusu.png\",\"datePublished\":\"2024-08-22T06:44:34+00:00\",\"dateModified\":\"2025-01-06T08:54:47+00:00\",\"description\":\"Eos G\u00fc\u00e7 Uzatma R\u00f6le Kutusu sauna kontrol \u00fcniteleri i\u00e7in tasarlanm\u0131\u015f, geli\u015fmi\u015f bir g\u00fc\u00e7 y\u00f6netim \u00e7\u00f6z\u00fcm\u00fcd\u00fcr. Bu mod\u00fcl, sauna sistemlerinin enerji\",\"breadcrumb\":{\"@id\":\"https:\/\/barrsell.com\/urun\/eos-guc-uzatma-role-kutusu\/#breadcrumb\"},\"inLanguage\":\"en-US\",\"potentialAction\":[{\"@type\":\"ReadAction\",\"target\":[\"https:\/\/barrsell.com\/urun\/eos-guc-uzatma-role-kutusu\/\"]}]},{\"@type\":\"ImageObject\",\"inLanguage\":\"en-US\",\"@id\":\"https:\/\/barrsell.com\/urun\/eos-guc-uzatma-role-kutusu\/#primaryimage\",\"url\":\"https:\/\/barrsell.com\/wp-content\/uploads\/2024\/08\/Eos-Guc-uzatma-Role-Kutusu.png\",\"contentUrl\":\"https:\/\/barrsell.com\/wp-content\/uploads\/2024\/08\/Eos-Guc-uzatma-Role-Kutusu.png\",\"width\":1200,\"height\":1200,\"caption\":\"Eos-G\u00fc\u00e7-uzatma- R\u00f6le-Kutusu\"},{\"@type\":\"BreadcrumbList\",\"@id\":\"https:\/\/barrsell.com\/urun\/eos-guc-uzatma-role-kutusu\/#breadcrumb\",\"itemListElement\":[{\"@type\":\"ListItem\",\"position\":1,\"name\":\"Home\",\"item\":\"https:\/\/barrsell.com\/\"},{\"@type\":\"ListItem\",\"position\":2,\"name\":\"\u00dcr\u00fcnler\",\"item\":\"https:\/\/barrsell.com\/en\/products\/\"},{\"@type\":\"ListItem\",\"position\":3,\"name\":\"Eos G\u00fc\u00e7 uzatma R\u00f6le Kutusu\"}]},{\"@type\":\"WebSite\",\"@id\":\"https:\/\/barrsell.com\/#website\",\"url\":\"https:\/\/barrsell.com\/\",\"name\":\"Barrsell End\u00fcstri Makine\",\"description\":\"Teknolojiyle G\u00fc\u00e7lenen End\u00fcstriyel \u00c7\u00f6z\u00fcmler!\",\"potentialAction\":[{\"@type\":\"SearchAction\",\"target\":{\"@type\":\"EntryPoint\",\"urlTemplate\":\"https:\/\/barrsell.com\/?s={search_term_string}\"},\"query-input\":\"required name=search_term_string\"}],\"inLanguage\":\"en-US\"}]}<\/script>\n<!-- \/ Yoast SEO Premium plugin. -->","yoast_head_json":{"title":"Eos G\u00fc\u00e7 uzatma R\u00f6le Kutusu | Barrsell End\u00fcstri","description":"Eos G\u00fc\u00e7 Uzatma R\u00f6le Kutusu sauna kontrol \u00fcniteleri i\u00e7in tasarlanm\u0131\u015f, geli\u015fmi\u015f bir g\u00fc\u00e7 y\u00f6netim \u00e7\u00f6z\u00fcm\u00fcd\u00fcr. Bu mod\u00fcl, sauna sistemlerinin enerji","robots":{"index":"index","follow":"follow","max-snippet":"max-snippet:-1","max-image-preview":"max-image-preview:large","max-video-preview":"max-video-preview:-1"},"canonical":"https:\/\/barrsell.com\/en\/product\/eos-power-extension-role-box\/","og_locale":"en_US","og_type":"article","og_title":"Eos G\u00fc\u00e7 uzatma R\u00f6le Kutusu","og_description":"Eos G\u00fc\u00e7 Uzatma R\u00f6le Kutusu sauna kontrol \u00fcniteleri i\u00e7in tasarlanm\u0131\u015f, geli\u015fmi\u015f bir g\u00fc\u00e7 y\u00f6netim \u00e7\u00f6z\u00fcm\u00fcd\u00fcr. Bu mod\u00fcl, sauna sistemlerinin enerji","og_url":"https:\/\/barrsell.com\/en\/product\/eos-power-extension-role-box\/","og_site_name":"Barrsell","article_modified_time":"2025-01-06T08:54:47+00:00","og_image":[{"width":1200,"height":1200,"url":"https:\/\/barrsell.com\/wp-content\/uploads\/2024\/08\/Eos-Guc-uzatma-Role-Kutusu.png","type":"image\/png"}],"twitter_card":"summary_large_image","twitter_misc":{"Est. reading time":"2 minutes"},"schema":{"@context":"https:\/\/schema.org","@graph":[{"@type":"WebPage","@id":"https:\/\/barrsell.com\/urun\/eos-guc-uzatma-role-kutusu\/","url":"https:\/\/barrsell.com\/urun\/eos-guc-uzatma-role-kutusu\/","name":"Eos G\u00fc\u00e7 uzatma R\u00f6le Kutusu | Barrsell End\u00fcstri","isPartOf":{"@id":"https:\/\/barrsell.com\/#website"},"primaryImageOfPage":{"@id":"https:\/\/barrsell.com\/urun\/eos-guc-uzatma-role-kutusu\/#primaryimage"},"image":{"@id":"https:\/\/barrsell.com\/urun\/eos-guc-uzatma-role-kutusu\/#primaryimage"},"thumbnailUrl":"https:\/\/barrsell.com\/wp-content\/uploads\/2024\/08\/Eos-Guc-uzatma-Role-Kutusu.png","datePublished":"2024-08-22T06:44:34+00:00","dateModified":"2025-01-06T08:54:47+00:00","description":"Eos G\u00fc\u00e7 Uzatma R\u00f6le Kutusu sauna kontrol \u00fcniteleri i\u00e7in tasarlanm\u0131\u015f, geli\u015fmi\u015f bir g\u00fc\u00e7 y\u00f6netim \u00e7\u00f6z\u00fcm\u00fcd\u00fcr. Bu mod\u00fcl, sauna sistemlerinin enerji","breadcrumb":{"@id":"https:\/\/barrsell.com\/urun\/eos-guc-uzatma-role-kutusu\/#breadcrumb"},"inLanguage":"en-US","potentialAction":[{"@type":"ReadAction","target":["https:\/\/barrsell.com\/urun\/eos-guc-uzatma-role-kutusu\/"]}]},{"@type":"ImageObject","inLanguage":"en-US","@id":"https:\/\/barrsell.com\/urun\/eos-guc-uzatma-role-kutusu\/#primaryimage","url":"https:\/\/barrsell.com\/wp-content\/uploads\/2024\/08\/Eos-Guc-uzatma-Role-Kutusu.png","contentUrl":"https:\/\/barrsell.com\/wp-content\/uploads\/2024\/08\/Eos-Guc-uzatma-Role-Kutusu.png","width":1200,"height":1200,"caption":"Eos-G\u00fc\u00e7-uzatma- R\u00f6le-Kutusu"},{"@type":"BreadcrumbList","@id":"https:\/\/barrsell.com\/urun\/eos-guc-uzatma-role-kutusu\/#breadcrumb","itemListElement":[{"@type":"ListItem","position":1,"name":"Home","item":"https:\/\/barrsell.com\/"},{"@type":"ListItem","position":2,"name":"\u00dcr\u00fcnler","item":"https:\/\/barrsell.com\/en\/products\/"},{"@type":"ListItem","position":3,"name":"Eos G\u00fc\u00e7 uzatma R\u00f6le Kutusu"}]},{"@type":"WebSite","@id":"https:\/\/barrsell.com\/#website","url":"https:\/\/barrsell.com\/","name":"Barrsell End\u00fcstri Makine","description":"Teknolojiyle G\u00fc\u00e7lenen End\u00fcstriyel \u00c7\u00f6z\u00fcmler!","potentialAction":[{"@type":"SearchAction","target":{"@type":"EntryPoint","urlTemplate":"https:\/\/barrsell.com\/?s={search_term_string}"},"query-input":"required name=search_term_string"}],"inLanguage":"en-US"}]}},"_links":{"self":[{"href":"https:\/\/barrsell.com\/en\/wp-json\/wp\/v2\/product\/12739","targetHints":{"allow":["GET"]}}],"collection":[{"href":"https:\/\/barrsell.com\/en\/wp-json\/wp\/v2\/product"}],"about":[{"href":"https:\/\/barrsell.com\/en\/wp-json\/wp\/v2\/types\/product"}],"version-history":[{"count":6,"href":"https:\/\/barrsell.com\/en\/wp-json\/wp\/v2\/product\/12739\/revisions"}],"predecessor-version":[{"id":19856,"href":"https:\/\/barrsell.com\/en\/wp-json\/wp\/v2\/product\/12739\/revisions\/19856"}],"wp:featuredmedia":[{"embeddable":true,"href":"https:\/\/barrsell.com\/en\/wp-json\/wp\/v2\/media\/12740"}],"wp:attachment":[{"href":"https:\/\/barrsell.com\/en\/wp-json\/wp\/v2\/media?parent=12739"}],"wp:term":[{"taxonomy":"product_cat","embeddable":true,"href":"https:\/\/barrsell.com\/en\/wp-json\/wp\/v2\/product_cat?post=12739"},{"taxonomy":"product_tag","embeddable":true,"href":"https:\/\/barrsell.com\/en\/wp-json\/wp\/v2\/product_tag?post=12739"}],"curies":[{"name":"wp","href":"https:\/\/api.w.org\/{rel}","templated":true}]}}