{"id":12734,"date":"2024-08-22T06:31:23","date_gmt":"2024-08-22T06:31:23","guid":{"rendered":"https:\/\/barrsell.com\/?post_type=product&#038;p=12734"},"modified":"2025-01-06T08:56:12","modified_gmt":"2025-01-06T08:56:12","slug":"eos-sbm-ir-role-modulu","status":"publish","type":"product","link":"https:\/\/barrsell.com\/en\/product\/eos-sbm-ir-role-module\/","title":{"rendered":"Eos SBM-IR Relay Module"},"content":{"rendered":"<h2>Eos SBM-IR Relay Module 947131: High Performance Power Management in Infrared Heating Systems<\/h2>\n<p>The Eos SBM-IR Relay Module 947131 is a high performance power management module for infrared heating systems. This module is designed to ensure efficient and safe operation of infrared heaters. The relay module optimizes the control and power distribution of infrared heating equipment, improving system reliability and performance.<\/p>\n<h4><strong>Multiple Device Management:<\/strong><\/h4>\n<p>This module has the ability to control multiple infrared heaters simultaneously. The multi-device management feature allows users to manage their infrared heating system more efficiently. This is particularly advantageous for users with large sauna rooms or large heating areas.<\/p>\n<table class=\"contenttable\" border=\"0\" cellspacing=\"0\" cellpadding=\"0\">\n<tbody>\n<tr>\n<td valign=\"top\" width=\"302\"><strong>Power supply<\/strong><\/td>\n<td valign=\"top\" width=\"302\">230V 1N ~ 50 Hz<\/td>\n<\/tr>\n<tr>\n<td valign=\"top\" width=\"302\"><strong>Anahtarlama \u00e7\u0131k\u0131\u015f\u0131<\/strong><\/td>\n<td valign=\"top\" width=\"302\">Maximum 3.5 kW<\/td>\n<\/tr>\n<tr>\n<td valign=\"top\" width=\"302\"><strong>Circuits<\/strong><\/td>\n<td valign=\"top\" width=\"302\">5 separate circuits with a total output of 3.5 kW can be freely defined - not all can be dimmed<\/td>\n<\/tr>\n<tr>\n<td valign=\"top\" width=\"302\"><strong>Power unit outputs\/inputs<\/strong><\/td>\n<td valign=\"top\" width=\"302\">3 x RJ10 jacks for sensor connection<\/p>\n<p>4 x RJ12 jacks for control panel and plug-in modules<\/td>\n<\/tr>\n<tr>\n<td valign=\"top\" width=\"302\"><strong>Temperature control<\/strong><\/td>\n<td valign=\"top\" width=\"302\">Depending on ambient temperature: 30 - 70\u00b0C<\/td>\n<\/tr>\n<tr>\n<td valign=\"top\" width=\"302\"><strong>Compatible control units<\/strong><\/td>\n<td valign=\"top\" width=\"302\">EmoTec series<\/p>\n<p>EmoStyle series<\/p>\n<p>InfraStyle series<\/p>\n<p>Emo Touch 3<\/td>\n<\/tr>\n<tr>\n<td valign=\"top\" width=\"302\"><strong>Dimensions, (H x W x D)<\/strong><\/td>\n<td valign=\"top\" width=\"302\">240x230x70 mm<\/td>\n<\/tr>\n<\/tbody>\n<\/table>","protected":false},"excerpt":{"rendered":"<ul>\n<li>5 separate circuits with a total output power of 3.5 kW can be freely defined; none of them can be dimmed.<\/li>\n<li>The temperature control range is 30 - 70\u00b0C depending on the ambient temperature.<\/li>\n<li>Heating time limitation: 6 hours \/ 12 hours \/ 18 hours \/ 24 hours.<\/li>\n<\/ul>","protected":false},"featured_media":12738,"template":"","meta":[],"product_cat":[157],"product_tag":[],"class_list":{"0":"post-12734","1":"product","2":"type-product","3":"status-publish","4":"has-post-thumbnail","6":"product_cat-eos-guc-uniteleri","8":"first","9":"instock","10":"shipping-taxable","11":"product-type-simple"},"yoast_head":"<!-- This site is optimized with the Yoast SEO Premium plugin v23.2 (Yoast SEO v23.2) - https:\/\/yoast.com\/wordpress\/plugins\/seo\/ -->\n<title>Eos SBM-IR R\u00f6le Mod\u00fcl\u00fc | Barrsell End\u00fcstri<\/title>\n<meta name=\"description\" content=\"Eos SBM-IR R\u00f6le Mod\u00fcl\u00fc 947131, k\u0131z\u0131l\u00f6tesi \u0131s\u0131tma sistemleri i\u00e7in tasarlanm\u0131\u015f y\u00fcksek performansl\u0131 bir g\u00fc\u00e7 y\u00f6netim mod\u00fcl\u00fcd\u00fcr.\" \/>\n<meta name=\"robots\" content=\"index, follow, max-snippet:-1, max-image-preview:large, max-video-preview:-1\" \/>\n<link rel=\"canonical\" href=\"https:\/\/barrsell.com\/en\/product\/eos-sbm-ir-role-module\/\" \/>\n<meta property=\"og:locale\" content=\"en_US\" \/>\n<meta property=\"og:type\" content=\"article\" \/>\n<meta property=\"og:title\" content=\"Eos SBM-IR R\u00f6le Mod\u00fcl\u00fc\" \/>\n<meta property=\"og:description\" content=\"Eos SBM-IR R\u00f6le Mod\u00fcl\u00fc 947131, k\u0131z\u0131l\u00f6tesi \u0131s\u0131tma sistemleri i\u00e7in tasarlanm\u0131\u015f y\u00fcksek performansl\u0131 bir g\u00fc\u00e7 y\u00f6netim mod\u00fcl\u00fcd\u00fcr.\" \/>\n<meta property=\"og:url\" content=\"https:\/\/barrsell.com\/en\/product\/eos-sbm-ir-role-module\/\" \/>\n<meta property=\"og:site_name\" content=\"Barrsell\" \/>\n<meta property=\"article:modified_time\" content=\"2025-01-06T08:56:12+00:00\" \/>\n<meta property=\"og:image\" content=\"https:\/\/barrsell.com\/wp-content\/uploads\/2024\/08\/eos-SBM-IR-role-modulu-barr.png\" \/>\n\t<meta property=\"og:image:width\" content=\"1200\" \/>\n\t<meta property=\"og:image:height\" content=\"1200\" \/>\n\t<meta property=\"og:image:type\" content=\"image\/png\" \/>\n<meta name=\"twitter:card\" content=\"summary_large_image\" \/>\n<meta name=\"twitter:label1\" content=\"Est. reading time\" \/>\n\t<meta name=\"twitter:data1\" content=\"2 minutes\" \/>\n<script type=\"application\/ld+json\" class=\"yoast-schema-graph\">{\"@context\":\"https:\/\/schema.org\",\"@graph\":[{\"@type\":\"WebPage\",\"@id\":\"https:\/\/barrsell.com\/urun\/eos-sbm-ir-role-modulu\/\",\"url\":\"https:\/\/barrsell.com\/urun\/eos-sbm-ir-role-modulu\/\",\"name\":\"Eos SBM-IR R\u00f6le Mod\u00fcl\u00fc | Barrsell End\u00fcstri\",\"isPartOf\":{\"@id\":\"https:\/\/barrsell.com\/#website\"},\"primaryImageOfPage\":{\"@id\":\"https:\/\/barrsell.com\/urun\/eos-sbm-ir-role-modulu\/#primaryimage\"},\"image\":{\"@id\":\"https:\/\/barrsell.com\/urun\/eos-sbm-ir-role-modulu\/#primaryimage\"},\"thumbnailUrl\":\"https:\/\/barrsell.com\/wp-content\/uploads\/2024\/08\/eos-SBM-IR-role-modulu-barr.png\",\"datePublished\":\"2024-08-22T06:31:23+00:00\",\"dateModified\":\"2025-01-06T08:56:12+00:00\",\"description\":\"Eos SBM-IR R\u00f6le Mod\u00fcl\u00fc 947131, k\u0131z\u0131l\u00f6tesi \u0131s\u0131tma sistemleri i\u00e7in tasarlanm\u0131\u015f y\u00fcksek performansl\u0131 bir g\u00fc\u00e7 y\u00f6netim mod\u00fcl\u00fcd\u00fcr.\",\"breadcrumb\":{\"@id\":\"https:\/\/barrsell.com\/urun\/eos-sbm-ir-role-modulu\/#breadcrumb\"},\"inLanguage\":\"en-US\",\"potentialAction\":[{\"@type\":\"ReadAction\",\"target\":[\"https:\/\/barrsell.com\/urun\/eos-sbm-ir-role-modulu\/\"]}]},{\"@type\":\"ImageObject\",\"inLanguage\":\"en-US\",\"@id\":\"https:\/\/barrsell.com\/urun\/eos-sbm-ir-role-modulu\/#primaryimage\",\"url\":\"https:\/\/barrsell.com\/wp-content\/uploads\/2024\/08\/eos-SBM-IR-role-modulu-barr.png\",\"contentUrl\":\"https:\/\/barrsell.com\/wp-content\/uploads\/2024\/08\/eos-SBM-IR-role-modulu-barr.png\",\"width\":1200,\"height\":1200,\"caption\":\"eos SBM-IR r\u00f6le mod\u00fcl\u00fc-barr\"},{\"@type\":\"BreadcrumbList\",\"@id\":\"https:\/\/barrsell.com\/urun\/eos-sbm-ir-role-modulu\/#breadcrumb\",\"itemListElement\":[{\"@type\":\"ListItem\",\"position\":1,\"name\":\"Home\",\"item\":\"https:\/\/barrsell.com\/\"},{\"@type\":\"ListItem\",\"position\":2,\"name\":\"\u00dcr\u00fcnler\",\"item\":\"https:\/\/barrsell.com\/en\/products\/\"},{\"@type\":\"ListItem\",\"position\":3,\"name\":\"Eos SBM-IR R\u00f6le Mod\u00fcl\u00fc\"}]},{\"@type\":\"WebSite\",\"@id\":\"https:\/\/barrsell.com\/#website\",\"url\":\"https:\/\/barrsell.com\/\",\"name\":\"Barrsell End\u00fcstri Makine\",\"description\":\"Teknolojiyle G\u00fc\u00e7lenen End\u00fcstriyel \u00c7\u00f6z\u00fcmler!\",\"potentialAction\":[{\"@type\":\"SearchAction\",\"target\":{\"@type\":\"EntryPoint\",\"urlTemplate\":\"https:\/\/barrsell.com\/?s={search_term_string}\"},\"query-input\":\"required name=search_term_string\"}],\"inLanguage\":\"en-US\"}]}<\/script>\n<!-- \/ Yoast SEO Premium plugin. -->","yoast_head_json":{"title":"Eos SBM-IR R\u00f6le Mod\u00fcl\u00fc | Barrsell End\u00fcstri","description":"Eos SBM-IR R\u00f6le Mod\u00fcl\u00fc 947131, k\u0131z\u0131l\u00f6tesi \u0131s\u0131tma sistemleri i\u00e7in tasarlanm\u0131\u015f y\u00fcksek performansl\u0131 bir g\u00fc\u00e7 y\u00f6netim mod\u00fcl\u00fcd\u00fcr.","robots":{"index":"index","follow":"follow","max-snippet":"max-snippet:-1","max-image-preview":"max-image-preview:large","max-video-preview":"max-video-preview:-1"},"canonical":"https:\/\/barrsell.com\/en\/product\/eos-sbm-ir-role-module\/","og_locale":"en_US","og_type":"article","og_title":"Eos SBM-IR R\u00f6le Mod\u00fcl\u00fc","og_description":"Eos SBM-IR R\u00f6le Mod\u00fcl\u00fc 947131, k\u0131z\u0131l\u00f6tesi \u0131s\u0131tma sistemleri i\u00e7in tasarlanm\u0131\u015f y\u00fcksek performansl\u0131 bir g\u00fc\u00e7 y\u00f6netim mod\u00fcl\u00fcd\u00fcr.","og_url":"https:\/\/barrsell.com\/en\/product\/eos-sbm-ir-role-module\/","og_site_name":"Barrsell","article_modified_time":"2025-01-06T08:56:12+00:00","og_image":[{"width":1200,"height":1200,"url":"https:\/\/barrsell.com\/wp-content\/uploads\/2024\/08\/eos-SBM-IR-role-modulu-barr.png","type":"image\/png"}],"twitter_card":"summary_large_image","twitter_misc":{"Est. reading time":"2 minutes"},"schema":{"@context":"https:\/\/schema.org","@graph":[{"@type":"WebPage","@id":"https:\/\/barrsell.com\/urun\/eos-sbm-ir-role-modulu\/","url":"https:\/\/barrsell.com\/urun\/eos-sbm-ir-role-modulu\/","name":"Eos SBM-IR R\u00f6le Mod\u00fcl\u00fc | Barrsell End\u00fcstri","isPartOf":{"@id":"https:\/\/barrsell.com\/#website"},"primaryImageOfPage":{"@id":"https:\/\/barrsell.com\/urun\/eos-sbm-ir-role-modulu\/#primaryimage"},"image":{"@id":"https:\/\/barrsell.com\/urun\/eos-sbm-ir-role-modulu\/#primaryimage"},"thumbnailUrl":"https:\/\/barrsell.com\/wp-content\/uploads\/2024\/08\/eos-SBM-IR-role-modulu-barr.png","datePublished":"2024-08-22T06:31:23+00:00","dateModified":"2025-01-06T08:56:12+00:00","description":"Eos SBM-IR R\u00f6le Mod\u00fcl\u00fc 947131, k\u0131z\u0131l\u00f6tesi \u0131s\u0131tma sistemleri i\u00e7in tasarlanm\u0131\u015f y\u00fcksek performansl\u0131 bir g\u00fc\u00e7 y\u00f6netim mod\u00fcl\u00fcd\u00fcr.","breadcrumb":{"@id":"https:\/\/barrsell.com\/urun\/eos-sbm-ir-role-modulu\/#breadcrumb"},"inLanguage":"en-US","potentialAction":[{"@type":"ReadAction","target":["https:\/\/barrsell.com\/urun\/eos-sbm-ir-role-modulu\/"]}]},{"@type":"ImageObject","inLanguage":"en-US","@id":"https:\/\/barrsell.com\/urun\/eos-sbm-ir-role-modulu\/#primaryimage","url":"https:\/\/barrsell.com\/wp-content\/uploads\/2024\/08\/eos-SBM-IR-role-modulu-barr.png","contentUrl":"https:\/\/barrsell.com\/wp-content\/uploads\/2024\/08\/eos-SBM-IR-role-modulu-barr.png","width":1200,"height":1200,"caption":"eos SBM-IR r\u00f6le mod\u00fcl\u00fc-barr"},{"@type":"BreadcrumbList","@id":"https:\/\/barrsell.com\/urun\/eos-sbm-ir-role-modulu\/#breadcrumb","itemListElement":[{"@type":"ListItem","position":1,"name":"Home","item":"https:\/\/barrsell.com\/"},{"@type":"ListItem","position":2,"name":"\u00dcr\u00fcnler","item":"https:\/\/barrsell.com\/en\/products\/"},{"@type":"ListItem","position":3,"name":"Eos SBM-IR R\u00f6le Mod\u00fcl\u00fc"}]},{"@type":"WebSite","@id":"https:\/\/barrsell.com\/#website","url":"https:\/\/barrsell.com\/","name":"Barrsell End\u00fcstri Makine","description":"Teknolojiyle G\u00fc\u00e7lenen End\u00fcstriyel \u00c7\u00f6z\u00fcmler!","potentialAction":[{"@type":"SearchAction","target":{"@type":"EntryPoint","urlTemplate":"https:\/\/barrsell.com\/?s={search_term_string}"},"query-input":"required name=search_term_string"}],"inLanguage":"en-US"}]}},"_links":{"self":[{"href":"https:\/\/barrsell.com\/en\/wp-json\/wp\/v2\/product\/12734","targetHints":{"allow":["GET"]}}],"collection":[{"href":"https:\/\/barrsell.com\/en\/wp-json\/wp\/v2\/product"}],"about":[{"href":"https:\/\/barrsell.com\/en\/wp-json\/wp\/v2\/types\/product"}],"version-history":[{"count":5,"href":"https:\/\/barrsell.com\/en\/wp-json\/wp\/v2\/product\/12734\/revisions"}],"predecessor-version":[{"id":19857,"href":"https:\/\/barrsell.com\/en\/wp-json\/wp\/v2\/product\/12734\/revisions\/19857"}],"wp:featuredmedia":[{"embeddable":true,"href":"https:\/\/barrsell.com\/en\/wp-json\/wp\/v2\/media\/12738"}],"wp:attachment":[{"href":"https:\/\/barrsell.com\/en\/wp-json\/wp\/v2\/media?parent=12734"}],"wp:term":[{"taxonomy":"product_cat","embeddable":true,"href":"https:\/\/barrsell.com\/en\/wp-json\/wp\/v2\/product_cat?post=12734"},{"taxonomy":"product_tag","embeddable":true,"href":"https:\/\/barrsell.com\/en\/wp-json\/wp\/v2\/product_tag?post=12734"}],"curies":[{"name":"wp","href":"https:\/\/api.w.org\/{rel}","templated":true}]}}