{"id":12726,"date":"2024-08-21T11:36:38","date_gmt":"2024-08-21T11:36:38","guid":{"rendered":"https:\/\/barrsell.com\/?post_type=product&#038;p=12726"},"modified":"2025-01-06T09:03:56","modified_gmt":"2025-01-06T09:03:56","slug":"eos-sbm-ir-kizilotesi-modulu","status":"publish","type":"product","link":"https:\/\/barrsell.com\/en\/product\/eos-sbm-ir-infrared-module\/","title":{"rendered":"Eos SBM-IR Infrared module"},"content":{"rendered":"<h2>Eos SBM-IR Infrared module<\/h2>\n<p>The Eos SBM-IR Infrared module allows you to manage both sauna and infrared heating equipment from a single control panel. This module offers universal compatibility with all types of infrared emitters and foil heaters. It offers three different operating modes for users: sauna only, infrared only and sauna + infrared combination. These features offer flexibility and allow users to optimize their sauna experience according to their personal preferences.<\/p>\n<table class=\"contenttable\" border=\"0\" cellspacing=\"0\" cellpadding=\"0\">\n<tbody>\n<tr>\n<td valign=\"top\" width=\"302\"><b>Power supply<\/b><\/td>\n<td valign=\"top\" width=\"302\">230V 1N ~<\/td>\n<\/tr>\n<tr>\n<td valign=\"top\" width=\"302\"><b>Power output<\/b><\/td>\n<td valign=\"top\" width=\"302\">3.500 W<\/td>\n<\/tr>\n<tr>\n<td valign=\"top\" width=\"302\"><b>They came out<\/b><\/td>\n<td valign=\"top\" width=\"302\">3 &#8211;<\/p>\n<p>2 x you can turn it down<\/p>\n<p>1 x can replace<\/td>\n<\/tr>\n<tr>\n<td valign=\"top\" width=\"302\"><b>Temperature control<\/b><\/td>\n<td valign=\"top\" width=\"302\"><\/td>\n<\/tr>\n<tr>\n<td valign=\"top\" width=\"302\"><\/td>\n<td valign=\"top\" width=\"302\"><\/td>\n<\/tr>\n<tr>\n<td valign=\"top\" width=\"302\"><b>Dimension, HxWxD<\/b><\/td>\n<td valign=\"top\" width=\"302\">270x195x100 mm<\/td>\n<\/tr>\n<\/tbody>\n<\/table>","protected":false},"excerpt":{"rendered":"<ul>\n<li>Sauna + infrared control in one cabin from a single remote control.<\/li>\n<li>Three modes: sauna, infrared, sauna + infrared at the same time.<\/li>\n<\/ul>","protected":false},"featured_media":12731,"template":"","meta":[],"product_cat":[157],"product_tag":[],"class_list":{"0":"post-12726","1":"product","2":"type-product","3":"status-publish","4":"has-post-thumbnail","6":"product_cat-eos-guc-uniteleri","8":"first","9":"instock","10":"shipping-taxable","11":"product-type-simple"},"yoast_head":"<!-- This site is optimized with the Yoast SEO Premium plugin v23.2 (Yoast SEO v23.2) - https:\/\/yoast.com\/wordpress\/plugins\/seo\/ -->\n<title>Eos SBM-IR K\u0131z\u0131l\u00f6tesi mod\u00fcl\u00fc | Barrsell End\u00fcstri<\/title>\n<meta name=\"description\" content=\"Eos SBM-IR K\u0131z\u0131l\u00f6tesi mod\u00fcl\u00fc, hem saunay\u0131 hem de k\u0131z\u0131l\u00f6tesi \u0131s\u0131tma ekipman\u0131n\u0131 tek bir kontrol panelinden y\u00f6netmenizi sa\u011flar.\" \/>\n<meta name=\"robots\" content=\"index, follow, max-snippet:-1, max-image-preview:large, max-video-preview:-1\" \/>\n<link rel=\"canonical\" href=\"https:\/\/barrsell.com\/en\/product\/eos-sbm-ir-infrared-module\/\" \/>\n<meta property=\"og:locale\" content=\"en_US\" \/>\n<meta property=\"og:type\" content=\"article\" \/>\n<meta property=\"og:title\" content=\"Eos SBM-IR K\u0131z\u0131l\u00f6tesi mod\u00fcl\u00fc\" \/>\n<meta property=\"og:description\" content=\"Eos SBM-IR K\u0131z\u0131l\u00f6tesi mod\u00fcl\u00fc, hem saunay\u0131 hem de k\u0131z\u0131l\u00f6tesi \u0131s\u0131tma ekipman\u0131n\u0131 tek bir kontrol panelinden y\u00f6netmenizi sa\u011flar.\" \/>\n<meta property=\"og:url\" content=\"https:\/\/barrsell.com\/en\/product\/eos-sbm-ir-infrared-module\/\" \/>\n<meta property=\"og:site_name\" content=\"Barrsell\" \/>\n<meta property=\"article:modified_time\" content=\"2025-01-06T09:03:56+00:00\" \/>\n<meta property=\"og:image\" content=\"https:\/\/barrsell.com\/wp-content\/uploads\/2024\/08\/Eos-SBM-IR-Kizilotesi-modulu.png\" \/>\n\t<meta property=\"og:image:width\" content=\"1200\" \/>\n\t<meta property=\"og:image:height\" content=\"1200\" \/>\n\t<meta property=\"og:image:type\" content=\"image\/png\" \/>\n<meta name=\"twitter:card\" content=\"summary_large_image\" \/>\n<meta name=\"twitter:label1\" content=\"Est. reading time\" \/>\n\t<meta name=\"twitter:data1\" content=\"1 minute\" \/>\n<script type=\"application\/ld+json\" class=\"yoast-schema-graph\">{\"@context\":\"https:\/\/schema.org\",\"@graph\":[{\"@type\":\"WebPage\",\"@id\":\"https:\/\/barrsell.com\/urun\/eos-sbm-ir-kizilotesi-modulu\/\",\"url\":\"https:\/\/barrsell.com\/urun\/eos-sbm-ir-kizilotesi-modulu\/\",\"name\":\"Eos SBM-IR K\u0131z\u0131l\u00f6tesi mod\u00fcl\u00fc | Barrsell End\u00fcstri\",\"isPartOf\":{\"@id\":\"https:\/\/barrsell.com\/#website\"},\"primaryImageOfPage\":{\"@id\":\"https:\/\/barrsell.com\/urun\/eos-sbm-ir-kizilotesi-modulu\/#primaryimage\"},\"image\":{\"@id\":\"https:\/\/barrsell.com\/urun\/eos-sbm-ir-kizilotesi-modulu\/#primaryimage\"},\"thumbnailUrl\":\"https:\/\/barrsell.com\/wp-content\/uploads\/2024\/08\/Eos-SBM-IR-Kizilotesi-modulu.png\",\"datePublished\":\"2024-08-21T11:36:38+00:00\",\"dateModified\":\"2025-01-06T09:03:56+00:00\",\"description\":\"Eos SBM-IR K\u0131z\u0131l\u00f6tesi mod\u00fcl\u00fc, hem saunay\u0131 hem de k\u0131z\u0131l\u00f6tesi \u0131s\u0131tma ekipman\u0131n\u0131 tek bir kontrol panelinden y\u00f6netmenizi sa\u011flar.\",\"breadcrumb\":{\"@id\":\"https:\/\/barrsell.com\/urun\/eos-sbm-ir-kizilotesi-modulu\/#breadcrumb\"},\"inLanguage\":\"en-US\",\"potentialAction\":[{\"@type\":\"ReadAction\",\"target\":[\"https:\/\/barrsell.com\/urun\/eos-sbm-ir-kizilotesi-modulu\/\"]}]},{\"@type\":\"ImageObject\",\"inLanguage\":\"en-US\",\"@id\":\"https:\/\/barrsell.com\/urun\/eos-sbm-ir-kizilotesi-modulu\/#primaryimage\",\"url\":\"https:\/\/barrsell.com\/wp-content\/uploads\/2024\/08\/Eos-SBM-IR-Kizilotesi-modulu.png\",\"contentUrl\":\"https:\/\/barrsell.com\/wp-content\/uploads\/2024\/08\/Eos-SBM-IR-Kizilotesi-modulu.png\",\"width\":1200,\"height\":1200,\"caption\":\"Eos SBM-IR K\u0131z\u0131l\u00f6tesi mod\u00fcl\u00fc\"},{\"@type\":\"BreadcrumbList\",\"@id\":\"https:\/\/barrsell.com\/urun\/eos-sbm-ir-kizilotesi-modulu\/#breadcrumb\",\"itemListElement\":[{\"@type\":\"ListItem\",\"position\":1,\"name\":\"Home\",\"item\":\"https:\/\/barrsell.com\/\"},{\"@type\":\"ListItem\",\"position\":2,\"name\":\"\u00dcr\u00fcnler\",\"item\":\"https:\/\/barrsell.com\/en\/products\/\"},{\"@type\":\"ListItem\",\"position\":3,\"name\":\"Eos SBM-IR K\u0131z\u0131l\u00f6tesi mod\u00fcl\u00fc\"}]},{\"@type\":\"WebSite\",\"@id\":\"https:\/\/barrsell.com\/#website\",\"url\":\"https:\/\/barrsell.com\/\",\"name\":\"Barrsell End\u00fcstri Makine\",\"description\":\"Teknolojiyle G\u00fc\u00e7lenen End\u00fcstriyel \u00c7\u00f6z\u00fcmler!\",\"potentialAction\":[{\"@type\":\"SearchAction\",\"target\":{\"@type\":\"EntryPoint\",\"urlTemplate\":\"https:\/\/barrsell.com\/?s={search_term_string}\"},\"query-input\":\"required name=search_term_string\"}],\"inLanguage\":\"en-US\"}]}<\/script>\n<!-- \/ Yoast SEO Premium plugin. -->","yoast_head_json":{"title":"Eos SBM-IR K\u0131z\u0131l\u00f6tesi mod\u00fcl\u00fc | Barrsell End\u00fcstri","description":"Eos SBM-IR K\u0131z\u0131l\u00f6tesi mod\u00fcl\u00fc, hem saunay\u0131 hem de k\u0131z\u0131l\u00f6tesi \u0131s\u0131tma ekipman\u0131n\u0131 tek bir kontrol panelinden y\u00f6netmenizi sa\u011flar.","robots":{"index":"index","follow":"follow","max-snippet":"max-snippet:-1","max-image-preview":"max-image-preview:large","max-video-preview":"max-video-preview:-1"},"canonical":"https:\/\/barrsell.com\/en\/product\/eos-sbm-ir-infrared-module\/","og_locale":"en_US","og_type":"article","og_title":"Eos SBM-IR K\u0131z\u0131l\u00f6tesi mod\u00fcl\u00fc","og_description":"Eos SBM-IR K\u0131z\u0131l\u00f6tesi mod\u00fcl\u00fc, hem saunay\u0131 hem de k\u0131z\u0131l\u00f6tesi \u0131s\u0131tma ekipman\u0131n\u0131 tek bir kontrol panelinden y\u00f6netmenizi sa\u011flar.","og_url":"https:\/\/barrsell.com\/en\/product\/eos-sbm-ir-infrared-module\/","og_site_name":"Barrsell","article_modified_time":"2025-01-06T09:03:56+00:00","og_image":[{"width":1200,"height":1200,"url":"https:\/\/barrsell.com\/wp-content\/uploads\/2024\/08\/Eos-SBM-IR-Kizilotesi-modulu.png","type":"image\/png"}],"twitter_card":"summary_large_image","twitter_misc":{"Est. reading time":"1 minute"},"schema":{"@context":"https:\/\/schema.org","@graph":[{"@type":"WebPage","@id":"https:\/\/barrsell.com\/urun\/eos-sbm-ir-kizilotesi-modulu\/","url":"https:\/\/barrsell.com\/urun\/eos-sbm-ir-kizilotesi-modulu\/","name":"Eos SBM-IR K\u0131z\u0131l\u00f6tesi mod\u00fcl\u00fc | Barrsell End\u00fcstri","isPartOf":{"@id":"https:\/\/barrsell.com\/#website"},"primaryImageOfPage":{"@id":"https:\/\/barrsell.com\/urun\/eos-sbm-ir-kizilotesi-modulu\/#primaryimage"},"image":{"@id":"https:\/\/barrsell.com\/urun\/eos-sbm-ir-kizilotesi-modulu\/#primaryimage"},"thumbnailUrl":"https:\/\/barrsell.com\/wp-content\/uploads\/2024\/08\/Eos-SBM-IR-Kizilotesi-modulu.png","datePublished":"2024-08-21T11:36:38+00:00","dateModified":"2025-01-06T09:03:56+00:00","description":"Eos SBM-IR K\u0131z\u0131l\u00f6tesi mod\u00fcl\u00fc, hem saunay\u0131 hem de k\u0131z\u0131l\u00f6tesi \u0131s\u0131tma ekipman\u0131n\u0131 tek bir kontrol panelinden y\u00f6netmenizi sa\u011flar.","breadcrumb":{"@id":"https:\/\/barrsell.com\/urun\/eos-sbm-ir-kizilotesi-modulu\/#breadcrumb"},"inLanguage":"en-US","potentialAction":[{"@type":"ReadAction","target":["https:\/\/barrsell.com\/urun\/eos-sbm-ir-kizilotesi-modulu\/"]}]},{"@type":"ImageObject","inLanguage":"en-US","@id":"https:\/\/barrsell.com\/urun\/eos-sbm-ir-kizilotesi-modulu\/#primaryimage","url":"https:\/\/barrsell.com\/wp-content\/uploads\/2024\/08\/Eos-SBM-IR-Kizilotesi-modulu.png","contentUrl":"https:\/\/barrsell.com\/wp-content\/uploads\/2024\/08\/Eos-SBM-IR-Kizilotesi-modulu.png","width":1200,"height":1200,"caption":"Eos SBM-IR K\u0131z\u0131l\u00f6tesi mod\u00fcl\u00fc"},{"@type":"BreadcrumbList","@id":"https:\/\/barrsell.com\/urun\/eos-sbm-ir-kizilotesi-modulu\/#breadcrumb","itemListElement":[{"@type":"ListItem","position":1,"name":"Home","item":"https:\/\/barrsell.com\/"},{"@type":"ListItem","position":2,"name":"\u00dcr\u00fcnler","item":"https:\/\/barrsell.com\/en\/products\/"},{"@type":"ListItem","position":3,"name":"Eos SBM-IR K\u0131z\u0131l\u00f6tesi mod\u00fcl\u00fc"}]},{"@type":"WebSite","@id":"https:\/\/barrsell.com\/#website","url":"https:\/\/barrsell.com\/","name":"Barrsell End\u00fcstri Makine","description":"Teknolojiyle G\u00fc\u00e7lenen End\u00fcstriyel \u00c7\u00f6z\u00fcmler!","potentialAction":[{"@type":"SearchAction","target":{"@type":"EntryPoint","urlTemplate":"https:\/\/barrsell.com\/?s={search_term_string}"},"query-input":"required name=search_term_string"}],"inLanguage":"en-US"}]}},"_links":{"self":[{"href":"https:\/\/barrsell.com\/en\/wp-json\/wp\/v2\/product\/12726","targetHints":{"allow":["GET"]}}],"collection":[{"href":"https:\/\/barrsell.com\/en\/wp-json\/wp\/v2\/product"}],"about":[{"href":"https:\/\/barrsell.com\/en\/wp-json\/wp\/v2\/types\/product"}],"version-history":[{"count":7,"href":"https:\/\/barrsell.com\/en\/wp-json\/wp\/v2\/product\/12726\/revisions"}],"predecessor-version":[{"id":15783,"href":"https:\/\/barrsell.com\/en\/wp-json\/wp\/v2\/product\/12726\/revisions\/15783"}],"wp:featuredmedia":[{"embeddable":true,"href":"https:\/\/barrsell.com\/en\/wp-json\/wp\/v2\/media\/12731"}],"wp:attachment":[{"href":"https:\/\/barrsell.com\/en\/wp-json\/wp\/v2\/media?parent=12726"}],"wp:term":[{"taxonomy":"product_cat","embeddable":true,"href":"https:\/\/barrsell.com\/en\/wp-json\/wp\/v2\/product_cat?post=12726"},{"taxonomy":"product_tag","embeddable":true,"href":"https:\/\/barrsell.com\/en\/wp-json\/wp\/v2\/product_tag?post=12726"}],"curies":[{"name":"wp","href":"https:\/\/api.w.org\/{rel}","templated":true}]}}