{"id":12721,"date":"2024-08-21T11:17:36","date_gmt":"2024-08-21T11:17:36","guid":{"rendered":"https:\/\/barrsell.com\/?post_type=product&#038;p=12721"},"modified":"2025-01-06T09:18:38","modified_gmt":"2025-01-06T09:18:38","slug":"eos-sbm-eko-modulu","status":"publish","type":"product","link":"https:\/\/barrsell.com\/en\/product\/eos-sbm-eco-module\/","title":{"rendered":"Eos SBM Eco Module"},"content":{"rendered":"<h2>Eos SBM Eco Module<\/h2>\n<p>The Eos SBM Eco Module is an innovative energy-efficient heating module designed specifically for sauna systems. This module allows users to keep energy consumption to a minimum while enjoying the sauna experience with maximum comfort. With its environmentally friendly structure and advanced technology, it is an ideal component for those looking for sauna solutions.<\/p>\n<h4><strong> High Energy Efficiency:<\/strong><\/h4>\n<p>Eos SBM-Eko is a special heating module to optimize energy consumption. Thus, thanks to the intelligent energy management system, the sauna heaters only operate at full capacity when needed. This feature also prevents unnecessary energy waste and significantly reduces electricity costs.<\/p>\n<h4><strong>Fast and Efficient Heating:<\/strong><\/h4>\n<p>The Eos SBM-Eko allows the sauna to reach the desired temperature quickly. The module is also specially designed to be energy efficient, allowing your sauna sessions to heat up quickly before they begin and then keep the temperature constant, minimizing energy consumption.<\/p>\n<h4><strong>Easy Installation and Compliance:<\/strong><\/h4>\n<p>The Eos SBM-Eko is particularly easy to integrate into existing sauna systems. It is therefore compatible with different sauna heaters and control units, which allows users to use this module without major modifications to their existing systems.<\/p>\n<h4><strong>\u00a0Intelligent Timing and Control:<\/strong><\/h4>\n<p>SBM-Eko allows users to program their sauna sessions. And thanks to the timer feature, you can manage the sauna heating system in the most efficient way and save energy.<\/p>\n<p>Eos SBM-Eko is a particularly excellent choice for users looking for energy efficiency and environmentally friendly solutions in sauna systems. At the same time, with its high performance, low energy consumption and safety-oriented structure, SBM-Eko both increases user comfort and offers an environmentally friendly sauna experience. As a part of modern sauna systems, this module offers sustainability and efficiency together.<\/p>\n<h4><b>Suitable for sauna control units:<\/b><\/h4>\n<ul>\n<li>EOS Compact DC \/ HC<\/li>\n<li>EOS EmoTec<\/li>\n<li>EOS EmoStyle<\/li>\n<li>EOS EmoTouch 3<\/li>\n<\/ul>","protected":false},"excerpt":{"rendered":"<h4><b>Suitable for sauna control units:<\/b><\/h4>\n<ul>\n<li>EOS Compact DC \/ HC<\/li>\n<li>EOS EmoTec<\/li>\n<li>EOS EmoStyle<\/li>\n<li>EOS EmoTouch 3<\/li>\n<\/ul>","protected":false},"featured_media":12718,"template":"","meta":[],"product_cat":[157],"product_tag":[],"class_list":{"0":"post-12721","1":"product","2":"type-product","3":"status-publish","4":"has-post-thumbnail","6":"product_cat-eos-guc-uniteleri","8":"first","9":"instock","10":"shipping-taxable","11":"product-type-simple"},"yoast_head":"<!-- This site is optimized with the Yoast SEO Premium plugin v23.2 (Yoast SEO v23.2) - https:\/\/yoast.com\/wordpress\/plugins\/seo\/ -->\n<title>Eos SBM Eko Mod\u00fcl\u00fc | Barrsell End\u00fcstri<\/title>\n<meta name=\"description\" content=\"Eos SBM Eko Mod\u00fcl\u00fc, sauna sistemleri i\u00e7in \u00f6zel olarak tasarlanm\u0131\u015f, enerji verimlili\u011fi odakl\u0131 yenilik\u00e7i bir \u0131s\u0131tma mod\u00fcl\u00fcd\u00fcr.\" \/>\n<meta name=\"robots\" content=\"index, follow, max-snippet:-1, max-image-preview:large, max-video-preview:-1\" \/>\n<link rel=\"canonical\" href=\"https:\/\/barrsell.com\/en\/product\/eos-sbm-eco-module\/\" \/>\n<meta property=\"og:locale\" content=\"en_US\" \/>\n<meta property=\"og:type\" content=\"article\" \/>\n<meta property=\"og:title\" content=\"Eos SBM Eko Mod\u00fcl\u00fc\" \/>\n<meta property=\"og:description\" content=\"Eos SBM Eko Mod\u00fcl\u00fc, sauna sistemleri i\u00e7in \u00f6zel olarak tasarlanm\u0131\u015f, enerji verimlili\u011fi odakl\u0131 yenilik\u00e7i bir \u0131s\u0131tma mod\u00fcl\u00fcd\u00fcr.\" \/>\n<meta property=\"og:url\" content=\"https:\/\/barrsell.com\/en\/product\/eos-sbm-eco-module\/\" \/>\n<meta property=\"og:site_name\" content=\"Barrsell\" \/>\n<meta property=\"article:modified_time\" content=\"2025-01-06T09:18:38+00:00\" \/>\n<meta property=\"og:image\" content=\"https:\/\/barrsell.com\/wp-content\/uploads\/2024\/08\/Eos-SBM-Sicak-Modulu-barr.png\" \/>\n\t<meta property=\"og:image:width\" content=\"1200\" \/>\n\t<meta property=\"og:image:height\" content=\"1200\" \/>\n\t<meta property=\"og:image:type\" content=\"image\/png\" \/>\n<meta name=\"twitter:card\" content=\"summary_large_image\" \/>\n<meta name=\"twitter:label1\" content=\"Est. reading time\" \/>\n\t<meta name=\"twitter:data1\" content=\"2 minutes\" \/>\n<script type=\"application\/ld+json\" class=\"yoast-schema-graph\">{\"@context\":\"https:\/\/schema.org\",\"@graph\":[{\"@type\":\"WebPage\",\"@id\":\"https:\/\/barrsell.com\/urun\/eos-sbm-eko-modulu\/\",\"url\":\"https:\/\/barrsell.com\/urun\/eos-sbm-eko-modulu\/\",\"name\":\"Eos SBM Eko Mod\u00fcl\u00fc | Barrsell End\u00fcstri\",\"isPartOf\":{\"@id\":\"https:\/\/barrsell.com\/#website\"},\"primaryImageOfPage\":{\"@id\":\"https:\/\/barrsell.com\/urun\/eos-sbm-eko-modulu\/#primaryimage\"},\"image\":{\"@id\":\"https:\/\/barrsell.com\/urun\/eos-sbm-eko-modulu\/#primaryimage\"},\"thumbnailUrl\":\"https:\/\/barrsell.com\/wp-content\/uploads\/2024\/08\/Eos-SBM-Sicak-Modulu-barr.png\",\"datePublished\":\"2024-08-21T11:17:36+00:00\",\"dateModified\":\"2025-01-06T09:18:38+00:00\",\"description\":\"Eos SBM Eko Mod\u00fcl\u00fc, sauna sistemleri i\u00e7in \u00f6zel olarak tasarlanm\u0131\u015f, enerji verimlili\u011fi odakl\u0131 yenilik\u00e7i bir \u0131s\u0131tma mod\u00fcl\u00fcd\u00fcr.\",\"breadcrumb\":{\"@id\":\"https:\/\/barrsell.com\/urun\/eos-sbm-eko-modulu\/#breadcrumb\"},\"inLanguage\":\"en-US\",\"potentialAction\":[{\"@type\":\"ReadAction\",\"target\":[\"https:\/\/barrsell.com\/urun\/eos-sbm-eko-modulu\/\"]}]},{\"@type\":\"ImageObject\",\"inLanguage\":\"en-US\",\"@id\":\"https:\/\/barrsell.com\/urun\/eos-sbm-eko-modulu\/#primaryimage\",\"url\":\"https:\/\/barrsell.com\/wp-content\/uploads\/2024\/08\/Eos-SBM-Sicak-Modulu-barr.png\",\"contentUrl\":\"https:\/\/barrsell.com\/wp-content\/uploads\/2024\/08\/Eos-SBM-Sicak-Modulu-barr.png\",\"width\":1200,\"height\":1200,\"caption\":\"Eos-SBM-S\u0131cak-Mod\u00fcl\u00fc-barr\"},{\"@type\":\"BreadcrumbList\",\"@id\":\"https:\/\/barrsell.com\/urun\/eos-sbm-eko-modulu\/#breadcrumb\",\"itemListElement\":[{\"@type\":\"ListItem\",\"position\":1,\"name\":\"Home\",\"item\":\"https:\/\/barrsell.com\/\"},{\"@type\":\"ListItem\",\"position\":2,\"name\":\"\u00dcr\u00fcnler\",\"item\":\"https:\/\/barrsell.com\/en\/products\/\"},{\"@type\":\"ListItem\",\"position\":3,\"name\":\"Eos SBM Eko Mod\u00fcl\u00fc\"}]},{\"@type\":\"WebSite\",\"@id\":\"https:\/\/barrsell.com\/#website\",\"url\":\"https:\/\/barrsell.com\/\",\"name\":\"Barrsell End\u00fcstri Makine\",\"description\":\"Teknolojiyle G\u00fc\u00e7lenen End\u00fcstriyel \u00c7\u00f6z\u00fcmler!\",\"potentialAction\":[{\"@type\":\"SearchAction\",\"target\":{\"@type\":\"EntryPoint\",\"urlTemplate\":\"https:\/\/barrsell.com\/?s={search_term_string}\"},\"query-input\":\"required name=search_term_string\"}],\"inLanguage\":\"en-US\"}]}<\/script>\n<!-- \/ Yoast SEO Premium plugin. -->","yoast_head_json":{"title":"Eos SBM Eko Mod\u00fcl\u00fc | Barrsell End\u00fcstri","description":"Eos SBM Eko Mod\u00fcl\u00fc, sauna sistemleri i\u00e7in \u00f6zel olarak tasarlanm\u0131\u015f, enerji verimlili\u011fi odakl\u0131 yenilik\u00e7i bir \u0131s\u0131tma mod\u00fcl\u00fcd\u00fcr.","robots":{"index":"index","follow":"follow","max-snippet":"max-snippet:-1","max-image-preview":"max-image-preview:large","max-video-preview":"max-video-preview:-1"},"canonical":"https:\/\/barrsell.com\/en\/product\/eos-sbm-eco-module\/","og_locale":"en_US","og_type":"article","og_title":"Eos SBM Eko Mod\u00fcl\u00fc","og_description":"Eos SBM Eko Mod\u00fcl\u00fc, sauna sistemleri i\u00e7in \u00f6zel olarak tasarlanm\u0131\u015f, enerji verimlili\u011fi odakl\u0131 yenilik\u00e7i bir \u0131s\u0131tma mod\u00fcl\u00fcd\u00fcr.","og_url":"https:\/\/barrsell.com\/en\/product\/eos-sbm-eco-module\/","og_site_name":"Barrsell","article_modified_time":"2025-01-06T09:18:38+00:00","og_image":[{"width":1200,"height":1200,"url":"https:\/\/barrsell.com\/wp-content\/uploads\/2024\/08\/Eos-SBM-Sicak-Modulu-barr.png","type":"image\/png"}],"twitter_card":"summary_large_image","twitter_misc":{"Est. reading time":"2 minutes"},"schema":{"@context":"https:\/\/schema.org","@graph":[{"@type":"WebPage","@id":"https:\/\/barrsell.com\/urun\/eos-sbm-eko-modulu\/","url":"https:\/\/barrsell.com\/urun\/eos-sbm-eko-modulu\/","name":"Eos SBM Eko Mod\u00fcl\u00fc | Barrsell End\u00fcstri","isPartOf":{"@id":"https:\/\/barrsell.com\/#website"},"primaryImageOfPage":{"@id":"https:\/\/barrsell.com\/urun\/eos-sbm-eko-modulu\/#primaryimage"},"image":{"@id":"https:\/\/barrsell.com\/urun\/eos-sbm-eko-modulu\/#primaryimage"},"thumbnailUrl":"https:\/\/barrsell.com\/wp-content\/uploads\/2024\/08\/Eos-SBM-Sicak-Modulu-barr.png","datePublished":"2024-08-21T11:17:36+00:00","dateModified":"2025-01-06T09:18:38+00:00","description":"Eos SBM Eko Mod\u00fcl\u00fc, sauna sistemleri i\u00e7in \u00f6zel olarak tasarlanm\u0131\u015f, enerji verimlili\u011fi odakl\u0131 yenilik\u00e7i bir \u0131s\u0131tma mod\u00fcl\u00fcd\u00fcr.","breadcrumb":{"@id":"https:\/\/barrsell.com\/urun\/eos-sbm-eko-modulu\/#breadcrumb"},"inLanguage":"en-US","potentialAction":[{"@type":"ReadAction","target":["https:\/\/barrsell.com\/urun\/eos-sbm-eko-modulu\/"]}]},{"@type":"ImageObject","inLanguage":"en-US","@id":"https:\/\/barrsell.com\/urun\/eos-sbm-eko-modulu\/#primaryimage","url":"https:\/\/barrsell.com\/wp-content\/uploads\/2024\/08\/Eos-SBM-Sicak-Modulu-barr.png","contentUrl":"https:\/\/barrsell.com\/wp-content\/uploads\/2024\/08\/Eos-SBM-Sicak-Modulu-barr.png","width":1200,"height":1200,"caption":"Eos-SBM-S\u0131cak-Mod\u00fcl\u00fc-barr"},{"@type":"BreadcrumbList","@id":"https:\/\/barrsell.com\/urun\/eos-sbm-eko-modulu\/#breadcrumb","itemListElement":[{"@type":"ListItem","position":1,"name":"Home","item":"https:\/\/barrsell.com\/"},{"@type":"ListItem","position":2,"name":"\u00dcr\u00fcnler","item":"https:\/\/barrsell.com\/en\/products\/"},{"@type":"ListItem","position":3,"name":"Eos SBM Eko Mod\u00fcl\u00fc"}]},{"@type":"WebSite","@id":"https:\/\/barrsell.com\/#website","url":"https:\/\/barrsell.com\/","name":"Barrsell End\u00fcstri Makine","description":"Teknolojiyle G\u00fc\u00e7lenen End\u00fcstriyel \u00c7\u00f6z\u00fcmler!","potentialAction":[{"@type":"SearchAction","target":{"@type":"EntryPoint","urlTemplate":"https:\/\/barrsell.com\/?s={search_term_string}"},"query-input":"required name=search_term_string"}],"inLanguage":"en-US"}]}},"_links":{"self":[{"href":"https:\/\/barrsell.com\/en\/wp-json\/wp\/v2\/product\/12721","targetHints":{"allow":["GET"]}}],"collection":[{"href":"https:\/\/barrsell.com\/en\/wp-json\/wp\/v2\/product"}],"about":[{"href":"https:\/\/barrsell.com\/en\/wp-json\/wp\/v2\/types\/product"}],"version-history":[{"count":4,"href":"https:\/\/barrsell.com\/en\/wp-json\/wp\/v2\/product\/12721\/revisions"}],"predecessor-version":[{"id":19862,"href":"https:\/\/barrsell.com\/en\/wp-json\/wp\/v2\/product\/12721\/revisions\/19862"}],"wp:featuredmedia":[{"embeddable":true,"href":"https:\/\/barrsell.com\/en\/wp-json\/wp\/v2\/media\/12718"}],"wp:attachment":[{"href":"https:\/\/barrsell.com\/en\/wp-json\/wp\/v2\/media?parent=12721"}],"wp:term":[{"taxonomy":"product_cat","embeddable":true,"href":"https:\/\/barrsell.com\/en\/wp-json\/wp\/v2\/product_cat?post=12721"},{"taxonomy":"product_tag","embeddable":true,"href":"https:\/\/barrsell.com\/en\/wp-json\/wp\/v2\/product_tag?post=12721"}],"curies":[{"name":"wp","href":"https:\/\/api.w.org\/{rel}","templated":true}]}}