{"id":12715,"date":"2024-08-21T11:04:18","date_gmt":"2024-08-21T11:04:18","guid":{"rendered":"https:\/\/barrsell.com\/?post_type=product&#038;p=12715"},"modified":"2025-01-06T09:35:17","modified_gmt":"2025-01-06T09:35:17","slug":"eos-sbm-sicak-modulu","status":"publish","type":"product","link":"https:\/\/barrsell.com\/en\/product\/eos-sbm-eco-module-2\/","title":{"rendered":"Eos SBM Hot Module"},"content":{"rendered":"<div class=\"flex max-w-full flex-col flex-grow\">\n<div class=\"min-h-[20px] text-message flex w-full flex-col items-end gap-2 break-words [.text-message+&amp;]:mt-5 overflow-x-auto whitespace-pre-wrap\" dir=\"auto\" data-message-author-role=\"assistant\" data-message-id=\"499da484-b502-4404-819b-302cf058b5a5\">\n<div class=\"flex w-full flex-col gap-1 empty:hidden first:pt-[3px]\">\n<div class=\"markdown prose w-full break-words dark:prose-invert light\">\n<h2>Eos SBM-Hot Module<\/h2>\n<p>The Eos SBM-Hot Module is a high-tech component designed to perfectly manage temperature control in sauna systems. This module also allows users to precisely adjust the sauna temperature, ensuring the ideal sauna environment every time.<\/p>\n<h4><strong>Precise Temperature Control:<\/strong><\/h4>\n<p>The Eos SBM-Hot Module monitors and adjusts the temperature inside the sauna with extreme precision. You can easily set the desired temperature.  This ensures that the desired comfort level in the sauna is always maintained.<\/p>\n<h4><strong>Intelligent Heat Management:<\/strong><\/h4>\n<p>This module intelligently manages the sauna heating system. Thus, using temperature sensors and advanced algorithms, it reacts instantly to temperature changes inside the sauna. This minimizes temperature fluctuations and increases energy efficiency. The heat distribution thus ensures a homogeneous temperature at every point inside the sauna.<\/p>\n<h4><strong>Fast Heating and Stabilization:<\/strong><\/h4>\n<p>The Eos SBM-Hot Module is designed to ensure that the sauna heats up quickly. In addition, before your sauna session starts, the module operates the heating elements with maximum efficiency to reach the target temperature. At the same time, once the target temperature is reached, this temperature remains stable. Thus, your sauna is always ready for use and at the ideal temperature.<\/p>\n<h4><strong>Easy Integration and Compatibility:<\/strong><\/h4>\n<p>The Eos SBM-Hot Module is designed to be easily integrated into existing sauna control systems. It is compatible with different sauna heating systems, which allows users to use this module without any modifications to their existing sauna system.<\/p>\n<\/div>\n<\/div>\n<\/div>\n<\/div>\n<h4><b>Suitable for sauna control units:<\/b><\/h4>\n<ul>\n<li>EOS EmoTec<\/li>\n<li>EOS EmoStyle<\/li>\n<li>EOS EmoTouch 3<\/li>\n<\/ul>","protected":false},"excerpt":{"rendered":"<h4><b>Suitable for sauna control units:<\/b><\/h4>\n<ul>\n<li>EOS EmoTec<\/li>\n<li>EOS EmoStyle<\/li>\n<li>EOS EmoTouch 3<\/li>\n<\/ul>","protected":false},"featured_media":12718,"template":"","meta":[],"product_cat":[157],"product_tag":[],"class_list":{"0":"post-12715","1":"product","2":"type-product","3":"status-publish","4":"has-post-thumbnail","6":"product_cat-eos-guc-uniteleri","8":"first","9":"instock","10":"shipping-taxable","11":"product-type-simple"},"yoast_head":"<!-- This site is optimized with the Yoast SEO Premium plugin v23.2 (Yoast SEO v23.2) - https:\/\/yoast.com\/wordpress\/plugins\/seo\/ -->\n<title>Eos SBM S\u0131cak Mod\u00fcl\u00fc | Barrsell<\/title>\n<meta name=\"description\" content=\"Eos SBM-S\u0131cak Mod\u00fcl\u00fc, sauna sistemlerinde s\u0131cakl\u0131k kontrol\u00fcn\u00fc m\u00fckemmel bir \u015fekilde y\u00f6netmek i\u00e7in tasarlanm\u0131\u015f, ileri teknolojiye sahip bir bile\u015fendir.\" \/>\n<meta name=\"robots\" content=\"index, follow, max-snippet:-1, max-image-preview:large, max-video-preview:-1\" \/>\n<link rel=\"canonical\" href=\"https:\/\/barrsell.com\/en\/product\/eos-sbm-eco-module-2\/\" \/>\n<meta property=\"og:locale\" content=\"en_US\" \/>\n<meta property=\"og:type\" content=\"article\" \/>\n<meta property=\"og:title\" content=\"Eos SBM S\u0131cak Mod\u00fcl\u00fc\" \/>\n<meta property=\"og:description\" content=\"Eos SBM-S\u0131cak Mod\u00fcl\u00fc, sauna sistemlerinde s\u0131cakl\u0131k kontrol\u00fcn\u00fc m\u00fckemmel bir \u015fekilde y\u00f6netmek i\u00e7in tasarlanm\u0131\u015f, ileri teknolojiye sahip bir bile\u015fendir.\" \/>\n<meta property=\"og:url\" content=\"https:\/\/barrsell.com\/en\/product\/eos-sbm-eco-module-2\/\" \/>\n<meta property=\"og:site_name\" content=\"Barrsell\" \/>\n<meta property=\"article:modified_time\" content=\"2025-01-06T09:35:17+00:00\" \/>\n<meta property=\"og:image\" content=\"https:\/\/barrsell.com\/wp-content\/uploads\/2024\/08\/Eos-SBM-Sicak-Modulu-barr.png\" \/>\n\t<meta property=\"og:image:width\" content=\"1200\" \/>\n\t<meta property=\"og:image:height\" content=\"1200\" \/>\n\t<meta property=\"og:image:type\" content=\"image\/png\" \/>\n<meta name=\"twitter:card\" content=\"summary_large_image\" \/>\n<meta name=\"twitter:label1\" content=\"Est. reading time\" \/>\n\t<meta name=\"twitter:data1\" content=\"2 minutes\" \/>\n<script type=\"application\/ld+json\" class=\"yoast-schema-graph\">{\"@context\":\"https:\/\/schema.org\",\"@graph\":[{\"@type\":\"WebPage\",\"@id\":\"https:\/\/barrsell.com\/urun\/eos-sbm-sicak-modulu\/\",\"url\":\"https:\/\/barrsell.com\/urun\/eos-sbm-sicak-modulu\/\",\"name\":\"Eos SBM S\u0131cak Mod\u00fcl\u00fc | Barrsell\",\"isPartOf\":{\"@id\":\"https:\/\/barrsell.com\/#website\"},\"primaryImageOfPage\":{\"@id\":\"https:\/\/barrsell.com\/urun\/eos-sbm-sicak-modulu\/#primaryimage\"},\"image\":{\"@id\":\"https:\/\/barrsell.com\/urun\/eos-sbm-sicak-modulu\/#primaryimage\"},\"thumbnailUrl\":\"https:\/\/barrsell.com\/wp-content\/uploads\/2024\/08\/Eos-SBM-Sicak-Modulu-barr.png\",\"datePublished\":\"2024-08-21T11:04:18+00:00\",\"dateModified\":\"2025-01-06T09:35:17+00:00\",\"description\":\"Eos SBM-S\u0131cak Mod\u00fcl\u00fc, sauna sistemlerinde s\u0131cakl\u0131k kontrol\u00fcn\u00fc m\u00fckemmel bir \u015fekilde y\u00f6netmek i\u00e7in tasarlanm\u0131\u015f, ileri teknolojiye sahip bir bile\u015fendir.\",\"breadcrumb\":{\"@id\":\"https:\/\/barrsell.com\/urun\/eos-sbm-sicak-modulu\/#breadcrumb\"},\"inLanguage\":\"en-US\",\"potentialAction\":[{\"@type\":\"ReadAction\",\"target\":[\"https:\/\/barrsell.com\/urun\/eos-sbm-sicak-modulu\/\"]}]},{\"@type\":\"ImageObject\",\"inLanguage\":\"en-US\",\"@id\":\"https:\/\/barrsell.com\/urun\/eos-sbm-sicak-modulu\/#primaryimage\",\"url\":\"https:\/\/barrsell.com\/wp-content\/uploads\/2024\/08\/Eos-SBM-Sicak-Modulu-barr.png\",\"contentUrl\":\"https:\/\/barrsell.com\/wp-content\/uploads\/2024\/08\/Eos-SBM-Sicak-Modulu-barr.png\",\"width\":1200,\"height\":1200,\"caption\":\"Eos-SBM-S\u0131cak-Mod\u00fcl\u00fc-barr\"},{\"@type\":\"BreadcrumbList\",\"@id\":\"https:\/\/barrsell.com\/urun\/eos-sbm-sicak-modulu\/#breadcrumb\",\"itemListElement\":[{\"@type\":\"ListItem\",\"position\":1,\"name\":\"Home\",\"item\":\"https:\/\/barrsell.com\/\"},{\"@type\":\"ListItem\",\"position\":2,\"name\":\"\u00dcr\u00fcnler\",\"item\":\"https:\/\/barrsell.com\/en\/products\/\"},{\"@type\":\"ListItem\",\"position\":3,\"name\":\"Eos SBM S\u0131cak Mod\u00fcl\u00fc\"}]},{\"@type\":\"WebSite\",\"@id\":\"https:\/\/barrsell.com\/#website\",\"url\":\"https:\/\/barrsell.com\/\",\"name\":\"Barrsell End\u00fcstri Makine\",\"description\":\"Teknolojiyle G\u00fc\u00e7lenen End\u00fcstriyel \u00c7\u00f6z\u00fcmler!\",\"potentialAction\":[{\"@type\":\"SearchAction\",\"target\":{\"@type\":\"EntryPoint\",\"urlTemplate\":\"https:\/\/barrsell.com\/?s={search_term_string}\"},\"query-input\":\"required name=search_term_string\"}],\"inLanguage\":\"en-US\"}]}<\/script>\n<!-- \/ Yoast SEO Premium plugin. -->","yoast_head_json":{"title":"Eos SBM S\u0131cak Mod\u00fcl\u00fc | Barrsell","description":"Eos SBM-S\u0131cak Mod\u00fcl\u00fc, sauna sistemlerinde s\u0131cakl\u0131k kontrol\u00fcn\u00fc m\u00fckemmel bir \u015fekilde y\u00f6netmek i\u00e7in tasarlanm\u0131\u015f, ileri teknolojiye sahip bir bile\u015fendir.","robots":{"index":"index","follow":"follow","max-snippet":"max-snippet:-1","max-image-preview":"max-image-preview:large","max-video-preview":"max-video-preview:-1"},"canonical":"https:\/\/barrsell.com\/en\/product\/eos-sbm-eco-module-2\/","og_locale":"en_US","og_type":"article","og_title":"Eos SBM S\u0131cak Mod\u00fcl\u00fc","og_description":"Eos SBM-S\u0131cak Mod\u00fcl\u00fc, sauna sistemlerinde s\u0131cakl\u0131k kontrol\u00fcn\u00fc m\u00fckemmel bir \u015fekilde y\u00f6netmek i\u00e7in tasarlanm\u0131\u015f, ileri teknolojiye sahip bir bile\u015fendir.","og_url":"https:\/\/barrsell.com\/en\/product\/eos-sbm-eco-module-2\/","og_site_name":"Barrsell","article_modified_time":"2025-01-06T09:35:17+00:00","og_image":[{"width":1200,"height":1200,"url":"https:\/\/barrsell.com\/wp-content\/uploads\/2024\/08\/Eos-SBM-Sicak-Modulu-barr.png","type":"image\/png"}],"twitter_card":"summary_large_image","twitter_misc":{"Est. reading time":"2 minutes"},"schema":{"@context":"https:\/\/schema.org","@graph":[{"@type":"WebPage","@id":"https:\/\/barrsell.com\/urun\/eos-sbm-sicak-modulu\/","url":"https:\/\/barrsell.com\/urun\/eos-sbm-sicak-modulu\/","name":"Eos SBM S\u0131cak Mod\u00fcl\u00fc | Barrsell","isPartOf":{"@id":"https:\/\/barrsell.com\/#website"},"primaryImageOfPage":{"@id":"https:\/\/barrsell.com\/urun\/eos-sbm-sicak-modulu\/#primaryimage"},"image":{"@id":"https:\/\/barrsell.com\/urun\/eos-sbm-sicak-modulu\/#primaryimage"},"thumbnailUrl":"https:\/\/barrsell.com\/wp-content\/uploads\/2024\/08\/Eos-SBM-Sicak-Modulu-barr.png","datePublished":"2024-08-21T11:04:18+00:00","dateModified":"2025-01-06T09:35:17+00:00","description":"Eos SBM-S\u0131cak Mod\u00fcl\u00fc, sauna sistemlerinde s\u0131cakl\u0131k kontrol\u00fcn\u00fc m\u00fckemmel bir \u015fekilde y\u00f6netmek i\u00e7in tasarlanm\u0131\u015f, ileri teknolojiye sahip bir bile\u015fendir.","breadcrumb":{"@id":"https:\/\/barrsell.com\/urun\/eos-sbm-sicak-modulu\/#breadcrumb"},"inLanguage":"en-US","potentialAction":[{"@type":"ReadAction","target":["https:\/\/barrsell.com\/urun\/eos-sbm-sicak-modulu\/"]}]},{"@type":"ImageObject","inLanguage":"en-US","@id":"https:\/\/barrsell.com\/urun\/eos-sbm-sicak-modulu\/#primaryimage","url":"https:\/\/barrsell.com\/wp-content\/uploads\/2024\/08\/Eos-SBM-Sicak-Modulu-barr.png","contentUrl":"https:\/\/barrsell.com\/wp-content\/uploads\/2024\/08\/Eos-SBM-Sicak-Modulu-barr.png","width":1200,"height":1200,"caption":"Eos-SBM-S\u0131cak-Mod\u00fcl\u00fc-barr"},{"@type":"BreadcrumbList","@id":"https:\/\/barrsell.com\/urun\/eos-sbm-sicak-modulu\/#breadcrumb","itemListElement":[{"@type":"ListItem","position":1,"name":"Home","item":"https:\/\/barrsell.com\/"},{"@type":"ListItem","position":2,"name":"\u00dcr\u00fcnler","item":"https:\/\/barrsell.com\/en\/products\/"},{"@type":"ListItem","position":3,"name":"Eos SBM S\u0131cak Mod\u00fcl\u00fc"}]},{"@type":"WebSite","@id":"https:\/\/barrsell.com\/#website","url":"https:\/\/barrsell.com\/","name":"Barrsell End\u00fcstri Makine","description":"Teknolojiyle G\u00fc\u00e7lenen End\u00fcstriyel \u00c7\u00f6z\u00fcmler!","potentialAction":[{"@type":"SearchAction","target":{"@type":"EntryPoint","urlTemplate":"https:\/\/barrsell.com\/?s={search_term_string}"},"query-input":"required name=search_term_string"}],"inLanguage":"en-US"}]}},"_links":{"self":[{"href":"https:\/\/barrsell.com\/en\/wp-json\/wp\/v2\/product\/12715","targetHints":{"allow":["GET"]}}],"collection":[{"href":"https:\/\/barrsell.com\/en\/wp-json\/wp\/v2\/product"}],"about":[{"href":"https:\/\/barrsell.com\/en\/wp-json\/wp\/v2\/types\/product"}],"version-history":[{"count":5,"href":"https:\/\/barrsell.com\/en\/wp-json\/wp\/v2\/product\/12715\/revisions"}],"predecessor-version":[{"id":19863,"href":"https:\/\/barrsell.com\/en\/wp-json\/wp\/v2\/product\/12715\/revisions\/19863"}],"wp:featuredmedia":[{"embeddable":true,"href":"https:\/\/barrsell.com\/en\/wp-json\/wp\/v2\/media\/12718"}],"wp:attachment":[{"href":"https:\/\/barrsell.com\/en\/wp-json\/wp\/v2\/media?parent=12715"}],"wp:term":[{"taxonomy":"product_cat","embeddable":true,"href":"https:\/\/barrsell.com\/en\/wp-json\/wp\/v2\/product_cat?post=12715"},{"taxonomy":"product_tag","embeddable":true,"href":"https:\/\/barrsell.com\/en\/wp-json\/wp\/v2\/product_tag?post=12715"}],"curies":[{"name":"wp","href":"https:\/\/api.w.org\/{rel}","templated":true}]}}