{"id":12708,"date":"2024-08-21T10:37:45","date_gmt":"2024-08-21T10:37:45","guid":{"rendered":"https:\/\/barrsell.com\/?post_type=product&#038;p=12708"},"modified":"2025-01-06T09:40:44","modified_gmt":"2025-01-06T09:40:44","slug":"eos-uzaktan-baslatma-modulu","status":"publish","type":"product","link":"https:\/\/barrsell.com\/en\/product\/eos-remote-launch-module\/","title":{"rendered":"Eos Remote Start Module"},"content":{"rendered":"<h2>Eos Remote Start Module<\/h2>\n<p>The Eos Remote Start Module is a high performance module that offers remote start and control for sauna systems. This module allows users to easily start their saunas from anywhere.  It provides the flexibility and comfort required by modern life.<\/p>\n<h4><b>Compatible control units:<\/b><\/h4>\n<ul>\n<li>EOS Econ D4 \/ H4<\/li>\n<li>EOS Compact DC \/ HC<\/li>\n<li>EOS EmoTec D \/ H<\/li>\n<li>EOS EmoStyle D\/H, EOS EmoStyle Di\/HI<\/li>\n<li>EOS Emo Touch 3<\/li>\n<\/ul>","protected":false},"excerpt":{"rendered":"<p><b>Compatible control units:<\/b><\/p>\n<ul>\n<li>EOS Econ D4 \/ H4<\/li>\n<li>EOS Compact DC \/ HC<\/li>\n<li>EOS EmoTec D \/ H<\/li>\n<li>EOS EmoStyle D\/H, EOS EmoStyle Di\/Merhaba<\/li>\n<li>EOS Emo Touch 3<\/li>\n<\/ul>","protected":false},"featured_media":12711,"template":"","meta":[],"product_cat":[157],"product_tag":[],"class_list":{"0":"post-12708","1":"product","2":"type-product","3":"status-publish","4":"has-post-thumbnail","6":"product_cat-eos-guc-uniteleri","8":"first","9":"instock","10":"shipping-taxable","11":"product-type-simple"},"yoast_head":"<!-- This site is optimized with the Yoast SEO Premium plugin v23.2 (Yoast SEO v23.2) - https:\/\/yoast.com\/wordpress\/plugins\/seo\/ -->\n<title>Eos Uzaktan Ba\u015flatma Mod\u00fcl\u00fc | Barrsell End\u00fcstri<\/title>\n<meta name=\"description\" content=\"Eos Uzaktan Ba\u015flatma Mod\u00fcl\u00fc, sauna sistemleri i\u00e7in uzaktan ba\u015flatma ve kontrol imkan\u0131 sunan y\u00fcksek performansl\u0131 bir mod\u00fcld\u00fcr. Bu mod\u00fcl, kullan\u0131c\u0131lar\u0131n\" \/>\n<meta name=\"robots\" content=\"index, follow, max-snippet:-1, max-image-preview:large, max-video-preview:-1\" \/>\n<link rel=\"canonical\" href=\"https:\/\/barrsell.com\/en\/product\/eos-remote-launch-module\/\" \/>\n<meta property=\"og:locale\" content=\"en_US\" \/>\n<meta property=\"og:type\" content=\"article\" \/>\n<meta property=\"og:title\" content=\"Eos Uzaktan Ba\u015flatma Mod\u00fcl\u00fc\" \/>\n<meta property=\"og:description\" content=\"Eos Uzaktan Ba\u015flatma Mod\u00fcl\u00fc, sauna sistemleri i\u00e7in uzaktan ba\u015flatma ve kontrol imkan\u0131 sunan y\u00fcksek performansl\u0131 bir mod\u00fcld\u00fcr. Bu mod\u00fcl, kullan\u0131c\u0131lar\u0131n\" \/>\n<meta property=\"og:url\" content=\"https:\/\/barrsell.com\/en\/product\/eos-remote-launch-module\/\" \/>\n<meta property=\"og:site_name\" content=\"Barrsell\" \/>\n<meta property=\"article:modified_time\" content=\"2025-01-06T09:40:44+00:00\" \/>\n<meta property=\"og:image\" content=\"https:\/\/barrsell.com\/wp-content\/uploads\/2024\/08\/Eos-Uzaktan-Baslatma-Modulu.png\" \/>\n\t<meta property=\"og:image:width\" content=\"1200\" \/>\n\t<meta property=\"og:image:height\" content=\"1200\" \/>\n\t<meta property=\"og:image:type\" content=\"image\/png\" \/>\n<meta name=\"twitter:card\" content=\"summary_large_image\" \/>\n<meta name=\"twitter:label1\" content=\"Est. reading time\" \/>\n\t<meta name=\"twitter:data1\" content=\"1 minute\" \/>\n<script type=\"application\/ld+json\" class=\"yoast-schema-graph\">{\"@context\":\"https:\/\/schema.org\",\"@graph\":[{\"@type\":\"WebPage\",\"@id\":\"https:\/\/barrsell.com\/urun\/eos-uzaktan-baslatma-modulu\/\",\"url\":\"https:\/\/barrsell.com\/urun\/eos-uzaktan-baslatma-modulu\/\",\"name\":\"Eos Uzaktan Ba\u015flatma Mod\u00fcl\u00fc | Barrsell End\u00fcstri\",\"isPartOf\":{\"@id\":\"https:\/\/barrsell.com\/#website\"},\"primaryImageOfPage\":{\"@id\":\"https:\/\/barrsell.com\/urun\/eos-uzaktan-baslatma-modulu\/#primaryimage\"},\"image\":{\"@id\":\"https:\/\/barrsell.com\/urun\/eos-uzaktan-baslatma-modulu\/#primaryimage\"},\"thumbnailUrl\":\"https:\/\/barrsell.com\/wp-content\/uploads\/2024\/08\/Eos-Uzaktan-Baslatma-Modulu.png\",\"datePublished\":\"2024-08-21T10:37:45+00:00\",\"dateModified\":\"2025-01-06T09:40:44+00:00\",\"description\":\"Eos Uzaktan Ba\u015flatma Mod\u00fcl\u00fc, sauna sistemleri i\u00e7in uzaktan ba\u015flatma ve kontrol imkan\u0131 sunan y\u00fcksek performansl\u0131 bir mod\u00fcld\u00fcr. Bu mod\u00fcl, kullan\u0131c\u0131lar\u0131n\",\"breadcrumb\":{\"@id\":\"https:\/\/barrsell.com\/urun\/eos-uzaktan-baslatma-modulu\/#breadcrumb\"},\"inLanguage\":\"en-US\",\"potentialAction\":[{\"@type\":\"ReadAction\",\"target\":[\"https:\/\/barrsell.com\/urun\/eos-uzaktan-baslatma-modulu\/\"]}]},{\"@type\":\"ImageObject\",\"inLanguage\":\"en-US\",\"@id\":\"https:\/\/barrsell.com\/urun\/eos-uzaktan-baslatma-modulu\/#primaryimage\",\"url\":\"https:\/\/barrsell.com\/wp-content\/uploads\/2024\/08\/Eos-Uzaktan-Baslatma-Modulu.png\",\"contentUrl\":\"https:\/\/barrsell.com\/wp-content\/uploads\/2024\/08\/Eos-Uzaktan-Baslatma-Modulu.png\",\"width\":1200,\"height\":1200,\"caption\":\"Eos Uzaktan Ba\u015flatma Mod\u00fcl\u00fc\"},{\"@type\":\"BreadcrumbList\",\"@id\":\"https:\/\/barrsell.com\/urun\/eos-uzaktan-baslatma-modulu\/#breadcrumb\",\"itemListElement\":[{\"@type\":\"ListItem\",\"position\":1,\"name\":\"Home\",\"item\":\"https:\/\/barrsell.com\/\"},{\"@type\":\"ListItem\",\"position\":2,\"name\":\"\u00dcr\u00fcnler\",\"item\":\"https:\/\/barrsell.com\/en\/products\/\"},{\"@type\":\"ListItem\",\"position\":3,\"name\":\"Eos Uzaktan Ba\u015flatma Mod\u00fcl\u00fc\"}]},{\"@type\":\"WebSite\",\"@id\":\"https:\/\/barrsell.com\/#website\",\"url\":\"https:\/\/barrsell.com\/\",\"name\":\"Barrsell End\u00fcstri Makine\",\"description\":\"Teknolojiyle G\u00fc\u00e7lenen End\u00fcstriyel \u00c7\u00f6z\u00fcmler!\",\"potentialAction\":[{\"@type\":\"SearchAction\",\"target\":{\"@type\":\"EntryPoint\",\"urlTemplate\":\"https:\/\/barrsell.com\/?s={search_term_string}\"},\"query-input\":\"required name=search_term_string\"}],\"inLanguage\":\"en-US\"}]}<\/script>\n<!-- \/ Yoast SEO Premium plugin. -->","yoast_head_json":{"title":"Eos Uzaktan Ba\u015flatma Mod\u00fcl\u00fc | Barrsell End\u00fcstri","description":"Eos Uzaktan Ba\u015flatma Mod\u00fcl\u00fc, sauna sistemleri i\u00e7in uzaktan ba\u015flatma ve kontrol imkan\u0131 sunan y\u00fcksek performansl\u0131 bir mod\u00fcld\u00fcr. Bu mod\u00fcl, kullan\u0131c\u0131lar\u0131n","robots":{"index":"index","follow":"follow","max-snippet":"max-snippet:-1","max-image-preview":"max-image-preview:large","max-video-preview":"max-video-preview:-1"},"canonical":"https:\/\/barrsell.com\/en\/product\/eos-remote-launch-module\/","og_locale":"en_US","og_type":"article","og_title":"Eos Uzaktan Ba\u015flatma Mod\u00fcl\u00fc","og_description":"Eos Uzaktan Ba\u015flatma Mod\u00fcl\u00fc, sauna sistemleri i\u00e7in uzaktan ba\u015flatma ve kontrol imkan\u0131 sunan y\u00fcksek performansl\u0131 bir mod\u00fcld\u00fcr. Bu mod\u00fcl, kullan\u0131c\u0131lar\u0131n","og_url":"https:\/\/barrsell.com\/en\/product\/eos-remote-launch-module\/","og_site_name":"Barrsell","article_modified_time":"2025-01-06T09:40:44+00:00","og_image":[{"width":1200,"height":1200,"url":"https:\/\/barrsell.com\/wp-content\/uploads\/2024\/08\/Eos-Uzaktan-Baslatma-Modulu.png","type":"image\/png"}],"twitter_card":"summary_large_image","twitter_misc":{"Est. reading time":"1 minute"},"schema":{"@context":"https:\/\/schema.org","@graph":[{"@type":"WebPage","@id":"https:\/\/barrsell.com\/urun\/eos-uzaktan-baslatma-modulu\/","url":"https:\/\/barrsell.com\/urun\/eos-uzaktan-baslatma-modulu\/","name":"Eos Uzaktan Ba\u015flatma Mod\u00fcl\u00fc | Barrsell End\u00fcstri","isPartOf":{"@id":"https:\/\/barrsell.com\/#website"},"primaryImageOfPage":{"@id":"https:\/\/barrsell.com\/urun\/eos-uzaktan-baslatma-modulu\/#primaryimage"},"image":{"@id":"https:\/\/barrsell.com\/urun\/eos-uzaktan-baslatma-modulu\/#primaryimage"},"thumbnailUrl":"https:\/\/barrsell.com\/wp-content\/uploads\/2024\/08\/Eos-Uzaktan-Baslatma-Modulu.png","datePublished":"2024-08-21T10:37:45+00:00","dateModified":"2025-01-06T09:40:44+00:00","description":"Eos Uzaktan Ba\u015flatma Mod\u00fcl\u00fc, sauna sistemleri i\u00e7in uzaktan ba\u015flatma ve kontrol imkan\u0131 sunan y\u00fcksek performansl\u0131 bir mod\u00fcld\u00fcr. Bu mod\u00fcl, kullan\u0131c\u0131lar\u0131n","breadcrumb":{"@id":"https:\/\/barrsell.com\/urun\/eos-uzaktan-baslatma-modulu\/#breadcrumb"},"inLanguage":"en-US","potentialAction":[{"@type":"ReadAction","target":["https:\/\/barrsell.com\/urun\/eos-uzaktan-baslatma-modulu\/"]}]},{"@type":"ImageObject","inLanguage":"en-US","@id":"https:\/\/barrsell.com\/urun\/eos-uzaktan-baslatma-modulu\/#primaryimage","url":"https:\/\/barrsell.com\/wp-content\/uploads\/2024\/08\/Eos-Uzaktan-Baslatma-Modulu.png","contentUrl":"https:\/\/barrsell.com\/wp-content\/uploads\/2024\/08\/Eos-Uzaktan-Baslatma-Modulu.png","width":1200,"height":1200,"caption":"Eos Uzaktan Ba\u015flatma Mod\u00fcl\u00fc"},{"@type":"BreadcrumbList","@id":"https:\/\/barrsell.com\/urun\/eos-uzaktan-baslatma-modulu\/#breadcrumb","itemListElement":[{"@type":"ListItem","position":1,"name":"Home","item":"https:\/\/barrsell.com\/"},{"@type":"ListItem","position":2,"name":"\u00dcr\u00fcnler","item":"https:\/\/barrsell.com\/en\/products\/"},{"@type":"ListItem","position":3,"name":"Eos Uzaktan Ba\u015flatma Mod\u00fcl\u00fc"}]},{"@type":"WebSite","@id":"https:\/\/barrsell.com\/#website","url":"https:\/\/barrsell.com\/","name":"Barrsell End\u00fcstri Makine","description":"Teknolojiyle G\u00fc\u00e7lenen End\u00fcstriyel \u00c7\u00f6z\u00fcmler!","potentialAction":[{"@type":"SearchAction","target":{"@type":"EntryPoint","urlTemplate":"https:\/\/barrsell.com\/?s={search_term_string}"},"query-input":"required name=search_term_string"}],"inLanguage":"en-US"}]}},"_links":{"self":[{"href":"https:\/\/barrsell.com\/en\/wp-json\/wp\/v2\/product\/12708","targetHints":{"allow":["GET"]}}],"collection":[{"href":"https:\/\/barrsell.com\/en\/wp-json\/wp\/v2\/product"}],"about":[{"href":"https:\/\/barrsell.com\/en\/wp-json\/wp\/v2\/types\/product"}],"version-history":[{"count":8,"href":"https:\/\/barrsell.com\/en\/wp-json\/wp\/v2\/product\/12708\/revisions"}],"predecessor-version":[{"id":19865,"href":"https:\/\/barrsell.com\/en\/wp-json\/wp\/v2\/product\/12708\/revisions\/19865"}],"wp:featuredmedia":[{"embeddable":true,"href":"https:\/\/barrsell.com\/en\/wp-json\/wp\/v2\/media\/12711"}],"wp:attachment":[{"href":"https:\/\/barrsell.com\/en\/wp-json\/wp\/v2\/media?parent=12708"}],"wp:term":[{"taxonomy":"product_cat","embeddable":true,"href":"https:\/\/barrsell.com\/en\/wp-json\/wp\/v2\/product_cat?post=12708"},{"taxonomy":"product_tag","embeddable":true,"href":"https:\/\/barrsell.com\/en\/wp-json\/wp\/v2\/product_tag?post=12708"}],"curies":[{"name":"wp","href":"https:\/\/api.w.org\/{rel}","templated":true}]}}