{"id":12705,"date":"2024-08-21T10:35:45","date_gmt":"2024-08-21T10:35:45","guid":{"rendered":"https:\/\/barrsell.com\/?post_type=product&#038;p=12705"},"modified":"2025-01-06T09:44:00","modified_gmt":"2025-01-06T09:44:00","slug":"eos-sbm-s-fl-uzaktan-kumanda","status":"publish","type":"product","link":"https:\/\/barrsell.com\/en\/product\/eos-sbm-s-fl-remote-control\/","title":{"rendered":"Eos SBM-S-FL Remote Control"},"content":{"rendered":"<h2>Eos SBM-S-FL Remote Control<\/h2>\n<p>Eos SBM-S-FL Remote Control stands out as a device that redefines your sauna experience. With its modern design and superior technical features, it allows you to personalize your sauna experience to the maximum. Equipped with advanced technology, this remote control allows you to control not only the temperature settings, but also the humidity level, lighting and ventilation.<\/p>\n<h4>High Technology for Advanced Sauna Control<\/h4>\n<p>With its large screen, user-friendly interface and safety features, the remote control is designed to make your sauna experience seamless. It has a durable construction, energy efficiency and long range capability. With the SBM-S-FL you can control multiple sauna functions. It has features such as temperature setting, humidity level, light control and ventilation. You can easily manage them with this remote control.  This versatility helps to optimize the performance of the sauna.<\/p>\n<p><strong>User Friendly Interface:<\/strong> The Eos SBM-S-FL is equipped with a simple and intuitive interface. This allows users to easily control sauna settings such as temperature, humidity and timer. The ergonomic design makes the device extremely comfortable to use.<\/p>","protected":false},"excerpt":{"rendered":"<p>Eos SBM-S-FL Uzaktan Kumanda Eos SBM-S-FL Uzaktan Kumanda, sauna deneyiminizi yeniden tan\u0131mlayan bir cihaz olarak \u00f6ne \u00e7\u0131k\u0131yor. Modern tasar\u0131m\u0131 ve<\/p>","protected":false},"featured_media":12706,"template":"","meta":[],"product_cat":[157],"product_tag":[],"class_list":{"0":"post-12705","1":"product","2":"type-product","3":"status-publish","4":"has-post-thumbnail","6":"product_cat-eos-guc-uniteleri","8":"first","9":"instock","10":"shipping-taxable","11":"product-type-simple"},"yoast_head":"<!-- This site is optimized with the Yoast SEO Premium plugin v23.2 (Yoast SEO v23.2) - https:\/\/yoast.com\/wordpress\/plugins\/seo\/ -->\n<title>Eos SBM-S-FL Uzaktan Kumanda | Barrsell<\/title>\n<meta name=\"description\" content=\"Eos SBM-S-FL Uzaktan Kumanda, sauna deneyiminizi yeniden tan\u0131mlayan bir cihaz olarak \u00f6ne \u00e7\u0131k\u0131yor. Modern tasar\u0131m\u0131 ve \u00fcst\u00fcn teknik \u00f6zellikleriyle\" \/>\n<meta name=\"robots\" content=\"index, follow, max-snippet:-1, max-image-preview:large, max-video-preview:-1\" \/>\n<link rel=\"canonical\" href=\"https:\/\/barrsell.com\/en\/product\/eos-sbm-s-fl-remote-control\/\" \/>\n<meta property=\"og:locale\" content=\"en_US\" \/>\n<meta property=\"og:type\" content=\"article\" \/>\n<meta property=\"og:title\" content=\"Eos SBM-S-FL Uzaktan Kumanda\" \/>\n<meta property=\"og:description\" content=\"Eos SBM-S-FL Uzaktan Kumanda, sauna deneyiminizi yeniden tan\u0131mlayan bir cihaz olarak \u00f6ne \u00e7\u0131k\u0131yor. Modern tasar\u0131m\u0131 ve \u00fcst\u00fcn teknik \u00f6zellikleriyle\" \/>\n<meta property=\"og:url\" content=\"https:\/\/barrsell.com\/en\/product\/eos-sbm-s-fl-remote-control\/\" \/>\n<meta property=\"og:site_name\" content=\"Barrsell\" \/>\n<meta property=\"article:modified_time\" content=\"2025-01-06T09:44:00+00:00\" \/>\n<meta property=\"og:image\" content=\"https:\/\/barrsell.com\/wp-content\/uploads\/2024\/08\/Eos-SBM-S-FL-Uzaktan-Kumanda.png\" \/>\n\t<meta property=\"og:image:width\" content=\"1200\" \/>\n\t<meta property=\"og:image:height\" content=\"1200\" \/>\n\t<meta property=\"og:image:type\" content=\"image\/png\" \/>\n<meta name=\"twitter:card\" content=\"summary_large_image\" \/>\n<meta name=\"twitter:label1\" content=\"Est. reading time\" \/>\n\t<meta name=\"twitter:data1\" content=\"2 minutes\" \/>\n<script type=\"application\/ld+json\" class=\"yoast-schema-graph\">{\"@context\":\"https:\/\/schema.org\",\"@graph\":[{\"@type\":\"WebPage\",\"@id\":\"https:\/\/barrsell.com\/urun\/eos-sbm-s-fl-uzaktan-kumanda\/\",\"url\":\"https:\/\/barrsell.com\/urun\/eos-sbm-s-fl-uzaktan-kumanda\/\",\"name\":\"Eos SBM-S-FL Uzaktan Kumanda | Barrsell\",\"isPartOf\":{\"@id\":\"https:\/\/barrsell.com\/#website\"},\"primaryImageOfPage\":{\"@id\":\"https:\/\/barrsell.com\/urun\/eos-sbm-s-fl-uzaktan-kumanda\/#primaryimage\"},\"image\":{\"@id\":\"https:\/\/barrsell.com\/urun\/eos-sbm-s-fl-uzaktan-kumanda\/#primaryimage\"},\"thumbnailUrl\":\"https:\/\/barrsell.com\/wp-content\/uploads\/2024\/08\/Eos-SBM-S-FL-Uzaktan-Kumanda.png\",\"datePublished\":\"2024-08-21T10:35:45+00:00\",\"dateModified\":\"2025-01-06T09:44:00+00:00\",\"description\":\"Eos SBM-S-FL Uzaktan Kumanda, sauna deneyiminizi yeniden tan\u0131mlayan bir cihaz olarak \u00f6ne \u00e7\u0131k\u0131yor. Modern tasar\u0131m\u0131 ve \u00fcst\u00fcn teknik \u00f6zellikleriyle\",\"breadcrumb\":{\"@id\":\"https:\/\/barrsell.com\/urun\/eos-sbm-s-fl-uzaktan-kumanda\/#breadcrumb\"},\"inLanguage\":\"en-US\",\"potentialAction\":[{\"@type\":\"ReadAction\",\"target\":[\"https:\/\/barrsell.com\/urun\/eos-sbm-s-fl-uzaktan-kumanda\/\"]}]},{\"@type\":\"ImageObject\",\"inLanguage\":\"en-US\",\"@id\":\"https:\/\/barrsell.com\/urun\/eos-sbm-s-fl-uzaktan-kumanda\/#primaryimage\",\"url\":\"https:\/\/barrsell.com\/wp-content\/uploads\/2024\/08\/Eos-SBM-S-FL-Uzaktan-Kumanda.png\",\"contentUrl\":\"https:\/\/barrsell.com\/wp-content\/uploads\/2024\/08\/Eos-SBM-S-FL-Uzaktan-Kumanda.png\",\"width\":1200,\"height\":1200,\"caption\":\"Eos SBM-S-FL Uzaktan Kumanda\"},{\"@type\":\"BreadcrumbList\",\"@id\":\"https:\/\/barrsell.com\/urun\/eos-sbm-s-fl-uzaktan-kumanda\/#breadcrumb\",\"itemListElement\":[{\"@type\":\"ListItem\",\"position\":1,\"name\":\"Home\",\"item\":\"https:\/\/barrsell.com\/\"},{\"@type\":\"ListItem\",\"position\":2,\"name\":\"\u00dcr\u00fcnler\",\"item\":\"https:\/\/barrsell.com\/en\/products\/\"},{\"@type\":\"ListItem\",\"position\":3,\"name\":\"Eos SBM-S-FL Uzaktan Kumanda\"}]},{\"@type\":\"WebSite\",\"@id\":\"https:\/\/barrsell.com\/#website\",\"url\":\"https:\/\/barrsell.com\/\",\"name\":\"Barrsell End\u00fcstri Makine\",\"description\":\"Teknolojiyle G\u00fc\u00e7lenen End\u00fcstriyel \u00c7\u00f6z\u00fcmler!\",\"potentialAction\":[{\"@type\":\"SearchAction\",\"target\":{\"@type\":\"EntryPoint\",\"urlTemplate\":\"https:\/\/barrsell.com\/?s={search_term_string}\"},\"query-input\":\"required name=search_term_string\"}],\"inLanguage\":\"en-US\"}]}<\/script>\n<!-- \/ Yoast SEO Premium plugin. -->","yoast_head_json":{"title":"Eos SBM-S-FL Uzaktan Kumanda | Barrsell","description":"Eos SBM-S-FL Uzaktan Kumanda, sauna deneyiminizi yeniden tan\u0131mlayan bir cihaz olarak \u00f6ne \u00e7\u0131k\u0131yor. Modern tasar\u0131m\u0131 ve \u00fcst\u00fcn teknik \u00f6zellikleriyle","robots":{"index":"index","follow":"follow","max-snippet":"max-snippet:-1","max-image-preview":"max-image-preview:large","max-video-preview":"max-video-preview:-1"},"canonical":"https:\/\/barrsell.com\/en\/product\/eos-sbm-s-fl-remote-control\/","og_locale":"en_US","og_type":"article","og_title":"Eos SBM-S-FL Uzaktan Kumanda","og_description":"Eos SBM-S-FL Uzaktan Kumanda, sauna deneyiminizi yeniden tan\u0131mlayan bir cihaz olarak \u00f6ne \u00e7\u0131k\u0131yor. Modern tasar\u0131m\u0131 ve \u00fcst\u00fcn teknik \u00f6zellikleriyle","og_url":"https:\/\/barrsell.com\/en\/product\/eos-sbm-s-fl-remote-control\/","og_site_name":"Barrsell","article_modified_time":"2025-01-06T09:44:00+00:00","og_image":[{"width":1200,"height":1200,"url":"https:\/\/barrsell.com\/wp-content\/uploads\/2024\/08\/Eos-SBM-S-FL-Uzaktan-Kumanda.png","type":"image\/png"}],"twitter_card":"summary_large_image","twitter_misc":{"Est. reading time":"2 minutes"},"schema":{"@context":"https:\/\/schema.org","@graph":[{"@type":"WebPage","@id":"https:\/\/barrsell.com\/urun\/eos-sbm-s-fl-uzaktan-kumanda\/","url":"https:\/\/barrsell.com\/urun\/eos-sbm-s-fl-uzaktan-kumanda\/","name":"Eos SBM-S-FL Uzaktan Kumanda | Barrsell","isPartOf":{"@id":"https:\/\/barrsell.com\/#website"},"primaryImageOfPage":{"@id":"https:\/\/barrsell.com\/urun\/eos-sbm-s-fl-uzaktan-kumanda\/#primaryimage"},"image":{"@id":"https:\/\/barrsell.com\/urun\/eos-sbm-s-fl-uzaktan-kumanda\/#primaryimage"},"thumbnailUrl":"https:\/\/barrsell.com\/wp-content\/uploads\/2024\/08\/Eos-SBM-S-FL-Uzaktan-Kumanda.png","datePublished":"2024-08-21T10:35:45+00:00","dateModified":"2025-01-06T09:44:00+00:00","description":"Eos SBM-S-FL Uzaktan Kumanda, sauna deneyiminizi yeniden tan\u0131mlayan bir cihaz olarak \u00f6ne \u00e7\u0131k\u0131yor. Modern tasar\u0131m\u0131 ve \u00fcst\u00fcn teknik \u00f6zellikleriyle","breadcrumb":{"@id":"https:\/\/barrsell.com\/urun\/eos-sbm-s-fl-uzaktan-kumanda\/#breadcrumb"},"inLanguage":"en-US","potentialAction":[{"@type":"ReadAction","target":["https:\/\/barrsell.com\/urun\/eos-sbm-s-fl-uzaktan-kumanda\/"]}]},{"@type":"ImageObject","inLanguage":"en-US","@id":"https:\/\/barrsell.com\/urun\/eos-sbm-s-fl-uzaktan-kumanda\/#primaryimage","url":"https:\/\/barrsell.com\/wp-content\/uploads\/2024\/08\/Eos-SBM-S-FL-Uzaktan-Kumanda.png","contentUrl":"https:\/\/barrsell.com\/wp-content\/uploads\/2024\/08\/Eos-SBM-S-FL-Uzaktan-Kumanda.png","width":1200,"height":1200,"caption":"Eos SBM-S-FL Uzaktan Kumanda"},{"@type":"BreadcrumbList","@id":"https:\/\/barrsell.com\/urun\/eos-sbm-s-fl-uzaktan-kumanda\/#breadcrumb","itemListElement":[{"@type":"ListItem","position":1,"name":"Home","item":"https:\/\/barrsell.com\/"},{"@type":"ListItem","position":2,"name":"\u00dcr\u00fcnler","item":"https:\/\/barrsell.com\/en\/products\/"},{"@type":"ListItem","position":3,"name":"Eos SBM-S-FL Uzaktan Kumanda"}]},{"@type":"WebSite","@id":"https:\/\/barrsell.com\/#website","url":"https:\/\/barrsell.com\/","name":"Barrsell End\u00fcstri Makine","description":"Teknolojiyle G\u00fc\u00e7lenen End\u00fcstriyel \u00c7\u00f6z\u00fcmler!","potentialAction":[{"@type":"SearchAction","target":{"@type":"EntryPoint","urlTemplate":"https:\/\/barrsell.com\/?s={search_term_string}"},"query-input":"required name=search_term_string"}],"inLanguage":"en-US"}]}},"_links":{"self":[{"href":"https:\/\/barrsell.com\/en\/wp-json\/wp\/v2\/product\/12705","targetHints":{"allow":["GET"]}}],"collection":[{"href":"https:\/\/barrsell.com\/en\/wp-json\/wp\/v2\/product"}],"about":[{"href":"https:\/\/barrsell.com\/en\/wp-json\/wp\/v2\/types\/product"}],"version-history":[{"count":4,"href":"https:\/\/barrsell.com\/en\/wp-json\/wp\/v2\/product\/12705\/revisions"}],"predecessor-version":[{"id":19866,"href":"https:\/\/barrsell.com\/en\/wp-json\/wp\/v2\/product\/12705\/revisions\/19866"}],"wp:featuredmedia":[{"embeddable":true,"href":"https:\/\/barrsell.com\/en\/wp-json\/wp\/v2\/media\/12706"}],"wp:attachment":[{"href":"https:\/\/barrsell.com\/en\/wp-json\/wp\/v2\/media?parent=12705"}],"wp:term":[{"taxonomy":"product_cat","embeddable":true,"href":"https:\/\/barrsell.com\/en\/wp-json\/wp\/v2\/product_cat?post=12705"},{"taxonomy":"product_tag","embeddable":true,"href":"https:\/\/barrsell.com\/en\/wp-json\/wp\/v2\/product_tag?post=12705"}],"curies":[{"name":"wp","href":"https:\/\/api.w.org\/{rel}","templated":true}]}}