{"id":12591,"date":"2024-08-20T14:48:56","date_gmt":"2024-08-20T14:48:56","guid":{"rendered":"https:\/\/barrsell.com\/?post_type=product&#038;p=12591"},"modified":"2025-01-06T09:54:45","modified_gmt":"2025-01-06T09:54:45","slug":"hygromatik-somun-seti-b-2207105","status":"publish","type":"product","link":"https:\/\/barrsell.com\/en\/product\/hygromatik-loaf-set-b-2207105\/","title":{"rendered":"HygroMatik Nut Set B-2207105"},"content":{"rendered":"<h2><strong>HygroMatik Nut Set B-2207105 Hand Nut Set for CY17 and CY30\u00a0<\/strong><\/h2>\n<p><strong>HygroMatik Nut Set B-2207105 <\/strong>hand nut set is a critical component to ensure efficient and safe operation of steam generators. The Hand Nut Set (B-2207105) is specifically designed for the CY17 and CY30 models.  It ensures that the steam generator electrodes remain intact and at the same time safely in place. Here are the technical details you need to know about this important component:<\/p>\n<h4><strong>Technical Information and Advantages of Use<\/strong><\/h4>\n<ol>\n<li><strong>Special Design:<\/strong> The hand nut set is designed to perfectly fit the CY17 and CY30 steam generators. This specific design allows the nuts in particular to hold the electrodes safely and eliminate any loosening or leakage risk.<\/li>\n<li><strong>High Durability:<\/strong> The B-2207105 hand nut set is made of high quality materials. These materials thus retain their form and functionality even under high temperature and pressure. This ensures that the product is long-lasting and also reduces the maintenance requirements of the generator.<\/li>\n<li><strong>Easy assembly:<\/strong> The hand nut set offers a user-friendly assembly process. Thanks to its simple design and compatible parts, it allows you to perform assembly and disassembly quickly and effectively. This feature saves time, especially in the maintenance processes of the generator.<\/li>\n<li><strong>Corrosion Resistance:<\/strong> It is important that components that are constantly exposed to steam and water are resistant to corrosion. B-2207105 hand nut set is made of high resistance materials to corrosion. This allows the nuts to safely perform its function for a long time.<\/li>\n<\/ol>","protected":false},"excerpt":{"rendered":"<div class=\"flex max-w-full flex-col flex-grow\">\n<div class=\"min-h-8 text-message flex w-full flex-col items-end gap-2 whitespace-normal break-words text-start [.text-message+&amp;]:mt-5\" dir=\"auto\" data-message-author-role=\"assistant\" data-message-id=\"9404d047-cd29-4450-b05d-7ff763665b24\" data-message-model-slug=\"gpt-4o\">\n<div class=\"flex w-full flex-col gap-1 empty:hidden first:pt-[3px]\">\n<div class=\"markdown prose w-full break-words dark:prose-invert light\">\n<ul>\n<li>Hand nut set of 6 pieces for models C30, C45, CY17 and CY30.<\/li>\n<li>Hand nuts suitable for electrodes.<\/li>\n<\/ul>\n<\/div>\n<\/div>\n<\/div>\n<\/div>","protected":false},"featured_media":12593,"template":"","meta":[],"product_cat":[130],"product_tag":[],"class_list":{"0":"post-12591","1":"product","2":"type-product","3":"status-publish","4":"has-post-thumbnail","6":"product_cat-hygromatik-yedek-parcalari","8":"first","9":"instock","10":"shipping-taxable","11":"product-type-simple"},"yoast_head":"<!-- This site is optimized with the Yoast SEO Premium plugin v23.2 (Yoast SEO v23.2) - https:\/\/yoast.com\/wordpress\/plugins\/seo\/ -->\n<title>HygroMatik Somun Seti B-2207105 Barrsell End\u00fcstri<\/title>\n<meta name=\"description\" content=\"HygroMatik Somun Seti B-2207105 el somunu seti, buhar jenerat\u00f6rlerinin verimli ve g\u00fcvenli bir \u015fekilde \u00e7al\u0131\u015fmas\u0131n\u0131 sa\u011flamak i\u00e7in kritik bir bile\u015fendir.\" \/>\n<meta name=\"robots\" content=\"index, follow, max-snippet:-1, max-image-preview:large, max-video-preview:-1\" \/>\n<link rel=\"canonical\" href=\"https:\/\/barrsell.com\/en\/product\/hygromatik-loaf-set-b-2207105\/\" \/>\n<meta property=\"og:locale\" content=\"en_US\" \/>\n<meta property=\"og:type\" content=\"article\" \/>\n<meta property=\"og:title\" content=\"HygroMatik Somun Seti B-2207105\" \/>\n<meta property=\"og:description\" content=\"HygroMatik Somun Seti B-2207105 el somunu seti, buhar jenerat\u00f6rlerinin verimli ve g\u00fcvenli bir \u015fekilde \u00e7al\u0131\u015fmas\u0131n\u0131 sa\u011flamak i\u00e7in kritik bir bile\u015fendir.\" \/>\n<meta property=\"og:url\" content=\"https:\/\/barrsell.com\/en\/product\/hygromatik-loaf-set-b-2207105\/\" \/>\n<meta property=\"og:site_name\" content=\"Barrsell\" \/>\n<meta property=\"article:modified_time\" content=\"2025-01-06T09:54:45+00:00\" \/>\n<meta property=\"og:image\" content=\"https:\/\/barrsell.com\/wp-content\/uploads\/2024\/08\/HygroMatik-Somun-Seti-B-2207105.png\" \/>\n\t<meta property=\"og:image:width\" content=\"1200\" \/>\n\t<meta property=\"og:image:height\" content=\"1200\" \/>\n\t<meta property=\"og:image:type\" content=\"image\/png\" \/>\n<meta name=\"twitter:card\" content=\"summary_large_image\" \/>\n<meta name=\"twitter:label1\" content=\"Est. reading time\" \/>\n\t<meta name=\"twitter:data1\" content=\"2 minutes\" \/>\n<script type=\"application\/ld+json\" class=\"yoast-schema-graph\">{\"@context\":\"https:\/\/schema.org\",\"@graph\":[{\"@type\":\"WebPage\",\"@id\":\"https:\/\/barrsell.com\/urun\/hygromatik-somun-seti-b-2207105\/\",\"url\":\"https:\/\/barrsell.com\/urun\/hygromatik-somun-seti-b-2207105\/\",\"name\":\"HygroMatik Somun Seti B-2207105 Barrsell End\u00fcstri\",\"isPartOf\":{\"@id\":\"https:\/\/barrsell.com\/#website\"},\"primaryImageOfPage\":{\"@id\":\"https:\/\/barrsell.com\/urun\/hygromatik-somun-seti-b-2207105\/#primaryimage\"},\"image\":{\"@id\":\"https:\/\/barrsell.com\/urun\/hygromatik-somun-seti-b-2207105\/#primaryimage\"},\"thumbnailUrl\":\"https:\/\/barrsell.com\/wp-content\/uploads\/2024\/08\/HygroMatik-Somun-Seti-B-2207105.png\",\"datePublished\":\"2024-08-20T14:48:56+00:00\",\"dateModified\":\"2025-01-06T09:54:45+00:00\",\"description\":\"HygroMatik Somun Seti B-2207105 el somunu seti, buhar jenerat\u00f6rlerinin verimli ve g\u00fcvenli bir \u015fekilde \u00e7al\u0131\u015fmas\u0131n\u0131 sa\u011flamak i\u00e7in kritik bir bile\u015fendir.\",\"breadcrumb\":{\"@id\":\"https:\/\/barrsell.com\/urun\/hygromatik-somun-seti-b-2207105\/#breadcrumb\"},\"inLanguage\":\"en-US\",\"potentialAction\":[{\"@type\":\"ReadAction\",\"target\":[\"https:\/\/barrsell.com\/urun\/hygromatik-somun-seti-b-2207105\/\"]}]},{\"@type\":\"ImageObject\",\"inLanguage\":\"en-US\",\"@id\":\"https:\/\/barrsell.com\/urun\/hygromatik-somun-seti-b-2207105\/#primaryimage\",\"url\":\"https:\/\/barrsell.com\/wp-content\/uploads\/2024\/08\/HygroMatik-Somun-Seti-B-2207105.png\",\"contentUrl\":\"https:\/\/barrsell.com\/wp-content\/uploads\/2024\/08\/HygroMatik-Somun-Seti-B-2207105.png\",\"width\":1200,\"height\":1200,\"caption\":\"HygroMatik-Somun-Seti- B-2207105\"},{\"@type\":\"BreadcrumbList\",\"@id\":\"https:\/\/barrsell.com\/urun\/hygromatik-somun-seti-b-2207105\/#breadcrumb\",\"itemListElement\":[{\"@type\":\"ListItem\",\"position\":1,\"name\":\"Home\",\"item\":\"https:\/\/barrsell.com\/\"},{\"@type\":\"ListItem\",\"position\":2,\"name\":\"\u00dcr\u00fcnler\",\"item\":\"https:\/\/barrsell.com\/en\/products\/\"},{\"@type\":\"ListItem\",\"position\":3,\"name\":\"HygroMatik Somun Seti B-2207105\"}]},{\"@type\":\"WebSite\",\"@id\":\"https:\/\/barrsell.com\/#website\",\"url\":\"https:\/\/barrsell.com\/\",\"name\":\"Barrsell End\u00fcstri Makine\",\"description\":\"Teknolojiyle G\u00fc\u00e7lenen End\u00fcstriyel \u00c7\u00f6z\u00fcmler!\",\"potentialAction\":[{\"@type\":\"SearchAction\",\"target\":{\"@type\":\"EntryPoint\",\"urlTemplate\":\"https:\/\/barrsell.com\/?s={search_term_string}\"},\"query-input\":\"required name=search_term_string\"}],\"inLanguage\":\"en-US\"}]}<\/script>\n<!-- \/ Yoast SEO Premium plugin. -->","yoast_head_json":{"title":"HygroMatik Somun Seti B-2207105 Barrsell End\u00fcstri","description":"HygroMatik Somun Seti B-2207105 el somunu seti, buhar jenerat\u00f6rlerinin verimli ve g\u00fcvenli bir \u015fekilde \u00e7al\u0131\u015fmas\u0131n\u0131 sa\u011flamak i\u00e7in kritik bir bile\u015fendir.","robots":{"index":"index","follow":"follow","max-snippet":"max-snippet:-1","max-image-preview":"max-image-preview:large","max-video-preview":"max-video-preview:-1"},"canonical":"https:\/\/barrsell.com\/en\/product\/hygromatik-loaf-set-b-2207105\/","og_locale":"en_US","og_type":"article","og_title":"HygroMatik Somun Seti B-2207105","og_description":"HygroMatik Somun Seti B-2207105 el somunu seti, buhar jenerat\u00f6rlerinin verimli ve g\u00fcvenli bir \u015fekilde \u00e7al\u0131\u015fmas\u0131n\u0131 sa\u011flamak i\u00e7in kritik bir bile\u015fendir.","og_url":"https:\/\/barrsell.com\/en\/product\/hygromatik-loaf-set-b-2207105\/","og_site_name":"Barrsell","article_modified_time":"2025-01-06T09:54:45+00:00","og_image":[{"width":1200,"height":1200,"url":"https:\/\/barrsell.com\/wp-content\/uploads\/2024\/08\/HygroMatik-Somun-Seti-B-2207105.png","type":"image\/png"}],"twitter_card":"summary_large_image","twitter_misc":{"Est. reading time":"2 minutes"},"schema":{"@context":"https:\/\/schema.org","@graph":[{"@type":"WebPage","@id":"https:\/\/barrsell.com\/urun\/hygromatik-somun-seti-b-2207105\/","url":"https:\/\/barrsell.com\/urun\/hygromatik-somun-seti-b-2207105\/","name":"HygroMatik Somun Seti B-2207105 Barrsell End\u00fcstri","isPartOf":{"@id":"https:\/\/barrsell.com\/#website"},"primaryImageOfPage":{"@id":"https:\/\/barrsell.com\/urun\/hygromatik-somun-seti-b-2207105\/#primaryimage"},"image":{"@id":"https:\/\/barrsell.com\/urun\/hygromatik-somun-seti-b-2207105\/#primaryimage"},"thumbnailUrl":"https:\/\/barrsell.com\/wp-content\/uploads\/2024\/08\/HygroMatik-Somun-Seti-B-2207105.png","datePublished":"2024-08-20T14:48:56+00:00","dateModified":"2025-01-06T09:54:45+00:00","description":"HygroMatik Somun Seti B-2207105 el somunu seti, buhar jenerat\u00f6rlerinin verimli ve g\u00fcvenli bir \u015fekilde \u00e7al\u0131\u015fmas\u0131n\u0131 sa\u011flamak i\u00e7in kritik bir bile\u015fendir.","breadcrumb":{"@id":"https:\/\/barrsell.com\/urun\/hygromatik-somun-seti-b-2207105\/#breadcrumb"},"inLanguage":"en-US","potentialAction":[{"@type":"ReadAction","target":["https:\/\/barrsell.com\/urun\/hygromatik-somun-seti-b-2207105\/"]}]},{"@type":"ImageObject","inLanguage":"en-US","@id":"https:\/\/barrsell.com\/urun\/hygromatik-somun-seti-b-2207105\/#primaryimage","url":"https:\/\/barrsell.com\/wp-content\/uploads\/2024\/08\/HygroMatik-Somun-Seti-B-2207105.png","contentUrl":"https:\/\/barrsell.com\/wp-content\/uploads\/2024\/08\/HygroMatik-Somun-Seti-B-2207105.png","width":1200,"height":1200,"caption":"HygroMatik-Somun-Seti- B-2207105"},{"@type":"BreadcrumbList","@id":"https:\/\/barrsell.com\/urun\/hygromatik-somun-seti-b-2207105\/#breadcrumb","itemListElement":[{"@type":"ListItem","position":1,"name":"Home","item":"https:\/\/barrsell.com\/"},{"@type":"ListItem","position":2,"name":"\u00dcr\u00fcnler","item":"https:\/\/barrsell.com\/en\/products\/"},{"@type":"ListItem","position":3,"name":"HygroMatik Somun Seti B-2207105"}]},{"@type":"WebSite","@id":"https:\/\/barrsell.com\/#website","url":"https:\/\/barrsell.com\/","name":"Barrsell End\u00fcstri Makine","description":"Teknolojiyle G\u00fc\u00e7lenen End\u00fcstriyel \u00c7\u00f6z\u00fcmler!","potentialAction":[{"@type":"SearchAction","target":{"@type":"EntryPoint","urlTemplate":"https:\/\/barrsell.com\/?s={search_term_string}"},"query-input":"required name=search_term_string"}],"inLanguage":"en-US"}]}},"_links":{"self":[{"href":"https:\/\/barrsell.com\/en\/wp-json\/wp\/v2\/product\/12591","targetHints":{"allow":["GET"]}}],"collection":[{"href":"https:\/\/barrsell.com\/en\/wp-json\/wp\/v2\/product"}],"about":[{"href":"https:\/\/barrsell.com\/en\/wp-json\/wp\/v2\/types\/product"}],"version-history":[{"count":4,"href":"https:\/\/barrsell.com\/en\/wp-json\/wp\/v2\/product\/12591\/revisions"}],"predecessor-version":[{"id":19868,"href":"https:\/\/barrsell.com\/en\/wp-json\/wp\/v2\/product\/12591\/revisions\/19868"}],"wp:featuredmedia":[{"embeddable":true,"href":"https:\/\/barrsell.com\/en\/wp-json\/wp\/v2\/media\/12593"}],"wp:attachment":[{"href":"https:\/\/barrsell.com\/en\/wp-json\/wp\/v2\/media?parent=12591"}],"wp:term":[{"taxonomy":"product_cat","embeddable":true,"href":"https:\/\/barrsell.com\/en\/wp-json\/wp\/v2\/product_cat?post=12591"},{"taxonomy":"product_tag","embeddable":true,"href":"https:\/\/barrsell.com\/en\/wp-json\/wp\/v2\/product_tag?post=12591"}],"curies":[{"name":"wp","href":"https:\/\/api.w.org\/{rel}","templated":true}]}}