{"id":12506,"date":"2024-08-20T11:49:47","date_gmt":"2024-08-20T11:49:47","guid":{"rendered":"https:\/\/barrsell.com\/?post_type=product&#038;p=12506"},"modified":"2025-01-06T10:12:48","modified_gmt":"2025-01-06T10:12:48","slug":"hygromatik-topaklanma-mansonu-e-2304078","status":"publish","type":"product","link":"https:\/\/barrsell.com\/en\/product\/hygromatik-clumping-sleeve-e-2304078\/","title":{"rendered":"HygroMatic Lump Sleeve E-2304078"},"content":{"rendered":"<h2><strong>HygroMatic Lump Sleeve E-2304078<\/strong><\/h2>\n<p>HygroMatic Aggregation Sleeve E-2304078 is a spare part specially designed for high performance steam generators. This sleeve supports the long-lasting operation of the device, while facilitating maintenance processes and improving energy efficiency.<\/p>\n<table width=\"534\">\n<tbody>\n<tr>\n<td width=\"186\">CompactLine Elektrode<\/td>\n<td width=\"348\">HyLine Elektrode<\/td>\n<\/tr>\n<tr>\n<td>C06 C10 C17 C22 C30 C45 C58<\/td>\n<td>HY05 HY08 HY13 HY17 HY23 HY30 HY45 HY60 HY90 HY116<\/td>\n<\/tr>\n<\/tbody>\n<\/table>\n<h4><strong>Technical Features and Benefits<\/strong><\/h4>\n<ul>\n<li><strong>Anti-Collection Feature:<\/strong> E-2304078 prevents lumping in steam systems. And it also ensures that the steam is properly distributed within the system. This feature increases the effectiveness of steam generators and humidifiers in particular. This ensures uninterrupted operation of the system.<\/li>\n<li><strong>High Durability:<\/strong> The sleeve is made of materials that are resistant to high temperature, pressure and humidity conditions. This durability ensures that the sleeve delivers reliable performance over a long period of time, even in harsh industrial environments.<\/li>\n<li><strong>Compact Design:<\/strong> The HygroMatic E-2304078 has a compact and ergonomic design. Thanks to this, you can easily be integrated into steam systems, and therefore its installation is extremely practical.<\/li>\n<li><strong>Low Maintenance Need:<\/strong> Thanks to its durable construction, this sleeve requires minimal maintenance. This reduces the maintenance costs of the system and increases the uptime.<\/li>\n<\/ul>\n<h4><strong>Areas of Use<\/strong><\/h4>\n<p>HygroMatic Aggregation Sleeve E-2304078, can use in industrial and commercial steam generators, humidifiers and other steam systems. It is preferred especially in applications where clumping should be prevented and ensures efficient operation of steam systems. It is especially common in large-scale applications such as hotels, spa centers, commercial buildings and industrial facilities.<\/p>\n<h4><strong>Assembly &amp; Compliance<\/strong><\/h4>\n<ul>\n<li><strong>Easy assembly:<\/strong> Thanks to its compact design and flexible structure, the HygroMatic Lump Sleeve E-2304078\u2019in is extremely easy to assemble. Its compatibility with standard ports allows the sleeve to be quickly and smoothly integrated into various steam systems.<\/li>\n<li><strong>Wide Compatibility:<\/strong> The E-2304078 is designed to be compatible with different steam generators and humidifiers. This makes it a versatile spare part. And so it makes it possible to use it in many different systems.<\/li>\n<\/ul>","protected":false},"excerpt":{"rendered":"<div class=\"flex max-w-full flex-col flex-grow\">\n<div class=\"min-h-8 text-message flex w-full flex-col items-end gap-2 whitespace-normal break-words text-start [.text-message+&amp;]:mt-5\" dir=\"auto\" data-message-author-role=\"assistant\" data-message-id=\"2b63594c-d420-4964-8706-cfade770037a\" data-message-model-slug=\"gpt-4o\">\n<div class=\"flex w-full flex-col gap-1 empty:hidden first:pt-[3px]\">\n<div class=\"markdown prose w-full break-words dark:prose-invert light\">\n<ul>\n<li>HygroMatic Steam Humidifier\/Earthing Sleeve For Steam Generator C06 Compactline HyFlow.<\/li>\n<li>Water inlet compatible models: C10, C17, C22, C30, C45, C58. Original spare parts.<\/li>\n<\/ul>\n<\/div>\n<\/div>\n<\/div>\n<\/div>","protected":false},"featured_media":12495,"template":"","meta":[],"product_cat":[130],"product_tag":[],"class_list":{"0":"post-12506","1":"product","2":"type-product","3":"status-publish","4":"has-post-thumbnail","6":"product_cat-hygromatik-yedek-parcalari","8":"first","9":"instock","10":"shipping-taxable","11":"product-type-simple"},"yoast_head":"<!-- This site is optimized with the Yoast SEO Premium plugin v23.2 (Yoast SEO v23.2) - https:\/\/yoast.com\/wordpress\/plugins\/seo\/ -->\n<title>HygroMatik Topaklanma Man\u015fonu E-2304078 Barrsell End\u00fcstri<\/title>\n<meta name=\"description\" content=\"HygroMatik Topaklanma Man\u015fonu E-2304078, buhar jenerat\u00f6rleri ve nemlendirici sistemler i\u00e7in \u00f6zel olarak tasarlanm\u0131\u015f bir yedek par\u00e7ad\u0131r. Bu man\u015fon\" \/>\n<meta name=\"robots\" content=\"index, follow, max-snippet:-1, max-image-preview:large, max-video-preview:-1\" \/>\n<link rel=\"canonical\" href=\"https:\/\/barrsell.com\/en\/product\/hygromatik-clumping-sleeve-e-2304078\/\" \/>\n<meta property=\"og:locale\" content=\"en_US\" \/>\n<meta property=\"og:type\" content=\"article\" \/>\n<meta property=\"og:title\" content=\"HygroMatik Topaklanma Man\u015fonu E-2304078\" \/>\n<meta property=\"og:description\" content=\"HygroMatik Topaklanma Man\u015fonu E-2304078, buhar jenerat\u00f6rleri ve nemlendirici sistemler i\u00e7in \u00f6zel olarak tasarlanm\u0131\u015f bir yedek par\u00e7ad\u0131r. Bu man\u015fon\" \/>\n<meta property=\"og:url\" content=\"https:\/\/barrsell.com\/en\/product\/hygromatik-clumping-sleeve-e-2304078\/\" \/>\n<meta property=\"og:site_name\" content=\"Barrsell\" \/>\n<meta property=\"article:modified_time\" content=\"2025-01-06T10:12:48+00:00\" \/>\n<meta property=\"og:image\" content=\"https:\/\/barrsell.com\/wp-content\/uploads\/2024\/08\/HygroMatik-Elektrot-Konnektoru-B-2206065.png\" \/>\n\t<meta property=\"og:image:width\" content=\"1200\" \/>\n\t<meta property=\"og:image:height\" content=\"1200\" \/>\n\t<meta property=\"og:image:type\" content=\"image\/png\" \/>\n<meta name=\"twitter:card\" content=\"summary_large_image\" \/>\n<meta name=\"twitter:label1\" content=\"Est. reading time\" \/>\n\t<meta name=\"twitter:data1\" content=\"2 minutes\" \/>\n<script type=\"application\/ld+json\" class=\"yoast-schema-graph\">{\"@context\":\"https:\/\/schema.org\",\"@graph\":[{\"@type\":\"WebPage\",\"@id\":\"https:\/\/barrsell.com\/urun\/hygromatik-topaklanma-mansonu-e-2304078\/\",\"url\":\"https:\/\/barrsell.com\/urun\/hygromatik-topaklanma-mansonu-e-2304078\/\",\"name\":\"HygroMatik Topaklanma Man\u015fonu E-2304078 Barrsell End\u00fcstri\",\"isPartOf\":{\"@id\":\"https:\/\/barrsell.com\/#website\"},\"primaryImageOfPage\":{\"@id\":\"https:\/\/barrsell.com\/urun\/hygromatik-topaklanma-mansonu-e-2304078\/#primaryimage\"},\"image\":{\"@id\":\"https:\/\/barrsell.com\/urun\/hygromatik-topaklanma-mansonu-e-2304078\/#primaryimage\"},\"thumbnailUrl\":\"https:\/\/barrsell.com\/wp-content\/uploads\/2024\/08\/HygroMatik-Elektrot-Konnektoru-B-2206065.png\",\"datePublished\":\"2024-08-20T11:49:47+00:00\",\"dateModified\":\"2025-01-06T10:12:48+00:00\",\"description\":\"HygroMatik Topaklanma Man\u015fonu E-2304078, buhar jenerat\u00f6rleri ve nemlendirici sistemler i\u00e7in \u00f6zel olarak tasarlanm\u0131\u015f bir yedek par\u00e7ad\u0131r. Bu man\u015fon\",\"breadcrumb\":{\"@id\":\"https:\/\/barrsell.com\/urun\/hygromatik-topaklanma-mansonu-e-2304078\/#breadcrumb\"},\"inLanguage\":\"en-US\",\"potentialAction\":[{\"@type\":\"ReadAction\",\"target\":[\"https:\/\/barrsell.com\/urun\/hygromatik-topaklanma-mansonu-e-2304078\/\"]}]},{\"@type\":\"ImageObject\",\"inLanguage\":\"en-US\",\"@id\":\"https:\/\/barrsell.com\/urun\/hygromatik-topaklanma-mansonu-e-2304078\/#primaryimage\",\"url\":\"https:\/\/barrsell.com\/wp-content\/uploads\/2024\/08\/HygroMatik-Elektrot-Konnektoru-B-2206065.png\",\"contentUrl\":\"https:\/\/barrsell.com\/wp-content\/uploads\/2024\/08\/HygroMatik-Elektrot-Konnektoru-B-2206065.png\",\"width\":1200,\"height\":1200,\"caption\":\"HygroMatik Elektrot Konnekt\u00f6r\u00fc B-2206065\"},{\"@type\":\"BreadcrumbList\",\"@id\":\"https:\/\/barrsell.com\/urun\/hygromatik-topaklanma-mansonu-e-2304078\/#breadcrumb\",\"itemListElement\":[{\"@type\":\"ListItem\",\"position\":1,\"name\":\"Home\",\"item\":\"https:\/\/barrsell.com\/\"},{\"@type\":\"ListItem\",\"position\":2,\"name\":\"\u00dcr\u00fcnler\",\"item\":\"https:\/\/barrsell.com\/en\/products\/\"},{\"@type\":\"ListItem\",\"position\":3,\"name\":\"HygroMatik Topaklanma Man\u015fonu E-2304078\"}]},{\"@type\":\"WebSite\",\"@id\":\"https:\/\/barrsell.com\/#website\",\"url\":\"https:\/\/barrsell.com\/\",\"name\":\"Barrsell End\u00fcstri Makine\",\"description\":\"Teknolojiyle G\u00fc\u00e7lenen End\u00fcstriyel \u00c7\u00f6z\u00fcmler!\",\"potentialAction\":[{\"@type\":\"SearchAction\",\"target\":{\"@type\":\"EntryPoint\",\"urlTemplate\":\"https:\/\/barrsell.com\/?s={search_term_string}\"},\"query-input\":\"required name=search_term_string\"}],\"inLanguage\":\"en-US\"}]}<\/script>\n<!-- \/ Yoast SEO Premium plugin. -->","yoast_head_json":{"title":"HygroMatik Topaklanma Man\u015fonu E-2304078 Barrsell End\u00fcstri","description":"HygroMatik Topaklanma Man\u015fonu E-2304078, buhar jenerat\u00f6rleri ve nemlendirici sistemler i\u00e7in \u00f6zel olarak tasarlanm\u0131\u015f bir yedek par\u00e7ad\u0131r. Bu man\u015fon","robots":{"index":"index","follow":"follow","max-snippet":"max-snippet:-1","max-image-preview":"max-image-preview:large","max-video-preview":"max-video-preview:-1"},"canonical":"https:\/\/barrsell.com\/en\/product\/hygromatik-clumping-sleeve-e-2304078\/","og_locale":"en_US","og_type":"article","og_title":"HygroMatik Topaklanma Man\u015fonu E-2304078","og_description":"HygroMatik Topaklanma Man\u015fonu E-2304078, buhar jenerat\u00f6rleri ve nemlendirici sistemler i\u00e7in \u00f6zel olarak tasarlanm\u0131\u015f bir yedek par\u00e7ad\u0131r. Bu man\u015fon","og_url":"https:\/\/barrsell.com\/en\/product\/hygromatik-clumping-sleeve-e-2304078\/","og_site_name":"Barrsell","article_modified_time":"2025-01-06T10:12:48+00:00","og_image":[{"width":1200,"height":1200,"url":"https:\/\/barrsell.com\/wp-content\/uploads\/2024\/08\/HygroMatik-Elektrot-Konnektoru-B-2206065.png","type":"image\/png"}],"twitter_card":"summary_large_image","twitter_misc":{"Est. reading time":"2 minutes"},"schema":{"@context":"https:\/\/schema.org","@graph":[{"@type":"WebPage","@id":"https:\/\/barrsell.com\/urun\/hygromatik-topaklanma-mansonu-e-2304078\/","url":"https:\/\/barrsell.com\/urun\/hygromatik-topaklanma-mansonu-e-2304078\/","name":"HygroMatik Topaklanma Man\u015fonu E-2304078 Barrsell End\u00fcstri","isPartOf":{"@id":"https:\/\/barrsell.com\/#website"},"primaryImageOfPage":{"@id":"https:\/\/barrsell.com\/urun\/hygromatik-topaklanma-mansonu-e-2304078\/#primaryimage"},"image":{"@id":"https:\/\/barrsell.com\/urun\/hygromatik-topaklanma-mansonu-e-2304078\/#primaryimage"},"thumbnailUrl":"https:\/\/barrsell.com\/wp-content\/uploads\/2024\/08\/HygroMatik-Elektrot-Konnektoru-B-2206065.png","datePublished":"2024-08-20T11:49:47+00:00","dateModified":"2025-01-06T10:12:48+00:00","description":"HygroMatik Topaklanma Man\u015fonu E-2304078, buhar jenerat\u00f6rleri ve nemlendirici sistemler i\u00e7in \u00f6zel olarak tasarlanm\u0131\u015f bir yedek par\u00e7ad\u0131r. Bu man\u015fon","breadcrumb":{"@id":"https:\/\/barrsell.com\/urun\/hygromatik-topaklanma-mansonu-e-2304078\/#breadcrumb"},"inLanguage":"en-US","potentialAction":[{"@type":"ReadAction","target":["https:\/\/barrsell.com\/urun\/hygromatik-topaklanma-mansonu-e-2304078\/"]}]},{"@type":"ImageObject","inLanguage":"en-US","@id":"https:\/\/barrsell.com\/urun\/hygromatik-topaklanma-mansonu-e-2304078\/#primaryimage","url":"https:\/\/barrsell.com\/wp-content\/uploads\/2024\/08\/HygroMatik-Elektrot-Konnektoru-B-2206065.png","contentUrl":"https:\/\/barrsell.com\/wp-content\/uploads\/2024\/08\/HygroMatik-Elektrot-Konnektoru-B-2206065.png","width":1200,"height":1200,"caption":"HygroMatik Elektrot Konnekt\u00f6r\u00fc B-2206065"},{"@type":"BreadcrumbList","@id":"https:\/\/barrsell.com\/urun\/hygromatik-topaklanma-mansonu-e-2304078\/#breadcrumb","itemListElement":[{"@type":"ListItem","position":1,"name":"Home","item":"https:\/\/barrsell.com\/"},{"@type":"ListItem","position":2,"name":"\u00dcr\u00fcnler","item":"https:\/\/barrsell.com\/en\/products\/"},{"@type":"ListItem","position":3,"name":"HygroMatik Topaklanma Man\u015fonu E-2304078"}]},{"@type":"WebSite","@id":"https:\/\/barrsell.com\/#website","url":"https:\/\/barrsell.com\/","name":"Barrsell End\u00fcstri Makine","description":"Teknolojiyle G\u00fc\u00e7lenen End\u00fcstriyel \u00c7\u00f6z\u00fcmler!","potentialAction":[{"@type":"SearchAction","target":{"@type":"EntryPoint","urlTemplate":"https:\/\/barrsell.com\/?s={search_term_string}"},"query-input":"required name=search_term_string"}],"inLanguage":"en-US"}]}},"_links":{"self":[{"href":"https:\/\/barrsell.com\/en\/wp-json\/wp\/v2\/product\/12506","targetHints":{"allow":["GET"]}}],"collection":[{"href":"https:\/\/barrsell.com\/en\/wp-json\/wp\/v2\/product"}],"about":[{"href":"https:\/\/barrsell.com\/en\/wp-json\/wp\/v2\/types\/product"}],"version-history":[{"count":5,"href":"https:\/\/barrsell.com\/en\/wp-json\/wp\/v2\/product\/12506\/revisions"}],"predecessor-version":[{"id":19871,"href":"https:\/\/barrsell.com\/en\/wp-json\/wp\/v2\/product\/12506\/revisions\/19871"}],"wp:featuredmedia":[{"embeddable":true,"href":"https:\/\/barrsell.com\/en\/wp-json\/wp\/v2\/media\/12495"}],"wp:attachment":[{"href":"https:\/\/barrsell.com\/en\/wp-json\/wp\/v2\/media?parent=12506"}],"wp:term":[{"taxonomy":"product_cat","embeddable":true,"href":"https:\/\/barrsell.com\/en\/wp-json\/wp\/v2\/product_cat?post=12506"},{"taxonomy":"product_tag","embeddable":true,"href":"https:\/\/barrsell.com\/en\/wp-json\/wp\/v2\/product_tag?post=12506"}],"curies":[{"name":"wp","href":"https:\/\/api.w.org\/{rel}","templated":true}]}}