{"id":12504,"date":"2024-08-20T11:45:38","date_gmt":"2024-08-20T11:45:38","guid":{"rendered":"https:\/\/barrsell.com\/?post_type=product&#038;p=12504"},"modified":"2025-01-06T10:26:18","modified_gmt":"2025-01-06T10:26:18","slug":"hygromatik-topaklanma-mansonu-e-2304080","status":"publish","type":"product","link":"https:\/\/barrsell.com\/en\/product\/hygromatik-clumping-sleeve-e-2304080\/","title":{"rendered":"HygroMatic Lump Sleeve E-2304080"},"content":{"rendered":"<h2><strong>HygroMatic Lump Sleeve E-2304080<\/strong><\/h2>\n<p>HygroMatic Aggregation Sleeve E-2304080 is a special component designed for steam generators and humidifiers. Prevents opaque problems in steam systems and optimizes steam flow. In addition, this sleeve increases the efficiency of the systems, providing a more reliable and continuous performance.<\/p>\n<table width=\"704\">\n<tbody>\n<tr>\n<td width=\"90\">CompactLine Elektrode<\/td>\n<td width=\"198\">FlexLine Elektrode<\/td>\n<td width=\"119\">StandardLine Elektrode<\/td>\n<td width=\"140\">HyLine ElektrodeTyp<\/td>\n<td width=\"93\">MiniSteam ElektrodeTyp<\/td>\n<td width=\"64\">MiniSteam 2005 Elektrode<\/td>\n<\/tr>\n<tr>\n<td width=\"90\">C01 C02 C06 C10 C17 C22 C30 C45 C58<\/td>\n<td width=\"198\">\u00a0FLE05 FLE10 FLE15 FLE20 FLE25 FLE30 FLE40 FLE50 FLE65 FLE80 FLE100 FLE130<\/td>\n<td width=\"119\">SLE02 SLE05 SLE10 SLE15 SLE20 SLE30 SLE45 SLE65<\/td>\n<td width=\"140\">\u00a0HY05 HY08 HY13 HY17 HY23 HY30 HY45 HY60 HY90 HY116<\/td>\n<td width=\"93\">\u00a0MSE05 MSE10<\/td>\n<td width=\"64\">MS05 MS10<\/td>\n<\/tr>\n<\/tbody>\n<\/table>\n<h4><strong>Technical Specifications and Functionality<\/strong><\/h4>\n<ul>\n<li><strong>Anti-Collection Design:<\/strong> The HygroMatic E-2304080 eliminates the common clumping problem in steam systems. This feature improves the performance of steam generators and humidifiers, ensuring continuous and uniform steam flow.<\/li>\n<li><strong>Durable Material:<\/strong> The sleeve is made of materials that are resistant to high temperature, pressure and humidity. Also, this ensures that the product works reliably for a long time in harsh operating conditions.<\/li>\n<li><strong>Compact and Flexible Structure:<\/strong> The E-2304080 has a compact structure and offers easy integration in steam systems. At the same time, thanks to its flexibility, it adapts to different systems and is extremely easy to install.<\/li>\n<li><strong>Low Maintenance Requirement:<\/strong> Thanks to its high-quality construction, the HygroMatic Lump Sleeve E-2304080 requires minimal maintenance. This increases the operating time of the system, while also reducing maintenance costs.<\/li>\n<\/ul>\n<h4><strong>Areas of Use<\/strong><\/h4>\n<p>HygroMatic Aggregation Cuff E-2304080 can be used in steam generators, humidifiers and other steam applications. You can opt for any industrial and commercial application where the interception must be prevented. It also ensures that the steam flow is continuous and efficient. Hotels, for example, find use in many different environments such as spa centers, industrial production facilities and large commercial buildings.<\/p>","protected":false},"excerpt":{"rendered":"<p>In order for the spare parts to be fully compatible with the device, in order to avoid confusion during the ordering phase, we recommend that you share the product label photo with us.<\/p>","protected":false},"featured_media":12495,"template":"","meta":[],"product_cat":[130],"product_tag":[],"class_list":{"0":"post-12504","1":"product","2":"type-product","3":"status-publish","4":"has-post-thumbnail","6":"product_cat-hygromatik-yedek-parcalari","8":"first","9":"instock","10":"shipping-taxable","11":"product-type-simple"},"yoast_head":"<!-- This site is optimized with the Yoast SEO Premium plugin v23.2 (Yoast SEO v23.2) - https:\/\/yoast.com\/wordpress\/plugins\/seo\/ -->\n<title>HygroMatik Topaklanma Man\u015fonu E-2304080 Barrsell End\u00fcstri<\/title>\n<meta name=\"description\" content=\"HygroMatik Topaklanma Man\u015fonu E-2304080, buhar jenerat\u00f6rleri ve nemlendiriciler i\u00e7in tasarlanm\u0131\u015f \u00f6zel bir bile\u015fendir. Buhar sistemlerinde olu\u015fabilecek\" \/>\n<meta name=\"robots\" content=\"index, follow, max-snippet:-1, max-image-preview:large, max-video-preview:-1\" \/>\n<link rel=\"canonical\" href=\"https:\/\/barrsell.com\/en\/product\/hygromatik-clumping-sleeve-e-2304080\/\" \/>\n<meta property=\"og:locale\" content=\"en_US\" \/>\n<meta property=\"og:type\" content=\"article\" \/>\n<meta property=\"og:title\" content=\"HygroMatik Topaklanma Man\u015fonu E-2304080\" \/>\n<meta property=\"og:description\" content=\"HygroMatik Topaklanma Man\u015fonu E-2304080, buhar jenerat\u00f6rleri ve nemlendiriciler i\u00e7in tasarlanm\u0131\u015f \u00f6zel bir bile\u015fendir. Buhar sistemlerinde olu\u015fabilecek\" \/>\n<meta property=\"og:url\" content=\"https:\/\/barrsell.com\/en\/product\/hygromatik-clumping-sleeve-e-2304080\/\" \/>\n<meta property=\"og:site_name\" content=\"Barrsell\" \/>\n<meta property=\"article:modified_time\" content=\"2025-01-06T10:26:18+00:00\" \/>\n<meta property=\"og:image\" content=\"https:\/\/barrsell.com\/wp-content\/uploads\/2024\/08\/HygroMatik-Elektrot-Konnektoru-B-2206065.png\" \/>\n\t<meta property=\"og:image:width\" content=\"1200\" \/>\n\t<meta property=\"og:image:height\" content=\"1200\" \/>\n\t<meta property=\"og:image:type\" content=\"image\/png\" \/>\n<meta name=\"twitter:card\" content=\"summary_large_image\" \/>\n<meta name=\"twitter:label1\" content=\"Est. reading time\" \/>\n\t<meta name=\"twitter:data1\" content=\"2 minutes\" \/>\n<script type=\"application\/ld+json\" class=\"yoast-schema-graph\">{\"@context\":\"https:\/\/schema.org\",\"@graph\":[{\"@type\":\"WebPage\",\"@id\":\"https:\/\/barrsell.com\/urun\/hygromatik-topaklanma-mansonu-e-2304080\/\",\"url\":\"https:\/\/barrsell.com\/urun\/hygromatik-topaklanma-mansonu-e-2304080\/\",\"name\":\"HygroMatik Topaklanma Man\u015fonu E-2304080 Barrsell End\u00fcstri\",\"isPartOf\":{\"@id\":\"https:\/\/barrsell.com\/#website\"},\"primaryImageOfPage\":{\"@id\":\"https:\/\/barrsell.com\/urun\/hygromatik-topaklanma-mansonu-e-2304080\/#primaryimage\"},\"image\":{\"@id\":\"https:\/\/barrsell.com\/urun\/hygromatik-topaklanma-mansonu-e-2304080\/#primaryimage\"},\"thumbnailUrl\":\"https:\/\/barrsell.com\/wp-content\/uploads\/2024\/08\/HygroMatik-Elektrot-Konnektoru-B-2206065.png\",\"datePublished\":\"2024-08-20T11:45:38+00:00\",\"dateModified\":\"2025-01-06T10:26:18+00:00\",\"description\":\"HygroMatik Topaklanma Man\u015fonu E-2304080, buhar jenerat\u00f6rleri ve nemlendiriciler i\u00e7in tasarlanm\u0131\u015f \u00f6zel bir bile\u015fendir. Buhar sistemlerinde olu\u015fabilecek\",\"breadcrumb\":{\"@id\":\"https:\/\/barrsell.com\/urun\/hygromatik-topaklanma-mansonu-e-2304080\/#breadcrumb\"},\"inLanguage\":\"en-US\",\"potentialAction\":[{\"@type\":\"ReadAction\",\"target\":[\"https:\/\/barrsell.com\/urun\/hygromatik-topaklanma-mansonu-e-2304080\/\"]}]},{\"@type\":\"ImageObject\",\"inLanguage\":\"en-US\",\"@id\":\"https:\/\/barrsell.com\/urun\/hygromatik-topaklanma-mansonu-e-2304080\/#primaryimage\",\"url\":\"https:\/\/barrsell.com\/wp-content\/uploads\/2024\/08\/HygroMatik-Elektrot-Konnektoru-B-2206065.png\",\"contentUrl\":\"https:\/\/barrsell.com\/wp-content\/uploads\/2024\/08\/HygroMatik-Elektrot-Konnektoru-B-2206065.png\",\"width\":1200,\"height\":1200,\"caption\":\"HygroMatik Elektrot Konnekt\u00f6r\u00fc B-2206065\"},{\"@type\":\"BreadcrumbList\",\"@id\":\"https:\/\/barrsell.com\/urun\/hygromatik-topaklanma-mansonu-e-2304080\/#breadcrumb\",\"itemListElement\":[{\"@type\":\"ListItem\",\"position\":1,\"name\":\"Home\",\"item\":\"https:\/\/barrsell.com\/\"},{\"@type\":\"ListItem\",\"position\":2,\"name\":\"\u00dcr\u00fcnler\",\"item\":\"https:\/\/barrsell.com\/en\/products\/\"},{\"@type\":\"ListItem\",\"position\":3,\"name\":\"HygroMatik Topaklanma Man\u015fonu E-2304080\"}]},{\"@type\":\"WebSite\",\"@id\":\"https:\/\/barrsell.com\/#website\",\"url\":\"https:\/\/barrsell.com\/\",\"name\":\"Barrsell End\u00fcstri Makine\",\"description\":\"Teknolojiyle G\u00fc\u00e7lenen End\u00fcstriyel \u00c7\u00f6z\u00fcmler!\",\"potentialAction\":[{\"@type\":\"SearchAction\",\"target\":{\"@type\":\"EntryPoint\",\"urlTemplate\":\"https:\/\/barrsell.com\/?s={search_term_string}\"},\"query-input\":\"required name=search_term_string\"}],\"inLanguage\":\"en-US\"}]}<\/script>\n<!-- \/ Yoast SEO Premium plugin. -->","yoast_head_json":{"title":"HygroMatik Topaklanma Man\u015fonu E-2304080 Barrsell End\u00fcstri","description":"HygroMatik Topaklanma Man\u015fonu E-2304080, buhar jenerat\u00f6rleri ve nemlendiriciler i\u00e7in tasarlanm\u0131\u015f \u00f6zel bir bile\u015fendir. Buhar sistemlerinde olu\u015fabilecek","robots":{"index":"index","follow":"follow","max-snippet":"max-snippet:-1","max-image-preview":"max-image-preview:large","max-video-preview":"max-video-preview:-1"},"canonical":"https:\/\/barrsell.com\/en\/product\/hygromatik-clumping-sleeve-e-2304080\/","og_locale":"en_US","og_type":"article","og_title":"HygroMatik Topaklanma Man\u015fonu E-2304080","og_description":"HygroMatik Topaklanma Man\u015fonu E-2304080, buhar jenerat\u00f6rleri ve nemlendiriciler i\u00e7in tasarlanm\u0131\u015f \u00f6zel bir bile\u015fendir. Buhar sistemlerinde olu\u015fabilecek","og_url":"https:\/\/barrsell.com\/en\/product\/hygromatik-clumping-sleeve-e-2304080\/","og_site_name":"Barrsell","article_modified_time":"2025-01-06T10:26:18+00:00","og_image":[{"width":1200,"height":1200,"url":"https:\/\/barrsell.com\/wp-content\/uploads\/2024\/08\/HygroMatik-Elektrot-Konnektoru-B-2206065.png","type":"image\/png"}],"twitter_card":"summary_large_image","twitter_misc":{"Est. reading time":"2 minutes"},"schema":{"@context":"https:\/\/schema.org","@graph":[{"@type":"WebPage","@id":"https:\/\/barrsell.com\/urun\/hygromatik-topaklanma-mansonu-e-2304080\/","url":"https:\/\/barrsell.com\/urun\/hygromatik-topaklanma-mansonu-e-2304080\/","name":"HygroMatik Topaklanma Man\u015fonu E-2304080 Barrsell End\u00fcstri","isPartOf":{"@id":"https:\/\/barrsell.com\/#website"},"primaryImageOfPage":{"@id":"https:\/\/barrsell.com\/urun\/hygromatik-topaklanma-mansonu-e-2304080\/#primaryimage"},"image":{"@id":"https:\/\/barrsell.com\/urun\/hygromatik-topaklanma-mansonu-e-2304080\/#primaryimage"},"thumbnailUrl":"https:\/\/barrsell.com\/wp-content\/uploads\/2024\/08\/HygroMatik-Elektrot-Konnektoru-B-2206065.png","datePublished":"2024-08-20T11:45:38+00:00","dateModified":"2025-01-06T10:26:18+00:00","description":"HygroMatik Topaklanma Man\u015fonu E-2304080, buhar jenerat\u00f6rleri ve nemlendiriciler i\u00e7in tasarlanm\u0131\u015f \u00f6zel bir bile\u015fendir. Buhar sistemlerinde olu\u015fabilecek","breadcrumb":{"@id":"https:\/\/barrsell.com\/urun\/hygromatik-topaklanma-mansonu-e-2304080\/#breadcrumb"},"inLanguage":"en-US","potentialAction":[{"@type":"ReadAction","target":["https:\/\/barrsell.com\/urun\/hygromatik-topaklanma-mansonu-e-2304080\/"]}]},{"@type":"ImageObject","inLanguage":"en-US","@id":"https:\/\/barrsell.com\/urun\/hygromatik-topaklanma-mansonu-e-2304080\/#primaryimage","url":"https:\/\/barrsell.com\/wp-content\/uploads\/2024\/08\/HygroMatik-Elektrot-Konnektoru-B-2206065.png","contentUrl":"https:\/\/barrsell.com\/wp-content\/uploads\/2024\/08\/HygroMatik-Elektrot-Konnektoru-B-2206065.png","width":1200,"height":1200,"caption":"HygroMatik Elektrot Konnekt\u00f6r\u00fc B-2206065"},{"@type":"BreadcrumbList","@id":"https:\/\/barrsell.com\/urun\/hygromatik-topaklanma-mansonu-e-2304080\/#breadcrumb","itemListElement":[{"@type":"ListItem","position":1,"name":"Home","item":"https:\/\/barrsell.com\/"},{"@type":"ListItem","position":2,"name":"\u00dcr\u00fcnler","item":"https:\/\/barrsell.com\/en\/products\/"},{"@type":"ListItem","position":3,"name":"HygroMatik Topaklanma Man\u015fonu E-2304080"}]},{"@type":"WebSite","@id":"https:\/\/barrsell.com\/#website","url":"https:\/\/barrsell.com\/","name":"Barrsell End\u00fcstri Makine","description":"Teknolojiyle G\u00fc\u00e7lenen End\u00fcstriyel \u00c7\u00f6z\u00fcmler!","potentialAction":[{"@type":"SearchAction","target":{"@type":"EntryPoint","urlTemplate":"https:\/\/barrsell.com\/?s={search_term_string}"},"query-input":"required name=search_term_string"}],"inLanguage":"en-US"}]}},"_links":{"self":[{"href":"https:\/\/barrsell.com\/en\/wp-json\/wp\/v2\/product\/12504","targetHints":{"allow":["GET"]}}],"collection":[{"href":"https:\/\/barrsell.com\/en\/wp-json\/wp\/v2\/product"}],"about":[{"href":"https:\/\/barrsell.com\/en\/wp-json\/wp\/v2\/types\/product"}],"version-history":[{"count":5,"href":"https:\/\/barrsell.com\/en\/wp-json\/wp\/v2\/product\/12504\/revisions"}],"predecessor-version":[{"id":19872,"href":"https:\/\/barrsell.com\/en\/wp-json\/wp\/v2\/product\/12504\/revisions\/19872"}],"wp:featuredmedia":[{"embeddable":true,"href":"https:\/\/barrsell.com\/en\/wp-json\/wp\/v2\/media\/12495"}],"wp:attachment":[{"href":"https:\/\/barrsell.com\/en\/wp-json\/wp\/v2\/media?parent=12504"}],"wp:term":[{"taxonomy":"product_cat","embeddable":true,"href":"https:\/\/barrsell.com\/en\/wp-json\/wp\/v2\/product_cat?post=12504"},{"taxonomy":"product_tag","embeddable":true,"href":"https:\/\/barrsell.com\/en\/wp-json\/wp\/v2\/product_tag?post=12504"}],"curies":[{"name":"wp","href":"https:\/\/api.w.org\/{rel}","templated":true}]}}