{"id":12501,"date":"2024-08-20T11:39:07","date_gmt":"2024-08-20T11:39:07","guid":{"rendered":"https:\/\/barrsell.com\/?post_type=product&#038;p=12501"},"modified":"2025-01-06T11:11:18","modified_gmt":"2025-01-06T11:11:18","slug":"hygromatik-elektrot-konnektoru-e-3216024","status":"publish","type":"product","link":"https:\/\/barrsell.com\/en\/product\/hygromatik-electrode-connectore-3216024\/","title":{"rendered":"HygroMatic Electrode Connector E-3216024"},"content":{"rendered":"<h2><strong>HygroMatic Electrode Connector E-3216024<\/strong><\/h2>\n<p>HygroMatic Electrode Connector E-3216024 is a superior component designed to provide reliable and efficient electrode connection in industrial steam generators and humidifier systems. This connector offers high performance, durability and security, supporting long-lasting and uninterrupted operation of systems. With its technical features and unique design, it is one of the indispensable components of industrial steam systems.<\/p>\n<table style=\"height: 86px;\" width=\"646\">\n<tbody>\n<tr>\n<td width=\"146\"><strong>CompactLine Elektrode<\/strong><\/td>\n<td width=\"136\"><strong>HyLine ElektrodeTyp\u00a0<\/strong><\/td>\n<td width=\"170\"><strong>MiniSteam 2005 Elektrode<\/strong><\/td>\n<\/tr>\n<tr>\n<td>C01 C06 C10<\/td>\n<td>HY05 HY08<\/td>\n<td>MS05 MS10<\/td>\n<\/tr>\n<\/tbody>\n<\/table>\n<h4><strong>Technical Specifications and Performance<\/strong><\/h4>\n<ul>\n<li><strong>High Electrical Conductivity:<\/strong> The E-3216024 offers a reliable transfer of energy between electrodes, providing excellent electrical conductivity. This ensures that steam generators and humidifiers operate with optimal performance.<\/li>\n<li><strong>Heat and Humidity Resistance:<\/strong> This electrode connector is made of materials that are resistant to high temperature and humidity conditions. This feature makes the connector long-lasting in harsh industrial environments.<\/li>\n<li><strong>Secure and Robust Connection:<\/strong> The design of the connector provides a solid and secure connection between the electrodes. This minimizes electrical faults and energy losses at the connection points.<\/li>\n<li><strong>Standard Connection Compatibility:<\/strong> Fully compatible with various steam generators and humidifiers. It offers fast and seamless integration with standard fittings.<\/li>\n<li><strong>Easy Assembly and Maintenance:<\/strong> Ergonomic design of the connector ensures quick and easy assembly. In addition, its durable structure, which requires minimal maintenance, saves costs in long-term use.<\/li>\n<\/ul>","protected":false},"excerpt":{"rendered":"<p>In order for the spare parts to be fully compatible with the device, in order to avoid confusion during the ordering phase, we recommend that you share the product label photo with us.<\/p>","protected":false},"featured_media":12495,"template":"","meta":[],"product_cat":[130],"product_tag":[],"class_list":{"0":"post-12501","1":"product","2":"type-product","3":"status-publish","4":"has-post-thumbnail","6":"product_cat-hygromatik-yedek-parcalari","8":"first","9":"instock","10":"shipping-taxable","11":"product-type-simple"},"yoast_head":"<!-- This site is optimized with the Yoast SEO Premium plugin v23.2 (Yoast SEO v23.2) - https:\/\/yoast.com\/wordpress\/plugins\/seo\/ -->\n<title>HygroMatik Elektrot Konnekt\u00f6r\u00fc E-3216024 Barrsell End\u00fcstri<\/title>\n<meta name=\"description\" content=\"HygroMatik Elektrot Konnekt\u00f6r\u00fc E-3216024, end\u00fcstriyel buhar jenerat\u00f6rleri ve nemlendirici sistemlerde g\u00fcvenilir ve verimli elektrot ba\u011flant\u0131s\u0131 sa\u011flamak\" \/>\n<meta name=\"robots\" content=\"index, follow, max-snippet:-1, max-image-preview:large, max-video-preview:-1\" \/>\n<link rel=\"canonical\" href=\"https:\/\/barrsell.com\/en\/product\/hygromatik-electrode-connectore-3216024\/\" \/>\n<meta property=\"og:locale\" content=\"en_US\" \/>\n<meta property=\"og:type\" content=\"article\" \/>\n<meta property=\"og:title\" content=\"HygroMatik Elektrot Konnekt\u00f6r\u00fc E-3216024\" \/>\n<meta property=\"og:description\" content=\"HygroMatik Elektrot Konnekt\u00f6r\u00fc E-3216024, end\u00fcstriyel buhar jenerat\u00f6rleri ve nemlendirici sistemlerde g\u00fcvenilir ve verimli elektrot ba\u011flant\u0131s\u0131 sa\u011flamak\" \/>\n<meta property=\"og:url\" content=\"https:\/\/barrsell.com\/en\/product\/hygromatik-electrode-connectore-3216024\/\" \/>\n<meta property=\"og:site_name\" content=\"Barrsell\" \/>\n<meta property=\"article:modified_time\" content=\"2025-01-06T11:11:18+00:00\" \/>\n<meta property=\"og:image\" content=\"https:\/\/barrsell.com\/wp-content\/uploads\/2024\/08\/HygroMatik-Elektrot-Konnektoru-B-2206065.png\" \/>\n\t<meta property=\"og:image:width\" content=\"1200\" \/>\n\t<meta property=\"og:image:height\" content=\"1200\" \/>\n\t<meta property=\"og:image:type\" content=\"image\/png\" \/>\n<meta name=\"twitter:card\" content=\"summary_large_image\" \/>\n<meta name=\"twitter:label1\" content=\"Est. reading time\" \/>\n\t<meta name=\"twitter:data1\" content=\"2 minutes\" \/>\n<script type=\"application\/ld+json\" class=\"yoast-schema-graph\">{\"@context\":\"https:\/\/schema.org\",\"@graph\":[{\"@type\":\"WebPage\",\"@id\":\"https:\/\/barrsell.com\/urun\/hygromatik-elektrot-konnektoru-e-3216024\/\",\"url\":\"https:\/\/barrsell.com\/urun\/hygromatik-elektrot-konnektoru-e-3216024\/\",\"name\":\"HygroMatik Elektrot Konnekt\u00f6r\u00fc E-3216024 Barrsell End\u00fcstri\",\"isPartOf\":{\"@id\":\"https:\/\/barrsell.com\/#website\"},\"primaryImageOfPage\":{\"@id\":\"https:\/\/barrsell.com\/urun\/hygromatik-elektrot-konnektoru-e-3216024\/#primaryimage\"},\"image\":{\"@id\":\"https:\/\/barrsell.com\/urun\/hygromatik-elektrot-konnektoru-e-3216024\/#primaryimage\"},\"thumbnailUrl\":\"https:\/\/barrsell.com\/wp-content\/uploads\/2024\/08\/HygroMatik-Elektrot-Konnektoru-B-2206065.png\",\"datePublished\":\"2024-08-20T11:39:07+00:00\",\"dateModified\":\"2025-01-06T11:11:18+00:00\",\"description\":\"HygroMatik Elektrot Konnekt\u00f6r\u00fc E-3216024, end\u00fcstriyel buhar jenerat\u00f6rleri ve nemlendirici sistemlerde g\u00fcvenilir ve verimli elektrot ba\u011flant\u0131s\u0131 sa\u011flamak\",\"breadcrumb\":{\"@id\":\"https:\/\/barrsell.com\/urun\/hygromatik-elektrot-konnektoru-e-3216024\/#breadcrumb\"},\"inLanguage\":\"en-US\",\"potentialAction\":[{\"@type\":\"ReadAction\",\"target\":[\"https:\/\/barrsell.com\/urun\/hygromatik-elektrot-konnektoru-e-3216024\/\"]}]},{\"@type\":\"ImageObject\",\"inLanguage\":\"en-US\",\"@id\":\"https:\/\/barrsell.com\/urun\/hygromatik-elektrot-konnektoru-e-3216024\/#primaryimage\",\"url\":\"https:\/\/barrsell.com\/wp-content\/uploads\/2024\/08\/HygroMatik-Elektrot-Konnektoru-B-2206065.png\",\"contentUrl\":\"https:\/\/barrsell.com\/wp-content\/uploads\/2024\/08\/HygroMatik-Elektrot-Konnektoru-B-2206065.png\",\"width\":1200,\"height\":1200,\"caption\":\"HygroMatik Elektrot Konnekt\u00f6r\u00fc B-2206065\"},{\"@type\":\"BreadcrumbList\",\"@id\":\"https:\/\/barrsell.com\/urun\/hygromatik-elektrot-konnektoru-e-3216024\/#breadcrumb\",\"itemListElement\":[{\"@type\":\"ListItem\",\"position\":1,\"name\":\"Home\",\"item\":\"https:\/\/barrsell.com\/\"},{\"@type\":\"ListItem\",\"position\":2,\"name\":\"\u00dcr\u00fcnler\",\"item\":\"https:\/\/barrsell.com\/en\/products\/\"},{\"@type\":\"ListItem\",\"position\":3,\"name\":\"HygroMatik Elektrot Konnekt\u00f6r\u00fc E-3216024\"}]},{\"@type\":\"WebSite\",\"@id\":\"https:\/\/barrsell.com\/#website\",\"url\":\"https:\/\/barrsell.com\/\",\"name\":\"Barrsell End\u00fcstri Makine\",\"description\":\"Teknolojiyle G\u00fc\u00e7lenen End\u00fcstriyel \u00c7\u00f6z\u00fcmler!\",\"potentialAction\":[{\"@type\":\"SearchAction\",\"target\":{\"@type\":\"EntryPoint\",\"urlTemplate\":\"https:\/\/barrsell.com\/?s={search_term_string}\"},\"query-input\":\"required name=search_term_string\"}],\"inLanguage\":\"en-US\"}]}<\/script>\n<!-- \/ Yoast SEO Premium plugin. -->","yoast_head_json":{"title":"HygroMatik Elektrot Konnekt\u00f6r\u00fc E-3216024 Barrsell End\u00fcstri","description":"HygroMatik Elektrot Konnekt\u00f6r\u00fc E-3216024, end\u00fcstriyel buhar jenerat\u00f6rleri ve nemlendirici sistemlerde g\u00fcvenilir ve verimli elektrot ba\u011flant\u0131s\u0131 sa\u011flamak","robots":{"index":"index","follow":"follow","max-snippet":"max-snippet:-1","max-image-preview":"max-image-preview:large","max-video-preview":"max-video-preview:-1"},"canonical":"https:\/\/barrsell.com\/en\/product\/hygromatik-electrode-connectore-3216024\/","og_locale":"en_US","og_type":"article","og_title":"HygroMatik Elektrot Konnekt\u00f6r\u00fc E-3216024","og_description":"HygroMatik Elektrot Konnekt\u00f6r\u00fc E-3216024, end\u00fcstriyel buhar jenerat\u00f6rleri ve nemlendirici sistemlerde g\u00fcvenilir ve verimli elektrot ba\u011flant\u0131s\u0131 sa\u011flamak","og_url":"https:\/\/barrsell.com\/en\/product\/hygromatik-electrode-connectore-3216024\/","og_site_name":"Barrsell","article_modified_time":"2025-01-06T11:11:18+00:00","og_image":[{"width":1200,"height":1200,"url":"https:\/\/barrsell.com\/wp-content\/uploads\/2024\/08\/HygroMatik-Elektrot-Konnektoru-B-2206065.png","type":"image\/png"}],"twitter_card":"summary_large_image","twitter_misc":{"Est. reading time":"2 minutes"},"schema":{"@context":"https:\/\/schema.org","@graph":[{"@type":"WebPage","@id":"https:\/\/barrsell.com\/urun\/hygromatik-elektrot-konnektoru-e-3216024\/","url":"https:\/\/barrsell.com\/urun\/hygromatik-elektrot-konnektoru-e-3216024\/","name":"HygroMatik Elektrot Konnekt\u00f6r\u00fc E-3216024 Barrsell End\u00fcstri","isPartOf":{"@id":"https:\/\/barrsell.com\/#website"},"primaryImageOfPage":{"@id":"https:\/\/barrsell.com\/urun\/hygromatik-elektrot-konnektoru-e-3216024\/#primaryimage"},"image":{"@id":"https:\/\/barrsell.com\/urun\/hygromatik-elektrot-konnektoru-e-3216024\/#primaryimage"},"thumbnailUrl":"https:\/\/barrsell.com\/wp-content\/uploads\/2024\/08\/HygroMatik-Elektrot-Konnektoru-B-2206065.png","datePublished":"2024-08-20T11:39:07+00:00","dateModified":"2025-01-06T11:11:18+00:00","description":"HygroMatik Elektrot Konnekt\u00f6r\u00fc E-3216024, end\u00fcstriyel buhar jenerat\u00f6rleri ve nemlendirici sistemlerde g\u00fcvenilir ve verimli elektrot ba\u011flant\u0131s\u0131 sa\u011flamak","breadcrumb":{"@id":"https:\/\/barrsell.com\/urun\/hygromatik-elektrot-konnektoru-e-3216024\/#breadcrumb"},"inLanguage":"en-US","potentialAction":[{"@type":"ReadAction","target":["https:\/\/barrsell.com\/urun\/hygromatik-elektrot-konnektoru-e-3216024\/"]}]},{"@type":"ImageObject","inLanguage":"en-US","@id":"https:\/\/barrsell.com\/urun\/hygromatik-elektrot-konnektoru-e-3216024\/#primaryimage","url":"https:\/\/barrsell.com\/wp-content\/uploads\/2024\/08\/HygroMatik-Elektrot-Konnektoru-B-2206065.png","contentUrl":"https:\/\/barrsell.com\/wp-content\/uploads\/2024\/08\/HygroMatik-Elektrot-Konnektoru-B-2206065.png","width":1200,"height":1200,"caption":"HygroMatik Elektrot Konnekt\u00f6r\u00fc B-2206065"},{"@type":"BreadcrumbList","@id":"https:\/\/barrsell.com\/urun\/hygromatik-elektrot-konnektoru-e-3216024\/#breadcrumb","itemListElement":[{"@type":"ListItem","position":1,"name":"Home","item":"https:\/\/barrsell.com\/"},{"@type":"ListItem","position":2,"name":"\u00dcr\u00fcnler","item":"https:\/\/barrsell.com\/en\/products\/"},{"@type":"ListItem","position":3,"name":"HygroMatik Elektrot Konnekt\u00f6r\u00fc E-3216024"}]},{"@type":"WebSite","@id":"https:\/\/barrsell.com\/#website","url":"https:\/\/barrsell.com\/","name":"Barrsell End\u00fcstri Makine","description":"Teknolojiyle G\u00fc\u00e7lenen End\u00fcstriyel \u00c7\u00f6z\u00fcmler!","potentialAction":[{"@type":"SearchAction","target":{"@type":"EntryPoint","urlTemplate":"https:\/\/barrsell.com\/?s={search_term_string}"},"query-input":"required name=search_term_string"}],"inLanguage":"en-US"}]}},"_links":{"self":[{"href":"https:\/\/barrsell.com\/en\/wp-json\/wp\/v2\/product\/12501","targetHints":{"allow":["GET"]}}],"collection":[{"href":"https:\/\/barrsell.com\/en\/wp-json\/wp\/v2\/product"}],"about":[{"href":"https:\/\/barrsell.com\/en\/wp-json\/wp\/v2\/types\/product"}],"version-history":[{"count":5,"href":"https:\/\/barrsell.com\/en\/wp-json\/wp\/v2\/product\/12501\/revisions"}],"predecessor-version":[{"id":19874,"href":"https:\/\/barrsell.com\/en\/wp-json\/wp\/v2\/product\/12501\/revisions\/19874"}],"wp:featuredmedia":[{"embeddable":true,"href":"https:\/\/barrsell.com\/en\/wp-json\/wp\/v2\/media\/12495"}],"wp:attachment":[{"href":"https:\/\/barrsell.com\/en\/wp-json\/wp\/v2\/media?parent=12501"}],"wp:term":[{"taxonomy":"product_cat","embeddable":true,"href":"https:\/\/barrsell.com\/en\/wp-json\/wp\/v2\/product_cat?post=12501"},{"taxonomy":"product_tag","embeddable":true,"href":"https:\/\/barrsell.com\/en\/wp-json\/wp\/v2\/product_tag?post=12501"}],"curies":[{"name":"wp","href":"https:\/\/api.w.org\/{rel}","templated":true}]}}