{"id":12499,"date":"2024-08-20T11:34:21","date_gmt":"2024-08-20T11:34:21","guid":{"rendered":"https:\/\/barrsell.com\/?post_type=product&#038;p=12499"},"modified":"2025-01-06T11:21:20","modified_gmt":"2025-01-06T11:21:20","slug":"hygromatik-elektrot-konnektoru-e-2207016","status":"publish","type":"product","link":"https:\/\/barrsell.com\/en\/product\/hygromatik-electrode-connector-e-2207016\/","title":{"rendered":"HygroMatic Electrode Connector E-2207016"},"content":{"rendered":"<div class=\"flex-1 overflow-hidden\">\n<div class=\"h-full\">\n<div class=\"react-scroll-to-bottom--css-pswys-79elbk h-full\">\n<div class=\"react-scroll-to-bottom--css-pswys-1n7m0yu\">\n<div class=\"flex flex-col text-sm md:pb-9\">\n<article class=\"w-full text-token-text-primary focus-visible:outline-2 focus-visible:outline-offset-[-4px]\" dir=\"auto\" tabindex=\"0\" data-testid=\"conversation-turn-51\" data-scroll-anchor=\"true\">\n<div class=\"text-base py-[18px] px-3 md:px-4 m-auto md:px-5\">\n<div class=\"mx-auto flex flex-1 gap-4 text-base md:gap-5 lg:gap-6 md:max-w-3xl lg:max-w-[40rem] xl:max-w-[48rem]\">\n<div class=\"group\/conversation-turn relative flex w-full min-w-0 flex-col agent-turn\">\n<div class=\"flex-col gap-1 md:gap-3\">\n<div class=\"flex max-w-full flex-col flex-grow\">\n<div class=\"min-h-[20px] text-message flex w-full flex-col items-end gap-2 break-words [.text-message+&amp;]:mt-5 overflow-x-auto whitespace-pre-wrap\" dir=\"auto\" data-message-author-role=\"assistant\" data-message-id=\"3cd5aa06-2265-499e-abbb-da9ba9ebb2b2\">\n<div class=\"flex w-full flex-col gap-1 empty:hidden first:pt-[3px]\">\n<div class=\"markdown prose w-full break-words dark:prose-invert light\">\n<h2><strong>HygroMatic Electrode Connector E-2207016<\/strong><\/h2>\n<p>HygroMatic Electrode Connector E-2207016 is a critical component that enhances the performance and safety of steam systems. This connector, especially used in steam generators and humidifiers, ensures the correct connection of electrodes and contributes to the efficient operation of steam systems. At the same time, it offers a reliable solution in industrial applications with its technical characteristics and durability.<\/p>\n<table style=\"height: 106px;\" width=\"647\">\n<tbody>\n<tr>\n<td width=\"146\"><strong>CompactLine Elektrode<\/strong><\/td>\n<td width=\"136\"><strong>HyLine Elektrode<\/strong><\/td>\n<\/tr>\n<tr>\n<td>C58<\/td>\n<td>HY45 HY90 HY 116<\/td>\n<\/tr>\n<\/tbody>\n<\/table>\n<h4><strong>Technical Specifications and Performance<\/strong><\/h4>\n<ul>\n<li><strong>High Quality Electrical Conductivity:<\/strong> The E-2207016 provides excellent electrical conductivity, ensuring a seamless and reliable electrical flow between the electrodes. This also supports the correct and effective operation of steam generators and humidifiers.<\/li>\n<li><strong>Durable Construction:<\/strong> The electrode connector is made of materials that are resistant to high temperature, humidity and chemical substances. This also allows the connector to deliver long-lasting and reliable performance in harsh operating conditions.<\/li>\n<li><strong>Compact &amp; User Friendly Design:<\/strong> The connector has a compact and ergonomic design, making it easy to assemble and connect. It is especially suitable for use in tight spaces or points with access difficulty.<\/li>\n<li><strong>Standard Connection Compatibility:<\/strong> The E-2207016 is designed to be compatible with various steam generators and humidifier systems. Provides fast and seamless integration thanks to standard fittings at the same time.<\/li>\n<li><strong>Heat and Liquid Insulation:<\/strong> Connector provides effective insulation against high temperature and liquids. However, it supports the safe and stable protection of the electrode connection.<\/li>\n<\/ul>\n<h4><strong>Ease of Installation and Maintenance<\/strong><\/h4>\n<ul>\n<li><strong>Easy assembly:<\/strong> The E-2207016 is designed for simple and quick assembly. Thanks to the standard ports, the installation of the connector can be done in a short time, which saves labor and time.<\/li>\n<li><strong>Maintenance:<\/strong> The durable structure of the electrode connector requires minimal maintenance. As a result, you can clean it quickly when necessary and maintenance can be easily carried out.<\/li>\n<\/ul>\n<\/div>\n<\/div>\n<\/div>\n<\/div>\n<\/div>\n<\/div>\n<\/div>\n<\/div>\n<\/article>\n<\/div>\n<\/div>\n<\/div>\n<\/div>\n<\/div>","protected":false},"excerpt":{"rendered":"<p>In order for the spare parts to be fully compatible with the device, in order to avoid confusion during the ordering phase, we recommend that you share the product label photo with us.<\/p>","protected":false},"featured_media":12495,"template":"","meta":[],"product_cat":[130],"product_tag":[],"class_list":{"0":"post-12499","1":"product","2":"type-product","3":"status-publish","4":"has-post-thumbnail","6":"product_cat-hygromatik-yedek-parcalari","8":"first","9":"instock","10":"shipping-taxable","11":"product-type-simple"},"yoast_head":"<!-- This site is optimized with the Yoast SEO Premium plugin v23.2 (Yoast SEO v23.2) - https:\/\/yoast.com\/wordpress\/plugins\/seo\/ -->\n<title>HygroMatik Elektrot Konnekt\u00f6r\u00fc E-2207016 Barrsell End\u00fcstri<\/title>\n<meta name=\"description\" content=\"HygroMatik Elektrot Konnekt\u00f6r\u00fc E-2207016, buhar sistemlerinin performans\u0131n\u0131 ve g\u00fcvenli\u011fini art\u0131ran kritik bir bile\u015fendir. \u00d6zellikle buhar jenerat\u00f6rleri\" \/>\n<meta name=\"robots\" content=\"index, follow, max-snippet:-1, max-image-preview:large, max-video-preview:-1\" \/>\n<link rel=\"canonical\" href=\"https:\/\/barrsell.com\/en\/product\/hygromatik-electrode-connector-e-2207016\/\" \/>\n<meta property=\"og:locale\" content=\"en_US\" \/>\n<meta property=\"og:type\" content=\"article\" \/>\n<meta property=\"og:title\" content=\"HygroMatik Elektrot Konnekt\u00f6r\u00fc E-2207016\" \/>\n<meta property=\"og:description\" content=\"HygroMatik Elektrot Konnekt\u00f6r\u00fc E-2207016, buhar sistemlerinin performans\u0131n\u0131 ve g\u00fcvenli\u011fini art\u0131ran kritik bir bile\u015fendir. \u00d6zellikle buhar jenerat\u00f6rleri\" \/>\n<meta property=\"og:url\" content=\"https:\/\/barrsell.com\/en\/product\/hygromatik-electrode-connector-e-2207016\/\" \/>\n<meta property=\"og:site_name\" content=\"Barrsell\" \/>\n<meta property=\"article:modified_time\" content=\"2025-01-06T11:21:20+00:00\" \/>\n<meta property=\"og:image\" content=\"https:\/\/barrsell.com\/wp-content\/uploads\/2024\/08\/HygroMatik-Elektrot-Konnektoru-B-2206065.png\" \/>\n\t<meta property=\"og:image:width\" content=\"1200\" \/>\n\t<meta property=\"og:image:height\" content=\"1200\" \/>\n\t<meta property=\"og:image:type\" content=\"image\/png\" \/>\n<meta name=\"twitter:card\" content=\"summary_large_image\" \/>\n<meta name=\"twitter:label1\" content=\"Est. reading time\" \/>\n\t<meta name=\"twitter:data1\" content=\"2 minutes\" \/>\n<script type=\"application\/ld+json\" class=\"yoast-schema-graph\">{\"@context\":\"https:\/\/schema.org\",\"@graph\":[{\"@type\":\"WebPage\",\"@id\":\"https:\/\/barrsell.com\/urun\/hygromatik-elektrot-konnektoru-e-2207016\/\",\"url\":\"https:\/\/barrsell.com\/urun\/hygromatik-elektrot-konnektoru-e-2207016\/\",\"name\":\"HygroMatik Elektrot Konnekt\u00f6r\u00fc E-2207016 Barrsell End\u00fcstri\",\"isPartOf\":{\"@id\":\"https:\/\/barrsell.com\/#website\"},\"primaryImageOfPage\":{\"@id\":\"https:\/\/barrsell.com\/urun\/hygromatik-elektrot-konnektoru-e-2207016\/#primaryimage\"},\"image\":{\"@id\":\"https:\/\/barrsell.com\/urun\/hygromatik-elektrot-konnektoru-e-2207016\/#primaryimage\"},\"thumbnailUrl\":\"https:\/\/barrsell.com\/wp-content\/uploads\/2024\/08\/HygroMatik-Elektrot-Konnektoru-B-2206065.png\",\"datePublished\":\"2024-08-20T11:34:21+00:00\",\"dateModified\":\"2025-01-06T11:21:20+00:00\",\"description\":\"HygroMatik Elektrot Konnekt\u00f6r\u00fc E-2207016, buhar sistemlerinin performans\u0131n\u0131 ve g\u00fcvenli\u011fini art\u0131ran kritik bir bile\u015fendir. \u00d6zellikle buhar jenerat\u00f6rleri\",\"breadcrumb\":{\"@id\":\"https:\/\/barrsell.com\/urun\/hygromatik-elektrot-konnektoru-e-2207016\/#breadcrumb\"},\"inLanguage\":\"en-US\",\"potentialAction\":[{\"@type\":\"ReadAction\",\"target\":[\"https:\/\/barrsell.com\/urun\/hygromatik-elektrot-konnektoru-e-2207016\/\"]}]},{\"@type\":\"ImageObject\",\"inLanguage\":\"en-US\",\"@id\":\"https:\/\/barrsell.com\/urun\/hygromatik-elektrot-konnektoru-e-2207016\/#primaryimage\",\"url\":\"https:\/\/barrsell.com\/wp-content\/uploads\/2024\/08\/HygroMatik-Elektrot-Konnektoru-B-2206065.png\",\"contentUrl\":\"https:\/\/barrsell.com\/wp-content\/uploads\/2024\/08\/HygroMatik-Elektrot-Konnektoru-B-2206065.png\",\"width\":1200,\"height\":1200,\"caption\":\"HygroMatik Elektrot Konnekt\u00f6r\u00fc B-2206065\"},{\"@type\":\"BreadcrumbList\",\"@id\":\"https:\/\/barrsell.com\/urun\/hygromatik-elektrot-konnektoru-e-2207016\/#breadcrumb\",\"itemListElement\":[{\"@type\":\"ListItem\",\"position\":1,\"name\":\"Home\",\"item\":\"https:\/\/barrsell.com\/\"},{\"@type\":\"ListItem\",\"position\":2,\"name\":\"\u00dcr\u00fcnler\",\"item\":\"https:\/\/barrsell.com\/en\/products\/\"},{\"@type\":\"ListItem\",\"position\":3,\"name\":\"HygroMatik Elektrot Konnekt\u00f6r\u00fc E-2207016\"}]},{\"@type\":\"WebSite\",\"@id\":\"https:\/\/barrsell.com\/#website\",\"url\":\"https:\/\/barrsell.com\/\",\"name\":\"Barrsell End\u00fcstri Makine\",\"description\":\"Teknolojiyle G\u00fc\u00e7lenen End\u00fcstriyel \u00c7\u00f6z\u00fcmler!\",\"potentialAction\":[{\"@type\":\"SearchAction\",\"target\":{\"@type\":\"EntryPoint\",\"urlTemplate\":\"https:\/\/barrsell.com\/?s={search_term_string}\"},\"query-input\":\"required name=search_term_string\"}],\"inLanguage\":\"en-US\"}]}<\/script>\n<!-- \/ Yoast SEO Premium plugin. -->","yoast_head_json":{"title":"HygroMatik Elektrot Konnekt\u00f6r\u00fc E-2207016 Barrsell End\u00fcstri","description":"HygroMatik Elektrot Konnekt\u00f6r\u00fc E-2207016, buhar sistemlerinin performans\u0131n\u0131 ve g\u00fcvenli\u011fini art\u0131ran kritik bir bile\u015fendir. \u00d6zellikle buhar jenerat\u00f6rleri","robots":{"index":"index","follow":"follow","max-snippet":"max-snippet:-1","max-image-preview":"max-image-preview:large","max-video-preview":"max-video-preview:-1"},"canonical":"https:\/\/barrsell.com\/en\/product\/hygromatik-electrode-connector-e-2207016\/","og_locale":"en_US","og_type":"article","og_title":"HygroMatik Elektrot Konnekt\u00f6r\u00fc E-2207016","og_description":"HygroMatik Elektrot Konnekt\u00f6r\u00fc E-2207016, buhar sistemlerinin performans\u0131n\u0131 ve g\u00fcvenli\u011fini art\u0131ran kritik bir bile\u015fendir. \u00d6zellikle buhar jenerat\u00f6rleri","og_url":"https:\/\/barrsell.com\/en\/product\/hygromatik-electrode-connector-e-2207016\/","og_site_name":"Barrsell","article_modified_time":"2025-01-06T11:21:20+00:00","og_image":[{"width":1200,"height":1200,"url":"https:\/\/barrsell.com\/wp-content\/uploads\/2024\/08\/HygroMatik-Elektrot-Konnektoru-B-2206065.png","type":"image\/png"}],"twitter_card":"summary_large_image","twitter_misc":{"Est. reading time":"2 minutes"},"schema":{"@context":"https:\/\/schema.org","@graph":[{"@type":"WebPage","@id":"https:\/\/barrsell.com\/urun\/hygromatik-elektrot-konnektoru-e-2207016\/","url":"https:\/\/barrsell.com\/urun\/hygromatik-elektrot-konnektoru-e-2207016\/","name":"HygroMatik Elektrot Konnekt\u00f6r\u00fc E-2207016 Barrsell End\u00fcstri","isPartOf":{"@id":"https:\/\/barrsell.com\/#website"},"primaryImageOfPage":{"@id":"https:\/\/barrsell.com\/urun\/hygromatik-elektrot-konnektoru-e-2207016\/#primaryimage"},"image":{"@id":"https:\/\/barrsell.com\/urun\/hygromatik-elektrot-konnektoru-e-2207016\/#primaryimage"},"thumbnailUrl":"https:\/\/barrsell.com\/wp-content\/uploads\/2024\/08\/HygroMatik-Elektrot-Konnektoru-B-2206065.png","datePublished":"2024-08-20T11:34:21+00:00","dateModified":"2025-01-06T11:21:20+00:00","description":"HygroMatik Elektrot Konnekt\u00f6r\u00fc E-2207016, buhar sistemlerinin performans\u0131n\u0131 ve g\u00fcvenli\u011fini art\u0131ran kritik bir bile\u015fendir. \u00d6zellikle buhar jenerat\u00f6rleri","breadcrumb":{"@id":"https:\/\/barrsell.com\/urun\/hygromatik-elektrot-konnektoru-e-2207016\/#breadcrumb"},"inLanguage":"en-US","potentialAction":[{"@type":"ReadAction","target":["https:\/\/barrsell.com\/urun\/hygromatik-elektrot-konnektoru-e-2207016\/"]}]},{"@type":"ImageObject","inLanguage":"en-US","@id":"https:\/\/barrsell.com\/urun\/hygromatik-elektrot-konnektoru-e-2207016\/#primaryimage","url":"https:\/\/barrsell.com\/wp-content\/uploads\/2024\/08\/HygroMatik-Elektrot-Konnektoru-B-2206065.png","contentUrl":"https:\/\/barrsell.com\/wp-content\/uploads\/2024\/08\/HygroMatik-Elektrot-Konnektoru-B-2206065.png","width":1200,"height":1200,"caption":"HygroMatik Elektrot Konnekt\u00f6r\u00fc B-2206065"},{"@type":"BreadcrumbList","@id":"https:\/\/barrsell.com\/urun\/hygromatik-elektrot-konnektoru-e-2207016\/#breadcrumb","itemListElement":[{"@type":"ListItem","position":1,"name":"Home","item":"https:\/\/barrsell.com\/"},{"@type":"ListItem","position":2,"name":"\u00dcr\u00fcnler","item":"https:\/\/barrsell.com\/en\/products\/"},{"@type":"ListItem","position":3,"name":"HygroMatik Elektrot Konnekt\u00f6r\u00fc E-2207016"}]},{"@type":"WebSite","@id":"https:\/\/barrsell.com\/#website","url":"https:\/\/barrsell.com\/","name":"Barrsell End\u00fcstri Makine","description":"Teknolojiyle G\u00fc\u00e7lenen End\u00fcstriyel \u00c7\u00f6z\u00fcmler!","potentialAction":[{"@type":"SearchAction","target":{"@type":"EntryPoint","urlTemplate":"https:\/\/barrsell.com\/?s={search_term_string}"},"query-input":"required name=search_term_string"}],"inLanguage":"en-US"}]}},"_links":{"self":[{"href":"https:\/\/barrsell.com\/en\/wp-json\/wp\/v2\/product\/12499","targetHints":{"allow":["GET"]}}],"collection":[{"href":"https:\/\/barrsell.com\/en\/wp-json\/wp\/v2\/product"}],"about":[{"href":"https:\/\/barrsell.com\/en\/wp-json\/wp\/v2\/types\/product"}],"version-history":[{"count":4,"href":"https:\/\/barrsell.com\/en\/wp-json\/wp\/v2\/product\/12499\/revisions"}],"predecessor-version":[{"id":19875,"href":"https:\/\/barrsell.com\/en\/wp-json\/wp\/v2\/product\/12499\/revisions\/19875"}],"wp:featuredmedia":[{"embeddable":true,"href":"https:\/\/barrsell.com\/en\/wp-json\/wp\/v2\/media\/12495"}],"wp:attachment":[{"href":"https:\/\/barrsell.com\/en\/wp-json\/wp\/v2\/media?parent=12499"}],"wp:term":[{"taxonomy":"product_cat","embeddable":true,"href":"https:\/\/barrsell.com\/en\/wp-json\/wp\/v2\/product_cat?post=12499"},{"taxonomy":"product_tag","embeddable":true,"href":"https:\/\/barrsell.com\/en\/wp-json\/wp\/v2\/product_tag?post=12499"}],"curies":[{"name":"wp","href":"https:\/\/api.w.org\/{rel}","templated":true}]}}