{"id":12494,"date":"2024-08-20T09:39:49","date_gmt":"2024-08-20T09:39:49","guid":{"rendered":"https:\/\/barrsell.com\/?post_type=product&#038;p=12494"},"modified":"2025-01-06T11:33:49","modified_gmt":"2025-01-06T11:33:49","slug":"hygromatik-elektrot-konnektoru-b-2206065","status":"publish","type":"product","link":"https:\/\/barrsell.com\/en\/product\/hygromatik-electrode-connectore-2206065\/","title":{"rendered":"HygroMatic Electrode Connector B-2206065"},"content":{"rendered":"<h2><strong>HygroMatic Electrode Connector B-2206065: Reliable Connection Solution In Steam Systems<\/strong><\/h2>\n<p>HygroMatic Electrode Connector B-2206065 is a high quality connector designed for steam generators. In particular, it improves device performance by ensuring safe and efficient operation of electrodes. In addition, this connector, which belongs to the original series of spare parts of HygroMatik, stands out with its durability and easy assembly.<\/p>\n<table style=\"height: 104px;\" width=\"447\">\n<tbody>\n<tr>\n<td width=\"146\"><strong>CompactLine Elektrode<\/strong><\/td>\n<td width=\"136\"><strong>HyLine Elektrode<\/strong><\/td>\n<\/tr>\n<tr>\n<td colspan=\"2\">C17 C22 C30 C45 HY13 HY17 HY23 HY30 HY60<\/td>\n<\/tr>\n<\/tbody>\n<\/table>\n<h4><strong>Technical Specifications and Performance<\/strong><\/h4>\n<ul>\n<li><strong>High Electrical Conductivity:<\/strong> The B-2206065 offers excellent electrical conductivity, ensuring a safe and seamless electrical flow between the electrodes. Thus, this supports the correct and efficient operation of the steam generator and humidifier.<\/li>\n<li><strong>Durable Material:<\/strong> The connector is made of materials that are resistant to high temperature, humidity and chemical substances. This ensures that the product delivers long-lasting and reliable performance in harsh conditions.<\/li>\n<li><strong>Compact and Ergonomic Design:<\/strong> The electrode connector has a compact and ergonomic design. This also facilitates assembly and connection operations, especially in tight spaces or at limited access points.<\/li>\n<li><strong>Standart Ba\u011flant\u0131 Uyumu:<\/strong> The B-2206065 is designed to be compatible with standard fittings. This allows for quick and trouble-free integration with various steam generators and humidifier systems.<\/li>\n<li><strong>Heat and Liquid Insulation:<\/strong> The connector provides a secure and stable connection, insulating against high heat and liquids. This feature improves the security of the system and prevents possible failures.<\/li>\n<\/ul>\n<h4><strong>Energy Efficiency and Safety<\/strong><\/h4>\n<ul>\n<li><strong>Energy Efficiency:<\/strong> The B-2206065 minimizes energy losses due to its high electrical conductivity. As a result, this improves the overall energy efficiency of steam systems and reduces operating costs.<\/li>\n<li><strong>Security:<\/strong> Its thermal and liquid insulation properties ensure the safe operation of the electrode connector. It also protects users and equipment by improving system security.<\/li>\n<\/ul>","protected":false},"excerpt":{"rendered":"<p>In order for the spare parts to be fully compatible with the device, in order to avoid confusion during the ordering phase, we recommend that you share the product label photo with us.<\/p>","protected":false},"featured_media":12495,"template":"","meta":[],"product_cat":[130],"product_tag":[],"class_list":{"0":"post-12494","1":"product","2":"type-product","3":"status-publish","4":"has-post-thumbnail","6":"product_cat-hygromatik-yedek-parcalari","8":"first","9":"instock","10":"shipping-taxable","11":"product-type-simple"},"yoast_head":"<!-- This site is optimized with the Yoast SEO Premium plugin v23.2 (Yoast SEO v23.2) - https:\/\/yoast.com\/wordpress\/plugins\/seo\/ -->\n<title>HygroMatik Elektrot Konnekt\u00f6r\u00fc B-2206065 Barrsell End\u00fcstri<\/title>\n<meta name=\"description\" content=\"HygroMatik Elektrot Konnekt\u00f6r\u00fc B-2206065, buhar sistemlerinde elektrotlar\u0131n g\u00fcvenilir ve etkili bir \u015fekilde ba\u011flanmas\u0131n\u0131 sa\u011flayan kritik bir bile\u015fendir.\" \/>\n<meta name=\"robots\" content=\"index, follow, max-snippet:-1, max-image-preview:large, max-video-preview:-1\" \/>\n<link rel=\"canonical\" href=\"https:\/\/barrsell.com\/en\/product\/hygromatik-electrode-connectore-2206065\/\" \/>\n<meta property=\"og:locale\" content=\"en_US\" \/>\n<meta property=\"og:type\" content=\"article\" \/>\n<meta property=\"og:title\" content=\"HygroMatik Elektrot Konnekt\u00f6r\u00fc B-2206065\" \/>\n<meta property=\"og:description\" content=\"HygroMatik Elektrot Konnekt\u00f6r\u00fc B-2206065, buhar sistemlerinde elektrotlar\u0131n g\u00fcvenilir ve etkili bir \u015fekilde ba\u011flanmas\u0131n\u0131 sa\u011flayan kritik bir bile\u015fendir.\" \/>\n<meta property=\"og:url\" content=\"https:\/\/barrsell.com\/en\/product\/hygromatik-electrode-connectore-2206065\/\" \/>\n<meta property=\"og:site_name\" content=\"Barrsell\" \/>\n<meta property=\"article:modified_time\" content=\"2025-01-06T11:33:49+00:00\" \/>\n<meta property=\"og:image\" content=\"https:\/\/barrsell.com\/wp-content\/uploads\/2024\/08\/HygroMatik-Elektrot-Konnektoru-B-2206065.png\" \/>\n\t<meta property=\"og:image:width\" content=\"1200\" \/>\n\t<meta property=\"og:image:height\" content=\"1200\" \/>\n\t<meta property=\"og:image:type\" content=\"image\/png\" \/>\n<meta name=\"twitter:card\" content=\"summary_large_image\" \/>\n<meta name=\"twitter:label1\" content=\"Est. reading time\" \/>\n\t<meta name=\"twitter:data1\" content=\"2 minutes\" \/>\n<script type=\"application\/ld+json\" class=\"yoast-schema-graph\">{\"@context\":\"https:\/\/schema.org\",\"@graph\":[{\"@type\":\"WebPage\",\"@id\":\"https:\/\/barrsell.com\/urun\/hygromatik-elektrot-konnektoru-b-2206065\/\",\"url\":\"https:\/\/barrsell.com\/urun\/hygromatik-elektrot-konnektoru-b-2206065\/\",\"name\":\"HygroMatik Elektrot Konnekt\u00f6r\u00fc B-2206065 Barrsell End\u00fcstri\",\"isPartOf\":{\"@id\":\"https:\/\/barrsell.com\/#website\"},\"primaryImageOfPage\":{\"@id\":\"https:\/\/barrsell.com\/urun\/hygromatik-elektrot-konnektoru-b-2206065\/#primaryimage\"},\"image\":{\"@id\":\"https:\/\/barrsell.com\/urun\/hygromatik-elektrot-konnektoru-b-2206065\/#primaryimage\"},\"thumbnailUrl\":\"https:\/\/barrsell.com\/wp-content\/uploads\/2024\/08\/HygroMatik-Elektrot-Konnektoru-B-2206065.png\",\"datePublished\":\"2024-08-20T09:39:49+00:00\",\"dateModified\":\"2025-01-06T11:33:49+00:00\",\"description\":\"HygroMatik Elektrot Konnekt\u00f6r\u00fc B-2206065, buhar sistemlerinde elektrotlar\u0131n g\u00fcvenilir ve etkili bir \u015fekilde ba\u011flanmas\u0131n\u0131 sa\u011flayan kritik bir bile\u015fendir.\",\"breadcrumb\":{\"@id\":\"https:\/\/barrsell.com\/urun\/hygromatik-elektrot-konnektoru-b-2206065\/#breadcrumb\"},\"inLanguage\":\"en-US\",\"potentialAction\":[{\"@type\":\"ReadAction\",\"target\":[\"https:\/\/barrsell.com\/urun\/hygromatik-elektrot-konnektoru-b-2206065\/\"]}]},{\"@type\":\"ImageObject\",\"inLanguage\":\"en-US\",\"@id\":\"https:\/\/barrsell.com\/urun\/hygromatik-elektrot-konnektoru-b-2206065\/#primaryimage\",\"url\":\"https:\/\/barrsell.com\/wp-content\/uploads\/2024\/08\/HygroMatik-Elektrot-Konnektoru-B-2206065.png\",\"contentUrl\":\"https:\/\/barrsell.com\/wp-content\/uploads\/2024\/08\/HygroMatik-Elektrot-Konnektoru-B-2206065.png\",\"width\":1200,\"height\":1200,\"caption\":\"HygroMatik Elektrot Konnekt\u00f6r\u00fc B-2206065\"},{\"@type\":\"BreadcrumbList\",\"@id\":\"https:\/\/barrsell.com\/urun\/hygromatik-elektrot-konnektoru-b-2206065\/#breadcrumb\",\"itemListElement\":[{\"@type\":\"ListItem\",\"position\":1,\"name\":\"Home\",\"item\":\"https:\/\/barrsell.com\/\"},{\"@type\":\"ListItem\",\"position\":2,\"name\":\"\u00dcr\u00fcnler\",\"item\":\"https:\/\/barrsell.com\/en\/products\/\"},{\"@type\":\"ListItem\",\"position\":3,\"name\":\"HygroMatik Elektrot Konnekt\u00f6r\u00fc B-2206065\"}]},{\"@type\":\"WebSite\",\"@id\":\"https:\/\/barrsell.com\/#website\",\"url\":\"https:\/\/barrsell.com\/\",\"name\":\"Barrsell End\u00fcstri Makine\",\"description\":\"Teknolojiyle G\u00fc\u00e7lenen End\u00fcstriyel \u00c7\u00f6z\u00fcmler!\",\"potentialAction\":[{\"@type\":\"SearchAction\",\"target\":{\"@type\":\"EntryPoint\",\"urlTemplate\":\"https:\/\/barrsell.com\/?s={search_term_string}\"},\"query-input\":\"required name=search_term_string\"}],\"inLanguage\":\"en-US\"}]}<\/script>\n<!-- \/ Yoast SEO Premium plugin. -->","yoast_head_json":{"title":"HygroMatik Elektrot Konnekt\u00f6r\u00fc B-2206065 Barrsell End\u00fcstri","description":"HygroMatik Elektrot Konnekt\u00f6r\u00fc B-2206065, buhar sistemlerinde elektrotlar\u0131n g\u00fcvenilir ve etkili bir \u015fekilde ba\u011flanmas\u0131n\u0131 sa\u011flayan kritik bir bile\u015fendir.","robots":{"index":"index","follow":"follow","max-snippet":"max-snippet:-1","max-image-preview":"max-image-preview:large","max-video-preview":"max-video-preview:-1"},"canonical":"https:\/\/barrsell.com\/en\/product\/hygromatik-electrode-connectore-2206065\/","og_locale":"en_US","og_type":"article","og_title":"HygroMatik Elektrot Konnekt\u00f6r\u00fc B-2206065","og_description":"HygroMatik Elektrot Konnekt\u00f6r\u00fc B-2206065, buhar sistemlerinde elektrotlar\u0131n g\u00fcvenilir ve etkili bir \u015fekilde ba\u011flanmas\u0131n\u0131 sa\u011flayan kritik bir bile\u015fendir.","og_url":"https:\/\/barrsell.com\/en\/product\/hygromatik-electrode-connectore-2206065\/","og_site_name":"Barrsell","article_modified_time":"2025-01-06T11:33:49+00:00","og_image":[{"width":1200,"height":1200,"url":"https:\/\/barrsell.com\/wp-content\/uploads\/2024\/08\/HygroMatik-Elektrot-Konnektoru-B-2206065.png","type":"image\/png"}],"twitter_card":"summary_large_image","twitter_misc":{"Est. reading time":"2 minutes"},"schema":{"@context":"https:\/\/schema.org","@graph":[{"@type":"WebPage","@id":"https:\/\/barrsell.com\/urun\/hygromatik-elektrot-konnektoru-b-2206065\/","url":"https:\/\/barrsell.com\/urun\/hygromatik-elektrot-konnektoru-b-2206065\/","name":"HygroMatik Elektrot Konnekt\u00f6r\u00fc B-2206065 Barrsell End\u00fcstri","isPartOf":{"@id":"https:\/\/barrsell.com\/#website"},"primaryImageOfPage":{"@id":"https:\/\/barrsell.com\/urun\/hygromatik-elektrot-konnektoru-b-2206065\/#primaryimage"},"image":{"@id":"https:\/\/barrsell.com\/urun\/hygromatik-elektrot-konnektoru-b-2206065\/#primaryimage"},"thumbnailUrl":"https:\/\/barrsell.com\/wp-content\/uploads\/2024\/08\/HygroMatik-Elektrot-Konnektoru-B-2206065.png","datePublished":"2024-08-20T09:39:49+00:00","dateModified":"2025-01-06T11:33:49+00:00","description":"HygroMatik Elektrot Konnekt\u00f6r\u00fc B-2206065, buhar sistemlerinde elektrotlar\u0131n g\u00fcvenilir ve etkili bir \u015fekilde ba\u011flanmas\u0131n\u0131 sa\u011flayan kritik bir bile\u015fendir.","breadcrumb":{"@id":"https:\/\/barrsell.com\/urun\/hygromatik-elektrot-konnektoru-b-2206065\/#breadcrumb"},"inLanguage":"en-US","potentialAction":[{"@type":"ReadAction","target":["https:\/\/barrsell.com\/urun\/hygromatik-elektrot-konnektoru-b-2206065\/"]}]},{"@type":"ImageObject","inLanguage":"en-US","@id":"https:\/\/barrsell.com\/urun\/hygromatik-elektrot-konnektoru-b-2206065\/#primaryimage","url":"https:\/\/barrsell.com\/wp-content\/uploads\/2024\/08\/HygroMatik-Elektrot-Konnektoru-B-2206065.png","contentUrl":"https:\/\/barrsell.com\/wp-content\/uploads\/2024\/08\/HygroMatik-Elektrot-Konnektoru-B-2206065.png","width":1200,"height":1200,"caption":"HygroMatik Elektrot Konnekt\u00f6r\u00fc B-2206065"},{"@type":"BreadcrumbList","@id":"https:\/\/barrsell.com\/urun\/hygromatik-elektrot-konnektoru-b-2206065\/#breadcrumb","itemListElement":[{"@type":"ListItem","position":1,"name":"Home","item":"https:\/\/barrsell.com\/"},{"@type":"ListItem","position":2,"name":"\u00dcr\u00fcnler","item":"https:\/\/barrsell.com\/en\/products\/"},{"@type":"ListItem","position":3,"name":"HygroMatik Elektrot Konnekt\u00f6r\u00fc B-2206065"}]},{"@type":"WebSite","@id":"https:\/\/barrsell.com\/#website","url":"https:\/\/barrsell.com\/","name":"Barrsell End\u00fcstri Makine","description":"Teknolojiyle G\u00fc\u00e7lenen End\u00fcstriyel \u00c7\u00f6z\u00fcmler!","potentialAction":[{"@type":"SearchAction","target":{"@type":"EntryPoint","urlTemplate":"https:\/\/barrsell.com\/?s={search_term_string}"},"query-input":"required name=search_term_string"}],"inLanguage":"en-US"}]}},"_links":{"self":[{"href":"https:\/\/barrsell.com\/en\/wp-json\/wp\/v2\/product\/12494","targetHints":{"allow":["GET"]}}],"collection":[{"href":"https:\/\/barrsell.com\/en\/wp-json\/wp\/v2\/product"}],"about":[{"href":"https:\/\/barrsell.com\/en\/wp-json\/wp\/v2\/types\/product"}],"version-history":[{"count":5,"href":"https:\/\/barrsell.com\/en\/wp-json\/wp\/v2\/product\/12494\/revisions"}],"predecessor-version":[{"id":19876,"href":"https:\/\/barrsell.com\/en\/wp-json\/wp\/v2\/product\/12494\/revisions\/19876"}],"wp:featuredmedia":[{"embeddable":true,"href":"https:\/\/barrsell.com\/en\/wp-json\/wp\/v2\/media\/12495"}],"wp:attachment":[{"href":"https:\/\/barrsell.com\/en\/wp-json\/wp\/v2\/media?parent=12494"}],"wp:term":[{"taxonomy":"product_cat","embeddable":true,"href":"https:\/\/barrsell.com\/en\/wp-json\/wp\/v2\/product_cat?post=12494"},{"taxonomy":"product_tag","embeddable":true,"href":"https:\/\/barrsell.com\/en\/wp-json\/wp\/v2\/product_tag?post=12494"}],"curies":[{"name":"wp","href":"https:\/\/api.w.org\/{rel}","templated":true}]}}