{"id":12492,"date":"2024-08-20T09:35:01","date_gmt":"2024-08-20T09:35:01","guid":{"rendered":"https:\/\/barrsell.com\/?post_type=product&#038;p=12492"},"modified":"2025-01-06T11:43:00","modified_gmt":"2025-01-06T11:43:00","slug":"hygromatik-superflush-nozul-b-2304089","status":"publish","type":"product","link":"https:\/\/barrsell.com\/en\/product\/hygromatik-superflush-nozul-b-2304089\/","title":{"rendered":"HigroMatik Superflush Nozul B-2304089"},"content":{"rendered":"<div class=\"flex max-w-full flex-col flex-grow\">\n<div class=\"min-h-[20px] text-message flex w-full flex-col items-end gap-2 whitespace-pre-wrap break-words [.text-message+&amp;]:mt-5 overflow-x-auto\" dir=\"auto\" data-message-author-role=\"assistant\" data-message-id=\"c389ac97-4b57-48cb-9cbb-d886c28efa4b\">\n<div class=\"flex w-full flex-col gap-1 empty:hidden first:pt-[3px]\">\n<div class=\"markdown prose w-full break-words dark:prose-invert light\">\n<h2><strong>HygroMatik Superflush Nozzle B-2304089: Advanced Cleaning Solution For Steam Systems<\/strong><\/h2>\n<p>HygroMatic Superflush Nozzle B-2304089 is a spare part specially designed for steam generators. This nozzle optimizes water treatment and cleaning processes. And, of course, it supports the long-lasting and efficient operation of the device. At the same time, thanks to its high-quality material and functionality, HygroMatikin is among the products with superior technology.<\/p>\n<table style=\"height: 84px;\" width=\"297\">\n<tbody>\n<tr>\n<td width=\"131\"><strong>CompactLine elektrot<\/strong><\/td>\n<\/tr>\n<tr>\n<td>C01 C06<\/td>\n<\/tr>\n<\/tbody>\n<\/table>\n<h4><strong>Technical Specifications and Performance<\/strong><\/h4>\n<ul>\n<li><strong>High Pressure Cleaning:<\/strong> B-2304089 effectively removes lime and mineral deposits on the inner surfaces of steam systems by providing high-pressure water flow. This feature allows systems to run longer.<\/li>\n<li><strong>Advanced Distribution Technology:<\/strong> Nozzle has an advanced distribution technology that allows the water to be uniformly distributed over a large surface. Also, this ensures that cleaning operations are carried out equally at every point.<\/li>\n<li><strong>Durable and Long Lasting Material:<\/strong> The Superflush Nozzle B-2304089 is made of high temperature, wear and additionally corrosion resistant materials. This makes the nozzle reliable and long-lasting without a doubt, even in harsh conditions.<\/li>\n<li><strong>Compact and Ergonomic Design:<\/strong> The compact structure of the nozzle allows it to be used effectively even in tight spaces. In addition, its ergonomic design makes it easy to install and use.<\/li>\n<li><strong>Easy Integration:<\/strong> The B-2304089 is designed to be compatible with various steam generators and humidifier systems. It can be integrated quickly and smoothly with standard fittings.<\/li>\n<\/ul>\n<h4><strong>Energy and water efficiency<\/strong><\/h4>\n<p>Superflush Nozzle B-2304089 provides high efficiency by optimizing water and energy consumption. Advanced cleaning technology offers maximum cleaning performance with minimal water consumption. Thus, it reduces operating costs and consequently reduces environmental impacts.<\/p>\n<h4><strong>Compliance with Industrial Standards<\/strong><\/h4>\n<p>The B-2304089 is manufactured in accordance with international industrial standards. This guarantees the reliability and high performance of the product. In addition, it has gone through strict quality control processes, which ensure the high durability and reliability of the product.<\/p>\n<\/div>\n<\/div>\n<\/div>\n<\/div>","protected":false},"excerpt":{"rendered":"<p>In order for the spare parts to be fully compatible with the device, in order to avoid confusion during the ordering phase, we recommend that you share the product label photo with us.<\/p>","protected":false},"featured_media":12489,"template":"","meta":[],"product_cat":[130],"product_tag":[],"class_list":{"0":"post-12492","1":"product","2":"type-product","3":"status-publish","4":"has-post-thumbnail","6":"product_cat-hygromatik-yedek-parcalari","8":"first","9":"instock","10":"shipping-taxable","11":"product-type-simple"},"yoast_head":"<!-- This site is optimized with the Yoast SEO Premium plugin v23.2 (Yoast SEO v23.2) - https:\/\/yoast.com\/wordpress\/plugins\/seo\/ -->\n<title>HygroMatik Superflush Nozul B-2304089 Barrsell End\u00fcstri<\/title>\n<meta name=\"description\" content=\"HygroMatik Superflush Nozul B-2304089, buhar sistemlerinin etkin temizli\u011fi i\u00e7in tasarlanm\u0131\u015f y\u00fcksek performansl\u0131 bir bile\u015fendir.\" \/>\n<meta name=\"robots\" content=\"index, follow, max-snippet:-1, max-image-preview:large, max-video-preview:-1\" \/>\n<link rel=\"canonical\" href=\"https:\/\/barrsell.com\/en\/product\/hygromatik-superflush-nozul-b-2304089\/\" \/>\n<meta property=\"og:locale\" content=\"en_US\" \/>\n<meta property=\"og:type\" content=\"article\" \/>\n<meta property=\"og:title\" content=\"HygroMatik Superflush Nozul B-2304089\" \/>\n<meta property=\"og:description\" content=\"HygroMatik Superflush Nozul B-2304089, buhar sistemlerinin etkin temizli\u011fi i\u00e7in tasarlanm\u0131\u015f y\u00fcksek performansl\u0131 bir bile\u015fendir.\" \/>\n<meta property=\"og:url\" content=\"https:\/\/barrsell.com\/en\/product\/hygromatik-superflush-nozul-b-2304089\/\" \/>\n<meta property=\"og:site_name\" content=\"Barrsell\" \/>\n<meta property=\"article:modified_time\" content=\"2025-01-06T11:43:00+00:00\" \/>\n<meta property=\"og:image\" content=\"https:\/\/barrsell.com\/wp-content\/uploads\/2024\/08\/HygroMatik-Superflush-Nozul-B-2304067-barrsellu.png\" \/>\n\t<meta property=\"og:image:width\" content=\"1200\" \/>\n\t<meta property=\"og:image:height\" content=\"1200\" \/>\n\t<meta property=\"og:image:type\" content=\"image\/png\" \/>\n<meta name=\"twitter:card\" content=\"summary_large_image\" \/>\n<meta name=\"twitter:label1\" content=\"Est. reading time\" \/>\n\t<meta name=\"twitter:data1\" content=\"2 minutes\" \/>\n<script type=\"application\/ld+json\" class=\"yoast-schema-graph\">{\"@context\":\"https:\/\/schema.org\",\"@graph\":[{\"@type\":\"WebPage\",\"@id\":\"https:\/\/barrsell.com\/urun\/hygromatik-superflush-nozul-b-2304089\/\",\"url\":\"https:\/\/barrsell.com\/urun\/hygromatik-superflush-nozul-b-2304089\/\",\"name\":\"HygroMatik Superflush Nozul B-2304089 Barrsell End\u00fcstri\",\"isPartOf\":{\"@id\":\"https:\/\/barrsell.com\/#website\"},\"primaryImageOfPage\":{\"@id\":\"https:\/\/barrsell.com\/urun\/hygromatik-superflush-nozul-b-2304089\/#primaryimage\"},\"image\":{\"@id\":\"https:\/\/barrsell.com\/urun\/hygromatik-superflush-nozul-b-2304089\/#primaryimage\"},\"thumbnailUrl\":\"https:\/\/barrsell.com\/wp-content\/uploads\/2024\/08\/HygroMatik-Superflush-Nozul-B-2304067-barrsellu.png\",\"datePublished\":\"2024-08-20T09:35:01+00:00\",\"dateModified\":\"2025-01-06T11:43:00+00:00\",\"description\":\"HygroMatik Superflush Nozul B-2304089, buhar sistemlerinin etkin temizli\u011fi i\u00e7in tasarlanm\u0131\u015f y\u00fcksek performansl\u0131 bir bile\u015fendir.\",\"breadcrumb\":{\"@id\":\"https:\/\/barrsell.com\/urun\/hygromatik-superflush-nozul-b-2304089\/#breadcrumb\"},\"inLanguage\":\"en-US\",\"potentialAction\":[{\"@type\":\"ReadAction\",\"target\":[\"https:\/\/barrsell.com\/urun\/hygromatik-superflush-nozul-b-2304089\/\"]}]},{\"@type\":\"ImageObject\",\"inLanguage\":\"en-US\",\"@id\":\"https:\/\/barrsell.com\/urun\/hygromatik-superflush-nozul-b-2304089\/#primaryimage\",\"url\":\"https:\/\/barrsell.com\/wp-content\/uploads\/2024\/08\/HygroMatik-Superflush-Nozul-B-2304067-barrsellu.png\",\"contentUrl\":\"https:\/\/barrsell.com\/wp-content\/uploads\/2024\/08\/HygroMatik-Superflush-Nozul-B-2304067-barrsellu.png\",\"width\":1200,\"height\":1200,\"caption\":\"HygroMatik Superflush Nozul B-2304067-barrsell\u00fc\"},{\"@type\":\"BreadcrumbList\",\"@id\":\"https:\/\/barrsell.com\/urun\/hygromatik-superflush-nozul-b-2304089\/#breadcrumb\",\"itemListElement\":[{\"@type\":\"ListItem\",\"position\":1,\"name\":\"Home\",\"item\":\"https:\/\/barrsell.com\/\"},{\"@type\":\"ListItem\",\"position\":2,\"name\":\"\u00dcr\u00fcnler\",\"item\":\"https:\/\/barrsell.com\/en\/products\/\"},{\"@type\":\"ListItem\",\"position\":3,\"name\":\"HygroMatik Superflush Nozul B-2304089\"}]},{\"@type\":\"WebSite\",\"@id\":\"https:\/\/barrsell.com\/#website\",\"url\":\"https:\/\/barrsell.com\/\",\"name\":\"Barrsell End\u00fcstri Makine\",\"description\":\"Teknolojiyle G\u00fc\u00e7lenen End\u00fcstriyel \u00c7\u00f6z\u00fcmler!\",\"potentialAction\":[{\"@type\":\"SearchAction\",\"target\":{\"@type\":\"EntryPoint\",\"urlTemplate\":\"https:\/\/barrsell.com\/?s={search_term_string}\"},\"query-input\":\"required name=search_term_string\"}],\"inLanguage\":\"en-US\"}]}<\/script>\n<!-- \/ Yoast SEO Premium plugin. -->","yoast_head_json":{"title":"HygroMatik Superflush Nozul B-2304089 Barrsell End\u00fcstri","description":"HygroMatik Superflush Nozul B-2304089, buhar sistemlerinin etkin temizli\u011fi i\u00e7in tasarlanm\u0131\u015f y\u00fcksek performansl\u0131 bir bile\u015fendir.","robots":{"index":"index","follow":"follow","max-snippet":"max-snippet:-1","max-image-preview":"max-image-preview:large","max-video-preview":"max-video-preview:-1"},"canonical":"https:\/\/barrsell.com\/en\/product\/hygromatik-superflush-nozul-b-2304089\/","og_locale":"en_US","og_type":"article","og_title":"HygroMatik Superflush Nozul B-2304089","og_description":"HygroMatik Superflush Nozul B-2304089, buhar sistemlerinin etkin temizli\u011fi i\u00e7in tasarlanm\u0131\u015f y\u00fcksek performansl\u0131 bir bile\u015fendir.","og_url":"https:\/\/barrsell.com\/en\/product\/hygromatik-superflush-nozul-b-2304089\/","og_site_name":"Barrsell","article_modified_time":"2025-01-06T11:43:00+00:00","og_image":[{"width":1200,"height":1200,"url":"https:\/\/barrsell.com\/wp-content\/uploads\/2024\/08\/HygroMatik-Superflush-Nozul-B-2304067-barrsellu.png","type":"image\/png"}],"twitter_card":"summary_large_image","twitter_misc":{"Est. reading time":"2 minutes"},"schema":{"@context":"https:\/\/schema.org","@graph":[{"@type":"WebPage","@id":"https:\/\/barrsell.com\/urun\/hygromatik-superflush-nozul-b-2304089\/","url":"https:\/\/barrsell.com\/urun\/hygromatik-superflush-nozul-b-2304089\/","name":"HygroMatik Superflush Nozul B-2304089 Barrsell End\u00fcstri","isPartOf":{"@id":"https:\/\/barrsell.com\/#website"},"primaryImageOfPage":{"@id":"https:\/\/barrsell.com\/urun\/hygromatik-superflush-nozul-b-2304089\/#primaryimage"},"image":{"@id":"https:\/\/barrsell.com\/urun\/hygromatik-superflush-nozul-b-2304089\/#primaryimage"},"thumbnailUrl":"https:\/\/barrsell.com\/wp-content\/uploads\/2024\/08\/HygroMatik-Superflush-Nozul-B-2304067-barrsellu.png","datePublished":"2024-08-20T09:35:01+00:00","dateModified":"2025-01-06T11:43:00+00:00","description":"HygroMatik Superflush Nozul B-2304089, buhar sistemlerinin etkin temizli\u011fi i\u00e7in tasarlanm\u0131\u015f y\u00fcksek performansl\u0131 bir bile\u015fendir.","breadcrumb":{"@id":"https:\/\/barrsell.com\/urun\/hygromatik-superflush-nozul-b-2304089\/#breadcrumb"},"inLanguage":"en-US","potentialAction":[{"@type":"ReadAction","target":["https:\/\/barrsell.com\/urun\/hygromatik-superflush-nozul-b-2304089\/"]}]},{"@type":"ImageObject","inLanguage":"en-US","@id":"https:\/\/barrsell.com\/urun\/hygromatik-superflush-nozul-b-2304089\/#primaryimage","url":"https:\/\/barrsell.com\/wp-content\/uploads\/2024\/08\/HygroMatik-Superflush-Nozul-B-2304067-barrsellu.png","contentUrl":"https:\/\/barrsell.com\/wp-content\/uploads\/2024\/08\/HygroMatik-Superflush-Nozul-B-2304067-barrsellu.png","width":1200,"height":1200,"caption":"HygroMatik Superflush Nozul B-2304067-barrsell\u00fc"},{"@type":"BreadcrumbList","@id":"https:\/\/barrsell.com\/urun\/hygromatik-superflush-nozul-b-2304089\/#breadcrumb","itemListElement":[{"@type":"ListItem","position":1,"name":"Home","item":"https:\/\/barrsell.com\/"},{"@type":"ListItem","position":2,"name":"\u00dcr\u00fcnler","item":"https:\/\/barrsell.com\/en\/products\/"},{"@type":"ListItem","position":3,"name":"HygroMatik Superflush Nozul B-2304089"}]},{"@type":"WebSite","@id":"https:\/\/barrsell.com\/#website","url":"https:\/\/barrsell.com\/","name":"Barrsell End\u00fcstri Makine","description":"Teknolojiyle G\u00fc\u00e7lenen End\u00fcstriyel \u00c7\u00f6z\u00fcmler!","potentialAction":[{"@type":"SearchAction","target":{"@type":"EntryPoint","urlTemplate":"https:\/\/barrsell.com\/?s={search_term_string}"},"query-input":"required name=search_term_string"}],"inLanguage":"en-US"}]}},"_links":{"self":[{"href":"https:\/\/barrsell.com\/en\/wp-json\/wp\/v2\/product\/12492","targetHints":{"allow":["GET"]}}],"collection":[{"href":"https:\/\/barrsell.com\/en\/wp-json\/wp\/v2\/product"}],"about":[{"href":"https:\/\/barrsell.com\/en\/wp-json\/wp\/v2\/types\/product"}],"version-history":[{"count":4,"href":"https:\/\/barrsell.com\/en\/wp-json\/wp\/v2\/product\/12492\/revisions"}],"predecessor-version":[{"id":19877,"href":"https:\/\/barrsell.com\/en\/wp-json\/wp\/v2\/product\/12492\/revisions\/19877"}],"wp:featuredmedia":[{"embeddable":true,"href":"https:\/\/barrsell.com\/en\/wp-json\/wp\/v2\/media\/12489"}],"wp:attachment":[{"href":"https:\/\/barrsell.com\/en\/wp-json\/wp\/v2\/media?parent=12492"}],"wp:term":[{"taxonomy":"product_cat","embeddable":true,"href":"https:\/\/barrsell.com\/en\/wp-json\/wp\/v2\/product_cat?post=12492"},{"taxonomy":"product_tag","embeddable":true,"href":"https:\/\/barrsell.com\/en\/wp-json\/wp\/v2\/product_tag?post=12492"}],"curies":[{"name":"wp","href":"https:\/\/api.w.org\/{rel}","templated":true}]}}