{"id":12486,"date":"2024-08-20T09:24:33","date_gmt":"2024-08-20T09:24:33","guid":{"rendered":"https:\/\/barrsell.com\/?post_type=product&#038;p=12486"},"modified":"2025-01-06T11:56:17","modified_gmt":"2025-01-06T11:56:17","slug":"hygromatik-superflush-nozul-b-2304067","status":"publish","type":"product","link":"https:\/\/barrsell.com\/en\/product\/hygromatik-superflush-nozul-b-2304067\/","title":{"rendered":"HigroMatik Superflush Nozul B-2304067"},"content":{"rendered":"<div class=\"flex max-w-full flex-col flex-grow\">\n<div class=\"min-h-[20px] text-message flex w-full flex-col items-end gap-2 whitespace-pre-wrap break-words [.text-message+&amp;]:mt-5 overflow-x-auto\" dir=\"auto\" data-message-author-role=\"assistant\" data-message-id=\"92580cef-0222-4785-adca-974ca325b779\">\n<div class=\"flex w-full flex-col gap-1 empty:hidden first:pt-[3px]\">\n<div class=\"markdown prose w-full break-words dark:prose-invert light\">\n<div class=\"flex max-w-full flex-col flex-grow\">\n<div class=\"min-h-[20px] text-message flex w-full flex-col items-end gap-2 whitespace-pre-wrap break-words [.text-message+&amp;]:mt-5 overflow-x-auto\" dir=\"auto\" data-message-author-role=\"assistant\" data-message-id=\"17818eed-5b20-40f7-993f-f86d5d66eec9\">\n<div class=\"flex w-full flex-col gap-1 empty:hidden first:pt-[3px]\">\n<div class=\"markdown prose w-full break-words dark:prose-invert light\">\n<h2><strong>HigroMatik Superflush Nozul B-2304067<\/strong><\/h2>\n<div class=\"flex max-w-full flex-col flex-grow\">\n<div class=\"min-h-8 text-message flex w-full flex-col items-end gap-2 whitespace-normal break-words text-start [.text-message+&amp;]:mt-5\" dir=\"auto\" data-message-author-role=\"assistant\" data-message-id=\"f443f7e6-3c03-4c31-b90b-973aedbe4eb3\" data-message-model-slug=\"gpt-4o-mini\">\n<div class=\"flex w-full flex-col gap-1 empty:hidden first:pt-[3px]\">\n<div class=\"markdown prose w-full break-words dark:prose-invert light\">\n<p>The HygroMatic Superflush Nozzle B-2304067 is a spare part specially produced for high performance steam generators. This sleeve facilitates maintenance processes and improves energy efficiency, especially when supporting the long-lasting operation of the device.<\/p>\n<\/div>\n<\/div>\n<\/div>\n<\/div>\n<h4><strong>Technical Specifications and Performance<\/strong><\/h4>\n<ul>\n<li><strong>Cleaning Technology:<\/strong> HygroMatik B-2304067 allows the removal of lime, mineral deposits and other contaminants on the internal surfaces of systems. At the same time, the nozzle removes these deposits with high pressure water flow. Optimizes the performance of the system.<\/li>\n<li><strong>High Pressure Resistance:<\/strong> Nozzle can safely process high pressure water flow. This feature allows cleaning operations to be carried out effectively. Thus, the deposits in the system effectively go away.<\/li>\n<li><strong>Durable Material:<\/strong> The B-2304067 is made of materials resistant to abrasion, corrosion and high temperatures. This feature makes the nozzle reliable and long-lasting, even in harsh working conditions.<\/li>\n<li><strong>Fast and Effective Cleaning:<\/strong> Nozzle offers a large cleaning surface, allowing systems to be cleaned quickly and thoroughly. This shortens maintenance times and reduces operating costs.<\/li>\n<li><strong>Easy Assembly and Use:<\/strong> HygroMatic Superflush Nozzle is designed to be compatible with standard fittings. So you can make assembly easy and quickly integrate it into existing systems. As a result, it is user-friendly with its simple to use interface.<\/li>\n<\/ul>\n<h4><strong>Energy and water efficiency<\/strong><\/h4>\n<p>The HygroMatic B-2304067 optimizes cleaning processes to save energy and water. In addition, thanks to its high-efficiency cleaning feature, it minimizes unnecessary water consumption and energy expenditure, which reduces operating costs and minimizes environmental impacts.<\/p>\n<\/div>\n<\/div>\n<\/div>\n<\/div>\n<\/div>\n<\/div>\n<\/div>\n<\/div>","protected":false},"excerpt":{"rendered":"<p>In order for the spare parts to be fully compatible with the device, in order to avoid confusion during the ordering phase, we recommend that you share the product label photo with us.<\/p>","protected":false},"featured_media":12489,"template":"","meta":[],"product_cat":[130],"product_tag":[],"class_list":{"0":"post-12486","1":"product","2":"type-product","3":"status-publish","4":"has-post-thumbnail","6":"product_cat-hygromatik-yedek-parcalari","8":"first","9":"instock","10":"shipping-taxable","11":"product-type-simple"},"yoast_head":"<!-- This site is optimized with the Yoast SEO Premium plugin v23.2 (Yoast SEO v23.2) - https:\/\/yoast.com\/wordpress\/plugins\/seo\/ -->\n<title>HygroMatik Superflush Nozul B-2304067 Barrsell End\u00fcstri<\/title>\n<meta name=\"description\" content=\"HygroMatik Superflush Nozul B-2304067, buhar sistemlerinin etkin temizli\u011fi ve bak\u0131m\u0131nda kritik bir rol oynayan geli\u015fmi\u015f bir bile\u015fendir.\" \/>\n<meta name=\"robots\" content=\"index, follow, max-snippet:-1, max-image-preview:large, max-video-preview:-1\" \/>\n<link rel=\"canonical\" href=\"https:\/\/barrsell.com\/en\/product\/hygromatik-superflush-nozul-b-2304067\/\" \/>\n<meta property=\"og:locale\" content=\"en_US\" \/>\n<meta property=\"og:type\" content=\"article\" \/>\n<meta property=\"og:title\" content=\"HygroMatik Superflush Nozul B-2304067\" \/>\n<meta property=\"og:description\" content=\"HygroMatik Superflush Nozul B-2304067, buhar sistemlerinin etkin temizli\u011fi ve bak\u0131m\u0131nda kritik bir rol oynayan geli\u015fmi\u015f bir bile\u015fendir.\" \/>\n<meta property=\"og:url\" content=\"https:\/\/barrsell.com\/en\/product\/hygromatik-superflush-nozul-b-2304067\/\" \/>\n<meta property=\"og:site_name\" content=\"Barrsell\" \/>\n<meta property=\"article:modified_time\" content=\"2025-01-06T11:56:17+00:00\" \/>\n<meta property=\"og:image\" content=\"https:\/\/barrsell.com\/wp-content\/uploads\/2024\/08\/HygroMatik-Superflush-Nozul-B-2304067-barrsellu.png\" \/>\n\t<meta property=\"og:image:width\" content=\"1200\" \/>\n\t<meta property=\"og:image:height\" content=\"1200\" \/>\n\t<meta property=\"og:image:type\" content=\"image\/png\" \/>\n<meta name=\"twitter:card\" content=\"summary_large_image\" \/>\n<meta name=\"twitter:label1\" content=\"Est. reading time\" \/>\n\t<meta name=\"twitter:data1\" content=\"2 minutes\" \/>\n<script type=\"application\/ld+json\" class=\"yoast-schema-graph\">{\"@context\":\"https:\/\/schema.org\",\"@graph\":[{\"@type\":\"WebPage\",\"@id\":\"https:\/\/barrsell.com\/urun\/hygromatik-superflush-nozul-b-2304067\/\",\"url\":\"https:\/\/barrsell.com\/urun\/hygromatik-superflush-nozul-b-2304067\/\",\"name\":\"HygroMatik Superflush Nozul B-2304067 Barrsell End\u00fcstri\",\"isPartOf\":{\"@id\":\"https:\/\/barrsell.com\/#website\"},\"primaryImageOfPage\":{\"@id\":\"https:\/\/barrsell.com\/urun\/hygromatik-superflush-nozul-b-2304067\/#primaryimage\"},\"image\":{\"@id\":\"https:\/\/barrsell.com\/urun\/hygromatik-superflush-nozul-b-2304067\/#primaryimage\"},\"thumbnailUrl\":\"https:\/\/barrsell.com\/wp-content\/uploads\/2024\/08\/HygroMatik-Superflush-Nozul-B-2304067-barrsellu.png\",\"datePublished\":\"2024-08-20T09:24:33+00:00\",\"dateModified\":\"2025-01-06T11:56:17+00:00\",\"description\":\"HygroMatik Superflush Nozul B-2304067, buhar sistemlerinin etkin temizli\u011fi ve bak\u0131m\u0131nda kritik bir rol oynayan geli\u015fmi\u015f bir bile\u015fendir.\",\"breadcrumb\":{\"@id\":\"https:\/\/barrsell.com\/urun\/hygromatik-superflush-nozul-b-2304067\/#breadcrumb\"},\"inLanguage\":\"en-US\",\"potentialAction\":[{\"@type\":\"ReadAction\",\"target\":[\"https:\/\/barrsell.com\/urun\/hygromatik-superflush-nozul-b-2304067\/\"]}]},{\"@type\":\"ImageObject\",\"inLanguage\":\"en-US\",\"@id\":\"https:\/\/barrsell.com\/urun\/hygromatik-superflush-nozul-b-2304067\/#primaryimage\",\"url\":\"https:\/\/barrsell.com\/wp-content\/uploads\/2024\/08\/HygroMatik-Superflush-Nozul-B-2304067-barrsellu.png\",\"contentUrl\":\"https:\/\/barrsell.com\/wp-content\/uploads\/2024\/08\/HygroMatik-Superflush-Nozul-B-2304067-barrsellu.png\",\"width\":1200,\"height\":1200,\"caption\":\"HygroMatik Superflush Nozul B-2304067-barrsell\u00fc\"},{\"@type\":\"BreadcrumbList\",\"@id\":\"https:\/\/barrsell.com\/urun\/hygromatik-superflush-nozul-b-2304067\/#breadcrumb\",\"itemListElement\":[{\"@type\":\"ListItem\",\"position\":1,\"name\":\"Home\",\"item\":\"https:\/\/barrsell.com\/\"},{\"@type\":\"ListItem\",\"position\":2,\"name\":\"\u00dcr\u00fcnler\",\"item\":\"https:\/\/barrsell.com\/en\/products\/\"},{\"@type\":\"ListItem\",\"position\":3,\"name\":\"HygroMatik Superflush Nozul B-2304067\"}]},{\"@type\":\"WebSite\",\"@id\":\"https:\/\/barrsell.com\/#website\",\"url\":\"https:\/\/barrsell.com\/\",\"name\":\"Barrsell End\u00fcstri Makine\",\"description\":\"Teknolojiyle G\u00fc\u00e7lenen End\u00fcstriyel \u00c7\u00f6z\u00fcmler!\",\"potentialAction\":[{\"@type\":\"SearchAction\",\"target\":{\"@type\":\"EntryPoint\",\"urlTemplate\":\"https:\/\/barrsell.com\/?s={search_term_string}\"},\"query-input\":\"required name=search_term_string\"}],\"inLanguage\":\"en-US\"}]}<\/script>\n<!-- \/ Yoast SEO Premium plugin. -->","yoast_head_json":{"title":"HygroMatik Superflush Nozul B-2304067 Barrsell End\u00fcstri","description":"HygroMatik Superflush Nozul B-2304067, buhar sistemlerinin etkin temizli\u011fi ve bak\u0131m\u0131nda kritik bir rol oynayan geli\u015fmi\u015f bir bile\u015fendir.","robots":{"index":"index","follow":"follow","max-snippet":"max-snippet:-1","max-image-preview":"max-image-preview:large","max-video-preview":"max-video-preview:-1"},"canonical":"https:\/\/barrsell.com\/en\/product\/hygromatik-superflush-nozul-b-2304067\/","og_locale":"en_US","og_type":"article","og_title":"HygroMatik Superflush Nozul B-2304067","og_description":"HygroMatik Superflush Nozul B-2304067, buhar sistemlerinin etkin temizli\u011fi ve bak\u0131m\u0131nda kritik bir rol oynayan geli\u015fmi\u015f bir bile\u015fendir.","og_url":"https:\/\/barrsell.com\/en\/product\/hygromatik-superflush-nozul-b-2304067\/","og_site_name":"Barrsell","article_modified_time":"2025-01-06T11:56:17+00:00","og_image":[{"width":1200,"height":1200,"url":"https:\/\/barrsell.com\/wp-content\/uploads\/2024\/08\/HygroMatik-Superflush-Nozul-B-2304067-barrsellu.png","type":"image\/png"}],"twitter_card":"summary_large_image","twitter_misc":{"Est. reading time":"2 minutes"},"schema":{"@context":"https:\/\/schema.org","@graph":[{"@type":"WebPage","@id":"https:\/\/barrsell.com\/urun\/hygromatik-superflush-nozul-b-2304067\/","url":"https:\/\/barrsell.com\/urun\/hygromatik-superflush-nozul-b-2304067\/","name":"HygroMatik Superflush Nozul B-2304067 Barrsell End\u00fcstri","isPartOf":{"@id":"https:\/\/barrsell.com\/#website"},"primaryImageOfPage":{"@id":"https:\/\/barrsell.com\/urun\/hygromatik-superflush-nozul-b-2304067\/#primaryimage"},"image":{"@id":"https:\/\/barrsell.com\/urun\/hygromatik-superflush-nozul-b-2304067\/#primaryimage"},"thumbnailUrl":"https:\/\/barrsell.com\/wp-content\/uploads\/2024\/08\/HygroMatik-Superflush-Nozul-B-2304067-barrsellu.png","datePublished":"2024-08-20T09:24:33+00:00","dateModified":"2025-01-06T11:56:17+00:00","description":"HygroMatik Superflush Nozul B-2304067, buhar sistemlerinin etkin temizli\u011fi ve bak\u0131m\u0131nda kritik bir rol oynayan geli\u015fmi\u015f bir bile\u015fendir.","breadcrumb":{"@id":"https:\/\/barrsell.com\/urun\/hygromatik-superflush-nozul-b-2304067\/#breadcrumb"},"inLanguage":"en-US","potentialAction":[{"@type":"ReadAction","target":["https:\/\/barrsell.com\/urun\/hygromatik-superflush-nozul-b-2304067\/"]}]},{"@type":"ImageObject","inLanguage":"en-US","@id":"https:\/\/barrsell.com\/urun\/hygromatik-superflush-nozul-b-2304067\/#primaryimage","url":"https:\/\/barrsell.com\/wp-content\/uploads\/2024\/08\/HygroMatik-Superflush-Nozul-B-2304067-barrsellu.png","contentUrl":"https:\/\/barrsell.com\/wp-content\/uploads\/2024\/08\/HygroMatik-Superflush-Nozul-B-2304067-barrsellu.png","width":1200,"height":1200,"caption":"HygroMatik Superflush Nozul B-2304067-barrsell\u00fc"},{"@type":"BreadcrumbList","@id":"https:\/\/barrsell.com\/urun\/hygromatik-superflush-nozul-b-2304067\/#breadcrumb","itemListElement":[{"@type":"ListItem","position":1,"name":"Home","item":"https:\/\/barrsell.com\/"},{"@type":"ListItem","position":2,"name":"\u00dcr\u00fcnler","item":"https:\/\/barrsell.com\/en\/products\/"},{"@type":"ListItem","position":3,"name":"HygroMatik Superflush Nozul B-2304067"}]},{"@type":"WebSite","@id":"https:\/\/barrsell.com\/#website","url":"https:\/\/barrsell.com\/","name":"Barrsell End\u00fcstri Makine","description":"Teknolojiyle G\u00fc\u00e7lenen End\u00fcstriyel \u00c7\u00f6z\u00fcmler!","potentialAction":[{"@type":"SearchAction","target":{"@type":"EntryPoint","urlTemplate":"https:\/\/barrsell.com\/?s={search_term_string}"},"query-input":"required name=search_term_string"}],"inLanguage":"en-US"}]}},"_links":{"self":[{"href":"https:\/\/barrsell.com\/en\/wp-json\/wp\/v2\/product\/12486","targetHints":{"allow":["GET"]}}],"collection":[{"href":"https:\/\/barrsell.com\/en\/wp-json\/wp\/v2\/product"}],"about":[{"href":"https:\/\/barrsell.com\/en\/wp-json\/wp\/v2\/types\/product"}],"version-history":[{"count":5,"href":"https:\/\/barrsell.com\/en\/wp-json\/wp\/v2\/product\/12486\/revisions"}],"predecessor-version":[{"id":19878,"href":"https:\/\/barrsell.com\/en\/wp-json\/wp\/v2\/product\/12486\/revisions\/19878"}],"wp:featuredmedia":[{"embeddable":true,"href":"https:\/\/barrsell.com\/en\/wp-json\/wp\/v2\/media\/12489"}],"wp:attachment":[{"href":"https:\/\/barrsell.com\/en\/wp-json\/wp\/v2\/media?parent=12486"}],"wp:term":[{"taxonomy":"product_cat","embeddable":true,"href":"https:\/\/barrsell.com\/en\/wp-json\/wp\/v2\/product_cat?post=12486"},{"taxonomy":"product_tag","embeddable":true,"href":"https:\/\/barrsell.com\/en\/wp-json\/wp\/v2\/product_tag?post=12486"}],"curies":[{"name":"wp","href":"https:\/\/api.w.org\/{rel}","templated":true}]}}