{"id":12472,"date":"2024-08-20T08:50:58","date_gmt":"2024-08-20T08:50:58","guid":{"rendered":"https:\/\/barrsell.com\/?post_type=product&#038;p=12472"},"modified":"2025-01-06T13:07:28","modified_gmt":"2025-01-06T13:07:28","slug":"hygromatik-cekvalf-e-2604094","status":"publish","type":"product","link":"https:\/\/barrsell.com\/en\/product\/hygromatik-check-valve-e-2604094\/","title":{"rendered":"HygroMatik Check Valve E-2604094"},"content":{"rendered":"<div class=\"flex max-w-full flex-col flex-grow\">\n<div class=\"min-h-[20px] text-message flex w-full flex-col items-end gap-2 whitespace-pre-wrap break-words [.text-message+&amp;]:mt-5 overflow-x-auto\" dir=\"auto\" data-message-author-role=\"assistant\" data-message-id=\"92580cef-0222-4785-adca-974ca325b779\">\n<div class=\"flex w-full flex-col gap-1 empty:hidden first:pt-[3px]\">\n<div class=\"markdown prose w-full break-words dark:prose-invert light\">\n<h2><strong>HygroMatik Check Valve E-2604094: A Critical Component For Safe And Efficient Steam System<\/strong><\/h2>\n<p>HygroMatik Check Valve E-2604094 is a high-performance valve designed to control the flow of liquid and steam in steam humidifier systems and to prevent backflow. This check valve is used to increase reliability and efficiency in industrial and commercial steam systems. This product, which draws attention with its robust structure and durable materials, also plays a critical role in optimizing the system performance.<\/p>\n<table width=\"427\">\n<tbody>\n<tr>\n<td width=\"93\"><strong>CompactLine Elektrode<\/strong><\/td>\n<td width=\"93\"><strong>FlexLine Elektrode<\/strong><\/td>\n<td width=\"95\"><strong>StandardLine Elektrode<\/strong><\/td>\n<td width=\"82\"><strong>HeaterLine Heizk\u00f6rper<\/strong><\/td>\n<td width=\"64\"><strong>Heater Compact Heizk\u00f6rper<\/strong><\/td>\n<\/tr>\n<tr>\n<td width=\"93\">C01 C02 C06 C10 C17 C22 C30 C45 C58<\/td>\n<td width=\"93\">FLE05 FLE10 FLE15 FLE20 FLE25 FLE30 FLE40 FLE50 FLE65 FLE80 FLE100 FLE130<\/td>\n<td width=\"95\">SLE02 SLE05 SLE10 SLE15 SLE20 SLE30 SLE45 SLE65<\/td>\n<td width=\"82\">HL06 HL09 HL18 HL12 HL24 HL27 HL30 HL36 HL45 HC02 HC03 HC06 HC09 HC06<\/td>\n<td width=\"64\">PHC09 PHC12<\/td>\n<\/tr>\n<tr>\n<td><\/td>\n<td><\/td>\n<td><\/td>\n<td><\/td>\n<td><\/td>\n<\/tr>\n<tr>\n<td width=\"93\"><strong>HeaterSlim Heizk\u00f6rper<\/strong><\/td>\n<td width=\"93\"><strong>HyLine ElektrodeTyp\u00a0<\/strong><\/td>\n<td width=\"95\"><strong>MiniSteam ElektrodeTyp<\/strong><\/td>\n<td width=\"82\"><strong>MiniSteam 2005 Elektrode<\/strong><\/td>\n<td><\/td>\n<\/tr>\n<tr>\n<td>HC18 HC27<\/td>\n<td width=\"93\">HY05 HY08 HY13 HY17 HY23 HY30 HY45 HY60 HY90 HY116<\/td>\n<td width=\"95\">MSE05 MSE10<\/td>\n<td width=\"82\">MS05 MS10<\/td>\n<td><\/td>\n<\/tr>\n<\/tbody>\n<\/table>\n<h4><strong>Technical Specifications and Performance<\/strong><\/h4>\n<ul>\n<li><strong>Backflow Prevention:<\/strong> HygroMatik Check Valve E-2604094 enables efficient operation of the steam system by blocking backflow. This feature also increases the security of the system and prevents possible damage.<\/li>\n<li><strong>High Pressure Resistance:<\/strong> Safely use in check valve, high pressure steam lines. The design of the product is optimized to provide durability, especially against high pressure.<\/li>\n<li><strong>Material:<\/strong> The HygroMatik E-2604094 is resistant to abrasion, corrosion and high temperatures, and is also made of high quality materials. This ensures that the valve is long-lasting and offers reliable performance.<\/li>\n<li><strong>Size &amp; Connection:<\/strong> The valve is designed to be suitable for standard pipe connections, which facilitates assembly and integration processes. In addition, you can use it in harmony with various systems thanks to different diameter and connection options.<\/li>\n<\/ul>\n<h4><strong>Ease of Installation and Maintenance<\/strong><\/h4>\n<ul>\n<li><strong>Assembly:<\/strong> The HygroMatik E-2604094 is designed to have easy mounting capabilities. Thanks to standard ports, it can be installed quickly and smoothly. This minimizes the installation costs and time of the enterprises.<\/li>\n<li><strong>Maintenance:<\/strong> The durable structure of the valve requires minimal maintenance. However, you can easily access and clean it when needed. This helps the valve maintain its long-lasting performance.<\/li>\n<\/ul>\n<\/div>\n<\/div>\n<\/div>\n<\/div>","protected":false},"excerpt":{"rendered":"<p>In order for the spare parts to be fully compatible with the device, in order to avoid confusion during the ordering phase, we recommend that you share the product label photo with us.<\/p>","protected":false},"featured_media":12474,"template":"","meta":[],"product_cat":[130],"product_tag":[],"class_list":{"0":"post-12472","1":"product","2":"type-product","3":"status-publish","4":"has-post-thumbnail","6":"product_cat-hygromatik-yedek-parcalari","8":"first","9":"instock","10":"shipping-taxable","11":"product-type-simple"},"yoast_head":"<!-- This site is optimized with the Yoast SEO Premium plugin v23.2 (Yoast SEO v23.2) - https:\/\/yoast.com\/wordpress\/plugins\/seo\/ -->\n<title>HygroMatik \u00c7ekvalf E-2604094 Barrsell End\u00fcstri<\/title>\n<meta name=\"description\" content=\"HygroMatik \u00c7ekvalf E-2604094, buhar nemlendirici sistemlerinde s\u0131v\u0131 ve buhar ak\u0131\u015f\u0131n\u0131 kontrol etmek ve geri ak\u0131\u015f\u0131 \u00f6nlemek i\u00e7in tasarlanm\u0131\u015f, y\u00fcksek\" \/>\n<meta name=\"robots\" content=\"index, follow, max-snippet:-1, max-image-preview:large, max-video-preview:-1\" \/>\n<link rel=\"canonical\" href=\"https:\/\/barrsell.com\/en\/product\/hygromatik-check-valve-e-2604094\/\" \/>\n<meta property=\"og:locale\" content=\"en_US\" \/>\n<meta property=\"og:type\" content=\"article\" \/>\n<meta property=\"og:title\" content=\"HygroMatik \u00c7ekvalf E-2604094\" \/>\n<meta property=\"og:description\" content=\"HygroMatik \u00c7ekvalf E-2604094, buhar nemlendirici sistemlerinde s\u0131v\u0131 ve buhar ak\u0131\u015f\u0131n\u0131 kontrol etmek ve geri ak\u0131\u015f\u0131 \u00f6nlemek i\u00e7in tasarlanm\u0131\u015f, y\u00fcksek\" \/>\n<meta property=\"og:url\" content=\"https:\/\/barrsell.com\/en\/product\/hygromatik-check-valve-e-2604094\/\" \/>\n<meta property=\"og:site_name\" content=\"Barrsell\" \/>\n<meta property=\"article:modified_time\" content=\"2025-01-06T13:07:28+00:00\" \/>\n<meta property=\"og:image\" content=\"https:\/\/barrsell.com\/wp-content\/uploads\/2024\/08\/HygroMatik-Cekvalf-E-2604094.png\" \/>\n\t<meta property=\"og:image:width\" content=\"1200\" \/>\n\t<meta property=\"og:image:height\" content=\"1200\" \/>\n\t<meta property=\"og:image:type\" content=\"image\/png\" \/>\n<meta name=\"twitter:card\" content=\"summary_large_image\" \/>\n<meta name=\"twitter:label1\" content=\"Est. reading time\" \/>\n\t<meta name=\"twitter:data1\" content=\"3 minutes\" \/>\n<script type=\"application\/ld+json\" class=\"yoast-schema-graph\">{\"@context\":\"https:\/\/schema.org\",\"@graph\":[{\"@type\":\"WebPage\",\"@id\":\"https:\/\/barrsell.com\/urun\/hygromatik-cekvalf-e-2604094\/\",\"url\":\"https:\/\/barrsell.com\/urun\/hygromatik-cekvalf-e-2604094\/\",\"name\":\"HygroMatik \u00c7ekvalf E-2604094 Barrsell End\u00fcstri\",\"isPartOf\":{\"@id\":\"https:\/\/barrsell.com\/#website\"},\"primaryImageOfPage\":{\"@id\":\"https:\/\/barrsell.com\/urun\/hygromatik-cekvalf-e-2604094\/#primaryimage\"},\"image\":{\"@id\":\"https:\/\/barrsell.com\/urun\/hygromatik-cekvalf-e-2604094\/#primaryimage\"},\"thumbnailUrl\":\"https:\/\/barrsell.com\/wp-content\/uploads\/2024\/08\/HygroMatik-Cekvalf-E-2604094.png\",\"datePublished\":\"2024-08-20T08:50:58+00:00\",\"dateModified\":\"2025-01-06T13:07:28+00:00\",\"description\":\"HygroMatik \u00c7ekvalf E-2604094, buhar nemlendirici sistemlerinde s\u0131v\u0131 ve buhar ak\u0131\u015f\u0131n\u0131 kontrol etmek ve geri ak\u0131\u015f\u0131 \u00f6nlemek i\u00e7in tasarlanm\u0131\u015f, y\u00fcksek\",\"breadcrumb\":{\"@id\":\"https:\/\/barrsell.com\/urun\/hygromatik-cekvalf-e-2604094\/#breadcrumb\"},\"inLanguage\":\"en-US\",\"potentialAction\":[{\"@type\":\"ReadAction\",\"target\":[\"https:\/\/barrsell.com\/urun\/hygromatik-cekvalf-e-2604094\/\"]}]},{\"@type\":\"ImageObject\",\"inLanguage\":\"en-US\",\"@id\":\"https:\/\/barrsell.com\/urun\/hygromatik-cekvalf-e-2604094\/#primaryimage\",\"url\":\"https:\/\/barrsell.com\/wp-content\/uploads\/2024\/08\/HygroMatik-Cekvalf-E-2604094.png\",\"contentUrl\":\"https:\/\/barrsell.com\/wp-content\/uploads\/2024\/08\/HygroMatik-Cekvalf-E-2604094.png\",\"width\":1200,\"height\":1200,\"caption\":\"HygroMatik \u00c7ekvalf E-2604094\"},{\"@type\":\"BreadcrumbList\",\"@id\":\"https:\/\/barrsell.com\/urun\/hygromatik-cekvalf-e-2604094\/#breadcrumb\",\"itemListElement\":[{\"@type\":\"ListItem\",\"position\":1,\"name\":\"Home\",\"item\":\"https:\/\/barrsell.com\/\"},{\"@type\":\"ListItem\",\"position\":2,\"name\":\"\u00dcr\u00fcnler\",\"item\":\"https:\/\/barrsell.com\/en\/products\/\"},{\"@type\":\"ListItem\",\"position\":3,\"name\":\"HygroMatik \u00c7ekvalf E-2604094\"}]},{\"@type\":\"WebSite\",\"@id\":\"https:\/\/barrsell.com\/#website\",\"url\":\"https:\/\/barrsell.com\/\",\"name\":\"Barrsell End\u00fcstri Makine\",\"description\":\"Teknolojiyle G\u00fc\u00e7lenen End\u00fcstriyel \u00c7\u00f6z\u00fcmler!\",\"potentialAction\":[{\"@type\":\"SearchAction\",\"target\":{\"@type\":\"EntryPoint\",\"urlTemplate\":\"https:\/\/barrsell.com\/?s={search_term_string}\"},\"query-input\":\"required name=search_term_string\"}],\"inLanguage\":\"en-US\"}]}<\/script>\n<!-- \/ Yoast SEO Premium plugin. -->","yoast_head_json":{"title":"HygroMatik \u00c7ekvalf E-2604094 Barrsell End\u00fcstri","description":"HygroMatik \u00c7ekvalf E-2604094, buhar nemlendirici sistemlerinde s\u0131v\u0131 ve buhar ak\u0131\u015f\u0131n\u0131 kontrol etmek ve geri ak\u0131\u015f\u0131 \u00f6nlemek i\u00e7in tasarlanm\u0131\u015f, y\u00fcksek","robots":{"index":"index","follow":"follow","max-snippet":"max-snippet:-1","max-image-preview":"max-image-preview:large","max-video-preview":"max-video-preview:-1"},"canonical":"https:\/\/barrsell.com\/en\/product\/hygromatik-check-valve-e-2604094\/","og_locale":"en_US","og_type":"article","og_title":"HygroMatik \u00c7ekvalf E-2604094","og_description":"HygroMatik \u00c7ekvalf E-2604094, buhar nemlendirici sistemlerinde s\u0131v\u0131 ve buhar ak\u0131\u015f\u0131n\u0131 kontrol etmek ve geri ak\u0131\u015f\u0131 \u00f6nlemek i\u00e7in tasarlanm\u0131\u015f, y\u00fcksek","og_url":"https:\/\/barrsell.com\/en\/product\/hygromatik-check-valve-e-2604094\/","og_site_name":"Barrsell","article_modified_time":"2025-01-06T13:07:28+00:00","og_image":[{"width":1200,"height":1200,"url":"https:\/\/barrsell.com\/wp-content\/uploads\/2024\/08\/HygroMatik-Cekvalf-E-2604094.png","type":"image\/png"}],"twitter_card":"summary_large_image","twitter_misc":{"Est. reading time":"3 minutes"},"schema":{"@context":"https:\/\/schema.org","@graph":[{"@type":"WebPage","@id":"https:\/\/barrsell.com\/urun\/hygromatik-cekvalf-e-2604094\/","url":"https:\/\/barrsell.com\/urun\/hygromatik-cekvalf-e-2604094\/","name":"HygroMatik \u00c7ekvalf E-2604094 Barrsell End\u00fcstri","isPartOf":{"@id":"https:\/\/barrsell.com\/#website"},"primaryImageOfPage":{"@id":"https:\/\/barrsell.com\/urun\/hygromatik-cekvalf-e-2604094\/#primaryimage"},"image":{"@id":"https:\/\/barrsell.com\/urun\/hygromatik-cekvalf-e-2604094\/#primaryimage"},"thumbnailUrl":"https:\/\/barrsell.com\/wp-content\/uploads\/2024\/08\/HygroMatik-Cekvalf-E-2604094.png","datePublished":"2024-08-20T08:50:58+00:00","dateModified":"2025-01-06T13:07:28+00:00","description":"HygroMatik \u00c7ekvalf E-2604094, buhar nemlendirici sistemlerinde s\u0131v\u0131 ve buhar ak\u0131\u015f\u0131n\u0131 kontrol etmek ve geri ak\u0131\u015f\u0131 \u00f6nlemek i\u00e7in tasarlanm\u0131\u015f, y\u00fcksek","breadcrumb":{"@id":"https:\/\/barrsell.com\/urun\/hygromatik-cekvalf-e-2604094\/#breadcrumb"},"inLanguage":"en-US","potentialAction":[{"@type":"ReadAction","target":["https:\/\/barrsell.com\/urun\/hygromatik-cekvalf-e-2604094\/"]}]},{"@type":"ImageObject","inLanguage":"en-US","@id":"https:\/\/barrsell.com\/urun\/hygromatik-cekvalf-e-2604094\/#primaryimage","url":"https:\/\/barrsell.com\/wp-content\/uploads\/2024\/08\/HygroMatik-Cekvalf-E-2604094.png","contentUrl":"https:\/\/barrsell.com\/wp-content\/uploads\/2024\/08\/HygroMatik-Cekvalf-E-2604094.png","width":1200,"height":1200,"caption":"HygroMatik \u00c7ekvalf E-2604094"},{"@type":"BreadcrumbList","@id":"https:\/\/barrsell.com\/urun\/hygromatik-cekvalf-e-2604094\/#breadcrumb","itemListElement":[{"@type":"ListItem","position":1,"name":"Home","item":"https:\/\/barrsell.com\/"},{"@type":"ListItem","position":2,"name":"\u00dcr\u00fcnler","item":"https:\/\/barrsell.com\/en\/products\/"},{"@type":"ListItem","position":3,"name":"HygroMatik \u00c7ekvalf E-2604094"}]},{"@type":"WebSite","@id":"https:\/\/barrsell.com\/#website","url":"https:\/\/barrsell.com\/","name":"Barrsell End\u00fcstri Makine","description":"Teknolojiyle G\u00fc\u00e7lenen End\u00fcstriyel \u00c7\u00f6z\u00fcmler!","potentialAction":[{"@type":"SearchAction","target":{"@type":"EntryPoint","urlTemplate":"https:\/\/barrsell.com\/?s={search_term_string}"},"query-input":"required name=search_term_string"}],"inLanguage":"en-US"}]}},"_links":{"self":[{"href":"https:\/\/barrsell.com\/en\/wp-json\/wp\/v2\/product\/12472","targetHints":{"allow":["GET"]}}],"collection":[{"href":"https:\/\/barrsell.com\/en\/wp-json\/wp\/v2\/product"}],"about":[{"href":"https:\/\/barrsell.com\/en\/wp-json\/wp\/v2\/types\/product"}],"version-history":[{"count":7,"href":"https:\/\/barrsell.com\/en\/wp-json\/wp\/v2\/product\/12472\/revisions"}],"predecessor-version":[{"id":19881,"href":"https:\/\/barrsell.com\/en\/wp-json\/wp\/v2\/product\/12472\/revisions\/19881"}],"wp:featuredmedia":[{"embeddable":true,"href":"https:\/\/barrsell.com\/en\/wp-json\/wp\/v2\/media\/12474"}],"wp:attachment":[{"href":"https:\/\/barrsell.com\/en\/wp-json\/wp\/v2\/media?parent=12472"}],"wp:term":[{"taxonomy":"product_cat","embeddable":true,"href":"https:\/\/barrsell.com\/en\/wp-json\/wp\/v2\/product_cat?post=12472"},{"taxonomy":"product_tag","embeddable":true,"href":"https:\/\/barrsell.com\/en\/wp-json\/wp\/v2\/product_tag?post=12472"}],"curies":[{"name":"wp","href":"https:\/\/api.w.org\/{rel}","templated":true}]}}