{"id":12470,"date":"2024-08-20T08:46:29","date_gmt":"2024-08-20T08:46:29","guid":{"rendered":"https:\/\/barrsell.com\/?post_type=product&#038;p=12470"},"modified":"2025-01-06T13:15:50","modified_gmt":"2025-01-06T13:15:50","slug":"hygromatik-dokunmatik-ekran-b-2526489","status":"publish","type":"product","link":"https:\/\/barrsell.com\/en\/product\/hygromatik-touch-screen-b-2526489\/","title":{"rendered":"HygroMatik Touch Screen B-2526489"},"content":{"rendered":"<div class=\"flex max-w-full flex-col flex-grow\">\n<div class=\"min-h-[20px] text-message flex w-full flex-col items-end gap-2 whitespace-pre-wrap break-words [.text-message+&amp;]:mt-5 overflow-x-auto\" dir=\"auto\" data-message-author-role=\"assistant\" data-message-id=\"fe1db2ae-5ad7-4698-98f1-057b73bee677\">\n<div class=\"flex w-full flex-col gap-1 empty:hidden first:pt-[3px]\">\n<div class=\"markdown prose w-full break-words dark:prose-invert light\">\n<h2><strong>HygroMatik Touch Screen B-2526489<\/strong><\/h2>\n<p>The HygroMatic Touch Screen B-2526489 is a high-tech control panel designed to take the management of steam humidifier systems to the next level. This display is the ideal solution for industrial and commercial applications with its precise control features, durable structure and user-friendly interface. The product is noted for its advanced technical characteristics and aims to maximize system performance as a result.<\/p>\n<table width=\"432\">\n<tbody>\n<tr>\n<td width=\"141\"><strong>CompactLine elektrot<\/strong><\/td>\n<td width=\"149\"><strong>Is\u0131t\u0131c\u0131 Kompakt radyat\u00f6r<\/strong><\/td>\n<td width=\"142\"><strong>HyLine elektrot<\/strong><\/td>\n<\/tr>\n<tr>\n<td colspan=\"2\">C01 C02 C06 C10\u00a0 \u00a0 \u00a0 \u00a0 \u00a0 \u00a0 \u00a0 HC02<\/td>\n<td>HY05 HY08<\/td>\n<\/tr>\n<\/tbody>\n<\/table>\n<h3><strong>Technical Specifications and Outstanding Performance<\/strong><\/h3>\n<ul>\n<li><strong>Screen Type:<\/strong> The HygroMatic B-2526489 has a high-definition touch screen. This feature allows users to monitor and control the system clearly and in detail.<\/li>\n<li><strong>Control Precision:<\/strong> The touch screen offers a high-precision interface that gives the user instant feedback. Thanks to this, you can adjust humidity levels, temperature, as well as other operating parameters extremely precisely.<\/li>\n<li><strong>Durability:<\/strong> The display is resistant to harsh conditions of industrial environments.\u00a0 It also consists of high temperature, humidity, dust and abrasion resistant materials. This ensures a long-lasting use.<\/li>\n<li><strong>Energy Efficiency:<\/strong> HygroMatic Touch Screen B-2526489 has advanced software algorithms to optimize energy efficiency. This helps to reduce operating costs and minimize environmental impacts.<\/li>\n<li><strong>Connection and Integration:<\/strong> The display is compatible with various models of HygroMatic steam humidifiers. At the same time, you can integrate seamlessly with existing systems. It also offers network connectivity options for remote monitoring and control.<\/li>\n<\/ul>\n<h3><strong>Advanced User Interface<\/strong><\/h3>\n<p>The touch interface of HygroMatic B-2526489\u2019 makes complex system settings simple and understandable. The display responds to the needs of different users by offering multilingual support. You can quickly view and set up system parameters and operating modes. Also, visual alerts and error messages, thanks to which you can instantly see the state of the system. Thus, maintenance and repair processes are accelerated.<\/p>\n<\/div>\n<\/div>\n<\/div>\n<\/div>","protected":false},"excerpt":{"rendered":"<p>In order for the spare parts to be fully compatible with the device, in order to avoid confusion during the ordering phase, we recommend that you share the product label photo with us.<\/p>","protected":false},"featured_media":12462,"template":"","meta":[],"product_cat":[130],"product_tag":[],"class_list":{"0":"post-12470","1":"product","2":"type-product","3":"status-publish","4":"has-post-thumbnail","6":"product_cat-hygromatik-yedek-parcalari","8":"first","9":"instock","10":"shipping-taxable","11":"product-type-simple"},"yoast_head":"<!-- This site is optimized with the Yoast SEO Premium plugin v23.2 (Yoast SEO v23.2) - https:\/\/yoast.com\/wordpress\/plugins\/seo\/ -->\n<title>HygroMatik Dokunmatik Ekran B-2526489 Barrsell End\u00fcstri<\/title>\n<meta name=\"description\" content=\"HygroMatik Dokunmatik Ekran B-2526489, buhar nemlendirici sistemlerin y\u00f6netimini bir \u00fcst seviyeye ta\u015f\u0131mak i\u00e7in tasarlanm\u0131\u015f ileri teknoloji bir kontrol\" \/>\n<meta name=\"robots\" content=\"index, follow, max-snippet:-1, max-image-preview:large, max-video-preview:-1\" \/>\n<link rel=\"canonical\" href=\"https:\/\/barrsell.com\/en\/product\/hygromatik-touch-screen-b-2526489\/\" \/>\n<meta property=\"og:locale\" content=\"en_US\" \/>\n<meta property=\"og:type\" content=\"article\" \/>\n<meta property=\"og:title\" content=\"HygroMatik Dokunmatik Ekran B-2526489\" \/>\n<meta property=\"og:description\" content=\"HygroMatik Dokunmatik Ekran B-2526489, buhar nemlendirici sistemlerin y\u00f6netimini bir \u00fcst seviyeye ta\u015f\u0131mak i\u00e7in tasarlanm\u0131\u015f ileri teknoloji bir kontrol\" \/>\n<meta property=\"og:url\" content=\"https:\/\/barrsell.com\/en\/product\/hygromatik-touch-screen-b-2526489\/\" \/>\n<meta property=\"og:site_name\" content=\"Barrsell\" \/>\n<meta property=\"article:modified_time\" content=\"2025-01-06T13:15:50+00:00\" \/>\n<meta property=\"og:image\" content=\"https:\/\/barrsell.com\/wp-content\/uploads\/2024\/08\/hygroMatik-dokunmatik-ekran.png\" \/>\n\t<meta property=\"og:image:width\" content=\"1200\" \/>\n\t<meta property=\"og:image:height\" content=\"1200\" \/>\n\t<meta property=\"og:image:type\" content=\"image\/png\" \/>\n<meta name=\"twitter:card\" content=\"summary_large_image\" \/>\n<meta name=\"twitter:label1\" content=\"Est. reading time\" \/>\n\t<meta name=\"twitter:data1\" content=\"2 minutes\" \/>\n<script type=\"application\/ld+json\" class=\"yoast-schema-graph\">{\"@context\":\"https:\/\/schema.org\",\"@graph\":[{\"@type\":\"WebPage\",\"@id\":\"https:\/\/barrsell.com\/urun\/hygromatik-dokunmatik-ekran-b-2526489\/\",\"url\":\"https:\/\/barrsell.com\/urun\/hygromatik-dokunmatik-ekran-b-2526489\/\",\"name\":\"HygroMatik Dokunmatik Ekran B-2526489 Barrsell End\u00fcstri\",\"isPartOf\":{\"@id\":\"https:\/\/barrsell.com\/#website\"},\"primaryImageOfPage\":{\"@id\":\"https:\/\/barrsell.com\/urun\/hygromatik-dokunmatik-ekran-b-2526489\/#primaryimage\"},\"image\":{\"@id\":\"https:\/\/barrsell.com\/urun\/hygromatik-dokunmatik-ekran-b-2526489\/#primaryimage\"},\"thumbnailUrl\":\"https:\/\/barrsell.com\/wp-content\/uploads\/2024\/08\/hygroMatik-dokunmatik-ekran.png\",\"datePublished\":\"2024-08-20T08:46:29+00:00\",\"dateModified\":\"2025-01-06T13:15:50+00:00\",\"description\":\"HygroMatik Dokunmatik Ekran B-2526489, buhar nemlendirici sistemlerin y\u00f6netimini bir \u00fcst seviyeye ta\u015f\u0131mak i\u00e7in tasarlanm\u0131\u015f ileri teknoloji bir kontrol\",\"breadcrumb\":{\"@id\":\"https:\/\/barrsell.com\/urun\/hygromatik-dokunmatik-ekran-b-2526489\/#breadcrumb\"},\"inLanguage\":\"en-US\",\"potentialAction\":[{\"@type\":\"ReadAction\",\"target\":[\"https:\/\/barrsell.com\/urun\/hygromatik-dokunmatik-ekran-b-2526489\/\"]}]},{\"@type\":\"ImageObject\",\"inLanguage\":\"en-US\",\"@id\":\"https:\/\/barrsell.com\/urun\/hygromatik-dokunmatik-ekran-b-2526489\/#primaryimage\",\"url\":\"https:\/\/barrsell.com\/wp-content\/uploads\/2024\/08\/hygroMatik-dokunmatik-ekran.png\",\"contentUrl\":\"https:\/\/barrsell.com\/wp-content\/uploads\/2024\/08\/hygroMatik-dokunmatik-ekran.png\",\"width\":1200,\"height\":1200,\"caption\":\"hygroMatik-dokunmatik-ekran\"},{\"@type\":\"BreadcrumbList\",\"@id\":\"https:\/\/barrsell.com\/urun\/hygromatik-dokunmatik-ekran-b-2526489\/#breadcrumb\",\"itemListElement\":[{\"@type\":\"ListItem\",\"position\":1,\"name\":\"Home\",\"item\":\"https:\/\/barrsell.com\/\"},{\"@type\":\"ListItem\",\"position\":2,\"name\":\"\u00dcr\u00fcnler\",\"item\":\"https:\/\/barrsell.com\/en\/products\/\"},{\"@type\":\"ListItem\",\"position\":3,\"name\":\"HygroMatik Dokunmatik Ekran B-2526489\"}]},{\"@type\":\"WebSite\",\"@id\":\"https:\/\/barrsell.com\/#website\",\"url\":\"https:\/\/barrsell.com\/\",\"name\":\"Barrsell End\u00fcstri Makine\",\"description\":\"Teknolojiyle G\u00fc\u00e7lenen End\u00fcstriyel \u00c7\u00f6z\u00fcmler!\",\"potentialAction\":[{\"@type\":\"SearchAction\",\"target\":{\"@type\":\"EntryPoint\",\"urlTemplate\":\"https:\/\/barrsell.com\/?s={search_term_string}\"},\"query-input\":\"required name=search_term_string\"}],\"inLanguage\":\"en-US\"}]}<\/script>\n<!-- \/ Yoast SEO Premium plugin. -->","yoast_head_json":{"title":"HygroMatik Dokunmatik Ekran B-2526489 Barrsell End\u00fcstri","description":"HygroMatik Dokunmatik Ekran B-2526489, buhar nemlendirici sistemlerin y\u00f6netimini bir \u00fcst seviyeye ta\u015f\u0131mak i\u00e7in tasarlanm\u0131\u015f ileri teknoloji bir kontrol","robots":{"index":"index","follow":"follow","max-snippet":"max-snippet:-1","max-image-preview":"max-image-preview:large","max-video-preview":"max-video-preview:-1"},"canonical":"https:\/\/barrsell.com\/en\/product\/hygromatik-touch-screen-b-2526489\/","og_locale":"en_US","og_type":"article","og_title":"HygroMatik Dokunmatik Ekran B-2526489","og_description":"HygroMatik Dokunmatik Ekran B-2526489, buhar nemlendirici sistemlerin y\u00f6netimini bir \u00fcst seviyeye ta\u015f\u0131mak i\u00e7in tasarlanm\u0131\u015f ileri teknoloji bir kontrol","og_url":"https:\/\/barrsell.com\/en\/product\/hygromatik-touch-screen-b-2526489\/","og_site_name":"Barrsell","article_modified_time":"2025-01-06T13:15:50+00:00","og_image":[{"width":1200,"height":1200,"url":"https:\/\/barrsell.com\/wp-content\/uploads\/2024\/08\/hygroMatik-dokunmatik-ekran.png","type":"image\/png"}],"twitter_card":"summary_large_image","twitter_misc":{"Est. reading time":"2 minutes"},"schema":{"@context":"https:\/\/schema.org","@graph":[{"@type":"WebPage","@id":"https:\/\/barrsell.com\/urun\/hygromatik-dokunmatik-ekran-b-2526489\/","url":"https:\/\/barrsell.com\/urun\/hygromatik-dokunmatik-ekran-b-2526489\/","name":"HygroMatik Dokunmatik Ekran B-2526489 Barrsell End\u00fcstri","isPartOf":{"@id":"https:\/\/barrsell.com\/#website"},"primaryImageOfPage":{"@id":"https:\/\/barrsell.com\/urun\/hygromatik-dokunmatik-ekran-b-2526489\/#primaryimage"},"image":{"@id":"https:\/\/barrsell.com\/urun\/hygromatik-dokunmatik-ekran-b-2526489\/#primaryimage"},"thumbnailUrl":"https:\/\/barrsell.com\/wp-content\/uploads\/2024\/08\/hygroMatik-dokunmatik-ekran.png","datePublished":"2024-08-20T08:46:29+00:00","dateModified":"2025-01-06T13:15:50+00:00","description":"HygroMatik Dokunmatik Ekran B-2526489, buhar nemlendirici sistemlerin y\u00f6netimini bir \u00fcst seviyeye ta\u015f\u0131mak i\u00e7in tasarlanm\u0131\u015f ileri teknoloji bir kontrol","breadcrumb":{"@id":"https:\/\/barrsell.com\/urun\/hygromatik-dokunmatik-ekran-b-2526489\/#breadcrumb"},"inLanguage":"en-US","potentialAction":[{"@type":"ReadAction","target":["https:\/\/barrsell.com\/urun\/hygromatik-dokunmatik-ekran-b-2526489\/"]}]},{"@type":"ImageObject","inLanguage":"en-US","@id":"https:\/\/barrsell.com\/urun\/hygromatik-dokunmatik-ekran-b-2526489\/#primaryimage","url":"https:\/\/barrsell.com\/wp-content\/uploads\/2024\/08\/hygroMatik-dokunmatik-ekran.png","contentUrl":"https:\/\/barrsell.com\/wp-content\/uploads\/2024\/08\/hygroMatik-dokunmatik-ekran.png","width":1200,"height":1200,"caption":"hygroMatik-dokunmatik-ekran"},{"@type":"BreadcrumbList","@id":"https:\/\/barrsell.com\/urun\/hygromatik-dokunmatik-ekran-b-2526489\/#breadcrumb","itemListElement":[{"@type":"ListItem","position":1,"name":"Home","item":"https:\/\/barrsell.com\/"},{"@type":"ListItem","position":2,"name":"\u00dcr\u00fcnler","item":"https:\/\/barrsell.com\/en\/products\/"},{"@type":"ListItem","position":3,"name":"HygroMatik Dokunmatik Ekran B-2526489"}]},{"@type":"WebSite","@id":"https:\/\/barrsell.com\/#website","url":"https:\/\/barrsell.com\/","name":"Barrsell End\u00fcstri Makine","description":"Teknolojiyle G\u00fc\u00e7lenen End\u00fcstriyel \u00c7\u00f6z\u00fcmler!","potentialAction":[{"@type":"SearchAction","target":{"@type":"EntryPoint","urlTemplate":"https:\/\/barrsell.com\/?s={search_term_string}"},"query-input":"required name=search_term_string"}],"inLanguage":"en-US"}]}},"_links":{"self":[{"href":"https:\/\/barrsell.com\/en\/wp-json\/wp\/v2\/product\/12470","targetHints":{"allow":["GET"]}}],"collection":[{"href":"https:\/\/barrsell.com\/en\/wp-json\/wp\/v2\/product"}],"about":[{"href":"https:\/\/barrsell.com\/en\/wp-json\/wp\/v2\/types\/product"}],"version-history":[{"count":4,"href":"https:\/\/barrsell.com\/en\/wp-json\/wp\/v2\/product\/12470\/revisions"}],"predecessor-version":[{"id":19882,"href":"https:\/\/barrsell.com\/en\/wp-json\/wp\/v2\/product\/12470\/revisions\/19882"}],"wp:featuredmedia":[{"embeddable":true,"href":"https:\/\/barrsell.com\/en\/wp-json\/wp\/v2\/media\/12462"}],"wp:attachment":[{"href":"https:\/\/barrsell.com\/en\/wp-json\/wp\/v2\/media?parent=12470"}],"wp:term":[{"taxonomy":"product_cat","embeddable":true,"href":"https:\/\/barrsell.com\/en\/wp-json\/wp\/v2\/product_cat?post=12470"},{"taxonomy":"product_tag","embeddable":true,"href":"https:\/\/barrsell.com\/en\/wp-json\/wp\/v2\/product_tag?post=12470"}],"curies":[{"name":"wp","href":"https:\/\/api.w.org\/{rel}","templated":true}]}}