{"id":12468,"date":"2024-08-20T08:42:56","date_gmt":"2024-08-20T08:42:56","guid":{"rendered":"https:\/\/barrsell.com\/?post_type=product&#038;p=12468"},"modified":"2025-01-06T16:07:28","modified_gmt":"2025-01-06T16:07:28","slug":"hygromatik-dokunmatik-ekran-b-2526401","status":"publish","type":"product","link":"https:\/\/barrsell.com\/en\/product\/hygromatik-touch-screen-b-2526401\/","title":{"rendered":"HygroMatic Touch Screen B-2526401"},"content":{"rendered":"<div class=\"flex max-w-full flex-col flex-grow\">\n<div class=\"min-h-[20px] text-message flex w-full flex-col items-end gap-2 whitespace-pre-wrap break-words [.text-message+&amp;]:mt-5 overflow-x-auto\" dir=\"auto\" data-message-author-role=\"assistant\" data-message-id=\"0e55c9c6-7398-4e47-a272-6075a3113a8e\">\n<div class=\"flex w-full flex-col gap-1 empty:hidden first:pt-[3px]\">\n<div class=\"markdown prose w-full break-words dark:prose-invert light\">\n<h3><strong>HygroMatic Touch Screen B-2526401: Flawless Steam Humidifier Control With Advanced Technology<\/strong><\/h3>\n<p>The HygroMatic Touch Screen B-2526401 gives the user superior control over the management of steam humidifier systems. It is also a modern and technological solution. It has a particularly stylish design, durability and easy to use interface. Therefore, it becomes an ideal choice for industrial and commercial applications.<\/p>\n<table width=\"413\">\n<tbody>\n<tr>\n<td width=\"87\">CompactLine Elektrode<\/td>\n<td width=\"79\">HeaterLine Heizk\u00f6rper<\/td>\n<td width=\"87\">Heater Compact Heizk\u00f6rper<\/td>\n<td width=\"96\">HyLine ElektrodeTyp<\/td>\n<td width=\"64\">MiniSteam 2005 Elektrode<\/td>\n<\/tr>\n<tr>\n<td width=\"87\">C06 C10 C17 C22 C30 C45 C58\u00a0 PHC09 PHC12<\/td>\n<td width=\"79\">HL06 HL09 HL18 HL12 HL24 HL27 HL30 HL36 HL45<\/td>\n<td width=\"87\">HC03\u00a0 HC06 HC09 HC06\u00a0 HC18 HC27<\/td>\n<td width=\"96\">HY05 HY08 HY13 HY17 HY23 HY30 HY45 HY60 HY90 HY116<\/td>\n<td width=\"64\">MS05 MS10<\/td>\n<\/tr>\n<\/tbody>\n<\/table>\n<h4><strong>Intuitive Touch Interface<\/strong><\/h4>\n<p>The HygroMatic Touch Screen B-2526401 offers an intuitive touch interface designed to allow users to easily manage their steam humidifier systems. This screen simplifies complex settings with user-friendly menu structure. This makes it possible to control the system quickly and accurately.<\/p>\n<h4><strong>Precise and Advanced Control<\/strong><\/h4>\n<div class=\"flex max-w-full flex-col flex-grow\">\n<div class=\"min-h-8 text-message flex w-full flex-col items-end gap-2 whitespace-normal break-words text-start [.text-message+&amp;]:mt-5\" dir=\"auto\" data-message-author-role=\"assistant\" data-message-id=\"baaa05e1-a32f-4b73-af09-da653b649db0\" data-message-model-slug=\"gpt-4o\">\n<div class=\"flex w-full flex-col gap-1 empty:hidden first:pt-[3px]\">\n<div class=\"markdown prose w-full break-words dark:prose-invert light\">\n<p>This touch screen precisely manages all the functions of the steam humidifier systems and offers a variety of control options. HygroMatic B-2526401 saves energy by optimizing humidity levels and operating modes. And thus ensure the efficient operation of the system. At the same time, these features help users maximize system performance.<\/p>\n<\/div>\n<\/div>\n<\/div>\n<\/div>\n<h4><strong>Robust and Long Lasting Design<\/strong><\/h4>\n<p>HygroMatic B-2526401 withstands the most demanding industrial conditions.\u00a0 Designed with high-quality materials, this display is resistant to abrasion, high temperatures and environmental impacts. In this way, it offers long-lasting and reliable performance, ensures continuous and trouble-free operation.<\/p>\n<\/div>\n<\/div>\n<\/div>\n<\/div>","protected":false},"excerpt":{"rendered":"<p>In order for the spare parts to be fully compatible with the device, in order to avoid confusion during the ordering phase, we recommend that you share the product label photo with us.<\/p>","protected":false},"featured_media":12462,"template":"","meta":[],"product_cat":[130],"product_tag":[],"class_list":{"0":"post-12468","1":"product","2":"type-product","3":"status-publish","4":"has-post-thumbnail","6":"product_cat-hygromatik-yedek-parcalari","8":"first","9":"instock","10":"shipping-taxable","11":"product-type-simple"},"yoast_head":"<!-- This site is optimized with the Yoast SEO Premium plugin v23.2 (Yoast SEO v23.2) - https:\/\/yoast.com\/wordpress\/plugins\/seo\/ -->\n<title>HygroMatik Dokunmatik Ekran B-2526401 Barrsell End\u00fcstri<\/title>\n<meta name=\"description\" content=\"HygroMatik Dokunmatik Ekran B-2526401, buhar nemlendirici sistemlerin y\u00f6netiminde kullan\u0131c\u0131ya \u00fcst\u00fcn kontrol imkan\u0131 sunan, modern ve teknolojik bir \u00e7\u00f6z\u00fcmd\u00fcr.\" \/>\n<meta name=\"robots\" content=\"index, follow, max-snippet:-1, max-image-preview:large, max-video-preview:-1\" \/>\n<link rel=\"canonical\" href=\"https:\/\/barrsell.com\/en\/product\/hygromatik-touch-screen-b-2526401\/\" \/>\n<meta property=\"og:locale\" content=\"en_US\" \/>\n<meta property=\"og:type\" content=\"article\" \/>\n<meta property=\"og:title\" content=\"HygroMatik Dokunmatik Ekran B-2526401\" \/>\n<meta property=\"og:description\" content=\"HygroMatik Dokunmatik Ekran B-2526401, buhar nemlendirici sistemlerin y\u00f6netiminde kullan\u0131c\u0131ya \u00fcst\u00fcn kontrol imkan\u0131 sunan, modern ve teknolojik bir \u00e7\u00f6z\u00fcmd\u00fcr.\" \/>\n<meta property=\"og:url\" content=\"https:\/\/barrsell.com\/en\/product\/hygromatik-touch-screen-b-2526401\/\" \/>\n<meta property=\"og:site_name\" content=\"Barrsell\" \/>\n<meta property=\"article:modified_time\" content=\"2025-01-06T16:07:28+00:00\" \/>\n<meta property=\"og:image\" content=\"https:\/\/barrsell.com\/wp-content\/uploads\/2024\/08\/hygroMatik-dokunmatik-ekran.png\" \/>\n\t<meta property=\"og:image:width\" content=\"1200\" \/>\n\t<meta property=\"og:image:height\" content=\"1200\" \/>\n\t<meta property=\"og:image:type\" content=\"image\/png\" \/>\n<meta name=\"twitter:card\" content=\"summary_large_image\" \/>\n<meta name=\"twitter:label1\" content=\"Est. reading time\" \/>\n\t<meta name=\"twitter:data1\" content=\"2 minutes\" \/>\n<script type=\"application\/ld+json\" class=\"yoast-schema-graph\">{\"@context\":\"https:\/\/schema.org\",\"@graph\":[{\"@type\":\"WebPage\",\"@id\":\"https:\/\/barrsell.com\/urun\/hygromatik-dokunmatik-ekran-b-2526401\/\",\"url\":\"https:\/\/barrsell.com\/urun\/hygromatik-dokunmatik-ekran-b-2526401\/\",\"name\":\"HygroMatik Dokunmatik Ekran B-2526401 Barrsell End\u00fcstri\",\"isPartOf\":{\"@id\":\"https:\/\/barrsell.com\/#website\"},\"primaryImageOfPage\":{\"@id\":\"https:\/\/barrsell.com\/urun\/hygromatik-dokunmatik-ekran-b-2526401\/#primaryimage\"},\"image\":{\"@id\":\"https:\/\/barrsell.com\/urun\/hygromatik-dokunmatik-ekran-b-2526401\/#primaryimage\"},\"thumbnailUrl\":\"https:\/\/barrsell.com\/wp-content\/uploads\/2024\/08\/hygroMatik-dokunmatik-ekran.png\",\"datePublished\":\"2024-08-20T08:42:56+00:00\",\"dateModified\":\"2025-01-06T16:07:28+00:00\",\"description\":\"HygroMatik Dokunmatik Ekran B-2526401, buhar nemlendirici sistemlerin y\u00f6netiminde kullan\u0131c\u0131ya \u00fcst\u00fcn kontrol imkan\u0131 sunan, modern ve teknolojik bir \u00e7\u00f6z\u00fcmd\u00fcr.\",\"breadcrumb\":{\"@id\":\"https:\/\/barrsell.com\/urun\/hygromatik-dokunmatik-ekran-b-2526401\/#breadcrumb\"},\"inLanguage\":\"en-US\",\"potentialAction\":[{\"@type\":\"ReadAction\",\"target\":[\"https:\/\/barrsell.com\/urun\/hygromatik-dokunmatik-ekran-b-2526401\/\"]}]},{\"@type\":\"ImageObject\",\"inLanguage\":\"en-US\",\"@id\":\"https:\/\/barrsell.com\/urun\/hygromatik-dokunmatik-ekran-b-2526401\/#primaryimage\",\"url\":\"https:\/\/barrsell.com\/wp-content\/uploads\/2024\/08\/hygroMatik-dokunmatik-ekran.png\",\"contentUrl\":\"https:\/\/barrsell.com\/wp-content\/uploads\/2024\/08\/hygroMatik-dokunmatik-ekran.png\",\"width\":1200,\"height\":1200,\"caption\":\"hygroMatik-dokunmatik-ekran\"},{\"@type\":\"BreadcrumbList\",\"@id\":\"https:\/\/barrsell.com\/urun\/hygromatik-dokunmatik-ekran-b-2526401\/#breadcrumb\",\"itemListElement\":[{\"@type\":\"ListItem\",\"position\":1,\"name\":\"Home\",\"item\":\"https:\/\/barrsell.com\/\"},{\"@type\":\"ListItem\",\"position\":2,\"name\":\"\u00dcr\u00fcnler\",\"item\":\"https:\/\/barrsell.com\/en\/products\/\"},{\"@type\":\"ListItem\",\"position\":3,\"name\":\"HygroMatik Dokunmatik Ekran B-2526401\"}]},{\"@type\":\"WebSite\",\"@id\":\"https:\/\/barrsell.com\/#website\",\"url\":\"https:\/\/barrsell.com\/\",\"name\":\"Barrsell End\u00fcstri Makine\",\"description\":\"Teknolojiyle G\u00fc\u00e7lenen End\u00fcstriyel \u00c7\u00f6z\u00fcmler!\",\"potentialAction\":[{\"@type\":\"SearchAction\",\"target\":{\"@type\":\"EntryPoint\",\"urlTemplate\":\"https:\/\/barrsell.com\/?s={search_term_string}\"},\"query-input\":\"required name=search_term_string\"}],\"inLanguage\":\"en-US\"}]}<\/script>\n<!-- \/ Yoast SEO Premium plugin. -->","yoast_head_json":{"title":"HygroMatik Dokunmatik Ekran B-2526401 Barrsell End\u00fcstri","description":"HygroMatik Dokunmatik Ekran B-2526401, buhar nemlendirici sistemlerin y\u00f6netiminde kullan\u0131c\u0131ya \u00fcst\u00fcn kontrol imkan\u0131 sunan, modern ve teknolojik bir \u00e7\u00f6z\u00fcmd\u00fcr.","robots":{"index":"index","follow":"follow","max-snippet":"max-snippet:-1","max-image-preview":"max-image-preview:large","max-video-preview":"max-video-preview:-1"},"canonical":"https:\/\/barrsell.com\/en\/product\/hygromatik-touch-screen-b-2526401\/","og_locale":"en_US","og_type":"article","og_title":"HygroMatik Dokunmatik Ekran B-2526401","og_description":"HygroMatik Dokunmatik Ekran B-2526401, buhar nemlendirici sistemlerin y\u00f6netiminde kullan\u0131c\u0131ya \u00fcst\u00fcn kontrol imkan\u0131 sunan, modern ve teknolojik bir \u00e7\u00f6z\u00fcmd\u00fcr.","og_url":"https:\/\/barrsell.com\/en\/product\/hygromatik-touch-screen-b-2526401\/","og_site_name":"Barrsell","article_modified_time":"2025-01-06T16:07:28+00:00","og_image":[{"width":1200,"height":1200,"url":"https:\/\/barrsell.com\/wp-content\/uploads\/2024\/08\/hygroMatik-dokunmatik-ekran.png","type":"image\/png"}],"twitter_card":"summary_large_image","twitter_misc":{"Est. reading time":"2 minutes"},"schema":{"@context":"https:\/\/schema.org","@graph":[{"@type":"WebPage","@id":"https:\/\/barrsell.com\/urun\/hygromatik-dokunmatik-ekran-b-2526401\/","url":"https:\/\/barrsell.com\/urun\/hygromatik-dokunmatik-ekran-b-2526401\/","name":"HygroMatik Dokunmatik Ekran B-2526401 Barrsell End\u00fcstri","isPartOf":{"@id":"https:\/\/barrsell.com\/#website"},"primaryImageOfPage":{"@id":"https:\/\/barrsell.com\/urun\/hygromatik-dokunmatik-ekran-b-2526401\/#primaryimage"},"image":{"@id":"https:\/\/barrsell.com\/urun\/hygromatik-dokunmatik-ekran-b-2526401\/#primaryimage"},"thumbnailUrl":"https:\/\/barrsell.com\/wp-content\/uploads\/2024\/08\/hygroMatik-dokunmatik-ekran.png","datePublished":"2024-08-20T08:42:56+00:00","dateModified":"2025-01-06T16:07:28+00:00","description":"HygroMatik Dokunmatik Ekran B-2526401, buhar nemlendirici sistemlerin y\u00f6netiminde kullan\u0131c\u0131ya \u00fcst\u00fcn kontrol imkan\u0131 sunan, modern ve teknolojik bir \u00e7\u00f6z\u00fcmd\u00fcr.","breadcrumb":{"@id":"https:\/\/barrsell.com\/urun\/hygromatik-dokunmatik-ekran-b-2526401\/#breadcrumb"},"inLanguage":"en-US","potentialAction":[{"@type":"ReadAction","target":["https:\/\/barrsell.com\/urun\/hygromatik-dokunmatik-ekran-b-2526401\/"]}]},{"@type":"ImageObject","inLanguage":"en-US","@id":"https:\/\/barrsell.com\/urun\/hygromatik-dokunmatik-ekran-b-2526401\/#primaryimage","url":"https:\/\/barrsell.com\/wp-content\/uploads\/2024\/08\/hygroMatik-dokunmatik-ekran.png","contentUrl":"https:\/\/barrsell.com\/wp-content\/uploads\/2024\/08\/hygroMatik-dokunmatik-ekran.png","width":1200,"height":1200,"caption":"hygroMatik-dokunmatik-ekran"},{"@type":"BreadcrumbList","@id":"https:\/\/barrsell.com\/urun\/hygromatik-dokunmatik-ekran-b-2526401\/#breadcrumb","itemListElement":[{"@type":"ListItem","position":1,"name":"Home","item":"https:\/\/barrsell.com\/"},{"@type":"ListItem","position":2,"name":"\u00dcr\u00fcnler","item":"https:\/\/barrsell.com\/en\/products\/"},{"@type":"ListItem","position":3,"name":"HygroMatik Dokunmatik Ekran B-2526401"}]},{"@type":"WebSite","@id":"https:\/\/barrsell.com\/#website","url":"https:\/\/barrsell.com\/","name":"Barrsell End\u00fcstri Makine","description":"Teknolojiyle G\u00fc\u00e7lenen End\u00fcstriyel \u00c7\u00f6z\u00fcmler!","potentialAction":[{"@type":"SearchAction","target":{"@type":"EntryPoint","urlTemplate":"https:\/\/barrsell.com\/?s={search_term_string}"},"query-input":"required name=search_term_string"}],"inLanguage":"en-US"}]}},"_links":{"self":[{"href":"https:\/\/barrsell.com\/en\/wp-json\/wp\/v2\/product\/12468","targetHints":{"allow":["GET"]}}],"collection":[{"href":"https:\/\/barrsell.com\/en\/wp-json\/wp\/v2\/product"}],"about":[{"href":"https:\/\/barrsell.com\/en\/wp-json\/wp\/v2\/types\/product"}],"version-history":[{"count":4,"href":"https:\/\/barrsell.com\/en\/wp-json\/wp\/v2\/product\/12468\/revisions"}],"predecessor-version":[{"id":19883,"href":"https:\/\/barrsell.com\/en\/wp-json\/wp\/v2\/product\/12468\/revisions\/19883"}],"wp:featuredmedia":[{"embeddable":true,"href":"https:\/\/barrsell.com\/en\/wp-json\/wp\/v2\/media\/12462"}],"wp:attachment":[{"href":"https:\/\/barrsell.com\/en\/wp-json\/wp\/v2\/media?parent=12468"}],"wp:term":[{"taxonomy":"product_cat","embeddable":true,"href":"https:\/\/barrsell.com\/en\/wp-json\/wp\/v2\/product_cat?post=12468"},{"taxonomy":"product_tag","embeddable":true,"href":"https:\/\/barrsell.com\/en\/wp-json\/wp\/v2\/product_tag?post=12468"}],"curies":[{"name":"wp","href":"https:\/\/api.w.org\/{rel}","templated":true}]}}