{"id":12381,"date":"2024-08-19T14:50:30","date_gmt":"2024-08-19T14:50:30","guid":{"rendered":"https:\/\/barrsell.com\/?post_type=product&#038;p=12381"},"modified":"2025-01-07T08:33:41","modified_gmt":"2025-01-07T08:33:41","slug":"nordmann-at3000-buharli-nemlendirici","status":"publish","type":"product","link":"https:\/\/barrsell.com\/en\/product\/nordmann-at3000-steam-humidifier\/","title":{"rendered":"Nordmann AT3000 Steam Humidifier"},"content":{"rendered":"<div class=\"flex max-w-full flex-col flex-grow\">\n<div class=\"min-h-[20px] text-message flex w-full flex-col items-end gap-2 whitespace-pre-wrap break-words [.text-message+&amp;]:mt-5 overflow-x-auto\" dir=\"auto\" data-message-author-role=\"assistant\" data-message-id=\"11b918e2-a46b-4858-af8d-7229acd5d841\">\n<div class=\"flex w-full flex-col gap-1 empty:hidden first:pt-[3px]\">\n<div class=\"markdown prose w-full break-words dark:prose-invert light\">\n<h2><strong>Nordmann AT3000 Steam Humidifier<\/strong><\/h2>\n<p>Nordmann AT3000 Steam Humidifier is a high-capacity humidifier designed for large-scale industrial and commercial areas. This device ensures optimum humidity level in large areas. With its durable structure and advanced technology, it offers a long-lasting and efficient solution.<\/p>\n<h4><strong>High Capacity for Large Areas<\/strong><\/h4>\n<p>The Nordmann AT3000 is an excellent option for humidifying large areas. Thanks to its high steam production capacity, it provides effective humidification in production facilities, warehouses, greenhouses and large offices. This device maintains the moisture balance of large volume environments, improving the quality and health of the environment.<\/p>\n<h4><strong>Advanced Technology and User Friendly Design<\/strong><\/h4>\n<p>The Nordmann AT3000 is equipped with an advanced digital control system. This system allows users to precisely adjust the humidity level. And constantly monitors the state of the device. The user-friendly interface facilitates the management of the device. And improves operational efficiency by providing instant information about maintenance needs.<\/p>\n<\/div>\n<\/div>\n<\/div>\n<\/div>","protected":false},"excerpt":{"rendered":"<p>Nordmann AT3000 Buharl\u0131 Nemlendirici Nordmann AT3000 Buharl\u0131 Nemlendirici, b\u00fcy\u00fck \u00f6l\u00e7ekli end\u00fcstriyel ve ticari alanlar i\u00e7in tasarlanm\u0131\u015f, y\u00fcksek kapasiteli bir nemlendirme<\/p>","protected":false},"featured_media":19908,"template":"","meta":[],"product_cat":[113,144],"product_tag":[],"class_list":{"0":"post-12381","1":"product","2":"type-product","3":"status-publish","4":"has-post-thumbnail","6":"product_cat-buhar-jeneratorleri-nemlendiriciler","7":"product_cat-nordmann-condair-nemlendirici-urunleri","9":"first","10":"instock","11":"shipping-taxable","12":"product-type-simple"},"yoast_head":"<!-- This site is optimized with the Yoast SEO Premium plugin v23.2 (Yoast SEO v23.2) - https:\/\/yoast.com\/wordpress\/plugins\/seo\/ -->\n<title>Nordmann AT3000 Buharl\u0131 Nemlendirici | Barrsell End\u00fcstri<\/title>\n<meta name=\"description\" content=\"Nordmann AT3000 Buharl\u0131 Nemlendirici, b\u00fcy\u00fck \u00f6l\u00e7ekli end\u00fcstriyel ve ticari alanlar i\u00e7in tasarlanm\u0131\u015f, y\u00fcksek kapasiteli bir nemlendirme cihaz\u0131d\u0131r.\" \/>\n<meta name=\"robots\" content=\"index, follow, max-snippet:-1, max-image-preview:large, max-video-preview:-1\" \/>\n<link rel=\"canonical\" href=\"https:\/\/barrsell.com\/en\/product\/nordmann-at3000-steam-humidifier\/\" \/>\n<meta property=\"og:locale\" content=\"en_US\" \/>\n<meta property=\"og:type\" content=\"article\" \/>\n<meta property=\"og:title\" content=\"Nordmann AT3000 Buharl\u0131 Nemlendirici\" \/>\n<meta property=\"og:description\" content=\"Nordmann AT3000 Buharl\u0131 Nemlendirici, b\u00fcy\u00fck \u00f6l\u00e7ekli end\u00fcstriyel ve ticari alanlar i\u00e7in tasarlanm\u0131\u015f, y\u00fcksek kapasiteli bir nemlendirme cihaz\u0131d\u0131r.\" \/>\n<meta property=\"og:url\" content=\"https:\/\/barrsell.com\/en\/product\/nordmann-at3000-steam-humidifier\/\" \/>\n<meta property=\"og:site_name\" content=\"Barrsell\" \/>\n<meta property=\"article:modified_time\" content=\"2025-01-07T08:33:41+00:00\" \/>\n<meta property=\"og:image\" content=\"https:\/\/barrsell.com\/wp-content\/uploads\/2024\/08\/Nordmann-AT3000-Buharli-Nemlendirici-1.png\" \/>\n\t<meta property=\"og:image:width\" content=\"1200\" \/>\n\t<meta property=\"og:image:height\" content=\"1200\" \/>\n\t<meta property=\"og:image:type\" content=\"image\/png\" \/>\n<meta name=\"twitter:card\" content=\"summary_large_image\" \/>\n<meta name=\"twitter:label1\" content=\"Est. reading time\" \/>\n\t<meta name=\"twitter:data1\" content=\"1 minute\" \/>\n<script type=\"application\/ld+json\" class=\"yoast-schema-graph\">{\"@context\":\"https:\/\/schema.org\",\"@graph\":[{\"@type\":\"WebPage\",\"@id\":\"https:\/\/barrsell.com\/urun\/nordmann-at3000-buharli-nemlendirici\/\",\"url\":\"https:\/\/barrsell.com\/urun\/nordmann-at3000-buharli-nemlendirici\/\",\"name\":\"Nordmann AT3000 Buharl\u0131 Nemlendirici | Barrsell End\u00fcstri\",\"isPartOf\":{\"@id\":\"https:\/\/barrsell.com\/#website\"},\"primaryImageOfPage\":{\"@id\":\"https:\/\/barrsell.com\/urun\/nordmann-at3000-buharli-nemlendirici\/#primaryimage\"},\"image\":{\"@id\":\"https:\/\/barrsell.com\/urun\/nordmann-at3000-buharli-nemlendirici\/#primaryimage\"},\"thumbnailUrl\":\"https:\/\/barrsell.com\/wp-content\/uploads\/2024\/08\/Nordmann-AT3000-Buharli-Nemlendirici-1.png\",\"datePublished\":\"2024-08-19T14:50:30+00:00\",\"dateModified\":\"2025-01-07T08:33:41+00:00\",\"description\":\"Nordmann AT3000 Buharl\u0131 Nemlendirici, b\u00fcy\u00fck \u00f6l\u00e7ekli end\u00fcstriyel ve ticari alanlar i\u00e7in tasarlanm\u0131\u015f, y\u00fcksek kapasiteli bir nemlendirme cihaz\u0131d\u0131r.\",\"breadcrumb\":{\"@id\":\"https:\/\/barrsell.com\/urun\/nordmann-at3000-buharli-nemlendirici\/#breadcrumb\"},\"inLanguage\":\"en-US\",\"potentialAction\":[{\"@type\":\"ReadAction\",\"target\":[\"https:\/\/barrsell.com\/urun\/nordmann-at3000-buharli-nemlendirici\/\"]}]},{\"@type\":\"ImageObject\",\"inLanguage\":\"en-US\",\"@id\":\"https:\/\/barrsell.com\/urun\/nordmann-at3000-buharli-nemlendirici\/#primaryimage\",\"url\":\"https:\/\/barrsell.com\/wp-content\/uploads\/2024\/08\/Nordmann-AT3000-Buharli-Nemlendirici-1.png\",\"contentUrl\":\"https:\/\/barrsell.com\/wp-content\/uploads\/2024\/08\/Nordmann-AT3000-Buharli-Nemlendirici-1.png\",\"width\":1200,\"height\":1200,\"caption\":\"Nordmann AT3000 Buharl\u0131 Nemlendirici-1\"},{\"@type\":\"BreadcrumbList\",\"@id\":\"https:\/\/barrsell.com\/urun\/nordmann-at3000-buharli-nemlendirici\/#breadcrumb\",\"itemListElement\":[{\"@type\":\"ListItem\",\"position\":1,\"name\":\"Home\",\"item\":\"https:\/\/barrsell.com\/\"},{\"@type\":\"ListItem\",\"position\":2,\"name\":\"\u00dcr\u00fcnler\",\"item\":\"https:\/\/barrsell.com\/en\/products\/\"},{\"@type\":\"ListItem\",\"position\":3,\"name\":\"Nordmann AT3000 Buharl\u0131 Nemlendirici\"}]},{\"@type\":\"WebSite\",\"@id\":\"https:\/\/barrsell.com\/#website\",\"url\":\"https:\/\/barrsell.com\/\",\"name\":\"Barrsell End\u00fcstri Makine\",\"description\":\"Teknolojiyle G\u00fc\u00e7lenen End\u00fcstriyel \u00c7\u00f6z\u00fcmler!\",\"potentialAction\":[{\"@type\":\"SearchAction\",\"target\":{\"@type\":\"EntryPoint\",\"urlTemplate\":\"https:\/\/barrsell.com\/?s={search_term_string}\"},\"query-input\":\"required name=search_term_string\"}],\"inLanguage\":\"en-US\"}]}<\/script>\n<!-- \/ Yoast SEO Premium plugin. -->","yoast_head_json":{"title":"Nordmann AT3000 Buharl\u0131 Nemlendirici | Barrsell End\u00fcstri","description":"Nordmann AT3000 Buharl\u0131 Nemlendirici, b\u00fcy\u00fck \u00f6l\u00e7ekli end\u00fcstriyel ve ticari alanlar i\u00e7in tasarlanm\u0131\u015f, y\u00fcksek kapasiteli bir nemlendirme cihaz\u0131d\u0131r.","robots":{"index":"index","follow":"follow","max-snippet":"max-snippet:-1","max-image-preview":"max-image-preview:large","max-video-preview":"max-video-preview:-1"},"canonical":"https:\/\/barrsell.com\/en\/product\/nordmann-at3000-steam-humidifier\/","og_locale":"en_US","og_type":"article","og_title":"Nordmann AT3000 Buharl\u0131 Nemlendirici","og_description":"Nordmann AT3000 Buharl\u0131 Nemlendirici, b\u00fcy\u00fck \u00f6l\u00e7ekli end\u00fcstriyel ve ticari alanlar i\u00e7in tasarlanm\u0131\u015f, y\u00fcksek kapasiteli bir nemlendirme cihaz\u0131d\u0131r.","og_url":"https:\/\/barrsell.com\/en\/product\/nordmann-at3000-steam-humidifier\/","og_site_name":"Barrsell","article_modified_time":"2025-01-07T08:33:41+00:00","og_image":[{"width":1200,"height":1200,"url":"https:\/\/barrsell.com\/wp-content\/uploads\/2024\/08\/Nordmann-AT3000-Buharli-Nemlendirici-1.png","type":"image\/png"}],"twitter_card":"summary_large_image","twitter_misc":{"Est. reading time":"1 minute"},"schema":{"@context":"https:\/\/schema.org","@graph":[{"@type":"WebPage","@id":"https:\/\/barrsell.com\/urun\/nordmann-at3000-buharli-nemlendirici\/","url":"https:\/\/barrsell.com\/urun\/nordmann-at3000-buharli-nemlendirici\/","name":"Nordmann AT3000 Buharl\u0131 Nemlendirici | Barrsell End\u00fcstri","isPartOf":{"@id":"https:\/\/barrsell.com\/#website"},"primaryImageOfPage":{"@id":"https:\/\/barrsell.com\/urun\/nordmann-at3000-buharli-nemlendirici\/#primaryimage"},"image":{"@id":"https:\/\/barrsell.com\/urun\/nordmann-at3000-buharli-nemlendirici\/#primaryimage"},"thumbnailUrl":"https:\/\/barrsell.com\/wp-content\/uploads\/2024\/08\/Nordmann-AT3000-Buharli-Nemlendirici-1.png","datePublished":"2024-08-19T14:50:30+00:00","dateModified":"2025-01-07T08:33:41+00:00","description":"Nordmann AT3000 Buharl\u0131 Nemlendirici, b\u00fcy\u00fck \u00f6l\u00e7ekli end\u00fcstriyel ve ticari alanlar i\u00e7in tasarlanm\u0131\u015f, y\u00fcksek kapasiteli bir nemlendirme cihaz\u0131d\u0131r.","breadcrumb":{"@id":"https:\/\/barrsell.com\/urun\/nordmann-at3000-buharli-nemlendirici\/#breadcrumb"},"inLanguage":"en-US","potentialAction":[{"@type":"ReadAction","target":["https:\/\/barrsell.com\/urun\/nordmann-at3000-buharli-nemlendirici\/"]}]},{"@type":"ImageObject","inLanguage":"en-US","@id":"https:\/\/barrsell.com\/urun\/nordmann-at3000-buharli-nemlendirici\/#primaryimage","url":"https:\/\/barrsell.com\/wp-content\/uploads\/2024\/08\/Nordmann-AT3000-Buharli-Nemlendirici-1.png","contentUrl":"https:\/\/barrsell.com\/wp-content\/uploads\/2024\/08\/Nordmann-AT3000-Buharli-Nemlendirici-1.png","width":1200,"height":1200,"caption":"Nordmann AT3000 Buharl\u0131 Nemlendirici-1"},{"@type":"BreadcrumbList","@id":"https:\/\/barrsell.com\/urun\/nordmann-at3000-buharli-nemlendirici\/#breadcrumb","itemListElement":[{"@type":"ListItem","position":1,"name":"Home","item":"https:\/\/barrsell.com\/"},{"@type":"ListItem","position":2,"name":"\u00dcr\u00fcnler","item":"https:\/\/barrsell.com\/en\/products\/"},{"@type":"ListItem","position":3,"name":"Nordmann AT3000 Buharl\u0131 Nemlendirici"}]},{"@type":"WebSite","@id":"https:\/\/barrsell.com\/#website","url":"https:\/\/barrsell.com\/","name":"Barrsell End\u00fcstri Makine","description":"Teknolojiyle G\u00fc\u00e7lenen End\u00fcstriyel \u00c7\u00f6z\u00fcmler!","potentialAction":[{"@type":"SearchAction","target":{"@type":"EntryPoint","urlTemplate":"https:\/\/barrsell.com\/?s={search_term_string}"},"query-input":"required name=search_term_string"}],"inLanguage":"en-US"}]}},"_links":{"self":[{"href":"https:\/\/barrsell.com\/en\/wp-json\/wp\/v2\/product\/12381","targetHints":{"allow":["GET"]}}],"collection":[{"href":"https:\/\/barrsell.com\/en\/wp-json\/wp\/v2\/product"}],"about":[{"href":"https:\/\/barrsell.com\/en\/wp-json\/wp\/v2\/types\/product"}],"version-history":[{"count":5,"href":"https:\/\/barrsell.com\/en\/wp-json\/wp\/v2\/product\/12381\/revisions"}],"predecessor-version":[{"id":19911,"href":"https:\/\/barrsell.com\/en\/wp-json\/wp\/v2\/product\/12381\/revisions\/19911"}],"wp:featuredmedia":[{"embeddable":true,"href":"https:\/\/barrsell.com\/en\/wp-json\/wp\/v2\/media\/19908"}],"wp:attachment":[{"href":"https:\/\/barrsell.com\/en\/wp-json\/wp\/v2\/media?parent=12381"}],"wp:term":[{"taxonomy":"product_cat","embeddable":true,"href":"https:\/\/barrsell.com\/en\/wp-json\/wp\/v2\/product_cat?post=12381"},{"taxonomy":"product_tag","embeddable":true,"href":"https:\/\/barrsell.com\/en\/wp-json\/wp\/v2\/product_tag?post=12381"}],"curies":[{"name":"wp","href":"https:\/\/api.w.org\/{rel}","templated":true}]}}